{"id":14549,"date":"2022-08-18T15:15:03","date_gmt":"2022-08-18T20:15:03","guid":{"rendered":"https:\/\/www.mexicanguitarplayers.com\/tienda\/sin%20categor\u00eda\/audifonos-fonestar-estereo-fa-260\/"},"modified":"2024-11-21T23:32:34","modified_gmt":"2024-11-22T05:32:34","slug":"audifonos-fonestar-estereo-fa-260","status":"publish","type":"product","link":"https:\/\/www.mexicanguitarplayers.com\/en\/tienda\/audio\/audifonos\/audifono-alambrico\/audifonos-hifi\/audifonos-fonestar-estereo-fa-260\/","title":{"rendered":"HEADPHONES FONESTAR STEREO FA-260"},"content":{"rendered":"<div style=\"text-align: justify\">\n<div>\n<h3>HEADPHONES FONESTAR STEREO FA-260<\/h3>\n<\/div>\n<div>Mini stereo headphones with flexible cushion for general use, ergonomic, frequency response: 40 \u2013 16,000 Hz, impedance: 4 \u2013 32 ohms, sensitivity: 95 dB at 1 kHz \u00b13 dB, 11.5 mm mylar drivers with ferrite magnet, One meter cable, 3.5mm stereo angled jack plug.<\/div>\n<\/div>","protected":false},"excerpt":{"rendered":"<p>Mini aud\u00edfonos est\u00e9reo con almohadilla flexible para usos generales, ergon\u00f3micos, respuesta de frecuencia: 40 &#8211; 16,000 Hz, impedancia: 4 &#8211; 32 ohms, sensibilidad: 95 dB a 1 kHz \u00b13 dB, altavoces de 11.5 mm de mylar con im\u00e1n de ferrita, cablede un metro, conector jack angulado de 3.5 mm est\u00e9reo.&hellip; <a class=\"kt-excerpt-readmore more-link\" href=\"https:\/\/www.mexicanguitarplayers.com\/en\/tienda\/audio\/audifonos\/audifono-alambrico\/audifonos-hifi\/audifonos-fonestar-estereo-fa-260\/\">Read more<\/a><\/p>","protected":false},"featured_media":14548,"comment_status":"open","ping_status":"closed","template":"","meta":{"kt_blocks_editor_width":""},"pwb-brand":[487],"product_brand":[],"product_cat":[506,505,516,213],"product_tag":[],"class_list":{"0":"post-14549","1":"product","2":"type-product","3":"status-publish","4":"has-post-thumbnail","6":"pwb-brand-fonestar","7":"product_cat-audifono-alambrico","8":"product_cat-audifonos","9":"product_cat-audifonos-hifi","10":"product_cat-audio","11":"product_shipping_class-0-5-kg","13":"first","14":"outofstock","15":"taxable","16":"shipping-taxable","17":"purchasable","18":"product-type-simple"},"yoast_head":"<!-- This site is optimized with the Yoast SEO plugin v27.5 - https:\/\/yoast.com\/product\/yoast-seo-wordpress\/ -->\n<title>AUDIFONOS FONESTAR ESTEREO FA-260 - Mexican Guitar Players<\/title>\n<meta name=\"description\" content=\"AUDIFONOS FONESTAR ESTEREO FA-260. Mini aud\u00edfonos est\u00e9reo con almohadilla flexible para usos generales, ergon\u00f3micos, respuesta de frecuencia: 40 - 16,000 Hz, impedancia: 4 - 32 ohms, sensibilidad: 95 dB a 1 kHz \u00b13 dB, altavoces de 11.5 mm de mylar con im\u00e1n de ferrita, cablede un metro, conector jack angulado de 3.5 mm est\u00e9reo.\" \/>\n<meta name=\"robots\" content=\"index, follow, max-snippet:-1, max-image-preview:large, max-video-preview:-1\" \/>\n<link rel=\"canonical\" href=\"https:\/\/www.mexicanguitarplayers.com\/en\/tienda\/audio\/audifonos\/audifono-alambrico\/audifonos-hifi\/audifonos-fonestar-estereo-fa-260\/\" \/>\n<meta property=\"og:locale\" content=\"en_US\" \/>\n<meta property=\"og:type\" content=\"article\" \/>\n<meta property=\"og:title\" content=\"AUDIFONOS FONESTAR ESTEREO FA-260 - Mexican Guitar Players\" \/>\n<meta property=\"og:description\" content=\"AUDIFONOS FONESTAR ESTEREO FA-260. Mini aud\u00edfonos est\u00e9reo con almohadilla flexible para usos generales, ergon\u00f3micos, respuesta de frecuencia: 40 - 16,000 Hz, impedancia: 4 - 32 ohms, sensibilidad: 95 dB a 1 kHz \u00b13 dB, altavoces de 11.5 mm de mylar con im\u00e1n de ferrita, cablede un metro, conector jack angulado de 3.5 mm est\u00e9reo.\" \/>\n<meta property=\"og:url\" content=\"https:\/\/www.mexicanguitarplayers.com\/en\/tienda\/audio\/audifonos\/audifono-alambrico\/audifonos-hifi\/audifonos-fonestar-estereo-fa-260\/\" \/>\n<meta property=\"og:site_name\" content=\"Mexican Guitar Players\" \/>\n<meta property=\"article:modified_time\" content=\"2024-11-22T05:32:34+00:00\" \/>\n<meta property=\"og:image\" content=\"https:\/\/www.mexicanguitarplayers.com\/wp-content\/uploads\/2022\/08\/VAFONFA260.jpg\" \/>\n\t<meta property=\"og:image:width\" content=\"800\" \/>\n\t<meta property=\"og:image:height\" content=\"1600\" \/>\n\t<meta property=\"og:image:type\" content=\"image\/jpeg\" \/>\n<meta name=\"twitter:card\" content=\"summary_large_image\" \/>\n<script type=\"application\/ld+json\" class=\"yoast-schema-graph\">{\"@context\":\"https:\\\/\\\/schema.org\",\"@graph\":[{\"@type\":[\"WebPage\",\"ItemPage\"],\"@id\":\"https:\\\/\\\/www.mexicanguitarplayers.com\\\/tienda\\\/audio\\\/audifonos\\\/audifono-alambrico\\\/audifonos-hifi\\\/audifonos-fonestar-estereo-fa-260\\\/\",\"url\":\"https:\\\/\\\/www.mexicanguitarplayers.com\\\/tienda\\\/audio\\\/audifonos\\\/audifono-alambrico\\\/audifonos-hifi\\\/audifonos-fonestar-estereo-fa-260\\\/\",\"name\":\"AUDIFONOS FONESTAR ESTEREO FA-260 - Mexican Guitar Players\",\"isPartOf\":{\"@id\":\"https:\\\/\\\/www.mexicanguitarplayers.com\\\/#website\"},\"primaryImageOfPage\":{\"@id\":\"https:\\\/\\\/www.mexicanguitarplayers.com\\\/tienda\\\/audio\\\/audifonos\\\/audifono-alambrico\\\/audifonos-hifi\\\/audifonos-fonestar-estereo-fa-260\\\/#primaryimage\"},\"image\":{\"@id\":\"https:\\\/\\\/www.mexicanguitarplayers.com\\\/tienda\\\/audio\\\/audifonos\\\/audifono-alambrico\\\/audifonos-hifi\\\/audifonos-fonestar-estereo-fa-260\\\/#primaryimage\"},\"thumbnailUrl\":\"https:\\\/\\\/www.mexicanguitarplayers.com\\\/wp-content\\\/uploads\\\/2022\\\/08\\\/VAFONFA260.jpg\",\"datePublished\":\"2022-08-18T20:15:03+00:00\",\"dateModified\":\"2024-11-22T05:32:34+00:00\",\"description\":\"AUDIFONOS FONESTAR ESTEREO FA-260. Mini aud\u00edfonos est\u00e9reo con almohadilla flexible para usos generales, ergon\u00f3micos, respuesta de frecuencia: 40 - 16,000 Hz, impedancia: 4 - 32 ohms, sensibilidad: 95 dB a 1 kHz \u00b13 dB, altavoces de 11.5 mm de mylar con im\u00e1n de ferrita, cablede un metro, conector jack angulado de 3.5 mm est\u00e9reo.\",\"breadcrumb\":{\"@id\":\"https:\\\/\\\/www.mexicanguitarplayers.com\\\/tienda\\\/audio\\\/audifonos\\\/audifono-alambrico\\\/audifonos-hifi\\\/audifonos-fonestar-estereo-fa-260\\\/#breadcrumb\"},\"inLanguage\":\"en-US\",\"potentialAction\":[{\"@type\":\"ReadAction\",\"target\":[\"https:\\\/\\\/www.mexicanguitarplayers.com\\\/tienda\\\/audio\\\/audifonos\\\/audifono-alambrico\\\/audifonos-hifi\\\/audifonos-fonestar-estereo-fa-260\\\/\"]}]},{\"@type\":\"ImageObject\",\"inLanguage\":\"en-US\",\"@id\":\"https:\\\/\\\/www.mexicanguitarplayers.com\\\/tienda\\\/audio\\\/audifonos\\\/audifono-alambrico\\\/audifonos-hifi\\\/audifonos-fonestar-estereo-fa-260\\\/#primaryimage\",\"url\":\"https:\\\/\\\/www.mexicanguitarplayers.com\\\/wp-content\\\/uploads\\\/2022\\\/08\\\/VAFONFA260.jpg\",\"contentUrl\":\"https:\\\/\\\/www.mexicanguitarplayers.com\\\/wp-content\\\/uploads\\\/2022\\\/08\\\/VAFONFA260.jpg\",\"width\":800,\"height\":1600},{\"@type\":\"BreadcrumbList\",\"@id\":\"https:\\\/\\\/www.mexicanguitarplayers.com\\\/tienda\\\/audio\\\/audifonos\\\/audifono-alambrico\\\/audifonos-hifi\\\/audifonos-fonestar-estereo-fa-260\\\/#breadcrumb\",\"itemListElement\":[{\"@type\":\"ListItem\",\"position\":1,\"name\":\"Portada\",\"item\":\"https:\\\/\\\/www.mexicanguitarplayers.com\\\/\"},{\"@type\":\"ListItem\",\"position\":2,\"name\":\"Tienda\",\"item\":\"https:\\\/\\\/www.mexicanguitarplayers.com\\\/tienda\\\/\"},{\"@type\":\"ListItem\",\"position\":3,\"name\":\"AUDIFONOS FONESTAR ESTEREO FA-260\"}]},{\"@type\":\"WebSite\",\"@id\":\"https:\\\/\\\/www.mexicanguitarplayers.com\\\/#website\",\"url\":\"https:\\\/\\\/www.mexicanguitarplayers.com\\\/\",\"name\":\"Mexican Guitar Players\",\"description\":\"Website\",\"publisher\":{\"@id\":\"https:\\\/\\\/www.mexicanguitarplayers.com\\\/#organization\"},\"potentialAction\":[{\"@type\":\"SearchAction\",\"target\":{\"@type\":\"EntryPoint\",\"urlTemplate\":\"https:\\\/\\\/www.mexicanguitarplayers.com\\\/?s={search_term_string}\"},\"query-input\":{\"@type\":\"PropertyValueSpecification\",\"valueRequired\":true,\"valueName\":\"search_term_string\"}}],\"inLanguage\":\"en-US\"},{\"@type\":\"Organization\",\"@id\":\"https:\\\/\\\/www.mexicanguitarplayers.com\\\/#organization\",\"name\":\"Mexican Guitar Players\",\"url\":\"https:\\\/\\\/www.mexicanguitarplayers.com\\\/\",\"logo\":{\"@type\":\"ImageObject\",\"inLanguage\":\"en-US\",\"@id\":\"https:\\\/\\\/www.mexicanguitarplayers.com\\\/#\\\/schema\\\/logo\\\/image\\\/\",\"url\":\"\",\"contentUrl\":\"\",\"caption\":\"Mexican Guitar Players\"},\"image\":{\"@id\":\"https:\\\/\\\/www.mexicanguitarplayers.com\\\/#\\\/schema\\\/logo\\\/image\\\/\"}}]}<\/script>\n<!-- \/ Yoast SEO plugin. -->","yoast_head_json":{"title":"AUDIFONOS FONESTAR ESTEREO FA-260 - Mexican Guitar Players","description":"AUDIFONOS FONESTAR ESTEREO FA-260. Mini aud\u00edfonos est\u00e9reo con almohadilla flexible para usos generales, ergon\u00f3micos, respuesta de frecuencia: 40 - 16,000 Hz, impedancia: 4 - 32 ohms, sensibilidad: 95 dB a 1 kHz \u00b13 dB, altavoces de 11.5 mm de mylar con im\u00e1n de ferrita, cablede un metro, conector jack angulado de 3.5 mm est\u00e9reo.","robots":{"index":"index","follow":"follow","max-snippet":"max-snippet:-1","max-image-preview":"max-image-preview:large","max-video-preview":"max-video-preview:-1"},"canonical":"https:\/\/www.mexicanguitarplayers.com\/en\/tienda\/audio\/audifonos\/audifono-alambrico\/audifonos-hifi\/audifonos-fonestar-estereo-fa-260\/","og_locale":"en_US","og_type":"article","og_title":"AUDIFONOS FONESTAR ESTEREO FA-260 - Mexican Guitar Players","og_description":"AUDIFONOS FONESTAR ESTEREO FA-260. Mini aud\u00edfonos est\u00e9reo con almohadilla flexible para usos generales, ergon\u00f3micos, respuesta de frecuencia: 40 - 16,000 Hz, impedancia: 4 - 32 ohms, sensibilidad: 95 dB a 1 kHz \u00b13 dB, altavoces de 11.5 mm de mylar con im\u00e1n de ferrita, cablede un metro, conector jack angulado de 3.5 mm est\u00e9reo.","og_url":"https:\/\/www.mexicanguitarplayers.com\/en\/tienda\/audio\/audifonos\/audifono-alambrico\/audifonos-hifi\/audifonos-fonestar-estereo-fa-260\/","og_site_name":"Mexican Guitar Players","article_modified_time":"2024-11-22T05:32:34+00:00","og_image":[{"width":800,"height":1600,"url":"https:\/\/www.mexicanguitarplayers.com\/wp-content\/uploads\/2022\/08\/VAFONFA260.jpg","type":"image\/jpeg"}],"twitter_card":"summary_large_image","schema":{"@context":"https:\/\/schema.org","@graph":[{"@type":["WebPage","ItemPage"],"@id":"https:\/\/www.mexicanguitarplayers.com\/tienda\/audio\/audifonos\/audifono-alambrico\/audifonos-hifi\/audifonos-fonestar-estereo-fa-260\/","url":"https:\/\/www.mexicanguitarplayers.com\/tienda\/audio\/audifonos\/audifono-alambrico\/audifonos-hifi\/audifonos-fonestar-estereo-fa-260\/","name":"AUDIFONOS FONESTAR ESTEREO FA-260 - Mexican Guitar Players","isPartOf":{"@id":"https:\/\/www.mexicanguitarplayers.com\/#website"},"primaryImageOfPage":{"@id":"https:\/\/www.mexicanguitarplayers.com\/tienda\/audio\/audifonos\/audifono-alambrico\/audifonos-hifi\/audifonos-fonestar-estereo-fa-260\/#primaryimage"},"image":{"@id":"https:\/\/www.mexicanguitarplayers.com\/tienda\/audio\/audifonos\/audifono-alambrico\/audifonos-hifi\/audifonos-fonestar-estereo-fa-260\/#primaryimage"},"thumbnailUrl":"https:\/\/www.mexicanguitarplayers.com\/wp-content\/uploads\/2022\/08\/VAFONFA260.jpg","datePublished":"2022-08-18T20:15:03+00:00","dateModified":"2024-11-22T05:32:34+00:00","description":"AUDIFONOS FONESTAR ESTEREO FA-260. Mini aud\u00edfonos est\u00e9reo con almohadilla flexible para usos generales, ergon\u00f3micos, respuesta de frecuencia: 40 - 16,000 Hz, impedancia: 4 - 32 ohms, sensibilidad: 95 dB a 1 kHz \u00b13 dB, altavoces de 11.5 mm de mylar con im\u00e1n de ferrita, cablede un metro, conector jack angulado de 3.5 mm est\u00e9reo.","breadcrumb":{"@id":"https:\/\/www.mexicanguitarplayers.com\/tienda\/audio\/audifonos\/audifono-alambrico\/audifonos-hifi\/audifonos-fonestar-estereo-fa-260\/#breadcrumb"},"inLanguage":"en-US","potentialAction":[{"@type":"ReadAction","target":["https:\/\/www.mexicanguitarplayers.com\/tienda\/audio\/audifonos\/audifono-alambrico\/audifonos-hifi\/audifonos-fonestar-estereo-fa-260\/"]}]},{"@type":"ImageObject","inLanguage":"en-US","@id":"https:\/\/www.mexicanguitarplayers.com\/tienda\/audio\/audifonos\/audifono-alambrico\/audifonos-hifi\/audifonos-fonestar-estereo-fa-260\/#primaryimage","url":"https:\/\/www.mexicanguitarplayers.com\/wp-content\/uploads\/2022\/08\/VAFONFA260.jpg","contentUrl":"https:\/\/www.mexicanguitarplayers.com\/wp-content\/uploads\/2022\/08\/VAFONFA260.jpg","width":800,"height":1600},{"@type":"BreadcrumbList","@id":"https:\/\/www.mexicanguitarplayers.com\/tienda\/audio\/audifonos\/audifono-alambrico\/audifonos-hifi\/audifonos-fonestar-estereo-fa-260\/#breadcrumb","itemListElement":[{"@type":"ListItem","position":1,"name":"Portada","item":"https:\/\/www.mexicanguitarplayers.com\/"},{"@type":"ListItem","position":2,"name":"Tienda","item":"https:\/\/www.mexicanguitarplayers.com\/tienda\/"},{"@type":"ListItem","position":3,"name":"AUDIFONOS FONESTAR ESTEREO FA-260"}]},{"@type":"WebSite","@id":"https:\/\/www.mexicanguitarplayers.com\/#website","url":"https:\/\/www.mexicanguitarplayers.com\/","name":"Mexican Guitar Players","description":"Website","publisher":{"@id":"https:\/\/www.mexicanguitarplayers.com\/#organization"},"potentialAction":[{"@type":"SearchAction","target":{"@type":"EntryPoint","urlTemplate":"https:\/\/www.mexicanguitarplayers.com\/?s={search_term_string}"},"query-input":{"@type":"PropertyValueSpecification","valueRequired":true,"valueName":"search_term_string"}}],"inLanguage":"en-US"},{"@type":"Organization","@id":"https:\/\/www.mexicanguitarplayers.com\/#organization","name":"Mexican Guitar Players","url":"https:\/\/www.mexicanguitarplayers.com\/","logo":{"@type":"ImageObject","inLanguage":"en-US","@id":"https:\/\/www.mexicanguitarplayers.com\/#\/schema\/logo\/image\/","url":"","contentUrl":"","caption":"Mexican Guitar Players"},"image":{"@id":"https:\/\/www.mexicanguitarplayers.com\/#\/schema\/logo\/image\/"}}]}},"brands":[{"id":487,"name":"FONESTAR","slug":"fonestar"}],"_links":{"self":[{"href":"https:\/\/www.mexicanguitarplayers.com\/en\/wp-json\/wp\/v2\/product\/14549","targetHints":{"allow":["GET"]}}],"collection":[{"href":"https:\/\/www.mexicanguitarplayers.com\/en\/wp-json\/wp\/v2\/product"}],"about":[{"href":"https:\/\/www.mexicanguitarplayers.com\/en\/wp-json\/wp\/v2\/types\/product"}],"replies":[{"embeddable":true,"href":"https:\/\/www.mexicanguitarplayers.com\/en\/wp-json\/wp\/v2\/comments?post=14549"}],"wp:featuredmedia":[{"embeddable":true,"href":"https:\/\/www.mexicanguitarplayers.com\/en\/wp-json\/wp\/v2\/media\/14548"}],"wp:attachment":[{"href":"https:\/\/www.mexicanguitarplayers.com\/en\/wp-json\/wp\/v2\/media?parent=14549"}],"wp:term":[{"taxonomy":"pwb-brand","embeddable":true,"href":"https:\/\/www.mexicanguitarplayers.com\/en\/wp-json\/wp\/v2\/pwb-brand?post=14549"},{"taxonomy":"product_brand","embeddable":true,"href":"https:\/\/www.mexicanguitarplayers.com\/en\/wp-json\/wp\/v2\/product_brand?post=14549"},{"taxonomy":"product_cat","embeddable":true,"href":"https:\/\/www.mexicanguitarplayers.com\/en\/wp-json\/wp\/v2\/product_cat?post=14549"},{"taxonomy":"product_tag","embeddable":true,"href":"https:\/\/www.mexicanguitarplayers.com\/en\/wp-json\/wp\/v2\/product_tag?post=14549"}],"curies":[{"name":"wp","href":"https:\/\/api.w.org\/{rel}","templated":true}]}}