{"id":14578,"date":"2022-08-18T15:15:47","date_gmt":"2022-08-18T20:15:47","guid":{"rendered":"https:\/\/www.mexicanguitarplayers.com\/tienda\/sin%20categor\u00eda\/audifonos-fonestar-estereo-fa-598bl\/"},"modified":"2026-03-02T04:35:48","modified_gmt":"2026-03-02T10:35:48","slug":"audifonos-fonestar-estereo-fa-598bl","status":"publish","type":"product","link":"https:\/\/www.mexicanguitarplayers.com\/en\/tienda\/audio\/audifonos\/audifono-alambrico\/audifonos-hifi\/audifonos-fonestar-estereo-fa-598bl\/","title":{"rendered":"FONESTAR STEREO HEADPHONES FA-598BL"},"content":{"rendered":"<div style=\"text-align: justify\">\n<div>\n<h3>FONESTAR STEREO HEADPHONES FA-598BL<\/h3>\n<\/div>\n<div>Hi-Fi stereo headphones, light and attractive design, white and pink colour, adjustable headband, frequency response: 20 \u2013 20 kHz, impedance: 32 ohms, power: 100 mW maximum, sensitivity: 105 dB, 40 mm speakers, cable 1.2 meters, 3.5 mm stereo jack plug.<\/div>\n<\/div>","protected":false},"excerpt":{"rendered":"<p>Aud\u00edfonos est\u00e9reo Hi-Fi, dise\u00f1o ligero y atractivo, color blanco y rosa, diademaajustable, respuesta de frecuencia: 20 &#8211; 20 kHz, impedancia: 32 ohms, potencia:100 mW m\u00e1ximo, sensibilidad: 105 dB, altavoces de 40 mm, cable de 1.2 metros, conector jack est\u00e9reo de 3.5 mm.&hellip; <a class=\"kt-excerpt-readmore more-link\" href=\"https:\/\/www.mexicanguitarplayers.com\/en\/tienda\/audio\/audifonos\/audifono-alambrico\/audifonos-hifi\/audifonos-fonestar-estereo-fa-598bl\/\">Read more<\/a><\/p>","protected":false},"featured_media":14576,"comment_status":"open","ping_status":"closed","template":"","meta":{"kt_blocks_editor_width":""},"pwb-brand":[487],"product_brand":[],"product_cat":[506,505,516,213],"product_tag":[],"class_list":{"0":"post-14578","1":"product","2":"type-product","3":"status-publish","4":"has-post-thumbnail","6":"pwb-brand-fonestar","7":"product_cat-audifono-alambrico","8":"product_cat-audifonos","9":"product_cat-audifonos-hifi","10":"product_cat-audio","11":"product_shipping_class-0-5-kg","13":"first","14":"outofstock","15":"taxable","16":"shipping-taxable","17":"purchasable","18":"product-type-simple"},"yoast_head":"<!-- This site is optimized with the Yoast SEO plugin v27.3 - https:\/\/yoast.com\/product\/yoast-seo-wordpress\/ -->\n<title>AUDIFONOS FONESTAR ESTEREO FA-598BL - Mexican Guitar Players<\/title>\n<meta name=\"description\" content=\"AUDIFONOS FONESTAR ESTEREO FA-598BL. Aud\u00edfonos est\u00e9reo Hi-Fi, dise\u00f1o ligero y atractivo, color blanco y rosa, diademaajustable, respuesta de frecuencia: 20 - 20 kHz, impedancia: 32 ohms, potencia:100 mW m\u00e1ximo, sensibilidad: 105 dB, altavoces de 40 mm, cable de 1.2 metros, conector jack est\u00e9reo de 3.5 mm.\" \/>\n<meta name=\"robots\" content=\"index, follow, max-snippet:-1, max-image-preview:large, max-video-preview:-1\" \/>\n<link rel=\"canonical\" href=\"https:\/\/www.mexicanguitarplayers.com\/en\/tienda\/audio\/audifonos\/audifono-alambrico\/audifonos-hifi\/audifonos-fonestar-estereo-fa-598bl\/\" \/>\n<meta property=\"og:locale\" content=\"en_US\" \/>\n<meta property=\"og:type\" content=\"article\" \/>\n<meta property=\"og:title\" content=\"AUDIFONOS FONESTAR ESTEREO FA-598BL - Mexican Guitar Players\" \/>\n<meta property=\"og:description\" content=\"AUDIFONOS FONESTAR ESTEREO FA-598BL. Aud\u00edfonos est\u00e9reo Hi-Fi, dise\u00f1o ligero y atractivo, color blanco y rosa, diademaajustable, respuesta de frecuencia: 20 - 20 kHz, impedancia: 32 ohms, potencia:100 mW m\u00e1ximo, sensibilidad: 105 dB, altavoces de 40 mm, cable de 1.2 metros, conector jack est\u00e9reo de 3.5 mm.\" \/>\n<meta property=\"og:url\" content=\"https:\/\/www.mexicanguitarplayers.com\/en\/tienda\/audio\/audifonos\/audifono-alambrico\/audifonos-hifi\/audifonos-fonestar-estereo-fa-598bl\/\" \/>\n<meta property=\"og:site_name\" content=\"Mexican Guitar Players\" \/>\n<meta property=\"article:modified_time\" content=\"2026-03-02T10:35:48+00:00\" \/>\n<meta property=\"og:image\" content=\"https:\/\/www.mexicanguitarplayers.com\/wp-content\/uploads\/2022\/08\/VAFONFA598BL.jpg\" \/>\n\t<meta property=\"og:image:width\" content=\"1200\" \/>\n\t<meta property=\"og:image:height\" content=\"1200\" \/>\n\t<meta property=\"og:image:type\" content=\"image\/jpeg\" \/>\n<meta name=\"twitter:card\" content=\"summary_large_image\" \/>\n<script type=\"application\/ld+json\" class=\"yoast-schema-graph\">{\"@context\":\"https:\\\/\\\/schema.org\",\"@graph\":[{\"@type\":[\"WebPage\",\"ItemPage\"],\"@id\":\"https:\\\/\\\/www.mexicanguitarplayers.com\\\/tienda\\\/audio\\\/audifonos\\\/audifono-alambrico\\\/audifonos-hifi\\\/audifonos-fonestar-estereo-fa-598bl\\\/\",\"url\":\"https:\\\/\\\/www.mexicanguitarplayers.com\\\/tienda\\\/audio\\\/audifonos\\\/audifono-alambrico\\\/audifonos-hifi\\\/audifonos-fonestar-estereo-fa-598bl\\\/\",\"name\":\"AUDIFONOS FONESTAR ESTEREO FA-598BL - Mexican Guitar Players\",\"isPartOf\":{\"@id\":\"https:\\\/\\\/www.mexicanguitarplayers.com\\\/#website\"},\"primaryImageOfPage\":{\"@id\":\"https:\\\/\\\/www.mexicanguitarplayers.com\\\/tienda\\\/audio\\\/audifonos\\\/audifono-alambrico\\\/audifonos-hifi\\\/audifonos-fonestar-estereo-fa-598bl\\\/#primaryimage\"},\"image\":{\"@id\":\"https:\\\/\\\/www.mexicanguitarplayers.com\\\/tienda\\\/audio\\\/audifonos\\\/audifono-alambrico\\\/audifonos-hifi\\\/audifonos-fonestar-estereo-fa-598bl\\\/#primaryimage\"},\"thumbnailUrl\":\"https:\\\/\\\/www.mexicanguitarplayers.com\\\/wp-content\\\/uploads\\\/2022\\\/08\\\/VAFONFA598BL.jpg\",\"datePublished\":\"2022-08-18T20:15:47+00:00\",\"dateModified\":\"2026-03-02T10:35:48+00:00\",\"description\":\"AUDIFONOS FONESTAR ESTEREO FA-598BL. Aud\u00edfonos est\u00e9reo Hi-Fi, dise\u00f1o ligero y atractivo, color blanco y rosa, diademaajustable, respuesta de frecuencia: 20 - 20 kHz, impedancia: 32 ohms, potencia:100 mW m\u00e1ximo, sensibilidad: 105 dB, altavoces de 40 mm, cable de 1.2 metros, conector jack est\u00e9reo de 3.5 mm.\",\"breadcrumb\":{\"@id\":\"https:\\\/\\\/www.mexicanguitarplayers.com\\\/tienda\\\/audio\\\/audifonos\\\/audifono-alambrico\\\/audifonos-hifi\\\/audifonos-fonestar-estereo-fa-598bl\\\/#breadcrumb\"},\"inLanguage\":\"en-US\",\"potentialAction\":[{\"@type\":\"ReadAction\",\"target\":[\"https:\\\/\\\/www.mexicanguitarplayers.com\\\/tienda\\\/audio\\\/audifonos\\\/audifono-alambrico\\\/audifonos-hifi\\\/audifonos-fonestar-estereo-fa-598bl\\\/\"]}]},{\"@type\":\"ImageObject\",\"inLanguage\":\"en-US\",\"@id\":\"https:\\\/\\\/www.mexicanguitarplayers.com\\\/tienda\\\/audio\\\/audifonos\\\/audifono-alambrico\\\/audifonos-hifi\\\/audifonos-fonestar-estereo-fa-598bl\\\/#primaryimage\",\"url\":\"https:\\\/\\\/www.mexicanguitarplayers.com\\\/wp-content\\\/uploads\\\/2022\\\/08\\\/VAFONFA598BL.jpg\",\"contentUrl\":\"https:\\\/\\\/www.mexicanguitarplayers.com\\\/wp-content\\\/uploads\\\/2022\\\/08\\\/VAFONFA598BL.jpg\",\"width\":1200,\"height\":1200},{\"@type\":\"BreadcrumbList\",\"@id\":\"https:\\\/\\\/www.mexicanguitarplayers.com\\\/tienda\\\/audio\\\/audifonos\\\/audifono-alambrico\\\/audifonos-hifi\\\/audifonos-fonestar-estereo-fa-598bl\\\/#breadcrumb\",\"itemListElement\":[{\"@type\":\"ListItem\",\"position\":1,\"name\":\"Portada\",\"item\":\"https:\\\/\\\/www.mexicanguitarplayers.com\\\/\"},{\"@type\":\"ListItem\",\"position\":2,\"name\":\"Tienda\",\"item\":\"https:\\\/\\\/www.mexicanguitarplayers.com\\\/tienda\\\/\"},{\"@type\":\"ListItem\",\"position\":3,\"name\":\"AUDIFONOS FONESTAR ESTEREO FA-598BL\"}]},{\"@type\":\"WebSite\",\"@id\":\"https:\\\/\\\/www.mexicanguitarplayers.com\\\/#website\",\"url\":\"https:\\\/\\\/www.mexicanguitarplayers.com\\\/\",\"name\":\"Mexican Guitar Players\",\"description\":\"Website\",\"publisher\":{\"@id\":\"https:\\\/\\\/www.mexicanguitarplayers.com\\\/#organization\"},\"potentialAction\":[{\"@type\":\"SearchAction\",\"target\":{\"@type\":\"EntryPoint\",\"urlTemplate\":\"https:\\\/\\\/www.mexicanguitarplayers.com\\\/?s={search_term_string}\"},\"query-input\":{\"@type\":\"PropertyValueSpecification\",\"valueRequired\":true,\"valueName\":\"search_term_string\"}}],\"inLanguage\":\"en-US\"},{\"@type\":\"Organization\",\"@id\":\"https:\\\/\\\/www.mexicanguitarplayers.com\\\/#organization\",\"name\":\"Mexican Guitar Players\",\"url\":\"https:\\\/\\\/www.mexicanguitarplayers.com\\\/\",\"logo\":{\"@type\":\"ImageObject\",\"inLanguage\":\"en-US\",\"@id\":\"https:\\\/\\\/www.mexicanguitarplayers.com\\\/#\\\/schema\\\/logo\\\/image\\\/\",\"url\":\"\",\"contentUrl\":\"\",\"caption\":\"Mexican Guitar Players\"},\"image\":{\"@id\":\"https:\\\/\\\/www.mexicanguitarplayers.com\\\/#\\\/schema\\\/logo\\\/image\\\/\"}}]}<\/script>\n<!-- \/ Yoast SEO plugin. -->","yoast_head_json":{"title":"AUDIFONOS FONESTAR ESTEREO FA-598BL - Mexican Guitar Players","description":"AUDIFONOS FONESTAR ESTEREO FA-598BL. Aud\u00edfonos est\u00e9reo Hi-Fi, dise\u00f1o ligero y atractivo, color blanco y rosa, diademaajustable, respuesta de frecuencia: 20 - 20 kHz, impedancia: 32 ohms, potencia:100 mW m\u00e1ximo, sensibilidad: 105 dB, altavoces de 40 mm, cable de 1.2 metros, conector jack est\u00e9reo de 3.5 mm.","robots":{"index":"index","follow":"follow","max-snippet":"max-snippet:-1","max-image-preview":"max-image-preview:large","max-video-preview":"max-video-preview:-1"},"canonical":"https:\/\/www.mexicanguitarplayers.com\/en\/tienda\/audio\/audifonos\/audifono-alambrico\/audifonos-hifi\/audifonos-fonestar-estereo-fa-598bl\/","og_locale":"en_US","og_type":"article","og_title":"AUDIFONOS FONESTAR ESTEREO FA-598BL - Mexican Guitar Players","og_description":"AUDIFONOS FONESTAR ESTEREO FA-598BL. Aud\u00edfonos est\u00e9reo Hi-Fi, dise\u00f1o ligero y atractivo, color blanco y rosa, diademaajustable, respuesta de frecuencia: 20 - 20 kHz, impedancia: 32 ohms, potencia:100 mW m\u00e1ximo, sensibilidad: 105 dB, altavoces de 40 mm, cable de 1.2 metros, conector jack est\u00e9reo de 3.5 mm.","og_url":"https:\/\/www.mexicanguitarplayers.com\/en\/tienda\/audio\/audifonos\/audifono-alambrico\/audifonos-hifi\/audifonos-fonestar-estereo-fa-598bl\/","og_site_name":"Mexican Guitar Players","article_modified_time":"2026-03-02T10:35:48+00:00","og_image":[{"width":1200,"height":1200,"url":"https:\/\/www.mexicanguitarplayers.com\/wp-content\/uploads\/2022\/08\/VAFONFA598BL.jpg","type":"image\/jpeg"}],"twitter_card":"summary_large_image","schema":{"@context":"https:\/\/schema.org","@graph":[{"@type":["WebPage","ItemPage"],"@id":"https:\/\/www.mexicanguitarplayers.com\/tienda\/audio\/audifonos\/audifono-alambrico\/audifonos-hifi\/audifonos-fonestar-estereo-fa-598bl\/","url":"https:\/\/www.mexicanguitarplayers.com\/tienda\/audio\/audifonos\/audifono-alambrico\/audifonos-hifi\/audifonos-fonestar-estereo-fa-598bl\/","name":"AUDIFONOS FONESTAR ESTEREO FA-598BL - Mexican Guitar Players","isPartOf":{"@id":"https:\/\/www.mexicanguitarplayers.com\/#website"},"primaryImageOfPage":{"@id":"https:\/\/www.mexicanguitarplayers.com\/tienda\/audio\/audifonos\/audifono-alambrico\/audifonos-hifi\/audifonos-fonestar-estereo-fa-598bl\/#primaryimage"},"image":{"@id":"https:\/\/www.mexicanguitarplayers.com\/tienda\/audio\/audifonos\/audifono-alambrico\/audifonos-hifi\/audifonos-fonestar-estereo-fa-598bl\/#primaryimage"},"thumbnailUrl":"https:\/\/www.mexicanguitarplayers.com\/wp-content\/uploads\/2022\/08\/VAFONFA598BL.jpg","datePublished":"2022-08-18T20:15:47+00:00","dateModified":"2026-03-02T10:35:48+00:00","description":"AUDIFONOS FONESTAR ESTEREO FA-598BL. Aud\u00edfonos est\u00e9reo Hi-Fi, dise\u00f1o ligero y atractivo, color blanco y rosa, diademaajustable, respuesta de frecuencia: 20 - 20 kHz, impedancia: 32 ohms, potencia:100 mW m\u00e1ximo, sensibilidad: 105 dB, altavoces de 40 mm, cable de 1.2 metros, conector jack est\u00e9reo de 3.5 mm.","breadcrumb":{"@id":"https:\/\/www.mexicanguitarplayers.com\/tienda\/audio\/audifonos\/audifono-alambrico\/audifonos-hifi\/audifonos-fonestar-estereo-fa-598bl\/#breadcrumb"},"inLanguage":"en-US","potentialAction":[{"@type":"ReadAction","target":["https:\/\/www.mexicanguitarplayers.com\/tienda\/audio\/audifonos\/audifono-alambrico\/audifonos-hifi\/audifonos-fonestar-estereo-fa-598bl\/"]}]},{"@type":"ImageObject","inLanguage":"en-US","@id":"https:\/\/www.mexicanguitarplayers.com\/tienda\/audio\/audifonos\/audifono-alambrico\/audifonos-hifi\/audifonos-fonestar-estereo-fa-598bl\/#primaryimage","url":"https:\/\/www.mexicanguitarplayers.com\/wp-content\/uploads\/2022\/08\/VAFONFA598BL.jpg","contentUrl":"https:\/\/www.mexicanguitarplayers.com\/wp-content\/uploads\/2022\/08\/VAFONFA598BL.jpg","width":1200,"height":1200},{"@type":"BreadcrumbList","@id":"https:\/\/www.mexicanguitarplayers.com\/tienda\/audio\/audifonos\/audifono-alambrico\/audifonos-hifi\/audifonos-fonestar-estereo-fa-598bl\/#breadcrumb","itemListElement":[{"@type":"ListItem","position":1,"name":"Portada","item":"https:\/\/www.mexicanguitarplayers.com\/"},{"@type":"ListItem","position":2,"name":"Tienda","item":"https:\/\/www.mexicanguitarplayers.com\/tienda\/"},{"@type":"ListItem","position":3,"name":"AUDIFONOS FONESTAR ESTEREO FA-598BL"}]},{"@type":"WebSite","@id":"https:\/\/www.mexicanguitarplayers.com\/#website","url":"https:\/\/www.mexicanguitarplayers.com\/","name":"Mexican Guitar Players","description":"Website","publisher":{"@id":"https:\/\/www.mexicanguitarplayers.com\/#organization"},"potentialAction":[{"@type":"SearchAction","target":{"@type":"EntryPoint","urlTemplate":"https:\/\/www.mexicanguitarplayers.com\/?s={search_term_string}"},"query-input":{"@type":"PropertyValueSpecification","valueRequired":true,"valueName":"search_term_string"}}],"inLanguage":"en-US"},{"@type":"Organization","@id":"https:\/\/www.mexicanguitarplayers.com\/#organization","name":"Mexican Guitar Players","url":"https:\/\/www.mexicanguitarplayers.com\/","logo":{"@type":"ImageObject","inLanguage":"en-US","@id":"https:\/\/www.mexicanguitarplayers.com\/#\/schema\/logo\/image\/","url":"","contentUrl":"","caption":"Mexican Guitar Players"},"image":{"@id":"https:\/\/www.mexicanguitarplayers.com\/#\/schema\/logo\/image\/"}}]}},"brands":[{"id":487,"name":"FONESTAR","slug":"fonestar"}],"_links":{"self":[{"href":"https:\/\/www.mexicanguitarplayers.com\/en\/wp-json\/wp\/v2\/product\/14578","targetHints":{"allow":["GET"]}}],"collection":[{"href":"https:\/\/www.mexicanguitarplayers.com\/en\/wp-json\/wp\/v2\/product"}],"about":[{"href":"https:\/\/www.mexicanguitarplayers.com\/en\/wp-json\/wp\/v2\/types\/product"}],"replies":[{"embeddable":true,"href":"https:\/\/www.mexicanguitarplayers.com\/en\/wp-json\/wp\/v2\/comments?post=14578"}],"wp:featuredmedia":[{"embeddable":true,"href":"https:\/\/www.mexicanguitarplayers.com\/en\/wp-json\/wp\/v2\/media\/14576"}],"wp:attachment":[{"href":"https:\/\/www.mexicanguitarplayers.com\/en\/wp-json\/wp\/v2\/media?parent=14578"}],"wp:term":[{"taxonomy":"pwb-brand","embeddable":true,"href":"https:\/\/www.mexicanguitarplayers.com\/en\/wp-json\/wp\/v2\/pwb-brand?post=14578"},{"taxonomy":"product_brand","embeddable":true,"href":"https:\/\/www.mexicanguitarplayers.com\/en\/wp-json\/wp\/v2\/product_brand?post=14578"},{"taxonomy":"product_cat","embeddable":true,"href":"https:\/\/www.mexicanguitarplayers.com\/en\/wp-json\/wp\/v2\/product_cat?post=14578"},{"taxonomy":"product_tag","embeddable":true,"href":"https:\/\/www.mexicanguitarplayers.com\/en\/wp-json\/wp\/v2\/product_tag?post=14578"}],"curies":[{"name":"wp","href":"https:\/\/api.w.org\/{rel}","templated":true}]}}