{"id":14616,"date":"2022-08-18T15:16:46","date_gmt":"2022-08-18T20:16:46","guid":{"rendered":"https:\/\/www.mexicanguitarplayers.com\/tienda\/sin%20categor\u00eda\/estuche-reloop-mod-cartridge-king\/"},"modified":"2026-04-10T05:09:11","modified_gmt":"2026-04-10T11:09:11","slug":"estuche-reloop-mod-cartridge-king","status":"publish","type":"product","link":"https:\/\/www.mexicanguitarplayers.com\/en\/tienda\/accesorios\/estuches-y-fundas\/para-dj\/estuche-reloop-mod-cartridge-king\/","title":{"rendered":"CASE RELOOP MOD. CARTRIDGE KING"},"content":{"rendered":"<div style=\"text-align: justify\">\n<div>\n<h3>CASE RELOOP MOD. CARTRIDGE KING<\/h3>\n<\/div>\n<div>Professional Cartridge Storage Case - Safely transports and stores up to 4 cartridges as well as refills and other accessories - Adjustable foam inlays to store a mix of Concorde-style cartridges and head-mounted cartridges, (such as Reloop\/Ortofon Concorde, Shure M44-7 and others), extra zippered mesh pocket, practical textile carrying handle, ABS chassis with scratch-resistant finish, high-density foam padded interior, dimensions per foam inlay: 75 x 44 x 95 mm , inside 150 x 54 x 95 mm, outside 170 x 64 x 116 mm, weight: 166 g.<\/div>\n<\/div>","protected":false},"excerpt":{"rendered":"<p>Estuche de almacenamiento profesional para cartuchos, transporta y almacena de forma segura hasta 4 cartuchos as\u00ed como repuestos y otros accesorios, incrustaciones de espuma ajustables para almacenar una combinaci\u00f3n de cartuchos estilo Concorde y cartuchos montados en el cabezal, (como Reloop\/Ortofon Concorde, Shure M44-7 y otros), bolsillo extra de malla con cierre, pr\u00e1ctica asa textil de transporte, chasis de ABS con terminado resistente a los ara\u00f1azos, interior acolchado de espuma de alta densidad, dimensiones por incrustaci\u00f3n de espuma: 75 x 44 x 95 mm, interior de 150 x 54 x 95 mm, exterior de 170 x 64 x 116 mm, peso: 166 g.&hellip; <a class=\"kt-excerpt-readmore more-link\" href=\"https:\/\/www.mexicanguitarplayers.com\/en\/tienda\/accesorios\/estuches-y-fundas\/para-dj\/estuche-reloop-mod-cartridge-king\/\">Read more<\/a><\/p>","protected":false},"featured_media":14615,"comment_status":"open","ping_status":"closed","template":"","meta":{"kt_blocks_editor_width":""},"pwb-brand":[496],"product_brand":[],"product_cat":[85,517,518],"product_tag":[],"class_list":{"0":"post-14616","1":"product","2":"type-product","3":"status-publish","4":"has-post-thumbnail","6":"pwb-brand-reloop","7":"product_cat-accesorios","8":"product_cat-estuches-y-fundas","9":"product_cat-para-dj","10":"product_shipping_class-0-5-kg","12":"first","13":"outofstock","14":"taxable","15":"shipping-taxable","16":"purchasable","17":"product-type-simple"},"yoast_head":"<!-- This site is optimized with the Yoast SEO plugin v27.5 - https:\/\/yoast.com\/product\/yoast-seo-wordpress\/ -->\n<title>ESTUCHE RELOOP MOD. CARTRIDGE KING - Mexican Guitar Players<\/title>\n<meta name=\"description\" content=\"ESTUCHE RELOOP MOD. CARTRIDGE KING. Estuche de almacenamiento profesional para cartuchos, transporta y almacena de forma segura hasta 4 cartuchos as\u00ed como repuestos y otros accesorios, incrustaciones de espuma ajustables para almacenar una combinaci\u00f3n de cartuchos estilo Concorde y cartuchos montados en el cabezal, (como Reloop\/Ortofon Concorde, Shure M44-7 y otros), bolsillo extra de malla con cierre, pr\u00e1ctica asa textil de transporte, chasis de ABS con terminado resistente a los ara\u00f1azos, interior acolchado de espuma de alta densidad, dimensiones por incrustaci\u00f3n de espuma: 75 x 44 x 95 mm, interior de 150 x 54 x 95 mm, exterior de 170 x 64 x 116 mm, peso: 166 g.\" \/>\n<meta name=\"robots\" content=\"index, follow, max-snippet:-1, max-image-preview:large, max-video-preview:-1\" \/>\n<link rel=\"canonical\" href=\"https:\/\/www.mexicanguitarplayers.com\/en\/tienda\/accesorios\/estuches-y-fundas\/para-dj\/estuche-reloop-mod-cartridge-king\/\" \/>\n<meta property=\"og:locale\" content=\"en_US\" \/>\n<meta property=\"og:type\" content=\"article\" \/>\n<meta property=\"og:title\" content=\"ESTUCHE RELOOP MOD. CARTRIDGE KING - Mexican Guitar Players\" \/>\n<meta property=\"og:description\" content=\"ESTUCHE RELOOP MOD. CARTRIDGE KING. Estuche de almacenamiento profesional para cartuchos, transporta y almacena de forma segura hasta 4 cartuchos as\u00ed como repuestos y otros accesorios, incrustaciones de espuma ajustables para almacenar una combinaci\u00f3n de cartuchos estilo Concorde y cartuchos montados en el cabezal, (como Reloop\/Ortofon Concorde, Shure M44-7 y otros), bolsillo extra de malla con cierre, pr\u00e1ctica asa textil de transporte, chasis de ABS con terminado resistente a los ara\u00f1azos, interior acolchado de espuma de alta densidad, dimensiones por incrustaci\u00f3n de espuma: 75 x 44 x 95 mm, interior de 150 x 54 x 95 mm, exterior de 170 x 64 x 116 mm, peso: 166 g.\" \/>\n<meta property=\"og:url\" content=\"https:\/\/www.mexicanguitarplayers.com\/en\/tienda\/accesorios\/estuches-y-fundas\/para-dj\/estuche-reloop-mod-cartridge-king\/\" \/>\n<meta property=\"og:site_name\" content=\"Mexican Guitar Players\" \/>\n<meta property=\"article:modified_time\" content=\"2026-04-10T11:09:11+00:00\" \/>\n<meta property=\"og:image\" content=\"https:\/\/www.mexicanguitarplayers.com\/wp-content\/uploads\/2022\/08\/VARELCARTRKING.jpg\" \/>\n\t<meta property=\"og:image:width\" content=\"1200\" \/>\n\t<meta property=\"og:image:height\" content=\"1200\" \/>\n\t<meta property=\"og:image:type\" content=\"image\/jpeg\" \/>\n<meta name=\"twitter:card\" content=\"summary_large_image\" \/>\n<meta name=\"twitter:label1\" content=\"Est. reading time\" \/>\n\t<meta name=\"twitter:data1\" content=\"1 minute\" \/>\n<script type=\"application\/ld+json\" class=\"yoast-schema-graph\">{\"@context\":\"https:\\\/\\\/schema.org\",\"@graph\":[{\"@type\":[\"WebPage\",\"ItemPage\"],\"@id\":\"https:\\\/\\\/www.mexicanguitarplayers.com\\\/tienda\\\/accesorios\\\/estuches-y-fundas\\\/para-dj\\\/estuche-reloop-mod-cartridge-king\\\/\",\"url\":\"https:\\\/\\\/www.mexicanguitarplayers.com\\\/tienda\\\/accesorios\\\/estuches-y-fundas\\\/para-dj\\\/estuche-reloop-mod-cartridge-king\\\/\",\"name\":\"ESTUCHE RELOOP MOD. CARTRIDGE KING - Mexican Guitar Players\",\"isPartOf\":{\"@id\":\"https:\\\/\\\/www.mexicanguitarplayers.com\\\/#website\"},\"primaryImageOfPage\":{\"@id\":\"https:\\\/\\\/www.mexicanguitarplayers.com\\\/tienda\\\/accesorios\\\/estuches-y-fundas\\\/para-dj\\\/estuche-reloop-mod-cartridge-king\\\/#primaryimage\"},\"image\":{\"@id\":\"https:\\\/\\\/www.mexicanguitarplayers.com\\\/tienda\\\/accesorios\\\/estuches-y-fundas\\\/para-dj\\\/estuche-reloop-mod-cartridge-king\\\/#primaryimage\"},\"thumbnailUrl\":\"https:\\\/\\\/www.mexicanguitarplayers.com\\\/wp-content\\\/uploads\\\/2022\\\/08\\\/VARELCARTRKING.jpg\",\"datePublished\":\"2022-08-18T20:16:46+00:00\",\"dateModified\":\"2026-04-10T11:09:11+00:00\",\"description\":\"ESTUCHE RELOOP MOD. CARTRIDGE KING. Estuche de almacenamiento profesional para cartuchos, transporta y almacena de forma segura hasta 4 cartuchos as\u00ed como repuestos y otros accesorios, incrustaciones de espuma ajustables para almacenar una combinaci\u00f3n de cartuchos estilo Concorde y cartuchos montados en el cabezal, (como Reloop\\\/Ortofon Concorde, Shure M44-7 y otros), bolsillo extra de malla con cierre, pr\u00e1ctica asa textil de transporte, chasis de ABS con terminado resistente a los ara\u00f1azos, interior acolchado de espuma de alta densidad, dimensiones por incrustaci\u00f3n de espuma: 75 x 44 x 95 mm, interior de 150 x 54 x 95 mm, exterior de 170 x 64 x 116 mm, peso: 166 g.\",\"breadcrumb\":{\"@id\":\"https:\\\/\\\/www.mexicanguitarplayers.com\\\/tienda\\\/accesorios\\\/estuches-y-fundas\\\/para-dj\\\/estuche-reloop-mod-cartridge-king\\\/#breadcrumb\"},\"inLanguage\":\"en-US\",\"potentialAction\":[{\"@type\":\"ReadAction\",\"target\":[\"https:\\\/\\\/www.mexicanguitarplayers.com\\\/tienda\\\/accesorios\\\/estuches-y-fundas\\\/para-dj\\\/estuche-reloop-mod-cartridge-king\\\/\"]}]},{\"@type\":\"ImageObject\",\"inLanguage\":\"en-US\",\"@id\":\"https:\\\/\\\/www.mexicanguitarplayers.com\\\/tienda\\\/accesorios\\\/estuches-y-fundas\\\/para-dj\\\/estuche-reloop-mod-cartridge-king\\\/#primaryimage\",\"url\":\"https:\\\/\\\/www.mexicanguitarplayers.com\\\/wp-content\\\/uploads\\\/2022\\\/08\\\/VARELCARTRKING.jpg\",\"contentUrl\":\"https:\\\/\\\/www.mexicanguitarplayers.com\\\/wp-content\\\/uploads\\\/2022\\\/08\\\/VARELCARTRKING.jpg\",\"width\":1200,\"height\":1200},{\"@type\":\"BreadcrumbList\",\"@id\":\"https:\\\/\\\/www.mexicanguitarplayers.com\\\/tienda\\\/accesorios\\\/estuches-y-fundas\\\/para-dj\\\/estuche-reloop-mod-cartridge-king\\\/#breadcrumb\",\"itemListElement\":[{\"@type\":\"ListItem\",\"position\":1,\"name\":\"Portada\",\"item\":\"https:\\\/\\\/www.mexicanguitarplayers.com\\\/\"},{\"@type\":\"ListItem\",\"position\":2,\"name\":\"Tienda\",\"item\":\"https:\\\/\\\/www.mexicanguitarplayers.com\\\/tienda\\\/\"},{\"@type\":\"ListItem\",\"position\":3,\"name\":\"ESTUCHE RELOOP MOD. CARTRIDGE KING\"}]},{\"@type\":\"WebSite\",\"@id\":\"https:\\\/\\\/www.mexicanguitarplayers.com\\\/#website\",\"url\":\"https:\\\/\\\/www.mexicanguitarplayers.com\\\/\",\"name\":\"Mexican Guitar Players\",\"description\":\"Website\",\"publisher\":{\"@id\":\"https:\\\/\\\/www.mexicanguitarplayers.com\\\/#organization\"},\"potentialAction\":[{\"@type\":\"SearchAction\",\"target\":{\"@type\":\"EntryPoint\",\"urlTemplate\":\"https:\\\/\\\/www.mexicanguitarplayers.com\\\/?s={search_term_string}\"},\"query-input\":{\"@type\":\"PropertyValueSpecification\",\"valueRequired\":true,\"valueName\":\"search_term_string\"}}],\"inLanguage\":\"en-US\"},{\"@type\":\"Organization\",\"@id\":\"https:\\\/\\\/www.mexicanguitarplayers.com\\\/#organization\",\"name\":\"Mexican Guitar Players\",\"url\":\"https:\\\/\\\/www.mexicanguitarplayers.com\\\/\",\"logo\":{\"@type\":\"ImageObject\",\"inLanguage\":\"en-US\",\"@id\":\"https:\\\/\\\/www.mexicanguitarplayers.com\\\/#\\\/schema\\\/logo\\\/image\\\/\",\"url\":\"\",\"contentUrl\":\"\",\"caption\":\"Mexican Guitar Players\"},\"image\":{\"@id\":\"https:\\\/\\\/www.mexicanguitarplayers.com\\\/#\\\/schema\\\/logo\\\/image\\\/\"}}]}<\/script>\n<!-- \/ Yoast SEO plugin. -->","yoast_head_json":{"title":"ESTUCHE RELOOP MOD. CARTRIDGE KING - Mexican Guitar Players","description":"ESTUCHE RELOOP MOD. CARTRIDGE KING. Estuche de almacenamiento profesional para cartuchos, transporta y almacena de forma segura hasta 4 cartuchos as\u00ed como repuestos y otros accesorios, incrustaciones de espuma ajustables para almacenar una combinaci\u00f3n de cartuchos estilo Concorde y cartuchos montados en el cabezal, (como Reloop\/Ortofon Concorde, Shure M44-7 y otros), bolsillo extra de malla con cierre, pr\u00e1ctica asa textil de transporte, chasis de ABS con terminado resistente a los ara\u00f1azos, interior acolchado de espuma de alta densidad, dimensiones por incrustaci\u00f3n de espuma: 75 x 44 x 95 mm, interior de 150 x 54 x 95 mm, exterior de 170 x 64 x 116 mm, peso: 166 g.","robots":{"index":"index","follow":"follow","max-snippet":"max-snippet:-1","max-image-preview":"max-image-preview:large","max-video-preview":"max-video-preview:-1"},"canonical":"https:\/\/www.mexicanguitarplayers.com\/en\/tienda\/accesorios\/estuches-y-fundas\/para-dj\/estuche-reloop-mod-cartridge-king\/","og_locale":"en_US","og_type":"article","og_title":"ESTUCHE RELOOP MOD. CARTRIDGE KING - Mexican Guitar Players","og_description":"ESTUCHE RELOOP MOD. CARTRIDGE KING. Estuche de almacenamiento profesional para cartuchos, transporta y almacena de forma segura hasta 4 cartuchos as\u00ed como repuestos y otros accesorios, incrustaciones de espuma ajustables para almacenar una combinaci\u00f3n de cartuchos estilo Concorde y cartuchos montados en el cabezal, (como Reloop\/Ortofon Concorde, Shure M44-7 y otros), bolsillo extra de malla con cierre, pr\u00e1ctica asa textil de transporte, chasis de ABS con terminado resistente a los ara\u00f1azos, interior acolchado de espuma de alta densidad, dimensiones por incrustaci\u00f3n de espuma: 75 x 44 x 95 mm, interior de 150 x 54 x 95 mm, exterior de 170 x 64 x 116 mm, peso: 166 g.","og_url":"https:\/\/www.mexicanguitarplayers.com\/en\/tienda\/accesorios\/estuches-y-fundas\/para-dj\/estuche-reloop-mod-cartridge-king\/","og_site_name":"Mexican Guitar Players","article_modified_time":"2026-04-10T11:09:11+00:00","og_image":[{"width":1200,"height":1200,"url":"https:\/\/www.mexicanguitarplayers.com\/wp-content\/uploads\/2022\/08\/VARELCARTRKING.jpg","type":"image\/jpeg"}],"twitter_card":"summary_large_image","twitter_misc":{"Est. reading time":"1 minute"},"schema":{"@context":"https:\/\/schema.org","@graph":[{"@type":["WebPage","ItemPage"],"@id":"https:\/\/www.mexicanguitarplayers.com\/tienda\/accesorios\/estuches-y-fundas\/para-dj\/estuche-reloop-mod-cartridge-king\/","url":"https:\/\/www.mexicanguitarplayers.com\/tienda\/accesorios\/estuches-y-fundas\/para-dj\/estuche-reloop-mod-cartridge-king\/","name":"ESTUCHE RELOOP MOD. CARTRIDGE KING - Mexican Guitar Players","isPartOf":{"@id":"https:\/\/www.mexicanguitarplayers.com\/#website"},"primaryImageOfPage":{"@id":"https:\/\/www.mexicanguitarplayers.com\/tienda\/accesorios\/estuches-y-fundas\/para-dj\/estuche-reloop-mod-cartridge-king\/#primaryimage"},"image":{"@id":"https:\/\/www.mexicanguitarplayers.com\/tienda\/accesorios\/estuches-y-fundas\/para-dj\/estuche-reloop-mod-cartridge-king\/#primaryimage"},"thumbnailUrl":"https:\/\/www.mexicanguitarplayers.com\/wp-content\/uploads\/2022\/08\/VARELCARTRKING.jpg","datePublished":"2022-08-18T20:16:46+00:00","dateModified":"2026-04-10T11:09:11+00:00","description":"ESTUCHE RELOOP MOD. CARTRIDGE KING. Estuche de almacenamiento profesional para cartuchos, transporta y almacena de forma segura hasta 4 cartuchos as\u00ed como repuestos y otros accesorios, incrustaciones de espuma ajustables para almacenar una combinaci\u00f3n de cartuchos estilo Concorde y cartuchos montados en el cabezal, (como Reloop\/Ortofon Concorde, Shure M44-7 y otros), bolsillo extra de malla con cierre, pr\u00e1ctica asa textil de transporte, chasis de ABS con terminado resistente a los ara\u00f1azos, interior acolchado de espuma de alta densidad, dimensiones por incrustaci\u00f3n de espuma: 75 x 44 x 95 mm, interior de 150 x 54 x 95 mm, exterior de 170 x 64 x 116 mm, peso: 166 g.","breadcrumb":{"@id":"https:\/\/www.mexicanguitarplayers.com\/tienda\/accesorios\/estuches-y-fundas\/para-dj\/estuche-reloop-mod-cartridge-king\/#breadcrumb"},"inLanguage":"en-US","potentialAction":[{"@type":"ReadAction","target":["https:\/\/www.mexicanguitarplayers.com\/tienda\/accesorios\/estuches-y-fundas\/para-dj\/estuche-reloop-mod-cartridge-king\/"]}]},{"@type":"ImageObject","inLanguage":"en-US","@id":"https:\/\/www.mexicanguitarplayers.com\/tienda\/accesorios\/estuches-y-fundas\/para-dj\/estuche-reloop-mod-cartridge-king\/#primaryimage","url":"https:\/\/www.mexicanguitarplayers.com\/wp-content\/uploads\/2022\/08\/VARELCARTRKING.jpg","contentUrl":"https:\/\/www.mexicanguitarplayers.com\/wp-content\/uploads\/2022\/08\/VARELCARTRKING.jpg","width":1200,"height":1200},{"@type":"BreadcrumbList","@id":"https:\/\/www.mexicanguitarplayers.com\/tienda\/accesorios\/estuches-y-fundas\/para-dj\/estuche-reloop-mod-cartridge-king\/#breadcrumb","itemListElement":[{"@type":"ListItem","position":1,"name":"Portada","item":"https:\/\/www.mexicanguitarplayers.com\/"},{"@type":"ListItem","position":2,"name":"Tienda","item":"https:\/\/www.mexicanguitarplayers.com\/tienda\/"},{"@type":"ListItem","position":3,"name":"ESTUCHE RELOOP MOD. CARTRIDGE KING"}]},{"@type":"WebSite","@id":"https:\/\/www.mexicanguitarplayers.com\/#website","url":"https:\/\/www.mexicanguitarplayers.com\/","name":"Mexican Guitar Players","description":"Website","publisher":{"@id":"https:\/\/www.mexicanguitarplayers.com\/#organization"},"potentialAction":[{"@type":"SearchAction","target":{"@type":"EntryPoint","urlTemplate":"https:\/\/www.mexicanguitarplayers.com\/?s={search_term_string}"},"query-input":{"@type":"PropertyValueSpecification","valueRequired":true,"valueName":"search_term_string"}}],"inLanguage":"en-US"},{"@type":"Organization","@id":"https:\/\/www.mexicanguitarplayers.com\/#organization","name":"Mexican Guitar Players","url":"https:\/\/www.mexicanguitarplayers.com\/","logo":{"@type":"ImageObject","inLanguage":"en-US","@id":"https:\/\/www.mexicanguitarplayers.com\/#\/schema\/logo\/image\/","url":"","contentUrl":"","caption":"Mexican Guitar Players"},"image":{"@id":"https:\/\/www.mexicanguitarplayers.com\/#\/schema\/logo\/image\/"}}]}},"brands":[{"id":496,"name":"RELOOP","slug":"reloop"}],"_links":{"self":[{"href":"https:\/\/www.mexicanguitarplayers.com\/en\/wp-json\/wp\/v2\/product\/14616","targetHints":{"allow":["GET"]}}],"collection":[{"href":"https:\/\/www.mexicanguitarplayers.com\/en\/wp-json\/wp\/v2\/product"}],"about":[{"href":"https:\/\/www.mexicanguitarplayers.com\/en\/wp-json\/wp\/v2\/types\/product"}],"replies":[{"embeddable":true,"href":"https:\/\/www.mexicanguitarplayers.com\/en\/wp-json\/wp\/v2\/comments?post=14616"}],"wp:featuredmedia":[{"embeddable":true,"href":"https:\/\/www.mexicanguitarplayers.com\/en\/wp-json\/wp\/v2\/media\/14615"}],"wp:attachment":[{"href":"https:\/\/www.mexicanguitarplayers.com\/en\/wp-json\/wp\/v2\/media?parent=14616"}],"wp:term":[{"taxonomy":"pwb-brand","embeddable":true,"href":"https:\/\/www.mexicanguitarplayers.com\/en\/wp-json\/wp\/v2\/pwb-brand?post=14616"},{"taxonomy":"product_brand","embeddable":true,"href":"https:\/\/www.mexicanguitarplayers.com\/en\/wp-json\/wp\/v2\/product_brand?post=14616"},{"taxonomy":"product_cat","embeddable":true,"href":"https:\/\/www.mexicanguitarplayers.com\/en\/wp-json\/wp\/v2\/product_cat?post=14616"},{"taxonomy":"product_tag","embeddable":true,"href":"https:\/\/www.mexicanguitarplayers.com\/en\/wp-json\/wp\/v2\/product_tag?post=14616"}],"curies":[{"name":"wp","href":"https:\/\/api.w.org\/{rel}","templated":true}]}}