{"id":14621,"date":"2022-08-18T15:16:57","date_gmt":"2022-08-18T20:16:57","guid":{"rendered":"https:\/\/www.mexicanguitarplayers.com\/tienda\/sin%20categor\u00eda\/audifonos-reloop-mod-rh-2500\/"},"modified":"2026-01-14T16:17:23","modified_gmt":"2026-01-14T22:17:23","slug":"audifonos-reloop-mod-rh-2500","status":"publish","type":"product","link":"https:\/\/www.mexicanguitarplayers.com\/en\/tienda\/audio\/audifonos\/audifono-alambrico\/audifonos-para-dj\/audifonos-reloop-mod-rh-2500\/","title":{"rendered":"HEADPHONES RELOOP MOD. RH-2500"},"content":{"rendered":"<div style=\"text-align: justify\">\n<div>\n<h3>HEADPHONES RELOOP MOD. RH-2500<\/h3>\n<\/div>\n<div>Professional DJ headphones with flip and swivel construction, closed construction, cable routing on one side (oxygen-free copper cable), excellent sound characteristics due to cobalt saggar with a wide efficiency factor, exceptional workmanship with extra support construction fortified, high reproducibility, accurate reproduction of bass, midrange and treble frequencies, excellent wearing comfort due to even lower weight, Reloop logo embroidered on the ear cups, 2 x 40 mm drivers, frequency range: 20 Hz \u2013 20 kHz, sensitivity: 118 dB, impedance: 32 ohms, 3.5 mm stereo jack plug and adapter for 6.3 mm stereo jack, 1.05 m cable, weight: 307 g.<\/div>\n<\/div>","protected":false},"excerpt":{"rendered":"<p>Aud\u00edfonos profesionales para DJ con estructura giratoria y pelgable, construcci\u00f3n cerrada, enrutamiento de cable por un lado (cable de cobre sin ox\u00edgeno), excelentes caracter\u00edsticas del sonido debido al saggar de cobalto con un amplio factor de eficiencia, fabricaci\u00f3n excepcional con construcci\u00f3n de soporte extra fortificada, alta capacidad de reproducci\u00f3n, reproducci\u00f3n precisa de frecuencias graves, medias y agudas, excelente comodidad de uso gracias a un peso a\u00fan m\u00e1s reducido, logotipo de Reloop bordado en los aud\u00edfonos, 2 drivers de 40 mm, rango de frecuencia: 20 Hz &#8211; 20 kHz, sensibilidad: 118 dB, impedancia: 32 ohms, conector jack est\u00e9reo de 3.5 mm y adaptador para jack est\u00e9reo de 6.3 mm, cable de 1.05 m, peso: 307 g.&hellip; <a class=\"kt-excerpt-readmore more-link\" href=\"https:\/\/www.mexicanguitarplayers.com\/en\/tienda\/audio\/audifonos\/audifono-alambrico\/audifonos-para-dj\/audifonos-reloop-mod-rh-2500\/\">Read more<\/a><\/p>","protected":false},"featured_media":14617,"comment_status":"open","ping_status":"closed","template":"","meta":{"kt_blocks_editor_width":""},"pwb-brand":[496],"product_brand":[],"product_cat":[506,505,511,213],"product_tag":[],"class_list":{"0":"post-14621","1":"product","2":"type-product","3":"status-publish","4":"has-post-thumbnail","6":"pwb-brand-reloop","7":"product_cat-audifono-alambrico","8":"product_cat-audifonos","9":"product_cat-audifonos-para-dj","10":"product_cat-audio","11":"product_shipping_class-0-5-kg","13":"first","14":"outofstock","15":"taxable","16":"shipping-taxable","17":"purchasable","18":"product-type-simple"},"yoast_head":"<!-- This site is optimized with the Yoast SEO plugin v27.3 - https:\/\/yoast.com\/product\/yoast-seo-wordpress\/ -->\n<title>AUDIFONOS RELOOP MOD. RH-2500 - Mexican Guitar Players<\/title>\n<meta name=\"description\" content=\"AUDIFONOS RELOOP MOD. RH-2500. Aud\u00edfonos profesionales para DJ con estructura giratoria y pelgable, construcci\u00f3n cerrada, enrutamiento de cable por un lado (cable de cobre sin ox\u00edgeno), excelentes caracter\u00edsticas del sonido debido al saggar de cobalto con un amplio factor de eficiencia, fabricaci\u00f3n excepcional con construcci\u00f3n de soporte extra fortificada, alta capacidad de reproducci\u00f3n, reproducci\u00f3n precisa de frecuencias graves, medias y agudas, excelente comodidad de uso gracias a un peso a\u00fan m\u00e1s reducido, logotipo de Reloop bordado en los aud\u00edfonos, 2 drivers de 40 mm, rango de frecuencia: 20 Hz - 20 kHz, sensibilidad: 118 dB, impedancia: 32 ohms, conector jack est\u00e9reo de 3.5 mm y adaptador para jack est\u00e9reo de 6.3 mm, cable de 1.05 m, peso: 307 g.\" \/>\n<meta name=\"robots\" content=\"index, follow, max-snippet:-1, max-image-preview:large, max-video-preview:-1\" \/>\n<link rel=\"canonical\" href=\"https:\/\/www.mexicanguitarplayers.com\/en\/tienda\/audio\/audifonos\/audifono-alambrico\/audifonos-para-dj\/audifonos-reloop-mod-rh-2500\/\" \/>\n<meta property=\"og:locale\" content=\"en_US\" \/>\n<meta property=\"og:type\" content=\"article\" \/>\n<meta property=\"og:title\" content=\"AUDIFONOS RELOOP MOD. RH-2500 - Mexican Guitar Players\" \/>\n<meta property=\"og:description\" content=\"AUDIFONOS RELOOP MOD. RH-2500. Aud\u00edfonos profesionales para DJ con estructura giratoria y pelgable, construcci\u00f3n cerrada, enrutamiento de cable por un lado (cable de cobre sin ox\u00edgeno), excelentes caracter\u00edsticas del sonido debido al saggar de cobalto con un amplio factor de eficiencia, fabricaci\u00f3n excepcional con construcci\u00f3n de soporte extra fortificada, alta capacidad de reproducci\u00f3n, reproducci\u00f3n precisa de frecuencias graves, medias y agudas, excelente comodidad de uso gracias a un peso a\u00fan m\u00e1s reducido, logotipo de Reloop bordado en los aud\u00edfonos, 2 drivers de 40 mm, rango de frecuencia: 20 Hz - 20 kHz, sensibilidad: 118 dB, impedancia: 32 ohms, conector jack est\u00e9reo de 3.5 mm y adaptador para jack est\u00e9reo de 6.3 mm, cable de 1.05 m, peso: 307 g.\" \/>\n<meta property=\"og:url\" content=\"https:\/\/www.mexicanguitarplayers.com\/en\/tienda\/audio\/audifonos\/audifono-alambrico\/audifonos-para-dj\/audifonos-reloop-mod-rh-2500\/\" \/>\n<meta property=\"og:site_name\" content=\"Mexican Guitar Players\" \/>\n<meta property=\"article:modified_time\" content=\"2026-01-14T22:17:23+00:00\" \/>\n<meta property=\"og:image\" content=\"https:\/\/www.mexicanguitarplayers.com\/wp-content\/uploads\/2022\/08\/VARELRH2500.jpg\" \/>\n\t<meta property=\"og:image:width\" content=\"1200\" \/>\n\t<meta property=\"og:image:height\" content=\"1200\" \/>\n\t<meta property=\"og:image:type\" content=\"image\/jpeg\" \/>\n<meta name=\"twitter:card\" content=\"summary_large_image\" \/>\n<meta name=\"twitter:label1\" content=\"Est. reading time\" \/>\n\t<meta name=\"twitter:data1\" content=\"1 minute\" \/>\n<script type=\"application\/ld+json\" class=\"yoast-schema-graph\">{\"@context\":\"https:\\\/\\\/schema.org\",\"@graph\":[{\"@type\":[\"WebPage\",\"ItemPage\"],\"@id\":\"https:\\\/\\\/www.mexicanguitarplayers.com\\\/tienda\\\/audio\\\/audifonos\\\/audifono-alambrico\\\/audifonos-para-dj\\\/audifonos-reloop-mod-rh-2500\\\/\",\"url\":\"https:\\\/\\\/www.mexicanguitarplayers.com\\\/tienda\\\/audio\\\/audifonos\\\/audifono-alambrico\\\/audifonos-para-dj\\\/audifonos-reloop-mod-rh-2500\\\/\",\"name\":\"AUDIFONOS RELOOP MOD. RH-2500 - Mexican Guitar Players\",\"isPartOf\":{\"@id\":\"https:\\\/\\\/www.mexicanguitarplayers.com\\\/#website\"},\"primaryImageOfPage\":{\"@id\":\"https:\\\/\\\/www.mexicanguitarplayers.com\\\/tienda\\\/audio\\\/audifonos\\\/audifono-alambrico\\\/audifonos-para-dj\\\/audifonos-reloop-mod-rh-2500\\\/#primaryimage\"},\"image\":{\"@id\":\"https:\\\/\\\/www.mexicanguitarplayers.com\\\/tienda\\\/audio\\\/audifonos\\\/audifono-alambrico\\\/audifonos-para-dj\\\/audifonos-reloop-mod-rh-2500\\\/#primaryimage\"},\"thumbnailUrl\":\"https:\\\/\\\/www.mexicanguitarplayers.com\\\/wp-content\\\/uploads\\\/2022\\\/08\\\/VARELRH2500.jpg\",\"datePublished\":\"2022-08-18T20:16:57+00:00\",\"dateModified\":\"2026-01-14T22:17:23+00:00\",\"description\":\"AUDIFONOS RELOOP MOD. RH-2500. Aud\u00edfonos profesionales para DJ con estructura giratoria y pelgable, construcci\u00f3n cerrada, enrutamiento de cable por un lado (cable de cobre sin ox\u00edgeno), excelentes caracter\u00edsticas del sonido debido al saggar de cobalto con un amplio factor de eficiencia, fabricaci\u00f3n excepcional con construcci\u00f3n de soporte extra fortificada, alta capacidad de reproducci\u00f3n, reproducci\u00f3n precisa de frecuencias graves, medias y agudas, excelente comodidad de uso gracias a un peso a\u00fan m\u00e1s reducido, logotipo de Reloop bordado en los aud\u00edfonos, 2 drivers de 40 mm, rango de frecuencia: 20 Hz - 20 kHz, sensibilidad: 118 dB, impedancia: 32 ohms, conector jack est\u00e9reo de 3.5 mm y adaptador para jack est\u00e9reo de 6.3 mm, cable de 1.05 m, peso: 307 g.\",\"breadcrumb\":{\"@id\":\"https:\\\/\\\/www.mexicanguitarplayers.com\\\/tienda\\\/audio\\\/audifonos\\\/audifono-alambrico\\\/audifonos-para-dj\\\/audifonos-reloop-mod-rh-2500\\\/#breadcrumb\"},\"inLanguage\":\"en-US\",\"potentialAction\":[{\"@type\":\"ReadAction\",\"target\":[\"https:\\\/\\\/www.mexicanguitarplayers.com\\\/tienda\\\/audio\\\/audifonos\\\/audifono-alambrico\\\/audifonos-para-dj\\\/audifonos-reloop-mod-rh-2500\\\/\"]}]},{\"@type\":\"ImageObject\",\"inLanguage\":\"en-US\",\"@id\":\"https:\\\/\\\/www.mexicanguitarplayers.com\\\/tienda\\\/audio\\\/audifonos\\\/audifono-alambrico\\\/audifonos-para-dj\\\/audifonos-reloop-mod-rh-2500\\\/#primaryimage\",\"url\":\"https:\\\/\\\/www.mexicanguitarplayers.com\\\/wp-content\\\/uploads\\\/2022\\\/08\\\/VARELRH2500.jpg\",\"contentUrl\":\"https:\\\/\\\/www.mexicanguitarplayers.com\\\/wp-content\\\/uploads\\\/2022\\\/08\\\/VARELRH2500.jpg\",\"width\":1200,\"height\":1200},{\"@type\":\"BreadcrumbList\",\"@id\":\"https:\\\/\\\/www.mexicanguitarplayers.com\\\/tienda\\\/audio\\\/audifonos\\\/audifono-alambrico\\\/audifonos-para-dj\\\/audifonos-reloop-mod-rh-2500\\\/#breadcrumb\",\"itemListElement\":[{\"@type\":\"ListItem\",\"position\":1,\"name\":\"Portada\",\"item\":\"https:\\\/\\\/www.mexicanguitarplayers.com\\\/\"},{\"@type\":\"ListItem\",\"position\":2,\"name\":\"Tienda\",\"item\":\"https:\\\/\\\/www.mexicanguitarplayers.com\\\/tienda\\\/\"},{\"@type\":\"ListItem\",\"position\":3,\"name\":\"AUDIFONOS RELOOP MOD. RH-2500\"}]},{\"@type\":\"WebSite\",\"@id\":\"https:\\\/\\\/www.mexicanguitarplayers.com\\\/#website\",\"url\":\"https:\\\/\\\/www.mexicanguitarplayers.com\\\/\",\"name\":\"Mexican Guitar Players\",\"description\":\"Website\",\"publisher\":{\"@id\":\"https:\\\/\\\/www.mexicanguitarplayers.com\\\/#organization\"},\"potentialAction\":[{\"@type\":\"SearchAction\",\"target\":{\"@type\":\"EntryPoint\",\"urlTemplate\":\"https:\\\/\\\/www.mexicanguitarplayers.com\\\/?s={search_term_string}\"},\"query-input\":{\"@type\":\"PropertyValueSpecification\",\"valueRequired\":true,\"valueName\":\"search_term_string\"}}],\"inLanguage\":\"en-US\"},{\"@type\":\"Organization\",\"@id\":\"https:\\\/\\\/www.mexicanguitarplayers.com\\\/#organization\",\"name\":\"Mexican Guitar Players\",\"url\":\"https:\\\/\\\/www.mexicanguitarplayers.com\\\/\",\"logo\":{\"@type\":\"ImageObject\",\"inLanguage\":\"en-US\",\"@id\":\"https:\\\/\\\/www.mexicanguitarplayers.com\\\/#\\\/schema\\\/logo\\\/image\\\/\",\"url\":\"\",\"contentUrl\":\"\",\"caption\":\"Mexican Guitar Players\"},\"image\":{\"@id\":\"https:\\\/\\\/www.mexicanguitarplayers.com\\\/#\\\/schema\\\/logo\\\/image\\\/\"}}]}<\/script>\n<!-- \/ Yoast SEO plugin. -->","yoast_head_json":{"title":"AUDIFONOS RELOOP MOD. RH-2500 - Mexican Guitar Players","description":"AUDIFONOS RELOOP MOD. RH-2500. Aud\u00edfonos profesionales para DJ con estructura giratoria y pelgable, construcci\u00f3n cerrada, enrutamiento de cable por un lado (cable de cobre sin ox\u00edgeno), excelentes caracter\u00edsticas del sonido debido al saggar de cobalto con un amplio factor de eficiencia, fabricaci\u00f3n excepcional con construcci\u00f3n de soporte extra fortificada, alta capacidad de reproducci\u00f3n, reproducci\u00f3n precisa de frecuencias graves, medias y agudas, excelente comodidad de uso gracias a un peso a\u00fan m\u00e1s reducido, logotipo de Reloop bordado en los aud\u00edfonos, 2 drivers de 40 mm, rango de frecuencia: 20 Hz - 20 kHz, sensibilidad: 118 dB, impedancia: 32 ohms, conector jack est\u00e9reo de 3.5 mm y adaptador para jack est\u00e9reo de 6.3 mm, cable de 1.05 m, peso: 307 g.","robots":{"index":"index","follow":"follow","max-snippet":"max-snippet:-1","max-image-preview":"max-image-preview:large","max-video-preview":"max-video-preview:-1"},"canonical":"https:\/\/www.mexicanguitarplayers.com\/en\/tienda\/audio\/audifonos\/audifono-alambrico\/audifonos-para-dj\/audifonos-reloop-mod-rh-2500\/","og_locale":"en_US","og_type":"article","og_title":"AUDIFONOS RELOOP MOD. RH-2500 - Mexican Guitar Players","og_description":"AUDIFONOS RELOOP MOD. RH-2500. Aud\u00edfonos profesionales para DJ con estructura giratoria y pelgable, construcci\u00f3n cerrada, enrutamiento de cable por un lado (cable de cobre sin ox\u00edgeno), excelentes caracter\u00edsticas del sonido debido al saggar de cobalto con un amplio factor de eficiencia, fabricaci\u00f3n excepcional con construcci\u00f3n de soporte extra fortificada, alta capacidad de reproducci\u00f3n, reproducci\u00f3n precisa de frecuencias graves, medias y agudas, excelente comodidad de uso gracias a un peso a\u00fan m\u00e1s reducido, logotipo de Reloop bordado en los aud\u00edfonos, 2 drivers de 40 mm, rango de frecuencia: 20 Hz - 20 kHz, sensibilidad: 118 dB, impedancia: 32 ohms, conector jack est\u00e9reo de 3.5 mm y adaptador para jack est\u00e9reo de 6.3 mm, cable de 1.05 m, peso: 307 g.","og_url":"https:\/\/www.mexicanguitarplayers.com\/en\/tienda\/audio\/audifonos\/audifono-alambrico\/audifonos-para-dj\/audifonos-reloop-mod-rh-2500\/","og_site_name":"Mexican Guitar Players","article_modified_time":"2026-01-14T22:17:23+00:00","og_image":[{"width":1200,"height":1200,"url":"https:\/\/www.mexicanguitarplayers.com\/wp-content\/uploads\/2022\/08\/VARELRH2500.jpg","type":"image\/jpeg"}],"twitter_card":"summary_large_image","twitter_misc":{"Est. reading time":"1 minute"},"schema":{"@context":"https:\/\/schema.org","@graph":[{"@type":["WebPage","ItemPage"],"@id":"https:\/\/www.mexicanguitarplayers.com\/tienda\/audio\/audifonos\/audifono-alambrico\/audifonos-para-dj\/audifonos-reloop-mod-rh-2500\/","url":"https:\/\/www.mexicanguitarplayers.com\/tienda\/audio\/audifonos\/audifono-alambrico\/audifonos-para-dj\/audifonos-reloop-mod-rh-2500\/","name":"AUDIFONOS RELOOP MOD. RH-2500 - Mexican Guitar Players","isPartOf":{"@id":"https:\/\/www.mexicanguitarplayers.com\/#website"},"primaryImageOfPage":{"@id":"https:\/\/www.mexicanguitarplayers.com\/tienda\/audio\/audifonos\/audifono-alambrico\/audifonos-para-dj\/audifonos-reloop-mod-rh-2500\/#primaryimage"},"image":{"@id":"https:\/\/www.mexicanguitarplayers.com\/tienda\/audio\/audifonos\/audifono-alambrico\/audifonos-para-dj\/audifonos-reloop-mod-rh-2500\/#primaryimage"},"thumbnailUrl":"https:\/\/www.mexicanguitarplayers.com\/wp-content\/uploads\/2022\/08\/VARELRH2500.jpg","datePublished":"2022-08-18T20:16:57+00:00","dateModified":"2026-01-14T22:17:23+00:00","description":"AUDIFONOS RELOOP MOD. RH-2500. Aud\u00edfonos profesionales para DJ con estructura giratoria y pelgable, construcci\u00f3n cerrada, enrutamiento de cable por un lado (cable de cobre sin ox\u00edgeno), excelentes caracter\u00edsticas del sonido debido al saggar de cobalto con un amplio factor de eficiencia, fabricaci\u00f3n excepcional con construcci\u00f3n de soporte extra fortificada, alta capacidad de reproducci\u00f3n, reproducci\u00f3n precisa de frecuencias graves, medias y agudas, excelente comodidad de uso gracias a un peso a\u00fan m\u00e1s reducido, logotipo de Reloop bordado en los aud\u00edfonos, 2 drivers de 40 mm, rango de frecuencia: 20 Hz - 20 kHz, sensibilidad: 118 dB, impedancia: 32 ohms, conector jack est\u00e9reo de 3.5 mm y adaptador para jack est\u00e9reo de 6.3 mm, cable de 1.05 m, peso: 307 g.","breadcrumb":{"@id":"https:\/\/www.mexicanguitarplayers.com\/tienda\/audio\/audifonos\/audifono-alambrico\/audifonos-para-dj\/audifonos-reloop-mod-rh-2500\/#breadcrumb"},"inLanguage":"en-US","potentialAction":[{"@type":"ReadAction","target":["https:\/\/www.mexicanguitarplayers.com\/tienda\/audio\/audifonos\/audifono-alambrico\/audifonos-para-dj\/audifonos-reloop-mod-rh-2500\/"]}]},{"@type":"ImageObject","inLanguage":"en-US","@id":"https:\/\/www.mexicanguitarplayers.com\/tienda\/audio\/audifonos\/audifono-alambrico\/audifonos-para-dj\/audifonos-reloop-mod-rh-2500\/#primaryimage","url":"https:\/\/www.mexicanguitarplayers.com\/wp-content\/uploads\/2022\/08\/VARELRH2500.jpg","contentUrl":"https:\/\/www.mexicanguitarplayers.com\/wp-content\/uploads\/2022\/08\/VARELRH2500.jpg","width":1200,"height":1200},{"@type":"BreadcrumbList","@id":"https:\/\/www.mexicanguitarplayers.com\/tienda\/audio\/audifonos\/audifono-alambrico\/audifonos-para-dj\/audifonos-reloop-mod-rh-2500\/#breadcrumb","itemListElement":[{"@type":"ListItem","position":1,"name":"Portada","item":"https:\/\/www.mexicanguitarplayers.com\/"},{"@type":"ListItem","position":2,"name":"Tienda","item":"https:\/\/www.mexicanguitarplayers.com\/tienda\/"},{"@type":"ListItem","position":3,"name":"AUDIFONOS RELOOP MOD. RH-2500"}]},{"@type":"WebSite","@id":"https:\/\/www.mexicanguitarplayers.com\/#website","url":"https:\/\/www.mexicanguitarplayers.com\/","name":"Mexican Guitar Players","description":"Website","publisher":{"@id":"https:\/\/www.mexicanguitarplayers.com\/#organization"},"potentialAction":[{"@type":"SearchAction","target":{"@type":"EntryPoint","urlTemplate":"https:\/\/www.mexicanguitarplayers.com\/?s={search_term_string}"},"query-input":{"@type":"PropertyValueSpecification","valueRequired":true,"valueName":"search_term_string"}}],"inLanguage":"en-US"},{"@type":"Organization","@id":"https:\/\/www.mexicanguitarplayers.com\/#organization","name":"Mexican Guitar Players","url":"https:\/\/www.mexicanguitarplayers.com\/","logo":{"@type":"ImageObject","inLanguage":"en-US","@id":"https:\/\/www.mexicanguitarplayers.com\/#\/schema\/logo\/image\/","url":"","contentUrl":"","caption":"Mexican Guitar Players"},"image":{"@id":"https:\/\/www.mexicanguitarplayers.com\/#\/schema\/logo\/image\/"}}]}},"brands":[{"id":496,"name":"RELOOP","slug":"reloop"}],"_links":{"self":[{"href":"https:\/\/www.mexicanguitarplayers.com\/en\/wp-json\/wp\/v2\/product\/14621","targetHints":{"allow":["GET"]}}],"collection":[{"href":"https:\/\/www.mexicanguitarplayers.com\/en\/wp-json\/wp\/v2\/product"}],"about":[{"href":"https:\/\/www.mexicanguitarplayers.com\/en\/wp-json\/wp\/v2\/types\/product"}],"replies":[{"embeddable":true,"href":"https:\/\/www.mexicanguitarplayers.com\/en\/wp-json\/wp\/v2\/comments?post=14621"}],"wp:featuredmedia":[{"embeddable":true,"href":"https:\/\/www.mexicanguitarplayers.com\/en\/wp-json\/wp\/v2\/media\/14617"}],"wp:attachment":[{"href":"https:\/\/www.mexicanguitarplayers.com\/en\/wp-json\/wp\/v2\/media?parent=14621"}],"wp:term":[{"taxonomy":"pwb-brand","embeddable":true,"href":"https:\/\/www.mexicanguitarplayers.com\/en\/wp-json\/wp\/v2\/pwb-brand?post=14621"},{"taxonomy":"product_brand","embeddable":true,"href":"https:\/\/www.mexicanguitarplayers.com\/en\/wp-json\/wp\/v2\/product_brand?post=14621"},{"taxonomy":"product_cat","embeddable":true,"href":"https:\/\/www.mexicanguitarplayers.com\/en\/wp-json\/wp\/v2\/product_cat?post=14621"},{"taxonomy":"product_tag","embeddable":true,"href":"https:\/\/www.mexicanguitarplayers.com\/en\/wp-json\/wp\/v2\/product_tag?post=14621"}],"curies":[{"name":"wp","href":"https:\/\/api.w.org\/{rel}","templated":true}]}}