{"id":14623,"date":"2022-08-18T15:17:00","date_gmt":"2022-08-18T20:17:00","guid":{"rendered":"https:\/\/www.mexicanguitarplayers.com\/tienda\/sin%20categor\u00eda\/audifono-reloop-mod-rhp-10-mono-black\/"},"modified":"2026-01-01T10:26:30","modified_gmt":"2026-01-01T16:26:30","slug":"audifono-reloop-mod-rhp-10-mono-black","status":"publish","type":"product","link":"https:\/\/www.mexicanguitarplayers.com\/en\/tienda\/audio\/audifonos\/audifono-alambrico\/audifonos-para-dj\/audifono-reloop-mod-rhp-10-mono-black\/","title":{"rendered":"HEADPHONE RELOOP MOD. RHP-10 MONO BLACK"},"content":{"rendered":"<div style=\"text-align: justify\">\n<div>\n<h3>HEADPHONE RELOOP MOD. RHP-10 MONO BLACK<\/h3>\n<\/div>\n<div>Headphones for monitoring, professional construction with a single earphone with 50 mm neodymium driver, ergonomically padded handle, swivel-mounted earphone, water-resistant ear cushions made of artificial leather, \u201cflat comfort\u201d construction with compact and lightweight cup shell, connection Robust XLR, individually adjustable excellent wearing comfort, 90\u00b0 angle adapter for optimized cable routing, weight: 246 g, including artificial leather bag and cable.<\/div>\n<\/div>","protected":false},"excerpt":{"rendered":"<p>Aud\u00edfonos para monitoreo, construcci\u00f3n profesional con un s\u00f3lo auricular con driver de neodimio de 50 mm, asa ergon\u00f3micamente acolchada, auricular de montaje giratorio, almohadillas resistentes al agua hechas de cuero artificial, construcci\u00f3n \u201cflat comfort\u201d con carcasa de copa compacta y ligera, conexi\u00f3n XLR robusta, excelente comodidad de uso ajustable individualmente, adaptador de \u00e1ngulo de 90\u00b0 para un enrutamiento optimizado de cables, peso: 246 g, incluye bolsa de cuero artificial y cable.&hellip; <a class=\"kt-excerpt-readmore more-link\" href=\"https:\/\/www.mexicanguitarplayers.com\/en\/tienda\/audio\/audifonos\/audifono-alambrico\/audifonos-para-dj\/audifono-reloop-mod-rhp-10-mono-black\/\">Read more<\/a><\/p>","protected":false},"featured_media":14622,"comment_status":"open","ping_status":"closed","template":"","meta":{"kt_blocks_editor_width":""},"pwb-brand":[496],"product_brand":[],"product_cat":[506,505,511,213],"product_tag":[],"class_list":{"0":"post-14623","1":"product","2":"type-product","3":"status-publish","4":"has-post-thumbnail","6":"pwb-brand-reloop","7":"product_cat-audifono-alambrico","8":"product_cat-audifonos","9":"product_cat-audifonos-para-dj","10":"product_cat-audio","11":"product_shipping_class-0-5-kg","13":"first","14":"instock","15":"taxable","16":"shipping-taxable","17":"purchasable","18":"product-type-simple"},"yoast_head":"<!-- This site is optimized with the Yoast SEO plugin v27.3 - https:\/\/yoast.com\/product\/yoast-seo-wordpress\/ -->\n<title>AUDIFONO RELOOP MOD. RHP-10 MONO BLACK - Mexican Guitar Players<\/title>\n<meta name=\"description\" content=\"AUDIFONO RELOOP MOD. RHP-10 MONO BLACK. Aud\u00edfonos para monitoreo, construcci\u00f3n profesional con un s\u00f3lo auricular con driver de neodimio de 50 mm, asa ergon\u00f3micamente acolchada, auricular de montaje giratorio, almohadillas resistentes al agua hechas de cuero artificial, construcci\u00f3n \u201cflat comfort\u201d con carcasa de copa compacta y ligera, conexi\u00f3n XLR robusta, excelente comodidad de uso ajustable individualmente, adaptador de \u00e1ngulo de 90\u00b0 para un enrutamiento optimizado de cables, peso: 246 g, incluye bolsa de cuero artificial y cable.\" \/>\n<meta name=\"robots\" content=\"index, follow, max-snippet:-1, max-image-preview:large, max-video-preview:-1\" \/>\n<link rel=\"canonical\" href=\"https:\/\/www.mexicanguitarplayers.com\/en\/tienda\/audio\/audifonos\/audifono-alambrico\/audifonos-para-dj\/audifono-reloop-mod-rhp-10-mono-black\/\" \/>\n<meta property=\"og:locale\" content=\"en_US\" \/>\n<meta property=\"og:type\" content=\"article\" \/>\n<meta property=\"og:title\" content=\"AUDIFONO RELOOP MOD. RHP-10 MONO BLACK - Mexican Guitar Players\" \/>\n<meta property=\"og:description\" content=\"AUDIFONO RELOOP MOD. RHP-10 MONO BLACK. Aud\u00edfonos para monitoreo, construcci\u00f3n profesional con un s\u00f3lo auricular con driver de neodimio de 50 mm, asa ergon\u00f3micamente acolchada, auricular de montaje giratorio, almohadillas resistentes al agua hechas de cuero artificial, construcci\u00f3n \u201cflat comfort\u201d con carcasa de copa compacta y ligera, conexi\u00f3n XLR robusta, excelente comodidad de uso ajustable individualmente, adaptador de \u00e1ngulo de 90\u00b0 para un enrutamiento optimizado de cables, peso: 246 g, incluye bolsa de cuero artificial y cable.\" \/>\n<meta property=\"og:url\" content=\"https:\/\/www.mexicanguitarplayers.com\/en\/tienda\/audio\/audifonos\/audifono-alambrico\/audifonos-para-dj\/audifono-reloop-mod-rhp-10-mono-black\/\" \/>\n<meta property=\"og:site_name\" content=\"Mexican Guitar Players\" \/>\n<meta property=\"article:modified_time\" content=\"2026-01-01T16:26:30+00:00\" \/>\n<meta property=\"og:image\" content=\"https:\/\/www.mexicanguitarplayers.com\/wp-content\/uploads\/2022\/08\/VARELRHP10MOBK.jpg\" \/>\n\t<meta property=\"og:image:width\" content=\"800\" \/>\n\t<meta property=\"og:image:height\" content=\"1600\" \/>\n\t<meta property=\"og:image:type\" content=\"image\/jpeg\" \/>\n<meta name=\"twitter:card\" content=\"summary_large_image\" \/>\n<script type=\"application\/ld+json\" class=\"yoast-schema-graph\">{\"@context\":\"https:\\\/\\\/schema.org\",\"@graph\":[{\"@type\":[\"WebPage\",\"ItemPage\"],\"@id\":\"https:\\\/\\\/www.mexicanguitarplayers.com\\\/tienda\\\/audio\\\/audifonos\\\/audifono-alambrico\\\/audifonos-para-dj\\\/audifono-reloop-mod-rhp-10-mono-black\\\/\",\"url\":\"https:\\\/\\\/www.mexicanguitarplayers.com\\\/tienda\\\/audio\\\/audifonos\\\/audifono-alambrico\\\/audifonos-para-dj\\\/audifono-reloop-mod-rhp-10-mono-black\\\/\",\"name\":\"AUDIFONO RELOOP MOD. RHP-10 MONO BLACK - Mexican Guitar Players\",\"isPartOf\":{\"@id\":\"https:\\\/\\\/www.mexicanguitarplayers.com\\\/#website\"},\"primaryImageOfPage\":{\"@id\":\"https:\\\/\\\/www.mexicanguitarplayers.com\\\/tienda\\\/audio\\\/audifonos\\\/audifono-alambrico\\\/audifonos-para-dj\\\/audifono-reloop-mod-rhp-10-mono-black\\\/#primaryimage\"},\"image\":{\"@id\":\"https:\\\/\\\/www.mexicanguitarplayers.com\\\/tienda\\\/audio\\\/audifonos\\\/audifono-alambrico\\\/audifonos-para-dj\\\/audifono-reloop-mod-rhp-10-mono-black\\\/#primaryimage\"},\"thumbnailUrl\":\"https:\\\/\\\/www.mexicanguitarplayers.com\\\/wp-content\\\/uploads\\\/2022\\\/08\\\/VARELRHP10MOBK.jpg\",\"datePublished\":\"2022-08-18T20:17:00+00:00\",\"dateModified\":\"2026-01-01T16:26:30+00:00\",\"description\":\"AUDIFONO RELOOP MOD. RHP-10 MONO BLACK. Aud\u00edfonos para monitoreo, construcci\u00f3n profesional con un s\u00f3lo auricular con driver de neodimio de 50 mm, asa ergon\u00f3micamente acolchada, auricular de montaje giratorio, almohadillas resistentes al agua hechas de cuero artificial, construcci\u00f3n \u201cflat comfort\u201d con carcasa de copa compacta y ligera, conexi\u00f3n XLR robusta, excelente comodidad de uso ajustable individualmente, adaptador de \u00e1ngulo de 90\u00b0 para un enrutamiento optimizado de cables, peso: 246 g, incluye bolsa de cuero artificial y cable.\",\"breadcrumb\":{\"@id\":\"https:\\\/\\\/www.mexicanguitarplayers.com\\\/tienda\\\/audio\\\/audifonos\\\/audifono-alambrico\\\/audifonos-para-dj\\\/audifono-reloop-mod-rhp-10-mono-black\\\/#breadcrumb\"},\"inLanguage\":\"en-US\",\"potentialAction\":[{\"@type\":\"ReadAction\",\"target\":[\"https:\\\/\\\/www.mexicanguitarplayers.com\\\/tienda\\\/audio\\\/audifonos\\\/audifono-alambrico\\\/audifonos-para-dj\\\/audifono-reloop-mod-rhp-10-mono-black\\\/\"]}]},{\"@type\":\"ImageObject\",\"inLanguage\":\"en-US\",\"@id\":\"https:\\\/\\\/www.mexicanguitarplayers.com\\\/tienda\\\/audio\\\/audifonos\\\/audifono-alambrico\\\/audifonos-para-dj\\\/audifono-reloop-mod-rhp-10-mono-black\\\/#primaryimage\",\"url\":\"https:\\\/\\\/www.mexicanguitarplayers.com\\\/wp-content\\\/uploads\\\/2022\\\/08\\\/VARELRHP10MOBK.jpg\",\"contentUrl\":\"https:\\\/\\\/www.mexicanguitarplayers.com\\\/wp-content\\\/uploads\\\/2022\\\/08\\\/VARELRHP10MOBK.jpg\",\"width\":800,\"height\":1600},{\"@type\":\"BreadcrumbList\",\"@id\":\"https:\\\/\\\/www.mexicanguitarplayers.com\\\/tienda\\\/audio\\\/audifonos\\\/audifono-alambrico\\\/audifonos-para-dj\\\/audifono-reloop-mod-rhp-10-mono-black\\\/#breadcrumb\",\"itemListElement\":[{\"@type\":\"ListItem\",\"position\":1,\"name\":\"Portada\",\"item\":\"https:\\\/\\\/www.mexicanguitarplayers.com\\\/\"},{\"@type\":\"ListItem\",\"position\":2,\"name\":\"Tienda\",\"item\":\"https:\\\/\\\/www.mexicanguitarplayers.com\\\/tienda\\\/\"},{\"@type\":\"ListItem\",\"position\":3,\"name\":\"AUDIFONO RELOOP MOD. RHP-10 MONO BLACK\"}]},{\"@type\":\"WebSite\",\"@id\":\"https:\\\/\\\/www.mexicanguitarplayers.com\\\/#website\",\"url\":\"https:\\\/\\\/www.mexicanguitarplayers.com\\\/\",\"name\":\"Mexican Guitar Players\",\"description\":\"Website\",\"publisher\":{\"@id\":\"https:\\\/\\\/www.mexicanguitarplayers.com\\\/#organization\"},\"potentialAction\":[{\"@type\":\"SearchAction\",\"target\":{\"@type\":\"EntryPoint\",\"urlTemplate\":\"https:\\\/\\\/www.mexicanguitarplayers.com\\\/?s={search_term_string}\"},\"query-input\":{\"@type\":\"PropertyValueSpecification\",\"valueRequired\":true,\"valueName\":\"search_term_string\"}}],\"inLanguage\":\"en-US\"},{\"@type\":\"Organization\",\"@id\":\"https:\\\/\\\/www.mexicanguitarplayers.com\\\/#organization\",\"name\":\"Mexican Guitar Players\",\"url\":\"https:\\\/\\\/www.mexicanguitarplayers.com\\\/\",\"logo\":{\"@type\":\"ImageObject\",\"inLanguage\":\"en-US\",\"@id\":\"https:\\\/\\\/www.mexicanguitarplayers.com\\\/#\\\/schema\\\/logo\\\/image\\\/\",\"url\":\"\",\"contentUrl\":\"\",\"caption\":\"Mexican Guitar Players\"},\"image\":{\"@id\":\"https:\\\/\\\/www.mexicanguitarplayers.com\\\/#\\\/schema\\\/logo\\\/image\\\/\"}}]}<\/script>\n<!-- \/ Yoast SEO plugin. -->","yoast_head_json":{"title":"AUDIFONO RELOOP MOD. RHP-10 MONO BLACK - Mexican Guitar Players","description":"AUDIFONO RELOOP MOD. RHP-10 MONO BLACK. Aud\u00edfonos para monitoreo, construcci\u00f3n profesional con un s\u00f3lo auricular con driver de neodimio de 50 mm, asa ergon\u00f3micamente acolchada, auricular de montaje giratorio, almohadillas resistentes al agua hechas de cuero artificial, construcci\u00f3n \u201cflat comfort\u201d con carcasa de copa compacta y ligera, conexi\u00f3n XLR robusta, excelente comodidad de uso ajustable individualmente, adaptador de \u00e1ngulo de 90\u00b0 para un enrutamiento optimizado de cables, peso: 246 g, incluye bolsa de cuero artificial y cable.","robots":{"index":"index","follow":"follow","max-snippet":"max-snippet:-1","max-image-preview":"max-image-preview:large","max-video-preview":"max-video-preview:-1"},"canonical":"https:\/\/www.mexicanguitarplayers.com\/en\/tienda\/audio\/audifonos\/audifono-alambrico\/audifonos-para-dj\/audifono-reloop-mod-rhp-10-mono-black\/","og_locale":"en_US","og_type":"article","og_title":"AUDIFONO RELOOP MOD. RHP-10 MONO BLACK - Mexican Guitar Players","og_description":"AUDIFONO RELOOP MOD. RHP-10 MONO BLACK. Aud\u00edfonos para monitoreo, construcci\u00f3n profesional con un s\u00f3lo auricular con driver de neodimio de 50 mm, asa ergon\u00f3micamente acolchada, auricular de montaje giratorio, almohadillas resistentes al agua hechas de cuero artificial, construcci\u00f3n \u201cflat comfort\u201d con carcasa de copa compacta y ligera, conexi\u00f3n XLR robusta, excelente comodidad de uso ajustable individualmente, adaptador de \u00e1ngulo de 90\u00b0 para un enrutamiento optimizado de cables, peso: 246 g, incluye bolsa de cuero artificial y cable.","og_url":"https:\/\/www.mexicanguitarplayers.com\/en\/tienda\/audio\/audifonos\/audifono-alambrico\/audifonos-para-dj\/audifono-reloop-mod-rhp-10-mono-black\/","og_site_name":"Mexican Guitar Players","article_modified_time":"2026-01-01T16:26:30+00:00","og_image":[{"width":800,"height":1600,"url":"https:\/\/www.mexicanguitarplayers.com\/wp-content\/uploads\/2022\/08\/VARELRHP10MOBK.jpg","type":"image\/jpeg"}],"twitter_card":"summary_large_image","schema":{"@context":"https:\/\/schema.org","@graph":[{"@type":["WebPage","ItemPage"],"@id":"https:\/\/www.mexicanguitarplayers.com\/tienda\/audio\/audifonos\/audifono-alambrico\/audifonos-para-dj\/audifono-reloop-mod-rhp-10-mono-black\/","url":"https:\/\/www.mexicanguitarplayers.com\/tienda\/audio\/audifonos\/audifono-alambrico\/audifonos-para-dj\/audifono-reloop-mod-rhp-10-mono-black\/","name":"AUDIFONO RELOOP MOD. RHP-10 MONO BLACK - Mexican Guitar Players","isPartOf":{"@id":"https:\/\/www.mexicanguitarplayers.com\/#website"},"primaryImageOfPage":{"@id":"https:\/\/www.mexicanguitarplayers.com\/tienda\/audio\/audifonos\/audifono-alambrico\/audifonos-para-dj\/audifono-reloop-mod-rhp-10-mono-black\/#primaryimage"},"image":{"@id":"https:\/\/www.mexicanguitarplayers.com\/tienda\/audio\/audifonos\/audifono-alambrico\/audifonos-para-dj\/audifono-reloop-mod-rhp-10-mono-black\/#primaryimage"},"thumbnailUrl":"https:\/\/www.mexicanguitarplayers.com\/wp-content\/uploads\/2022\/08\/VARELRHP10MOBK.jpg","datePublished":"2022-08-18T20:17:00+00:00","dateModified":"2026-01-01T16:26:30+00:00","description":"AUDIFONO RELOOP MOD. RHP-10 MONO BLACK. Aud\u00edfonos para monitoreo, construcci\u00f3n profesional con un s\u00f3lo auricular con driver de neodimio de 50 mm, asa ergon\u00f3micamente acolchada, auricular de montaje giratorio, almohadillas resistentes al agua hechas de cuero artificial, construcci\u00f3n \u201cflat comfort\u201d con carcasa de copa compacta y ligera, conexi\u00f3n XLR robusta, excelente comodidad de uso ajustable individualmente, adaptador de \u00e1ngulo de 90\u00b0 para un enrutamiento optimizado de cables, peso: 246 g, incluye bolsa de cuero artificial y cable.","breadcrumb":{"@id":"https:\/\/www.mexicanguitarplayers.com\/tienda\/audio\/audifonos\/audifono-alambrico\/audifonos-para-dj\/audifono-reloop-mod-rhp-10-mono-black\/#breadcrumb"},"inLanguage":"en-US","potentialAction":[{"@type":"ReadAction","target":["https:\/\/www.mexicanguitarplayers.com\/tienda\/audio\/audifonos\/audifono-alambrico\/audifonos-para-dj\/audifono-reloop-mod-rhp-10-mono-black\/"]}]},{"@type":"ImageObject","inLanguage":"en-US","@id":"https:\/\/www.mexicanguitarplayers.com\/tienda\/audio\/audifonos\/audifono-alambrico\/audifonos-para-dj\/audifono-reloop-mod-rhp-10-mono-black\/#primaryimage","url":"https:\/\/www.mexicanguitarplayers.com\/wp-content\/uploads\/2022\/08\/VARELRHP10MOBK.jpg","contentUrl":"https:\/\/www.mexicanguitarplayers.com\/wp-content\/uploads\/2022\/08\/VARELRHP10MOBK.jpg","width":800,"height":1600},{"@type":"BreadcrumbList","@id":"https:\/\/www.mexicanguitarplayers.com\/tienda\/audio\/audifonos\/audifono-alambrico\/audifonos-para-dj\/audifono-reloop-mod-rhp-10-mono-black\/#breadcrumb","itemListElement":[{"@type":"ListItem","position":1,"name":"Portada","item":"https:\/\/www.mexicanguitarplayers.com\/"},{"@type":"ListItem","position":2,"name":"Tienda","item":"https:\/\/www.mexicanguitarplayers.com\/tienda\/"},{"@type":"ListItem","position":3,"name":"AUDIFONO RELOOP MOD. RHP-10 MONO BLACK"}]},{"@type":"WebSite","@id":"https:\/\/www.mexicanguitarplayers.com\/#website","url":"https:\/\/www.mexicanguitarplayers.com\/","name":"Mexican Guitar Players","description":"Website","publisher":{"@id":"https:\/\/www.mexicanguitarplayers.com\/#organization"},"potentialAction":[{"@type":"SearchAction","target":{"@type":"EntryPoint","urlTemplate":"https:\/\/www.mexicanguitarplayers.com\/?s={search_term_string}"},"query-input":{"@type":"PropertyValueSpecification","valueRequired":true,"valueName":"search_term_string"}}],"inLanguage":"en-US"},{"@type":"Organization","@id":"https:\/\/www.mexicanguitarplayers.com\/#organization","name":"Mexican Guitar Players","url":"https:\/\/www.mexicanguitarplayers.com\/","logo":{"@type":"ImageObject","inLanguage":"en-US","@id":"https:\/\/www.mexicanguitarplayers.com\/#\/schema\/logo\/image\/","url":"","contentUrl":"","caption":"Mexican Guitar Players"},"image":{"@id":"https:\/\/www.mexicanguitarplayers.com\/#\/schema\/logo\/image\/"}}]}},"brands":[{"id":496,"name":"RELOOP","slug":"reloop"}],"_links":{"self":[{"href":"https:\/\/www.mexicanguitarplayers.com\/en\/wp-json\/wp\/v2\/product\/14623","targetHints":{"allow":["GET"]}}],"collection":[{"href":"https:\/\/www.mexicanguitarplayers.com\/en\/wp-json\/wp\/v2\/product"}],"about":[{"href":"https:\/\/www.mexicanguitarplayers.com\/en\/wp-json\/wp\/v2\/types\/product"}],"replies":[{"embeddable":true,"href":"https:\/\/www.mexicanguitarplayers.com\/en\/wp-json\/wp\/v2\/comments?post=14623"}],"wp:featuredmedia":[{"embeddable":true,"href":"https:\/\/www.mexicanguitarplayers.com\/en\/wp-json\/wp\/v2\/media\/14622"}],"wp:attachment":[{"href":"https:\/\/www.mexicanguitarplayers.com\/en\/wp-json\/wp\/v2\/media?parent=14623"}],"wp:term":[{"taxonomy":"pwb-brand","embeddable":true,"href":"https:\/\/www.mexicanguitarplayers.com\/en\/wp-json\/wp\/v2\/pwb-brand?post=14623"},{"taxonomy":"product_brand","embeddable":true,"href":"https:\/\/www.mexicanguitarplayers.com\/en\/wp-json\/wp\/v2\/product_brand?post=14623"},{"taxonomy":"product_cat","embeddable":true,"href":"https:\/\/www.mexicanguitarplayers.com\/en\/wp-json\/wp\/v2\/product_cat?post=14623"},{"taxonomy":"product_tag","embeddable":true,"href":"https:\/\/www.mexicanguitarplayers.com\/en\/wp-json\/wp\/v2\/product_tag?post=14623"}],"curies":[{"name":"wp","href":"https:\/\/api.w.org\/{rel}","templated":true}]}}