{"id":14625,"date":"2022-08-18T15:17:03","date_gmt":"2022-08-18T20:17:03","guid":{"rendered":"https:\/\/www.mexicanguitarplayers.com\/tienda\/sin%20categor\u00eda\/audifonos-reloop-mod-rhp-15\/"},"modified":"2026-05-01T07:41:13","modified_gmt":"2026-05-01T13:41:13","slug":"audifonos-reloop-mod-rhp-15","status":"publish","type":"product","link":"https:\/\/www.mexicanguitarplayers.com\/en\/tienda\/audio\/audifonos\/audifono-alambrico\/audifonos-para-dj\/audifonos-reloop-mod-rhp-15\/","title":{"rendered":"HEADPHONES RELOOP MOD. RHP-15"},"content":{"rendered":"<div style=\"text-align: justify\">\n<div>\n<h3>HEADPHONES RELOOP MOD. RHP-15<\/h3>\n<\/div>\n<div>Closed-back DJ headphones with 50mm high-performance drivers, powerful sound optimized for DJs, robust construction for professional use, smart retractable construction for compact and safe transport, swivel ear cups for flexible handling while performing your DJ routines, stand comfortable and resistant head with padding, high-quality aluminum inlays with Reloop logo, comfortable pads for long DJ sessions, detachable audio cable, cable routing on one side, gold-plated connections, including 6.3 mm adapter, frequency range: 10 Hz \u2013 20 kHz, impedance: 42 ohms, sound pressure: 100 dB, 3.5 plug and adapter for 6.3 mm, weight: 310 g, includes a large carrying bag for headphones and accessories, cables and adapters.<\/div>\n<\/div>","protected":false},"excerpt":{"rendered":"<p>Aud\u00edfonos cerrados para DJ con drivers de 50 mm de alto rendimiento, potente sonido optimizado para DJs, construcci\u00f3n robusta para uso profesional, construcci\u00f3n retr\u00e1ctil inteligente para un transporte compacto y seguro, orejeras giratorias para un manejo flexible mientras realizas tus rutinas de DJ, soporte de cabeza c\u00f3modo y resistente con acolchado, incrustaciones de aluminio de alta calidad con el logotipo de Reloop, c\u00f3modas almohadillas para largas sesiones de DJ, cable de audio extra\u00edble, enrutamiento de cables por un lado, conexiones chapadas en oro, incluyendo adaptador de 6.3 mm, rango de frecuencia: 10 Hz &#8211; 20 kHz, impedancia: 42 ohms, presi\u00f3n ac\u00fastica: 100 dB, conector de 3.5 y adaptador para 6.3 mm, peso: 310 g, incluye una bolsa de transporte grande para aud\u00edfonos y accesorios, cables y adaptadores.&hellip; <a class=\"kt-excerpt-readmore more-link\" href=\"https:\/\/www.mexicanguitarplayers.com\/en\/tienda\/audio\/audifonos\/audifono-alambrico\/audifonos-para-dj\/audifonos-reloop-mod-rhp-15\/\">Read more<\/a><\/p>","protected":false},"featured_media":14624,"comment_status":"open","ping_status":"closed","template":"","meta":{"kt_blocks_editor_width":""},"pwb-brand":[496],"product_brand":[],"product_cat":[506,505,511,213],"product_tag":[],"class_list":{"0":"post-14625","1":"product","2":"type-product","3":"status-publish","4":"has-post-thumbnail","6":"pwb-brand-reloop","7":"product_cat-audifono-alambrico","8":"product_cat-audifonos","9":"product_cat-audifonos-para-dj","10":"product_cat-audio","11":"product_shipping_class-0-5-kg","13":"first","14":"instock","15":"taxable","16":"shipping-taxable","17":"purchasable","18":"product-type-simple"},"yoast_head":"<!-- This site is optimized with the Yoast SEO plugin v27.5 - https:\/\/yoast.com\/product\/yoast-seo-wordpress\/ -->\n<title>AUDIFONOS RELOOP MOD. RHP-15 - Mexican Guitar Players<\/title>\n<meta name=\"description\" content=\"AUDIFONOS RELOOP MOD. RHP-15. Aud\u00edfonos cerrados para DJ con drivers de 50 mm de alto rendimiento, potente sonido optimizado para DJs, construcci\u00f3n robusta para uso profesional, construcci\u00f3n retr\u00e1ctil inteligente para un transporte compacto y seguro, orejeras giratorias para un manejo flexible mientras realizas tus rutinas de DJ, soporte de cabeza c\u00f3modo y resistente con acolchado, incrustaciones de aluminio de alta calidad con el logotipo de Reloop, c\u00f3modas almohadillas para largas sesiones de DJ, cable de audio extra\u00edble, enrutamiento de cables por un lado, conexiones chapadas en oro, incluyendo adaptador de 6.3 mm, rango de frecuencia: 10 Hz - 20 kHz, impedancia: 42 ohms, presi\u00f3n ac\u00fastica: 100 dB, conector de 3.5 y adaptador para 6.3 mm, peso: 310 g, incluye una bolsa de transporte grande para aud\u00edfonos y accesorios, cables y adaptadores.\" \/>\n<meta name=\"robots\" content=\"index, follow, max-snippet:-1, max-image-preview:large, max-video-preview:-1\" \/>\n<link rel=\"canonical\" href=\"https:\/\/www.mexicanguitarplayers.com\/en\/tienda\/audio\/audifonos\/audifono-alambrico\/audifonos-para-dj\/audifonos-reloop-mod-rhp-15\/\" \/>\n<meta property=\"og:locale\" content=\"en_US\" \/>\n<meta property=\"og:type\" content=\"article\" \/>\n<meta property=\"og:title\" content=\"AUDIFONOS RELOOP MOD. RHP-15 - Mexican Guitar Players\" \/>\n<meta property=\"og:description\" content=\"AUDIFONOS RELOOP MOD. RHP-15. Aud\u00edfonos cerrados para DJ con drivers de 50 mm de alto rendimiento, potente sonido optimizado para DJs, construcci\u00f3n robusta para uso profesional, construcci\u00f3n retr\u00e1ctil inteligente para un transporte compacto y seguro, orejeras giratorias para un manejo flexible mientras realizas tus rutinas de DJ, soporte de cabeza c\u00f3modo y resistente con acolchado, incrustaciones de aluminio de alta calidad con el logotipo de Reloop, c\u00f3modas almohadillas para largas sesiones de DJ, cable de audio extra\u00edble, enrutamiento de cables por un lado, conexiones chapadas en oro, incluyendo adaptador de 6.3 mm, rango de frecuencia: 10 Hz - 20 kHz, impedancia: 42 ohms, presi\u00f3n ac\u00fastica: 100 dB, conector de 3.5 y adaptador para 6.3 mm, peso: 310 g, incluye una bolsa de transporte grande para aud\u00edfonos y accesorios, cables y adaptadores.\" \/>\n<meta property=\"og:url\" content=\"https:\/\/www.mexicanguitarplayers.com\/en\/tienda\/audio\/audifonos\/audifono-alambrico\/audifonos-para-dj\/audifonos-reloop-mod-rhp-15\/\" \/>\n<meta property=\"og:site_name\" content=\"Mexican Guitar Players\" \/>\n<meta property=\"article:modified_time\" content=\"2026-05-01T13:41:13+00:00\" \/>\n<meta property=\"og:image\" content=\"https:\/\/www.mexicanguitarplayers.com\/wp-content\/uploads\/2022\/08\/VARELRHP15.jpg\" \/>\n\t<meta property=\"og:image:width\" content=\"1200\" \/>\n\t<meta property=\"og:image:height\" content=\"1200\" \/>\n\t<meta property=\"og:image:type\" content=\"image\/jpeg\" \/>\n<meta name=\"twitter:card\" content=\"summary_large_image\" \/>\n<meta name=\"twitter:label1\" content=\"Est. reading time\" \/>\n\t<meta name=\"twitter:data1\" content=\"1 minute\" \/>\n<script type=\"application\/ld+json\" class=\"yoast-schema-graph\">{\"@context\":\"https:\\\/\\\/schema.org\",\"@graph\":[{\"@type\":[\"WebPage\",\"ItemPage\"],\"@id\":\"https:\\\/\\\/www.mexicanguitarplayers.com\\\/tienda\\\/audio\\\/audifonos\\\/audifono-alambrico\\\/audifonos-para-dj\\\/audifonos-reloop-mod-rhp-15\\\/\",\"url\":\"https:\\\/\\\/www.mexicanguitarplayers.com\\\/tienda\\\/audio\\\/audifonos\\\/audifono-alambrico\\\/audifonos-para-dj\\\/audifonos-reloop-mod-rhp-15\\\/\",\"name\":\"AUDIFONOS RELOOP MOD. RHP-15 - Mexican Guitar Players\",\"isPartOf\":{\"@id\":\"https:\\\/\\\/www.mexicanguitarplayers.com\\\/#website\"},\"primaryImageOfPage\":{\"@id\":\"https:\\\/\\\/www.mexicanguitarplayers.com\\\/tienda\\\/audio\\\/audifonos\\\/audifono-alambrico\\\/audifonos-para-dj\\\/audifonos-reloop-mod-rhp-15\\\/#primaryimage\"},\"image\":{\"@id\":\"https:\\\/\\\/www.mexicanguitarplayers.com\\\/tienda\\\/audio\\\/audifonos\\\/audifono-alambrico\\\/audifonos-para-dj\\\/audifonos-reloop-mod-rhp-15\\\/#primaryimage\"},\"thumbnailUrl\":\"https:\\\/\\\/www.mexicanguitarplayers.com\\\/wp-content\\\/uploads\\\/2022\\\/08\\\/VARELRHP15.jpg\",\"datePublished\":\"2022-08-18T20:17:03+00:00\",\"dateModified\":\"2026-05-01T13:41:13+00:00\",\"description\":\"AUDIFONOS RELOOP MOD. RHP-15. Aud\u00edfonos cerrados para DJ con drivers de 50 mm de alto rendimiento, potente sonido optimizado para DJs, construcci\u00f3n robusta para uso profesional, construcci\u00f3n retr\u00e1ctil inteligente para un transporte compacto y seguro, orejeras giratorias para un manejo flexible mientras realizas tus rutinas de DJ, soporte de cabeza c\u00f3modo y resistente con acolchado, incrustaciones de aluminio de alta calidad con el logotipo de Reloop, c\u00f3modas almohadillas para largas sesiones de DJ, cable de audio extra\u00edble, enrutamiento de cables por un lado, conexiones chapadas en oro, incluyendo adaptador de 6.3 mm, rango de frecuencia: 10 Hz - 20 kHz, impedancia: 42 ohms, presi\u00f3n ac\u00fastica: 100 dB, conector de 3.5 y adaptador para 6.3 mm, peso: 310 g, incluye una bolsa de transporte grande para aud\u00edfonos y accesorios, cables y adaptadores.\",\"breadcrumb\":{\"@id\":\"https:\\\/\\\/www.mexicanguitarplayers.com\\\/tienda\\\/audio\\\/audifonos\\\/audifono-alambrico\\\/audifonos-para-dj\\\/audifonos-reloop-mod-rhp-15\\\/#breadcrumb\"},\"inLanguage\":\"en-US\",\"potentialAction\":[{\"@type\":\"ReadAction\",\"target\":[\"https:\\\/\\\/www.mexicanguitarplayers.com\\\/tienda\\\/audio\\\/audifonos\\\/audifono-alambrico\\\/audifonos-para-dj\\\/audifonos-reloop-mod-rhp-15\\\/\"]}]},{\"@type\":\"ImageObject\",\"inLanguage\":\"en-US\",\"@id\":\"https:\\\/\\\/www.mexicanguitarplayers.com\\\/tienda\\\/audio\\\/audifonos\\\/audifono-alambrico\\\/audifonos-para-dj\\\/audifonos-reloop-mod-rhp-15\\\/#primaryimage\",\"url\":\"https:\\\/\\\/www.mexicanguitarplayers.com\\\/wp-content\\\/uploads\\\/2022\\\/08\\\/VARELRHP15.jpg\",\"contentUrl\":\"https:\\\/\\\/www.mexicanguitarplayers.com\\\/wp-content\\\/uploads\\\/2022\\\/08\\\/VARELRHP15.jpg\",\"width\":1200,\"height\":1200},{\"@type\":\"BreadcrumbList\",\"@id\":\"https:\\\/\\\/www.mexicanguitarplayers.com\\\/tienda\\\/audio\\\/audifonos\\\/audifono-alambrico\\\/audifonos-para-dj\\\/audifonos-reloop-mod-rhp-15\\\/#breadcrumb\",\"itemListElement\":[{\"@type\":\"ListItem\",\"position\":1,\"name\":\"Portada\",\"item\":\"https:\\\/\\\/www.mexicanguitarplayers.com\\\/\"},{\"@type\":\"ListItem\",\"position\":2,\"name\":\"Tienda\",\"item\":\"https:\\\/\\\/www.mexicanguitarplayers.com\\\/tienda\\\/\"},{\"@type\":\"ListItem\",\"position\":3,\"name\":\"AUDIFONOS RELOOP MOD. RHP-15\"}]},{\"@type\":\"WebSite\",\"@id\":\"https:\\\/\\\/www.mexicanguitarplayers.com\\\/#website\",\"url\":\"https:\\\/\\\/www.mexicanguitarplayers.com\\\/\",\"name\":\"Mexican Guitar Players\",\"description\":\"Website\",\"publisher\":{\"@id\":\"https:\\\/\\\/www.mexicanguitarplayers.com\\\/#organization\"},\"potentialAction\":[{\"@type\":\"SearchAction\",\"target\":{\"@type\":\"EntryPoint\",\"urlTemplate\":\"https:\\\/\\\/www.mexicanguitarplayers.com\\\/?s={search_term_string}\"},\"query-input\":{\"@type\":\"PropertyValueSpecification\",\"valueRequired\":true,\"valueName\":\"search_term_string\"}}],\"inLanguage\":\"en-US\"},{\"@type\":\"Organization\",\"@id\":\"https:\\\/\\\/www.mexicanguitarplayers.com\\\/#organization\",\"name\":\"Mexican Guitar Players\",\"url\":\"https:\\\/\\\/www.mexicanguitarplayers.com\\\/\",\"logo\":{\"@type\":\"ImageObject\",\"inLanguage\":\"en-US\",\"@id\":\"https:\\\/\\\/www.mexicanguitarplayers.com\\\/#\\\/schema\\\/logo\\\/image\\\/\",\"url\":\"\",\"contentUrl\":\"\",\"caption\":\"Mexican Guitar Players\"},\"image\":{\"@id\":\"https:\\\/\\\/www.mexicanguitarplayers.com\\\/#\\\/schema\\\/logo\\\/image\\\/\"}}]}<\/script>\n<!-- \/ Yoast SEO plugin. -->","yoast_head_json":{"title":"AUDIFONOS RELOOP MOD. RHP-15 - Mexican Guitar Players","description":"AUDIFONOS RELOOP MOD. RHP-15. Aud\u00edfonos cerrados para DJ con drivers de 50 mm de alto rendimiento, potente sonido optimizado para DJs, construcci\u00f3n robusta para uso profesional, construcci\u00f3n retr\u00e1ctil inteligente para un transporte compacto y seguro, orejeras giratorias para un manejo flexible mientras realizas tus rutinas de DJ, soporte de cabeza c\u00f3modo y resistente con acolchado, incrustaciones de aluminio de alta calidad con el logotipo de Reloop, c\u00f3modas almohadillas para largas sesiones de DJ, cable de audio extra\u00edble, enrutamiento de cables por un lado, conexiones chapadas en oro, incluyendo adaptador de 6.3 mm, rango de frecuencia: 10 Hz - 20 kHz, impedancia: 42 ohms, presi\u00f3n ac\u00fastica: 100 dB, conector de 3.5 y adaptador para 6.3 mm, peso: 310 g, incluye una bolsa de transporte grande para aud\u00edfonos y accesorios, cables y adaptadores.","robots":{"index":"index","follow":"follow","max-snippet":"max-snippet:-1","max-image-preview":"max-image-preview:large","max-video-preview":"max-video-preview:-1"},"canonical":"https:\/\/www.mexicanguitarplayers.com\/en\/tienda\/audio\/audifonos\/audifono-alambrico\/audifonos-para-dj\/audifonos-reloop-mod-rhp-15\/","og_locale":"en_US","og_type":"article","og_title":"AUDIFONOS RELOOP MOD. RHP-15 - Mexican Guitar Players","og_description":"AUDIFONOS RELOOP MOD. RHP-15. Aud\u00edfonos cerrados para DJ con drivers de 50 mm de alto rendimiento, potente sonido optimizado para DJs, construcci\u00f3n robusta para uso profesional, construcci\u00f3n retr\u00e1ctil inteligente para un transporte compacto y seguro, orejeras giratorias para un manejo flexible mientras realizas tus rutinas de DJ, soporte de cabeza c\u00f3modo y resistente con acolchado, incrustaciones de aluminio de alta calidad con el logotipo de Reloop, c\u00f3modas almohadillas para largas sesiones de DJ, cable de audio extra\u00edble, enrutamiento de cables por un lado, conexiones chapadas en oro, incluyendo adaptador de 6.3 mm, rango de frecuencia: 10 Hz - 20 kHz, impedancia: 42 ohms, presi\u00f3n ac\u00fastica: 100 dB, conector de 3.5 y adaptador para 6.3 mm, peso: 310 g, incluye una bolsa de transporte grande para aud\u00edfonos y accesorios, cables y adaptadores.","og_url":"https:\/\/www.mexicanguitarplayers.com\/en\/tienda\/audio\/audifonos\/audifono-alambrico\/audifonos-para-dj\/audifonos-reloop-mod-rhp-15\/","og_site_name":"Mexican Guitar Players","article_modified_time":"2026-05-01T13:41:13+00:00","og_image":[{"width":1200,"height":1200,"url":"https:\/\/www.mexicanguitarplayers.com\/wp-content\/uploads\/2022\/08\/VARELRHP15.jpg","type":"image\/jpeg"}],"twitter_card":"summary_large_image","twitter_misc":{"Est. reading time":"1 minute"},"schema":{"@context":"https:\/\/schema.org","@graph":[{"@type":["WebPage","ItemPage"],"@id":"https:\/\/www.mexicanguitarplayers.com\/tienda\/audio\/audifonos\/audifono-alambrico\/audifonos-para-dj\/audifonos-reloop-mod-rhp-15\/","url":"https:\/\/www.mexicanguitarplayers.com\/tienda\/audio\/audifonos\/audifono-alambrico\/audifonos-para-dj\/audifonos-reloop-mod-rhp-15\/","name":"AUDIFONOS RELOOP MOD. RHP-15 - Mexican Guitar Players","isPartOf":{"@id":"https:\/\/www.mexicanguitarplayers.com\/#website"},"primaryImageOfPage":{"@id":"https:\/\/www.mexicanguitarplayers.com\/tienda\/audio\/audifonos\/audifono-alambrico\/audifonos-para-dj\/audifonos-reloop-mod-rhp-15\/#primaryimage"},"image":{"@id":"https:\/\/www.mexicanguitarplayers.com\/tienda\/audio\/audifonos\/audifono-alambrico\/audifonos-para-dj\/audifonos-reloop-mod-rhp-15\/#primaryimage"},"thumbnailUrl":"https:\/\/www.mexicanguitarplayers.com\/wp-content\/uploads\/2022\/08\/VARELRHP15.jpg","datePublished":"2022-08-18T20:17:03+00:00","dateModified":"2026-05-01T13:41:13+00:00","description":"AUDIFONOS RELOOP MOD. RHP-15. Aud\u00edfonos cerrados para DJ con drivers de 50 mm de alto rendimiento, potente sonido optimizado para DJs, construcci\u00f3n robusta para uso profesional, construcci\u00f3n retr\u00e1ctil inteligente para un transporte compacto y seguro, orejeras giratorias para un manejo flexible mientras realizas tus rutinas de DJ, soporte de cabeza c\u00f3modo y resistente con acolchado, incrustaciones de aluminio de alta calidad con el logotipo de Reloop, c\u00f3modas almohadillas para largas sesiones de DJ, cable de audio extra\u00edble, enrutamiento de cables por un lado, conexiones chapadas en oro, incluyendo adaptador de 6.3 mm, rango de frecuencia: 10 Hz - 20 kHz, impedancia: 42 ohms, presi\u00f3n ac\u00fastica: 100 dB, conector de 3.5 y adaptador para 6.3 mm, peso: 310 g, incluye una bolsa de transporte grande para aud\u00edfonos y accesorios, cables y adaptadores.","breadcrumb":{"@id":"https:\/\/www.mexicanguitarplayers.com\/tienda\/audio\/audifonos\/audifono-alambrico\/audifonos-para-dj\/audifonos-reloop-mod-rhp-15\/#breadcrumb"},"inLanguage":"en-US","potentialAction":[{"@type":"ReadAction","target":["https:\/\/www.mexicanguitarplayers.com\/tienda\/audio\/audifonos\/audifono-alambrico\/audifonos-para-dj\/audifonos-reloop-mod-rhp-15\/"]}]},{"@type":"ImageObject","inLanguage":"en-US","@id":"https:\/\/www.mexicanguitarplayers.com\/tienda\/audio\/audifonos\/audifono-alambrico\/audifonos-para-dj\/audifonos-reloop-mod-rhp-15\/#primaryimage","url":"https:\/\/www.mexicanguitarplayers.com\/wp-content\/uploads\/2022\/08\/VARELRHP15.jpg","contentUrl":"https:\/\/www.mexicanguitarplayers.com\/wp-content\/uploads\/2022\/08\/VARELRHP15.jpg","width":1200,"height":1200},{"@type":"BreadcrumbList","@id":"https:\/\/www.mexicanguitarplayers.com\/tienda\/audio\/audifonos\/audifono-alambrico\/audifonos-para-dj\/audifonos-reloop-mod-rhp-15\/#breadcrumb","itemListElement":[{"@type":"ListItem","position":1,"name":"Portada","item":"https:\/\/www.mexicanguitarplayers.com\/"},{"@type":"ListItem","position":2,"name":"Tienda","item":"https:\/\/www.mexicanguitarplayers.com\/tienda\/"},{"@type":"ListItem","position":3,"name":"AUDIFONOS RELOOP MOD. RHP-15"}]},{"@type":"WebSite","@id":"https:\/\/www.mexicanguitarplayers.com\/#website","url":"https:\/\/www.mexicanguitarplayers.com\/","name":"Mexican Guitar Players","description":"Website","publisher":{"@id":"https:\/\/www.mexicanguitarplayers.com\/#organization"},"potentialAction":[{"@type":"SearchAction","target":{"@type":"EntryPoint","urlTemplate":"https:\/\/www.mexicanguitarplayers.com\/?s={search_term_string}"},"query-input":{"@type":"PropertyValueSpecification","valueRequired":true,"valueName":"search_term_string"}}],"inLanguage":"en-US"},{"@type":"Organization","@id":"https:\/\/www.mexicanguitarplayers.com\/#organization","name":"Mexican Guitar Players","url":"https:\/\/www.mexicanguitarplayers.com\/","logo":{"@type":"ImageObject","inLanguage":"en-US","@id":"https:\/\/www.mexicanguitarplayers.com\/#\/schema\/logo\/image\/","url":"","contentUrl":"","caption":"Mexican Guitar Players"},"image":{"@id":"https:\/\/www.mexicanguitarplayers.com\/#\/schema\/logo\/image\/"}}]}},"brands":[{"id":496,"name":"RELOOP","slug":"reloop"}],"_links":{"self":[{"href":"https:\/\/www.mexicanguitarplayers.com\/en\/wp-json\/wp\/v2\/product\/14625","targetHints":{"allow":["GET"]}}],"collection":[{"href":"https:\/\/www.mexicanguitarplayers.com\/en\/wp-json\/wp\/v2\/product"}],"about":[{"href":"https:\/\/www.mexicanguitarplayers.com\/en\/wp-json\/wp\/v2\/types\/product"}],"replies":[{"embeddable":true,"href":"https:\/\/www.mexicanguitarplayers.com\/en\/wp-json\/wp\/v2\/comments?post=14625"}],"wp:featuredmedia":[{"embeddable":true,"href":"https:\/\/www.mexicanguitarplayers.com\/en\/wp-json\/wp\/v2\/media\/14624"}],"wp:attachment":[{"href":"https:\/\/www.mexicanguitarplayers.com\/en\/wp-json\/wp\/v2\/media?parent=14625"}],"wp:term":[{"taxonomy":"pwb-brand","embeddable":true,"href":"https:\/\/www.mexicanguitarplayers.com\/en\/wp-json\/wp\/v2\/pwb-brand?post=14625"},{"taxonomy":"product_brand","embeddable":true,"href":"https:\/\/www.mexicanguitarplayers.com\/en\/wp-json\/wp\/v2\/product_brand?post=14625"},{"taxonomy":"product_cat","embeddable":true,"href":"https:\/\/www.mexicanguitarplayers.com\/en\/wp-json\/wp\/v2\/product_cat?post=14625"},{"taxonomy":"product_tag","embeddable":true,"href":"https:\/\/www.mexicanguitarplayers.com\/en\/wp-json\/wp\/v2\/product_tag?post=14625"}],"curies":[{"name":"wp","href":"https:\/\/api.w.org\/{rel}","templated":true}]}}