{"id":14627,"date":"2022-08-18T15:17:05","date_gmt":"2022-08-18T20:17:05","guid":{"rendered":"https:\/\/www.mexicanguitarplayers.com\/tienda\/sin%20categor\u00eda\/audifonos-reloop-mod-shp-8\/"},"modified":"2026-04-10T05:09:09","modified_gmt":"2026-04-10T11:09:09","slug":"audifonos-reloop-mod-shp-8","status":"publish","type":"product","link":"https:\/\/www.mexicanguitarplayers.com\/en\/tienda\/audio\/audifonos\/audifono-alambrico\/audifono-para-estudio\/audifonos-reloop-mod-shp-8\/","title":{"rendered":"HEADPHONES RELOOP MOD. SHP-8"},"content":{"rendered":"<div style=\"text-align: justify\">\n<div>\n<h3>HEADPHONES RELOOP MOD. SHP-8<\/h3>\n<\/div>\n<div>Professional supra-aural headphones for studio and monitoring, robust high-quality aluminum construction with metallic finish, closed architecture with passive bass enhancement, neutral and detailed reproduction of the entire frequency range, bass boost technology: individual adjustment of the bass range low frequencies for each earphone (neutral\/+3 dB\/+6 dB), clear and precise bass reproduction, also ideal for DJs, swiveling earcups for comfortable handling, extendable aluminum headband adapts perfectly to the shape of your head and allows monitoring with one ear, comfortable premium protein leather and memory foam composite padding with excellent moisture wicking characteristics, even during a long session, unilateral cable routing for flexibility, removable and replaceable cable connection, 3.5mm stereo jack cable with gold-plated plugs and spring-loaded bend protection, Robust construction High-quality, aluminum-containing set with a bronze finish, includes a velvet pouch and gold-plated 6.3mm stereo plug adapter, Frequency Range: 10Hz \u2013 20kHz, Max Input Power: 20mW, Impedance: 32 ohms, 40 mm driver, 2.2 meter cable, weight: 237 g.<\/div>\n<\/div>","protected":false},"excerpt":{"rendered":"<p>Aud\u00edfonos supra aurales profesionales para estudio y monitoreo, construcci\u00f3n robusta de aluminio de alta calidad con terminado met\u00e1lico, arquitectura cerrada con mejora pasiva de graves, reproducci\u00f3n neutra y detallada de todo el rango de frecuencias, tecnolog\u00eda de acentuaci\u00f3n de graves: ajuste individual del rango de frecuencias bajas para cada auricular (neutral\/+3 dB\/+6 dB), reproducci\u00f3n de graves clara y precisa, tambi\u00e9n ideal para DJ, aud\u00edfonos giratorios para un manejo c\u00f3modo, la diadema de aluminio extensible se adapta perfectamente a la forma de tu cabeza y permite el monitoreo con un o\u00eddo, c\u00f3modo acolchado compuesto de viscoel\u00e1stica y cuero de prote\u00edna de primera calidad con excelentes caracter\u00edsticas de absorci\u00f3n de la humedad, incluso durante una sesi\u00f3n larga, enrutamiento de cables unilateral para mayor flexibilidad, conexi\u00f3n de cable reemplazable y extra\u00edble, cable jack est\u00e9reo de 3.5 mm con clavijas chapadas en oro y protecci\u00f3n contra doblado con resorte, construcci\u00f3n robusta de alta calidad que contiene aluminio con un acabado de bronce, incluye una bolsa de terciopelo y adaptador de conector est\u00e9reo de 6.3 mm chapado en oro, rango de frecuencia: 10 Hz &#8211; 20 kHz, potencia de entrada m\u00e1xima: 20 mW, impedancia: 32 ohms, driver de 40 mm, cable de 2.2 metros, peso: 237 g.&hellip; <a class=\"kt-excerpt-readmore more-link\" href=\"https:\/\/www.mexicanguitarplayers.com\/en\/tienda\/audio\/audifonos\/audifono-alambrico\/audifono-para-estudio\/audifonos-reloop-mod-shp-8\/\">Read more<\/a><\/p>","protected":false},"featured_media":14626,"comment_status":"open","ping_status":"closed","template":"","meta":{"kt_blocks_editor_width":""},"pwb-brand":[496],"product_brand":[],"product_cat":[506,507,505,213],"product_tag":[],"class_list":{"0":"post-14627","1":"product","2":"type-product","3":"status-publish","4":"has-post-thumbnail","6":"pwb-brand-reloop","7":"product_cat-audifono-alambrico","8":"product_cat-audifono-para-estudio","9":"product_cat-audifonos","10":"product_cat-audio","11":"product_shipping_class-0-5-kg","13":"first","14":"outofstock","15":"taxable","16":"shipping-taxable","17":"purchasable","18":"product-type-simple"},"yoast_head":"<!-- This site is optimized with the Yoast SEO plugin v27.5 - https:\/\/yoast.com\/product\/yoast-seo-wordpress\/ -->\n<title>AUDIFONOS RELOOP MOD. SHP-8 - Mexican Guitar Players<\/title>\n<meta name=\"description\" content=\"AUDIFONOS RELOOP MOD. SHP-8. Aud\u00edfonos supra aurales profesionales para estudio y monitoreo, construcci\u00f3n robusta de aluminio de alta calidad con terminado met\u00e1lico, arquitectura cerrada con mejora pasiva de graves, reproducci\u00f3n neutra y detallada de todo el rango de frecuencias, tecnolog\u00eda de acentuaci\u00f3n de graves: ajuste individual del rango de frecuencias bajas para cada auricular (neutral\/+3 dB\/+6 dB), reproducci\u00f3n de graves clara y precisa, tambi\u00e9n ideal para DJ, aud\u00edfonos giratorios para un manejo c\u00f3modo, la diadema de aluminio extensible se adapta perfectamente a la forma de tu cabeza y permite el monitoreo con un o\u00eddo, c\u00f3modo acolchado compuesto de viscoel\u00e1stica y cuero de prote\u00edna de primera calidad con excelentes caracter\u00edsticas de absorci\u00f3n de la humedad, incluso durante una sesi\u00f3n larga, enrutamiento de cables unilateral para mayor flexibilidad, conexi\u00f3n de cable reemplazable y extra\u00edble, cable jack est\u00e9reo de 3.5 mm con clavijas chapadas en oro y protecci\u00f3n contra doblado con resorte, construcci\u00f3n robusta de alta calidad que contiene aluminio con un acabado de bronce, incluye una bolsa de terciopelo y adaptador de conector est\u00e9reo de 6.3 mm chapado en oro, rango de frecuencia: 10 Hz - 20 kHz, potencia de entrada m\u00e1xima: 20 mW, impedancia: 32 ohms, driver de 40 mm, cable de 2.2 metros, peso: 237 g.\" \/>\n<meta name=\"robots\" content=\"index, follow, max-snippet:-1, max-image-preview:large, max-video-preview:-1\" \/>\n<link rel=\"canonical\" href=\"https:\/\/www.mexicanguitarplayers.com\/en\/tienda\/audio\/audifonos\/audifono-alambrico\/audifono-para-estudio\/audifonos-reloop-mod-shp-8\/\" \/>\n<meta property=\"og:locale\" content=\"en_US\" \/>\n<meta property=\"og:type\" content=\"article\" \/>\n<meta property=\"og:title\" content=\"AUDIFONOS RELOOP MOD. SHP-8 - Mexican Guitar Players\" \/>\n<meta property=\"og:description\" content=\"AUDIFONOS RELOOP MOD. SHP-8. Aud\u00edfonos supra aurales profesionales para estudio y monitoreo, construcci\u00f3n robusta de aluminio de alta calidad con terminado met\u00e1lico, arquitectura cerrada con mejora pasiva de graves, reproducci\u00f3n neutra y detallada de todo el rango de frecuencias, tecnolog\u00eda de acentuaci\u00f3n de graves: ajuste individual del rango de frecuencias bajas para cada auricular (neutral\/+3 dB\/+6 dB), reproducci\u00f3n de graves clara y precisa, tambi\u00e9n ideal para DJ, aud\u00edfonos giratorios para un manejo c\u00f3modo, la diadema de aluminio extensible se adapta perfectamente a la forma de tu cabeza y permite el monitoreo con un o\u00eddo, c\u00f3modo acolchado compuesto de viscoel\u00e1stica y cuero de prote\u00edna de primera calidad con excelentes caracter\u00edsticas de absorci\u00f3n de la humedad, incluso durante una sesi\u00f3n larga, enrutamiento de cables unilateral para mayor flexibilidad, conexi\u00f3n de cable reemplazable y extra\u00edble, cable jack est\u00e9reo de 3.5 mm con clavijas chapadas en oro y protecci\u00f3n contra doblado con resorte, construcci\u00f3n robusta de alta calidad que contiene aluminio con un acabado de bronce, incluye una bolsa de terciopelo y adaptador de conector est\u00e9reo de 6.3 mm chapado en oro, rango de frecuencia: 10 Hz - 20 kHz, potencia de entrada m\u00e1xima: 20 mW, impedancia: 32 ohms, driver de 40 mm, cable de 2.2 metros, peso: 237 g.\" \/>\n<meta property=\"og:url\" content=\"https:\/\/www.mexicanguitarplayers.com\/en\/tienda\/audio\/audifonos\/audifono-alambrico\/audifono-para-estudio\/audifonos-reloop-mod-shp-8\/\" \/>\n<meta property=\"og:site_name\" content=\"Mexican Guitar Players\" \/>\n<meta property=\"article:modified_time\" content=\"2026-04-10T11:09:09+00:00\" \/>\n<meta property=\"og:image\" content=\"https:\/\/www.mexicanguitarplayers.com\/wp-content\/uploads\/2022\/08\/VARELSHP8.jpg\" \/>\n\t<meta property=\"og:image:width\" content=\"1200\" \/>\n\t<meta property=\"og:image:height\" content=\"1200\" \/>\n\t<meta property=\"og:image:type\" content=\"image\/jpeg\" \/>\n<meta name=\"twitter:card\" content=\"summary_large_image\" \/>\n<meta name=\"twitter:label1\" content=\"Est. reading time\" \/>\n\t<meta name=\"twitter:data1\" content=\"1 minute\" \/>\n<script type=\"application\/ld+json\" class=\"yoast-schema-graph\">{\"@context\":\"https:\\\/\\\/schema.org\",\"@graph\":[{\"@type\":[\"WebPage\",\"ItemPage\"],\"@id\":\"https:\\\/\\\/www.mexicanguitarplayers.com\\\/tienda\\\/audio\\\/audifonos\\\/audifono-alambrico\\\/audifono-para-estudio\\\/audifonos-reloop-mod-shp-8\\\/\",\"url\":\"https:\\\/\\\/www.mexicanguitarplayers.com\\\/tienda\\\/audio\\\/audifonos\\\/audifono-alambrico\\\/audifono-para-estudio\\\/audifonos-reloop-mod-shp-8\\\/\",\"name\":\"AUDIFONOS RELOOP MOD. SHP-8 - Mexican Guitar Players\",\"isPartOf\":{\"@id\":\"https:\\\/\\\/www.mexicanguitarplayers.com\\\/#website\"},\"primaryImageOfPage\":{\"@id\":\"https:\\\/\\\/www.mexicanguitarplayers.com\\\/tienda\\\/audio\\\/audifonos\\\/audifono-alambrico\\\/audifono-para-estudio\\\/audifonos-reloop-mod-shp-8\\\/#primaryimage\"},\"image\":{\"@id\":\"https:\\\/\\\/www.mexicanguitarplayers.com\\\/tienda\\\/audio\\\/audifonos\\\/audifono-alambrico\\\/audifono-para-estudio\\\/audifonos-reloop-mod-shp-8\\\/#primaryimage\"},\"thumbnailUrl\":\"https:\\\/\\\/www.mexicanguitarplayers.com\\\/wp-content\\\/uploads\\\/2022\\\/08\\\/VARELSHP8.jpg\",\"datePublished\":\"2022-08-18T20:17:05+00:00\",\"dateModified\":\"2026-04-10T11:09:09+00:00\",\"description\":\"AUDIFONOS RELOOP MOD. SHP-8. Aud\u00edfonos supra aurales profesionales para estudio y monitoreo, construcci\u00f3n robusta de aluminio de alta calidad con terminado met\u00e1lico, arquitectura cerrada con mejora pasiva de graves, reproducci\u00f3n neutra y detallada de todo el rango de frecuencias, tecnolog\u00eda de acentuaci\u00f3n de graves: ajuste individual del rango de frecuencias bajas para cada auricular (neutral\\\/+3 dB\\\/+6 dB), reproducci\u00f3n de graves clara y precisa, tambi\u00e9n ideal para DJ, aud\u00edfonos giratorios para un manejo c\u00f3modo, la diadema de aluminio extensible se adapta perfectamente a la forma de tu cabeza y permite el monitoreo con un o\u00eddo, c\u00f3modo acolchado compuesto de viscoel\u00e1stica y cuero de prote\u00edna de primera calidad con excelentes caracter\u00edsticas de absorci\u00f3n de la humedad, incluso durante una sesi\u00f3n larga, enrutamiento de cables unilateral para mayor flexibilidad, conexi\u00f3n de cable reemplazable y extra\u00edble, cable jack est\u00e9reo de 3.5 mm con clavijas chapadas en oro y protecci\u00f3n contra doblado con resorte, construcci\u00f3n robusta de alta calidad que contiene aluminio con un acabado de bronce, incluye una bolsa de terciopelo y adaptador de conector est\u00e9reo de 6.3 mm chapado en oro, rango de frecuencia: 10 Hz - 20 kHz, potencia de entrada m\u00e1xima: 20 mW, impedancia: 32 ohms, driver de 40 mm, cable de 2.2 metros, peso: 237 g.\",\"breadcrumb\":{\"@id\":\"https:\\\/\\\/www.mexicanguitarplayers.com\\\/tienda\\\/audio\\\/audifonos\\\/audifono-alambrico\\\/audifono-para-estudio\\\/audifonos-reloop-mod-shp-8\\\/#breadcrumb\"},\"inLanguage\":\"en-US\",\"potentialAction\":[{\"@type\":\"ReadAction\",\"target\":[\"https:\\\/\\\/www.mexicanguitarplayers.com\\\/tienda\\\/audio\\\/audifonos\\\/audifono-alambrico\\\/audifono-para-estudio\\\/audifonos-reloop-mod-shp-8\\\/\"]}]},{\"@type\":\"ImageObject\",\"inLanguage\":\"en-US\",\"@id\":\"https:\\\/\\\/www.mexicanguitarplayers.com\\\/tienda\\\/audio\\\/audifonos\\\/audifono-alambrico\\\/audifono-para-estudio\\\/audifonos-reloop-mod-shp-8\\\/#primaryimage\",\"url\":\"https:\\\/\\\/www.mexicanguitarplayers.com\\\/wp-content\\\/uploads\\\/2022\\\/08\\\/VARELSHP8.jpg\",\"contentUrl\":\"https:\\\/\\\/www.mexicanguitarplayers.com\\\/wp-content\\\/uploads\\\/2022\\\/08\\\/VARELSHP8.jpg\",\"width\":1200,\"height\":1200},{\"@type\":\"BreadcrumbList\",\"@id\":\"https:\\\/\\\/www.mexicanguitarplayers.com\\\/tienda\\\/audio\\\/audifonos\\\/audifono-alambrico\\\/audifono-para-estudio\\\/audifonos-reloop-mod-shp-8\\\/#breadcrumb\",\"itemListElement\":[{\"@type\":\"ListItem\",\"position\":1,\"name\":\"Portada\",\"item\":\"https:\\\/\\\/www.mexicanguitarplayers.com\\\/\"},{\"@type\":\"ListItem\",\"position\":2,\"name\":\"Tienda\",\"item\":\"https:\\\/\\\/www.mexicanguitarplayers.com\\\/tienda\\\/\"},{\"@type\":\"ListItem\",\"position\":3,\"name\":\"AUDIFONOS RELOOP MOD. SHP-8\"}]},{\"@type\":\"WebSite\",\"@id\":\"https:\\\/\\\/www.mexicanguitarplayers.com\\\/#website\",\"url\":\"https:\\\/\\\/www.mexicanguitarplayers.com\\\/\",\"name\":\"Mexican Guitar Players\",\"description\":\"Website\",\"publisher\":{\"@id\":\"https:\\\/\\\/www.mexicanguitarplayers.com\\\/#organization\"},\"potentialAction\":[{\"@type\":\"SearchAction\",\"target\":{\"@type\":\"EntryPoint\",\"urlTemplate\":\"https:\\\/\\\/www.mexicanguitarplayers.com\\\/?s={search_term_string}\"},\"query-input\":{\"@type\":\"PropertyValueSpecification\",\"valueRequired\":true,\"valueName\":\"search_term_string\"}}],\"inLanguage\":\"en-US\"},{\"@type\":\"Organization\",\"@id\":\"https:\\\/\\\/www.mexicanguitarplayers.com\\\/#organization\",\"name\":\"Mexican Guitar Players\",\"url\":\"https:\\\/\\\/www.mexicanguitarplayers.com\\\/\",\"logo\":{\"@type\":\"ImageObject\",\"inLanguage\":\"en-US\",\"@id\":\"https:\\\/\\\/www.mexicanguitarplayers.com\\\/#\\\/schema\\\/logo\\\/image\\\/\",\"url\":\"\",\"contentUrl\":\"\",\"caption\":\"Mexican Guitar Players\"},\"image\":{\"@id\":\"https:\\\/\\\/www.mexicanguitarplayers.com\\\/#\\\/schema\\\/logo\\\/image\\\/\"}}]}<\/script>\n<!-- \/ Yoast SEO plugin. -->","yoast_head_json":{"title":"AUDIFONOS RELOOP MOD. SHP-8 - Mexican Guitar Players","description":"AUDIFONOS RELOOP MOD. SHP-8. Aud\u00edfonos supra aurales profesionales para estudio y monitoreo, construcci\u00f3n robusta de aluminio de alta calidad con terminado met\u00e1lico, arquitectura cerrada con mejora pasiva de graves, reproducci\u00f3n neutra y detallada de todo el rango de frecuencias, tecnolog\u00eda de acentuaci\u00f3n de graves: ajuste individual del rango de frecuencias bajas para cada auricular (neutral\/+3 dB\/+6 dB), reproducci\u00f3n de graves clara y precisa, tambi\u00e9n ideal para DJ, aud\u00edfonos giratorios para un manejo c\u00f3modo, la diadema de aluminio extensible se adapta perfectamente a la forma de tu cabeza y permite el monitoreo con un o\u00eddo, c\u00f3modo acolchado compuesto de viscoel\u00e1stica y cuero de prote\u00edna de primera calidad con excelentes caracter\u00edsticas de absorci\u00f3n de la humedad, incluso durante una sesi\u00f3n larga, enrutamiento de cables unilateral para mayor flexibilidad, conexi\u00f3n de cable reemplazable y extra\u00edble, cable jack est\u00e9reo de 3.5 mm con clavijas chapadas en oro y protecci\u00f3n contra doblado con resorte, construcci\u00f3n robusta de alta calidad que contiene aluminio con un acabado de bronce, incluye una bolsa de terciopelo y adaptador de conector est\u00e9reo de 6.3 mm chapado en oro, rango de frecuencia: 10 Hz - 20 kHz, potencia de entrada m\u00e1xima: 20 mW, impedancia: 32 ohms, driver de 40 mm, cable de 2.2 metros, peso: 237 g.","robots":{"index":"index","follow":"follow","max-snippet":"max-snippet:-1","max-image-preview":"max-image-preview:large","max-video-preview":"max-video-preview:-1"},"canonical":"https:\/\/www.mexicanguitarplayers.com\/en\/tienda\/audio\/audifonos\/audifono-alambrico\/audifono-para-estudio\/audifonos-reloop-mod-shp-8\/","og_locale":"en_US","og_type":"article","og_title":"AUDIFONOS RELOOP MOD. SHP-8 - Mexican Guitar Players","og_description":"AUDIFONOS RELOOP MOD. SHP-8. Aud\u00edfonos supra aurales profesionales para estudio y monitoreo, construcci\u00f3n robusta de aluminio de alta calidad con terminado met\u00e1lico, arquitectura cerrada con mejora pasiva de graves, reproducci\u00f3n neutra y detallada de todo el rango de frecuencias, tecnolog\u00eda de acentuaci\u00f3n de graves: ajuste individual del rango de frecuencias bajas para cada auricular (neutral\/+3 dB\/+6 dB), reproducci\u00f3n de graves clara y precisa, tambi\u00e9n ideal para DJ, aud\u00edfonos giratorios para un manejo c\u00f3modo, la diadema de aluminio extensible se adapta perfectamente a la forma de tu cabeza y permite el monitoreo con un o\u00eddo, c\u00f3modo acolchado compuesto de viscoel\u00e1stica y cuero de prote\u00edna de primera calidad con excelentes caracter\u00edsticas de absorci\u00f3n de la humedad, incluso durante una sesi\u00f3n larga, enrutamiento de cables unilateral para mayor flexibilidad, conexi\u00f3n de cable reemplazable y extra\u00edble, cable jack est\u00e9reo de 3.5 mm con clavijas chapadas en oro y protecci\u00f3n contra doblado con resorte, construcci\u00f3n robusta de alta calidad que contiene aluminio con un acabado de bronce, incluye una bolsa de terciopelo y adaptador de conector est\u00e9reo de 6.3 mm chapado en oro, rango de frecuencia: 10 Hz - 20 kHz, potencia de entrada m\u00e1xima: 20 mW, impedancia: 32 ohms, driver de 40 mm, cable de 2.2 metros, peso: 237 g.","og_url":"https:\/\/www.mexicanguitarplayers.com\/en\/tienda\/audio\/audifonos\/audifono-alambrico\/audifono-para-estudio\/audifonos-reloop-mod-shp-8\/","og_site_name":"Mexican Guitar Players","article_modified_time":"2026-04-10T11:09:09+00:00","og_image":[{"width":1200,"height":1200,"url":"https:\/\/www.mexicanguitarplayers.com\/wp-content\/uploads\/2022\/08\/VARELSHP8.jpg","type":"image\/jpeg"}],"twitter_card":"summary_large_image","twitter_misc":{"Est. reading time":"1 minute"},"schema":{"@context":"https:\/\/schema.org","@graph":[{"@type":["WebPage","ItemPage"],"@id":"https:\/\/www.mexicanguitarplayers.com\/tienda\/audio\/audifonos\/audifono-alambrico\/audifono-para-estudio\/audifonos-reloop-mod-shp-8\/","url":"https:\/\/www.mexicanguitarplayers.com\/tienda\/audio\/audifonos\/audifono-alambrico\/audifono-para-estudio\/audifonos-reloop-mod-shp-8\/","name":"AUDIFONOS RELOOP MOD. SHP-8 - Mexican Guitar Players","isPartOf":{"@id":"https:\/\/www.mexicanguitarplayers.com\/#website"},"primaryImageOfPage":{"@id":"https:\/\/www.mexicanguitarplayers.com\/tienda\/audio\/audifonos\/audifono-alambrico\/audifono-para-estudio\/audifonos-reloop-mod-shp-8\/#primaryimage"},"image":{"@id":"https:\/\/www.mexicanguitarplayers.com\/tienda\/audio\/audifonos\/audifono-alambrico\/audifono-para-estudio\/audifonos-reloop-mod-shp-8\/#primaryimage"},"thumbnailUrl":"https:\/\/www.mexicanguitarplayers.com\/wp-content\/uploads\/2022\/08\/VARELSHP8.jpg","datePublished":"2022-08-18T20:17:05+00:00","dateModified":"2026-04-10T11:09:09+00:00","description":"AUDIFONOS RELOOP MOD. SHP-8. Aud\u00edfonos supra aurales profesionales para estudio y monitoreo, construcci\u00f3n robusta de aluminio de alta calidad con terminado met\u00e1lico, arquitectura cerrada con mejora pasiva de graves, reproducci\u00f3n neutra y detallada de todo el rango de frecuencias, tecnolog\u00eda de acentuaci\u00f3n de graves: ajuste individual del rango de frecuencias bajas para cada auricular (neutral\/+3 dB\/+6 dB), reproducci\u00f3n de graves clara y precisa, tambi\u00e9n ideal para DJ, aud\u00edfonos giratorios para un manejo c\u00f3modo, la diadema de aluminio extensible se adapta perfectamente a la forma de tu cabeza y permite el monitoreo con un o\u00eddo, c\u00f3modo acolchado compuesto de viscoel\u00e1stica y cuero de prote\u00edna de primera calidad con excelentes caracter\u00edsticas de absorci\u00f3n de la humedad, incluso durante una sesi\u00f3n larga, enrutamiento de cables unilateral para mayor flexibilidad, conexi\u00f3n de cable reemplazable y extra\u00edble, cable jack est\u00e9reo de 3.5 mm con clavijas chapadas en oro y protecci\u00f3n contra doblado con resorte, construcci\u00f3n robusta de alta calidad que contiene aluminio con un acabado de bronce, incluye una bolsa de terciopelo y adaptador de conector est\u00e9reo de 6.3 mm chapado en oro, rango de frecuencia: 10 Hz - 20 kHz, potencia de entrada m\u00e1xima: 20 mW, impedancia: 32 ohms, driver de 40 mm, cable de 2.2 metros, peso: 237 g.","breadcrumb":{"@id":"https:\/\/www.mexicanguitarplayers.com\/tienda\/audio\/audifonos\/audifono-alambrico\/audifono-para-estudio\/audifonos-reloop-mod-shp-8\/#breadcrumb"},"inLanguage":"en-US","potentialAction":[{"@type":"ReadAction","target":["https:\/\/www.mexicanguitarplayers.com\/tienda\/audio\/audifonos\/audifono-alambrico\/audifono-para-estudio\/audifonos-reloop-mod-shp-8\/"]}]},{"@type":"ImageObject","inLanguage":"en-US","@id":"https:\/\/www.mexicanguitarplayers.com\/tienda\/audio\/audifonos\/audifono-alambrico\/audifono-para-estudio\/audifonos-reloop-mod-shp-8\/#primaryimage","url":"https:\/\/www.mexicanguitarplayers.com\/wp-content\/uploads\/2022\/08\/VARELSHP8.jpg","contentUrl":"https:\/\/www.mexicanguitarplayers.com\/wp-content\/uploads\/2022\/08\/VARELSHP8.jpg","width":1200,"height":1200},{"@type":"BreadcrumbList","@id":"https:\/\/www.mexicanguitarplayers.com\/tienda\/audio\/audifonos\/audifono-alambrico\/audifono-para-estudio\/audifonos-reloop-mod-shp-8\/#breadcrumb","itemListElement":[{"@type":"ListItem","position":1,"name":"Portada","item":"https:\/\/www.mexicanguitarplayers.com\/"},{"@type":"ListItem","position":2,"name":"Tienda","item":"https:\/\/www.mexicanguitarplayers.com\/tienda\/"},{"@type":"ListItem","position":3,"name":"AUDIFONOS RELOOP MOD. SHP-8"}]},{"@type":"WebSite","@id":"https:\/\/www.mexicanguitarplayers.com\/#website","url":"https:\/\/www.mexicanguitarplayers.com\/","name":"Mexican Guitar Players","description":"Website","publisher":{"@id":"https:\/\/www.mexicanguitarplayers.com\/#organization"},"potentialAction":[{"@type":"SearchAction","target":{"@type":"EntryPoint","urlTemplate":"https:\/\/www.mexicanguitarplayers.com\/?s={search_term_string}"},"query-input":{"@type":"PropertyValueSpecification","valueRequired":true,"valueName":"search_term_string"}}],"inLanguage":"en-US"},{"@type":"Organization","@id":"https:\/\/www.mexicanguitarplayers.com\/#organization","name":"Mexican Guitar Players","url":"https:\/\/www.mexicanguitarplayers.com\/","logo":{"@type":"ImageObject","inLanguage":"en-US","@id":"https:\/\/www.mexicanguitarplayers.com\/#\/schema\/logo\/image\/","url":"","contentUrl":"","caption":"Mexican Guitar Players"},"image":{"@id":"https:\/\/www.mexicanguitarplayers.com\/#\/schema\/logo\/image\/"}}]}},"brands":[{"id":496,"name":"RELOOP","slug":"reloop"}],"_links":{"self":[{"href":"https:\/\/www.mexicanguitarplayers.com\/en\/wp-json\/wp\/v2\/product\/14627","targetHints":{"allow":["GET"]}}],"collection":[{"href":"https:\/\/www.mexicanguitarplayers.com\/en\/wp-json\/wp\/v2\/product"}],"about":[{"href":"https:\/\/www.mexicanguitarplayers.com\/en\/wp-json\/wp\/v2\/types\/product"}],"replies":[{"embeddable":true,"href":"https:\/\/www.mexicanguitarplayers.com\/en\/wp-json\/wp\/v2\/comments?post=14627"}],"wp:featuredmedia":[{"embeddable":true,"href":"https:\/\/www.mexicanguitarplayers.com\/en\/wp-json\/wp\/v2\/media\/14626"}],"wp:attachment":[{"href":"https:\/\/www.mexicanguitarplayers.com\/en\/wp-json\/wp\/v2\/media?parent=14627"}],"wp:term":[{"taxonomy":"pwb-brand","embeddable":true,"href":"https:\/\/www.mexicanguitarplayers.com\/en\/wp-json\/wp\/v2\/pwb-brand?post=14627"},{"taxonomy":"product_brand","embeddable":true,"href":"https:\/\/www.mexicanguitarplayers.com\/en\/wp-json\/wp\/v2\/product_brand?post=14627"},{"taxonomy":"product_cat","embeddable":true,"href":"https:\/\/www.mexicanguitarplayers.com\/en\/wp-json\/wp\/v2\/product_cat?post=14627"},{"taxonomy":"product_tag","embeddable":true,"href":"https:\/\/www.mexicanguitarplayers.com\/en\/wp-json\/wp\/v2\/product_tag?post=14627"}],"curies":[{"name":"wp","href":"https:\/\/api.w.org\/{rel}","templated":true}]}}