{"id":14681,"date":"2022-08-18T15:18:48","date_gmt":"2022-08-18T20:18:48","guid":{"rendered":"https:\/\/www.mexicanguitarplayers.com\/tienda\/sin%20categor\u00eda\/pedal-t-c-p-guitarra-spark-booster\/"},"modified":"2026-04-14T04:17:27","modified_gmt":"2026-04-14T10:17:27","slug":"pedal-t-c-p-guitarra-spark-booster","status":"publish","type":"product","link":"https:\/\/www.mexicanguitarplayers.com\/en\/tienda\/cuerdas\/efectos\/efectos-individuales\/pedal-t-c-p-guitarra-spark-booster\/","title":{"rendered":"SPARK BOOSTER TC PEDAL FOR GUITAR"},"content":{"rendered":"<div style=\"text-align: justify\">\n<div>\n<h3>The Spark Booster will ignite your creativity!<\/h3>\n<\/div>\n<div>By purchasing the TC Electronic Spark pedal you&#039;ve just done all your sounds a huge favor. Whether you use it as an \u201calways on\u201d type of effect or as a tool to brighten up your solos and enhance certain parts, the Spark will always add that \u201csomething special\u201d to your sound without modifying or coloring the original sound at all. any way. Use it to push amps to their full potential, fatten up your guitar sound, and make your rig come alive with more punch, compression, and musicality. Its active EQ controls let you take control of your sound, to shape your sounds for powerful bass, sparkling highs and mids that ensure you&#039;re heard like never before.<\/div>\n<div>\n<h4>Quick look<\/h4>\n<\/div>\n<ul style=\"margin: 0px 0px 0px 25px\">\n<li style=\"list-style-type: circle;margin: 5px\">Volume increase.<\/li>\n<li style=\"list-style-type: circle;margin: 5px\">sounds.<\/li>\n<li style=\"list-style-type: circle;margin: 5px\">Dimensions.<\/li>\n<li style=\"list-style-type: circle;margin: 5px\">Weight.<\/li>\n<li style=\"list-style-type: circle;margin: 5px\">Batteries.<\/li>\n<li style=\"list-style-type: circle;margin: 5px\">Design.<\/li>\n<li style=\"list-style-type: circle;margin: 5px\">Connectors and input\/output.<\/li>\n<li style=\"list-style-type: circle;margin: 5px\">Controls<\/li>\n<li style=\"list-style-type: circle;margin: 5px\">Items included.<\/li>\n<\/ul>\n<div>\n<div style=\"font-weight: bold\">Volume increase.<\/div>\n<div>\n<p>Ideal for guitarists who prefer to overdrive their amp&#039;s natural distortion. Increases the power of the signal by exalting the harmonics and increasing the sustain.<\/p>\n<\/div>\n<div style=\"font-weight: bold\">sounds.<\/div>\n<div>\n<p>Boost up to 26 dB. Two-band active EQ with separate Bass and Treble controls. Voice selector for Fat (bass emphasis), Clean (no emphasis) or Mid for midrange emphasis.<\/p>\n<\/div>\n<div style=\"font-weight: bold\">Dimensions.<\/div>\n<div>\n<p>72 x 122 x 50 mm.<\/p>\n<\/div>\n<div style=\"font-weight: bold\">Weight.<\/div>\n<div>\n<p>300 g.<\/p>\n<\/div>\n<div style=\"font-weight: bold\">Batteries.<\/div>\n<div>\n<p>16mA amperage. Uninterrupted playback. With carbon battery: 6.5 hours, alkaline: 25 hours (these values will vary depending on the actual conditions of use).<\/p>\n<\/div>\n<div style=\"font-weight: bold\">Design.<\/div>\n<div>\n<p>Exclusive &quot;hammer&quot; housing, robust and cast aluminum designed for live life. Glossy powder coating. Single screw battery access for quick battery changes. All-metal design. A pedal designed to withstand the worst.<\/p>\n<\/div>\n<div style=\"font-weight: bold\">Connectors and input\/output.<\/div>\n<div>\n<p>Metal connectors, ready to withstand the worst live conditions.<\/p>\n<\/div>\n<div style=\"font-weight: bold\">Controls<\/div>\n<div>\n<p>Gain, Level, Bass and Treble with high quality metal potentiometers. High-performance touch pedal with true bypass for zero coloration of the sound.<\/p>\n<\/div>\n<div style=\"font-weight: bold\">Items included.<\/div>\n<div>\n<p>TC Electronic guitar booklet, TC Electronic label.<\/p>\n<\/div>\n<\/div>\n<\/div>","protected":false},"excerpt":{"rendered":"<p>Pedal de incremento de volumen para guitarra, realce de hasta 26 dB, EQ activo de 2 bandas con controles de graves y agudos independientes, selector de voz paraFat (\u00e9nfasis en los graves), Clean (sin \u00e9nfasis) o Mid para enfatizaci\u00f3n de lasfrecuencias medias, exclusiva carcasa \u201cde martillo\u201d, robusta y en aluminio fundido, acceso a la pila con un \u00fanico tornillo, dimensiones: 72 x 122 x 50 mm, peso: 300 g.&hellip; <a class=\"kt-excerpt-readmore more-link\" href=\"https:\/\/www.mexicanguitarplayers.com\/en\/tienda\/cuerdas\/efectos\/efectos-individuales\/pedal-t-c-p-guitarra-spark-booster\/\">Read more<\/a><\/p>","protected":false},"featured_media":14679,"comment_status":"open","ping_status":"closed","template":"","meta":{"kt_blocks_editor_width":""},"pwb-brand":[170],"product_brand":[],"product_cat":[224,241,504],"product_tag":[],"class_list":{"0":"post-14681","1":"product","2":"type-product","3":"status-publish","4":"has-post-thumbnail","6":"pwb-brand-tc-electronic","7":"product_cat-cuerdas","8":"product_cat-efectos","9":"product_cat-efectos-individuales","10":"product_shipping_class-0-5-kg","12":"first","13":"outofstock","14":"taxable","15":"shipping-taxable","16":"purchasable","17":"product-type-simple"},"yoast_head":"<!-- This site is optimized with the Yoast SEO plugin v27.5 - https:\/\/yoast.com\/product\/yoast-seo-wordpress\/ -->\n<title>PEDAL T.C. P\/GUITARRA SPARK BOOSTER - Mexican Guitar Players<\/title>\n<meta name=\"description\" content=\"PEDAL T.C. P\/GUITARRA SPARK BOOSTER. Pedal de incremento de volumen para guitarra, realce de hasta 26 dB, EQ activo de 2 bandas con controles de graves y agudos independientes, selector de voz paraFat (\u00e9nfasis en los graves), Clean (sin \u00e9nfasis) o Mid para enfatizaci\u00f3n de lasfrecuencias medias, exclusiva carcasa \u201cde martillo\u201d, robusta y en aluminio fundido, acceso a la pila con un \u00fanico tornillo, dimensiones: 72 x 122 x 50 mm, peso: 300 g.\" \/>\n<meta name=\"robots\" content=\"index, follow, max-snippet:-1, max-image-preview:large, max-video-preview:-1\" \/>\n<link rel=\"canonical\" href=\"https:\/\/www.mexicanguitarplayers.com\/en\/tienda\/cuerdas\/efectos\/efectos-individuales\/pedal-t-c-p-guitarra-spark-booster\/\" \/>\n<meta property=\"og:locale\" content=\"en_US\" \/>\n<meta property=\"og:type\" content=\"article\" \/>\n<meta property=\"og:title\" content=\"PEDAL T.C. P\/GUITARRA SPARK BOOSTER - Mexican Guitar Players\" \/>\n<meta property=\"og:description\" content=\"PEDAL T.C. P\/GUITARRA SPARK BOOSTER. Pedal de incremento de volumen para guitarra, realce de hasta 26 dB, EQ activo de 2 bandas con controles de graves y agudos independientes, selector de voz paraFat (\u00e9nfasis en los graves), Clean (sin \u00e9nfasis) o Mid para enfatizaci\u00f3n de lasfrecuencias medias, exclusiva carcasa \u201cde martillo\u201d, robusta y en aluminio fundido, acceso a la pila con un \u00fanico tornillo, dimensiones: 72 x 122 x 50 mm, peso: 300 g.\" \/>\n<meta property=\"og:url\" content=\"https:\/\/www.mexicanguitarplayers.com\/en\/tienda\/cuerdas\/efectos\/efectos-individuales\/pedal-t-c-p-guitarra-spark-booster\/\" \/>\n<meta property=\"og:site_name\" content=\"Mexican Guitar Players\" \/>\n<meta property=\"article:modified_time\" content=\"2026-04-14T10:17:27+00:00\" \/>\n<meta property=\"og:image\" content=\"https:\/\/www.mexicanguitarplayers.com\/wp-content\/uploads\/2022\/08\/VATCESPARKBOOS.jpg\" \/>\n\t<meta property=\"og:image:width\" content=\"1200\" \/>\n\t<meta property=\"og:image:height\" content=\"1200\" \/>\n\t<meta property=\"og:image:type\" content=\"image\/jpeg\" \/>\n<meta name=\"twitter:card\" content=\"summary_large_image\" \/>\n<meta name=\"twitter:label1\" content=\"Est. reading time\" \/>\n\t<meta name=\"twitter:data1\" content=\"2 minutes\" \/>\n<script type=\"application\/ld+json\" class=\"yoast-schema-graph\">{\"@context\":\"https:\\\/\\\/schema.org\",\"@graph\":[{\"@type\":[\"WebPage\",\"ItemPage\"],\"@id\":\"https:\\\/\\\/www.mexicanguitarplayers.com\\\/tienda\\\/cuerdas\\\/efectos\\\/efectos-individuales\\\/pedal-t-c-p-guitarra-spark-booster\\\/\",\"url\":\"https:\\\/\\\/www.mexicanguitarplayers.com\\\/tienda\\\/cuerdas\\\/efectos\\\/efectos-individuales\\\/pedal-t-c-p-guitarra-spark-booster\\\/\",\"name\":\"PEDAL T.C. P\\\/GUITARRA SPARK BOOSTER - Mexican Guitar Players\",\"isPartOf\":{\"@id\":\"https:\\\/\\\/www.mexicanguitarplayers.com\\\/#website\"},\"primaryImageOfPage\":{\"@id\":\"https:\\\/\\\/www.mexicanguitarplayers.com\\\/tienda\\\/cuerdas\\\/efectos\\\/efectos-individuales\\\/pedal-t-c-p-guitarra-spark-booster\\\/#primaryimage\"},\"image\":{\"@id\":\"https:\\\/\\\/www.mexicanguitarplayers.com\\\/tienda\\\/cuerdas\\\/efectos\\\/efectos-individuales\\\/pedal-t-c-p-guitarra-spark-booster\\\/#primaryimage\"},\"thumbnailUrl\":\"https:\\\/\\\/www.mexicanguitarplayers.com\\\/wp-content\\\/uploads\\\/2022\\\/08\\\/VATCESPARKBOOS.jpg\",\"datePublished\":\"2022-08-18T20:18:48+00:00\",\"dateModified\":\"2026-04-14T10:17:27+00:00\",\"description\":\"PEDAL T.C. P\\\/GUITARRA SPARK BOOSTER. Pedal de incremento de volumen para guitarra, realce de hasta 26 dB, EQ activo de 2 bandas con controles de graves y agudos independientes, selector de voz paraFat (\u00e9nfasis en los graves), Clean (sin \u00e9nfasis) o Mid para enfatizaci\u00f3n de lasfrecuencias medias, exclusiva carcasa \u201cde martillo\u201d, robusta y en aluminio fundido, acceso a la pila con un \u00fanico tornillo, dimensiones: 72 x 122 x 50 mm, peso: 300 g.\",\"breadcrumb\":{\"@id\":\"https:\\\/\\\/www.mexicanguitarplayers.com\\\/tienda\\\/cuerdas\\\/efectos\\\/efectos-individuales\\\/pedal-t-c-p-guitarra-spark-booster\\\/#breadcrumb\"},\"inLanguage\":\"en-US\",\"potentialAction\":[{\"@type\":\"ReadAction\",\"target\":[\"https:\\\/\\\/www.mexicanguitarplayers.com\\\/tienda\\\/cuerdas\\\/efectos\\\/efectos-individuales\\\/pedal-t-c-p-guitarra-spark-booster\\\/\"]}]},{\"@type\":\"ImageObject\",\"inLanguage\":\"en-US\",\"@id\":\"https:\\\/\\\/www.mexicanguitarplayers.com\\\/tienda\\\/cuerdas\\\/efectos\\\/efectos-individuales\\\/pedal-t-c-p-guitarra-spark-booster\\\/#primaryimage\",\"url\":\"https:\\\/\\\/www.mexicanguitarplayers.com\\\/wp-content\\\/uploads\\\/2022\\\/08\\\/VATCESPARKBOOS.jpg\",\"contentUrl\":\"https:\\\/\\\/www.mexicanguitarplayers.com\\\/wp-content\\\/uploads\\\/2022\\\/08\\\/VATCESPARKBOOS.jpg\",\"width\":1200,\"height\":1200},{\"@type\":\"BreadcrumbList\",\"@id\":\"https:\\\/\\\/www.mexicanguitarplayers.com\\\/tienda\\\/cuerdas\\\/efectos\\\/efectos-individuales\\\/pedal-t-c-p-guitarra-spark-booster\\\/#breadcrumb\",\"itemListElement\":[{\"@type\":\"ListItem\",\"position\":1,\"name\":\"Portada\",\"item\":\"https:\\\/\\\/www.mexicanguitarplayers.com\\\/\"},{\"@type\":\"ListItem\",\"position\":2,\"name\":\"Tienda\",\"item\":\"https:\\\/\\\/www.mexicanguitarplayers.com\\\/tienda\\\/\"},{\"@type\":\"ListItem\",\"position\":3,\"name\":\"PEDAL T.C. P\\\/GUITARRA SPARK BOOSTER\"}]},{\"@type\":\"WebSite\",\"@id\":\"https:\\\/\\\/www.mexicanguitarplayers.com\\\/#website\",\"url\":\"https:\\\/\\\/www.mexicanguitarplayers.com\\\/\",\"name\":\"Mexican Guitar Players\",\"description\":\"Website\",\"publisher\":{\"@id\":\"https:\\\/\\\/www.mexicanguitarplayers.com\\\/#organization\"},\"potentialAction\":[{\"@type\":\"SearchAction\",\"target\":{\"@type\":\"EntryPoint\",\"urlTemplate\":\"https:\\\/\\\/www.mexicanguitarplayers.com\\\/?s={search_term_string}\"},\"query-input\":{\"@type\":\"PropertyValueSpecification\",\"valueRequired\":true,\"valueName\":\"search_term_string\"}}],\"inLanguage\":\"en-US\"},{\"@type\":\"Organization\",\"@id\":\"https:\\\/\\\/www.mexicanguitarplayers.com\\\/#organization\",\"name\":\"Mexican Guitar Players\",\"url\":\"https:\\\/\\\/www.mexicanguitarplayers.com\\\/\",\"logo\":{\"@type\":\"ImageObject\",\"inLanguage\":\"en-US\",\"@id\":\"https:\\\/\\\/www.mexicanguitarplayers.com\\\/#\\\/schema\\\/logo\\\/image\\\/\",\"url\":\"\",\"contentUrl\":\"\",\"caption\":\"Mexican Guitar Players\"},\"image\":{\"@id\":\"https:\\\/\\\/www.mexicanguitarplayers.com\\\/#\\\/schema\\\/logo\\\/image\\\/\"}}]}<\/script>\n<!-- \/ Yoast SEO plugin. -->","yoast_head_json":{"title":"PEDAL T.C. P\/GUITARRA SPARK BOOSTER - Mexican Guitar Players","description":"PEDAL T.C. P\/GUITARRA SPARK BOOSTER. Pedal de incremento de volumen para guitarra, realce de hasta 26 dB, EQ activo de 2 bandas con controles de graves y agudos independientes, selector de voz paraFat (\u00e9nfasis en los graves), Clean (sin \u00e9nfasis) o Mid para enfatizaci\u00f3n de lasfrecuencias medias, exclusiva carcasa \u201cde martillo\u201d, robusta y en aluminio fundido, acceso a la pila con un \u00fanico tornillo, dimensiones: 72 x 122 x 50 mm, peso: 300 g.","robots":{"index":"index","follow":"follow","max-snippet":"max-snippet:-1","max-image-preview":"max-image-preview:large","max-video-preview":"max-video-preview:-1"},"canonical":"https:\/\/www.mexicanguitarplayers.com\/en\/tienda\/cuerdas\/efectos\/efectos-individuales\/pedal-t-c-p-guitarra-spark-booster\/","og_locale":"en_US","og_type":"article","og_title":"PEDAL T.C. P\/GUITARRA SPARK BOOSTER - Mexican Guitar Players","og_description":"PEDAL T.C. P\/GUITARRA SPARK BOOSTER. Pedal de incremento de volumen para guitarra, realce de hasta 26 dB, EQ activo de 2 bandas con controles de graves y agudos independientes, selector de voz paraFat (\u00e9nfasis en los graves), Clean (sin \u00e9nfasis) o Mid para enfatizaci\u00f3n de lasfrecuencias medias, exclusiva carcasa \u201cde martillo\u201d, robusta y en aluminio fundido, acceso a la pila con un \u00fanico tornillo, dimensiones: 72 x 122 x 50 mm, peso: 300 g.","og_url":"https:\/\/www.mexicanguitarplayers.com\/en\/tienda\/cuerdas\/efectos\/efectos-individuales\/pedal-t-c-p-guitarra-spark-booster\/","og_site_name":"Mexican Guitar Players","article_modified_time":"2026-04-14T10:17:27+00:00","og_image":[{"width":1200,"height":1200,"url":"https:\/\/www.mexicanguitarplayers.com\/wp-content\/uploads\/2022\/08\/VATCESPARKBOOS.jpg","type":"image\/jpeg"}],"twitter_card":"summary_large_image","twitter_misc":{"Est. reading time":"2 minutes"},"schema":{"@context":"https:\/\/schema.org","@graph":[{"@type":["WebPage","ItemPage"],"@id":"https:\/\/www.mexicanguitarplayers.com\/tienda\/cuerdas\/efectos\/efectos-individuales\/pedal-t-c-p-guitarra-spark-booster\/","url":"https:\/\/www.mexicanguitarplayers.com\/tienda\/cuerdas\/efectos\/efectos-individuales\/pedal-t-c-p-guitarra-spark-booster\/","name":"PEDAL T.C. P\/GUITARRA SPARK BOOSTER - Mexican Guitar Players","isPartOf":{"@id":"https:\/\/www.mexicanguitarplayers.com\/#website"},"primaryImageOfPage":{"@id":"https:\/\/www.mexicanguitarplayers.com\/tienda\/cuerdas\/efectos\/efectos-individuales\/pedal-t-c-p-guitarra-spark-booster\/#primaryimage"},"image":{"@id":"https:\/\/www.mexicanguitarplayers.com\/tienda\/cuerdas\/efectos\/efectos-individuales\/pedal-t-c-p-guitarra-spark-booster\/#primaryimage"},"thumbnailUrl":"https:\/\/www.mexicanguitarplayers.com\/wp-content\/uploads\/2022\/08\/VATCESPARKBOOS.jpg","datePublished":"2022-08-18T20:18:48+00:00","dateModified":"2026-04-14T10:17:27+00:00","description":"PEDAL T.C. P\/GUITARRA SPARK BOOSTER. Pedal de incremento de volumen para guitarra, realce de hasta 26 dB, EQ activo de 2 bandas con controles de graves y agudos independientes, selector de voz paraFat (\u00e9nfasis en los graves), Clean (sin \u00e9nfasis) o Mid para enfatizaci\u00f3n de lasfrecuencias medias, exclusiva carcasa \u201cde martillo\u201d, robusta y en aluminio fundido, acceso a la pila con un \u00fanico tornillo, dimensiones: 72 x 122 x 50 mm, peso: 300 g.","breadcrumb":{"@id":"https:\/\/www.mexicanguitarplayers.com\/tienda\/cuerdas\/efectos\/efectos-individuales\/pedal-t-c-p-guitarra-spark-booster\/#breadcrumb"},"inLanguage":"en-US","potentialAction":[{"@type":"ReadAction","target":["https:\/\/www.mexicanguitarplayers.com\/tienda\/cuerdas\/efectos\/efectos-individuales\/pedal-t-c-p-guitarra-spark-booster\/"]}]},{"@type":"ImageObject","inLanguage":"en-US","@id":"https:\/\/www.mexicanguitarplayers.com\/tienda\/cuerdas\/efectos\/efectos-individuales\/pedal-t-c-p-guitarra-spark-booster\/#primaryimage","url":"https:\/\/www.mexicanguitarplayers.com\/wp-content\/uploads\/2022\/08\/VATCESPARKBOOS.jpg","contentUrl":"https:\/\/www.mexicanguitarplayers.com\/wp-content\/uploads\/2022\/08\/VATCESPARKBOOS.jpg","width":1200,"height":1200},{"@type":"BreadcrumbList","@id":"https:\/\/www.mexicanguitarplayers.com\/tienda\/cuerdas\/efectos\/efectos-individuales\/pedal-t-c-p-guitarra-spark-booster\/#breadcrumb","itemListElement":[{"@type":"ListItem","position":1,"name":"Portada","item":"https:\/\/www.mexicanguitarplayers.com\/"},{"@type":"ListItem","position":2,"name":"Tienda","item":"https:\/\/www.mexicanguitarplayers.com\/tienda\/"},{"@type":"ListItem","position":3,"name":"PEDAL T.C. P\/GUITARRA SPARK BOOSTER"}]},{"@type":"WebSite","@id":"https:\/\/www.mexicanguitarplayers.com\/#website","url":"https:\/\/www.mexicanguitarplayers.com\/","name":"Mexican Guitar Players","description":"Website","publisher":{"@id":"https:\/\/www.mexicanguitarplayers.com\/#organization"},"potentialAction":[{"@type":"SearchAction","target":{"@type":"EntryPoint","urlTemplate":"https:\/\/www.mexicanguitarplayers.com\/?s={search_term_string}"},"query-input":{"@type":"PropertyValueSpecification","valueRequired":true,"valueName":"search_term_string"}}],"inLanguage":"en-US"},{"@type":"Organization","@id":"https:\/\/www.mexicanguitarplayers.com\/#organization","name":"Mexican Guitar Players","url":"https:\/\/www.mexicanguitarplayers.com\/","logo":{"@type":"ImageObject","inLanguage":"en-US","@id":"https:\/\/www.mexicanguitarplayers.com\/#\/schema\/logo\/image\/","url":"","contentUrl":"","caption":"Mexican Guitar Players"},"image":{"@id":"https:\/\/www.mexicanguitarplayers.com\/#\/schema\/logo\/image\/"}}]}},"brands":[{"id":170,"name":"TC-ELECTRONIC","slug":"tc-electronic"}],"_links":{"self":[{"href":"https:\/\/www.mexicanguitarplayers.com\/en\/wp-json\/wp\/v2\/product\/14681","targetHints":{"allow":["GET"]}}],"collection":[{"href":"https:\/\/www.mexicanguitarplayers.com\/en\/wp-json\/wp\/v2\/product"}],"about":[{"href":"https:\/\/www.mexicanguitarplayers.com\/en\/wp-json\/wp\/v2\/types\/product"}],"replies":[{"embeddable":true,"href":"https:\/\/www.mexicanguitarplayers.com\/en\/wp-json\/wp\/v2\/comments?post=14681"}],"wp:featuredmedia":[{"embeddable":true,"href":"https:\/\/www.mexicanguitarplayers.com\/en\/wp-json\/wp\/v2\/media\/14679"}],"wp:attachment":[{"href":"https:\/\/www.mexicanguitarplayers.com\/en\/wp-json\/wp\/v2\/media?parent=14681"}],"wp:term":[{"taxonomy":"pwb-brand","embeddable":true,"href":"https:\/\/www.mexicanguitarplayers.com\/en\/wp-json\/wp\/v2\/pwb-brand?post=14681"},{"taxonomy":"product_brand","embeddable":true,"href":"https:\/\/www.mexicanguitarplayers.com\/en\/wp-json\/wp\/v2\/product_brand?post=14681"},{"taxonomy":"product_cat","embeddable":true,"href":"https:\/\/www.mexicanguitarplayers.com\/en\/wp-json\/wp\/v2\/product_cat?post=14681"},{"taxonomy":"product_tag","embeddable":true,"href":"https:\/\/www.mexicanguitarplayers.com\/en\/wp-json\/wp\/v2\/product_tag?post=14681"}],"curies":[{"name":"wp","href":"https:\/\/api.w.org\/{rel}","templated":true}]}}