{"id":14693,"date":"2022-08-18T15:19:15","date_gmt":"2022-08-18T20:19:15","guid":{"rendered":"https:\/\/www.mexicanguitarplayers.com\/tienda\/sin%20categor\u00eda\/pedal-t-c-p-guitarra-sub-n-up-octaver\/"},"modified":"2026-04-14T04:17:25","modified_gmt":"2026-04-14T10:17:25","slug":"pedal-t-c-p-guitarra-sub-n-up-octaver","status":"publish","type":"product","link":"https:\/\/www.mexicanguitarplayers.com\/en\/tienda\/cuerdas\/efectos\/efectos-individuales\/pedal-t-c-p-guitarra-sub-n-up-octaver\/","title":{"rendered":"TC PEDAL FOR SUB N UP OCTAVER GUITAR"},"content":{"rendered":"<div style=\"text-align: justify; list-style: circle;\">\n<div>\n<h3>Motor octavador de \u00faltima generaci\u00f3n.<\/h3>\n<\/div>\n<div>El octavador Sub &#8216;N&#8217; Up es el nuevo l\u00edder del pitch-pack. Cuenta con nuestro excelente motor de octava de pr\u00f3xima generaci\u00f3n y los controles individuales de la mezcla para dry, octave-up y dos sub octavas. Sub &#8216;N&#8217; Up est\u00e1 configurado para ofrecer tonos de octava sin defectos si est\u00e1s tocando acordes completos o l\u00edneas groove de una sola nota. Y con la opci\u00f3n de la adici\u00f3n de modulaci\u00f3n a la mezcla por medio de nuestro potente editor TonePrint para octavas ambientales espaciosas, el octavador Sub &#8216;N&#8217; Up es realmente la definici\u00f3n de la perfecci\u00f3n de tono.<\/div>\n<div>\n<h4>Quick look<\/h4>\n<\/div>\n<ul style=\"margin: 0px 0px 0px 25px;\">\n<li style=\"list-style-type: circle; margin: 5px;\">Octavador de \u00faltima generaci\u00f3n.<\/li>\n<li style=\"list-style-type: circle; margin: 5px;\">Octavador monof\u00f3nico cl\u00e1sico.<\/li>\n<li style=\"list-style-type: circle; margin: 5px;\">Editor TonePrint Editor con modulaci\u00f3n.<\/li>\n<li style=\"list-style-type: circle; margin: 5px;\">TonePrint enabled.<\/li>\n<li style=\"list-style-type: circle; margin: 5px;\">Bypass mode.<\/li>\n<li style=\"list-style-type: circle; margin: 5px;\">Input connector.<\/li>\n<li style=\"list-style-type: circle; margin: 5px;\">Input impedance.<\/li>\n<li style=\"list-style-type: circle; margin: 5px;\">Conector de salida,<\/li>\n<li style=\"list-style-type: circle; margin: 5px;\">Output impedance.<\/li>\n<li style=\"list-style-type: circle; margin: 5px;\">Energy.<\/li>\n<li style=\"list-style-type: circle; margin: 5px;\">USB port.<\/li>\n<li style=\"list-style-type: circle; margin: 5px;\">Dimensions.<\/li>\n<\/ul>\n<div>\n<div style=\"font-weight: bold;\">Octavador de \u00faltima generaci\u00f3n.<\/div>\n<div>\n<p>Para un seguimiento polif\u00f3nico impecable.<\/p>\n<\/div>\n<div style=\"font-weight: bold;\">Octavador monof\u00f3nico cl\u00e1sico.<\/div>\n<div>\n<p>Tonos de octava de la vieja escuela.<\/p>\n<\/div>\n<div style=\"font-weight: bold;\">Editor TonePrint Editor con modulaci\u00f3n.<\/div>\n<div>\n<p>Para tonos de octava de otro mundo.<\/p>\n<\/div>\n<div style=\"font-weight: bold;\">TonePrint enabled.<\/div>\n<div>\n<p>Transmite tonos personalizador al pedal para que puedas crear el tuyo propio.<\/p>\n<\/div>\n<div style=\"font-weight: bold;\">Bypass mode.<\/div>\n<div>\n<p>True bypass (buffered bypass opcional).<\/p>\n<\/div>\n<div style=\"font-weight: bold;\">Input connector.<\/div>\n<div>\n<p>1 x 1\/4 \u2033 TS unbalanced mono.<\/p>\n<\/div>\n<div style=\"font-weight: bold;\">Input impedance.<\/div>\n<div>\n<p>1 milli ohm.<\/p>\n<\/div>\n<div style=\"font-weight: bold;\">Conector de salida,<\/div>\n<div>\n<p>1 x 1\/4&#8243; TS desbalanceado mono,<\/p>\n<\/div>\n<div style=\"font-weight: bold;\">Output impedance.<\/div>\n<div>\n<p>100 ohms.<\/p>\n<\/div>\n<div style=\"font-weight: bold;\">Energy.<\/div>\n<div>\n<p>9 V DC est\u00e1ndar, centro negativo. >300 mA (fuente de alimentaci\u00f3n no incluida).<\/p>\n<\/div>\n<div style=\"font-weight: bold;\">USB port.<\/div>\n<div>\n<p>Conector mini USB para subir y editar TonePrints y para actualizaci\u00f3n de software.<\/p>\n<\/div>\n<div style=\"font-weight: bold;\">Dimensions.<\/div>\n<div>\n<p>93 x 48 x 48 mm.<\/p>\n<\/div>\n<\/div>\n<\/div>","protected":false},"excerpt":{"rendered":"<p>Pedal octavador de \u00faltima generaci\u00f3n para guitarra, octavador monof\u00f3nico cl\u00e1sico, editor TonePrint Editor con modulaci\u00f3n, modo true bypass, dise\u00f1o compacto, componentes de alta calidad, energ\u00eda: 9 V DC est\u00e1ndar, centro negativo. >300 mA (fuente de alimentaci\u00f3n no incluida), puerto USB,  dimensiones: 93 x 48 x 48 mm.&hellip; <a class=\"kt-excerpt-readmore more-link\" href=\"https:\/\/www.mexicanguitarplayers.com\/en\/tienda\/cuerdas\/efectos\/efectos-individuales\/pedal-t-c-p-guitarra-sub-n-up-octaver\/\">Read more<\/a><\/p>","protected":false},"featured_media":14690,"comment_status":"open","ping_status":"closed","template":"","meta":{"kt_blocks_editor_width":""},"pwb-brand":[170],"product_brand":[],"product_cat":[224,241,504],"product_tag":[],"class_list":{"0":"post-14693","1":"product","2":"type-product","3":"status-publish","4":"has-post-thumbnail","6":"pwb-brand-tc-electronic","7":"product_cat-cuerdas","8":"product_cat-efectos","9":"product_cat-efectos-individuales","10":"product_shipping_class-0-5-kg","12":"first","13":"outofstock","14":"taxable","15":"shipping-taxable","16":"purchasable","17":"product-type-simple"},"yoast_head":"<!-- This site is optimized with the Yoast SEO plugin v27.5 - https:\/\/yoast.com\/product\/yoast-seo-wordpress\/ -->\n<title>PEDAL T.C. P\/GUITARRA SUB N UP OCTAVER - Mexican Guitar Players<\/title>\n<meta name=\"description\" content=\"PEDAL T.C. P\/GUITARRA SUB N UP OCTAVER. Pedal octavador de \u00faltima generaci\u00f3n para guitarra, octavador monof\u00f3nico cl\u00e1sico, editor TonePrint Editor con modulaci\u00f3n, modo true bypass, dise\u00f1o compacto, componentes de alta calidad, energ\u00eda: 9 V DC est\u00e1ndar, centro negativo. &gt;300 mA (fuente de alimentaci\u00f3n no incluida), puerto USB, dimensiones: 93 x 48 x 48 mm.\" \/>\n<meta name=\"robots\" content=\"index, follow, max-snippet:-1, max-image-preview:large, max-video-preview:-1\" \/>\n<link rel=\"canonical\" href=\"https:\/\/www.mexicanguitarplayers.com\/en\/tienda\/cuerdas\/efectos\/efectos-individuales\/pedal-t-c-p-guitarra-sub-n-up-octaver\/\" \/>\n<meta property=\"og:locale\" content=\"en_US\" \/>\n<meta property=\"og:type\" content=\"article\" \/>\n<meta property=\"og:title\" content=\"PEDAL T.C. P\/GUITARRA SUB N UP OCTAVER - Mexican Guitar Players\" \/>\n<meta property=\"og:description\" content=\"PEDAL T.C. P\/GUITARRA SUB N UP OCTAVER. Pedal octavador de \u00faltima generaci\u00f3n para guitarra, octavador monof\u00f3nico cl\u00e1sico, editor TonePrint Editor con modulaci\u00f3n, modo true bypass, dise\u00f1o compacto, componentes de alta calidad, energ\u00eda: 9 V DC est\u00e1ndar, centro negativo. &gt;300 mA (fuente de alimentaci\u00f3n no incluida), puerto USB, dimensiones: 93 x 48 x 48 mm.\" \/>\n<meta property=\"og:url\" content=\"https:\/\/www.mexicanguitarplayers.com\/en\/tienda\/cuerdas\/efectos\/efectos-individuales\/pedal-t-c-p-guitarra-sub-n-up-octaver\/\" \/>\n<meta property=\"og:site_name\" content=\"Mexican Guitar Players\" \/>\n<meta property=\"article:modified_time\" content=\"2026-04-14T10:17:25+00:00\" \/>\n<meta property=\"og:image\" content=\"https:\/\/www.mexicanguitarplayers.com\/wp-content\/uploads\/2022\/08\/VATCESUBNUPOCT.jpg\" \/>\n\t<meta property=\"og:image:width\" content=\"800\" \/>\n\t<meta property=\"og:image:height\" content=\"1600\" \/>\n\t<meta property=\"og:image:type\" content=\"image\/jpeg\" \/>\n<meta name=\"twitter:card\" content=\"summary_large_image\" \/>\n<meta name=\"twitter:label1\" content=\"Est. reading time\" \/>\n\t<meta name=\"twitter:data1\" content=\"1 minute\" \/>\n<script type=\"application\/ld+json\" class=\"yoast-schema-graph\">{\"@context\":\"https:\\\/\\\/schema.org\",\"@graph\":[{\"@type\":[\"WebPage\",\"ItemPage\"],\"@id\":\"https:\\\/\\\/www.mexicanguitarplayers.com\\\/tienda\\\/cuerdas\\\/efectos\\\/efectos-individuales\\\/pedal-t-c-p-guitarra-sub-n-up-octaver\\\/\",\"url\":\"https:\\\/\\\/www.mexicanguitarplayers.com\\\/tienda\\\/cuerdas\\\/efectos\\\/efectos-individuales\\\/pedal-t-c-p-guitarra-sub-n-up-octaver\\\/\",\"name\":\"PEDAL T.C. P\\\/GUITARRA SUB N UP OCTAVER - Mexican Guitar Players\",\"isPartOf\":{\"@id\":\"https:\\\/\\\/www.mexicanguitarplayers.com\\\/#website\"},\"primaryImageOfPage\":{\"@id\":\"https:\\\/\\\/www.mexicanguitarplayers.com\\\/tienda\\\/cuerdas\\\/efectos\\\/efectos-individuales\\\/pedal-t-c-p-guitarra-sub-n-up-octaver\\\/#primaryimage\"},\"image\":{\"@id\":\"https:\\\/\\\/www.mexicanguitarplayers.com\\\/tienda\\\/cuerdas\\\/efectos\\\/efectos-individuales\\\/pedal-t-c-p-guitarra-sub-n-up-octaver\\\/#primaryimage\"},\"thumbnailUrl\":\"https:\\\/\\\/www.mexicanguitarplayers.com\\\/wp-content\\\/uploads\\\/2022\\\/08\\\/VATCESUBNUPOCT.jpg\",\"datePublished\":\"2022-08-18T20:19:15+00:00\",\"dateModified\":\"2026-04-14T10:17:25+00:00\",\"description\":\"PEDAL T.C. P\\\/GUITARRA SUB N UP OCTAVER. Pedal octavador de \u00faltima generaci\u00f3n para guitarra, octavador monof\u00f3nico cl\u00e1sico, editor TonePrint Editor con modulaci\u00f3n, modo true bypass, dise\u00f1o compacto, componentes de alta calidad, energ\u00eda: 9 V DC est\u00e1ndar, centro negativo. >300 mA (fuente de alimentaci\u00f3n no incluida), puerto USB, dimensiones: 93 x 48 x 48 mm.\",\"breadcrumb\":{\"@id\":\"https:\\\/\\\/www.mexicanguitarplayers.com\\\/tienda\\\/cuerdas\\\/efectos\\\/efectos-individuales\\\/pedal-t-c-p-guitarra-sub-n-up-octaver\\\/#breadcrumb\"},\"inLanguage\":\"en-US\",\"potentialAction\":[{\"@type\":\"ReadAction\",\"target\":[\"https:\\\/\\\/www.mexicanguitarplayers.com\\\/tienda\\\/cuerdas\\\/efectos\\\/efectos-individuales\\\/pedal-t-c-p-guitarra-sub-n-up-octaver\\\/\"]}]},{\"@type\":\"ImageObject\",\"inLanguage\":\"en-US\",\"@id\":\"https:\\\/\\\/www.mexicanguitarplayers.com\\\/tienda\\\/cuerdas\\\/efectos\\\/efectos-individuales\\\/pedal-t-c-p-guitarra-sub-n-up-octaver\\\/#primaryimage\",\"url\":\"https:\\\/\\\/www.mexicanguitarplayers.com\\\/wp-content\\\/uploads\\\/2022\\\/08\\\/VATCESUBNUPOCT.jpg\",\"contentUrl\":\"https:\\\/\\\/www.mexicanguitarplayers.com\\\/wp-content\\\/uploads\\\/2022\\\/08\\\/VATCESUBNUPOCT.jpg\",\"width\":800,\"height\":1600},{\"@type\":\"BreadcrumbList\",\"@id\":\"https:\\\/\\\/www.mexicanguitarplayers.com\\\/tienda\\\/cuerdas\\\/efectos\\\/efectos-individuales\\\/pedal-t-c-p-guitarra-sub-n-up-octaver\\\/#breadcrumb\",\"itemListElement\":[{\"@type\":\"ListItem\",\"position\":1,\"name\":\"Portada\",\"item\":\"https:\\\/\\\/www.mexicanguitarplayers.com\\\/\"},{\"@type\":\"ListItem\",\"position\":2,\"name\":\"Tienda\",\"item\":\"https:\\\/\\\/www.mexicanguitarplayers.com\\\/tienda\\\/\"},{\"@type\":\"ListItem\",\"position\":3,\"name\":\"PEDAL T.C. P\\\/GUITARRA SUB N UP OCTAVER\"}]},{\"@type\":\"WebSite\",\"@id\":\"https:\\\/\\\/www.mexicanguitarplayers.com\\\/#website\",\"url\":\"https:\\\/\\\/www.mexicanguitarplayers.com\\\/\",\"name\":\"Mexican Guitar Players\",\"description\":\"Website\",\"publisher\":{\"@id\":\"https:\\\/\\\/www.mexicanguitarplayers.com\\\/#organization\"},\"potentialAction\":[{\"@type\":\"SearchAction\",\"target\":{\"@type\":\"EntryPoint\",\"urlTemplate\":\"https:\\\/\\\/www.mexicanguitarplayers.com\\\/?s={search_term_string}\"},\"query-input\":{\"@type\":\"PropertyValueSpecification\",\"valueRequired\":true,\"valueName\":\"search_term_string\"}}],\"inLanguage\":\"en-US\"},{\"@type\":\"Organization\",\"@id\":\"https:\\\/\\\/www.mexicanguitarplayers.com\\\/#organization\",\"name\":\"Mexican Guitar Players\",\"url\":\"https:\\\/\\\/www.mexicanguitarplayers.com\\\/\",\"logo\":{\"@type\":\"ImageObject\",\"inLanguage\":\"en-US\",\"@id\":\"https:\\\/\\\/www.mexicanguitarplayers.com\\\/#\\\/schema\\\/logo\\\/image\\\/\",\"url\":\"\",\"contentUrl\":\"\",\"caption\":\"Mexican Guitar Players\"},\"image\":{\"@id\":\"https:\\\/\\\/www.mexicanguitarplayers.com\\\/#\\\/schema\\\/logo\\\/image\\\/\"}}]}<\/script>\n<!-- \/ Yoast SEO plugin. -->","yoast_head_json":{"title":"PEDAL T.C. P\/GUITARRA SUB N UP OCTAVER - Mexican Guitar Players","description":"PEDAL T.C. P\/GUITARRA SUB N UP OCTAVER. Pedal octavador de \u00faltima generaci\u00f3n para guitarra, octavador monof\u00f3nico cl\u00e1sico, editor TonePrint Editor con modulaci\u00f3n, modo true bypass, dise\u00f1o compacto, componentes de alta calidad, energ\u00eda: 9 V DC est\u00e1ndar, centro negativo. >300 mA (fuente de alimentaci\u00f3n no incluida), puerto USB, dimensiones: 93 x 48 x 48 mm.","robots":{"index":"index","follow":"follow","max-snippet":"max-snippet:-1","max-image-preview":"max-image-preview:large","max-video-preview":"max-video-preview:-1"},"canonical":"https:\/\/www.mexicanguitarplayers.com\/en\/tienda\/cuerdas\/efectos\/efectos-individuales\/pedal-t-c-p-guitarra-sub-n-up-octaver\/","og_locale":"en_US","og_type":"article","og_title":"PEDAL T.C. P\/GUITARRA SUB N UP OCTAVER - Mexican Guitar Players","og_description":"PEDAL T.C. P\/GUITARRA SUB N UP OCTAVER. Pedal octavador de \u00faltima generaci\u00f3n para guitarra, octavador monof\u00f3nico cl\u00e1sico, editor TonePrint Editor con modulaci\u00f3n, modo true bypass, dise\u00f1o compacto, componentes de alta calidad, energ\u00eda: 9 V DC est\u00e1ndar, centro negativo. >300 mA (fuente de alimentaci\u00f3n no incluida), puerto USB, dimensiones: 93 x 48 x 48 mm.","og_url":"https:\/\/www.mexicanguitarplayers.com\/en\/tienda\/cuerdas\/efectos\/efectos-individuales\/pedal-t-c-p-guitarra-sub-n-up-octaver\/","og_site_name":"Mexican Guitar Players","article_modified_time":"2026-04-14T10:17:25+00:00","og_image":[{"width":800,"height":1600,"url":"https:\/\/www.mexicanguitarplayers.com\/wp-content\/uploads\/2022\/08\/VATCESUBNUPOCT.jpg","type":"image\/jpeg"}],"twitter_card":"summary_large_image","twitter_misc":{"Est. reading time":"1 minute"},"schema":{"@context":"https:\/\/schema.org","@graph":[{"@type":["WebPage","ItemPage"],"@id":"https:\/\/www.mexicanguitarplayers.com\/tienda\/cuerdas\/efectos\/efectos-individuales\/pedal-t-c-p-guitarra-sub-n-up-octaver\/","url":"https:\/\/www.mexicanguitarplayers.com\/tienda\/cuerdas\/efectos\/efectos-individuales\/pedal-t-c-p-guitarra-sub-n-up-octaver\/","name":"PEDAL T.C. P\/GUITARRA SUB N UP OCTAVER - Mexican Guitar Players","isPartOf":{"@id":"https:\/\/www.mexicanguitarplayers.com\/#website"},"primaryImageOfPage":{"@id":"https:\/\/www.mexicanguitarplayers.com\/tienda\/cuerdas\/efectos\/efectos-individuales\/pedal-t-c-p-guitarra-sub-n-up-octaver\/#primaryimage"},"image":{"@id":"https:\/\/www.mexicanguitarplayers.com\/tienda\/cuerdas\/efectos\/efectos-individuales\/pedal-t-c-p-guitarra-sub-n-up-octaver\/#primaryimage"},"thumbnailUrl":"https:\/\/www.mexicanguitarplayers.com\/wp-content\/uploads\/2022\/08\/VATCESUBNUPOCT.jpg","datePublished":"2022-08-18T20:19:15+00:00","dateModified":"2026-04-14T10:17:25+00:00","description":"PEDAL T.C. P\/GUITARRA SUB N UP OCTAVER. Pedal octavador de \u00faltima generaci\u00f3n para guitarra, octavador monof\u00f3nico cl\u00e1sico, editor TonePrint Editor con modulaci\u00f3n, modo true bypass, dise\u00f1o compacto, componentes de alta calidad, energ\u00eda: 9 V DC est\u00e1ndar, centro negativo. >300 mA (fuente de alimentaci\u00f3n no incluida), puerto USB, dimensiones: 93 x 48 x 48 mm.","breadcrumb":{"@id":"https:\/\/www.mexicanguitarplayers.com\/tienda\/cuerdas\/efectos\/efectos-individuales\/pedal-t-c-p-guitarra-sub-n-up-octaver\/#breadcrumb"},"inLanguage":"en-US","potentialAction":[{"@type":"ReadAction","target":["https:\/\/www.mexicanguitarplayers.com\/tienda\/cuerdas\/efectos\/efectos-individuales\/pedal-t-c-p-guitarra-sub-n-up-octaver\/"]}]},{"@type":"ImageObject","inLanguage":"en-US","@id":"https:\/\/www.mexicanguitarplayers.com\/tienda\/cuerdas\/efectos\/efectos-individuales\/pedal-t-c-p-guitarra-sub-n-up-octaver\/#primaryimage","url":"https:\/\/www.mexicanguitarplayers.com\/wp-content\/uploads\/2022\/08\/VATCESUBNUPOCT.jpg","contentUrl":"https:\/\/www.mexicanguitarplayers.com\/wp-content\/uploads\/2022\/08\/VATCESUBNUPOCT.jpg","width":800,"height":1600},{"@type":"BreadcrumbList","@id":"https:\/\/www.mexicanguitarplayers.com\/tienda\/cuerdas\/efectos\/efectos-individuales\/pedal-t-c-p-guitarra-sub-n-up-octaver\/#breadcrumb","itemListElement":[{"@type":"ListItem","position":1,"name":"Portada","item":"https:\/\/www.mexicanguitarplayers.com\/"},{"@type":"ListItem","position":2,"name":"Tienda","item":"https:\/\/www.mexicanguitarplayers.com\/tienda\/"},{"@type":"ListItem","position":3,"name":"PEDAL T.C. P\/GUITARRA SUB N UP OCTAVER"}]},{"@type":"WebSite","@id":"https:\/\/www.mexicanguitarplayers.com\/#website","url":"https:\/\/www.mexicanguitarplayers.com\/","name":"Mexican Guitar Players","description":"Website","publisher":{"@id":"https:\/\/www.mexicanguitarplayers.com\/#organization"},"potentialAction":[{"@type":"SearchAction","target":{"@type":"EntryPoint","urlTemplate":"https:\/\/www.mexicanguitarplayers.com\/?s={search_term_string}"},"query-input":{"@type":"PropertyValueSpecification","valueRequired":true,"valueName":"search_term_string"}}],"inLanguage":"en-US"},{"@type":"Organization","@id":"https:\/\/www.mexicanguitarplayers.com\/#organization","name":"Mexican Guitar Players","url":"https:\/\/www.mexicanguitarplayers.com\/","logo":{"@type":"ImageObject","inLanguage":"en-US","@id":"https:\/\/www.mexicanguitarplayers.com\/#\/schema\/logo\/image\/","url":"","contentUrl":"","caption":"Mexican Guitar Players"},"image":{"@id":"https:\/\/www.mexicanguitarplayers.com\/#\/schema\/logo\/image\/"}}]}},"brands":[{"id":170,"name":"TC-ELECTRONIC","slug":"tc-electronic"}],"_links":{"self":[{"href":"https:\/\/www.mexicanguitarplayers.com\/en\/wp-json\/wp\/v2\/product\/14693","targetHints":{"allow":["GET"]}}],"collection":[{"href":"https:\/\/www.mexicanguitarplayers.com\/en\/wp-json\/wp\/v2\/product"}],"about":[{"href":"https:\/\/www.mexicanguitarplayers.com\/en\/wp-json\/wp\/v2\/types\/product"}],"replies":[{"embeddable":true,"href":"https:\/\/www.mexicanguitarplayers.com\/en\/wp-json\/wp\/v2\/comments?post=14693"}],"wp:featuredmedia":[{"embeddable":true,"href":"https:\/\/www.mexicanguitarplayers.com\/en\/wp-json\/wp\/v2\/media\/14690"}],"wp:attachment":[{"href":"https:\/\/www.mexicanguitarplayers.com\/en\/wp-json\/wp\/v2\/media?parent=14693"}],"wp:term":[{"taxonomy":"pwb-brand","embeddable":true,"href":"https:\/\/www.mexicanguitarplayers.com\/en\/wp-json\/wp\/v2\/pwb-brand?post=14693"},{"taxonomy":"product_brand","embeddable":true,"href":"https:\/\/www.mexicanguitarplayers.com\/en\/wp-json\/wp\/v2\/product_brand?post=14693"},{"taxonomy":"product_cat","embeddable":true,"href":"https:\/\/www.mexicanguitarplayers.com\/en\/wp-json\/wp\/v2\/product_cat?post=14693"},{"taxonomy":"product_tag","embeddable":true,"href":"https:\/\/www.mexicanguitarplayers.com\/en\/wp-json\/wp\/v2\/product_tag?post=14693"}],"curies":[{"name":"wp","href":"https:\/\/api.w.org\/{rel}","templated":true}]}}