{"id":14699,"date":"2022-08-18T15:19:28","date_gmt":"2022-08-18T20:19:28","guid":{"rendered":"https:\/\/www.mexicanguitarplayers.com\/tienda\/sin%20categor\u00eda\/pedal-t-c-p-guitarra-the-dreamscape\/"},"modified":"2026-04-10T05:08:58","modified_gmt":"2026-04-10T11:08:58","slug":"pedal-t-c-p-guitarra-the-dreamscape","status":"publish","type":"product","link":"https:\/\/www.mexicanguitarplayers.com\/en\/tienda\/cuerdas\/efectos\/efectos-individuales\/pedal-t-c-p-guitarra-the-dreamscape\/","title":{"rendered":"THE DREAMSCAPE TC GUITAR PEDAL"},"content":{"rendered":"<div style=\"text-align: justify\">\n<div>\n<h3>The real sound of John Petrucci now at your fingertips.<\/h3>\n<\/div>\n<div>John Petrucci was one of the first rock stars to join our Tone Print program and his sounds were so popular that we decided to collaborate heavily on capturing his interpretations of classic TC effects. It features 6 tones designed by John, chorus, flanger and vibrato in one pedal. TC Electronic&#039;s Dreamscape contains three mind-blowing modulation effects that have been carefully designed in the smallest detail by the master himself. John created a new brand for Tone Print Vortex Flanger by taking the total amount of measurement adjusted up to six tones \u2013 2 x Chorus, 2 x Flanger and 2 x Vibrato. John Petrucci presents The Dreamscape, in which you can even configure and design your own sounds. In short, it&#039;s everything John Petrucci and Dream Theater fans have ever wanted. The Dreamscape is a brilliant way to have three modulation effects in one compact pedal that will only take up minimal space on your pedalboard.<\/div>\n<div>\n<h4>Quick look<\/h4>\n<\/div>\n<ul style=\"margin: 0px 0px 0px 25px\">\n<li style=\"list-style-type: circle;margin: 5px\">Stack.<\/li>\n<li style=\"list-style-type: circle;margin: 5px\">Design.<\/li>\n<li style=\"list-style-type: circle;margin: 5px\">Connectors.<\/li>\n<li style=\"list-style-type: circle;margin: 5px\">Controls<\/li>\n<li style=\"list-style-type: circle;margin: 5px\">Items included.<\/li>\n<li style=\"list-style-type: circle;margin: 5px\">Dimensions.<\/li>\n<li style=\"list-style-type: circle;margin: 5px\">Weight.<\/li>\n<\/ul>\n<div>\n<div style=\"font-weight: bold\">Stack.<\/div>\n<div>\n<p>Dual power rail technology ensures you&#039;ll have room for line-level effects loops with a single 9V battery. Battery detection circuitry automatically places the Dreamscape into bypass if the battery runs out of power.<\/p>\n<\/div>\n<div style=\"font-weight: bold\">Design.<\/div>\n<div>\n<p>Exclusive \u201chammer\u201d casing, robust and cast aluminum designed for live life. Single screw battery access for quick battery change.<\/p>\n<\/div>\n<div style=\"font-weight: bold\">Connectors.<\/div>\n<div>\n<p>Stereo inputs with auto-sensing mono\/stereo that supports any type of signal. Stereo outputs for super wide sound. Mini USB connector for loading exclusive TonePrints and software updates.<\/p>\n<\/div>\n<div style=\"font-weight: bold\">Controls<\/div>\n<div>\n<p>Speed, Depth, FX Level and Effect Type selector with high-quality metal potentiometers. High-performance touch pedal with true bypass for zero tonal coloration.<\/p>\n<\/div>\n<div style=\"font-weight: bold\">Items included.<\/div>\n<div>\n<p>TonePrints download USB cable, TC Electronic guitar booklet, TC Electronic label.<\/p>\n<\/div>\n<div style=\"font-weight: bold\">Dimensions.<\/div>\n<div>\n<p>72 x 122 x 50 mm.<\/p>\n<\/div>\n<div style=\"font-weight: bold\">Weight.<\/div>\n<div>\n<p>300 g. <\/p>\n<\/div>\n<\/div>\n<\/div>","protected":false},"excerpt":{"rendered":"<p>Pedal para guitarra, 6 TonePrint exclusivos de John Petrucci, acceso a todos losTonePrint del chorus Corona, exclusiva carcasa de martillo, robusta y en aluminio fundido, acceso a la pila con un \u00fanico tornillo, entradas est\u00e9reo conector USB mini, controles: Speed, Depth, FX Level y selector Effect Type con potenci\u00f3metros met\u00e1licos de alta calidad, dimensiones: 72 x 122 x 50 mm, peso: 300 g, incluye cable USB, no incluye pila.&hellip; <a class=\"kt-excerpt-readmore more-link\" href=\"https:\/\/www.mexicanguitarplayers.com\/en\/tienda\/cuerdas\/efectos\/efectos-individuales\/pedal-t-c-p-guitarra-the-dreamscape\/\">Read more<\/a><\/p>","protected":false},"featured_media":14697,"comment_status":"open","ping_status":"closed","template":"","meta":{"kt_blocks_editor_width":""},"pwb-brand":[170],"product_brand":[],"product_cat":[224,241,504],"product_tag":[],"class_list":{"0":"post-14699","1":"product","2":"type-product","3":"status-publish","4":"has-post-thumbnail","6":"pwb-brand-tc-electronic","7":"product_cat-cuerdas","8":"product_cat-efectos","9":"product_cat-efectos-individuales","10":"product_shipping_class-0-5-kg","12":"first","13":"outofstock","14":"taxable","15":"shipping-taxable","16":"purchasable","17":"product-type-simple"},"yoast_head":"<!-- This site is optimized with the Yoast SEO plugin v27.5 - https:\/\/yoast.com\/product\/yoast-seo-wordpress\/ -->\n<title>PEDAL T.C. P\/GUITARRA THE DREAMSCAPE - Mexican Guitar Players<\/title>\n<meta name=\"description\" content=\"PEDAL T.C. P\/GUITARRA THE DREAMSCAPE. Pedal para guitarra, 6 TonePrint exclusivos de John Petrucci, acceso a todos losTonePrint del chorus Corona, exclusiva carcasa de martillo, robusta y en aluminio fundido, acceso a la pila con un \u00fanico tornillo, entradas est\u00e9reo conector USB mini, controles: Speed, Depth, FX Level y selector Effect Type con potenci\u00f3metros met\u00e1licos de alta calidad, dimensiones: 72 x 122 x 50 mm, peso: 300 g, incluye cable USB, no incluye pila.\" \/>\n<meta name=\"robots\" content=\"index, follow, max-snippet:-1, max-image-preview:large, max-video-preview:-1\" \/>\n<link rel=\"canonical\" href=\"https:\/\/www.mexicanguitarplayers.com\/en\/tienda\/cuerdas\/efectos\/efectos-individuales\/pedal-t-c-p-guitarra-the-dreamscape\/\" \/>\n<meta property=\"og:locale\" content=\"en_US\" \/>\n<meta property=\"og:type\" content=\"article\" \/>\n<meta property=\"og:title\" content=\"PEDAL T.C. P\/GUITARRA THE DREAMSCAPE - Mexican Guitar Players\" \/>\n<meta property=\"og:description\" content=\"PEDAL T.C. P\/GUITARRA THE DREAMSCAPE. Pedal para guitarra, 6 TonePrint exclusivos de John Petrucci, acceso a todos losTonePrint del chorus Corona, exclusiva carcasa de martillo, robusta y en aluminio fundido, acceso a la pila con un \u00fanico tornillo, entradas est\u00e9reo conector USB mini, controles: Speed, Depth, FX Level y selector Effect Type con potenci\u00f3metros met\u00e1licos de alta calidad, dimensiones: 72 x 122 x 50 mm, peso: 300 g, incluye cable USB, no incluye pila.\" \/>\n<meta property=\"og:url\" content=\"https:\/\/www.mexicanguitarplayers.com\/en\/tienda\/cuerdas\/efectos\/efectos-individuales\/pedal-t-c-p-guitarra-the-dreamscape\/\" \/>\n<meta property=\"og:site_name\" content=\"Mexican Guitar Players\" \/>\n<meta property=\"article:modified_time\" content=\"2026-04-10T11:08:58+00:00\" \/>\n<meta property=\"og:image\" content=\"https:\/\/www.mexicanguitarplayers.com\/wp-content\/uploads\/2022\/08\/VATCETHEDREAMS.jpg\" \/>\n\t<meta property=\"og:image:width\" content=\"800\" \/>\n\t<meta property=\"og:image:height\" content=\"1600\" \/>\n\t<meta property=\"og:image:type\" content=\"image\/jpeg\" \/>\n<meta name=\"twitter:card\" content=\"summary_large_image\" \/>\n<meta name=\"twitter:label1\" content=\"Est. reading time\" \/>\n\t<meta name=\"twitter:data1\" content=\"2 minutes\" \/>\n<script type=\"application\/ld+json\" class=\"yoast-schema-graph\">{\"@context\":\"https:\\\/\\\/schema.org\",\"@graph\":[{\"@type\":[\"WebPage\",\"ItemPage\"],\"@id\":\"https:\\\/\\\/www.mexicanguitarplayers.com\\\/tienda\\\/cuerdas\\\/efectos\\\/efectos-individuales\\\/pedal-t-c-p-guitarra-the-dreamscape\\\/\",\"url\":\"https:\\\/\\\/www.mexicanguitarplayers.com\\\/tienda\\\/cuerdas\\\/efectos\\\/efectos-individuales\\\/pedal-t-c-p-guitarra-the-dreamscape\\\/\",\"name\":\"PEDAL T.C. P\\\/GUITARRA THE DREAMSCAPE - Mexican Guitar Players\",\"isPartOf\":{\"@id\":\"https:\\\/\\\/www.mexicanguitarplayers.com\\\/#website\"},\"primaryImageOfPage\":{\"@id\":\"https:\\\/\\\/www.mexicanguitarplayers.com\\\/tienda\\\/cuerdas\\\/efectos\\\/efectos-individuales\\\/pedal-t-c-p-guitarra-the-dreamscape\\\/#primaryimage\"},\"image\":{\"@id\":\"https:\\\/\\\/www.mexicanguitarplayers.com\\\/tienda\\\/cuerdas\\\/efectos\\\/efectos-individuales\\\/pedal-t-c-p-guitarra-the-dreamscape\\\/#primaryimage\"},\"thumbnailUrl\":\"https:\\\/\\\/www.mexicanguitarplayers.com\\\/wp-content\\\/uploads\\\/2022\\\/08\\\/VATCETHEDREAMS.jpg\",\"datePublished\":\"2022-08-18T20:19:28+00:00\",\"dateModified\":\"2026-04-10T11:08:58+00:00\",\"description\":\"PEDAL T.C. P\\\/GUITARRA THE DREAMSCAPE. Pedal para guitarra, 6 TonePrint exclusivos de John Petrucci, acceso a todos losTonePrint del chorus Corona, exclusiva carcasa de martillo, robusta y en aluminio fundido, acceso a la pila con un \u00fanico tornillo, entradas est\u00e9reo conector USB mini, controles: Speed, Depth, FX Level y selector Effect Type con potenci\u00f3metros met\u00e1licos de alta calidad, dimensiones: 72 x 122 x 50 mm, peso: 300 g, incluye cable USB, no incluye pila.\",\"breadcrumb\":{\"@id\":\"https:\\\/\\\/www.mexicanguitarplayers.com\\\/tienda\\\/cuerdas\\\/efectos\\\/efectos-individuales\\\/pedal-t-c-p-guitarra-the-dreamscape\\\/#breadcrumb\"},\"inLanguage\":\"en-US\",\"potentialAction\":[{\"@type\":\"ReadAction\",\"target\":[\"https:\\\/\\\/www.mexicanguitarplayers.com\\\/tienda\\\/cuerdas\\\/efectos\\\/efectos-individuales\\\/pedal-t-c-p-guitarra-the-dreamscape\\\/\"]}]},{\"@type\":\"ImageObject\",\"inLanguage\":\"en-US\",\"@id\":\"https:\\\/\\\/www.mexicanguitarplayers.com\\\/tienda\\\/cuerdas\\\/efectos\\\/efectos-individuales\\\/pedal-t-c-p-guitarra-the-dreamscape\\\/#primaryimage\",\"url\":\"https:\\\/\\\/www.mexicanguitarplayers.com\\\/wp-content\\\/uploads\\\/2022\\\/08\\\/VATCETHEDREAMS.jpg\",\"contentUrl\":\"https:\\\/\\\/www.mexicanguitarplayers.com\\\/wp-content\\\/uploads\\\/2022\\\/08\\\/VATCETHEDREAMS.jpg\",\"width\":800,\"height\":1600},{\"@type\":\"BreadcrumbList\",\"@id\":\"https:\\\/\\\/www.mexicanguitarplayers.com\\\/tienda\\\/cuerdas\\\/efectos\\\/efectos-individuales\\\/pedal-t-c-p-guitarra-the-dreamscape\\\/#breadcrumb\",\"itemListElement\":[{\"@type\":\"ListItem\",\"position\":1,\"name\":\"Portada\",\"item\":\"https:\\\/\\\/www.mexicanguitarplayers.com\\\/\"},{\"@type\":\"ListItem\",\"position\":2,\"name\":\"Tienda\",\"item\":\"https:\\\/\\\/www.mexicanguitarplayers.com\\\/tienda\\\/\"},{\"@type\":\"ListItem\",\"position\":3,\"name\":\"PEDAL T.C. P\\\/GUITARRA THE DREAMSCAPE\"}]},{\"@type\":\"WebSite\",\"@id\":\"https:\\\/\\\/www.mexicanguitarplayers.com\\\/#website\",\"url\":\"https:\\\/\\\/www.mexicanguitarplayers.com\\\/\",\"name\":\"Mexican Guitar Players\",\"description\":\"Website\",\"publisher\":{\"@id\":\"https:\\\/\\\/www.mexicanguitarplayers.com\\\/#organization\"},\"potentialAction\":[{\"@type\":\"SearchAction\",\"target\":{\"@type\":\"EntryPoint\",\"urlTemplate\":\"https:\\\/\\\/www.mexicanguitarplayers.com\\\/?s={search_term_string}\"},\"query-input\":{\"@type\":\"PropertyValueSpecification\",\"valueRequired\":true,\"valueName\":\"search_term_string\"}}],\"inLanguage\":\"en-US\"},{\"@type\":\"Organization\",\"@id\":\"https:\\\/\\\/www.mexicanguitarplayers.com\\\/#organization\",\"name\":\"Mexican Guitar Players\",\"url\":\"https:\\\/\\\/www.mexicanguitarplayers.com\\\/\",\"logo\":{\"@type\":\"ImageObject\",\"inLanguage\":\"en-US\",\"@id\":\"https:\\\/\\\/www.mexicanguitarplayers.com\\\/#\\\/schema\\\/logo\\\/image\\\/\",\"url\":\"\",\"contentUrl\":\"\",\"caption\":\"Mexican Guitar Players\"},\"image\":{\"@id\":\"https:\\\/\\\/www.mexicanguitarplayers.com\\\/#\\\/schema\\\/logo\\\/image\\\/\"}}]}<\/script>\n<!-- \/ Yoast SEO plugin. -->","yoast_head_json":{"title":"PEDAL T.C. P\/GUITARRA THE DREAMSCAPE - Mexican Guitar Players","description":"PEDAL T.C. P\/GUITARRA THE DREAMSCAPE. Pedal para guitarra, 6 TonePrint exclusivos de John Petrucci, acceso a todos losTonePrint del chorus Corona, exclusiva carcasa de martillo, robusta y en aluminio fundido, acceso a la pila con un \u00fanico tornillo, entradas est\u00e9reo conector USB mini, controles: Speed, Depth, FX Level y selector Effect Type con potenci\u00f3metros met\u00e1licos de alta calidad, dimensiones: 72 x 122 x 50 mm, peso: 300 g, incluye cable USB, no incluye pila.","robots":{"index":"index","follow":"follow","max-snippet":"max-snippet:-1","max-image-preview":"max-image-preview:large","max-video-preview":"max-video-preview:-1"},"canonical":"https:\/\/www.mexicanguitarplayers.com\/en\/tienda\/cuerdas\/efectos\/efectos-individuales\/pedal-t-c-p-guitarra-the-dreamscape\/","og_locale":"en_US","og_type":"article","og_title":"PEDAL T.C. P\/GUITARRA THE DREAMSCAPE - Mexican Guitar Players","og_description":"PEDAL T.C. P\/GUITARRA THE DREAMSCAPE. Pedal para guitarra, 6 TonePrint exclusivos de John Petrucci, acceso a todos losTonePrint del chorus Corona, exclusiva carcasa de martillo, robusta y en aluminio fundido, acceso a la pila con un \u00fanico tornillo, entradas est\u00e9reo conector USB mini, controles: Speed, Depth, FX Level y selector Effect Type con potenci\u00f3metros met\u00e1licos de alta calidad, dimensiones: 72 x 122 x 50 mm, peso: 300 g, incluye cable USB, no incluye pila.","og_url":"https:\/\/www.mexicanguitarplayers.com\/en\/tienda\/cuerdas\/efectos\/efectos-individuales\/pedal-t-c-p-guitarra-the-dreamscape\/","og_site_name":"Mexican Guitar Players","article_modified_time":"2026-04-10T11:08:58+00:00","og_image":[{"width":800,"height":1600,"url":"https:\/\/www.mexicanguitarplayers.com\/wp-content\/uploads\/2022\/08\/VATCETHEDREAMS.jpg","type":"image\/jpeg"}],"twitter_card":"summary_large_image","twitter_misc":{"Est. reading time":"2 minutes"},"schema":{"@context":"https:\/\/schema.org","@graph":[{"@type":["WebPage","ItemPage"],"@id":"https:\/\/www.mexicanguitarplayers.com\/tienda\/cuerdas\/efectos\/efectos-individuales\/pedal-t-c-p-guitarra-the-dreamscape\/","url":"https:\/\/www.mexicanguitarplayers.com\/tienda\/cuerdas\/efectos\/efectos-individuales\/pedal-t-c-p-guitarra-the-dreamscape\/","name":"PEDAL T.C. P\/GUITARRA THE DREAMSCAPE - Mexican Guitar Players","isPartOf":{"@id":"https:\/\/www.mexicanguitarplayers.com\/#website"},"primaryImageOfPage":{"@id":"https:\/\/www.mexicanguitarplayers.com\/tienda\/cuerdas\/efectos\/efectos-individuales\/pedal-t-c-p-guitarra-the-dreamscape\/#primaryimage"},"image":{"@id":"https:\/\/www.mexicanguitarplayers.com\/tienda\/cuerdas\/efectos\/efectos-individuales\/pedal-t-c-p-guitarra-the-dreamscape\/#primaryimage"},"thumbnailUrl":"https:\/\/www.mexicanguitarplayers.com\/wp-content\/uploads\/2022\/08\/VATCETHEDREAMS.jpg","datePublished":"2022-08-18T20:19:28+00:00","dateModified":"2026-04-10T11:08:58+00:00","description":"PEDAL T.C. P\/GUITARRA THE DREAMSCAPE. Pedal para guitarra, 6 TonePrint exclusivos de John Petrucci, acceso a todos losTonePrint del chorus Corona, exclusiva carcasa de martillo, robusta y en aluminio fundido, acceso a la pila con un \u00fanico tornillo, entradas est\u00e9reo conector USB mini, controles: Speed, Depth, FX Level y selector Effect Type con potenci\u00f3metros met\u00e1licos de alta calidad, dimensiones: 72 x 122 x 50 mm, peso: 300 g, incluye cable USB, no incluye pila.","breadcrumb":{"@id":"https:\/\/www.mexicanguitarplayers.com\/tienda\/cuerdas\/efectos\/efectos-individuales\/pedal-t-c-p-guitarra-the-dreamscape\/#breadcrumb"},"inLanguage":"en-US","potentialAction":[{"@type":"ReadAction","target":["https:\/\/www.mexicanguitarplayers.com\/tienda\/cuerdas\/efectos\/efectos-individuales\/pedal-t-c-p-guitarra-the-dreamscape\/"]}]},{"@type":"ImageObject","inLanguage":"en-US","@id":"https:\/\/www.mexicanguitarplayers.com\/tienda\/cuerdas\/efectos\/efectos-individuales\/pedal-t-c-p-guitarra-the-dreamscape\/#primaryimage","url":"https:\/\/www.mexicanguitarplayers.com\/wp-content\/uploads\/2022\/08\/VATCETHEDREAMS.jpg","contentUrl":"https:\/\/www.mexicanguitarplayers.com\/wp-content\/uploads\/2022\/08\/VATCETHEDREAMS.jpg","width":800,"height":1600},{"@type":"BreadcrumbList","@id":"https:\/\/www.mexicanguitarplayers.com\/tienda\/cuerdas\/efectos\/efectos-individuales\/pedal-t-c-p-guitarra-the-dreamscape\/#breadcrumb","itemListElement":[{"@type":"ListItem","position":1,"name":"Portada","item":"https:\/\/www.mexicanguitarplayers.com\/"},{"@type":"ListItem","position":2,"name":"Tienda","item":"https:\/\/www.mexicanguitarplayers.com\/tienda\/"},{"@type":"ListItem","position":3,"name":"PEDAL T.C. P\/GUITARRA THE DREAMSCAPE"}]},{"@type":"WebSite","@id":"https:\/\/www.mexicanguitarplayers.com\/#website","url":"https:\/\/www.mexicanguitarplayers.com\/","name":"Mexican Guitar Players","description":"Website","publisher":{"@id":"https:\/\/www.mexicanguitarplayers.com\/#organization"},"potentialAction":[{"@type":"SearchAction","target":{"@type":"EntryPoint","urlTemplate":"https:\/\/www.mexicanguitarplayers.com\/?s={search_term_string}"},"query-input":{"@type":"PropertyValueSpecification","valueRequired":true,"valueName":"search_term_string"}}],"inLanguage":"en-US"},{"@type":"Organization","@id":"https:\/\/www.mexicanguitarplayers.com\/#organization","name":"Mexican Guitar Players","url":"https:\/\/www.mexicanguitarplayers.com\/","logo":{"@type":"ImageObject","inLanguage":"en-US","@id":"https:\/\/www.mexicanguitarplayers.com\/#\/schema\/logo\/image\/","url":"","contentUrl":"","caption":"Mexican Guitar Players"},"image":{"@id":"https:\/\/www.mexicanguitarplayers.com\/#\/schema\/logo\/image\/"}}]}},"brands":[{"id":170,"name":"TC-ELECTRONIC","slug":"tc-electronic"}],"_links":{"self":[{"href":"https:\/\/www.mexicanguitarplayers.com\/en\/wp-json\/wp\/v2\/product\/14699","targetHints":{"allow":["GET"]}}],"collection":[{"href":"https:\/\/www.mexicanguitarplayers.com\/en\/wp-json\/wp\/v2\/product"}],"about":[{"href":"https:\/\/www.mexicanguitarplayers.com\/en\/wp-json\/wp\/v2\/types\/product"}],"replies":[{"embeddable":true,"href":"https:\/\/www.mexicanguitarplayers.com\/en\/wp-json\/wp\/v2\/comments?post=14699"}],"wp:featuredmedia":[{"embeddable":true,"href":"https:\/\/www.mexicanguitarplayers.com\/en\/wp-json\/wp\/v2\/media\/14697"}],"wp:attachment":[{"href":"https:\/\/www.mexicanguitarplayers.com\/en\/wp-json\/wp\/v2\/media?parent=14699"}],"wp:term":[{"taxonomy":"pwb-brand","embeddable":true,"href":"https:\/\/www.mexicanguitarplayers.com\/en\/wp-json\/wp\/v2\/pwb-brand?post=14699"},{"taxonomy":"product_brand","embeddable":true,"href":"https:\/\/www.mexicanguitarplayers.com\/en\/wp-json\/wp\/v2\/product_brand?post=14699"},{"taxonomy":"product_cat","embeddable":true,"href":"https:\/\/www.mexicanguitarplayers.com\/en\/wp-json\/wp\/v2\/product_cat?post=14699"},{"taxonomy":"product_tag","embeddable":true,"href":"https:\/\/www.mexicanguitarplayers.com\/en\/wp-json\/wp\/v2\/product_tag?post=14699"}],"curies":[{"name":"wp","href":"https:\/\/api.w.org\/{rel}","templated":true}]}}