{"id":14704,"date":"2022-08-18T15:19:40","date_gmt":"2022-08-18T20:19:40","guid":{"rendered":"https:\/\/www.mexicanguitarplayers.com\/tienda\/sin%20categor\u00eda\/pedal-t-c-p-guitarra-wiretap-riff-recor\/"},"modified":"2026-04-10T05:08:57","modified_gmt":"2026-04-10T11:08:57","slug":"pedal-t-c-p-guitarra-wiretap-riff-recor","status":"publish","type":"product","link":"https:\/\/www.mexicanguitarplayers.com\/en\/tienda\/cuerdas\/efectos\/efectos-individuales\/pedal-t-c-p-guitarra-wiretap-riff-recor\/","title":{"rendered":"WIRETAP RIFF RECORD TC GUITAR PEDAL"},"content":{"rendered":"<div style=\"text-align: justify\">\n<div>\n<h3>Capture the sounds in your head.<\/h3>\n<\/div>\n<div>The WireTap Riff Recorder is the new must-have tool for all serious songwriters. With this ultra compact pedal firmly secured to your pedals, you&#039;ll never miss that killer riff or super catchy melody ever again when inspiration strikes. Just hit record, play your jam like you&#039;re used to, and start building your majestic catalog of songs right there on the spot, in collaboration with the free WireTap app, just like McCartney had Lennon or like Hetfield had Hammett, you&#039;ll have WireTap .<\/div>\n<div>\n<h4>Quick look<\/h4>\n<\/div>\n<ul style=\"margin: 0px 0px 0px 25px\">\n<li style=\"list-style-type: circle;margin: 5px\">Bypass mode.<\/li>\n<li style=\"list-style-type: circle;margin: 5px\">Input connector.<\/li>\n<li style=\"list-style-type: circle;margin: 5px\">Input impedance.<\/li>\n<li style=\"list-style-type: circle;margin: 5px\">Output connector.<\/li>\n<li style=\"list-style-type: circle;margin: 5px\">Output impedance.<\/li>\n<li style=\"list-style-type: circle;margin: 5px\">Energy.<\/li>\n<li style=\"list-style-type: circle;margin: 5px\">USB port.<\/li>\n<li style=\"list-style-type: circle;margin: 5px\">Bluetooth wireless technology.<\/li>\n<li style=\"list-style-type: circle;margin: 5px\">Dimensions.<\/li>\n<\/ul>\n<div>\n<div style=\"font-weight: bold\">Bypass mode.<\/div>\n<div>\n<p>True bypass.<\/p>\n<\/div>\n<div style=\"font-weight: bold\">Input connector.<\/div>\n<div>\n<p>1 x 1\/4 \u2033 TS unbalanced mono.<\/p>\n<\/div>\n<div style=\"font-weight: bold\">Input impedance.<\/div>\n<div>\n<p>1 milli ohm.<\/p>\n<\/div>\n<div style=\"font-weight: bold\">Output connector.<\/div>\n<div>\n<p>1 x 1\/4 \u2033 TS unbalanced mono.<\/p>\n<\/div>\n<div style=\"font-weight: bold\">Output impedance.<\/div>\n<div>\n<p>100 ohms.<\/p>\n<\/div>\n<div style=\"font-weight: bold\">Energy.<\/div>\n<div>\n<p>9 V DC standard, center negative. &lt;100 mA.<\/p>\n<\/div>\n<div style=\"font-weight: bold\">USB port.<\/div>\n<div>\n<p>Mini USB connector for uploading riffs and updating software.<\/p>\n<\/div>\n<div style=\"font-weight: bold\">Bluetooth wireless technology.<\/div>\n<div>\n<p>Frequency range: 2402 MHz ~ 2480 MHz.Channel number: 79.Version: Bluetooth 2.1 + EDR.Output: Bluetooth Classic 20 dBm.Compatibility: Supports SPP.Maximum: 10 meters (without interference).Connectivity: Master-Slave.<\/p>\n<\/div>\n<div style=\"font-weight: bold\">Dimensions.<\/div>\n<div>\n<p>92 x 43 x 50 mm.<\/p>\n<\/div>\n<\/div>\n<\/div>","protected":false},"excerpt":{"rendered":"<p>Pedal de grabaci\u00f3n de riffs para guitarra, graba hasta 8 horas en un s\u00f3lo pedal,calidad de audio de 24 bits a 44.1 kHz, aplicaci\u00f3n de acompa\u00f1amiento gratuita para iOs y Android, conectividad Bluetooth para sincronizar el pedal con la app,recorta, etiqueta, agrupa, nombra y comparte tus riffs a trav\u00e9s de la aplicaci\u00f3n, dise\u00f1o ultra compacto, funciona con 9V DC\/100mA, dimensiones: 92 x 43 x 50 mm.&hellip; <a class=\"kt-excerpt-readmore more-link\" href=\"https:\/\/www.mexicanguitarplayers.com\/en\/tienda\/cuerdas\/efectos\/efectos-individuales\/pedal-t-c-p-guitarra-wiretap-riff-recor\/\">Read more<\/a><\/p>","protected":false},"featured_media":14700,"comment_status":"open","ping_status":"closed","template":"","meta":{"kt_blocks_editor_width":""},"pwb-brand":[170],"product_brand":[],"product_cat":[224,241,504],"product_tag":[],"class_list":{"0":"post-14704","1":"product","2":"type-product","3":"status-publish","4":"has-post-thumbnail","6":"pwb-brand-tc-electronic","7":"product_cat-cuerdas","8":"product_cat-efectos","9":"product_cat-efectos-individuales","10":"product_shipping_class-0-5-kg","12":"first","13":"outofstock","14":"taxable","15":"shipping-taxable","16":"purchasable","17":"product-type-simple"},"yoast_head":"<!-- This site is optimized with the Yoast SEO plugin v27.5 - https:\/\/yoast.com\/product\/yoast-seo-wordpress\/ -->\n<title>PEDAL T.C. P\/GUITARRA WIRETAP RIFF RECOR - Mexican Guitar Players<\/title>\n<meta name=\"description\" content=\"PEDAL T.C. P\/GUITARRA WIRETAP RIFF RECOR. Pedal de grabaci\u00f3n de riffs para guitarra, graba hasta 8 horas en un s\u00f3lo pedal,calidad de audio de 24 bits a 44.1 kHz, aplicaci\u00f3n de acompa\u00f1amiento gratuita para iOs y Android, conectividad Bluetooth para sincronizar el pedal con la app,recorta, etiqueta, agrupa, nombra y comparte tus riffs a trav\u00e9s de la aplicaci\u00f3n, dise\u00f1o ultra compacto, funciona con 9V DC\/100mA, dimensiones: 92 x 43 x 50 mm.\" \/>\n<meta name=\"robots\" content=\"index, follow, max-snippet:-1, max-image-preview:large, max-video-preview:-1\" \/>\n<link rel=\"canonical\" href=\"https:\/\/www.mexicanguitarplayers.com\/en\/tienda\/cuerdas\/efectos\/efectos-individuales\/pedal-t-c-p-guitarra-wiretap-riff-recor\/\" \/>\n<meta property=\"og:locale\" content=\"en_US\" \/>\n<meta property=\"og:type\" content=\"article\" \/>\n<meta property=\"og:title\" content=\"PEDAL T.C. P\/GUITARRA WIRETAP RIFF RECOR - Mexican Guitar Players\" \/>\n<meta property=\"og:description\" content=\"PEDAL T.C. P\/GUITARRA WIRETAP RIFF RECOR. Pedal de grabaci\u00f3n de riffs para guitarra, graba hasta 8 horas en un s\u00f3lo pedal,calidad de audio de 24 bits a 44.1 kHz, aplicaci\u00f3n de acompa\u00f1amiento gratuita para iOs y Android, conectividad Bluetooth para sincronizar el pedal con la app,recorta, etiqueta, agrupa, nombra y comparte tus riffs a trav\u00e9s de la aplicaci\u00f3n, dise\u00f1o ultra compacto, funciona con 9V DC\/100mA, dimensiones: 92 x 43 x 50 mm.\" \/>\n<meta property=\"og:url\" content=\"https:\/\/www.mexicanguitarplayers.com\/en\/tienda\/cuerdas\/efectos\/efectos-individuales\/pedal-t-c-p-guitarra-wiretap-riff-recor\/\" \/>\n<meta property=\"og:site_name\" content=\"Mexican Guitar Players\" \/>\n<meta property=\"article:modified_time\" content=\"2026-04-10T11:08:57+00:00\" \/>\n<meta property=\"og:image\" content=\"https:\/\/www.mexicanguitarplayers.com\/wp-content\/uploads\/2022\/08\/VATCEWIRETAPRR.jpg\" \/>\n\t<meta property=\"og:image:width\" content=\"800\" \/>\n\t<meta property=\"og:image:height\" content=\"1600\" \/>\n\t<meta property=\"og:image:type\" content=\"image\/jpeg\" \/>\n<meta name=\"twitter:card\" content=\"summary_large_image\" \/>\n<meta name=\"twitter:label1\" content=\"Est. reading time\" \/>\n\t<meta name=\"twitter:data1\" content=\"1 minute\" \/>\n<script type=\"application\/ld+json\" class=\"yoast-schema-graph\">{\"@context\":\"https:\\\/\\\/schema.org\",\"@graph\":[{\"@type\":[\"WebPage\",\"ItemPage\"],\"@id\":\"https:\\\/\\\/www.mexicanguitarplayers.com\\\/tienda\\\/cuerdas\\\/efectos\\\/efectos-individuales\\\/pedal-t-c-p-guitarra-wiretap-riff-recor\\\/\",\"url\":\"https:\\\/\\\/www.mexicanguitarplayers.com\\\/tienda\\\/cuerdas\\\/efectos\\\/efectos-individuales\\\/pedal-t-c-p-guitarra-wiretap-riff-recor\\\/\",\"name\":\"PEDAL T.C. P\\\/GUITARRA WIRETAP RIFF RECOR - Mexican Guitar Players\",\"isPartOf\":{\"@id\":\"https:\\\/\\\/www.mexicanguitarplayers.com\\\/#website\"},\"primaryImageOfPage\":{\"@id\":\"https:\\\/\\\/www.mexicanguitarplayers.com\\\/tienda\\\/cuerdas\\\/efectos\\\/efectos-individuales\\\/pedal-t-c-p-guitarra-wiretap-riff-recor\\\/#primaryimage\"},\"image\":{\"@id\":\"https:\\\/\\\/www.mexicanguitarplayers.com\\\/tienda\\\/cuerdas\\\/efectos\\\/efectos-individuales\\\/pedal-t-c-p-guitarra-wiretap-riff-recor\\\/#primaryimage\"},\"thumbnailUrl\":\"https:\\\/\\\/www.mexicanguitarplayers.com\\\/wp-content\\\/uploads\\\/2022\\\/08\\\/VATCEWIRETAPRR.jpg\",\"datePublished\":\"2022-08-18T20:19:40+00:00\",\"dateModified\":\"2026-04-10T11:08:57+00:00\",\"description\":\"PEDAL T.C. P\\\/GUITARRA WIRETAP RIFF RECOR. Pedal de grabaci\u00f3n de riffs para guitarra, graba hasta 8 horas en un s\u00f3lo pedal,calidad de audio de 24 bits a 44.1 kHz, aplicaci\u00f3n de acompa\u00f1amiento gratuita para iOs y Android, conectividad Bluetooth para sincronizar el pedal con la app,recorta, etiqueta, agrupa, nombra y comparte tus riffs a trav\u00e9s de la aplicaci\u00f3n, dise\u00f1o ultra compacto, funciona con 9V DC\\\/100mA, dimensiones: 92 x 43 x 50 mm.\",\"breadcrumb\":{\"@id\":\"https:\\\/\\\/www.mexicanguitarplayers.com\\\/tienda\\\/cuerdas\\\/efectos\\\/efectos-individuales\\\/pedal-t-c-p-guitarra-wiretap-riff-recor\\\/#breadcrumb\"},\"inLanguage\":\"en-US\",\"potentialAction\":[{\"@type\":\"ReadAction\",\"target\":[\"https:\\\/\\\/www.mexicanguitarplayers.com\\\/tienda\\\/cuerdas\\\/efectos\\\/efectos-individuales\\\/pedal-t-c-p-guitarra-wiretap-riff-recor\\\/\"]}]},{\"@type\":\"ImageObject\",\"inLanguage\":\"en-US\",\"@id\":\"https:\\\/\\\/www.mexicanguitarplayers.com\\\/tienda\\\/cuerdas\\\/efectos\\\/efectos-individuales\\\/pedal-t-c-p-guitarra-wiretap-riff-recor\\\/#primaryimage\",\"url\":\"https:\\\/\\\/www.mexicanguitarplayers.com\\\/wp-content\\\/uploads\\\/2022\\\/08\\\/VATCEWIRETAPRR.jpg\",\"contentUrl\":\"https:\\\/\\\/www.mexicanguitarplayers.com\\\/wp-content\\\/uploads\\\/2022\\\/08\\\/VATCEWIRETAPRR.jpg\",\"width\":800,\"height\":1600},{\"@type\":\"BreadcrumbList\",\"@id\":\"https:\\\/\\\/www.mexicanguitarplayers.com\\\/tienda\\\/cuerdas\\\/efectos\\\/efectos-individuales\\\/pedal-t-c-p-guitarra-wiretap-riff-recor\\\/#breadcrumb\",\"itemListElement\":[{\"@type\":\"ListItem\",\"position\":1,\"name\":\"Portada\",\"item\":\"https:\\\/\\\/www.mexicanguitarplayers.com\\\/\"},{\"@type\":\"ListItem\",\"position\":2,\"name\":\"Tienda\",\"item\":\"https:\\\/\\\/www.mexicanguitarplayers.com\\\/tienda\\\/\"},{\"@type\":\"ListItem\",\"position\":3,\"name\":\"PEDAL T.C. P\\\/GUITARRA WIRETAP RIFF RECOR\"}]},{\"@type\":\"WebSite\",\"@id\":\"https:\\\/\\\/www.mexicanguitarplayers.com\\\/#website\",\"url\":\"https:\\\/\\\/www.mexicanguitarplayers.com\\\/\",\"name\":\"Mexican Guitar Players\",\"description\":\"Website\",\"publisher\":{\"@id\":\"https:\\\/\\\/www.mexicanguitarplayers.com\\\/#organization\"},\"potentialAction\":[{\"@type\":\"SearchAction\",\"target\":{\"@type\":\"EntryPoint\",\"urlTemplate\":\"https:\\\/\\\/www.mexicanguitarplayers.com\\\/?s={search_term_string}\"},\"query-input\":{\"@type\":\"PropertyValueSpecification\",\"valueRequired\":true,\"valueName\":\"search_term_string\"}}],\"inLanguage\":\"en-US\"},{\"@type\":\"Organization\",\"@id\":\"https:\\\/\\\/www.mexicanguitarplayers.com\\\/#organization\",\"name\":\"Mexican Guitar Players\",\"url\":\"https:\\\/\\\/www.mexicanguitarplayers.com\\\/\",\"logo\":{\"@type\":\"ImageObject\",\"inLanguage\":\"en-US\",\"@id\":\"https:\\\/\\\/www.mexicanguitarplayers.com\\\/#\\\/schema\\\/logo\\\/image\\\/\",\"url\":\"\",\"contentUrl\":\"\",\"caption\":\"Mexican Guitar Players\"},\"image\":{\"@id\":\"https:\\\/\\\/www.mexicanguitarplayers.com\\\/#\\\/schema\\\/logo\\\/image\\\/\"}}]}<\/script>\n<!-- \/ Yoast SEO plugin. -->","yoast_head_json":{"title":"PEDAL T.C. P\/GUITARRA WIRETAP RIFF RECOR - Mexican Guitar Players","description":"PEDAL T.C. P\/GUITARRA WIRETAP RIFF RECOR. Pedal de grabaci\u00f3n de riffs para guitarra, graba hasta 8 horas en un s\u00f3lo pedal,calidad de audio de 24 bits a 44.1 kHz, aplicaci\u00f3n de acompa\u00f1amiento gratuita para iOs y Android, conectividad Bluetooth para sincronizar el pedal con la app,recorta, etiqueta, agrupa, nombra y comparte tus riffs a trav\u00e9s de la aplicaci\u00f3n, dise\u00f1o ultra compacto, funciona con 9V DC\/100mA, dimensiones: 92 x 43 x 50 mm.","robots":{"index":"index","follow":"follow","max-snippet":"max-snippet:-1","max-image-preview":"max-image-preview:large","max-video-preview":"max-video-preview:-1"},"canonical":"https:\/\/www.mexicanguitarplayers.com\/en\/tienda\/cuerdas\/efectos\/efectos-individuales\/pedal-t-c-p-guitarra-wiretap-riff-recor\/","og_locale":"en_US","og_type":"article","og_title":"PEDAL T.C. P\/GUITARRA WIRETAP RIFF RECOR - Mexican Guitar Players","og_description":"PEDAL T.C. P\/GUITARRA WIRETAP RIFF RECOR. Pedal de grabaci\u00f3n de riffs para guitarra, graba hasta 8 horas en un s\u00f3lo pedal,calidad de audio de 24 bits a 44.1 kHz, aplicaci\u00f3n de acompa\u00f1amiento gratuita para iOs y Android, conectividad Bluetooth para sincronizar el pedal con la app,recorta, etiqueta, agrupa, nombra y comparte tus riffs a trav\u00e9s de la aplicaci\u00f3n, dise\u00f1o ultra compacto, funciona con 9V DC\/100mA, dimensiones: 92 x 43 x 50 mm.","og_url":"https:\/\/www.mexicanguitarplayers.com\/en\/tienda\/cuerdas\/efectos\/efectos-individuales\/pedal-t-c-p-guitarra-wiretap-riff-recor\/","og_site_name":"Mexican Guitar Players","article_modified_time":"2026-04-10T11:08:57+00:00","og_image":[{"width":800,"height":1600,"url":"https:\/\/www.mexicanguitarplayers.com\/wp-content\/uploads\/2022\/08\/VATCEWIRETAPRR.jpg","type":"image\/jpeg"}],"twitter_card":"summary_large_image","twitter_misc":{"Est. reading time":"1 minute"},"schema":{"@context":"https:\/\/schema.org","@graph":[{"@type":["WebPage","ItemPage"],"@id":"https:\/\/www.mexicanguitarplayers.com\/tienda\/cuerdas\/efectos\/efectos-individuales\/pedal-t-c-p-guitarra-wiretap-riff-recor\/","url":"https:\/\/www.mexicanguitarplayers.com\/tienda\/cuerdas\/efectos\/efectos-individuales\/pedal-t-c-p-guitarra-wiretap-riff-recor\/","name":"PEDAL T.C. P\/GUITARRA WIRETAP RIFF RECOR - Mexican Guitar Players","isPartOf":{"@id":"https:\/\/www.mexicanguitarplayers.com\/#website"},"primaryImageOfPage":{"@id":"https:\/\/www.mexicanguitarplayers.com\/tienda\/cuerdas\/efectos\/efectos-individuales\/pedal-t-c-p-guitarra-wiretap-riff-recor\/#primaryimage"},"image":{"@id":"https:\/\/www.mexicanguitarplayers.com\/tienda\/cuerdas\/efectos\/efectos-individuales\/pedal-t-c-p-guitarra-wiretap-riff-recor\/#primaryimage"},"thumbnailUrl":"https:\/\/www.mexicanguitarplayers.com\/wp-content\/uploads\/2022\/08\/VATCEWIRETAPRR.jpg","datePublished":"2022-08-18T20:19:40+00:00","dateModified":"2026-04-10T11:08:57+00:00","description":"PEDAL T.C. P\/GUITARRA WIRETAP RIFF RECOR. Pedal de grabaci\u00f3n de riffs para guitarra, graba hasta 8 horas en un s\u00f3lo pedal,calidad de audio de 24 bits a 44.1 kHz, aplicaci\u00f3n de acompa\u00f1amiento gratuita para iOs y Android, conectividad Bluetooth para sincronizar el pedal con la app,recorta, etiqueta, agrupa, nombra y comparte tus riffs a trav\u00e9s de la aplicaci\u00f3n, dise\u00f1o ultra compacto, funciona con 9V DC\/100mA, dimensiones: 92 x 43 x 50 mm.","breadcrumb":{"@id":"https:\/\/www.mexicanguitarplayers.com\/tienda\/cuerdas\/efectos\/efectos-individuales\/pedal-t-c-p-guitarra-wiretap-riff-recor\/#breadcrumb"},"inLanguage":"en-US","potentialAction":[{"@type":"ReadAction","target":["https:\/\/www.mexicanguitarplayers.com\/tienda\/cuerdas\/efectos\/efectos-individuales\/pedal-t-c-p-guitarra-wiretap-riff-recor\/"]}]},{"@type":"ImageObject","inLanguage":"en-US","@id":"https:\/\/www.mexicanguitarplayers.com\/tienda\/cuerdas\/efectos\/efectos-individuales\/pedal-t-c-p-guitarra-wiretap-riff-recor\/#primaryimage","url":"https:\/\/www.mexicanguitarplayers.com\/wp-content\/uploads\/2022\/08\/VATCEWIRETAPRR.jpg","contentUrl":"https:\/\/www.mexicanguitarplayers.com\/wp-content\/uploads\/2022\/08\/VATCEWIRETAPRR.jpg","width":800,"height":1600},{"@type":"BreadcrumbList","@id":"https:\/\/www.mexicanguitarplayers.com\/tienda\/cuerdas\/efectos\/efectos-individuales\/pedal-t-c-p-guitarra-wiretap-riff-recor\/#breadcrumb","itemListElement":[{"@type":"ListItem","position":1,"name":"Portada","item":"https:\/\/www.mexicanguitarplayers.com\/"},{"@type":"ListItem","position":2,"name":"Tienda","item":"https:\/\/www.mexicanguitarplayers.com\/tienda\/"},{"@type":"ListItem","position":3,"name":"PEDAL T.C. P\/GUITARRA WIRETAP RIFF RECOR"}]},{"@type":"WebSite","@id":"https:\/\/www.mexicanguitarplayers.com\/#website","url":"https:\/\/www.mexicanguitarplayers.com\/","name":"Mexican Guitar Players","description":"Website","publisher":{"@id":"https:\/\/www.mexicanguitarplayers.com\/#organization"},"potentialAction":[{"@type":"SearchAction","target":{"@type":"EntryPoint","urlTemplate":"https:\/\/www.mexicanguitarplayers.com\/?s={search_term_string}"},"query-input":{"@type":"PropertyValueSpecification","valueRequired":true,"valueName":"search_term_string"}}],"inLanguage":"en-US"},{"@type":"Organization","@id":"https:\/\/www.mexicanguitarplayers.com\/#organization","name":"Mexican Guitar Players","url":"https:\/\/www.mexicanguitarplayers.com\/","logo":{"@type":"ImageObject","inLanguage":"en-US","@id":"https:\/\/www.mexicanguitarplayers.com\/#\/schema\/logo\/image\/","url":"","contentUrl":"","caption":"Mexican Guitar Players"},"image":{"@id":"https:\/\/www.mexicanguitarplayers.com\/#\/schema\/logo\/image\/"}}]}},"brands":[{"id":170,"name":"TC-ELECTRONIC","slug":"tc-electronic"}],"_links":{"self":[{"href":"https:\/\/www.mexicanguitarplayers.com\/en\/wp-json\/wp\/v2\/product\/14704","targetHints":{"allow":["GET"]}}],"collection":[{"href":"https:\/\/www.mexicanguitarplayers.com\/en\/wp-json\/wp\/v2\/product"}],"about":[{"href":"https:\/\/www.mexicanguitarplayers.com\/en\/wp-json\/wp\/v2\/types\/product"}],"replies":[{"embeddable":true,"href":"https:\/\/www.mexicanguitarplayers.com\/en\/wp-json\/wp\/v2\/comments?post=14704"}],"wp:featuredmedia":[{"embeddable":true,"href":"https:\/\/www.mexicanguitarplayers.com\/en\/wp-json\/wp\/v2\/media\/14700"}],"wp:attachment":[{"href":"https:\/\/www.mexicanguitarplayers.com\/en\/wp-json\/wp\/v2\/media?parent=14704"}],"wp:term":[{"taxonomy":"pwb-brand","embeddable":true,"href":"https:\/\/www.mexicanguitarplayers.com\/en\/wp-json\/wp\/v2\/pwb-brand?post=14704"},{"taxonomy":"product_brand","embeddable":true,"href":"https:\/\/www.mexicanguitarplayers.com\/en\/wp-json\/wp\/v2\/product_brand?post=14704"},{"taxonomy":"product_cat","embeddable":true,"href":"https:\/\/www.mexicanguitarplayers.com\/en\/wp-json\/wp\/v2\/product_cat?post=14704"},{"taxonomy":"product_tag","embeddable":true,"href":"https:\/\/www.mexicanguitarplayers.com\/en\/wp-json\/wp\/v2\/product_tag?post=14704"}],"curies":[{"name":"wp","href":"https:\/\/api.w.org\/{rel}","templated":true}]}}