{"id":14754,"date":"2022-08-18T15:41:57","date_gmt":"2022-08-18T20:41:57","guid":{"rendered":"https:\/\/www.mexicanguitarplayers.com\/tienda\/sin%20categor\u00eda\/columna-audiocenter-l65-l65s-soporte\/"},"modified":"2023-07-01T14:22:34","modified_gmt":"2023-07-01T19:22:34","slug":"columna-audiocenter-l65-l65s-soporte","status":"publish","type":"product","link":"https:\/\/www.mexicanguitarplayers.com\/en\/tienda\/audio\/bafles-y-bocinas\/bafles\/bafles-activos\/columna-audiocenter-l65-l65s-soporte\/","title":{"rendered":"AUDIOCENTER COLUMN L65 + L65S + SUPPORT"},"content":{"rendered":"<div style=\"text-align: justify\">\n<div>\n<h3>AUDIOCENTER COLUMN L65 + L65S + SUPPORT<\/h3>\n<\/div>\n<div>DSP Controlled Active Column Speaker System, Includes L65 Column, L65S Subwoofer and Column Post, Frequency Response: 40Hz \u2013 20kHz, Max SPL: 134dB, Custom 18\u201d Audiocenter Ferrite Driver in Speaker subwoofer and 6 custom Audiocenter 5\u201d ferrite drivers and 4 custom Beyma 1\u201d ferrite drivers in the column, horizontal coverage: 110\u00b0, vertical coverage: 10\u00b0crossover: 96 kHz, 24 bits, Class D amplifier of 3600W, inputs: 2 combo (XLR\/Mono Jack) and 1 bluetooth, output: XLR, link output: NL4MP, column input: NL4MP, excellent wood CNC cabinet, column dimensions L65: 156 \u00d7 1,224 \u00d7 177 mm , L65S subwoofer dimensions: 590 \u00d7 599 \u00d7 815 mm, L65 net weight: 18 kg, L65S net weight: 54 kg.<\/div>\n<\/div>","protected":false},"excerpt":{"rendered":"<p>Sistema de altavoces de columna activo controlado por DSP, incluye una columna L65, un subwoofer L65S y poste de columna, respuesta de frecuencia: 40 Hz &#8211; 20 kHz, SPL m\u00e1ximo: 134 dB, driver de ferrita Audiocenter personalizado de 18\u201d pulgadas en el subwoofer y 6 drivers de ferrita Audiocenter personalizados de 5\u201d pulgadas y 4 drivers de ferrita Beyma personalizados de 1\u201d pulgada en la columna, cobertura horizontal: 110\u00b0, cobertura vertical: 10\u00b0crossover: 96 kHz, 24 bits, amplificador Clase D de 3600W, entradas: 2 combo (XLR\/Jack mono) y 1 bluetooth, salida: XLR, salida link: NL4MP, entrada de columna: NL4MP, gabinete de CNC de excelente madera, dimensiones de la columna L65: 156 \u00d7 1,224 \u00d7 177 mm, dimensiones del subwoofer L65S: 590 \u00d7 599 \u00d7 815 mm, peso neto L65: 18 kg, peso neto L65S: 54 kg.&hellip; <a class=\"kt-excerpt-readmore more-link\" href=\"https:\/\/www.mexicanguitarplayers.com\/en\/tienda\/audio\/bafles-y-bocinas\/bafles\/bafles-activos\/columna-audiocenter-l65-l65s-soporte\/\">Read more<\/a><\/p>","protected":false},"featured_media":14749,"comment_status":"open","ping_status":"closed","template":"","meta":{"kt_blocks_editor_width":""},"pwb-brand":[525],"product_brand":[],"product_cat":[213,222,472,221],"product_tag":[],"class_list":{"0":"post-14754","1":"product","2":"type-product","3":"status-publish","4":"has-post-thumbnail","6":"pwb-brand-audiocenter","7":"product_cat-audio","8":"product_cat-bafles","9":"product_cat-bafles-activos","10":"product_cat-bafles-y-bocinas","11":"product_shipping_class-25-30-kg","13":"first","14":"outofstock","15":"taxable","16":"shipping-taxable","17":"purchasable","18":"product-type-simple"},"yoast_head":"<!-- This site is optimized with the Yoast SEO plugin v27.5 - https:\/\/yoast.com\/product\/yoast-seo-wordpress\/ -->\n<title>COLUMNA AUDIOCENTER L65 + L65S + SOPORTE - Mexican Guitar Players<\/title>\n<meta name=\"description\" content=\"COLUMNA AUDIOCENTER L65 + L65S + SOPORTE. Sistema de altavoces de columna activo controlado por DSP, incluye una columna L65, un subwoofer L65S y poste de columna, respuesta de frecuencia: 40 Hz - 20 kHz, SPL m\u00e1ximo: 134 dB, driver de ferrita Audiocenter personalizado de 18\u201d pulgadas en el subwoofer y 6 drivers de ferrita Audiocenter personalizados de 5\u201d pulgadas y 4 drivers de ferrita Beyma personalizados de 1\u201d pulgada en la columna, cobertura horizontal: 110\u00b0, cobertura vertical: 10\u00b0crossover: 96 kHz, 24 bits, amplificador Clase D de 3600W, entradas: 2 combo (XLR\/Jack mono) y 1 bluetooth, salida: XLR, salida link: NL4MP, entrada de columna: NL4MP, gabinete de CNC de excelente madera, dimensiones de la columna L65: 156 \u00d7 1,224 \u00d7 177 mm, dimensiones del subwoofer L65S: 590 \u00d7 599 \u00d7 815 mm, peso neto L65: 18 kg, peso neto L65S: 54 kg.\" \/>\n<meta name=\"robots\" content=\"index, follow, max-snippet:-1, max-image-preview:large, max-video-preview:-1\" \/>\n<link rel=\"canonical\" href=\"https:\/\/www.mexicanguitarplayers.com\/en\/tienda\/audio\/bafles-y-bocinas\/bafles\/bafles-activos\/columna-audiocenter-l65-l65s-soporte\/\" \/>\n<meta property=\"og:locale\" content=\"en_US\" \/>\n<meta property=\"og:type\" content=\"article\" \/>\n<meta property=\"og:title\" content=\"COLUMNA AUDIOCENTER L65 + L65S + SOPORTE - Mexican Guitar Players\" \/>\n<meta property=\"og:description\" content=\"COLUMNA AUDIOCENTER L65 + L65S + SOPORTE. Sistema de altavoces de columna activo controlado por DSP, incluye una columna L65, un subwoofer L65S y poste de columna, respuesta de frecuencia: 40 Hz - 20 kHz, SPL m\u00e1ximo: 134 dB, driver de ferrita Audiocenter personalizado de 18\u201d pulgadas en el subwoofer y 6 drivers de ferrita Audiocenter personalizados de 5\u201d pulgadas y 4 drivers de ferrita Beyma personalizados de 1\u201d pulgada en la columna, cobertura horizontal: 110\u00b0, cobertura vertical: 10\u00b0crossover: 96 kHz, 24 bits, amplificador Clase D de 3600W, entradas: 2 combo (XLR\/Jack mono) y 1 bluetooth, salida: XLR, salida link: NL4MP, entrada de columna: NL4MP, gabinete de CNC de excelente madera, dimensiones de la columna L65: 156 \u00d7 1,224 \u00d7 177 mm, dimensiones del subwoofer L65S: 590 \u00d7 599 \u00d7 815 mm, peso neto L65: 18 kg, peso neto L65S: 54 kg.\" \/>\n<meta property=\"og:url\" content=\"https:\/\/www.mexicanguitarplayers.com\/en\/tienda\/audio\/bafles-y-bocinas\/bafles\/bafles-activos\/columna-audiocenter-l65-l65s-soporte\/\" \/>\n<meta property=\"og:site_name\" content=\"Mexican Guitar Players\" \/>\n<meta property=\"article:modified_time\" content=\"2023-07-01T19:22:34+00:00\" \/>\n<meta property=\"og:image\" content=\"https:\/\/www.mexicanguitarplayers.com\/wp-content\/uploads\/2022\/08\/IAACTL65SYSTEM.jpg\" \/>\n\t<meta property=\"og:image:width\" content=\"800\" \/>\n\t<meta property=\"og:image:height\" content=\"1600\" \/>\n\t<meta property=\"og:image:type\" content=\"image\/jpeg\" \/>\n<meta name=\"twitter:card\" content=\"summary_large_image\" \/>\n<meta name=\"twitter:label1\" content=\"Est. reading time\" \/>\n\t<meta name=\"twitter:data1\" content=\"1 minute\" \/>\n<script type=\"application\/ld+json\" class=\"yoast-schema-graph\">{\"@context\":\"https:\\\/\\\/schema.org\",\"@graph\":[{\"@type\":[\"WebPage\",\"ItemPage\"],\"@id\":\"https:\\\/\\\/www.mexicanguitarplayers.com\\\/tienda\\\/audio\\\/bafles-y-bocinas\\\/bafles\\\/bafles-activos\\\/columna-audiocenter-l65-l65s-soporte\\\/\",\"url\":\"https:\\\/\\\/www.mexicanguitarplayers.com\\\/tienda\\\/audio\\\/bafles-y-bocinas\\\/bafles\\\/bafles-activos\\\/columna-audiocenter-l65-l65s-soporte\\\/\",\"name\":\"COLUMNA AUDIOCENTER L65 + L65S + SOPORTE - Mexican Guitar Players\",\"isPartOf\":{\"@id\":\"https:\\\/\\\/www.mexicanguitarplayers.com\\\/#website\"},\"primaryImageOfPage\":{\"@id\":\"https:\\\/\\\/www.mexicanguitarplayers.com\\\/tienda\\\/audio\\\/bafles-y-bocinas\\\/bafles\\\/bafles-activos\\\/columna-audiocenter-l65-l65s-soporte\\\/#primaryimage\"},\"image\":{\"@id\":\"https:\\\/\\\/www.mexicanguitarplayers.com\\\/tienda\\\/audio\\\/bafles-y-bocinas\\\/bafles\\\/bafles-activos\\\/columna-audiocenter-l65-l65s-soporte\\\/#primaryimage\"},\"thumbnailUrl\":\"https:\\\/\\\/www.mexicanguitarplayers.com\\\/wp-content\\\/uploads\\\/2022\\\/08\\\/IAACTL65SYSTEM.jpg\",\"datePublished\":\"2022-08-18T20:41:57+00:00\",\"dateModified\":\"2023-07-01T19:22:34+00:00\",\"description\":\"COLUMNA AUDIOCENTER L65 + L65S + SOPORTE. Sistema de altavoces de columna activo controlado por DSP, incluye una columna L65, un subwoofer L65S y poste de columna, respuesta de frecuencia: 40 Hz - 20 kHz, SPL m\u00e1ximo: 134 dB, driver de ferrita Audiocenter personalizado de 18\u201d pulgadas en el subwoofer y 6 drivers de ferrita Audiocenter personalizados de 5\u201d pulgadas y 4 drivers de ferrita Beyma personalizados de 1\u201d pulgada en la columna, cobertura horizontal: 110\u00b0, cobertura vertical: 10\u00b0crossover: 96 kHz, 24 bits, amplificador Clase D de 3600W, entradas: 2 combo (XLR\\\/Jack mono) y 1 bluetooth, salida: XLR, salida link: NL4MP, entrada de columna: NL4MP, gabinete de CNC de excelente madera, dimensiones de la columna L65: 156 \u00d7 1,224 \u00d7 177 mm, dimensiones del subwoofer L65S: 590 \u00d7 599 \u00d7 815 mm, peso neto L65: 18 kg, peso neto L65S: 54 kg.\",\"breadcrumb\":{\"@id\":\"https:\\\/\\\/www.mexicanguitarplayers.com\\\/tienda\\\/audio\\\/bafles-y-bocinas\\\/bafles\\\/bafles-activos\\\/columna-audiocenter-l65-l65s-soporte\\\/#breadcrumb\"},\"inLanguage\":\"en-US\",\"potentialAction\":[{\"@type\":\"ReadAction\",\"target\":[\"https:\\\/\\\/www.mexicanguitarplayers.com\\\/tienda\\\/audio\\\/bafles-y-bocinas\\\/bafles\\\/bafles-activos\\\/columna-audiocenter-l65-l65s-soporte\\\/\"]}]},{\"@type\":\"ImageObject\",\"inLanguage\":\"en-US\",\"@id\":\"https:\\\/\\\/www.mexicanguitarplayers.com\\\/tienda\\\/audio\\\/bafles-y-bocinas\\\/bafles\\\/bafles-activos\\\/columna-audiocenter-l65-l65s-soporte\\\/#primaryimage\",\"url\":\"https:\\\/\\\/www.mexicanguitarplayers.com\\\/wp-content\\\/uploads\\\/2022\\\/08\\\/IAACTL65SYSTEM.jpg\",\"contentUrl\":\"https:\\\/\\\/www.mexicanguitarplayers.com\\\/wp-content\\\/uploads\\\/2022\\\/08\\\/IAACTL65SYSTEM.jpg\",\"width\":800,\"height\":1600},{\"@type\":\"BreadcrumbList\",\"@id\":\"https:\\\/\\\/www.mexicanguitarplayers.com\\\/tienda\\\/audio\\\/bafles-y-bocinas\\\/bafles\\\/bafles-activos\\\/columna-audiocenter-l65-l65s-soporte\\\/#breadcrumb\",\"itemListElement\":[{\"@type\":\"ListItem\",\"position\":1,\"name\":\"Portada\",\"item\":\"https:\\\/\\\/www.mexicanguitarplayers.com\\\/\"},{\"@type\":\"ListItem\",\"position\":2,\"name\":\"Tienda\",\"item\":\"https:\\\/\\\/www.mexicanguitarplayers.com\\\/tienda\\\/\"},{\"@type\":\"ListItem\",\"position\":3,\"name\":\"COLUMNA AUDIOCENTER L65 + L65S + SOPORTE\"}]},{\"@type\":\"WebSite\",\"@id\":\"https:\\\/\\\/www.mexicanguitarplayers.com\\\/#website\",\"url\":\"https:\\\/\\\/www.mexicanguitarplayers.com\\\/\",\"name\":\"Mexican Guitar Players\",\"description\":\"Website\",\"publisher\":{\"@id\":\"https:\\\/\\\/www.mexicanguitarplayers.com\\\/#organization\"},\"potentialAction\":[{\"@type\":\"SearchAction\",\"target\":{\"@type\":\"EntryPoint\",\"urlTemplate\":\"https:\\\/\\\/www.mexicanguitarplayers.com\\\/?s={search_term_string}\"},\"query-input\":{\"@type\":\"PropertyValueSpecification\",\"valueRequired\":true,\"valueName\":\"search_term_string\"}}],\"inLanguage\":\"en-US\"},{\"@type\":\"Organization\",\"@id\":\"https:\\\/\\\/www.mexicanguitarplayers.com\\\/#organization\",\"name\":\"Mexican Guitar Players\",\"url\":\"https:\\\/\\\/www.mexicanguitarplayers.com\\\/\",\"logo\":{\"@type\":\"ImageObject\",\"inLanguage\":\"en-US\",\"@id\":\"https:\\\/\\\/www.mexicanguitarplayers.com\\\/#\\\/schema\\\/logo\\\/image\\\/\",\"url\":\"\",\"contentUrl\":\"\",\"caption\":\"Mexican Guitar Players\"},\"image\":{\"@id\":\"https:\\\/\\\/www.mexicanguitarplayers.com\\\/#\\\/schema\\\/logo\\\/image\\\/\"}}]}<\/script>\n<!-- \/ Yoast SEO plugin. -->","yoast_head_json":{"title":"COLUMNA AUDIOCENTER L65 + L65S + SOPORTE - Mexican Guitar Players","description":"COLUMNA AUDIOCENTER L65 + L65S + SOPORTE. Sistema de altavoces de columna activo controlado por DSP, incluye una columna L65, un subwoofer L65S y poste de columna, respuesta de frecuencia: 40 Hz - 20 kHz, SPL m\u00e1ximo: 134 dB, driver de ferrita Audiocenter personalizado de 18\u201d pulgadas en el subwoofer y 6 drivers de ferrita Audiocenter personalizados de 5\u201d pulgadas y 4 drivers de ferrita Beyma personalizados de 1\u201d pulgada en la columna, cobertura horizontal: 110\u00b0, cobertura vertical: 10\u00b0crossover: 96 kHz, 24 bits, amplificador Clase D de 3600W, entradas: 2 combo (XLR\/Jack mono) y 1 bluetooth, salida: XLR, salida link: NL4MP, entrada de columna: NL4MP, gabinete de CNC de excelente madera, dimensiones de la columna L65: 156 \u00d7 1,224 \u00d7 177 mm, dimensiones del subwoofer L65S: 590 \u00d7 599 \u00d7 815 mm, peso neto L65: 18 kg, peso neto L65S: 54 kg.","robots":{"index":"index","follow":"follow","max-snippet":"max-snippet:-1","max-image-preview":"max-image-preview:large","max-video-preview":"max-video-preview:-1"},"canonical":"https:\/\/www.mexicanguitarplayers.com\/en\/tienda\/audio\/bafles-y-bocinas\/bafles\/bafles-activos\/columna-audiocenter-l65-l65s-soporte\/","og_locale":"en_US","og_type":"article","og_title":"COLUMNA AUDIOCENTER L65 + L65S + SOPORTE - Mexican Guitar Players","og_description":"COLUMNA AUDIOCENTER L65 + L65S + SOPORTE. Sistema de altavoces de columna activo controlado por DSP, incluye una columna L65, un subwoofer L65S y poste de columna, respuesta de frecuencia: 40 Hz - 20 kHz, SPL m\u00e1ximo: 134 dB, driver de ferrita Audiocenter personalizado de 18\u201d pulgadas en el subwoofer y 6 drivers de ferrita Audiocenter personalizados de 5\u201d pulgadas y 4 drivers de ferrita Beyma personalizados de 1\u201d pulgada en la columna, cobertura horizontal: 110\u00b0, cobertura vertical: 10\u00b0crossover: 96 kHz, 24 bits, amplificador Clase D de 3600W, entradas: 2 combo (XLR\/Jack mono) y 1 bluetooth, salida: XLR, salida link: NL4MP, entrada de columna: NL4MP, gabinete de CNC de excelente madera, dimensiones de la columna L65: 156 \u00d7 1,224 \u00d7 177 mm, dimensiones del subwoofer L65S: 590 \u00d7 599 \u00d7 815 mm, peso neto L65: 18 kg, peso neto L65S: 54 kg.","og_url":"https:\/\/www.mexicanguitarplayers.com\/en\/tienda\/audio\/bafles-y-bocinas\/bafles\/bafles-activos\/columna-audiocenter-l65-l65s-soporte\/","og_site_name":"Mexican Guitar Players","article_modified_time":"2023-07-01T19:22:34+00:00","og_image":[{"width":800,"height":1600,"url":"https:\/\/www.mexicanguitarplayers.com\/wp-content\/uploads\/2022\/08\/IAACTL65SYSTEM.jpg","type":"image\/jpeg"}],"twitter_card":"summary_large_image","twitter_misc":{"Est. reading time":"1 minute"},"schema":{"@context":"https:\/\/schema.org","@graph":[{"@type":["WebPage","ItemPage"],"@id":"https:\/\/www.mexicanguitarplayers.com\/tienda\/audio\/bafles-y-bocinas\/bafles\/bafles-activos\/columna-audiocenter-l65-l65s-soporte\/","url":"https:\/\/www.mexicanguitarplayers.com\/tienda\/audio\/bafles-y-bocinas\/bafles\/bafles-activos\/columna-audiocenter-l65-l65s-soporte\/","name":"COLUMNA AUDIOCENTER L65 + L65S + SOPORTE - Mexican Guitar Players","isPartOf":{"@id":"https:\/\/www.mexicanguitarplayers.com\/#website"},"primaryImageOfPage":{"@id":"https:\/\/www.mexicanguitarplayers.com\/tienda\/audio\/bafles-y-bocinas\/bafles\/bafles-activos\/columna-audiocenter-l65-l65s-soporte\/#primaryimage"},"image":{"@id":"https:\/\/www.mexicanguitarplayers.com\/tienda\/audio\/bafles-y-bocinas\/bafles\/bafles-activos\/columna-audiocenter-l65-l65s-soporte\/#primaryimage"},"thumbnailUrl":"https:\/\/www.mexicanguitarplayers.com\/wp-content\/uploads\/2022\/08\/IAACTL65SYSTEM.jpg","datePublished":"2022-08-18T20:41:57+00:00","dateModified":"2023-07-01T19:22:34+00:00","description":"COLUMNA AUDIOCENTER L65 + L65S + SOPORTE. Sistema de altavoces de columna activo controlado por DSP, incluye una columna L65, un subwoofer L65S y poste de columna, respuesta de frecuencia: 40 Hz - 20 kHz, SPL m\u00e1ximo: 134 dB, driver de ferrita Audiocenter personalizado de 18\u201d pulgadas en el subwoofer y 6 drivers de ferrita Audiocenter personalizados de 5\u201d pulgadas y 4 drivers de ferrita Beyma personalizados de 1\u201d pulgada en la columna, cobertura horizontal: 110\u00b0, cobertura vertical: 10\u00b0crossover: 96 kHz, 24 bits, amplificador Clase D de 3600W, entradas: 2 combo (XLR\/Jack mono) y 1 bluetooth, salida: XLR, salida link: NL4MP, entrada de columna: NL4MP, gabinete de CNC de excelente madera, dimensiones de la columna L65: 156 \u00d7 1,224 \u00d7 177 mm, dimensiones del subwoofer L65S: 590 \u00d7 599 \u00d7 815 mm, peso neto L65: 18 kg, peso neto L65S: 54 kg.","breadcrumb":{"@id":"https:\/\/www.mexicanguitarplayers.com\/tienda\/audio\/bafles-y-bocinas\/bafles\/bafles-activos\/columna-audiocenter-l65-l65s-soporte\/#breadcrumb"},"inLanguage":"en-US","potentialAction":[{"@type":"ReadAction","target":["https:\/\/www.mexicanguitarplayers.com\/tienda\/audio\/bafles-y-bocinas\/bafles\/bafles-activos\/columna-audiocenter-l65-l65s-soporte\/"]}]},{"@type":"ImageObject","inLanguage":"en-US","@id":"https:\/\/www.mexicanguitarplayers.com\/tienda\/audio\/bafles-y-bocinas\/bafles\/bafles-activos\/columna-audiocenter-l65-l65s-soporte\/#primaryimage","url":"https:\/\/www.mexicanguitarplayers.com\/wp-content\/uploads\/2022\/08\/IAACTL65SYSTEM.jpg","contentUrl":"https:\/\/www.mexicanguitarplayers.com\/wp-content\/uploads\/2022\/08\/IAACTL65SYSTEM.jpg","width":800,"height":1600},{"@type":"BreadcrumbList","@id":"https:\/\/www.mexicanguitarplayers.com\/tienda\/audio\/bafles-y-bocinas\/bafles\/bafles-activos\/columna-audiocenter-l65-l65s-soporte\/#breadcrumb","itemListElement":[{"@type":"ListItem","position":1,"name":"Portada","item":"https:\/\/www.mexicanguitarplayers.com\/"},{"@type":"ListItem","position":2,"name":"Tienda","item":"https:\/\/www.mexicanguitarplayers.com\/tienda\/"},{"@type":"ListItem","position":3,"name":"COLUMNA AUDIOCENTER L65 + L65S + SOPORTE"}]},{"@type":"WebSite","@id":"https:\/\/www.mexicanguitarplayers.com\/#website","url":"https:\/\/www.mexicanguitarplayers.com\/","name":"Mexican Guitar Players","description":"Website","publisher":{"@id":"https:\/\/www.mexicanguitarplayers.com\/#organization"},"potentialAction":[{"@type":"SearchAction","target":{"@type":"EntryPoint","urlTemplate":"https:\/\/www.mexicanguitarplayers.com\/?s={search_term_string}"},"query-input":{"@type":"PropertyValueSpecification","valueRequired":true,"valueName":"search_term_string"}}],"inLanguage":"en-US"},{"@type":"Organization","@id":"https:\/\/www.mexicanguitarplayers.com\/#organization","name":"Mexican Guitar Players","url":"https:\/\/www.mexicanguitarplayers.com\/","logo":{"@type":"ImageObject","inLanguage":"en-US","@id":"https:\/\/www.mexicanguitarplayers.com\/#\/schema\/logo\/image\/","url":"","contentUrl":"","caption":"Mexican Guitar Players"},"image":{"@id":"https:\/\/www.mexicanguitarplayers.com\/#\/schema\/logo\/image\/"}}]}},"brands":[{"id":525,"name":"AUDIOCENTER","slug":"audiocenter"}],"_links":{"self":[{"href":"https:\/\/www.mexicanguitarplayers.com\/en\/wp-json\/wp\/v2\/product\/14754","targetHints":{"allow":["GET"]}}],"collection":[{"href":"https:\/\/www.mexicanguitarplayers.com\/en\/wp-json\/wp\/v2\/product"}],"about":[{"href":"https:\/\/www.mexicanguitarplayers.com\/en\/wp-json\/wp\/v2\/types\/product"}],"replies":[{"embeddable":true,"href":"https:\/\/www.mexicanguitarplayers.com\/en\/wp-json\/wp\/v2\/comments?post=14754"}],"wp:featuredmedia":[{"embeddable":true,"href":"https:\/\/www.mexicanguitarplayers.com\/en\/wp-json\/wp\/v2\/media\/14749"}],"wp:attachment":[{"href":"https:\/\/www.mexicanguitarplayers.com\/en\/wp-json\/wp\/v2\/media?parent=14754"}],"wp:term":[{"taxonomy":"pwb-brand","embeddable":true,"href":"https:\/\/www.mexicanguitarplayers.com\/en\/wp-json\/wp\/v2\/pwb-brand?post=14754"},{"taxonomy":"product_brand","embeddable":true,"href":"https:\/\/www.mexicanguitarplayers.com\/en\/wp-json\/wp\/v2\/product_brand?post=14754"},{"taxonomy":"product_cat","embeddable":true,"href":"https:\/\/www.mexicanguitarplayers.com\/en\/wp-json\/wp\/v2\/product_cat?post=14754"},{"taxonomy":"product_tag","embeddable":true,"href":"https:\/\/www.mexicanguitarplayers.com\/en\/wp-json\/wp\/v2\/product_tag?post=14754"}],"curies":[{"name":"wp","href":"https:\/\/api.w.org\/{rel}","templated":true}]}}