{"id":14758,"date":"2022-08-18T15:42:07","date_gmt":"2022-08-18T20:42:07","guid":{"rendered":"https:\/\/www.mexicanguitarplayers.com\/tienda\/sin%20categor\u00eda\/columna-audiocenter-l83l83s-new-system\/"},"modified":"2023-07-01T14:22:34","modified_gmt":"2023-07-01T19:22:34","slug":"columna-audiocenter-l83l83s-new-system","status":"publish","type":"product","link":"https:\/\/www.mexicanguitarplayers.com\/en\/tienda\/audio\/bafles-y-bocinas\/bafles\/bafles-activos\/columna-audiocenter-l83l83s-new-system\/","title":{"rendered":"AUDIOCENTER COLUMN L83+L83S NEW SYSTEM"},"content":{"rendered":"<div style=\"text-align: justify\">\n<div>\n<h3>AUDIOCENTER COLUMN L83+L83S NEW SYSTEM<\/h3>\n<\/div>\n<div>DSP-controlled active column system, 8 x 3\u201d midrange, 2 x 1\u201d drivers and 12\u201d subwoofer, frequency response: 40 Hz \u2013 20 kHz, maximum SPL: 135 dB, horizontal coverage angle: 110 \u00b0 degrees, vertical coverage angle: 10\u00b0 degrees, processor crossover 96 kHz signal sampling rate, 24-bit precision, DSP controlled, 4,000 watt Class D amplifier with 20 Hz \u2013 20 frequency response kHz, cooling system: fans + air connection, signal input: 2 combo (Neutrik XLR female and 6.35 mono jack) and 1 stereo bluetooth, signal output: 1 Neutrik XLR male, L83 amplifier link output: 1 Neutrik NL4MP , column link input L83S: 1 Neutrik NL4MP, power input: 3-pin power socket, CNC cabinet of excellent wood, mounting post L83S: M20 base 35 mm, dimensions L83: 135 x 1200 x 165 mm, dimensions L83S : 374 x 690 x 538 mm, total height L83 + L83S: 1,896 meters, weight L 83: 10.5kg, L83S weight: 34kg.<\/div>\n<\/div>","protected":false},"excerpt":{"rendered":"<p>Sistema de columna activo controlado por DSP, 8 medios de 3\u201d pulgadas, 2 drivers de 1\u201d pulgada y subwoofer de 12\u201d pulgadas, respuesta de frecuencia: 40 Hz &#8211; 20 kHz, SPL m\u00e1ximo: 135 dB, \u00e1ngulo de cobertura horizontal: 110\u00b0 grados, \u00e1ngulo de cobertura vertical: 10\u00b0 grados, crossover de procesador frecuencia de muestreo de se\u00f1al de 96 kHz, precisi\u00f3n de 24 bits, controlado por DSP, amplificador Clase D de 4,000 watts de potencia con respuesta de frecuencia de 20 Hz &#8211; 20 kHz, sistema de enfriamiento: ventiladores + conexi\u00f3n de aire, entrada de se\u00f1al: 2 combo (Neutrik hembra XLR y mono jack 6.35) y 1 bluetooth est\u00e9reo, salida de se\u00f1al: 1 Neutrik XLR macho, salida link de amplificador L83: 1 Neutrik NL4MP, entrada link columna L83S: 1 Neutrik NL4MP, entrada de energ\u00eda: Toma de corriente de 3 pines, gabinete de CNC de excelente madera, poste de montaje L83S: M20 base 35 mm, dimensiones L83: 135 x 1200 x 165 mm, dimensiones L83S: 374 x 690 x 538 mm, altura total L83 + L83S: 1.896 metros, peso L83: 10.5 kg, peso L83S: 34 kg.&hellip; <a class=\"kt-excerpt-readmore more-link\" href=\"https:\/\/www.mexicanguitarplayers.com\/en\/tienda\/audio\/bafles-y-bocinas\/bafles\/bafles-activos\/columna-audiocenter-l83l83s-new-system\/\">Read more<\/a><\/p>","protected":false},"featured_media":14755,"comment_status":"open","ping_status":"closed","template":"","meta":{"kt_blocks_editor_width":""},"pwb-brand":[525],"product_brand":[],"product_cat":[213,222,472,221],"product_tag":[],"class_list":{"0":"post-14758","1":"product","2":"type-product","3":"status-publish","4":"has-post-thumbnail","6":"pwb-brand-audiocenter","7":"product_cat-audio","8":"product_cat-bafles","9":"product_cat-bafles-activos","10":"product_cat-bafles-y-bocinas","11":"product_shipping_class-25-30-kg","13":"first","14":"outofstock","15":"taxable","16":"shipping-taxable","17":"purchasable","18":"product-type-simple"},"yoast_head":"<!-- This site is optimized with the Yoast SEO plugin v27.5 - https:\/\/yoast.com\/product\/yoast-seo-wordpress\/ -->\n<title>COLUMNA AUDIOCENTER L83+L83S NEW SYSTEM - Mexican Guitar Players<\/title>\n<meta name=\"description\" content=\"COLUMNA AUDIOCENTER L83+L83S NEW SYSTEM. Sistema de columna activo controlado por DSP, 8 medios de 3\u201d pulgadas, 2 drivers de 1\u201d pulgada y subwoofer de 12\u201d pulgadas, respuesta de frecuencia: 40 Hz - 20 kHz, SPL m\u00e1ximo: 135 dB, \u00e1ngulo de cobertura horizontal: 110\u00b0 grados, \u00e1ngulo de cobertura vertical: 10\u00b0 grados, crossover de procesador frecuencia de muestreo de se\u00f1al de 96 kHz, precisi\u00f3n de 24 bits, controlado por DSP, amplificador Clase D de 4,000 watts de potencia con respuesta de frecuencia de 20 Hz - 20 kHz, sistema de enfriamiento: ventiladores + conexi\u00f3n de aire, entrada de se\u00f1al: 2 combo (Neutrik hembra XLR y mono jack 6.35) y 1 bluetooth est\u00e9reo, salida de se\u00f1al: 1 Neutrik XLR macho, salida link de amplificador L83: 1 Neutrik NL4MP, entrada link columna L83S: 1 Neutrik NL4MP, entrada de energ\u00eda: Toma de corriente de 3 pines, gabinete de CNC de excelente madera, poste de montaje L83S: M20 base 35 mm, dimensiones L83: 135 x 1200 x 165 mm, dimensiones L83S: 374 x 690 x 538 mm, altura total L83 + L83S: 1.896 metros, peso L83: 10.5 kg, peso L83S: 34 kg.\" \/>\n<meta name=\"robots\" content=\"index, follow, max-snippet:-1, max-image-preview:large, max-video-preview:-1\" \/>\n<link rel=\"canonical\" href=\"https:\/\/www.mexicanguitarplayers.com\/en\/tienda\/audio\/bafles-y-bocinas\/bafles\/bafles-activos\/columna-audiocenter-l83l83s-new-system\/\" \/>\n<meta property=\"og:locale\" content=\"en_US\" \/>\n<meta property=\"og:type\" content=\"article\" \/>\n<meta property=\"og:title\" content=\"COLUMNA AUDIOCENTER L83+L83S NEW SYSTEM - Mexican Guitar Players\" \/>\n<meta property=\"og:description\" content=\"COLUMNA AUDIOCENTER L83+L83S NEW SYSTEM. Sistema de columna activo controlado por DSP, 8 medios de 3\u201d pulgadas, 2 drivers de 1\u201d pulgada y subwoofer de 12\u201d pulgadas, respuesta de frecuencia: 40 Hz - 20 kHz, SPL m\u00e1ximo: 135 dB, \u00e1ngulo de cobertura horizontal: 110\u00b0 grados, \u00e1ngulo de cobertura vertical: 10\u00b0 grados, crossover de procesador frecuencia de muestreo de se\u00f1al de 96 kHz, precisi\u00f3n de 24 bits, controlado por DSP, amplificador Clase D de 4,000 watts de potencia con respuesta de frecuencia de 20 Hz - 20 kHz, sistema de enfriamiento: ventiladores + conexi\u00f3n de aire, entrada de se\u00f1al: 2 combo (Neutrik hembra XLR y mono jack 6.35) y 1 bluetooth est\u00e9reo, salida de se\u00f1al: 1 Neutrik XLR macho, salida link de amplificador L83: 1 Neutrik NL4MP, entrada link columna L83S: 1 Neutrik NL4MP, entrada de energ\u00eda: Toma de corriente de 3 pines, gabinete de CNC de excelente madera, poste de montaje L83S: M20 base 35 mm, dimensiones L83: 135 x 1200 x 165 mm, dimensiones L83S: 374 x 690 x 538 mm, altura total L83 + L83S: 1.896 metros, peso L83: 10.5 kg, peso L83S: 34 kg.\" \/>\n<meta property=\"og:url\" content=\"https:\/\/www.mexicanguitarplayers.com\/en\/tienda\/audio\/bafles-y-bocinas\/bafles\/bafles-activos\/columna-audiocenter-l83l83s-new-system\/\" \/>\n<meta property=\"og:site_name\" content=\"Mexican Guitar Players\" \/>\n<meta property=\"article:modified_time\" content=\"2023-07-01T19:22:34+00:00\" \/>\n<meta property=\"og:image\" content=\"https:\/\/www.mexicanguitarplayers.com\/wp-content\/uploads\/2022\/08\/IAACTL83SNWSYS.jpg\" \/>\n\t<meta property=\"og:image:width\" content=\"800\" \/>\n\t<meta property=\"og:image:height\" content=\"1600\" \/>\n\t<meta property=\"og:image:type\" content=\"image\/jpeg\" \/>\n<meta name=\"twitter:card\" content=\"summary_large_image\" \/>\n<meta name=\"twitter:label1\" content=\"Est. reading time\" \/>\n\t<meta name=\"twitter:data1\" content=\"1 minute\" \/>\n<script type=\"application\/ld+json\" class=\"yoast-schema-graph\">{\"@context\":\"https:\\\/\\\/schema.org\",\"@graph\":[{\"@type\":[\"WebPage\",\"ItemPage\"],\"@id\":\"https:\\\/\\\/www.mexicanguitarplayers.com\\\/tienda\\\/audio\\\/bafles-y-bocinas\\\/bafles\\\/bafles-activos\\\/columna-audiocenter-l83l83s-new-system\\\/\",\"url\":\"https:\\\/\\\/www.mexicanguitarplayers.com\\\/tienda\\\/audio\\\/bafles-y-bocinas\\\/bafles\\\/bafles-activos\\\/columna-audiocenter-l83l83s-new-system\\\/\",\"name\":\"COLUMNA AUDIOCENTER L83+L83S NEW SYSTEM - Mexican Guitar Players\",\"isPartOf\":{\"@id\":\"https:\\\/\\\/www.mexicanguitarplayers.com\\\/#website\"},\"primaryImageOfPage\":{\"@id\":\"https:\\\/\\\/www.mexicanguitarplayers.com\\\/tienda\\\/audio\\\/bafles-y-bocinas\\\/bafles\\\/bafles-activos\\\/columna-audiocenter-l83l83s-new-system\\\/#primaryimage\"},\"image\":{\"@id\":\"https:\\\/\\\/www.mexicanguitarplayers.com\\\/tienda\\\/audio\\\/bafles-y-bocinas\\\/bafles\\\/bafles-activos\\\/columna-audiocenter-l83l83s-new-system\\\/#primaryimage\"},\"thumbnailUrl\":\"https:\\\/\\\/www.mexicanguitarplayers.com\\\/wp-content\\\/uploads\\\/2022\\\/08\\\/IAACTL83SNWSYS.jpg\",\"datePublished\":\"2022-08-18T20:42:07+00:00\",\"dateModified\":\"2023-07-01T19:22:34+00:00\",\"description\":\"COLUMNA AUDIOCENTER L83+L83S NEW SYSTEM. Sistema de columna activo controlado por DSP, 8 medios de 3\u201d pulgadas, 2 drivers de 1\u201d pulgada y subwoofer de 12\u201d pulgadas, respuesta de frecuencia: 40 Hz - 20 kHz, SPL m\u00e1ximo: 135 dB, \u00e1ngulo de cobertura horizontal: 110\u00b0 grados, \u00e1ngulo de cobertura vertical: 10\u00b0 grados, crossover de procesador frecuencia de muestreo de se\u00f1al de 96 kHz, precisi\u00f3n de 24 bits, controlado por DSP, amplificador Clase D de 4,000 watts de potencia con respuesta de frecuencia de 20 Hz - 20 kHz, sistema de enfriamiento: ventiladores + conexi\u00f3n de aire, entrada de se\u00f1al: 2 combo (Neutrik hembra XLR y mono jack 6.35) y 1 bluetooth est\u00e9reo, salida de se\u00f1al: 1 Neutrik XLR macho, salida link de amplificador L83: 1 Neutrik NL4MP, entrada link columna L83S: 1 Neutrik NL4MP, entrada de energ\u00eda: Toma de corriente de 3 pines, gabinete de CNC de excelente madera, poste de montaje L83S: M20 base 35 mm, dimensiones L83: 135 x 1200 x 165 mm, dimensiones L83S: 374 x 690 x 538 mm, altura total L83 + L83S: 1.896 metros, peso L83: 10.5 kg, peso L83S: 34 kg.\",\"breadcrumb\":{\"@id\":\"https:\\\/\\\/www.mexicanguitarplayers.com\\\/tienda\\\/audio\\\/bafles-y-bocinas\\\/bafles\\\/bafles-activos\\\/columna-audiocenter-l83l83s-new-system\\\/#breadcrumb\"},\"inLanguage\":\"en-US\",\"potentialAction\":[{\"@type\":\"ReadAction\",\"target\":[\"https:\\\/\\\/www.mexicanguitarplayers.com\\\/tienda\\\/audio\\\/bafles-y-bocinas\\\/bafles\\\/bafles-activos\\\/columna-audiocenter-l83l83s-new-system\\\/\"]}]},{\"@type\":\"ImageObject\",\"inLanguage\":\"en-US\",\"@id\":\"https:\\\/\\\/www.mexicanguitarplayers.com\\\/tienda\\\/audio\\\/bafles-y-bocinas\\\/bafles\\\/bafles-activos\\\/columna-audiocenter-l83l83s-new-system\\\/#primaryimage\",\"url\":\"https:\\\/\\\/www.mexicanguitarplayers.com\\\/wp-content\\\/uploads\\\/2022\\\/08\\\/IAACTL83SNWSYS.jpg\",\"contentUrl\":\"https:\\\/\\\/www.mexicanguitarplayers.com\\\/wp-content\\\/uploads\\\/2022\\\/08\\\/IAACTL83SNWSYS.jpg\",\"width\":800,\"height\":1600},{\"@type\":\"BreadcrumbList\",\"@id\":\"https:\\\/\\\/www.mexicanguitarplayers.com\\\/tienda\\\/audio\\\/bafles-y-bocinas\\\/bafles\\\/bafles-activos\\\/columna-audiocenter-l83l83s-new-system\\\/#breadcrumb\",\"itemListElement\":[{\"@type\":\"ListItem\",\"position\":1,\"name\":\"Portada\",\"item\":\"https:\\\/\\\/www.mexicanguitarplayers.com\\\/\"},{\"@type\":\"ListItem\",\"position\":2,\"name\":\"Tienda\",\"item\":\"https:\\\/\\\/www.mexicanguitarplayers.com\\\/tienda\\\/\"},{\"@type\":\"ListItem\",\"position\":3,\"name\":\"COLUMNA AUDIOCENTER L83+L83S NEW SYSTEM\"}]},{\"@type\":\"WebSite\",\"@id\":\"https:\\\/\\\/www.mexicanguitarplayers.com\\\/#website\",\"url\":\"https:\\\/\\\/www.mexicanguitarplayers.com\\\/\",\"name\":\"Mexican Guitar Players\",\"description\":\"Website\",\"publisher\":{\"@id\":\"https:\\\/\\\/www.mexicanguitarplayers.com\\\/#organization\"},\"potentialAction\":[{\"@type\":\"SearchAction\",\"target\":{\"@type\":\"EntryPoint\",\"urlTemplate\":\"https:\\\/\\\/www.mexicanguitarplayers.com\\\/?s={search_term_string}\"},\"query-input\":{\"@type\":\"PropertyValueSpecification\",\"valueRequired\":true,\"valueName\":\"search_term_string\"}}],\"inLanguage\":\"en-US\"},{\"@type\":\"Organization\",\"@id\":\"https:\\\/\\\/www.mexicanguitarplayers.com\\\/#organization\",\"name\":\"Mexican Guitar Players\",\"url\":\"https:\\\/\\\/www.mexicanguitarplayers.com\\\/\",\"logo\":{\"@type\":\"ImageObject\",\"inLanguage\":\"en-US\",\"@id\":\"https:\\\/\\\/www.mexicanguitarplayers.com\\\/#\\\/schema\\\/logo\\\/image\\\/\",\"url\":\"\",\"contentUrl\":\"\",\"caption\":\"Mexican Guitar Players\"},\"image\":{\"@id\":\"https:\\\/\\\/www.mexicanguitarplayers.com\\\/#\\\/schema\\\/logo\\\/image\\\/\"}}]}<\/script>\n<!-- \/ Yoast SEO plugin. -->","yoast_head_json":{"title":"COLUMNA AUDIOCENTER L83+L83S NEW SYSTEM - Mexican Guitar Players","description":"COLUMNA AUDIOCENTER L83+L83S NEW SYSTEM. Sistema de columna activo controlado por DSP, 8 medios de 3\u201d pulgadas, 2 drivers de 1\u201d pulgada y subwoofer de 12\u201d pulgadas, respuesta de frecuencia: 40 Hz - 20 kHz, SPL m\u00e1ximo: 135 dB, \u00e1ngulo de cobertura horizontal: 110\u00b0 grados, \u00e1ngulo de cobertura vertical: 10\u00b0 grados, crossover de procesador frecuencia de muestreo de se\u00f1al de 96 kHz, precisi\u00f3n de 24 bits, controlado por DSP, amplificador Clase D de 4,000 watts de potencia con respuesta de frecuencia de 20 Hz - 20 kHz, sistema de enfriamiento: ventiladores + conexi\u00f3n de aire, entrada de se\u00f1al: 2 combo (Neutrik hembra XLR y mono jack 6.35) y 1 bluetooth est\u00e9reo, salida de se\u00f1al: 1 Neutrik XLR macho, salida link de amplificador L83: 1 Neutrik NL4MP, entrada link columna L83S: 1 Neutrik NL4MP, entrada de energ\u00eda: Toma de corriente de 3 pines, gabinete de CNC de excelente madera, poste de montaje L83S: M20 base 35 mm, dimensiones L83: 135 x 1200 x 165 mm, dimensiones L83S: 374 x 690 x 538 mm, altura total L83 + L83S: 1.896 metros, peso L83: 10.5 kg, peso L83S: 34 kg.","robots":{"index":"index","follow":"follow","max-snippet":"max-snippet:-1","max-image-preview":"max-image-preview:large","max-video-preview":"max-video-preview:-1"},"canonical":"https:\/\/www.mexicanguitarplayers.com\/en\/tienda\/audio\/bafles-y-bocinas\/bafles\/bafles-activos\/columna-audiocenter-l83l83s-new-system\/","og_locale":"en_US","og_type":"article","og_title":"COLUMNA AUDIOCENTER L83+L83S NEW SYSTEM - Mexican Guitar Players","og_description":"COLUMNA AUDIOCENTER L83+L83S NEW SYSTEM. Sistema de columna activo controlado por DSP, 8 medios de 3\u201d pulgadas, 2 drivers de 1\u201d pulgada y subwoofer de 12\u201d pulgadas, respuesta de frecuencia: 40 Hz - 20 kHz, SPL m\u00e1ximo: 135 dB, \u00e1ngulo de cobertura horizontal: 110\u00b0 grados, \u00e1ngulo de cobertura vertical: 10\u00b0 grados, crossover de procesador frecuencia de muestreo de se\u00f1al de 96 kHz, precisi\u00f3n de 24 bits, controlado por DSP, amplificador Clase D de 4,000 watts de potencia con respuesta de frecuencia de 20 Hz - 20 kHz, sistema de enfriamiento: ventiladores + conexi\u00f3n de aire, entrada de se\u00f1al: 2 combo (Neutrik hembra XLR y mono jack 6.35) y 1 bluetooth est\u00e9reo, salida de se\u00f1al: 1 Neutrik XLR macho, salida link de amplificador L83: 1 Neutrik NL4MP, entrada link columna L83S: 1 Neutrik NL4MP, entrada de energ\u00eda: Toma de corriente de 3 pines, gabinete de CNC de excelente madera, poste de montaje L83S: M20 base 35 mm, dimensiones L83: 135 x 1200 x 165 mm, dimensiones L83S: 374 x 690 x 538 mm, altura total L83 + L83S: 1.896 metros, peso L83: 10.5 kg, peso L83S: 34 kg.","og_url":"https:\/\/www.mexicanguitarplayers.com\/en\/tienda\/audio\/bafles-y-bocinas\/bafles\/bafles-activos\/columna-audiocenter-l83l83s-new-system\/","og_site_name":"Mexican Guitar Players","article_modified_time":"2023-07-01T19:22:34+00:00","og_image":[{"width":800,"height":1600,"url":"https:\/\/www.mexicanguitarplayers.com\/wp-content\/uploads\/2022\/08\/IAACTL83SNWSYS.jpg","type":"image\/jpeg"}],"twitter_card":"summary_large_image","twitter_misc":{"Est. reading time":"1 minute"},"schema":{"@context":"https:\/\/schema.org","@graph":[{"@type":["WebPage","ItemPage"],"@id":"https:\/\/www.mexicanguitarplayers.com\/tienda\/audio\/bafles-y-bocinas\/bafles\/bafles-activos\/columna-audiocenter-l83l83s-new-system\/","url":"https:\/\/www.mexicanguitarplayers.com\/tienda\/audio\/bafles-y-bocinas\/bafles\/bafles-activos\/columna-audiocenter-l83l83s-new-system\/","name":"COLUMNA AUDIOCENTER L83+L83S NEW SYSTEM - Mexican Guitar Players","isPartOf":{"@id":"https:\/\/www.mexicanguitarplayers.com\/#website"},"primaryImageOfPage":{"@id":"https:\/\/www.mexicanguitarplayers.com\/tienda\/audio\/bafles-y-bocinas\/bafles\/bafles-activos\/columna-audiocenter-l83l83s-new-system\/#primaryimage"},"image":{"@id":"https:\/\/www.mexicanguitarplayers.com\/tienda\/audio\/bafles-y-bocinas\/bafles\/bafles-activos\/columna-audiocenter-l83l83s-new-system\/#primaryimage"},"thumbnailUrl":"https:\/\/www.mexicanguitarplayers.com\/wp-content\/uploads\/2022\/08\/IAACTL83SNWSYS.jpg","datePublished":"2022-08-18T20:42:07+00:00","dateModified":"2023-07-01T19:22:34+00:00","description":"COLUMNA AUDIOCENTER L83+L83S NEW SYSTEM. Sistema de columna activo controlado por DSP, 8 medios de 3\u201d pulgadas, 2 drivers de 1\u201d pulgada y subwoofer de 12\u201d pulgadas, respuesta de frecuencia: 40 Hz - 20 kHz, SPL m\u00e1ximo: 135 dB, \u00e1ngulo de cobertura horizontal: 110\u00b0 grados, \u00e1ngulo de cobertura vertical: 10\u00b0 grados, crossover de procesador frecuencia de muestreo de se\u00f1al de 96 kHz, precisi\u00f3n de 24 bits, controlado por DSP, amplificador Clase D de 4,000 watts de potencia con respuesta de frecuencia de 20 Hz - 20 kHz, sistema de enfriamiento: ventiladores + conexi\u00f3n de aire, entrada de se\u00f1al: 2 combo (Neutrik hembra XLR y mono jack 6.35) y 1 bluetooth est\u00e9reo, salida de se\u00f1al: 1 Neutrik XLR macho, salida link de amplificador L83: 1 Neutrik NL4MP, entrada link columna L83S: 1 Neutrik NL4MP, entrada de energ\u00eda: Toma de corriente de 3 pines, gabinete de CNC de excelente madera, poste de montaje L83S: M20 base 35 mm, dimensiones L83: 135 x 1200 x 165 mm, dimensiones L83S: 374 x 690 x 538 mm, altura total L83 + L83S: 1.896 metros, peso L83: 10.5 kg, peso L83S: 34 kg.","breadcrumb":{"@id":"https:\/\/www.mexicanguitarplayers.com\/tienda\/audio\/bafles-y-bocinas\/bafles\/bafles-activos\/columna-audiocenter-l83l83s-new-system\/#breadcrumb"},"inLanguage":"en-US","potentialAction":[{"@type":"ReadAction","target":["https:\/\/www.mexicanguitarplayers.com\/tienda\/audio\/bafles-y-bocinas\/bafles\/bafles-activos\/columna-audiocenter-l83l83s-new-system\/"]}]},{"@type":"ImageObject","inLanguage":"en-US","@id":"https:\/\/www.mexicanguitarplayers.com\/tienda\/audio\/bafles-y-bocinas\/bafles\/bafles-activos\/columna-audiocenter-l83l83s-new-system\/#primaryimage","url":"https:\/\/www.mexicanguitarplayers.com\/wp-content\/uploads\/2022\/08\/IAACTL83SNWSYS.jpg","contentUrl":"https:\/\/www.mexicanguitarplayers.com\/wp-content\/uploads\/2022\/08\/IAACTL83SNWSYS.jpg","width":800,"height":1600},{"@type":"BreadcrumbList","@id":"https:\/\/www.mexicanguitarplayers.com\/tienda\/audio\/bafles-y-bocinas\/bafles\/bafles-activos\/columna-audiocenter-l83l83s-new-system\/#breadcrumb","itemListElement":[{"@type":"ListItem","position":1,"name":"Portada","item":"https:\/\/www.mexicanguitarplayers.com\/"},{"@type":"ListItem","position":2,"name":"Tienda","item":"https:\/\/www.mexicanguitarplayers.com\/tienda\/"},{"@type":"ListItem","position":3,"name":"COLUMNA AUDIOCENTER L83+L83S NEW SYSTEM"}]},{"@type":"WebSite","@id":"https:\/\/www.mexicanguitarplayers.com\/#website","url":"https:\/\/www.mexicanguitarplayers.com\/","name":"Mexican Guitar Players","description":"Website","publisher":{"@id":"https:\/\/www.mexicanguitarplayers.com\/#organization"},"potentialAction":[{"@type":"SearchAction","target":{"@type":"EntryPoint","urlTemplate":"https:\/\/www.mexicanguitarplayers.com\/?s={search_term_string}"},"query-input":{"@type":"PropertyValueSpecification","valueRequired":true,"valueName":"search_term_string"}}],"inLanguage":"en-US"},{"@type":"Organization","@id":"https:\/\/www.mexicanguitarplayers.com\/#organization","name":"Mexican Guitar Players","url":"https:\/\/www.mexicanguitarplayers.com\/","logo":{"@type":"ImageObject","inLanguage":"en-US","@id":"https:\/\/www.mexicanguitarplayers.com\/#\/schema\/logo\/image\/","url":"","contentUrl":"","caption":"Mexican Guitar Players"},"image":{"@id":"https:\/\/www.mexicanguitarplayers.com\/#\/schema\/logo\/image\/"}}]}},"brands":[{"id":525,"name":"AUDIOCENTER","slug":"audiocenter"}],"_links":{"self":[{"href":"https:\/\/www.mexicanguitarplayers.com\/en\/wp-json\/wp\/v2\/product\/14758","targetHints":{"allow":["GET"]}}],"collection":[{"href":"https:\/\/www.mexicanguitarplayers.com\/en\/wp-json\/wp\/v2\/product"}],"about":[{"href":"https:\/\/www.mexicanguitarplayers.com\/en\/wp-json\/wp\/v2\/types\/product"}],"replies":[{"embeddable":true,"href":"https:\/\/www.mexicanguitarplayers.com\/en\/wp-json\/wp\/v2\/comments?post=14758"}],"wp:featuredmedia":[{"embeddable":true,"href":"https:\/\/www.mexicanguitarplayers.com\/en\/wp-json\/wp\/v2\/media\/14755"}],"wp:attachment":[{"href":"https:\/\/www.mexicanguitarplayers.com\/en\/wp-json\/wp\/v2\/media?parent=14758"}],"wp:term":[{"taxonomy":"pwb-brand","embeddable":true,"href":"https:\/\/www.mexicanguitarplayers.com\/en\/wp-json\/wp\/v2\/pwb-brand?post=14758"},{"taxonomy":"product_brand","embeddable":true,"href":"https:\/\/www.mexicanguitarplayers.com\/en\/wp-json\/wp\/v2\/product_brand?post=14758"},{"taxonomy":"product_cat","embeddable":true,"href":"https:\/\/www.mexicanguitarplayers.com\/en\/wp-json\/wp\/v2\/product_cat?post=14758"},{"taxonomy":"product_tag","embeddable":true,"href":"https:\/\/www.mexicanguitarplayers.com\/en\/wp-json\/wp\/v2\/product_tag?post=14758"}],"curies":[{"name":"wp","href":"https:\/\/api.w.org\/{rel}","templated":true}]}}