{"id":14770,"date":"2022-08-18T15:42:54","date_gmt":"2022-08-18T20:42:54","guid":{"rendered":"https:\/\/www.mexicanguitarplayers.com\/tienda\/sin%20categor\u00eda\/bafle-audiocenter-mod-wm212-dsp\/"},"modified":"2023-03-29T22:26:11","modified_gmt":"2023-03-30T04:26:11","slug":"bafle-audiocenter-mod-wm212-dsp","status":"publish","type":"product","link":"https:\/\/www.mexicanguitarplayers.com\/en\/tienda\/audio\/bafles-y-bocinas\/bafles\/bafles-activos\/bafle-audiocenter-mod-wm212-dsp\/","title":{"rendered":"AUDIOCENTER SPEAKER MOD. WM212-DSP"},"content":{"rendered":"<div style=\"text-align: justify\">\n<div>\n<h3>AUDIOCENTER SPEAKER MOD. WM212-DSP<\/h3>\n<\/div>\n<div>12\u201d active DSP loudspeaker for installation, 2 x 12\u201d LF drivers and 1.4\u201d HF driver, coverage angle: 60\u00b0 x 40\u00b0 (live band) and 60\u00b0 x 60\u00b0 (stage), Class D circuit , power: 1600 W, frequency response: 45 Hz \u2013 20 kHz, maximum SPL: 136 dB, built-in Braincore technology and powerful DSP processor to improve speaker performance, Cort correction technology and Limita processing technology, cooling system advanced, vertical adjustable angle from 30\u00b0 to 45\u00b0 degrees (30\u00b0, 35\u00b0, 40\u00b0, 45\u00b0), Front-Loaded cabinet design, solid wood construction, Neutrik XLR connectors, dimensions: 700 x 347 x 515 mm , weight: 40 kg.<\/div>\n<\/div>","protected":false},"excerpt":{"rendered":"<p>Bafle activo DSP de 12\u201d pulgadas para instalaci\u00f3n, 2 drivers LF de 12\u201d y driver HF de 1.4\u201d, \u00e1ngulo de cobertura: 60\u00b0 x 40\u00b0 (banda en vivo) y 60\u00b0 x 60\u00b0 (escenario), circuito Clase D, potencia: 1600 W, respuesta de frecuencia: 45 Hz &#8211; 20 kHz, SPL m\u00e1ximo: 136 dB, tecnolog\u00eda Braincore y potente procesador DSP incorporados para mejorar el rendimiento del altavoz, tecnolog\u00eda de correcci\u00f3n Cort y la tecnolog\u00eda de procesamiento Limita, sistema de enfriamiento avanzado, \u00e1ngulo ajustable vertical de 30\u00b0 a 45\u00b0 grados (30\u00b0, 35\u00b0, 40\u00b0, 45\u00b0), dise\u00f1o de gabinete Front-Loaded, fabricado con madera s\u00f3lida, conectores Neutrik XLR, dimensiones: 700 x 347 x 515 mm, peso: 40 kg.&hellip; <a class=\"kt-excerpt-readmore more-link\" href=\"https:\/\/www.mexicanguitarplayers.com\/en\/tienda\/audio\/bafles-y-bocinas\/bafles\/bafles-activos\/bafle-audiocenter-mod-wm212-dsp\/\">Read more<\/a><\/p>","protected":false},"featured_media":14765,"comment_status":"open","ping_status":"closed","template":"","meta":{"kt_blocks_editor_width":""},"pwb-brand":[525],"product_brand":[],"product_cat":[213,222,472,221],"product_tag":[],"class_list":{"0":"post-14770","1":"product","2":"type-product","3":"status-publish","4":"has-post-thumbnail","6":"pwb-brand-audiocenter","7":"product_cat-audio","8":"product_cat-bafles","9":"product_cat-bafles-activos","10":"product_cat-bafles-y-bocinas","11":"product_shipping_class-25-30-kg","13":"first","14":"outofstock","15":"taxable","16":"shipping-taxable","17":"purchasable","18":"product-type-simple"},"yoast_head":"<!-- This site is optimized with the Yoast SEO plugin v27.5 - https:\/\/yoast.com\/product\/yoast-seo-wordpress\/ -->\n<title>BAFLE AUDIOCENTER MOD. WM212-DSP - Mexican Guitar Players<\/title>\n<meta name=\"description\" content=\"BAFLE AUDIOCENTER MOD. WM212-DSP. Bafle activo DSP de 12\u201d pulgadas para instalaci\u00f3n, 2 drivers LF de 12\u201d y driver HF de 1.4\u201d, \u00e1ngulo de cobertura: 60\u00b0 x 40\u00b0 (banda en vivo) y 60\u00b0 x 60\u00b0 (escenario), circuito Clase D, potencia: 1600 W, respuesta de frecuencia: 45 Hz - 20 kHz, SPL m\u00e1ximo: 136 dB, tecnolog\u00eda Braincore y potente procesador DSP incorporados para mejorar el rendimiento del altavoz, tecnolog\u00eda de correcci\u00f3n Cort y la tecnolog\u00eda de procesamiento Limita, sistema de enfriamiento avanzado, \u00e1ngulo ajustable vertical de 30\u00b0 a 45\u00b0 grados (30\u00b0, 35\u00b0, 40\u00b0, 45\u00b0), dise\u00f1o de gabinete Front-Loaded, fabricado con madera s\u00f3lida, conectores Neutrik XLR, dimensiones: 700 x 347 x 515 mm, peso: 40 kg.\" \/>\n<meta name=\"robots\" content=\"index, follow, max-snippet:-1, max-image-preview:large, max-video-preview:-1\" \/>\n<link rel=\"canonical\" href=\"https:\/\/www.mexicanguitarplayers.com\/en\/tienda\/audio\/bafles-y-bocinas\/bafles\/bafles-activos\/bafle-audiocenter-mod-wm212-dsp\/\" \/>\n<meta property=\"og:locale\" content=\"en_US\" \/>\n<meta property=\"og:type\" content=\"article\" \/>\n<meta property=\"og:title\" content=\"BAFLE AUDIOCENTER MOD. WM212-DSP - Mexican Guitar Players\" \/>\n<meta property=\"og:description\" content=\"BAFLE AUDIOCENTER MOD. WM212-DSP. Bafle activo DSP de 12\u201d pulgadas para instalaci\u00f3n, 2 drivers LF de 12\u201d y driver HF de 1.4\u201d, \u00e1ngulo de cobertura: 60\u00b0 x 40\u00b0 (banda en vivo) y 60\u00b0 x 60\u00b0 (escenario), circuito Clase D, potencia: 1600 W, respuesta de frecuencia: 45 Hz - 20 kHz, SPL m\u00e1ximo: 136 dB, tecnolog\u00eda Braincore y potente procesador DSP incorporados para mejorar el rendimiento del altavoz, tecnolog\u00eda de correcci\u00f3n Cort y la tecnolog\u00eda de procesamiento Limita, sistema de enfriamiento avanzado, \u00e1ngulo ajustable vertical de 30\u00b0 a 45\u00b0 grados (30\u00b0, 35\u00b0, 40\u00b0, 45\u00b0), dise\u00f1o de gabinete Front-Loaded, fabricado con madera s\u00f3lida, conectores Neutrik XLR, dimensiones: 700 x 347 x 515 mm, peso: 40 kg.\" \/>\n<meta property=\"og:url\" content=\"https:\/\/www.mexicanguitarplayers.com\/en\/tienda\/audio\/bafles-y-bocinas\/bafles\/bafles-activos\/bafle-audiocenter-mod-wm212-dsp\/\" \/>\n<meta property=\"og:site_name\" content=\"Mexican Guitar Players\" \/>\n<meta property=\"article:modified_time\" content=\"2023-03-30T04:26:11+00:00\" \/>\n<meta property=\"og:image\" content=\"https:\/\/www.mexicanguitarplayers.com\/wp-content\/uploads\/2022\/08\/IAACTWM212DSP-1024x1024.jpg\" \/>\n\t<meta property=\"og:image:width\" content=\"1024\" \/>\n\t<meta property=\"og:image:height\" content=\"1024\" \/>\n\t<meta property=\"og:image:type\" content=\"image\/jpeg\" \/>\n<meta name=\"twitter:card\" content=\"summary_large_image\" \/>\n<meta name=\"twitter:label1\" content=\"Est. reading time\" \/>\n\t<meta name=\"twitter:data1\" content=\"1 minute\" \/>\n<script type=\"application\/ld+json\" class=\"yoast-schema-graph\">{\"@context\":\"https:\\\/\\\/schema.org\",\"@graph\":[{\"@type\":[\"WebPage\",\"ItemPage\"],\"@id\":\"https:\\\/\\\/www.mexicanguitarplayers.com\\\/tienda\\\/audio\\\/bafles-y-bocinas\\\/bafles\\\/bafles-activos\\\/bafle-audiocenter-mod-wm212-dsp\\\/\",\"url\":\"https:\\\/\\\/www.mexicanguitarplayers.com\\\/tienda\\\/audio\\\/bafles-y-bocinas\\\/bafles\\\/bafles-activos\\\/bafle-audiocenter-mod-wm212-dsp\\\/\",\"name\":\"BAFLE AUDIOCENTER MOD. WM212-DSP - Mexican Guitar Players\",\"isPartOf\":{\"@id\":\"https:\\\/\\\/www.mexicanguitarplayers.com\\\/#website\"},\"primaryImageOfPage\":{\"@id\":\"https:\\\/\\\/www.mexicanguitarplayers.com\\\/tienda\\\/audio\\\/bafles-y-bocinas\\\/bafles\\\/bafles-activos\\\/bafle-audiocenter-mod-wm212-dsp\\\/#primaryimage\"},\"image\":{\"@id\":\"https:\\\/\\\/www.mexicanguitarplayers.com\\\/tienda\\\/audio\\\/bafles-y-bocinas\\\/bafles\\\/bafles-activos\\\/bafle-audiocenter-mod-wm212-dsp\\\/#primaryimage\"},\"thumbnailUrl\":\"https:\\\/\\\/www.mexicanguitarplayers.com\\\/wp-content\\\/uploads\\\/2022\\\/08\\\/IAACTWM212DSP.jpg\",\"datePublished\":\"2022-08-18T20:42:54+00:00\",\"dateModified\":\"2023-03-30T04:26:11+00:00\",\"description\":\"BAFLE AUDIOCENTER MOD. WM212-DSP. Bafle activo DSP de 12\u201d pulgadas para instalaci\u00f3n, 2 drivers LF de 12\u201d y driver HF de 1.4\u201d, \u00e1ngulo de cobertura: 60\u00b0 x 40\u00b0 (banda en vivo) y 60\u00b0 x 60\u00b0 (escenario), circuito Clase D, potencia: 1600 W, respuesta de frecuencia: 45 Hz - 20 kHz, SPL m\u00e1ximo: 136 dB, tecnolog\u00eda Braincore y potente procesador DSP incorporados para mejorar el rendimiento del altavoz, tecnolog\u00eda de correcci\u00f3n Cort y la tecnolog\u00eda de procesamiento Limita, sistema de enfriamiento avanzado, \u00e1ngulo ajustable vertical de 30\u00b0 a 45\u00b0 grados (30\u00b0, 35\u00b0, 40\u00b0, 45\u00b0), dise\u00f1o de gabinete Front-Loaded, fabricado con madera s\u00f3lida, conectores Neutrik XLR, dimensiones: 700 x 347 x 515 mm, peso: 40 kg.\",\"breadcrumb\":{\"@id\":\"https:\\\/\\\/www.mexicanguitarplayers.com\\\/tienda\\\/audio\\\/bafles-y-bocinas\\\/bafles\\\/bafles-activos\\\/bafle-audiocenter-mod-wm212-dsp\\\/#breadcrumb\"},\"inLanguage\":\"en-US\",\"potentialAction\":[{\"@type\":\"ReadAction\",\"target\":[\"https:\\\/\\\/www.mexicanguitarplayers.com\\\/tienda\\\/audio\\\/bafles-y-bocinas\\\/bafles\\\/bafles-activos\\\/bafle-audiocenter-mod-wm212-dsp\\\/\"]}]},{\"@type\":\"ImageObject\",\"inLanguage\":\"en-US\",\"@id\":\"https:\\\/\\\/www.mexicanguitarplayers.com\\\/tienda\\\/audio\\\/bafles-y-bocinas\\\/bafles\\\/bafles-activos\\\/bafle-audiocenter-mod-wm212-dsp\\\/#primaryimage\",\"url\":\"https:\\\/\\\/www.mexicanguitarplayers.com\\\/wp-content\\\/uploads\\\/2022\\\/08\\\/IAACTWM212DSP.jpg\",\"contentUrl\":\"https:\\\/\\\/www.mexicanguitarplayers.com\\\/wp-content\\\/uploads\\\/2022\\\/08\\\/IAACTWM212DSP.jpg\",\"width\":1200,\"height\":1200},{\"@type\":\"BreadcrumbList\",\"@id\":\"https:\\\/\\\/www.mexicanguitarplayers.com\\\/tienda\\\/audio\\\/bafles-y-bocinas\\\/bafles\\\/bafles-activos\\\/bafle-audiocenter-mod-wm212-dsp\\\/#breadcrumb\",\"itemListElement\":[{\"@type\":\"ListItem\",\"position\":1,\"name\":\"Portada\",\"item\":\"https:\\\/\\\/www.mexicanguitarplayers.com\\\/\"},{\"@type\":\"ListItem\",\"position\":2,\"name\":\"Tienda\",\"item\":\"https:\\\/\\\/www.mexicanguitarplayers.com\\\/tienda\\\/\"},{\"@type\":\"ListItem\",\"position\":3,\"name\":\"BAFLE AUDIOCENTER MOD. WM212-DSP\"}]},{\"@type\":\"WebSite\",\"@id\":\"https:\\\/\\\/www.mexicanguitarplayers.com\\\/#website\",\"url\":\"https:\\\/\\\/www.mexicanguitarplayers.com\\\/\",\"name\":\"Mexican Guitar Players\",\"description\":\"Website\",\"publisher\":{\"@id\":\"https:\\\/\\\/www.mexicanguitarplayers.com\\\/#organization\"},\"potentialAction\":[{\"@type\":\"SearchAction\",\"target\":{\"@type\":\"EntryPoint\",\"urlTemplate\":\"https:\\\/\\\/www.mexicanguitarplayers.com\\\/?s={search_term_string}\"},\"query-input\":{\"@type\":\"PropertyValueSpecification\",\"valueRequired\":true,\"valueName\":\"search_term_string\"}}],\"inLanguage\":\"en-US\"},{\"@type\":\"Organization\",\"@id\":\"https:\\\/\\\/www.mexicanguitarplayers.com\\\/#organization\",\"name\":\"Mexican Guitar Players\",\"url\":\"https:\\\/\\\/www.mexicanguitarplayers.com\\\/\",\"logo\":{\"@type\":\"ImageObject\",\"inLanguage\":\"en-US\",\"@id\":\"https:\\\/\\\/www.mexicanguitarplayers.com\\\/#\\\/schema\\\/logo\\\/image\\\/\",\"url\":\"\",\"contentUrl\":\"\",\"caption\":\"Mexican Guitar Players\"},\"image\":{\"@id\":\"https:\\\/\\\/www.mexicanguitarplayers.com\\\/#\\\/schema\\\/logo\\\/image\\\/\"}}]}<\/script>\n<!-- \/ Yoast SEO plugin. -->","yoast_head_json":{"title":"BAFLE AUDIOCENTER MOD. WM212-DSP - Mexican Guitar Players","description":"BAFLE AUDIOCENTER MOD. WM212-DSP. Bafle activo DSP de 12\u201d pulgadas para instalaci\u00f3n, 2 drivers LF de 12\u201d y driver HF de 1.4\u201d, \u00e1ngulo de cobertura: 60\u00b0 x 40\u00b0 (banda en vivo) y 60\u00b0 x 60\u00b0 (escenario), circuito Clase D, potencia: 1600 W, respuesta de frecuencia: 45 Hz - 20 kHz, SPL m\u00e1ximo: 136 dB, tecnolog\u00eda Braincore y potente procesador DSP incorporados para mejorar el rendimiento del altavoz, tecnolog\u00eda de correcci\u00f3n Cort y la tecnolog\u00eda de procesamiento Limita, sistema de enfriamiento avanzado, \u00e1ngulo ajustable vertical de 30\u00b0 a 45\u00b0 grados (30\u00b0, 35\u00b0, 40\u00b0, 45\u00b0), dise\u00f1o de gabinete Front-Loaded, fabricado con madera s\u00f3lida, conectores Neutrik XLR, dimensiones: 700 x 347 x 515 mm, peso: 40 kg.","robots":{"index":"index","follow":"follow","max-snippet":"max-snippet:-1","max-image-preview":"max-image-preview:large","max-video-preview":"max-video-preview:-1"},"canonical":"https:\/\/www.mexicanguitarplayers.com\/en\/tienda\/audio\/bafles-y-bocinas\/bafles\/bafles-activos\/bafle-audiocenter-mod-wm212-dsp\/","og_locale":"en_US","og_type":"article","og_title":"BAFLE AUDIOCENTER MOD. WM212-DSP - Mexican Guitar Players","og_description":"BAFLE AUDIOCENTER MOD. WM212-DSP. Bafle activo DSP de 12\u201d pulgadas para instalaci\u00f3n, 2 drivers LF de 12\u201d y driver HF de 1.4\u201d, \u00e1ngulo de cobertura: 60\u00b0 x 40\u00b0 (banda en vivo) y 60\u00b0 x 60\u00b0 (escenario), circuito Clase D, potencia: 1600 W, respuesta de frecuencia: 45 Hz - 20 kHz, SPL m\u00e1ximo: 136 dB, tecnolog\u00eda Braincore y potente procesador DSP incorporados para mejorar el rendimiento del altavoz, tecnolog\u00eda de correcci\u00f3n Cort y la tecnolog\u00eda de procesamiento Limita, sistema de enfriamiento avanzado, \u00e1ngulo ajustable vertical de 30\u00b0 a 45\u00b0 grados (30\u00b0, 35\u00b0, 40\u00b0, 45\u00b0), dise\u00f1o de gabinete Front-Loaded, fabricado con madera s\u00f3lida, conectores Neutrik XLR, dimensiones: 700 x 347 x 515 mm, peso: 40 kg.","og_url":"https:\/\/www.mexicanguitarplayers.com\/en\/tienda\/audio\/bafles-y-bocinas\/bafles\/bafles-activos\/bafle-audiocenter-mod-wm212-dsp\/","og_site_name":"Mexican Guitar Players","article_modified_time":"2023-03-30T04:26:11+00:00","og_image":[{"width":1024,"height":1024,"url":"https:\/\/www.mexicanguitarplayers.com\/wp-content\/uploads\/2022\/08\/IAACTWM212DSP-1024x1024.jpg","type":"image\/jpeg"}],"twitter_card":"summary_large_image","twitter_misc":{"Est. reading time":"1 minute"},"schema":{"@context":"https:\/\/schema.org","@graph":[{"@type":["WebPage","ItemPage"],"@id":"https:\/\/www.mexicanguitarplayers.com\/tienda\/audio\/bafles-y-bocinas\/bafles\/bafles-activos\/bafle-audiocenter-mod-wm212-dsp\/","url":"https:\/\/www.mexicanguitarplayers.com\/tienda\/audio\/bafles-y-bocinas\/bafles\/bafles-activos\/bafle-audiocenter-mod-wm212-dsp\/","name":"BAFLE AUDIOCENTER MOD. WM212-DSP - Mexican Guitar Players","isPartOf":{"@id":"https:\/\/www.mexicanguitarplayers.com\/#website"},"primaryImageOfPage":{"@id":"https:\/\/www.mexicanguitarplayers.com\/tienda\/audio\/bafles-y-bocinas\/bafles\/bafles-activos\/bafle-audiocenter-mod-wm212-dsp\/#primaryimage"},"image":{"@id":"https:\/\/www.mexicanguitarplayers.com\/tienda\/audio\/bafles-y-bocinas\/bafles\/bafles-activos\/bafle-audiocenter-mod-wm212-dsp\/#primaryimage"},"thumbnailUrl":"https:\/\/www.mexicanguitarplayers.com\/wp-content\/uploads\/2022\/08\/IAACTWM212DSP.jpg","datePublished":"2022-08-18T20:42:54+00:00","dateModified":"2023-03-30T04:26:11+00:00","description":"BAFLE AUDIOCENTER MOD. WM212-DSP. Bafle activo DSP de 12\u201d pulgadas para instalaci\u00f3n, 2 drivers LF de 12\u201d y driver HF de 1.4\u201d, \u00e1ngulo de cobertura: 60\u00b0 x 40\u00b0 (banda en vivo) y 60\u00b0 x 60\u00b0 (escenario), circuito Clase D, potencia: 1600 W, respuesta de frecuencia: 45 Hz - 20 kHz, SPL m\u00e1ximo: 136 dB, tecnolog\u00eda Braincore y potente procesador DSP incorporados para mejorar el rendimiento del altavoz, tecnolog\u00eda de correcci\u00f3n Cort y la tecnolog\u00eda de procesamiento Limita, sistema de enfriamiento avanzado, \u00e1ngulo ajustable vertical de 30\u00b0 a 45\u00b0 grados (30\u00b0, 35\u00b0, 40\u00b0, 45\u00b0), dise\u00f1o de gabinete Front-Loaded, fabricado con madera s\u00f3lida, conectores Neutrik XLR, dimensiones: 700 x 347 x 515 mm, peso: 40 kg.","breadcrumb":{"@id":"https:\/\/www.mexicanguitarplayers.com\/tienda\/audio\/bafles-y-bocinas\/bafles\/bafles-activos\/bafle-audiocenter-mod-wm212-dsp\/#breadcrumb"},"inLanguage":"en-US","potentialAction":[{"@type":"ReadAction","target":["https:\/\/www.mexicanguitarplayers.com\/tienda\/audio\/bafles-y-bocinas\/bafles\/bafles-activos\/bafle-audiocenter-mod-wm212-dsp\/"]}]},{"@type":"ImageObject","inLanguage":"en-US","@id":"https:\/\/www.mexicanguitarplayers.com\/tienda\/audio\/bafles-y-bocinas\/bafles\/bafles-activos\/bafle-audiocenter-mod-wm212-dsp\/#primaryimage","url":"https:\/\/www.mexicanguitarplayers.com\/wp-content\/uploads\/2022\/08\/IAACTWM212DSP.jpg","contentUrl":"https:\/\/www.mexicanguitarplayers.com\/wp-content\/uploads\/2022\/08\/IAACTWM212DSP.jpg","width":1200,"height":1200},{"@type":"BreadcrumbList","@id":"https:\/\/www.mexicanguitarplayers.com\/tienda\/audio\/bafles-y-bocinas\/bafles\/bafles-activos\/bafle-audiocenter-mod-wm212-dsp\/#breadcrumb","itemListElement":[{"@type":"ListItem","position":1,"name":"Portada","item":"https:\/\/www.mexicanguitarplayers.com\/"},{"@type":"ListItem","position":2,"name":"Tienda","item":"https:\/\/www.mexicanguitarplayers.com\/tienda\/"},{"@type":"ListItem","position":3,"name":"BAFLE AUDIOCENTER MOD. WM212-DSP"}]},{"@type":"WebSite","@id":"https:\/\/www.mexicanguitarplayers.com\/#website","url":"https:\/\/www.mexicanguitarplayers.com\/","name":"Mexican Guitar Players","description":"Website","publisher":{"@id":"https:\/\/www.mexicanguitarplayers.com\/#organization"},"potentialAction":[{"@type":"SearchAction","target":{"@type":"EntryPoint","urlTemplate":"https:\/\/www.mexicanguitarplayers.com\/?s={search_term_string}"},"query-input":{"@type":"PropertyValueSpecification","valueRequired":true,"valueName":"search_term_string"}}],"inLanguage":"en-US"},{"@type":"Organization","@id":"https:\/\/www.mexicanguitarplayers.com\/#organization","name":"Mexican Guitar Players","url":"https:\/\/www.mexicanguitarplayers.com\/","logo":{"@type":"ImageObject","inLanguage":"en-US","@id":"https:\/\/www.mexicanguitarplayers.com\/#\/schema\/logo\/image\/","url":"","contentUrl":"","caption":"Mexican Guitar Players"},"image":{"@id":"https:\/\/www.mexicanguitarplayers.com\/#\/schema\/logo\/image\/"}}]}},"brands":[{"id":525,"name":"AUDIOCENTER","slug":"audiocenter"}],"_links":{"self":[{"href":"https:\/\/www.mexicanguitarplayers.com\/en\/wp-json\/wp\/v2\/product\/14770","targetHints":{"allow":["GET"]}}],"collection":[{"href":"https:\/\/www.mexicanguitarplayers.com\/en\/wp-json\/wp\/v2\/product"}],"about":[{"href":"https:\/\/www.mexicanguitarplayers.com\/en\/wp-json\/wp\/v2\/types\/product"}],"replies":[{"embeddable":true,"href":"https:\/\/www.mexicanguitarplayers.com\/en\/wp-json\/wp\/v2\/comments?post=14770"}],"wp:featuredmedia":[{"embeddable":true,"href":"https:\/\/www.mexicanguitarplayers.com\/en\/wp-json\/wp\/v2\/media\/14765"}],"wp:attachment":[{"href":"https:\/\/www.mexicanguitarplayers.com\/en\/wp-json\/wp\/v2\/media?parent=14770"}],"wp:term":[{"taxonomy":"pwb-brand","embeddable":true,"href":"https:\/\/www.mexicanguitarplayers.com\/en\/wp-json\/wp\/v2\/pwb-brand?post=14770"},{"taxonomy":"product_brand","embeddable":true,"href":"https:\/\/www.mexicanguitarplayers.com\/en\/wp-json\/wp\/v2\/product_brand?post=14770"},{"taxonomy":"product_cat","embeddable":true,"href":"https:\/\/www.mexicanguitarplayers.com\/en\/wp-json\/wp\/v2\/product_cat?post=14770"},{"taxonomy":"product_tag","embeddable":true,"href":"https:\/\/www.mexicanguitarplayers.com\/en\/wp-json\/wp\/v2\/product_tag?post=14770"}],"curies":[{"name":"wp","href":"https:\/\/api.w.org\/{rel}","templated":true}]}}