{"id":14782,"date":"2022-08-18T15:43:11","date_gmt":"2022-08-18T20:43:11","guid":{"rendered":"https:\/\/www.mexicanguitarplayers.com\/tienda\/sin%20categor\u00eda\/estacion-akg-p-microfono-mod-cs2du-fix\/"},"modified":"2026-04-10T05:08:50","modified_gmt":"2026-04-10T11:08:50","slug":"estacion-akg-p-microfono-mod-cs2du-fix","status":"publish","type":"product","link":"https:\/\/www.mexicanguitarplayers.com\/en\/tienda\/audio\/congress\/equipo-para-debate\/estacion-akg-p-microfono-mod-cs2du-fix\/","title":{"rendered":"AKG STATION FOR MICROPHONE MOD. CS2DU FIX"},"content":{"rendered":"<div style=\"text-align: justify\">\n<div>\n<h3>AKG STATION FOR MICROPHONE MOD. CS2DU FIX<\/h3>\n<\/div>\n<div>Fixed station for AKG delegate microphone, fast setup and teardown of even large systems, no operator training required, superior audio quality, manual voice activation or PTT control, easy to use, high reliability.<\/div>\n<\/div>","protected":false},"excerpt":{"rendered":"<p>Estaci\u00f3n fija para micr\u00f3fono delegado AKG, configuraci\u00f3n r\u00e1pida y desmontaje incluso de los grandes sistemas, no se requiere capacitaci\u00f3n del operador, calidad superior de audio, activaci\u00f3n de voz manual o control PTT, f\u00e1cil de utilizar, alta fiabilidad.&hellip; <a class=\"kt-excerpt-readmore more-link\" href=\"https:\/\/www.mexicanguitarplayers.com\/en\/tienda\/audio\/congress\/equipo-para-debate\/estacion-akg-p-microfono-mod-cs2du-fix\/\">Read more<\/a><\/p>","protected":false},"featured_media":14781,"comment_status":"open","ping_status":"closed","template":"","meta":{"kt_blocks_editor_width":""},"pwb-brand":[528],"product_brand":[],"product_cat":[213,522,523],"product_tag":[],"class_list":{"0":"post-14782","1":"product","2":"type-product","3":"status-publish","4":"has-post-thumbnail","6":"pwb-brand-akg","7":"product_cat-audio","8":"product_cat-congress","9":"product_cat-equipo-para-debate","10":"product_shipping_class-0-5-kg","12":"first","13":"instock","14":"taxable","15":"shipping-taxable","16":"purchasable","17":"product-type-simple"},"yoast_head":"<!-- This site is optimized with the Yoast SEO plugin v27.5 - https:\/\/yoast.com\/product\/yoast-seo-wordpress\/ -->\n<title>ESTACION AKG P\/MICROFONO MOD. CS2DU FIX - Mexican Guitar Players<\/title>\n<meta name=\"description\" content=\"ESTACION AKG P\/MICROFONO MOD. CS2DU FIX. Estaci\u00f3n fija para micr\u00f3fono delegado AKG, configuraci\u00f3n r\u00e1pida y desmontaje incluso de los grandes sistemas, no se requiere capacitaci\u00f3n del operador, calidad superior de audio, activaci\u00f3n de voz manual o control PTT, f\u00e1cil de utilizar, alta fiabilidad.\" \/>\n<meta name=\"robots\" content=\"index, follow, max-snippet:-1, max-image-preview:large, max-video-preview:-1\" \/>\n<link rel=\"canonical\" href=\"https:\/\/www.mexicanguitarplayers.com\/en\/tienda\/audio\/congress\/equipo-para-debate\/estacion-akg-p-microfono-mod-cs2du-fix\/\" \/>\n<meta property=\"og:locale\" content=\"en_US\" \/>\n<meta property=\"og:type\" content=\"article\" \/>\n<meta property=\"og:title\" content=\"ESTACION AKG P\/MICROFONO MOD. CS2DU FIX - Mexican Guitar Players\" \/>\n<meta property=\"og:description\" content=\"ESTACION AKG P\/MICROFONO MOD. CS2DU FIX. Estaci\u00f3n fija para micr\u00f3fono delegado AKG, configuraci\u00f3n r\u00e1pida y desmontaje incluso de los grandes sistemas, no se requiere capacitaci\u00f3n del operador, calidad superior de audio, activaci\u00f3n de voz manual o control PTT, f\u00e1cil de utilizar, alta fiabilidad.\" \/>\n<meta property=\"og:url\" content=\"https:\/\/www.mexicanguitarplayers.com\/en\/tienda\/audio\/congress\/equipo-para-debate\/estacion-akg-p-microfono-mod-cs2du-fix\/\" \/>\n<meta property=\"og:site_name\" content=\"Mexican Guitar Players\" \/>\n<meta property=\"article:modified_time\" content=\"2026-04-10T11:08:50+00:00\" \/>\n<meta property=\"og:image\" content=\"https:\/\/www.mexicanguitarplayers.com\/wp-content\/uploads\/2022\/08\/IAAKGCS2DUFIX.jpg\" \/>\n\t<meta property=\"og:image:width\" content=\"1200\" \/>\n\t<meta property=\"og:image:height\" content=\"1200\" \/>\n\t<meta property=\"og:image:type\" content=\"image\/jpeg\" \/>\n<meta name=\"twitter:card\" content=\"summary_large_image\" \/>\n<script type=\"application\/ld+json\" class=\"yoast-schema-graph\">{\"@context\":\"https:\\\/\\\/schema.org\",\"@graph\":[{\"@type\":[\"WebPage\",\"ItemPage\"],\"@id\":\"https:\\\/\\\/www.mexicanguitarplayers.com\\\/tienda\\\/audio\\\/congress\\\/equipo-para-debate\\\/estacion-akg-p-microfono-mod-cs2du-fix\\\/\",\"url\":\"https:\\\/\\\/www.mexicanguitarplayers.com\\\/tienda\\\/audio\\\/congress\\\/equipo-para-debate\\\/estacion-akg-p-microfono-mod-cs2du-fix\\\/\",\"name\":\"ESTACION AKG P\\\/MICROFONO MOD. CS2DU FIX - Mexican Guitar Players\",\"isPartOf\":{\"@id\":\"https:\\\/\\\/www.mexicanguitarplayers.com\\\/#website\"},\"primaryImageOfPage\":{\"@id\":\"https:\\\/\\\/www.mexicanguitarplayers.com\\\/tienda\\\/audio\\\/congress\\\/equipo-para-debate\\\/estacion-akg-p-microfono-mod-cs2du-fix\\\/#primaryimage\"},\"image\":{\"@id\":\"https:\\\/\\\/www.mexicanguitarplayers.com\\\/tienda\\\/audio\\\/congress\\\/equipo-para-debate\\\/estacion-akg-p-microfono-mod-cs2du-fix\\\/#primaryimage\"},\"thumbnailUrl\":\"https:\\\/\\\/www.mexicanguitarplayers.com\\\/wp-content\\\/uploads\\\/2022\\\/08\\\/IAAKGCS2DUFIX.jpg\",\"datePublished\":\"2022-08-18T20:43:11+00:00\",\"dateModified\":\"2026-04-10T11:08:50+00:00\",\"description\":\"ESTACION AKG P\\\/MICROFONO MOD. CS2DU FIX. Estaci\u00f3n fija para micr\u00f3fono delegado AKG, configuraci\u00f3n r\u00e1pida y desmontaje incluso de los grandes sistemas, no se requiere capacitaci\u00f3n del operador, calidad superior de audio, activaci\u00f3n de voz manual o control PTT, f\u00e1cil de utilizar, alta fiabilidad.\",\"breadcrumb\":{\"@id\":\"https:\\\/\\\/www.mexicanguitarplayers.com\\\/tienda\\\/audio\\\/congress\\\/equipo-para-debate\\\/estacion-akg-p-microfono-mod-cs2du-fix\\\/#breadcrumb\"},\"inLanguage\":\"en-US\",\"potentialAction\":[{\"@type\":\"ReadAction\",\"target\":[\"https:\\\/\\\/www.mexicanguitarplayers.com\\\/tienda\\\/audio\\\/congress\\\/equipo-para-debate\\\/estacion-akg-p-microfono-mod-cs2du-fix\\\/\"]}]},{\"@type\":\"ImageObject\",\"inLanguage\":\"en-US\",\"@id\":\"https:\\\/\\\/www.mexicanguitarplayers.com\\\/tienda\\\/audio\\\/congress\\\/equipo-para-debate\\\/estacion-akg-p-microfono-mod-cs2du-fix\\\/#primaryimage\",\"url\":\"https:\\\/\\\/www.mexicanguitarplayers.com\\\/wp-content\\\/uploads\\\/2022\\\/08\\\/IAAKGCS2DUFIX.jpg\",\"contentUrl\":\"https:\\\/\\\/www.mexicanguitarplayers.com\\\/wp-content\\\/uploads\\\/2022\\\/08\\\/IAAKGCS2DUFIX.jpg\",\"width\":1200,\"height\":1200},{\"@type\":\"BreadcrumbList\",\"@id\":\"https:\\\/\\\/www.mexicanguitarplayers.com\\\/tienda\\\/audio\\\/congress\\\/equipo-para-debate\\\/estacion-akg-p-microfono-mod-cs2du-fix\\\/#breadcrumb\",\"itemListElement\":[{\"@type\":\"ListItem\",\"position\":1,\"name\":\"Portada\",\"item\":\"https:\\\/\\\/www.mexicanguitarplayers.com\\\/\"},{\"@type\":\"ListItem\",\"position\":2,\"name\":\"Tienda\",\"item\":\"https:\\\/\\\/www.mexicanguitarplayers.com\\\/tienda\\\/\"},{\"@type\":\"ListItem\",\"position\":3,\"name\":\"ESTACION AKG P\\\/MICROFONO MOD. CS2DU FIX\"}]},{\"@type\":\"WebSite\",\"@id\":\"https:\\\/\\\/www.mexicanguitarplayers.com\\\/#website\",\"url\":\"https:\\\/\\\/www.mexicanguitarplayers.com\\\/\",\"name\":\"Mexican Guitar Players\",\"description\":\"Website\",\"publisher\":{\"@id\":\"https:\\\/\\\/www.mexicanguitarplayers.com\\\/#organization\"},\"potentialAction\":[{\"@type\":\"SearchAction\",\"target\":{\"@type\":\"EntryPoint\",\"urlTemplate\":\"https:\\\/\\\/www.mexicanguitarplayers.com\\\/?s={search_term_string}\"},\"query-input\":{\"@type\":\"PropertyValueSpecification\",\"valueRequired\":true,\"valueName\":\"search_term_string\"}}],\"inLanguage\":\"en-US\"},{\"@type\":\"Organization\",\"@id\":\"https:\\\/\\\/www.mexicanguitarplayers.com\\\/#organization\",\"name\":\"Mexican Guitar Players\",\"url\":\"https:\\\/\\\/www.mexicanguitarplayers.com\\\/\",\"logo\":{\"@type\":\"ImageObject\",\"inLanguage\":\"en-US\",\"@id\":\"https:\\\/\\\/www.mexicanguitarplayers.com\\\/#\\\/schema\\\/logo\\\/image\\\/\",\"url\":\"\",\"contentUrl\":\"\",\"caption\":\"Mexican Guitar Players\"},\"image\":{\"@id\":\"https:\\\/\\\/www.mexicanguitarplayers.com\\\/#\\\/schema\\\/logo\\\/image\\\/\"}}]}<\/script>\n<!-- \/ Yoast SEO plugin. -->","yoast_head_json":{"title":"ESTACION AKG P\/MICROFONO MOD. CS2DU FIX - Mexican Guitar Players","description":"ESTACION AKG P\/MICROFONO MOD. CS2DU FIX. Estaci\u00f3n fija para micr\u00f3fono delegado AKG, configuraci\u00f3n r\u00e1pida y desmontaje incluso de los grandes sistemas, no se requiere capacitaci\u00f3n del operador, calidad superior de audio, activaci\u00f3n de voz manual o control PTT, f\u00e1cil de utilizar, alta fiabilidad.","robots":{"index":"index","follow":"follow","max-snippet":"max-snippet:-1","max-image-preview":"max-image-preview:large","max-video-preview":"max-video-preview:-1"},"canonical":"https:\/\/www.mexicanguitarplayers.com\/en\/tienda\/audio\/congress\/equipo-para-debate\/estacion-akg-p-microfono-mod-cs2du-fix\/","og_locale":"en_US","og_type":"article","og_title":"ESTACION AKG P\/MICROFONO MOD. CS2DU FIX - Mexican Guitar Players","og_description":"ESTACION AKG P\/MICROFONO MOD. CS2DU FIX. Estaci\u00f3n fija para micr\u00f3fono delegado AKG, configuraci\u00f3n r\u00e1pida y desmontaje incluso de los grandes sistemas, no se requiere capacitaci\u00f3n del operador, calidad superior de audio, activaci\u00f3n de voz manual o control PTT, f\u00e1cil de utilizar, alta fiabilidad.","og_url":"https:\/\/www.mexicanguitarplayers.com\/en\/tienda\/audio\/congress\/equipo-para-debate\/estacion-akg-p-microfono-mod-cs2du-fix\/","og_site_name":"Mexican Guitar Players","article_modified_time":"2026-04-10T11:08:50+00:00","og_image":[{"width":1200,"height":1200,"url":"https:\/\/www.mexicanguitarplayers.com\/wp-content\/uploads\/2022\/08\/IAAKGCS2DUFIX.jpg","type":"image\/jpeg"}],"twitter_card":"summary_large_image","schema":{"@context":"https:\/\/schema.org","@graph":[{"@type":["WebPage","ItemPage"],"@id":"https:\/\/www.mexicanguitarplayers.com\/tienda\/audio\/congress\/equipo-para-debate\/estacion-akg-p-microfono-mod-cs2du-fix\/","url":"https:\/\/www.mexicanguitarplayers.com\/tienda\/audio\/congress\/equipo-para-debate\/estacion-akg-p-microfono-mod-cs2du-fix\/","name":"ESTACION AKG P\/MICROFONO MOD. CS2DU FIX - Mexican Guitar Players","isPartOf":{"@id":"https:\/\/www.mexicanguitarplayers.com\/#website"},"primaryImageOfPage":{"@id":"https:\/\/www.mexicanguitarplayers.com\/tienda\/audio\/congress\/equipo-para-debate\/estacion-akg-p-microfono-mod-cs2du-fix\/#primaryimage"},"image":{"@id":"https:\/\/www.mexicanguitarplayers.com\/tienda\/audio\/congress\/equipo-para-debate\/estacion-akg-p-microfono-mod-cs2du-fix\/#primaryimage"},"thumbnailUrl":"https:\/\/www.mexicanguitarplayers.com\/wp-content\/uploads\/2022\/08\/IAAKGCS2DUFIX.jpg","datePublished":"2022-08-18T20:43:11+00:00","dateModified":"2026-04-10T11:08:50+00:00","description":"ESTACION AKG P\/MICROFONO MOD. CS2DU FIX. Estaci\u00f3n fija para micr\u00f3fono delegado AKG, configuraci\u00f3n r\u00e1pida y desmontaje incluso de los grandes sistemas, no se requiere capacitaci\u00f3n del operador, calidad superior de audio, activaci\u00f3n de voz manual o control PTT, f\u00e1cil de utilizar, alta fiabilidad.","breadcrumb":{"@id":"https:\/\/www.mexicanguitarplayers.com\/tienda\/audio\/congress\/equipo-para-debate\/estacion-akg-p-microfono-mod-cs2du-fix\/#breadcrumb"},"inLanguage":"en-US","potentialAction":[{"@type":"ReadAction","target":["https:\/\/www.mexicanguitarplayers.com\/tienda\/audio\/congress\/equipo-para-debate\/estacion-akg-p-microfono-mod-cs2du-fix\/"]}]},{"@type":"ImageObject","inLanguage":"en-US","@id":"https:\/\/www.mexicanguitarplayers.com\/tienda\/audio\/congress\/equipo-para-debate\/estacion-akg-p-microfono-mod-cs2du-fix\/#primaryimage","url":"https:\/\/www.mexicanguitarplayers.com\/wp-content\/uploads\/2022\/08\/IAAKGCS2DUFIX.jpg","contentUrl":"https:\/\/www.mexicanguitarplayers.com\/wp-content\/uploads\/2022\/08\/IAAKGCS2DUFIX.jpg","width":1200,"height":1200},{"@type":"BreadcrumbList","@id":"https:\/\/www.mexicanguitarplayers.com\/tienda\/audio\/congress\/equipo-para-debate\/estacion-akg-p-microfono-mod-cs2du-fix\/#breadcrumb","itemListElement":[{"@type":"ListItem","position":1,"name":"Portada","item":"https:\/\/www.mexicanguitarplayers.com\/"},{"@type":"ListItem","position":2,"name":"Tienda","item":"https:\/\/www.mexicanguitarplayers.com\/tienda\/"},{"@type":"ListItem","position":3,"name":"ESTACION AKG P\/MICROFONO MOD. CS2DU FIX"}]},{"@type":"WebSite","@id":"https:\/\/www.mexicanguitarplayers.com\/#website","url":"https:\/\/www.mexicanguitarplayers.com\/","name":"Mexican Guitar Players","description":"Website","publisher":{"@id":"https:\/\/www.mexicanguitarplayers.com\/#organization"},"potentialAction":[{"@type":"SearchAction","target":{"@type":"EntryPoint","urlTemplate":"https:\/\/www.mexicanguitarplayers.com\/?s={search_term_string}"},"query-input":{"@type":"PropertyValueSpecification","valueRequired":true,"valueName":"search_term_string"}}],"inLanguage":"en-US"},{"@type":"Organization","@id":"https:\/\/www.mexicanguitarplayers.com\/#organization","name":"Mexican Guitar Players","url":"https:\/\/www.mexicanguitarplayers.com\/","logo":{"@type":"ImageObject","inLanguage":"en-US","@id":"https:\/\/www.mexicanguitarplayers.com\/#\/schema\/logo\/image\/","url":"","contentUrl":"","caption":"Mexican Guitar Players"},"image":{"@id":"https:\/\/www.mexicanguitarplayers.com\/#\/schema\/logo\/image\/"}}]}},"brands":[{"id":528,"name":"AKG","slug":"akg"}],"_links":{"self":[{"href":"https:\/\/www.mexicanguitarplayers.com\/en\/wp-json\/wp\/v2\/product\/14782","targetHints":{"allow":["GET"]}}],"collection":[{"href":"https:\/\/www.mexicanguitarplayers.com\/en\/wp-json\/wp\/v2\/product"}],"about":[{"href":"https:\/\/www.mexicanguitarplayers.com\/en\/wp-json\/wp\/v2\/types\/product"}],"replies":[{"embeddable":true,"href":"https:\/\/www.mexicanguitarplayers.com\/en\/wp-json\/wp\/v2\/comments?post=14782"}],"wp:featuredmedia":[{"embeddable":true,"href":"https:\/\/www.mexicanguitarplayers.com\/en\/wp-json\/wp\/v2\/media\/14781"}],"wp:attachment":[{"href":"https:\/\/www.mexicanguitarplayers.com\/en\/wp-json\/wp\/v2\/media?parent=14782"}],"wp:term":[{"taxonomy":"pwb-brand","embeddable":true,"href":"https:\/\/www.mexicanguitarplayers.com\/en\/wp-json\/wp\/v2\/pwb-brand?post=14782"},{"taxonomy":"product_brand","embeddable":true,"href":"https:\/\/www.mexicanguitarplayers.com\/en\/wp-json\/wp\/v2\/product_brand?post=14782"},{"taxonomy":"product_cat","embeddable":true,"href":"https:\/\/www.mexicanguitarplayers.com\/en\/wp-json\/wp\/v2\/product_cat?post=14782"},{"taxonomy":"product_tag","embeddable":true,"href":"https:\/\/www.mexicanguitarplayers.com\/en\/wp-json\/wp\/v2\/product_tag?post=14782"}],"curies":[{"name":"wp","href":"https:\/\/api.w.org\/{rel}","templated":true}]}}