{"id":14790,"date":"2022-08-18T15:43:21","date_gmt":"2022-08-18T20:43:21","guid":{"rendered":"https:\/\/www.mexicanguitarplayers.com\/tienda\/sin%20categor\u00eda\/transmisor-akg-de-mano-ht4000-bandiii\/"},"modified":"2026-04-10T05:08:49","modified_gmt":"2026-04-10T11:08:49","slug":"transmisor-akg-de-mano-ht4000-bandiii","status":"publish","type":"product","link":"https:\/\/www.mexicanguitarplayers.com\/en\/tienda\/audio\/microfonia\/microfonos-inalambricos\/transmisores-y-receptores\/transmisor-akg-de-mano-ht4000-bandiii\/","title":{"rendered":"AKG HANDHELD TRANSMITTER HT4000 BANDIII"},"content":{"rendered":"<div style=\"text-align: justify\">\n<div>\n<h3>AKG HANDHELD TRANSMITTER HT4000 BANDIII<\/h3>\n<\/div>\n<div>AKG HT4000 BAND III handheld transmitter, UHF for use with interchangeable microphone elements, 30 MHz and up to 1200 selectable frequencies, 50mW RF radiation, operates up to 15 hours on battery, optional BP4000 recharge system with full charge in 1 hour, same duration up to 1:00 p.m.<\/div>\n<\/div>","protected":false},"excerpt":{"rendered":"<p>Transmisor AKG de mano HT4000 BAND III, UHF para usarse con elementos intercambiables de micr\u00f3fono, 30 MHz y hasta 1200 frecuencias seleccionables, 50mW RF de radiaci\u00f3n, opera hasta 15 horas con bater\u00eda, opci\u00f3n sistema de recarga BP4000 concarga completa en 1 hora misma que dura hasta 13 hrs.&hellip; <a class=\"kt-excerpt-readmore more-link\" href=\"https:\/\/www.mexicanguitarplayers.com\/en\/tienda\/audio\/microfonia\/microfonos-inalambricos\/transmisores-y-receptores\/transmisor-akg-de-mano-ht4000-bandiii\/\">Read more<\/a><\/p>","protected":false},"featured_media":14789,"comment_status":"open","ping_status":"closed","template":"","meta":{"kt_blocks_editor_width":""},"pwb-brand":[528],"product_brand":[],"product_cat":[213,214,231,238],"product_tag":[],"class_list":{"0":"post-14790","1":"product","2":"type-product","3":"status-publish","4":"has-post-thumbnail","6":"pwb-brand-akg","7":"product_cat-audio","8":"product_cat-microfonia","9":"product_cat-microfonos-inalambricos","10":"product_cat-transmisores-y-receptores","11":"product_shipping_class-0-5-kg","13":"first","14":"instock","15":"taxable","16":"shipping-taxable","17":"purchasable","18":"product-type-simple"},"yoast_head":"<!-- This site is optimized with the Yoast SEO plugin v27.5 - https:\/\/yoast.com\/product\/yoast-seo-wordpress\/ -->\n<title>TRANSMISOR AKG DE MANO HT4000 BANDIII - Mexican Guitar Players<\/title>\n<meta name=\"description\" content=\"TRANSMISOR AKG DE MANO HT4000 BANDIII. Transmisor AKG de mano HT4000 BAND III, UHF para usarse con elementos intercambiables de micr\u00f3fono, 30 MHz y hasta 1200 frecuencias seleccionables, 50mW RF de radiaci\u00f3n, opera hasta 15 horas con bater\u00eda, opci\u00f3n sistema de recarga BP4000 concarga completa en 1 hora misma que dura hasta 13 hrs.\" \/>\n<meta name=\"robots\" content=\"index, follow, max-snippet:-1, max-image-preview:large, max-video-preview:-1\" \/>\n<link rel=\"canonical\" href=\"https:\/\/www.mexicanguitarplayers.com\/en\/tienda\/audio\/microfonia\/microfonos-inalambricos\/transmisores-y-receptores\/transmisor-akg-de-mano-ht4000-bandiii\/\" \/>\n<meta property=\"og:locale\" content=\"en_US\" \/>\n<meta property=\"og:type\" content=\"article\" \/>\n<meta property=\"og:title\" content=\"TRANSMISOR AKG DE MANO HT4000 BANDIII - Mexican Guitar Players\" \/>\n<meta property=\"og:description\" content=\"TRANSMISOR AKG DE MANO HT4000 BANDIII. Transmisor AKG de mano HT4000 BAND III, UHF para usarse con elementos intercambiables de micr\u00f3fono, 30 MHz y hasta 1200 frecuencias seleccionables, 50mW RF de radiaci\u00f3n, opera hasta 15 horas con bater\u00eda, opci\u00f3n sistema de recarga BP4000 concarga completa en 1 hora misma que dura hasta 13 hrs.\" \/>\n<meta property=\"og:url\" content=\"https:\/\/www.mexicanguitarplayers.com\/en\/tienda\/audio\/microfonia\/microfonos-inalambricos\/transmisores-y-receptores\/transmisor-akg-de-mano-ht4000-bandiii\/\" \/>\n<meta property=\"og:site_name\" content=\"Mexican Guitar Players\" \/>\n<meta property=\"article:modified_time\" content=\"2026-04-10T11:08:49+00:00\" \/>\n<meta property=\"og:image\" content=\"https:\/\/www.mexicanguitarplayers.com\/wp-content\/uploads\/2022\/08\/IAAKGHT4000III.jpg\" \/>\n\t<meta property=\"og:image:width\" content=\"1200\" \/>\n\t<meta property=\"og:image:height\" content=\"1200\" \/>\n\t<meta property=\"og:image:type\" content=\"image\/jpeg\" \/>\n<meta name=\"twitter:card\" content=\"summary_large_image\" \/>\n<script type=\"application\/ld+json\" class=\"yoast-schema-graph\">{\"@context\":\"https:\\\/\\\/schema.org\",\"@graph\":[{\"@type\":[\"WebPage\",\"ItemPage\"],\"@id\":\"https:\\\/\\\/www.mexicanguitarplayers.com\\\/tienda\\\/audio\\\/microfonia\\\/microfonos-inalambricos\\\/transmisores-y-receptores\\\/transmisor-akg-de-mano-ht4000-bandiii\\\/\",\"url\":\"https:\\\/\\\/www.mexicanguitarplayers.com\\\/tienda\\\/audio\\\/microfonia\\\/microfonos-inalambricos\\\/transmisores-y-receptores\\\/transmisor-akg-de-mano-ht4000-bandiii\\\/\",\"name\":\"TRANSMISOR AKG DE MANO HT4000 BANDIII - Mexican Guitar Players\",\"isPartOf\":{\"@id\":\"https:\\\/\\\/www.mexicanguitarplayers.com\\\/#website\"},\"primaryImageOfPage\":{\"@id\":\"https:\\\/\\\/www.mexicanguitarplayers.com\\\/tienda\\\/audio\\\/microfonia\\\/microfonos-inalambricos\\\/transmisores-y-receptores\\\/transmisor-akg-de-mano-ht4000-bandiii\\\/#primaryimage\"},\"image\":{\"@id\":\"https:\\\/\\\/www.mexicanguitarplayers.com\\\/tienda\\\/audio\\\/microfonia\\\/microfonos-inalambricos\\\/transmisores-y-receptores\\\/transmisor-akg-de-mano-ht4000-bandiii\\\/#primaryimage\"},\"thumbnailUrl\":\"https:\\\/\\\/www.mexicanguitarplayers.com\\\/wp-content\\\/uploads\\\/2022\\\/08\\\/IAAKGHT4000III.jpg\",\"datePublished\":\"2022-08-18T20:43:21+00:00\",\"dateModified\":\"2026-04-10T11:08:49+00:00\",\"description\":\"TRANSMISOR AKG DE MANO HT4000 BANDIII. Transmisor AKG de mano HT4000 BAND III, UHF para usarse con elementos intercambiables de micr\u00f3fono, 30 MHz y hasta 1200 frecuencias seleccionables, 50mW RF de radiaci\u00f3n, opera hasta 15 horas con bater\u00eda, opci\u00f3n sistema de recarga BP4000 concarga completa en 1 hora misma que dura hasta 13 hrs.\",\"breadcrumb\":{\"@id\":\"https:\\\/\\\/www.mexicanguitarplayers.com\\\/tienda\\\/audio\\\/microfonia\\\/microfonos-inalambricos\\\/transmisores-y-receptores\\\/transmisor-akg-de-mano-ht4000-bandiii\\\/#breadcrumb\"},\"inLanguage\":\"en-US\",\"potentialAction\":[{\"@type\":\"ReadAction\",\"target\":[\"https:\\\/\\\/www.mexicanguitarplayers.com\\\/tienda\\\/audio\\\/microfonia\\\/microfonos-inalambricos\\\/transmisores-y-receptores\\\/transmisor-akg-de-mano-ht4000-bandiii\\\/\"]}]},{\"@type\":\"ImageObject\",\"inLanguage\":\"en-US\",\"@id\":\"https:\\\/\\\/www.mexicanguitarplayers.com\\\/tienda\\\/audio\\\/microfonia\\\/microfonos-inalambricos\\\/transmisores-y-receptores\\\/transmisor-akg-de-mano-ht4000-bandiii\\\/#primaryimage\",\"url\":\"https:\\\/\\\/www.mexicanguitarplayers.com\\\/wp-content\\\/uploads\\\/2022\\\/08\\\/IAAKGHT4000III.jpg\",\"contentUrl\":\"https:\\\/\\\/www.mexicanguitarplayers.com\\\/wp-content\\\/uploads\\\/2022\\\/08\\\/IAAKGHT4000III.jpg\",\"width\":1200,\"height\":1200},{\"@type\":\"BreadcrumbList\",\"@id\":\"https:\\\/\\\/www.mexicanguitarplayers.com\\\/tienda\\\/audio\\\/microfonia\\\/microfonos-inalambricos\\\/transmisores-y-receptores\\\/transmisor-akg-de-mano-ht4000-bandiii\\\/#breadcrumb\",\"itemListElement\":[{\"@type\":\"ListItem\",\"position\":1,\"name\":\"Portada\",\"item\":\"https:\\\/\\\/www.mexicanguitarplayers.com\\\/\"},{\"@type\":\"ListItem\",\"position\":2,\"name\":\"Tienda\",\"item\":\"https:\\\/\\\/www.mexicanguitarplayers.com\\\/tienda\\\/\"},{\"@type\":\"ListItem\",\"position\":3,\"name\":\"TRANSMISOR AKG DE MANO HT4000 BANDIII\"}]},{\"@type\":\"WebSite\",\"@id\":\"https:\\\/\\\/www.mexicanguitarplayers.com\\\/#website\",\"url\":\"https:\\\/\\\/www.mexicanguitarplayers.com\\\/\",\"name\":\"Mexican Guitar Players\",\"description\":\"Website\",\"publisher\":{\"@id\":\"https:\\\/\\\/www.mexicanguitarplayers.com\\\/#organization\"},\"potentialAction\":[{\"@type\":\"SearchAction\",\"target\":{\"@type\":\"EntryPoint\",\"urlTemplate\":\"https:\\\/\\\/www.mexicanguitarplayers.com\\\/?s={search_term_string}\"},\"query-input\":{\"@type\":\"PropertyValueSpecification\",\"valueRequired\":true,\"valueName\":\"search_term_string\"}}],\"inLanguage\":\"en-US\"},{\"@type\":\"Organization\",\"@id\":\"https:\\\/\\\/www.mexicanguitarplayers.com\\\/#organization\",\"name\":\"Mexican Guitar Players\",\"url\":\"https:\\\/\\\/www.mexicanguitarplayers.com\\\/\",\"logo\":{\"@type\":\"ImageObject\",\"inLanguage\":\"en-US\",\"@id\":\"https:\\\/\\\/www.mexicanguitarplayers.com\\\/#\\\/schema\\\/logo\\\/image\\\/\",\"url\":\"\",\"contentUrl\":\"\",\"caption\":\"Mexican Guitar Players\"},\"image\":{\"@id\":\"https:\\\/\\\/www.mexicanguitarplayers.com\\\/#\\\/schema\\\/logo\\\/image\\\/\"}}]}<\/script>\n<!-- \/ Yoast SEO plugin. -->","yoast_head_json":{"title":"TRANSMISOR AKG DE MANO HT4000 BANDIII - Mexican Guitar Players","description":"TRANSMISOR AKG DE MANO HT4000 BANDIII. Transmisor AKG de mano HT4000 BAND III, UHF para usarse con elementos intercambiables de micr\u00f3fono, 30 MHz y hasta 1200 frecuencias seleccionables, 50mW RF de radiaci\u00f3n, opera hasta 15 horas con bater\u00eda, opci\u00f3n sistema de recarga BP4000 concarga completa en 1 hora misma que dura hasta 13 hrs.","robots":{"index":"index","follow":"follow","max-snippet":"max-snippet:-1","max-image-preview":"max-image-preview:large","max-video-preview":"max-video-preview:-1"},"canonical":"https:\/\/www.mexicanguitarplayers.com\/en\/tienda\/audio\/microfonia\/microfonos-inalambricos\/transmisores-y-receptores\/transmisor-akg-de-mano-ht4000-bandiii\/","og_locale":"en_US","og_type":"article","og_title":"TRANSMISOR AKG DE MANO HT4000 BANDIII - Mexican Guitar Players","og_description":"TRANSMISOR AKG DE MANO HT4000 BANDIII. Transmisor AKG de mano HT4000 BAND III, UHF para usarse con elementos intercambiables de micr\u00f3fono, 30 MHz y hasta 1200 frecuencias seleccionables, 50mW RF de radiaci\u00f3n, opera hasta 15 horas con bater\u00eda, opci\u00f3n sistema de recarga BP4000 concarga completa en 1 hora misma que dura hasta 13 hrs.","og_url":"https:\/\/www.mexicanguitarplayers.com\/en\/tienda\/audio\/microfonia\/microfonos-inalambricos\/transmisores-y-receptores\/transmisor-akg-de-mano-ht4000-bandiii\/","og_site_name":"Mexican Guitar Players","article_modified_time":"2026-04-10T11:08:49+00:00","og_image":[{"width":1200,"height":1200,"url":"https:\/\/www.mexicanguitarplayers.com\/wp-content\/uploads\/2022\/08\/IAAKGHT4000III.jpg","type":"image\/jpeg"}],"twitter_card":"summary_large_image","schema":{"@context":"https:\/\/schema.org","@graph":[{"@type":["WebPage","ItemPage"],"@id":"https:\/\/www.mexicanguitarplayers.com\/tienda\/audio\/microfonia\/microfonos-inalambricos\/transmisores-y-receptores\/transmisor-akg-de-mano-ht4000-bandiii\/","url":"https:\/\/www.mexicanguitarplayers.com\/tienda\/audio\/microfonia\/microfonos-inalambricos\/transmisores-y-receptores\/transmisor-akg-de-mano-ht4000-bandiii\/","name":"TRANSMISOR AKG DE MANO HT4000 BANDIII - Mexican Guitar Players","isPartOf":{"@id":"https:\/\/www.mexicanguitarplayers.com\/#website"},"primaryImageOfPage":{"@id":"https:\/\/www.mexicanguitarplayers.com\/tienda\/audio\/microfonia\/microfonos-inalambricos\/transmisores-y-receptores\/transmisor-akg-de-mano-ht4000-bandiii\/#primaryimage"},"image":{"@id":"https:\/\/www.mexicanguitarplayers.com\/tienda\/audio\/microfonia\/microfonos-inalambricos\/transmisores-y-receptores\/transmisor-akg-de-mano-ht4000-bandiii\/#primaryimage"},"thumbnailUrl":"https:\/\/www.mexicanguitarplayers.com\/wp-content\/uploads\/2022\/08\/IAAKGHT4000III.jpg","datePublished":"2022-08-18T20:43:21+00:00","dateModified":"2026-04-10T11:08:49+00:00","description":"TRANSMISOR AKG DE MANO HT4000 BANDIII. Transmisor AKG de mano HT4000 BAND III, UHF para usarse con elementos intercambiables de micr\u00f3fono, 30 MHz y hasta 1200 frecuencias seleccionables, 50mW RF de radiaci\u00f3n, opera hasta 15 horas con bater\u00eda, opci\u00f3n sistema de recarga BP4000 concarga completa en 1 hora misma que dura hasta 13 hrs.","breadcrumb":{"@id":"https:\/\/www.mexicanguitarplayers.com\/tienda\/audio\/microfonia\/microfonos-inalambricos\/transmisores-y-receptores\/transmisor-akg-de-mano-ht4000-bandiii\/#breadcrumb"},"inLanguage":"en-US","potentialAction":[{"@type":"ReadAction","target":["https:\/\/www.mexicanguitarplayers.com\/tienda\/audio\/microfonia\/microfonos-inalambricos\/transmisores-y-receptores\/transmisor-akg-de-mano-ht4000-bandiii\/"]}]},{"@type":"ImageObject","inLanguage":"en-US","@id":"https:\/\/www.mexicanguitarplayers.com\/tienda\/audio\/microfonia\/microfonos-inalambricos\/transmisores-y-receptores\/transmisor-akg-de-mano-ht4000-bandiii\/#primaryimage","url":"https:\/\/www.mexicanguitarplayers.com\/wp-content\/uploads\/2022\/08\/IAAKGHT4000III.jpg","contentUrl":"https:\/\/www.mexicanguitarplayers.com\/wp-content\/uploads\/2022\/08\/IAAKGHT4000III.jpg","width":1200,"height":1200},{"@type":"BreadcrumbList","@id":"https:\/\/www.mexicanguitarplayers.com\/tienda\/audio\/microfonia\/microfonos-inalambricos\/transmisores-y-receptores\/transmisor-akg-de-mano-ht4000-bandiii\/#breadcrumb","itemListElement":[{"@type":"ListItem","position":1,"name":"Portada","item":"https:\/\/www.mexicanguitarplayers.com\/"},{"@type":"ListItem","position":2,"name":"Tienda","item":"https:\/\/www.mexicanguitarplayers.com\/tienda\/"},{"@type":"ListItem","position":3,"name":"TRANSMISOR AKG DE MANO HT4000 BANDIII"}]},{"@type":"WebSite","@id":"https:\/\/www.mexicanguitarplayers.com\/#website","url":"https:\/\/www.mexicanguitarplayers.com\/","name":"Mexican Guitar Players","description":"Website","publisher":{"@id":"https:\/\/www.mexicanguitarplayers.com\/#organization"},"potentialAction":[{"@type":"SearchAction","target":{"@type":"EntryPoint","urlTemplate":"https:\/\/www.mexicanguitarplayers.com\/?s={search_term_string}"},"query-input":{"@type":"PropertyValueSpecification","valueRequired":true,"valueName":"search_term_string"}}],"inLanguage":"en-US"},{"@type":"Organization","@id":"https:\/\/www.mexicanguitarplayers.com\/#organization","name":"Mexican Guitar Players","url":"https:\/\/www.mexicanguitarplayers.com\/","logo":{"@type":"ImageObject","inLanguage":"en-US","@id":"https:\/\/www.mexicanguitarplayers.com\/#\/schema\/logo\/image\/","url":"","contentUrl":"","caption":"Mexican Guitar Players"},"image":{"@id":"https:\/\/www.mexicanguitarplayers.com\/#\/schema\/logo\/image\/"}}]}},"brands":[{"id":528,"name":"AKG","slug":"akg"}],"_links":{"self":[{"href":"https:\/\/www.mexicanguitarplayers.com\/en\/wp-json\/wp\/v2\/product\/14790","targetHints":{"allow":["GET"]}}],"collection":[{"href":"https:\/\/www.mexicanguitarplayers.com\/en\/wp-json\/wp\/v2\/product"}],"about":[{"href":"https:\/\/www.mexicanguitarplayers.com\/en\/wp-json\/wp\/v2\/types\/product"}],"replies":[{"embeddable":true,"href":"https:\/\/www.mexicanguitarplayers.com\/en\/wp-json\/wp\/v2\/comments?post=14790"}],"wp:featuredmedia":[{"embeddable":true,"href":"https:\/\/www.mexicanguitarplayers.com\/en\/wp-json\/wp\/v2\/media\/14789"}],"wp:attachment":[{"href":"https:\/\/www.mexicanguitarplayers.com\/en\/wp-json\/wp\/v2\/media?parent=14790"}],"wp:term":[{"taxonomy":"pwb-brand","embeddable":true,"href":"https:\/\/www.mexicanguitarplayers.com\/en\/wp-json\/wp\/v2\/pwb-brand?post=14790"},{"taxonomy":"product_brand","embeddable":true,"href":"https:\/\/www.mexicanguitarplayers.com\/en\/wp-json\/wp\/v2\/product_brand?post=14790"},{"taxonomy":"product_cat","embeddable":true,"href":"https:\/\/www.mexicanguitarplayers.com\/en\/wp-json\/wp\/v2\/product_cat?post=14790"},{"taxonomy":"product_tag","embeddable":true,"href":"https:\/\/www.mexicanguitarplayers.com\/en\/wp-json\/wp\/v2\/product_tag?post=14790"}],"curies":[{"name":"wp","href":"https:\/\/api.w.org\/{rel}","templated":true}]}}