{"id":14797,"date":"2022-08-18T15:43:29","date_gmt":"2022-08-18T20:43:29","guid":{"rendered":"https:\/\/www.mexicanguitarplayers.com\/tienda\/sin%20categor\u00eda\/transmisor-akg-micropen-mp40-kr3\/"},"modified":"2026-01-22T04:30:19","modified_gmt":"2026-01-22T10:30:19","slug":"transmisor-akg-micropen-mp40-kr3","status":"publish","type":"product","link":"https:\/\/www.mexicanguitarplayers.com\/en\/tienda\/audio\/microfonia\/microfonos-inalambricos\/transmisores-y-receptores\/transmisor-akg-micropen-mp40-kr3\/","title":{"rendered":"AKG MICROPEN MP40 KR3 TRANSMITTER"},"content":{"rendered":"<div style=\"text-align: justify\">\n<div>\n<h3>AKG MICROPEN MP40 KR3 TRANSMITTER<\/h3>\n<\/div>\n<div>AKG Micropen transmitter. Model: MP40 KR3. Miniature transmitter with a detachable C407 decondenser microphone with omnidirectional characteristic. The transmitter has been specially developed for speech transmission in combination with the receivers of the AKG WMS 40 system. The MP40 Micropen works with a UHF frequency of 710 to 865 MHz and integrated dipole antenna in the box. KR3 745.650MHz.<\/div>\n<\/div>","protected":false},"excerpt":{"rendered":"<p>Transmisor AKG Micropen. Modelo: MP40 KR3. Emisor miniatura con un micr\u00f3fono decondensador C407 desmontable y con caracter\u00edstica omnidireccional. El emisor hasido desarrollado especialmente para la transmisi\u00f3n de palabra en combinaci\u00f3n con los receptores del sistema WMS 40 de AKG. El MP40 Micropen funciona con una frecuencia UHF de 710 a 865 MHz y  antena dipolo integrada en la caja. KR3 745.650MHz.&hellip; <a class=\"kt-excerpt-readmore more-link\" href=\"https:\/\/www.mexicanguitarplayers.com\/en\/tienda\/audio\/microfonia\/microfonos-inalambricos\/transmisores-y-receptores\/transmisor-akg-micropen-mp40-kr3\/\">Read more<\/a><\/p>","protected":false},"featured_media":14795,"comment_status":"open","ping_status":"closed","template":"","meta":{"kt_blocks_editor_width":""},"pwb-brand":[528],"product_brand":[],"product_cat":[213,214,231,238],"product_tag":[],"class_list":{"0":"post-14797","1":"product","2":"type-product","3":"status-publish","4":"has-post-thumbnail","6":"pwb-brand-akg","7":"product_cat-audio","8":"product_cat-microfonia","9":"product_cat-microfonos-inalambricos","10":"product_cat-transmisores-y-receptores","11":"product_shipping_class-0-5-kg","13":"first","14":"instock","15":"taxable","16":"shipping-taxable","17":"purchasable","18":"product-type-simple"},"yoast_head":"<!-- This site is optimized with the Yoast SEO plugin v27.3 - https:\/\/yoast.com\/product\/yoast-seo-wordpress\/ -->\n<title>TRANSMISOR AKG MICROPEN MP40 KR3 - Mexican Guitar Players<\/title>\n<meta name=\"description\" content=\"TRANSMISOR AKG MICROPEN MP40 KR3. Transmisor AKG Micropen. Modelo: MP40 KR3. Emisor miniatura con un micr\u00f3fono decondensador C407 desmontable y con caracter\u00edstica omnidireccional. El emisor hasido desarrollado especialmente para la transmisi\u00f3n de palabra en combinaci\u00f3n con los receptores del sistema WMS 40 de AKG. El MP40 Micropen funciona con una frecuencia UHF de 710 a 865 MHz y antena dipolo integrada en la caja. KR3 745.650MHz.\" \/>\n<meta name=\"robots\" content=\"index, follow, max-snippet:-1, max-image-preview:large, max-video-preview:-1\" \/>\n<link rel=\"canonical\" href=\"https:\/\/www.mexicanguitarplayers.com\/en\/tienda\/audio\/microfonia\/microfonos-inalambricos\/transmisores-y-receptores\/transmisor-akg-micropen-mp40-kr3\/\" \/>\n<meta property=\"og:locale\" content=\"en_US\" \/>\n<meta property=\"og:type\" content=\"article\" \/>\n<meta property=\"og:title\" content=\"TRANSMISOR AKG MICROPEN MP40 KR3 - Mexican Guitar Players\" \/>\n<meta property=\"og:description\" content=\"TRANSMISOR AKG MICROPEN MP40 KR3. Transmisor AKG Micropen. Modelo: MP40 KR3. Emisor miniatura con un micr\u00f3fono decondensador C407 desmontable y con caracter\u00edstica omnidireccional. El emisor hasido desarrollado especialmente para la transmisi\u00f3n de palabra en combinaci\u00f3n con los receptores del sistema WMS 40 de AKG. El MP40 Micropen funciona con una frecuencia UHF de 710 a 865 MHz y antena dipolo integrada en la caja. KR3 745.650MHz.\" \/>\n<meta property=\"og:url\" content=\"https:\/\/www.mexicanguitarplayers.com\/en\/tienda\/audio\/microfonia\/microfonos-inalambricos\/transmisores-y-receptores\/transmisor-akg-micropen-mp40-kr3\/\" \/>\n<meta property=\"og:site_name\" content=\"Mexican Guitar Players\" \/>\n<meta property=\"article:modified_time\" content=\"2026-01-22T10:30:19+00:00\" \/>\n<meta property=\"og:image\" content=\"https:\/\/www.mexicanguitarplayers.com\/wp-content\/uploads\/2022\/08\/IAAKGMP40KR3.jpg\" \/>\n\t<meta property=\"og:image:width\" content=\"1200\" \/>\n\t<meta property=\"og:image:height\" content=\"1200\" \/>\n\t<meta property=\"og:image:type\" content=\"image\/jpeg\" \/>\n<meta name=\"twitter:card\" content=\"summary_large_image\" \/>\n<script type=\"application\/ld+json\" class=\"yoast-schema-graph\">{\"@context\":\"https:\\\/\\\/schema.org\",\"@graph\":[{\"@type\":[\"WebPage\",\"ItemPage\"],\"@id\":\"https:\\\/\\\/www.mexicanguitarplayers.com\\\/tienda\\\/audio\\\/microfonia\\\/microfonos-inalambricos\\\/transmisores-y-receptores\\\/transmisor-akg-micropen-mp40-kr3\\\/\",\"url\":\"https:\\\/\\\/www.mexicanguitarplayers.com\\\/tienda\\\/audio\\\/microfonia\\\/microfonos-inalambricos\\\/transmisores-y-receptores\\\/transmisor-akg-micropen-mp40-kr3\\\/\",\"name\":\"TRANSMISOR AKG MICROPEN MP40 KR3 - Mexican Guitar Players\",\"isPartOf\":{\"@id\":\"https:\\\/\\\/www.mexicanguitarplayers.com\\\/#website\"},\"primaryImageOfPage\":{\"@id\":\"https:\\\/\\\/www.mexicanguitarplayers.com\\\/tienda\\\/audio\\\/microfonia\\\/microfonos-inalambricos\\\/transmisores-y-receptores\\\/transmisor-akg-micropen-mp40-kr3\\\/#primaryimage\"},\"image\":{\"@id\":\"https:\\\/\\\/www.mexicanguitarplayers.com\\\/tienda\\\/audio\\\/microfonia\\\/microfonos-inalambricos\\\/transmisores-y-receptores\\\/transmisor-akg-micropen-mp40-kr3\\\/#primaryimage\"},\"thumbnailUrl\":\"https:\\\/\\\/www.mexicanguitarplayers.com\\\/wp-content\\\/uploads\\\/2022\\\/08\\\/IAAKGMP40KR3.jpg\",\"datePublished\":\"2022-08-18T20:43:29+00:00\",\"dateModified\":\"2026-01-22T10:30:19+00:00\",\"description\":\"TRANSMISOR AKG MICROPEN MP40 KR3. Transmisor AKG Micropen. Modelo: MP40 KR3. Emisor miniatura con un micr\u00f3fono decondensador C407 desmontable y con caracter\u00edstica omnidireccional. El emisor hasido desarrollado especialmente para la transmisi\u00f3n de palabra en combinaci\u00f3n con los receptores del sistema WMS 40 de AKG. El MP40 Micropen funciona con una frecuencia UHF de 710 a 865 MHz y antena dipolo integrada en la caja. KR3 745.650MHz.\",\"breadcrumb\":{\"@id\":\"https:\\\/\\\/www.mexicanguitarplayers.com\\\/tienda\\\/audio\\\/microfonia\\\/microfonos-inalambricos\\\/transmisores-y-receptores\\\/transmisor-akg-micropen-mp40-kr3\\\/#breadcrumb\"},\"inLanguage\":\"en-US\",\"potentialAction\":[{\"@type\":\"ReadAction\",\"target\":[\"https:\\\/\\\/www.mexicanguitarplayers.com\\\/tienda\\\/audio\\\/microfonia\\\/microfonos-inalambricos\\\/transmisores-y-receptores\\\/transmisor-akg-micropen-mp40-kr3\\\/\"]}]},{\"@type\":\"ImageObject\",\"inLanguage\":\"en-US\",\"@id\":\"https:\\\/\\\/www.mexicanguitarplayers.com\\\/tienda\\\/audio\\\/microfonia\\\/microfonos-inalambricos\\\/transmisores-y-receptores\\\/transmisor-akg-micropen-mp40-kr3\\\/#primaryimage\",\"url\":\"https:\\\/\\\/www.mexicanguitarplayers.com\\\/wp-content\\\/uploads\\\/2022\\\/08\\\/IAAKGMP40KR3.jpg\",\"contentUrl\":\"https:\\\/\\\/www.mexicanguitarplayers.com\\\/wp-content\\\/uploads\\\/2022\\\/08\\\/IAAKGMP40KR3.jpg\",\"width\":1200,\"height\":1200},{\"@type\":\"BreadcrumbList\",\"@id\":\"https:\\\/\\\/www.mexicanguitarplayers.com\\\/tienda\\\/audio\\\/microfonia\\\/microfonos-inalambricos\\\/transmisores-y-receptores\\\/transmisor-akg-micropen-mp40-kr3\\\/#breadcrumb\",\"itemListElement\":[{\"@type\":\"ListItem\",\"position\":1,\"name\":\"Portada\",\"item\":\"https:\\\/\\\/www.mexicanguitarplayers.com\\\/\"},{\"@type\":\"ListItem\",\"position\":2,\"name\":\"Tienda\",\"item\":\"https:\\\/\\\/www.mexicanguitarplayers.com\\\/tienda\\\/\"},{\"@type\":\"ListItem\",\"position\":3,\"name\":\"TRANSMISOR AKG MICROPEN MP40 KR3\"}]},{\"@type\":\"WebSite\",\"@id\":\"https:\\\/\\\/www.mexicanguitarplayers.com\\\/#website\",\"url\":\"https:\\\/\\\/www.mexicanguitarplayers.com\\\/\",\"name\":\"Mexican Guitar Players\",\"description\":\"Website\",\"publisher\":{\"@id\":\"https:\\\/\\\/www.mexicanguitarplayers.com\\\/#organization\"},\"potentialAction\":[{\"@type\":\"SearchAction\",\"target\":{\"@type\":\"EntryPoint\",\"urlTemplate\":\"https:\\\/\\\/www.mexicanguitarplayers.com\\\/?s={search_term_string}\"},\"query-input\":{\"@type\":\"PropertyValueSpecification\",\"valueRequired\":true,\"valueName\":\"search_term_string\"}}],\"inLanguage\":\"en-US\"},{\"@type\":\"Organization\",\"@id\":\"https:\\\/\\\/www.mexicanguitarplayers.com\\\/#organization\",\"name\":\"Mexican Guitar Players\",\"url\":\"https:\\\/\\\/www.mexicanguitarplayers.com\\\/\",\"logo\":{\"@type\":\"ImageObject\",\"inLanguage\":\"en-US\",\"@id\":\"https:\\\/\\\/www.mexicanguitarplayers.com\\\/#\\\/schema\\\/logo\\\/image\\\/\",\"url\":\"\",\"contentUrl\":\"\",\"caption\":\"Mexican Guitar Players\"},\"image\":{\"@id\":\"https:\\\/\\\/www.mexicanguitarplayers.com\\\/#\\\/schema\\\/logo\\\/image\\\/\"}}]}<\/script>\n<!-- \/ Yoast SEO plugin. -->","yoast_head_json":{"title":"TRANSMISOR AKG MICROPEN MP40 KR3 - Mexican Guitar Players","description":"TRANSMISOR AKG MICROPEN MP40 KR3. Transmisor AKG Micropen. Modelo: MP40 KR3. Emisor miniatura con un micr\u00f3fono decondensador C407 desmontable y con caracter\u00edstica omnidireccional. El emisor hasido desarrollado especialmente para la transmisi\u00f3n de palabra en combinaci\u00f3n con los receptores del sistema WMS 40 de AKG. El MP40 Micropen funciona con una frecuencia UHF de 710 a 865 MHz y antena dipolo integrada en la caja. KR3 745.650MHz.","robots":{"index":"index","follow":"follow","max-snippet":"max-snippet:-1","max-image-preview":"max-image-preview:large","max-video-preview":"max-video-preview:-1"},"canonical":"https:\/\/www.mexicanguitarplayers.com\/en\/tienda\/audio\/microfonia\/microfonos-inalambricos\/transmisores-y-receptores\/transmisor-akg-micropen-mp40-kr3\/","og_locale":"en_US","og_type":"article","og_title":"TRANSMISOR AKG MICROPEN MP40 KR3 - Mexican Guitar Players","og_description":"TRANSMISOR AKG MICROPEN MP40 KR3. Transmisor AKG Micropen. Modelo: MP40 KR3. Emisor miniatura con un micr\u00f3fono decondensador C407 desmontable y con caracter\u00edstica omnidireccional. El emisor hasido desarrollado especialmente para la transmisi\u00f3n de palabra en combinaci\u00f3n con los receptores del sistema WMS 40 de AKG. El MP40 Micropen funciona con una frecuencia UHF de 710 a 865 MHz y antena dipolo integrada en la caja. KR3 745.650MHz.","og_url":"https:\/\/www.mexicanguitarplayers.com\/en\/tienda\/audio\/microfonia\/microfonos-inalambricos\/transmisores-y-receptores\/transmisor-akg-micropen-mp40-kr3\/","og_site_name":"Mexican Guitar Players","article_modified_time":"2026-01-22T10:30:19+00:00","og_image":[{"width":1200,"height":1200,"url":"https:\/\/www.mexicanguitarplayers.com\/wp-content\/uploads\/2022\/08\/IAAKGMP40KR3.jpg","type":"image\/jpeg"}],"twitter_card":"summary_large_image","schema":{"@context":"https:\/\/schema.org","@graph":[{"@type":["WebPage","ItemPage"],"@id":"https:\/\/www.mexicanguitarplayers.com\/tienda\/audio\/microfonia\/microfonos-inalambricos\/transmisores-y-receptores\/transmisor-akg-micropen-mp40-kr3\/","url":"https:\/\/www.mexicanguitarplayers.com\/tienda\/audio\/microfonia\/microfonos-inalambricos\/transmisores-y-receptores\/transmisor-akg-micropen-mp40-kr3\/","name":"TRANSMISOR AKG MICROPEN MP40 KR3 - Mexican Guitar Players","isPartOf":{"@id":"https:\/\/www.mexicanguitarplayers.com\/#website"},"primaryImageOfPage":{"@id":"https:\/\/www.mexicanguitarplayers.com\/tienda\/audio\/microfonia\/microfonos-inalambricos\/transmisores-y-receptores\/transmisor-akg-micropen-mp40-kr3\/#primaryimage"},"image":{"@id":"https:\/\/www.mexicanguitarplayers.com\/tienda\/audio\/microfonia\/microfonos-inalambricos\/transmisores-y-receptores\/transmisor-akg-micropen-mp40-kr3\/#primaryimage"},"thumbnailUrl":"https:\/\/www.mexicanguitarplayers.com\/wp-content\/uploads\/2022\/08\/IAAKGMP40KR3.jpg","datePublished":"2022-08-18T20:43:29+00:00","dateModified":"2026-01-22T10:30:19+00:00","description":"TRANSMISOR AKG MICROPEN MP40 KR3. Transmisor AKG Micropen. Modelo: MP40 KR3. Emisor miniatura con un micr\u00f3fono decondensador C407 desmontable y con caracter\u00edstica omnidireccional. El emisor hasido desarrollado especialmente para la transmisi\u00f3n de palabra en combinaci\u00f3n con los receptores del sistema WMS 40 de AKG. El MP40 Micropen funciona con una frecuencia UHF de 710 a 865 MHz y antena dipolo integrada en la caja. KR3 745.650MHz.","breadcrumb":{"@id":"https:\/\/www.mexicanguitarplayers.com\/tienda\/audio\/microfonia\/microfonos-inalambricos\/transmisores-y-receptores\/transmisor-akg-micropen-mp40-kr3\/#breadcrumb"},"inLanguage":"en-US","potentialAction":[{"@type":"ReadAction","target":["https:\/\/www.mexicanguitarplayers.com\/tienda\/audio\/microfonia\/microfonos-inalambricos\/transmisores-y-receptores\/transmisor-akg-micropen-mp40-kr3\/"]}]},{"@type":"ImageObject","inLanguage":"en-US","@id":"https:\/\/www.mexicanguitarplayers.com\/tienda\/audio\/microfonia\/microfonos-inalambricos\/transmisores-y-receptores\/transmisor-akg-micropen-mp40-kr3\/#primaryimage","url":"https:\/\/www.mexicanguitarplayers.com\/wp-content\/uploads\/2022\/08\/IAAKGMP40KR3.jpg","contentUrl":"https:\/\/www.mexicanguitarplayers.com\/wp-content\/uploads\/2022\/08\/IAAKGMP40KR3.jpg","width":1200,"height":1200},{"@type":"BreadcrumbList","@id":"https:\/\/www.mexicanguitarplayers.com\/tienda\/audio\/microfonia\/microfonos-inalambricos\/transmisores-y-receptores\/transmisor-akg-micropen-mp40-kr3\/#breadcrumb","itemListElement":[{"@type":"ListItem","position":1,"name":"Portada","item":"https:\/\/www.mexicanguitarplayers.com\/"},{"@type":"ListItem","position":2,"name":"Tienda","item":"https:\/\/www.mexicanguitarplayers.com\/tienda\/"},{"@type":"ListItem","position":3,"name":"TRANSMISOR AKG MICROPEN MP40 KR3"}]},{"@type":"WebSite","@id":"https:\/\/www.mexicanguitarplayers.com\/#website","url":"https:\/\/www.mexicanguitarplayers.com\/","name":"Mexican Guitar Players","description":"Website","publisher":{"@id":"https:\/\/www.mexicanguitarplayers.com\/#organization"},"potentialAction":[{"@type":"SearchAction","target":{"@type":"EntryPoint","urlTemplate":"https:\/\/www.mexicanguitarplayers.com\/?s={search_term_string}"},"query-input":{"@type":"PropertyValueSpecification","valueRequired":true,"valueName":"search_term_string"}}],"inLanguage":"en-US"},{"@type":"Organization","@id":"https:\/\/www.mexicanguitarplayers.com\/#organization","name":"Mexican Guitar Players","url":"https:\/\/www.mexicanguitarplayers.com\/","logo":{"@type":"ImageObject","inLanguage":"en-US","@id":"https:\/\/www.mexicanguitarplayers.com\/#\/schema\/logo\/image\/","url":"","contentUrl":"","caption":"Mexican Guitar Players"},"image":{"@id":"https:\/\/www.mexicanguitarplayers.com\/#\/schema\/logo\/image\/"}}]}},"brands":[{"id":528,"name":"AKG","slug":"akg"}],"_links":{"self":[{"href":"https:\/\/www.mexicanguitarplayers.com\/en\/wp-json\/wp\/v2\/product\/14797","targetHints":{"allow":["GET"]}}],"collection":[{"href":"https:\/\/www.mexicanguitarplayers.com\/en\/wp-json\/wp\/v2\/product"}],"about":[{"href":"https:\/\/www.mexicanguitarplayers.com\/en\/wp-json\/wp\/v2\/types\/product"}],"replies":[{"embeddable":true,"href":"https:\/\/www.mexicanguitarplayers.com\/en\/wp-json\/wp\/v2\/comments?post=14797"}],"wp:featuredmedia":[{"embeddable":true,"href":"https:\/\/www.mexicanguitarplayers.com\/en\/wp-json\/wp\/v2\/media\/14795"}],"wp:attachment":[{"href":"https:\/\/www.mexicanguitarplayers.com\/en\/wp-json\/wp\/v2\/media?parent=14797"}],"wp:term":[{"taxonomy":"pwb-brand","embeddable":true,"href":"https:\/\/www.mexicanguitarplayers.com\/en\/wp-json\/wp\/v2\/pwb-brand?post=14797"},{"taxonomy":"product_brand","embeddable":true,"href":"https:\/\/www.mexicanguitarplayers.com\/en\/wp-json\/wp\/v2\/product_brand?post=14797"},{"taxonomy":"product_cat","embeddable":true,"href":"https:\/\/www.mexicanguitarplayers.com\/en\/wp-json\/wp\/v2\/product_cat?post=14797"},{"taxonomy":"product_tag","embeddable":true,"href":"https:\/\/www.mexicanguitarplayers.com\/en\/wp-json\/wp\/v2\/product_tag?post=14797"}],"curies":[{"name":"wp","href":"https:\/\/api.w.org\/{rel}","templated":true}]}}