{"id":14803,"date":"2022-08-18T15:43:38","date_gmt":"2022-08-18T20:43:38","guid":{"rendered":"https:\/\/www.mexicanguitarplayers.com\/tienda\/sin%20categor\u00eda\/transmisor-akg-micropen-mp40-us58\/"},"modified":"2026-04-10T05:08:47","modified_gmt":"2026-04-10T11:08:47","slug":"transmisor-akg-micropen-mp40-us58","status":"publish","type":"product","link":"https:\/\/www.mexicanguitarplayers.com\/en\/tienda\/audio\/microfonia\/microfonos-inalambricos\/transmisores-y-receptores\/transmisor-akg-micropen-mp40-us58\/","title":{"rendered":"AKG MICROPEN MP40 US58 TRANSMITTER"},"content":{"rendered":"<div style=\"text-align: justify\">\n<div>\n<h3>AKG MICROPEN MP40 US58 TRANSMITTER<\/h3>\n<\/div>\n<div>AKG Micropen transmitter. Model: MP40 US58. Miniature transmitter with a detachable C407 decondenser microphone with omnidirectional characteristic. The transmitter has been specially developed for speech transmission in combination with the receivers of the AKG WMS 40 system. The MP40 Micropen works with a UHF frequency from 710 to 865 MHz and with a dipole antenna built into the box. US58 734.600MHz<\/div>\n<\/div>","protected":false},"excerpt":{"rendered":"<p>Transmisor AKG Micropen. Modelo: MP40 US58. Emisor miniatura con un micr\u00f3fono decondensador C407 desmontable y con caracter\u00edstica omnidireccional. El emisor hasido desarrollado especialmente para la transmisi\u00f3n de palabra en combinaci\u00f3n con los receptores del sistema WMS 40 de AKG. El MP40 Micropen funciona con una frecuencia UHF de 710 a 865 MHz y a antena dipolo integrada en la caja. US58 734.600 MHz.&hellip; <a class=\"kt-excerpt-readmore more-link\" href=\"https:\/\/www.mexicanguitarplayers.com\/en\/tienda\/audio\/microfonia\/microfonos-inalambricos\/transmisores-y-receptores\/transmisor-akg-micropen-mp40-us58\/\">Read more<\/a><\/p>","protected":false},"featured_media":14801,"comment_status":"open","ping_status":"closed","template":"","meta":{"kt_blocks_editor_width":""},"pwb-brand":[528],"product_brand":[],"product_cat":[213,214,231,238],"product_tag":[],"class_list":{"0":"post-14803","1":"product","2":"type-product","3":"status-publish","4":"has-post-thumbnail","6":"pwb-brand-akg","7":"product_cat-audio","8":"product_cat-microfonia","9":"product_cat-microfonos-inalambricos","10":"product_cat-transmisores-y-receptores","11":"product_shipping_class-0-5-kg","13":"first","14":"instock","15":"taxable","16":"shipping-taxable","17":"purchasable","18":"product-type-simple"},"yoast_head":"<!-- This site is optimized with the Yoast SEO plugin v27.5 - https:\/\/yoast.com\/product\/yoast-seo-wordpress\/ -->\n<title>TRANSMISOR AKG MICROPEN MP40 US58 - Mexican Guitar Players<\/title>\n<meta name=\"description\" content=\"TRANSMISOR AKG MICROPEN MP40 US58. Transmisor AKG Micropen. Modelo: MP40 US58. Emisor miniatura con un micr\u00f3fono decondensador C407 desmontable y con caracter\u00edstica omnidireccional. El emisor hasido desarrollado especialmente para la transmisi\u00f3n de palabra en combinaci\u00f3n con los receptores del sistema WMS 40 de AKG. El MP40 Micropen funciona con una frecuencia UHF de 710 a 865 MHz y a antena dipolo integrada en la caja. US58 734.600 MHz.\" \/>\n<meta name=\"robots\" content=\"index, follow, max-snippet:-1, max-image-preview:large, max-video-preview:-1\" \/>\n<link rel=\"canonical\" href=\"https:\/\/www.mexicanguitarplayers.com\/en\/tienda\/audio\/microfonia\/microfonos-inalambricos\/transmisores-y-receptores\/transmisor-akg-micropen-mp40-us58\/\" \/>\n<meta property=\"og:locale\" content=\"en_US\" \/>\n<meta property=\"og:type\" content=\"article\" \/>\n<meta property=\"og:title\" content=\"TRANSMISOR AKG MICROPEN MP40 US58 - Mexican Guitar Players\" \/>\n<meta property=\"og:description\" content=\"TRANSMISOR AKG MICROPEN MP40 US58. Transmisor AKG Micropen. Modelo: MP40 US58. Emisor miniatura con un micr\u00f3fono decondensador C407 desmontable y con caracter\u00edstica omnidireccional. El emisor hasido desarrollado especialmente para la transmisi\u00f3n de palabra en combinaci\u00f3n con los receptores del sistema WMS 40 de AKG. El MP40 Micropen funciona con una frecuencia UHF de 710 a 865 MHz y a antena dipolo integrada en la caja. US58 734.600 MHz.\" \/>\n<meta property=\"og:url\" content=\"https:\/\/www.mexicanguitarplayers.com\/en\/tienda\/audio\/microfonia\/microfonos-inalambricos\/transmisores-y-receptores\/transmisor-akg-micropen-mp40-us58\/\" \/>\n<meta property=\"og:site_name\" content=\"Mexican Guitar Players\" \/>\n<meta property=\"article:modified_time\" content=\"2026-04-10T11:08:47+00:00\" \/>\n<meta property=\"og:image\" content=\"https:\/\/www.mexicanguitarplayers.com\/wp-content\/uploads\/2022\/08\/IAAKGMP40U58.jpg\" \/>\n\t<meta property=\"og:image:width\" content=\"1200\" \/>\n\t<meta property=\"og:image:height\" content=\"1200\" \/>\n\t<meta property=\"og:image:type\" content=\"image\/jpeg\" \/>\n<meta name=\"twitter:card\" content=\"summary_large_image\" \/>\n<script type=\"application\/ld+json\" class=\"yoast-schema-graph\">{\"@context\":\"https:\\\/\\\/schema.org\",\"@graph\":[{\"@type\":[\"WebPage\",\"ItemPage\"],\"@id\":\"https:\\\/\\\/www.mexicanguitarplayers.com\\\/tienda\\\/audio\\\/microfonia\\\/microfonos-inalambricos\\\/transmisores-y-receptores\\\/transmisor-akg-micropen-mp40-us58\\\/\",\"url\":\"https:\\\/\\\/www.mexicanguitarplayers.com\\\/tienda\\\/audio\\\/microfonia\\\/microfonos-inalambricos\\\/transmisores-y-receptores\\\/transmisor-akg-micropen-mp40-us58\\\/\",\"name\":\"TRANSMISOR AKG MICROPEN MP40 US58 - Mexican Guitar Players\",\"isPartOf\":{\"@id\":\"https:\\\/\\\/www.mexicanguitarplayers.com\\\/#website\"},\"primaryImageOfPage\":{\"@id\":\"https:\\\/\\\/www.mexicanguitarplayers.com\\\/tienda\\\/audio\\\/microfonia\\\/microfonos-inalambricos\\\/transmisores-y-receptores\\\/transmisor-akg-micropen-mp40-us58\\\/#primaryimage\"},\"image\":{\"@id\":\"https:\\\/\\\/www.mexicanguitarplayers.com\\\/tienda\\\/audio\\\/microfonia\\\/microfonos-inalambricos\\\/transmisores-y-receptores\\\/transmisor-akg-micropen-mp40-us58\\\/#primaryimage\"},\"thumbnailUrl\":\"https:\\\/\\\/www.mexicanguitarplayers.com\\\/wp-content\\\/uploads\\\/2022\\\/08\\\/IAAKGMP40U58.jpg\",\"datePublished\":\"2022-08-18T20:43:38+00:00\",\"dateModified\":\"2026-04-10T11:08:47+00:00\",\"description\":\"TRANSMISOR AKG MICROPEN MP40 US58. Transmisor AKG Micropen. Modelo: MP40 US58. Emisor miniatura con un micr\u00f3fono decondensador C407 desmontable y con caracter\u00edstica omnidireccional. El emisor hasido desarrollado especialmente para la transmisi\u00f3n de palabra en combinaci\u00f3n con los receptores del sistema WMS 40 de AKG. El MP40 Micropen funciona con una frecuencia UHF de 710 a 865 MHz y a antena dipolo integrada en la caja. US58 734.600 MHz.\",\"breadcrumb\":{\"@id\":\"https:\\\/\\\/www.mexicanguitarplayers.com\\\/tienda\\\/audio\\\/microfonia\\\/microfonos-inalambricos\\\/transmisores-y-receptores\\\/transmisor-akg-micropen-mp40-us58\\\/#breadcrumb\"},\"inLanguage\":\"en-US\",\"potentialAction\":[{\"@type\":\"ReadAction\",\"target\":[\"https:\\\/\\\/www.mexicanguitarplayers.com\\\/tienda\\\/audio\\\/microfonia\\\/microfonos-inalambricos\\\/transmisores-y-receptores\\\/transmisor-akg-micropen-mp40-us58\\\/\"]}]},{\"@type\":\"ImageObject\",\"inLanguage\":\"en-US\",\"@id\":\"https:\\\/\\\/www.mexicanguitarplayers.com\\\/tienda\\\/audio\\\/microfonia\\\/microfonos-inalambricos\\\/transmisores-y-receptores\\\/transmisor-akg-micropen-mp40-us58\\\/#primaryimage\",\"url\":\"https:\\\/\\\/www.mexicanguitarplayers.com\\\/wp-content\\\/uploads\\\/2022\\\/08\\\/IAAKGMP40U58.jpg\",\"contentUrl\":\"https:\\\/\\\/www.mexicanguitarplayers.com\\\/wp-content\\\/uploads\\\/2022\\\/08\\\/IAAKGMP40U58.jpg\",\"width\":1200,\"height\":1200},{\"@type\":\"BreadcrumbList\",\"@id\":\"https:\\\/\\\/www.mexicanguitarplayers.com\\\/tienda\\\/audio\\\/microfonia\\\/microfonos-inalambricos\\\/transmisores-y-receptores\\\/transmisor-akg-micropen-mp40-us58\\\/#breadcrumb\",\"itemListElement\":[{\"@type\":\"ListItem\",\"position\":1,\"name\":\"Portada\",\"item\":\"https:\\\/\\\/www.mexicanguitarplayers.com\\\/\"},{\"@type\":\"ListItem\",\"position\":2,\"name\":\"Tienda\",\"item\":\"https:\\\/\\\/www.mexicanguitarplayers.com\\\/tienda\\\/\"},{\"@type\":\"ListItem\",\"position\":3,\"name\":\"TRANSMISOR AKG MICROPEN MP40 US58\"}]},{\"@type\":\"WebSite\",\"@id\":\"https:\\\/\\\/www.mexicanguitarplayers.com\\\/#website\",\"url\":\"https:\\\/\\\/www.mexicanguitarplayers.com\\\/\",\"name\":\"Mexican Guitar Players\",\"description\":\"Website\",\"publisher\":{\"@id\":\"https:\\\/\\\/www.mexicanguitarplayers.com\\\/#organization\"},\"potentialAction\":[{\"@type\":\"SearchAction\",\"target\":{\"@type\":\"EntryPoint\",\"urlTemplate\":\"https:\\\/\\\/www.mexicanguitarplayers.com\\\/?s={search_term_string}\"},\"query-input\":{\"@type\":\"PropertyValueSpecification\",\"valueRequired\":true,\"valueName\":\"search_term_string\"}}],\"inLanguage\":\"en-US\"},{\"@type\":\"Organization\",\"@id\":\"https:\\\/\\\/www.mexicanguitarplayers.com\\\/#organization\",\"name\":\"Mexican Guitar Players\",\"url\":\"https:\\\/\\\/www.mexicanguitarplayers.com\\\/\",\"logo\":{\"@type\":\"ImageObject\",\"inLanguage\":\"en-US\",\"@id\":\"https:\\\/\\\/www.mexicanguitarplayers.com\\\/#\\\/schema\\\/logo\\\/image\\\/\",\"url\":\"\",\"contentUrl\":\"\",\"caption\":\"Mexican Guitar Players\"},\"image\":{\"@id\":\"https:\\\/\\\/www.mexicanguitarplayers.com\\\/#\\\/schema\\\/logo\\\/image\\\/\"}}]}<\/script>\n<!-- \/ Yoast SEO plugin. -->","yoast_head_json":{"title":"TRANSMISOR AKG MICROPEN MP40 US58 - Mexican Guitar Players","description":"TRANSMISOR AKG MICROPEN MP40 US58. Transmisor AKG Micropen. Modelo: MP40 US58. Emisor miniatura con un micr\u00f3fono decondensador C407 desmontable y con caracter\u00edstica omnidireccional. El emisor hasido desarrollado especialmente para la transmisi\u00f3n de palabra en combinaci\u00f3n con los receptores del sistema WMS 40 de AKG. El MP40 Micropen funciona con una frecuencia UHF de 710 a 865 MHz y a antena dipolo integrada en la caja. US58 734.600 MHz.","robots":{"index":"index","follow":"follow","max-snippet":"max-snippet:-1","max-image-preview":"max-image-preview:large","max-video-preview":"max-video-preview:-1"},"canonical":"https:\/\/www.mexicanguitarplayers.com\/en\/tienda\/audio\/microfonia\/microfonos-inalambricos\/transmisores-y-receptores\/transmisor-akg-micropen-mp40-us58\/","og_locale":"en_US","og_type":"article","og_title":"TRANSMISOR AKG MICROPEN MP40 US58 - Mexican Guitar Players","og_description":"TRANSMISOR AKG MICROPEN MP40 US58. Transmisor AKG Micropen. Modelo: MP40 US58. Emisor miniatura con un micr\u00f3fono decondensador C407 desmontable y con caracter\u00edstica omnidireccional. El emisor hasido desarrollado especialmente para la transmisi\u00f3n de palabra en combinaci\u00f3n con los receptores del sistema WMS 40 de AKG. El MP40 Micropen funciona con una frecuencia UHF de 710 a 865 MHz y a antena dipolo integrada en la caja. US58 734.600 MHz.","og_url":"https:\/\/www.mexicanguitarplayers.com\/en\/tienda\/audio\/microfonia\/microfonos-inalambricos\/transmisores-y-receptores\/transmisor-akg-micropen-mp40-us58\/","og_site_name":"Mexican Guitar Players","article_modified_time":"2026-04-10T11:08:47+00:00","og_image":[{"width":1200,"height":1200,"url":"https:\/\/www.mexicanguitarplayers.com\/wp-content\/uploads\/2022\/08\/IAAKGMP40U58.jpg","type":"image\/jpeg"}],"twitter_card":"summary_large_image","schema":{"@context":"https:\/\/schema.org","@graph":[{"@type":["WebPage","ItemPage"],"@id":"https:\/\/www.mexicanguitarplayers.com\/tienda\/audio\/microfonia\/microfonos-inalambricos\/transmisores-y-receptores\/transmisor-akg-micropen-mp40-us58\/","url":"https:\/\/www.mexicanguitarplayers.com\/tienda\/audio\/microfonia\/microfonos-inalambricos\/transmisores-y-receptores\/transmisor-akg-micropen-mp40-us58\/","name":"TRANSMISOR AKG MICROPEN MP40 US58 - Mexican Guitar Players","isPartOf":{"@id":"https:\/\/www.mexicanguitarplayers.com\/#website"},"primaryImageOfPage":{"@id":"https:\/\/www.mexicanguitarplayers.com\/tienda\/audio\/microfonia\/microfonos-inalambricos\/transmisores-y-receptores\/transmisor-akg-micropen-mp40-us58\/#primaryimage"},"image":{"@id":"https:\/\/www.mexicanguitarplayers.com\/tienda\/audio\/microfonia\/microfonos-inalambricos\/transmisores-y-receptores\/transmisor-akg-micropen-mp40-us58\/#primaryimage"},"thumbnailUrl":"https:\/\/www.mexicanguitarplayers.com\/wp-content\/uploads\/2022\/08\/IAAKGMP40U58.jpg","datePublished":"2022-08-18T20:43:38+00:00","dateModified":"2026-04-10T11:08:47+00:00","description":"TRANSMISOR AKG MICROPEN MP40 US58. Transmisor AKG Micropen. Modelo: MP40 US58. Emisor miniatura con un micr\u00f3fono decondensador C407 desmontable y con caracter\u00edstica omnidireccional. El emisor hasido desarrollado especialmente para la transmisi\u00f3n de palabra en combinaci\u00f3n con los receptores del sistema WMS 40 de AKG. El MP40 Micropen funciona con una frecuencia UHF de 710 a 865 MHz y a antena dipolo integrada en la caja. US58 734.600 MHz.","breadcrumb":{"@id":"https:\/\/www.mexicanguitarplayers.com\/tienda\/audio\/microfonia\/microfonos-inalambricos\/transmisores-y-receptores\/transmisor-akg-micropen-mp40-us58\/#breadcrumb"},"inLanguage":"en-US","potentialAction":[{"@type":"ReadAction","target":["https:\/\/www.mexicanguitarplayers.com\/tienda\/audio\/microfonia\/microfonos-inalambricos\/transmisores-y-receptores\/transmisor-akg-micropen-mp40-us58\/"]}]},{"@type":"ImageObject","inLanguage":"en-US","@id":"https:\/\/www.mexicanguitarplayers.com\/tienda\/audio\/microfonia\/microfonos-inalambricos\/transmisores-y-receptores\/transmisor-akg-micropen-mp40-us58\/#primaryimage","url":"https:\/\/www.mexicanguitarplayers.com\/wp-content\/uploads\/2022\/08\/IAAKGMP40U58.jpg","contentUrl":"https:\/\/www.mexicanguitarplayers.com\/wp-content\/uploads\/2022\/08\/IAAKGMP40U58.jpg","width":1200,"height":1200},{"@type":"BreadcrumbList","@id":"https:\/\/www.mexicanguitarplayers.com\/tienda\/audio\/microfonia\/microfonos-inalambricos\/transmisores-y-receptores\/transmisor-akg-micropen-mp40-us58\/#breadcrumb","itemListElement":[{"@type":"ListItem","position":1,"name":"Portada","item":"https:\/\/www.mexicanguitarplayers.com\/"},{"@type":"ListItem","position":2,"name":"Tienda","item":"https:\/\/www.mexicanguitarplayers.com\/tienda\/"},{"@type":"ListItem","position":3,"name":"TRANSMISOR AKG MICROPEN MP40 US58"}]},{"@type":"WebSite","@id":"https:\/\/www.mexicanguitarplayers.com\/#website","url":"https:\/\/www.mexicanguitarplayers.com\/","name":"Mexican Guitar Players","description":"Website","publisher":{"@id":"https:\/\/www.mexicanguitarplayers.com\/#organization"},"potentialAction":[{"@type":"SearchAction","target":{"@type":"EntryPoint","urlTemplate":"https:\/\/www.mexicanguitarplayers.com\/?s={search_term_string}"},"query-input":{"@type":"PropertyValueSpecification","valueRequired":true,"valueName":"search_term_string"}}],"inLanguage":"en-US"},{"@type":"Organization","@id":"https:\/\/www.mexicanguitarplayers.com\/#organization","name":"Mexican Guitar Players","url":"https:\/\/www.mexicanguitarplayers.com\/","logo":{"@type":"ImageObject","inLanguage":"en-US","@id":"https:\/\/www.mexicanguitarplayers.com\/#\/schema\/logo\/image\/","url":"","contentUrl":"","caption":"Mexican Guitar Players"},"image":{"@id":"https:\/\/www.mexicanguitarplayers.com\/#\/schema\/logo\/image\/"}}]}},"brands":[{"id":528,"name":"AKG","slug":"akg"}],"_links":{"self":[{"href":"https:\/\/www.mexicanguitarplayers.com\/en\/wp-json\/wp\/v2\/product\/14803","targetHints":{"allow":["GET"]}}],"collection":[{"href":"https:\/\/www.mexicanguitarplayers.com\/en\/wp-json\/wp\/v2\/product"}],"about":[{"href":"https:\/\/www.mexicanguitarplayers.com\/en\/wp-json\/wp\/v2\/types\/product"}],"replies":[{"embeddable":true,"href":"https:\/\/www.mexicanguitarplayers.com\/en\/wp-json\/wp\/v2\/comments?post=14803"}],"wp:featuredmedia":[{"embeddable":true,"href":"https:\/\/www.mexicanguitarplayers.com\/en\/wp-json\/wp\/v2\/media\/14801"}],"wp:attachment":[{"href":"https:\/\/www.mexicanguitarplayers.com\/en\/wp-json\/wp\/v2\/media?parent=14803"}],"wp:term":[{"taxonomy":"pwb-brand","embeddable":true,"href":"https:\/\/www.mexicanguitarplayers.com\/en\/wp-json\/wp\/v2\/pwb-brand?post=14803"},{"taxonomy":"product_brand","embeddable":true,"href":"https:\/\/www.mexicanguitarplayers.com\/en\/wp-json\/wp\/v2\/product_brand?post=14803"},{"taxonomy":"product_cat","embeddable":true,"href":"https:\/\/www.mexicanguitarplayers.com\/en\/wp-json\/wp\/v2\/product_cat?post=14803"},{"taxonomy":"product_tag","embeddable":true,"href":"https:\/\/www.mexicanguitarplayers.com\/en\/wp-json\/wp\/v2\/product_tag?post=14803"}],"curies":[{"name":"wp","href":"https:\/\/api.w.org\/{rel}","templated":true}]}}