{"id":14820,"date":"2022-08-18T15:43:56","date_gmt":"2022-08-18T20:43:56","guid":{"rendered":"https:\/\/www.mexicanguitarplayers.com\/tienda\/sin%20categor\u00eda\/amplificador-a-r-t-p-audif-headamp6\/"},"modified":"2026-04-10T05:08:44","modified_gmt":"2026-04-10T11:08:44","slug":"amplificador-a-r-t-p-audif-headamp6","status":"publish","type":"product","link":"https:\/\/www.mexicanguitarplayers.com\/en\/tienda\/audio\/amplificadores-audio\/amplificadores-para-audifonos\/amplificador-a-r-t-p-audif-headamp6\/","title":{"rendered":"ART P\/AUDIF AMPLIFIER HEADAMP6"},"content":{"rendered":"<div style=\"text-align: justify\">\n<div>\n<h3>ART P\/AUDIF AMPLIFIER HEADAMP6<\/h3>\n<\/div>\n<div>Headphone amplifier, 6 channels with separate bass and treble controls, front and rear panel output jacks, balanced XLR and 1\/4 inputs, operates in stereo, mono (left source), mono (right source), and mono ( left and right sources), auxiliary front mounted on separate input source, 8-segment LED level indicators on all channels and buses, maximum input level: +21.5 dBu, input impedance: 40 kilo-ohms balanced, level Max Output: 500 mW into 32 ohms, Max Gain: 25.6 dB (tone controls flat), Frequency Response: 20 Hz \u2013 50 KHz +0, -2 dB, CMMR: 40 dB, Dimensions: 44.5 x 482 x 190mm, weight: 3.1kg.<\/div>\n<\/div>","protected":false},"excerpt":{"rendered":"<p>Amplificador de aud\u00edfonos, 6 canales con controles separados de graves y agudos, jacks de salida en panel frontal y trasero, entradas balanceadas XLR y 1\/4, opera en modo est\u00e9reo, mono (fuente izquierda), mono (fuente derecha) y mono (fuentes izquierda y derecha), frente auxiliar montado en la fuente de entrada independiente, indicadores de nivel LED de 8 segmentos en todos los canales y buses, nivel de entrada m\u00e1ximo: +21.5 dBu, impedancia de entrada: 40 kilo-ohms balanceado, nivel de salida m\u00e1ximo: 500 mW a 32 ohms, ganancia m\u00e1xima: 25.6 dB (controles de tono en flat), respuesta de frecuencia: 20 Hz &#8211; 50 KHz +0, -2 dB, CMMR: 40 dB, dimensiones: 44.5 x 482 x 190 mm, peso: 3.1 kg.&hellip; <a class=\"kt-excerpt-readmore more-link\" href=\"https:\/\/www.mexicanguitarplayers.com\/en\/tienda\/audio\/amplificadores-audio\/amplificadores-para-audifonos\/amplificador-a-r-t-p-audif-headamp6\/\">Read more<\/a><\/p>","protected":false},"featured_media":14817,"comment_status":"open","ping_status":"closed","template":"","meta":{"kt_blocks_editor_width":""},"pwb-brand":[531],"product_brand":[],"product_cat":[219,240,213],"product_tag":[],"class_list":{"0":"post-14820","1":"product","2":"type-product","3":"status-publish","4":"has-post-thumbnail","6":"pwb-brand-a-r-t","7":"product_cat-amplificadores-audio","8":"product_cat-amplificadores-para-audifonos","9":"product_cat-audio","10":"product_shipping_class-0-5-kg","12":"first","13":"outofstock","14":"taxable","15":"shipping-taxable","16":"purchasable","17":"product-type-simple"},"yoast_head":"<!-- This site is optimized with the Yoast SEO plugin v27.5 - https:\/\/yoast.com\/product\/yoast-seo-wordpress\/ -->\n<title>AMPLIFICADOR A.R.T. P\/AUDIF. HEADAMP6 - Mexican Guitar Players<\/title>\n<meta name=\"description\" content=\"AMPLIFICADOR A.R.T. P\/AUDIF. HEADAMP6. Amplificador de aud\u00edfonos, 6 canales con controles separados de graves y agudos, jacks de salida en panel frontal y trasero, entradas balanceadas XLR y 1\/4, opera en modo est\u00e9reo, mono (fuente izquierda), mono (fuente derecha) y mono (fuentes izquierda y derecha), frente auxiliar montado en la fuente de entrada independiente, indicadores de nivel LED de 8 segmentos en todos los canales y buses, nivel de entrada m\u00e1ximo: +21.5 dBu, impedancia de entrada: 40 kilo-ohms balanceado, nivel de salida m\u00e1ximo: 500 mW a 32 ohms, ganancia m\u00e1xima: 25.6 dB (controles de tono en flat), respuesta de frecuencia: 20 Hz - 50 KHz +0, -2 dB, CMMR: 40 dB, dimensiones: 44.5 x 482 x 190 mm, peso: 3.1 kg.\" \/>\n<meta name=\"robots\" content=\"index, follow, max-snippet:-1, max-image-preview:large, max-video-preview:-1\" \/>\n<link rel=\"canonical\" href=\"https:\/\/www.mexicanguitarplayers.com\/en\/tienda\/audio\/amplificadores-audio\/amplificadores-para-audifonos\/amplificador-a-r-t-p-audif-headamp6\/\" \/>\n<meta property=\"og:locale\" content=\"en_US\" \/>\n<meta property=\"og:type\" content=\"article\" \/>\n<meta property=\"og:title\" content=\"AMPLIFICADOR A.R.T. P\/AUDIF. HEADAMP6 - Mexican Guitar Players\" \/>\n<meta property=\"og:description\" content=\"AMPLIFICADOR A.R.T. P\/AUDIF. HEADAMP6. Amplificador de aud\u00edfonos, 6 canales con controles separados de graves y agudos, jacks de salida en panel frontal y trasero, entradas balanceadas XLR y 1\/4, opera en modo est\u00e9reo, mono (fuente izquierda), mono (fuente derecha) y mono (fuentes izquierda y derecha), frente auxiliar montado en la fuente de entrada independiente, indicadores de nivel LED de 8 segmentos en todos los canales y buses, nivel de entrada m\u00e1ximo: +21.5 dBu, impedancia de entrada: 40 kilo-ohms balanceado, nivel de salida m\u00e1ximo: 500 mW a 32 ohms, ganancia m\u00e1xima: 25.6 dB (controles de tono en flat), respuesta de frecuencia: 20 Hz - 50 KHz +0, -2 dB, CMMR: 40 dB, dimensiones: 44.5 x 482 x 190 mm, peso: 3.1 kg.\" \/>\n<meta property=\"og:url\" content=\"https:\/\/www.mexicanguitarplayers.com\/en\/tienda\/audio\/amplificadores-audio\/amplificadores-para-audifonos\/amplificador-a-r-t-p-audif-headamp6\/\" \/>\n<meta property=\"og:site_name\" content=\"Mexican Guitar Players\" \/>\n<meta property=\"article:modified_time\" content=\"2026-04-10T11:08:44+00:00\" \/>\n<meta property=\"og:image\" content=\"https:\/\/www.mexicanguitarplayers.com\/wp-content\/uploads\/2022\/08\/IAARTHEADAMP6.jpg\" \/>\n\t<meta property=\"og:image:width\" content=\"1600\" \/>\n\t<meta property=\"og:image:height\" content=\"800\" \/>\n\t<meta property=\"og:image:type\" content=\"image\/jpeg\" \/>\n<meta name=\"twitter:card\" content=\"summary_large_image\" \/>\n<meta name=\"twitter:label1\" content=\"Est. reading time\" \/>\n\t<meta name=\"twitter:data1\" content=\"1 minute\" \/>\n<script type=\"application\/ld+json\" class=\"yoast-schema-graph\">{\"@context\":\"https:\\\/\\\/schema.org\",\"@graph\":[{\"@type\":[\"WebPage\",\"ItemPage\"],\"@id\":\"https:\\\/\\\/www.mexicanguitarplayers.com\\\/tienda\\\/audio\\\/amplificadores-audio\\\/amplificadores-para-audifonos\\\/amplificador-a-r-t-p-audif-headamp6\\\/\",\"url\":\"https:\\\/\\\/www.mexicanguitarplayers.com\\\/tienda\\\/audio\\\/amplificadores-audio\\\/amplificadores-para-audifonos\\\/amplificador-a-r-t-p-audif-headamp6\\\/\",\"name\":\"AMPLIFICADOR A.R.T. P\\\/AUDIF. HEADAMP6 - Mexican Guitar Players\",\"isPartOf\":{\"@id\":\"https:\\\/\\\/www.mexicanguitarplayers.com\\\/#website\"},\"primaryImageOfPage\":{\"@id\":\"https:\\\/\\\/www.mexicanguitarplayers.com\\\/tienda\\\/audio\\\/amplificadores-audio\\\/amplificadores-para-audifonos\\\/amplificador-a-r-t-p-audif-headamp6\\\/#primaryimage\"},\"image\":{\"@id\":\"https:\\\/\\\/www.mexicanguitarplayers.com\\\/tienda\\\/audio\\\/amplificadores-audio\\\/amplificadores-para-audifonos\\\/amplificador-a-r-t-p-audif-headamp6\\\/#primaryimage\"},\"thumbnailUrl\":\"https:\\\/\\\/www.mexicanguitarplayers.com\\\/wp-content\\\/uploads\\\/2022\\\/08\\\/IAARTHEADAMP6.jpg\",\"datePublished\":\"2022-08-18T20:43:56+00:00\",\"dateModified\":\"2026-04-10T11:08:44+00:00\",\"description\":\"AMPLIFICADOR A.R.T. P\\\/AUDIF. HEADAMP6. Amplificador de aud\u00edfonos, 6 canales con controles separados de graves y agudos, jacks de salida en panel frontal y trasero, entradas balanceadas XLR y 1\\\/4, opera en modo est\u00e9reo, mono (fuente izquierda), mono (fuente derecha) y mono (fuentes izquierda y derecha), frente auxiliar montado en la fuente de entrada independiente, indicadores de nivel LED de 8 segmentos en todos los canales y buses, nivel de entrada m\u00e1ximo: +21.5 dBu, impedancia de entrada: 40 kilo-ohms balanceado, nivel de salida m\u00e1ximo: 500 mW a 32 ohms, ganancia m\u00e1xima: 25.6 dB (controles de tono en flat), respuesta de frecuencia: 20 Hz - 50 KHz +0, -2 dB, CMMR: 40 dB, dimensiones: 44.5 x 482 x 190 mm, peso: 3.1 kg.\",\"breadcrumb\":{\"@id\":\"https:\\\/\\\/www.mexicanguitarplayers.com\\\/tienda\\\/audio\\\/amplificadores-audio\\\/amplificadores-para-audifonos\\\/amplificador-a-r-t-p-audif-headamp6\\\/#breadcrumb\"},\"inLanguage\":\"en-US\",\"potentialAction\":[{\"@type\":\"ReadAction\",\"target\":[\"https:\\\/\\\/www.mexicanguitarplayers.com\\\/tienda\\\/audio\\\/amplificadores-audio\\\/amplificadores-para-audifonos\\\/amplificador-a-r-t-p-audif-headamp6\\\/\"]}]},{\"@type\":\"ImageObject\",\"inLanguage\":\"en-US\",\"@id\":\"https:\\\/\\\/www.mexicanguitarplayers.com\\\/tienda\\\/audio\\\/amplificadores-audio\\\/amplificadores-para-audifonos\\\/amplificador-a-r-t-p-audif-headamp6\\\/#primaryimage\",\"url\":\"https:\\\/\\\/www.mexicanguitarplayers.com\\\/wp-content\\\/uploads\\\/2022\\\/08\\\/IAARTHEADAMP6.jpg\",\"contentUrl\":\"https:\\\/\\\/www.mexicanguitarplayers.com\\\/wp-content\\\/uploads\\\/2022\\\/08\\\/IAARTHEADAMP6.jpg\",\"width\":1600,\"height\":800},{\"@type\":\"BreadcrumbList\",\"@id\":\"https:\\\/\\\/www.mexicanguitarplayers.com\\\/tienda\\\/audio\\\/amplificadores-audio\\\/amplificadores-para-audifonos\\\/amplificador-a-r-t-p-audif-headamp6\\\/#breadcrumb\",\"itemListElement\":[{\"@type\":\"ListItem\",\"position\":1,\"name\":\"Portada\",\"item\":\"https:\\\/\\\/www.mexicanguitarplayers.com\\\/\"},{\"@type\":\"ListItem\",\"position\":2,\"name\":\"Tienda\",\"item\":\"https:\\\/\\\/www.mexicanguitarplayers.com\\\/tienda\\\/\"},{\"@type\":\"ListItem\",\"position\":3,\"name\":\"AMPLIFICADOR A.R.T. P\\\/AUDIF. HEADAMP6\"}]},{\"@type\":\"WebSite\",\"@id\":\"https:\\\/\\\/www.mexicanguitarplayers.com\\\/#website\",\"url\":\"https:\\\/\\\/www.mexicanguitarplayers.com\\\/\",\"name\":\"Mexican Guitar Players\",\"description\":\"Website\",\"publisher\":{\"@id\":\"https:\\\/\\\/www.mexicanguitarplayers.com\\\/#organization\"},\"potentialAction\":[{\"@type\":\"SearchAction\",\"target\":{\"@type\":\"EntryPoint\",\"urlTemplate\":\"https:\\\/\\\/www.mexicanguitarplayers.com\\\/?s={search_term_string}\"},\"query-input\":{\"@type\":\"PropertyValueSpecification\",\"valueRequired\":true,\"valueName\":\"search_term_string\"}}],\"inLanguage\":\"en-US\"},{\"@type\":\"Organization\",\"@id\":\"https:\\\/\\\/www.mexicanguitarplayers.com\\\/#organization\",\"name\":\"Mexican Guitar Players\",\"url\":\"https:\\\/\\\/www.mexicanguitarplayers.com\\\/\",\"logo\":{\"@type\":\"ImageObject\",\"inLanguage\":\"en-US\",\"@id\":\"https:\\\/\\\/www.mexicanguitarplayers.com\\\/#\\\/schema\\\/logo\\\/image\\\/\",\"url\":\"\",\"contentUrl\":\"\",\"caption\":\"Mexican Guitar Players\"},\"image\":{\"@id\":\"https:\\\/\\\/www.mexicanguitarplayers.com\\\/#\\\/schema\\\/logo\\\/image\\\/\"}}]}<\/script>\n<!-- \/ Yoast SEO plugin. -->","yoast_head_json":{"title":"AMPLIFICADOR A.R.T. P\/AUDIF. HEADAMP6 - Mexican Guitar Players","description":"AMPLIFICADOR A.R.T. P\/AUDIF. HEADAMP6. Amplificador de aud\u00edfonos, 6 canales con controles separados de graves y agudos, jacks de salida en panel frontal y trasero, entradas balanceadas XLR y 1\/4, opera en modo est\u00e9reo, mono (fuente izquierda), mono (fuente derecha) y mono (fuentes izquierda y derecha), frente auxiliar montado en la fuente de entrada independiente, indicadores de nivel LED de 8 segmentos en todos los canales y buses, nivel de entrada m\u00e1ximo: +21.5 dBu, impedancia de entrada: 40 kilo-ohms balanceado, nivel de salida m\u00e1ximo: 500 mW a 32 ohms, ganancia m\u00e1xima: 25.6 dB (controles de tono en flat), respuesta de frecuencia: 20 Hz - 50 KHz +0, -2 dB, CMMR: 40 dB, dimensiones: 44.5 x 482 x 190 mm, peso: 3.1 kg.","robots":{"index":"index","follow":"follow","max-snippet":"max-snippet:-1","max-image-preview":"max-image-preview:large","max-video-preview":"max-video-preview:-1"},"canonical":"https:\/\/www.mexicanguitarplayers.com\/en\/tienda\/audio\/amplificadores-audio\/amplificadores-para-audifonos\/amplificador-a-r-t-p-audif-headamp6\/","og_locale":"en_US","og_type":"article","og_title":"AMPLIFICADOR A.R.T. P\/AUDIF. HEADAMP6 - Mexican Guitar Players","og_description":"AMPLIFICADOR A.R.T. P\/AUDIF. HEADAMP6. Amplificador de aud\u00edfonos, 6 canales con controles separados de graves y agudos, jacks de salida en panel frontal y trasero, entradas balanceadas XLR y 1\/4, opera en modo est\u00e9reo, mono (fuente izquierda), mono (fuente derecha) y mono (fuentes izquierda y derecha), frente auxiliar montado en la fuente de entrada independiente, indicadores de nivel LED de 8 segmentos en todos los canales y buses, nivel de entrada m\u00e1ximo: +21.5 dBu, impedancia de entrada: 40 kilo-ohms balanceado, nivel de salida m\u00e1ximo: 500 mW a 32 ohms, ganancia m\u00e1xima: 25.6 dB (controles de tono en flat), respuesta de frecuencia: 20 Hz - 50 KHz +0, -2 dB, CMMR: 40 dB, dimensiones: 44.5 x 482 x 190 mm, peso: 3.1 kg.","og_url":"https:\/\/www.mexicanguitarplayers.com\/en\/tienda\/audio\/amplificadores-audio\/amplificadores-para-audifonos\/amplificador-a-r-t-p-audif-headamp6\/","og_site_name":"Mexican Guitar Players","article_modified_time":"2026-04-10T11:08:44+00:00","og_image":[{"width":1600,"height":800,"url":"https:\/\/www.mexicanguitarplayers.com\/wp-content\/uploads\/2022\/08\/IAARTHEADAMP6.jpg","type":"image\/jpeg"}],"twitter_card":"summary_large_image","twitter_misc":{"Est. reading time":"1 minute"},"schema":{"@context":"https:\/\/schema.org","@graph":[{"@type":["WebPage","ItemPage"],"@id":"https:\/\/www.mexicanguitarplayers.com\/tienda\/audio\/amplificadores-audio\/amplificadores-para-audifonos\/amplificador-a-r-t-p-audif-headamp6\/","url":"https:\/\/www.mexicanguitarplayers.com\/tienda\/audio\/amplificadores-audio\/amplificadores-para-audifonos\/amplificador-a-r-t-p-audif-headamp6\/","name":"AMPLIFICADOR A.R.T. P\/AUDIF. HEADAMP6 - Mexican Guitar Players","isPartOf":{"@id":"https:\/\/www.mexicanguitarplayers.com\/#website"},"primaryImageOfPage":{"@id":"https:\/\/www.mexicanguitarplayers.com\/tienda\/audio\/amplificadores-audio\/amplificadores-para-audifonos\/amplificador-a-r-t-p-audif-headamp6\/#primaryimage"},"image":{"@id":"https:\/\/www.mexicanguitarplayers.com\/tienda\/audio\/amplificadores-audio\/amplificadores-para-audifonos\/amplificador-a-r-t-p-audif-headamp6\/#primaryimage"},"thumbnailUrl":"https:\/\/www.mexicanguitarplayers.com\/wp-content\/uploads\/2022\/08\/IAARTHEADAMP6.jpg","datePublished":"2022-08-18T20:43:56+00:00","dateModified":"2026-04-10T11:08:44+00:00","description":"AMPLIFICADOR A.R.T. P\/AUDIF. HEADAMP6. Amplificador de aud\u00edfonos, 6 canales con controles separados de graves y agudos, jacks de salida en panel frontal y trasero, entradas balanceadas XLR y 1\/4, opera en modo est\u00e9reo, mono (fuente izquierda), mono (fuente derecha) y mono (fuentes izquierda y derecha), frente auxiliar montado en la fuente de entrada independiente, indicadores de nivel LED de 8 segmentos en todos los canales y buses, nivel de entrada m\u00e1ximo: +21.5 dBu, impedancia de entrada: 40 kilo-ohms balanceado, nivel de salida m\u00e1ximo: 500 mW a 32 ohms, ganancia m\u00e1xima: 25.6 dB (controles de tono en flat), respuesta de frecuencia: 20 Hz - 50 KHz +0, -2 dB, CMMR: 40 dB, dimensiones: 44.5 x 482 x 190 mm, peso: 3.1 kg.","breadcrumb":{"@id":"https:\/\/www.mexicanguitarplayers.com\/tienda\/audio\/amplificadores-audio\/amplificadores-para-audifonos\/amplificador-a-r-t-p-audif-headamp6\/#breadcrumb"},"inLanguage":"en-US","potentialAction":[{"@type":"ReadAction","target":["https:\/\/www.mexicanguitarplayers.com\/tienda\/audio\/amplificadores-audio\/amplificadores-para-audifonos\/amplificador-a-r-t-p-audif-headamp6\/"]}]},{"@type":"ImageObject","inLanguage":"en-US","@id":"https:\/\/www.mexicanguitarplayers.com\/tienda\/audio\/amplificadores-audio\/amplificadores-para-audifonos\/amplificador-a-r-t-p-audif-headamp6\/#primaryimage","url":"https:\/\/www.mexicanguitarplayers.com\/wp-content\/uploads\/2022\/08\/IAARTHEADAMP6.jpg","contentUrl":"https:\/\/www.mexicanguitarplayers.com\/wp-content\/uploads\/2022\/08\/IAARTHEADAMP6.jpg","width":1600,"height":800},{"@type":"BreadcrumbList","@id":"https:\/\/www.mexicanguitarplayers.com\/tienda\/audio\/amplificadores-audio\/amplificadores-para-audifonos\/amplificador-a-r-t-p-audif-headamp6\/#breadcrumb","itemListElement":[{"@type":"ListItem","position":1,"name":"Portada","item":"https:\/\/www.mexicanguitarplayers.com\/"},{"@type":"ListItem","position":2,"name":"Tienda","item":"https:\/\/www.mexicanguitarplayers.com\/tienda\/"},{"@type":"ListItem","position":3,"name":"AMPLIFICADOR A.R.T. P\/AUDIF. HEADAMP6"}]},{"@type":"WebSite","@id":"https:\/\/www.mexicanguitarplayers.com\/#website","url":"https:\/\/www.mexicanguitarplayers.com\/","name":"Mexican Guitar Players","description":"Website","publisher":{"@id":"https:\/\/www.mexicanguitarplayers.com\/#organization"},"potentialAction":[{"@type":"SearchAction","target":{"@type":"EntryPoint","urlTemplate":"https:\/\/www.mexicanguitarplayers.com\/?s={search_term_string}"},"query-input":{"@type":"PropertyValueSpecification","valueRequired":true,"valueName":"search_term_string"}}],"inLanguage":"en-US"},{"@type":"Organization","@id":"https:\/\/www.mexicanguitarplayers.com\/#organization","name":"Mexican Guitar Players","url":"https:\/\/www.mexicanguitarplayers.com\/","logo":{"@type":"ImageObject","inLanguage":"en-US","@id":"https:\/\/www.mexicanguitarplayers.com\/#\/schema\/logo\/image\/","url":"","contentUrl":"","caption":"Mexican Guitar Players"},"image":{"@id":"https:\/\/www.mexicanguitarplayers.com\/#\/schema\/logo\/image\/"}}]}},"brands":[{"id":531,"name":"ART","slug":"a-r-t"}],"_links":{"self":[{"href":"https:\/\/www.mexicanguitarplayers.com\/en\/wp-json\/wp\/v2\/product\/14820","targetHints":{"allow":["GET"]}}],"collection":[{"href":"https:\/\/www.mexicanguitarplayers.com\/en\/wp-json\/wp\/v2\/product"}],"about":[{"href":"https:\/\/www.mexicanguitarplayers.com\/en\/wp-json\/wp\/v2\/types\/product"}],"replies":[{"embeddable":true,"href":"https:\/\/www.mexicanguitarplayers.com\/en\/wp-json\/wp\/v2\/comments?post=14820"}],"wp:featuredmedia":[{"embeddable":true,"href":"https:\/\/www.mexicanguitarplayers.com\/en\/wp-json\/wp\/v2\/media\/14817"}],"wp:attachment":[{"href":"https:\/\/www.mexicanguitarplayers.com\/en\/wp-json\/wp\/v2\/media?parent=14820"}],"wp:term":[{"taxonomy":"pwb-brand","embeddable":true,"href":"https:\/\/www.mexicanguitarplayers.com\/en\/wp-json\/wp\/v2\/pwb-brand?post=14820"},{"taxonomy":"product_brand","embeddable":true,"href":"https:\/\/www.mexicanguitarplayers.com\/en\/wp-json\/wp\/v2\/product_brand?post=14820"},{"taxonomy":"product_cat","embeddable":true,"href":"https:\/\/www.mexicanguitarplayers.com\/en\/wp-json\/wp\/v2\/product_cat?post=14820"},{"taxonomy":"product_tag","embeddable":true,"href":"https:\/\/www.mexicanguitarplayers.com\/en\/wp-json\/wp\/v2\/product_tag?post=14820"}],"curies":[{"name":"wp","href":"https:\/\/api.w.org\/{rel}","templated":true}]}}