{"id":14844,"date":"2022-08-18T15:44:42","date_gmt":"2022-08-18T20:44:42","guid":{"rendered":"https:\/\/www.mexicanguitarplayers.com\/tienda\/sin%20categor\u00eda\/preamplificador-a-r-t-mod-usb-dual-pre\/"},"modified":"2026-05-01T07:41:00","modified_gmt":"2026-05-01T13:41:00","slug":"preamplificador-a-r-t-mod-usb-dual-pre","status":"publish","type":"product","link":"https:\/\/www.mexicanguitarplayers.com\/en\/tienda\/audio\/amplificadores-audio\/preamplificadores-para-microfono\/preamplificador-a-r-t-mod-usb-dual-pre\/","title":{"rendered":"ART MOD PREAMPLIFIER USB-DUAL-PRE"},"content":{"rendered":"<div style=\"text-align: justify\">\n<div>\n<h3>ART MOD PREAMPLIFIER USB-DUAL-PRE<\/h3>\n<\/div>\n<div>2-channel preamp with USB connection, 2 XLR\/jack combo inputs, 48V phantom power, TRS stereo monitor output, headphone output, USB bus-powered (also supports battery or AC adapter operation), zero-latency monitoring, frequency response: 20 Hz \u2013 20 kHz, dimensions: 44.5 x 117 x 119 mm, weight: 0.59 kg.<\/div>\n<\/div>","protected":false},"excerpt":{"rendered":"<p>Preamplificador de 2 canales con conexi\u00f3n USB, 2 entradas combo XLR\/jack, alimentaci\u00f3n phantom de 48V, salida de monitorizaci\u00f3n est\u00e9reo TRS, salida de aud\u00edfonos, alimentado por bus USB (tambi\u00e9n admite el funcionamiento con bater\u00eda o adaptador de corriente), latencia cero de monitorizaci\u00f3n, respuesta de frecuencia: 20 Hz &#8211; 20 kHz, dimensiones: 44.5 x 117 x 119 mm, peso: 0.59 kg.&hellip; <a class=\"kt-excerpt-readmore more-link\" href=\"https:\/\/www.mexicanguitarplayers.com\/en\/tienda\/audio\/amplificadores-audio\/preamplificadores-para-microfono\/preamplificador-a-r-t-mod-usb-dual-pre\/\">Read more<\/a><\/p>","protected":false},"featured_media":14840,"comment_status":"open","ping_status":"closed","template":"","meta":{"kt_blocks_editor_width":""},"pwb-brand":[531],"product_brand":[],"product_cat":[219,213,471],"product_tag":[],"class_list":{"0":"post-14844","1":"product","2":"type-product","3":"status-publish","4":"has-post-thumbnail","6":"pwb-brand-a-r-t","7":"product_cat-amplificadores-audio","8":"product_cat-audio","9":"product_cat-preamplificadores-para-microfono","10":"product_shipping_class-0-5-kg","12":"first","13":"instock","14":"taxable","15":"shipping-taxable","16":"purchasable","17":"product-type-simple"},"yoast_head":"<!-- This site is optimized with the Yoast SEO plugin v27.5 - https:\/\/yoast.com\/product\/yoast-seo-wordpress\/ -->\n<title>PREAMPLIFICADOR A.R.T. MOD. USB-DUAL-PRE - Mexican Guitar Players<\/title>\n<meta name=\"description\" content=\"PREAMPLIFICADOR A.R.T. MOD. USB-DUAL-PRE. Preamplificador de 2 canales con conexi\u00f3n USB, 2 entradas combo XLR\/jack, alimentaci\u00f3n phantom de 48V, salida de monitorizaci\u00f3n est\u00e9reo TRS, salida de aud\u00edfonos, alimentado por bus USB (tambi\u00e9n admite el funcionamiento con bater\u00eda o adaptador de corriente), latencia cero de monitorizaci\u00f3n, respuesta de frecuencia: 20 Hz - 20 kHz, dimensiones: 44.5 x 117 x 119 mm, peso: 0.59 kg.\" \/>\n<meta name=\"robots\" content=\"index, follow, max-snippet:-1, max-image-preview:large, max-video-preview:-1\" \/>\n<link rel=\"canonical\" href=\"https:\/\/www.mexicanguitarplayers.com\/en\/tienda\/audio\/amplificadores-audio\/preamplificadores-para-microfono\/preamplificador-a-r-t-mod-usb-dual-pre\/\" \/>\n<meta property=\"og:locale\" content=\"en_US\" \/>\n<meta property=\"og:type\" content=\"article\" \/>\n<meta property=\"og:title\" content=\"PREAMPLIFICADOR A.R.T. MOD. USB-DUAL-PRE - Mexican Guitar Players\" \/>\n<meta property=\"og:description\" content=\"PREAMPLIFICADOR A.R.T. MOD. USB-DUAL-PRE. Preamplificador de 2 canales con conexi\u00f3n USB, 2 entradas combo XLR\/jack, alimentaci\u00f3n phantom de 48V, salida de monitorizaci\u00f3n est\u00e9reo TRS, salida de aud\u00edfonos, alimentado por bus USB (tambi\u00e9n admite el funcionamiento con bater\u00eda o adaptador de corriente), latencia cero de monitorizaci\u00f3n, respuesta de frecuencia: 20 Hz - 20 kHz, dimensiones: 44.5 x 117 x 119 mm, peso: 0.59 kg.\" \/>\n<meta property=\"og:url\" content=\"https:\/\/www.mexicanguitarplayers.com\/en\/tienda\/audio\/amplificadores-audio\/preamplificadores-para-microfono\/preamplificador-a-r-t-mod-usb-dual-pre\/\" \/>\n<meta property=\"og:site_name\" content=\"Mexican Guitar Players\" \/>\n<meta property=\"article:modified_time\" content=\"2026-05-01T13:41:00+00:00\" \/>\n<meta property=\"og:image\" content=\"https:\/\/www.mexicanguitarplayers.com\/wp-content\/uploads\/2022\/08\/IAARTUSBDUALPR.jpg\" \/>\n\t<meta property=\"og:image:width\" content=\"1200\" \/>\n\t<meta property=\"og:image:height\" content=\"1200\" \/>\n\t<meta property=\"og:image:type\" content=\"image\/jpeg\" \/>\n<meta name=\"twitter:card\" content=\"summary_large_image\" \/>\n<script type=\"application\/ld+json\" class=\"yoast-schema-graph\">{\"@context\":\"https:\\\/\\\/schema.org\",\"@graph\":[{\"@type\":[\"WebPage\",\"ItemPage\"],\"@id\":\"https:\\\/\\\/www.mexicanguitarplayers.com\\\/tienda\\\/audio\\\/amplificadores-audio\\\/preamplificadores-para-microfono\\\/preamplificador-a-r-t-mod-usb-dual-pre\\\/\",\"url\":\"https:\\\/\\\/www.mexicanguitarplayers.com\\\/tienda\\\/audio\\\/amplificadores-audio\\\/preamplificadores-para-microfono\\\/preamplificador-a-r-t-mod-usb-dual-pre\\\/\",\"name\":\"PREAMPLIFICADOR A.R.T. MOD. USB-DUAL-PRE - Mexican Guitar Players\",\"isPartOf\":{\"@id\":\"https:\\\/\\\/www.mexicanguitarplayers.com\\\/#website\"},\"primaryImageOfPage\":{\"@id\":\"https:\\\/\\\/www.mexicanguitarplayers.com\\\/tienda\\\/audio\\\/amplificadores-audio\\\/preamplificadores-para-microfono\\\/preamplificador-a-r-t-mod-usb-dual-pre\\\/#primaryimage\"},\"image\":{\"@id\":\"https:\\\/\\\/www.mexicanguitarplayers.com\\\/tienda\\\/audio\\\/amplificadores-audio\\\/preamplificadores-para-microfono\\\/preamplificador-a-r-t-mod-usb-dual-pre\\\/#primaryimage\"},\"thumbnailUrl\":\"https:\\\/\\\/www.mexicanguitarplayers.com\\\/wp-content\\\/uploads\\\/2022\\\/08\\\/IAARTUSBDUALPR.jpg\",\"datePublished\":\"2022-08-18T20:44:42+00:00\",\"dateModified\":\"2026-05-01T13:41:00+00:00\",\"description\":\"PREAMPLIFICADOR A.R.T. MOD. USB-DUAL-PRE. Preamplificador de 2 canales con conexi\u00f3n USB, 2 entradas combo XLR\\\/jack, alimentaci\u00f3n phantom de 48V, salida de monitorizaci\u00f3n est\u00e9reo TRS, salida de aud\u00edfonos, alimentado por bus USB (tambi\u00e9n admite el funcionamiento con bater\u00eda o adaptador de corriente), latencia cero de monitorizaci\u00f3n, respuesta de frecuencia: 20 Hz - 20 kHz, dimensiones: 44.5 x 117 x 119 mm, peso: 0.59 kg.\",\"breadcrumb\":{\"@id\":\"https:\\\/\\\/www.mexicanguitarplayers.com\\\/tienda\\\/audio\\\/amplificadores-audio\\\/preamplificadores-para-microfono\\\/preamplificador-a-r-t-mod-usb-dual-pre\\\/#breadcrumb\"},\"inLanguage\":\"en-US\",\"potentialAction\":[{\"@type\":\"ReadAction\",\"target\":[\"https:\\\/\\\/www.mexicanguitarplayers.com\\\/tienda\\\/audio\\\/amplificadores-audio\\\/preamplificadores-para-microfono\\\/preamplificador-a-r-t-mod-usb-dual-pre\\\/\"]}]},{\"@type\":\"ImageObject\",\"inLanguage\":\"en-US\",\"@id\":\"https:\\\/\\\/www.mexicanguitarplayers.com\\\/tienda\\\/audio\\\/amplificadores-audio\\\/preamplificadores-para-microfono\\\/preamplificador-a-r-t-mod-usb-dual-pre\\\/#primaryimage\",\"url\":\"https:\\\/\\\/www.mexicanguitarplayers.com\\\/wp-content\\\/uploads\\\/2022\\\/08\\\/IAARTUSBDUALPR.jpg\",\"contentUrl\":\"https:\\\/\\\/www.mexicanguitarplayers.com\\\/wp-content\\\/uploads\\\/2022\\\/08\\\/IAARTUSBDUALPR.jpg\",\"width\":1200,\"height\":1200},{\"@type\":\"BreadcrumbList\",\"@id\":\"https:\\\/\\\/www.mexicanguitarplayers.com\\\/tienda\\\/audio\\\/amplificadores-audio\\\/preamplificadores-para-microfono\\\/preamplificador-a-r-t-mod-usb-dual-pre\\\/#breadcrumb\",\"itemListElement\":[{\"@type\":\"ListItem\",\"position\":1,\"name\":\"Portada\",\"item\":\"https:\\\/\\\/www.mexicanguitarplayers.com\\\/\"},{\"@type\":\"ListItem\",\"position\":2,\"name\":\"Tienda\",\"item\":\"https:\\\/\\\/www.mexicanguitarplayers.com\\\/tienda\\\/\"},{\"@type\":\"ListItem\",\"position\":3,\"name\":\"PREAMPLIFICADOR A.R.T. MOD. USB-DUAL-PRE\"}]},{\"@type\":\"WebSite\",\"@id\":\"https:\\\/\\\/www.mexicanguitarplayers.com\\\/#website\",\"url\":\"https:\\\/\\\/www.mexicanguitarplayers.com\\\/\",\"name\":\"Mexican Guitar Players\",\"description\":\"Website\",\"publisher\":{\"@id\":\"https:\\\/\\\/www.mexicanguitarplayers.com\\\/#organization\"},\"potentialAction\":[{\"@type\":\"SearchAction\",\"target\":{\"@type\":\"EntryPoint\",\"urlTemplate\":\"https:\\\/\\\/www.mexicanguitarplayers.com\\\/?s={search_term_string}\"},\"query-input\":{\"@type\":\"PropertyValueSpecification\",\"valueRequired\":true,\"valueName\":\"search_term_string\"}}],\"inLanguage\":\"en-US\"},{\"@type\":\"Organization\",\"@id\":\"https:\\\/\\\/www.mexicanguitarplayers.com\\\/#organization\",\"name\":\"Mexican Guitar Players\",\"url\":\"https:\\\/\\\/www.mexicanguitarplayers.com\\\/\",\"logo\":{\"@type\":\"ImageObject\",\"inLanguage\":\"en-US\",\"@id\":\"https:\\\/\\\/www.mexicanguitarplayers.com\\\/#\\\/schema\\\/logo\\\/image\\\/\",\"url\":\"\",\"contentUrl\":\"\",\"caption\":\"Mexican Guitar Players\"},\"image\":{\"@id\":\"https:\\\/\\\/www.mexicanguitarplayers.com\\\/#\\\/schema\\\/logo\\\/image\\\/\"}}]}<\/script>\n<!-- \/ Yoast SEO plugin. -->","yoast_head_json":{"title":"PREAMPLIFICADOR A.R.T. MOD. USB-DUAL-PRE - Mexican Guitar Players","description":"PREAMPLIFICADOR A.R.T. MOD. USB-DUAL-PRE. Preamplificador de 2 canales con conexi\u00f3n USB, 2 entradas combo XLR\/jack, alimentaci\u00f3n phantom de 48V, salida de monitorizaci\u00f3n est\u00e9reo TRS, salida de aud\u00edfonos, alimentado por bus USB (tambi\u00e9n admite el funcionamiento con bater\u00eda o adaptador de corriente), latencia cero de monitorizaci\u00f3n, respuesta de frecuencia: 20 Hz - 20 kHz, dimensiones: 44.5 x 117 x 119 mm, peso: 0.59 kg.","robots":{"index":"index","follow":"follow","max-snippet":"max-snippet:-1","max-image-preview":"max-image-preview:large","max-video-preview":"max-video-preview:-1"},"canonical":"https:\/\/www.mexicanguitarplayers.com\/en\/tienda\/audio\/amplificadores-audio\/preamplificadores-para-microfono\/preamplificador-a-r-t-mod-usb-dual-pre\/","og_locale":"en_US","og_type":"article","og_title":"PREAMPLIFICADOR A.R.T. MOD. USB-DUAL-PRE - Mexican Guitar Players","og_description":"PREAMPLIFICADOR A.R.T. MOD. USB-DUAL-PRE. Preamplificador de 2 canales con conexi\u00f3n USB, 2 entradas combo XLR\/jack, alimentaci\u00f3n phantom de 48V, salida de monitorizaci\u00f3n est\u00e9reo TRS, salida de aud\u00edfonos, alimentado por bus USB (tambi\u00e9n admite el funcionamiento con bater\u00eda o adaptador de corriente), latencia cero de monitorizaci\u00f3n, respuesta de frecuencia: 20 Hz - 20 kHz, dimensiones: 44.5 x 117 x 119 mm, peso: 0.59 kg.","og_url":"https:\/\/www.mexicanguitarplayers.com\/en\/tienda\/audio\/amplificadores-audio\/preamplificadores-para-microfono\/preamplificador-a-r-t-mod-usb-dual-pre\/","og_site_name":"Mexican Guitar Players","article_modified_time":"2026-05-01T13:41:00+00:00","og_image":[{"width":1200,"height":1200,"url":"https:\/\/www.mexicanguitarplayers.com\/wp-content\/uploads\/2022\/08\/IAARTUSBDUALPR.jpg","type":"image\/jpeg"}],"twitter_card":"summary_large_image","schema":{"@context":"https:\/\/schema.org","@graph":[{"@type":["WebPage","ItemPage"],"@id":"https:\/\/www.mexicanguitarplayers.com\/tienda\/audio\/amplificadores-audio\/preamplificadores-para-microfono\/preamplificador-a-r-t-mod-usb-dual-pre\/","url":"https:\/\/www.mexicanguitarplayers.com\/tienda\/audio\/amplificadores-audio\/preamplificadores-para-microfono\/preamplificador-a-r-t-mod-usb-dual-pre\/","name":"PREAMPLIFICADOR A.R.T. MOD. USB-DUAL-PRE - Mexican Guitar Players","isPartOf":{"@id":"https:\/\/www.mexicanguitarplayers.com\/#website"},"primaryImageOfPage":{"@id":"https:\/\/www.mexicanguitarplayers.com\/tienda\/audio\/amplificadores-audio\/preamplificadores-para-microfono\/preamplificador-a-r-t-mod-usb-dual-pre\/#primaryimage"},"image":{"@id":"https:\/\/www.mexicanguitarplayers.com\/tienda\/audio\/amplificadores-audio\/preamplificadores-para-microfono\/preamplificador-a-r-t-mod-usb-dual-pre\/#primaryimage"},"thumbnailUrl":"https:\/\/www.mexicanguitarplayers.com\/wp-content\/uploads\/2022\/08\/IAARTUSBDUALPR.jpg","datePublished":"2022-08-18T20:44:42+00:00","dateModified":"2026-05-01T13:41:00+00:00","description":"PREAMPLIFICADOR A.R.T. MOD. USB-DUAL-PRE. Preamplificador de 2 canales con conexi\u00f3n USB, 2 entradas combo XLR\/jack, alimentaci\u00f3n phantom de 48V, salida de monitorizaci\u00f3n est\u00e9reo TRS, salida de aud\u00edfonos, alimentado por bus USB (tambi\u00e9n admite el funcionamiento con bater\u00eda o adaptador de corriente), latencia cero de monitorizaci\u00f3n, respuesta de frecuencia: 20 Hz - 20 kHz, dimensiones: 44.5 x 117 x 119 mm, peso: 0.59 kg.","breadcrumb":{"@id":"https:\/\/www.mexicanguitarplayers.com\/tienda\/audio\/amplificadores-audio\/preamplificadores-para-microfono\/preamplificador-a-r-t-mod-usb-dual-pre\/#breadcrumb"},"inLanguage":"en-US","potentialAction":[{"@type":"ReadAction","target":["https:\/\/www.mexicanguitarplayers.com\/tienda\/audio\/amplificadores-audio\/preamplificadores-para-microfono\/preamplificador-a-r-t-mod-usb-dual-pre\/"]}]},{"@type":"ImageObject","inLanguage":"en-US","@id":"https:\/\/www.mexicanguitarplayers.com\/tienda\/audio\/amplificadores-audio\/preamplificadores-para-microfono\/preamplificador-a-r-t-mod-usb-dual-pre\/#primaryimage","url":"https:\/\/www.mexicanguitarplayers.com\/wp-content\/uploads\/2022\/08\/IAARTUSBDUALPR.jpg","contentUrl":"https:\/\/www.mexicanguitarplayers.com\/wp-content\/uploads\/2022\/08\/IAARTUSBDUALPR.jpg","width":1200,"height":1200},{"@type":"BreadcrumbList","@id":"https:\/\/www.mexicanguitarplayers.com\/tienda\/audio\/amplificadores-audio\/preamplificadores-para-microfono\/preamplificador-a-r-t-mod-usb-dual-pre\/#breadcrumb","itemListElement":[{"@type":"ListItem","position":1,"name":"Portada","item":"https:\/\/www.mexicanguitarplayers.com\/"},{"@type":"ListItem","position":2,"name":"Tienda","item":"https:\/\/www.mexicanguitarplayers.com\/tienda\/"},{"@type":"ListItem","position":3,"name":"PREAMPLIFICADOR A.R.T. MOD. USB-DUAL-PRE"}]},{"@type":"WebSite","@id":"https:\/\/www.mexicanguitarplayers.com\/#website","url":"https:\/\/www.mexicanguitarplayers.com\/","name":"Mexican Guitar Players","description":"Website","publisher":{"@id":"https:\/\/www.mexicanguitarplayers.com\/#organization"},"potentialAction":[{"@type":"SearchAction","target":{"@type":"EntryPoint","urlTemplate":"https:\/\/www.mexicanguitarplayers.com\/?s={search_term_string}"},"query-input":{"@type":"PropertyValueSpecification","valueRequired":true,"valueName":"search_term_string"}}],"inLanguage":"en-US"},{"@type":"Organization","@id":"https:\/\/www.mexicanguitarplayers.com\/#organization","name":"Mexican Guitar Players","url":"https:\/\/www.mexicanguitarplayers.com\/","logo":{"@type":"ImageObject","inLanguage":"en-US","@id":"https:\/\/www.mexicanguitarplayers.com\/#\/schema\/logo\/image\/","url":"","contentUrl":"","caption":"Mexican Guitar Players"},"image":{"@id":"https:\/\/www.mexicanguitarplayers.com\/#\/schema\/logo\/image\/"}}]}},"brands":[{"id":531,"name":"ART","slug":"a-r-t"}],"_links":{"self":[{"href":"https:\/\/www.mexicanguitarplayers.com\/en\/wp-json\/wp\/v2\/product\/14844","targetHints":{"allow":["GET"]}}],"collection":[{"href":"https:\/\/www.mexicanguitarplayers.com\/en\/wp-json\/wp\/v2\/product"}],"about":[{"href":"https:\/\/www.mexicanguitarplayers.com\/en\/wp-json\/wp\/v2\/types\/product"}],"replies":[{"embeddable":true,"href":"https:\/\/www.mexicanguitarplayers.com\/en\/wp-json\/wp\/v2\/comments?post=14844"}],"wp:featuredmedia":[{"embeddable":true,"href":"https:\/\/www.mexicanguitarplayers.com\/en\/wp-json\/wp\/v2\/media\/14840"}],"wp:attachment":[{"href":"https:\/\/www.mexicanguitarplayers.com\/en\/wp-json\/wp\/v2\/media?parent=14844"}],"wp:term":[{"taxonomy":"pwb-brand","embeddable":true,"href":"https:\/\/www.mexicanguitarplayers.com\/en\/wp-json\/wp\/v2\/pwb-brand?post=14844"},{"taxonomy":"product_brand","embeddable":true,"href":"https:\/\/www.mexicanguitarplayers.com\/en\/wp-json\/wp\/v2\/product_brand?post=14844"},{"taxonomy":"product_cat","embeddable":true,"href":"https:\/\/www.mexicanguitarplayers.com\/en\/wp-json\/wp\/v2\/product_cat?post=14844"},{"taxonomy":"product_tag","embeddable":true,"href":"https:\/\/www.mexicanguitarplayers.com\/en\/wp-json\/wp\/v2\/product_tag?post=14844"}],"curies":[{"name":"wp","href":"https:\/\/api.w.org\/{rel}","templated":true}]}}