{"id":15012,"date":"2022-08-18T15:50:07","date_gmt":"2022-08-18T20:50:07","guid":{"rendered":"https:\/\/www.mexicanguitarplayers.com\/tienda\/sin%20categor\u00eda\/amplificador-e-v-poder-mod-cps8-5\/"},"modified":"2023-03-29T22:26:41","modified_gmt":"2023-03-30T04:26:41","slug":"amplificador-e-v-poder-mod-cps8-5","status":"publish","type":"product","link":"https:\/\/www.mexicanguitarplayers.com\/en\/tienda\/audio\/amplificadores-audio\/amplificadores-de-potencia\/amplificador-e-v-poder-mod-cps8-5\/","title":{"rendered":"EV POWER AMPLIFIER MOD. CPS8.5"},"content":{"rendered":"<div style=\"text-align: justify\">\n<div>\n<h3>EV POWER AMPLIFIER MOD. CPS8.5<\/h3>\n<\/div>\n<div>Power amplifier, 8 channels, 500 watts per channel, 70\/100 V operation for distributed systems, Class D design, slot for optional RCM module that allows IRIS-Net control and monitoring, IRIS-Net selection per channel impedance , rear-mounted attenuators, switchable 50 Hz high-pass filter (Hi-Z mode), Phoenix input and output connectors, front-to-rear fans, 2 rack units, weight: 13.9 kg.<\/div>\n<\/div>","protected":false},"excerpt":{"rendered":"<p>Amplificador de potencia, 8 canales, 500 watts por canal, operaci\u00f3n a 70\/100 V para sistemas distribuidos, dise\u00f1o Clase D, ranura para m\u00f3dulo RCM-opcional que permite control y monitoreo IRIS-Net, selecci\u00f3n IRIS-Net por cada impedancia de canal, atenuadores montados en la parte trasera, filtro de paso alto 50 Hz conmutable (modo Hi-Z), conectores Phoenix de entrada y salida, ventiladores de frentehacia la parte posterior, 2 unidades de rack, peso: 13.9 kg.&hellip; <a class=\"kt-excerpt-readmore more-link\" href=\"https:\/\/www.mexicanguitarplayers.com\/en\/tienda\/audio\/amplificadores-audio\/amplificadores-de-potencia\/amplificador-e-v-poder-mod-cps8-5\/\">Read more<\/a><\/p>","protected":false},"featured_media":15010,"comment_status":"open","ping_status":"closed","template":"","meta":{"kt_blocks_editor_width":""},"pwb-brand":[535],"product_brand":[],"product_cat":[219,220,213],"product_tag":[],"class_list":{"0":"post-15012","1":"product","2":"type-product","3":"status-publish","4":"has-post-thumbnail","6":"pwb-brand-electrovoice","7":"product_cat-amplificadores-audio","8":"product_cat-amplificadores-de-potencia","9":"product_cat-audio","10":"product_shipping_class-15-20-kg","12":"first","13":"outofstock","14":"taxable","15":"shipping-taxable","16":"purchasable","17":"product-type-simple"},"yoast_head":"<!-- This site is optimized with the Yoast SEO plugin v27.6 - https:\/\/yoast.com\/product\/yoast-seo-wordpress\/ -->\n<title>AMPLIFICADOR E.V. PODER MOD. CPS8.5 - Mexican Guitar Players<\/title>\n<meta name=\"description\" content=\"AMPLIFICADOR E.V. PODER MOD. CPS8.5. Amplificador de potencia, 8 canales, 500 watts por canal, operaci\u00f3n a 70\/100 V para sistemas distribuidos, dise\u00f1o Clase D, ranura para m\u00f3dulo RCM-opcional que permite control y monitoreo IRIS-Net, selecci\u00f3n IRIS-Net por cada impedancia de canal, atenuadores montados en la parte trasera, filtro de paso alto 50 Hz conmutable (modo Hi-Z), conectores Phoenix de entrada y salida, ventiladores de frentehacia la parte posterior, 2 unidades de rack, peso: 13.9 kg.\" \/>\n<meta name=\"robots\" content=\"index, follow, max-snippet:-1, max-image-preview:large, max-video-preview:-1\" \/>\n<link rel=\"canonical\" href=\"https:\/\/www.mexicanguitarplayers.com\/en\/tienda\/audio\/amplificadores-audio\/amplificadores-de-potencia\/amplificador-e-v-poder-mod-cps8-5\/\" \/>\n<meta property=\"og:locale\" content=\"en_US\" \/>\n<meta property=\"og:type\" content=\"article\" \/>\n<meta property=\"og:title\" content=\"AMPLIFICADOR E.V. PODER MOD. CPS8.5 - Mexican Guitar Players\" \/>\n<meta property=\"og:description\" content=\"AMPLIFICADOR E.V. PODER MOD. CPS8.5. Amplificador de potencia, 8 canales, 500 watts por canal, operaci\u00f3n a 70\/100 V para sistemas distribuidos, dise\u00f1o Clase D, ranura para m\u00f3dulo RCM-opcional que permite control y monitoreo IRIS-Net, selecci\u00f3n IRIS-Net por cada impedancia de canal, atenuadores montados en la parte trasera, filtro de paso alto 50 Hz conmutable (modo Hi-Z), conectores Phoenix de entrada y salida, ventiladores de frentehacia la parte posterior, 2 unidades de rack, peso: 13.9 kg.\" \/>\n<meta property=\"og:url\" content=\"https:\/\/www.mexicanguitarplayers.com\/en\/tienda\/audio\/amplificadores-audio\/amplificadores-de-potencia\/amplificador-e-v-poder-mod-cps8-5\/\" \/>\n<meta property=\"og:site_name\" content=\"Mexican Guitar Players\" \/>\n<meta property=\"article:modified_time\" content=\"2023-03-30T04:26:41+00:00\" \/>\n<meta property=\"og:image\" content=\"https:\/\/www.mexicanguitarplayers.com\/wp-content\/uploads\/2022\/08\/IAEVOCPS85.jpg\" \/>\n\t<meta property=\"og:image:width\" content=\"1600\" \/>\n\t<meta property=\"og:image:height\" content=\"800\" \/>\n\t<meta property=\"og:image:type\" content=\"image\/jpeg\" \/>\n<meta name=\"twitter:card\" content=\"summary_large_image\" \/>\n<script type=\"application\/ld+json\" class=\"yoast-schema-graph\">{\"@context\":\"https:\\\/\\\/schema.org\",\"@graph\":[{\"@type\":[\"WebPage\",\"ItemPage\"],\"@id\":\"https:\\\/\\\/www.mexicanguitarplayers.com\\\/tienda\\\/audio\\\/amplificadores-audio\\\/amplificadores-de-potencia\\\/amplificador-e-v-poder-mod-cps8-5\\\/\",\"url\":\"https:\\\/\\\/www.mexicanguitarplayers.com\\\/tienda\\\/audio\\\/amplificadores-audio\\\/amplificadores-de-potencia\\\/amplificador-e-v-poder-mod-cps8-5\\\/\",\"name\":\"AMPLIFICADOR E.V. PODER MOD. CPS8.5 - Mexican Guitar Players\",\"isPartOf\":{\"@id\":\"https:\\\/\\\/www.mexicanguitarplayers.com\\\/#website\"},\"primaryImageOfPage\":{\"@id\":\"https:\\\/\\\/www.mexicanguitarplayers.com\\\/tienda\\\/audio\\\/amplificadores-audio\\\/amplificadores-de-potencia\\\/amplificador-e-v-poder-mod-cps8-5\\\/#primaryimage\"},\"image\":{\"@id\":\"https:\\\/\\\/www.mexicanguitarplayers.com\\\/tienda\\\/audio\\\/amplificadores-audio\\\/amplificadores-de-potencia\\\/amplificador-e-v-poder-mod-cps8-5\\\/#primaryimage\"},\"thumbnailUrl\":\"https:\\\/\\\/www.mexicanguitarplayers.com\\\/wp-content\\\/uploads\\\/2022\\\/08\\\/IAEVOCPS85.jpg\",\"datePublished\":\"2022-08-18T20:50:07+00:00\",\"dateModified\":\"2023-03-30T04:26:41+00:00\",\"description\":\"AMPLIFICADOR E.V. PODER MOD. CPS8.5. Amplificador de potencia, 8 canales, 500 watts por canal, operaci\u00f3n a 70\\\/100 V para sistemas distribuidos, dise\u00f1o Clase D, ranura para m\u00f3dulo RCM-opcional que permite control y monitoreo IRIS-Net, selecci\u00f3n IRIS-Net por cada impedancia de canal, atenuadores montados en la parte trasera, filtro de paso alto 50 Hz conmutable (modo Hi-Z), conectores Phoenix de entrada y salida, ventiladores de frentehacia la parte posterior, 2 unidades de rack, peso: 13.9 kg.\",\"breadcrumb\":{\"@id\":\"https:\\\/\\\/www.mexicanguitarplayers.com\\\/tienda\\\/audio\\\/amplificadores-audio\\\/amplificadores-de-potencia\\\/amplificador-e-v-poder-mod-cps8-5\\\/#breadcrumb\"},\"inLanguage\":\"en-US\",\"potentialAction\":[{\"@type\":\"ReadAction\",\"target\":[\"https:\\\/\\\/www.mexicanguitarplayers.com\\\/tienda\\\/audio\\\/amplificadores-audio\\\/amplificadores-de-potencia\\\/amplificador-e-v-poder-mod-cps8-5\\\/\"]}]},{\"@type\":\"ImageObject\",\"inLanguage\":\"en-US\",\"@id\":\"https:\\\/\\\/www.mexicanguitarplayers.com\\\/tienda\\\/audio\\\/amplificadores-audio\\\/amplificadores-de-potencia\\\/amplificador-e-v-poder-mod-cps8-5\\\/#primaryimage\",\"url\":\"https:\\\/\\\/www.mexicanguitarplayers.com\\\/wp-content\\\/uploads\\\/2022\\\/08\\\/IAEVOCPS85.jpg\",\"contentUrl\":\"https:\\\/\\\/www.mexicanguitarplayers.com\\\/wp-content\\\/uploads\\\/2022\\\/08\\\/IAEVOCPS85.jpg\",\"width\":1600,\"height\":800},{\"@type\":\"BreadcrumbList\",\"@id\":\"https:\\\/\\\/www.mexicanguitarplayers.com\\\/tienda\\\/audio\\\/amplificadores-audio\\\/amplificadores-de-potencia\\\/amplificador-e-v-poder-mod-cps8-5\\\/#breadcrumb\",\"itemListElement\":[{\"@type\":\"ListItem\",\"position\":1,\"name\":\"Portada\",\"item\":\"https:\\\/\\\/www.mexicanguitarplayers.com\\\/\"},{\"@type\":\"ListItem\",\"position\":2,\"name\":\"Tienda\",\"item\":\"https:\\\/\\\/www.mexicanguitarplayers.com\\\/tienda\\\/\"},{\"@type\":\"ListItem\",\"position\":3,\"name\":\"AMPLIFICADOR E.V. PODER MOD. CPS8.5\"}]},{\"@type\":\"WebSite\",\"@id\":\"https:\\\/\\\/www.mexicanguitarplayers.com\\\/#website\",\"url\":\"https:\\\/\\\/www.mexicanguitarplayers.com\\\/\",\"name\":\"Mexican Guitar Players\",\"description\":\"Website\",\"publisher\":{\"@id\":\"https:\\\/\\\/www.mexicanguitarplayers.com\\\/#organization\"},\"potentialAction\":[{\"@type\":\"SearchAction\",\"target\":{\"@type\":\"EntryPoint\",\"urlTemplate\":\"https:\\\/\\\/www.mexicanguitarplayers.com\\\/?s={search_term_string}\"},\"query-input\":{\"@type\":\"PropertyValueSpecification\",\"valueRequired\":true,\"valueName\":\"search_term_string\"}}],\"inLanguage\":\"en-US\"},{\"@type\":\"Organization\",\"@id\":\"https:\\\/\\\/www.mexicanguitarplayers.com\\\/#organization\",\"name\":\"Mexican Guitar Players\",\"url\":\"https:\\\/\\\/www.mexicanguitarplayers.com\\\/\",\"logo\":{\"@type\":\"ImageObject\",\"inLanguage\":\"en-US\",\"@id\":\"https:\\\/\\\/www.mexicanguitarplayers.com\\\/#\\\/schema\\\/logo\\\/image\\\/\",\"url\":\"\",\"contentUrl\":\"\",\"caption\":\"Mexican Guitar Players\"},\"image\":{\"@id\":\"https:\\\/\\\/www.mexicanguitarplayers.com\\\/#\\\/schema\\\/logo\\\/image\\\/\"}}]}<\/script>\n<!-- \/ Yoast SEO plugin. -->","yoast_head_json":{"title":"AMPLIFICADOR E.V. PODER MOD. CPS8.5 - Mexican Guitar Players","description":"AMPLIFICADOR E.V. PODER MOD. CPS8.5. Amplificador de potencia, 8 canales, 500 watts por canal, operaci\u00f3n a 70\/100 V para sistemas distribuidos, dise\u00f1o Clase D, ranura para m\u00f3dulo RCM-opcional que permite control y monitoreo IRIS-Net, selecci\u00f3n IRIS-Net por cada impedancia de canal, atenuadores montados en la parte trasera, filtro de paso alto 50 Hz conmutable (modo Hi-Z), conectores Phoenix de entrada y salida, ventiladores de frentehacia la parte posterior, 2 unidades de rack, peso: 13.9 kg.","robots":{"index":"index","follow":"follow","max-snippet":"max-snippet:-1","max-image-preview":"max-image-preview:large","max-video-preview":"max-video-preview:-1"},"canonical":"https:\/\/www.mexicanguitarplayers.com\/en\/tienda\/audio\/amplificadores-audio\/amplificadores-de-potencia\/amplificador-e-v-poder-mod-cps8-5\/","og_locale":"en_US","og_type":"article","og_title":"AMPLIFICADOR E.V. PODER MOD. CPS8.5 - Mexican Guitar Players","og_description":"AMPLIFICADOR E.V. PODER MOD. CPS8.5. Amplificador de potencia, 8 canales, 500 watts por canal, operaci\u00f3n a 70\/100 V para sistemas distribuidos, dise\u00f1o Clase D, ranura para m\u00f3dulo RCM-opcional que permite control y monitoreo IRIS-Net, selecci\u00f3n IRIS-Net por cada impedancia de canal, atenuadores montados en la parte trasera, filtro de paso alto 50 Hz conmutable (modo Hi-Z), conectores Phoenix de entrada y salida, ventiladores de frentehacia la parte posterior, 2 unidades de rack, peso: 13.9 kg.","og_url":"https:\/\/www.mexicanguitarplayers.com\/en\/tienda\/audio\/amplificadores-audio\/amplificadores-de-potencia\/amplificador-e-v-poder-mod-cps8-5\/","og_site_name":"Mexican Guitar Players","article_modified_time":"2023-03-30T04:26:41+00:00","og_image":[{"width":1600,"height":800,"url":"https:\/\/www.mexicanguitarplayers.com\/wp-content\/uploads\/2022\/08\/IAEVOCPS85.jpg","type":"image\/jpeg"}],"twitter_card":"summary_large_image","schema":{"@context":"https:\/\/schema.org","@graph":[{"@type":["WebPage","ItemPage"],"@id":"https:\/\/www.mexicanguitarplayers.com\/tienda\/audio\/amplificadores-audio\/amplificadores-de-potencia\/amplificador-e-v-poder-mod-cps8-5\/","url":"https:\/\/www.mexicanguitarplayers.com\/tienda\/audio\/amplificadores-audio\/amplificadores-de-potencia\/amplificador-e-v-poder-mod-cps8-5\/","name":"AMPLIFICADOR E.V. PODER MOD. CPS8.5 - Mexican Guitar Players","isPartOf":{"@id":"https:\/\/www.mexicanguitarplayers.com\/#website"},"primaryImageOfPage":{"@id":"https:\/\/www.mexicanguitarplayers.com\/tienda\/audio\/amplificadores-audio\/amplificadores-de-potencia\/amplificador-e-v-poder-mod-cps8-5\/#primaryimage"},"image":{"@id":"https:\/\/www.mexicanguitarplayers.com\/tienda\/audio\/amplificadores-audio\/amplificadores-de-potencia\/amplificador-e-v-poder-mod-cps8-5\/#primaryimage"},"thumbnailUrl":"https:\/\/www.mexicanguitarplayers.com\/wp-content\/uploads\/2022\/08\/IAEVOCPS85.jpg","datePublished":"2022-08-18T20:50:07+00:00","dateModified":"2023-03-30T04:26:41+00:00","description":"AMPLIFICADOR E.V. PODER MOD. CPS8.5. Amplificador de potencia, 8 canales, 500 watts por canal, operaci\u00f3n a 70\/100 V para sistemas distribuidos, dise\u00f1o Clase D, ranura para m\u00f3dulo RCM-opcional que permite control y monitoreo IRIS-Net, selecci\u00f3n IRIS-Net por cada impedancia de canal, atenuadores montados en la parte trasera, filtro de paso alto 50 Hz conmutable (modo Hi-Z), conectores Phoenix de entrada y salida, ventiladores de frentehacia la parte posterior, 2 unidades de rack, peso: 13.9 kg.","breadcrumb":{"@id":"https:\/\/www.mexicanguitarplayers.com\/tienda\/audio\/amplificadores-audio\/amplificadores-de-potencia\/amplificador-e-v-poder-mod-cps8-5\/#breadcrumb"},"inLanguage":"en-US","potentialAction":[{"@type":"ReadAction","target":["https:\/\/www.mexicanguitarplayers.com\/tienda\/audio\/amplificadores-audio\/amplificadores-de-potencia\/amplificador-e-v-poder-mod-cps8-5\/"]}]},{"@type":"ImageObject","inLanguage":"en-US","@id":"https:\/\/www.mexicanguitarplayers.com\/tienda\/audio\/amplificadores-audio\/amplificadores-de-potencia\/amplificador-e-v-poder-mod-cps8-5\/#primaryimage","url":"https:\/\/www.mexicanguitarplayers.com\/wp-content\/uploads\/2022\/08\/IAEVOCPS85.jpg","contentUrl":"https:\/\/www.mexicanguitarplayers.com\/wp-content\/uploads\/2022\/08\/IAEVOCPS85.jpg","width":1600,"height":800},{"@type":"BreadcrumbList","@id":"https:\/\/www.mexicanguitarplayers.com\/tienda\/audio\/amplificadores-audio\/amplificadores-de-potencia\/amplificador-e-v-poder-mod-cps8-5\/#breadcrumb","itemListElement":[{"@type":"ListItem","position":1,"name":"Portada","item":"https:\/\/www.mexicanguitarplayers.com\/"},{"@type":"ListItem","position":2,"name":"Tienda","item":"https:\/\/www.mexicanguitarplayers.com\/tienda\/"},{"@type":"ListItem","position":3,"name":"AMPLIFICADOR E.V. PODER MOD. CPS8.5"}]},{"@type":"WebSite","@id":"https:\/\/www.mexicanguitarplayers.com\/#website","url":"https:\/\/www.mexicanguitarplayers.com\/","name":"Mexican Guitar Players","description":"Website","publisher":{"@id":"https:\/\/www.mexicanguitarplayers.com\/#organization"},"potentialAction":[{"@type":"SearchAction","target":{"@type":"EntryPoint","urlTemplate":"https:\/\/www.mexicanguitarplayers.com\/?s={search_term_string}"},"query-input":{"@type":"PropertyValueSpecification","valueRequired":true,"valueName":"search_term_string"}}],"inLanguage":"en-US"},{"@type":"Organization","@id":"https:\/\/www.mexicanguitarplayers.com\/#organization","name":"Mexican Guitar Players","url":"https:\/\/www.mexicanguitarplayers.com\/","logo":{"@type":"ImageObject","inLanguage":"en-US","@id":"https:\/\/www.mexicanguitarplayers.com\/#\/schema\/logo\/image\/","url":"","contentUrl":"","caption":"Mexican Guitar Players"},"image":{"@id":"https:\/\/www.mexicanguitarplayers.com\/#\/schema\/logo\/image\/"}}]}},"brands":[{"id":535,"name":"ELECTROVOICE","slug":"electrovoice"}],"_links":{"self":[{"href":"https:\/\/www.mexicanguitarplayers.com\/en\/wp-json\/wp\/v2\/product\/15012","targetHints":{"allow":["GET"]}}],"collection":[{"href":"https:\/\/www.mexicanguitarplayers.com\/en\/wp-json\/wp\/v2\/product"}],"about":[{"href":"https:\/\/www.mexicanguitarplayers.com\/en\/wp-json\/wp\/v2\/types\/product"}],"replies":[{"embeddable":true,"href":"https:\/\/www.mexicanguitarplayers.com\/en\/wp-json\/wp\/v2\/comments?post=15012"}],"wp:featuredmedia":[{"embeddable":true,"href":"https:\/\/www.mexicanguitarplayers.com\/en\/wp-json\/wp\/v2\/media\/15010"}],"wp:attachment":[{"href":"https:\/\/www.mexicanguitarplayers.com\/en\/wp-json\/wp\/v2\/media?parent=15012"}],"wp:term":[{"taxonomy":"pwb-brand","embeddable":true,"href":"https:\/\/www.mexicanguitarplayers.com\/en\/wp-json\/wp\/v2\/pwb-brand?post=15012"},{"taxonomy":"product_brand","embeddable":true,"href":"https:\/\/www.mexicanguitarplayers.com\/en\/wp-json\/wp\/v2\/product_brand?post=15012"},{"taxonomy":"product_cat","embeddable":true,"href":"https:\/\/www.mexicanguitarplayers.com\/en\/wp-json\/wp\/v2\/product_cat?post=15012"},{"taxonomy":"product_tag","embeddable":true,"href":"https:\/\/www.mexicanguitarplayers.com\/en\/wp-json\/wp\/v2\/product_tag?post=15012"}],"curies":[{"name":"wp","href":"https:\/\/api.w.org\/{rel}","templated":true}]}}