{"id":15086,"date":"2022-08-18T15:52:09","date_gmt":"2022-08-18T20:52:09","guid":{"rendered":"https:\/\/www.mexicanguitarplayers.com\/tienda\/sin%20categor\u00eda\/microfono-e-v-mod-n-d967\/"},"modified":"2026-04-10T05:08:16","modified_gmt":"2026-04-10T11:08:16","slug":"microfono-e-v-mod-n-d967","status":"publish","type":"product","link":"https:\/\/www.mexicanguitarplayers.com\/en\/tienda\/audio\/microfonia\/microfonos-alambricos\/microfono-e-v-mod-n-d967\/","title":{"rendered":"EV MICROPHONE MOD. N\/A967"},"content":{"rendered":"<div style=\"text-align: justify\">\n<div>\n<h3>EV MICROPHONE MOD. N\/A967<\/h3>\n<\/div>\n<div>Handheld microphone, super cardioid dynamic, high SPL, highest possible gain before feedback, response optimized for live performance, vocal personality shift to shape sound, high-sensitivity neodymium dynamic element, tight-mesh Memraflex grille , removable grill and filter for easy and hygienic cleaning, 3-pin XLR connector, height: 173 mm, weight: 205 g.<\/div>\n<\/div>","protected":false},"excerpt":{"rendered":"<p>Micr\u00f3fono de mano, din\u00e1mico super cardioide, alto SPL, la mayor ganancia posible antes de la retroalimentaci\u00f3n, respuesta optimizada para shows en vivo, cambio de personalidad vocal para dar forma al sonido, elemento din\u00e1mico de neodimio de alta sensibilidad, rejilla Memraflex de malla apretada, rejilla y filtro extra\u00edbles que permiten una limpieza f\u00e1cil e higi\u00e9nica, conector XLR de 3 pines, altura: 173 mm, peso: 205 g.&hellip; <a class=\"kt-excerpt-readmore more-link\" href=\"https:\/\/www.mexicanguitarplayers.com\/en\/tienda\/audio\/microfonia\/microfonos-alambricos\/microfono-e-v-mod-n-d967\/\">Read more<\/a><\/p>","protected":false},"featured_media":15085,"comment_status":"open","ping_status":"closed","template":"","meta":{"kt_blocks_editor_width":""},"pwb-brand":[535],"product_brand":[],"product_cat":[213,214,215],"product_tag":[],"class_list":{"0":"post-15086","1":"product","2":"type-product","3":"status-publish","4":"has-post-thumbnail","6":"pwb-brand-electrovoice","7":"product_cat-audio","8":"product_cat-microfonia","9":"product_cat-microfonos-alambricos","10":"product_shipping_class-0-5-kg","12":"first","13":"outofstock","14":"taxable","15":"shipping-taxable","16":"purchasable","17":"product-type-simple"},"yoast_head":"<!-- This site is optimized with the Yoast SEO plugin v27.5 - https:\/\/yoast.com\/product\/yoast-seo-wordpress\/ -->\n<title>MICROFONO E.V. MOD. N\/D967 - Mexican Guitar Players<\/title>\n<meta name=\"description\" content=\"MICROFONO E.V. MOD. N\/D967. Micr\u00f3fono de mano, din\u00e1mico super cardioide, alto SPL, la mayor ganancia posible antes de la retroalimentaci\u00f3n, respuesta optimizada para shows en vivo, cambio de personalidad vocal para dar forma al sonido, elemento din\u00e1mico de neodimio de alta sensibilidad, rejilla Memraflex de malla apretada, rejilla y filtro extra\u00edbles que permiten una limpieza f\u00e1cil e higi\u00e9nica, conector XLR de 3 pines, altura: 173 mm, peso: 205 g.\" \/>\n<meta name=\"robots\" content=\"index, follow, max-snippet:-1, max-image-preview:large, max-video-preview:-1\" \/>\n<link rel=\"canonical\" href=\"https:\/\/www.mexicanguitarplayers.com\/en\/tienda\/audio\/microfonia\/microfonos-alambricos\/microfono-e-v-mod-n-d967\/\" \/>\n<meta property=\"og:locale\" content=\"en_US\" \/>\n<meta property=\"og:type\" content=\"article\" \/>\n<meta property=\"og:title\" content=\"MICROFONO E.V. MOD. N\/D967 - Mexican Guitar Players\" \/>\n<meta property=\"og:description\" content=\"MICROFONO E.V. MOD. N\/D967. Micr\u00f3fono de mano, din\u00e1mico super cardioide, alto SPL, la mayor ganancia posible antes de la retroalimentaci\u00f3n, respuesta optimizada para shows en vivo, cambio de personalidad vocal para dar forma al sonido, elemento din\u00e1mico de neodimio de alta sensibilidad, rejilla Memraflex de malla apretada, rejilla y filtro extra\u00edbles que permiten una limpieza f\u00e1cil e higi\u00e9nica, conector XLR de 3 pines, altura: 173 mm, peso: 205 g.\" \/>\n<meta property=\"og:url\" content=\"https:\/\/www.mexicanguitarplayers.com\/en\/tienda\/audio\/microfonia\/microfonos-alambricos\/microfono-e-v-mod-n-d967\/\" \/>\n<meta property=\"og:site_name\" content=\"Mexican Guitar Players\" \/>\n<meta property=\"article:modified_time\" content=\"2026-04-10T11:08:16+00:00\" \/>\n<meta property=\"og:image\" content=\"https:\/\/www.mexicanguitarplayers.com\/wp-content\/uploads\/2022\/08\/IAEVOND967.jpg\" \/>\n\t<meta property=\"og:image:width\" content=\"335\" \/>\n\t<meta property=\"og:image:height\" content=\"1024\" \/>\n\t<meta property=\"og:image:type\" content=\"image\/jpeg\" \/>\n<meta name=\"twitter:card\" content=\"summary_large_image\" \/>\n<script type=\"application\/ld+json\" class=\"yoast-schema-graph\">{\"@context\":\"https:\\\/\\\/schema.org\",\"@graph\":[{\"@type\":[\"WebPage\",\"ItemPage\"],\"@id\":\"https:\\\/\\\/www.mexicanguitarplayers.com\\\/tienda\\\/audio\\\/microfonia\\\/microfonos-alambricos\\\/microfono-e-v-mod-n-d967\\\/\",\"url\":\"https:\\\/\\\/www.mexicanguitarplayers.com\\\/tienda\\\/audio\\\/microfonia\\\/microfonos-alambricos\\\/microfono-e-v-mod-n-d967\\\/\",\"name\":\"MICROFONO E.V. MOD. N\\\/D967 - Mexican Guitar Players\",\"isPartOf\":{\"@id\":\"https:\\\/\\\/www.mexicanguitarplayers.com\\\/#website\"},\"primaryImageOfPage\":{\"@id\":\"https:\\\/\\\/www.mexicanguitarplayers.com\\\/tienda\\\/audio\\\/microfonia\\\/microfonos-alambricos\\\/microfono-e-v-mod-n-d967\\\/#primaryimage\"},\"image\":{\"@id\":\"https:\\\/\\\/www.mexicanguitarplayers.com\\\/tienda\\\/audio\\\/microfonia\\\/microfonos-alambricos\\\/microfono-e-v-mod-n-d967\\\/#primaryimage\"},\"thumbnailUrl\":\"https:\\\/\\\/www.mexicanguitarplayers.com\\\/wp-content\\\/uploads\\\/2022\\\/08\\\/IAEVOND967.jpg\",\"datePublished\":\"2022-08-18T20:52:09+00:00\",\"dateModified\":\"2026-04-10T11:08:16+00:00\",\"description\":\"MICROFONO E.V. MOD. N\\\/D967. Micr\u00f3fono de mano, din\u00e1mico super cardioide, alto SPL, la mayor ganancia posible antes de la retroalimentaci\u00f3n, respuesta optimizada para shows en vivo, cambio de personalidad vocal para dar forma al sonido, elemento din\u00e1mico de neodimio de alta sensibilidad, rejilla Memraflex de malla apretada, rejilla y filtro extra\u00edbles que permiten una limpieza f\u00e1cil e higi\u00e9nica, conector XLR de 3 pines, altura: 173 mm, peso: 205 g.\",\"breadcrumb\":{\"@id\":\"https:\\\/\\\/www.mexicanguitarplayers.com\\\/tienda\\\/audio\\\/microfonia\\\/microfonos-alambricos\\\/microfono-e-v-mod-n-d967\\\/#breadcrumb\"},\"inLanguage\":\"en-US\",\"potentialAction\":[{\"@type\":\"ReadAction\",\"target\":[\"https:\\\/\\\/www.mexicanguitarplayers.com\\\/tienda\\\/audio\\\/microfonia\\\/microfonos-alambricos\\\/microfono-e-v-mod-n-d967\\\/\"]}]},{\"@type\":\"ImageObject\",\"inLanguage\":\"en-US\",\"@id\":\"https:\\\/\\\/www.mexicanguitarplayers.com\\\/tienda\\\/audio\\\/microfonia\\\/microfonos-alambricos\\\/microfono-e-v-mod-n-d967\\\/#primaryimage\",\"url\":\"https:\\\/\\\/www.mexicanguitarplayers.com\\\/wp-content\\\/uploads\\\/2022\\\/08\\\/IAEVOND967.jpg\",\"contentUrl\":\"https:\\\/\\\/www.mexicanguitarplayers.com\\\/wp-content\\\/uploads\\\/2022\\\/08\\\/IAEVOND967.jpg\",\"width\":335,\"height\":1024},{\"@type\":\"BreadcrumbList\",\"@id\":\"https:\\\/\\\/www.mexicanguitarplayers.com\\\/tienda\\\/audio\\\/microfonia\\\/microfonos-alambricos\\\/microfono-e-v-mod-n-d967\\\/#breadcrumb\",\"itemListElement\":[{\"@type\":\"ListItem\",\"position\":1,\"name\":\"Portada\",\"item\":\"https:\\\/\\\/www.mexicanguitarplayers.com\\\/\"},{\"@type\":\"ListItem\",\"position\":2,\"name\":\"Tienda\",\"item\":\"https:\\\/\\\/www.mexicanguitarplayers.com\\\/tienda\\\/\"},{\"@type\":\"ListItem\",\"position\":3,\"name\":\"MICROFONO E.V. MOD. N\\\/D967\"}]},{\"@type\":\"WebSite\",\"@id\":\"https:\\\/\\\/www.mexicanguitarplayers.com\\\/#website\",\"url\":\"https:\\\/\\\/www.mexicanguitarplayers.com\\\/\",\"name\":\"Mexican Guitar Players\",\"description\":\"Website\",\"publisher\":{\"@id\":\"https:\\\/\\\/www.mexicanguitarplayers.com\\\/#organization\"},\"potentialAction\":[{\"@type\":\"SearchAction\",\"target\":{\"@type\":\"EntryPoint\",\"urlTemplate\":\"https:\\\/\\\/www.mexicanguitarplayers.com\\\/?s={search_term_string}\"},\"query-input\":{\"@type\":\"PropertyValueSpecification\",\"valueRequired\":true,\"valueName\":\"search_term_string\"}}],\"inLanguage\":\"en-US\"},{\"@type\":\"Organization\",\"@id\":\"https:\\\/\\\/www.mexicanguitarplayers.com\\\/#organization\",\"name\":\"Mexican Guitar Players\",\"url\":\"https:\\\/\\\/www.mexicanguitarplayers.com\\\/\",\"logo\":{\"@type\":\"ImageObject\",\"inLanguage\":\"en-US\",\"@id\":\"https:\\\/\\\/www.mexicanguitarplayers.com\\\/#\\\/schema\\\/logo\\\/image\\\/\",\"url\":\"\",\"contentUrl\":\"\",\"caption\":\"Mexican Guitar Players\"},\"image\":{\"@id\":\"https:\\\/\\\/www.mexicanguitarplayers.com\\\/#\\\/schema\\\/logo\\\/image\\\/\"}}]}<\/script>\n<!-- \/ Yoast SEO plugin. -->","yoast_head_json":{"title":"MICROFONO E.V. MOD. N\/D967 - Mexican Guitar Players","description":"MICROFONO E.V. MOD. N\/D967. Micr\u00f3fono de mano, din\u00e1mico super cardioide, alto SPL, la mayor ganancia posible antes de la retroalimentaci\u00f3n, respuesta optimizada para shows en vivo, cambio de personalidad vocal para dar forma al sonido, elemento din\u00e1mico de neodimio de alta sensibilidad, rejilla Memraflex de malla apretada, rejilla y filtro extra\u00edbles que permiten una limpieza f\u00e1cil e higi\u00e9nica, conector XLR de 3 pines, altura: 173 mm, peso: 205 g.","robots":{"index":"index","follow":"follow","max-snippet":"max-snippet:-1","max-image-preview":"max-image-preview:large","max-video-preview":"max-video-preview:-1"},"canonical":"https:\/\/www.mexicanguitarplayers.com\/en\/tienda\/audio\/microfonia\/microfonos-alambricos\/microfono-e-v-mod-n-d967\/","og_locale":"en_US","og_type":"article","og_title":"MICROFONO E.V. MOD. N\/D967 - Mexican Guitar Players","og_description":"MICROFONO E.V. MOD. N\/D967. Micr\u00f3fono de mano, din\u00e1mico super cardioide, alto SPL, la mayor ganancia posible antes de la retroalimentaci\u00f3n, respuesta optimizada para shows en vivo, cambio de personalidad vocal para dar forma al sonido, elemento din\u00e1mico de neodimio de alta sensibilidad, rejilla Memraflex de malla apretada, rejilla y filtro extra\u00edbles que permiten una limpieza f\u00e1cil e higi\u00e9nica, conector XLR de 3 pines, altura: 173 mm, peso: 205 g.","og_url":"https:\/\/www.mexicanguitarplayers.com\/en\/tienda\/audio\/microfonia\/microfonos-alambricos\/microfono-e-v-mod-n-d967\/","og_site_name":"Mexican Guitar Players","article_modified_time":"2026-04-10T11:08:16+00:00","og_image":[{"width":335,"height":1024,"url":"https:\/\/www.mexicanguitarplayers.com\/wp-content\/uploads\/2022\/08\/IAEVOND967.jpg","type":"image\/jpeg"}],"twitter_card":"summary_large_image","schema":{"@context":"https:\/\/schema.org","@graph":[{"@type":["WebPage","ItemPage"],"@id":"https:\/\/www.mexicanguitarplayers.com\/tienda\/audio\/microfonia\/microfonos-alambricos\/microfono-e-v-mod-n-d967\/","url":"https:\/\/www.mexicanguitarplayers.com\/tienda\/audio\/microfonia\/microfonos-alambricos\/microfono-e-v-mod-n-d967\/","name":"MICROFONO E.V. MOD. N\/D967 - Mexican Guitar Players","isPartOf":{"@id":"https:\/\/www.mexicanguitarplayers.com\/#website"},"primaryImageOfPage":{"@id":"https:\/\/www.mexicanguitarplayers.com\/tienda\/audio\/microfonia\/microfonos-alambricos\/microfono-e-v-mod-n-d967\/#primaryimage"},"image":{"@id":"https:\/\/www.mexicanguitarplayers.com\/tienda\/audio\/microfonia\/microfonos-alambricos\/microfono-e-v-mod-n-d967\/#primaryimage"},"thumbnailUrl":"https:\/\/www.mexicanguitarplayers.com\/wp-content\/uploads\/2022\/08\/IAEVOND967.jpg","datePublished":"2022-08-18T20:52:09+00:00","dateModified":"2026-04-10T11:08:16+00:00","description":"MICROFONO E.V. MOD. N\/D967. Micr\u00f3fono de mano, din\u00e1mico super cardioide, alto SPL, la mayor ganancia posible antes de la retroalimentaci\u00f3n, respuesta optimizada para shows en vivo, cambio de personalidad vocal para dar forma al sonido, elemento din\u00e1mico de neodimio de alta sensibilidad, rejilla Memraflex de malla apretada, rejilla y filtro extra\u00edbles que permiten una limpieza f\u00e1cil e higi\u00e9nica, conector XLR de 3 pines, altura: 173 mm, peso: 205 g.","breadcrumb":{"@id":"https:\/\/www.mexicanguitarplayers.com\/tienda\/audio\/microfonia\/microfonos-alambricos\/microfono-e-v-mod-n-d967\/#breadcrumb"},"inLanguage":"en-US","potentialAction":[{"@type":"ReadAction","target":["https:\/\/www.mexicanguitarplayers.com\/tienda\/audio\/microfonia\/microfonos-alambricos\/microfono-e-v-mod-n-d967\/"]}]},{"@type":"ImageObject","inLanguage":"en-US","@id":"https:\/\/www.mexicanguitarplayers.com\/tienda\/audio\/microfonia\/microfonos-alambricos\/microfono-e-v-mod-n-d967\/#primaryimage","url":"https:\/\/www.mexicanguitarplayers.com\/wp-content\/uploads\/2022\/08\/IAEVOND967.jpg","contentUrl":"https:\/\/www.mexicanguitarplayers.com\/wp-content\/uploads\/2022\/08\/IAEVOND967.jpg","width":335,"height":1024},{"@type":"BreadcrumbList","@id":"https:\/\/www.mexicanguitarplayers.com\/tienda\/audio\/microfonia\/microfonos-alambricos\/microfono-e-v-mod-n-d967\/#breadcrumb","itemListElement":[{"@type":"ListItem","position":1,"name":"Portada","item":"https:\/\/www.mexicanguitarplayers.com\/"},{"@type":"ListItem","position":2,"name":"Tienda","item":"https:\/\/www.mexicanguitarplayers.com\/tienda\/"},{"@type":"ListItem","position":3,"name":"MICROFONO E.V. MOD. N\/D967"}]},{"@type":"WebSite","@id":"https:\/\/www.mexicanguitarplayers.com\/#website","url":"https:\/\/www.mexicanguitarplayers.com\/","name":"Mexican Guitar Players","description":"Website","publisher":{"@id":"https:\/\/www.mexicanguitarplayers.com\/#organization"},"potentialAction":[{"@type":"SearchAction","target":{"@type":"EntryPoint","urlTemplate":"https:\/\/www.mexicanguitarplayers.com\/?s={search_term_string}"},"query-input":{"@type":"PropertyValueSpecification","valueRequired":true,"valueName":"search_term_string"}}],"inLanguage":"en-US"},{"@type":"Organization","@id":"https:\/\/www.mexicanguitarplayers.com\/#organization","name":"Mexican Guitar Players","url":"https:\/\/www.mexicanguitarplayers.com\/","logo":{"@type":"ImageObject","inLanguage":"en-US","@id":"https:\/\/www.mexicanguitarplayers.com\/#\/schema\/logo\/image\/","url":"","contentUrl":"","caption":"Mexican Guitar Players"},"image":{"@id":"https:\/\/www.mexicanguitarplayers.com\/#\/schema\/logo\/image\/"}}]}},"brands":[{"id":535,"name":"ELECTROVOICE","slug":"electrovoice"}],"_links":{"self":[{"href":"https:\/\/www.mexicanguitarplayers.com\/en\/wp-json\/wp\/v2\/product\/15086","targetHints":{"allow":["GET"]}}],"collection":[{"href":"https:\/\/www.mexicanguitarplayers.com\/en\/wp-json\/wp\/v2\/product"}],"about":[{"href":"https:\/\/www.mexicanguitarplayers.com\/en\/wp-json\/wp\/v2\/types\/product"}],"replies":[{"embeddable":true,"href":"https:\/\/www.mexicanguitarplayers.com\/en\/wp-json\/wp\/v2\/comments?post=15086"}],"wp:featuredmedia":[{"embeddable":true,"href":"https:\/\/www.mexicanguitarplayers.com\/en\/wp-json\/wp\/v2\/media\/15085"}],"wp:attachment":[{"href":"https:\/\/www.mexicanguitarplayers.com\/en\/wp-json\/wp\/v2\/media?parent=15086"}],"wp:term":[{"taxonomy":"pwb-brand","embeddable":true,"href":"https:\/\/www.mexicanguitarplayers.com\/en\/wp-json\/wp\/v2\/pwb-brand?post=15086"},{"taxonomy":"product_brand","embeddable":true,"href":"https:\/\/www.mexicanguitarplayers.com\/en\/wp-json\/wp\/v2\/product_brand?post=15086"},{"taxonomy":"product_cat","embeddable":true,"href":"https:\/\/www.mexicanguitarplayers.com\/en\/wp-json\/wp\/v2\/product_cat?post=15086"},{"taxonomy":"product_tag","embeddable":true,"href":"https:\/\/www.mexicanguitarplayers.com\/en\/wp-json\/wp\/v2\/product_tag?post=15086"}],"curies":[{"name":"wp","href":"https:\/\/api.w.org\/{rel}","templated":true}]}}