{"id":15097,"date":"2022-08-18T15:52:18","date_gmt":"2022-08-18T20:52:18","guid":{"rendered":"https:\/\/www.mexicanguitarplayers.com\/tienda\/sin%20categor\u00eda\/microfono-e-v-mod-pc-18-fl\/"},"modified":"2026-04-10T05:08:14","modified_gmt":"2026-04-10T11:08:14","slug":"microfono-e-v-mod-pc-18-fl","status":"publish","type":"product","link":"https:\/\/www.mexicanguitarplayers.com\/en\/tienda\/audio\/microfonia\/microfonos-alambricos\/de-escritorio\/microfono-e-v-mod-pc-18-fl\/","title":{"rendered":"EV MICROPHONE MOD. PC-18\/FL"},"content":{"rendered":"<div style=\"text-align: justify\">\n<div>\n<h3>EV MICROPHONE MOD. PC-18\/FL<\/h3>\n<\/div>\n<div>Podium microphone, PolarChoice model, allows selection of polar pattern (omnidirectional, cardioid, super cardioid and hyper cardioid), FlageMount version, smooth and uniform frequency response, extended low frequency response, switchable high-pass filter, rugged steel base , connector: 3-pin XLR, diameter: 6.4 mm (0.25\u201d), transducer: Back Electret condenser, impedance: Low-Z balanced 200 ohms, gooseneck, open circuit voltage: 5.6 mV\/Pascal, height: 299 mm, weight: 411 g.<\/div>\n<\/div>","protected":false},"excerpt":{"rendered":"<p>Micr\u00f3fono de p\u00f3dium, modelo PolarChoice, permite la selecci\u00f3n del patr\u00f3n polar (omnidireccional, cardioide, super cardioide e hiper cardioide), versi\u00f3n FlageMount, respuesta de frecuencia suave y uniforme, respuesta de baja frecuencia extendida, filtro pasa altos conmutable, base de acero resistente, conector: XLR de 3pines, di\u00e1metro: 6.4 mm (0.25\u201d), transductor: condensador Back Electret, impedancia: Low-Z balanceado 200 ohms, cuello de cisne, voltaje de circuito abierto: 5.6 mV\/Pascal, altura: 299 mm, peso: 411 g.&hellip; <a class=\"kt-excerpt-readmore more-link\" href=\"https:\/\/www.mexicanguitarplayers.com\/en\/tienda\/audio\/microfonia\/microfonos-alambricos\/de-escritorio\/microfono-e-v-mod-pc-18-fl\/\">Read more<\/a><\/p>","protected":false},"featured_media":15096,"comment_status":"open","ping_status":"closed","template":"","meta":{"kt_blocks_editor_width":""},"pwb-brand":[535],"product_brand":[],"product_cat":[213,217,214,215],"product_tag":[],"class_list":{"0":"post-15097","1":"product","2":"type-product","3":"status-publish","4":"has-post-thumbnail","6":"pwb-brand-electrovoice","7":"product_cat-audio","8":"product_cat-de-escritorio","9":"product_cat-microfonia","10":"product_cat-microfonos-alambricos","11":"product_shipping_class-0-5-kg","13":"first","14":"outofstock","15":"taxable","16":"shipping-taxable","17":"purchasable","18":"product-type-simple"},"yoast_head":"<!-- This site is optimized with the Yoast SEO plugin v27.5 - https:\/\/yoast.com\/product\/yoast-seo-wordpress\/ -->\n<title>MICROFONO E.V. MOD. PC-18\/FL - Mexican Guitar Players<\/title>\n<meta name=\"description\" content=\"MICROFONO E.V. MOD. PC-18\/FL. Micr\u00f3fono de p\u00f3dium, modelo PolarChoice, permite la selecci\u00f3n del patr\u00f3n polar (omnidireccional, cardioide, super cardioide e hiper cardioide), versi\u00f3n FlageMount, respuesta de frecuencia suave y uniforme, respuesta de baja frecuencia extendida, filtro pasa altos conmutable, base de acero resistente, conector: XLR de 3pines, di\u00e1metro: 6.4 mm (0.25\u201d), transductor: condensador Back Electret, impedancia: Low-Z balanceado 200 ohms, cuello de cisne, voltaje de circuito abierto: 5.6 mV\/Pascal, altura: 299 mm, peso: 411 g.\" \/>\n<meta name=\"robots\" content=\"index, follow, max-snippet:-1, max-image-preview:large, max-video-preview:-1\" \/>\n<link rel=\"canonical\" href=\"https:\/\/www.mexicanguitarplayers.com\/en\/tienda\/audio\/microfonia\/microfonos-alambricos\/de-escritorio\/microfono-e-v-mod-pc-18-fl\/\" \/>\n<meta property=\"og:locale\" content=\"en_US\" \/>\n<meta property=\"og:type\" content=\"article\" \/>\n<meta property=\"og:title\" content=\"MICROFONO E.V. MOD. PC-18\/FL - Mexican Guitar Players\" \/>\n<meta property=\"og:description\" content=\"MICROFONO E.V. MOD. PC-18\/FL. Micr\u00f3fono de p\u00f3dium, modelo PolarChoice, permite la selecci\u00f3n del patr\u00f3n polar (omnidireccional, cardioide, super cardioide e hiper cardioide), versi\u00f3n FlageMount, respuesta de frecuencia suave y uniforme, respuesta de baja frecuencia extendida, filtro pasa altos conmutable, base de acero resistente, conector: XLR de 3pines, di\u00e1metro: 6.4 mm (0.25\u201d), transductor: condensador Back Electret, impedancia: Low-Z balanceado 200 ohms, cuello de cisne, voltaje de circuito abierto: 5.6 mV\/Pascal, altura: 299 mm, peso: 411 g.\" \/>\n<meta property=\"og:url\" content=\"https:\/\/www.mexicanguitarplayers.com\/en\/tienda\/audio\/microfonia\/microfonos-alambricos\/de-escritorio\/microfono-e-v-mod-pc-18-fl\/\" \/>\n<meta property=\"og:site_name\" content=\"Mexican Guitar Players\" \/>\n<meta property=\"article:modified_time\" content=\"2026-04-10T11:08:14+00:00\" \/>\n<meta property=\"og:image\" content=\"https:\/\/www.mexicanguitarplayers.com\/wp-content\/uploads\/2022\/08\/IAEVOPC18FL.jpg\" \/>\n\t<meta property=\"og:image:width\" content=\"800\" \/>\n\t<meta property=\"og:image:height\" content=\"1600\" \/>\n\t<meta property=\"og:image:type\" content=\"image\/jpeg\" \/>\n<meta name=\"twitter:card\" content=\"summary_large_image\" \/>\n<script type=\"application\/ld+json\" class=\"yoast-schema-graph\">{\"@context\":\"https:\\\/\\\/schema.org\",\"@graph\":[{\"@type\":[\"WebPage\",\"ItemPage\"],\"@id\":\"https:\\\/\\\/www.mexicanguitarplayers.com\\\/tienda\\\/audio\\\/microfonia\\\/microfonos-alambricos\\\/de-escritorio\\\/microfono-e-v-mod-pc-18-fl\\\/\",\"url\":\"https:\\\/\\\/www.mexicanguitarplayers.com\\\/tienda\\\/audio\\\/microfonia\\\/microfonos-alambricos\\\/de-escritorio\\\/microfono-e-v-mod-pc-18-fl\\\/\",\"name\":\"MICROFONO E.V. MOD. PC-18\\\/FL - Mexican Guitar Players\",\"isPartOf\":{\"@id\":\"https:\\\/\\\/www.mexicanguitarplayers.com\\\/#website\"},\"primaryImageOfPage\":{\"@id\":\"https:\\\/\\\/www.mexicanguitarplayers.com\\\/tienda\\\/audio\\\/microfonia\\\/microfonos-alambricos\\\/de-escritorio\\\/microfono-e-v-mod-pc-18-fl\\\/#primaryimage\"},\"image\":{\"@id\":\"https:\\\/\\\/www.mexicanguitarplayers.com\\\/tienda\\\/audio\\\/microfonia\\\/microfonos-alambricos\\\/de-escritorio\\\/microfono-e-v-mod-pc-18-fl\\\/#primaryimage\"},\"thumbnailUrl\":\"https:\\\/\\\/www.mexicanguitarplayers.com\\\/wp-content\\\/uploads\\\/2022\\\/08\\\/IAEVOPC18FL.jpg\",\"datePublished\":\"2022-08-18T20:52:18+00:00\",\"dateModified\":\"2026-04-10T11:08:14+00:00\",\"description\":\"MICROFONO E.V. MOD. PC-18\\\/FL. Micr\u00f3fono de p\u00f3dium, modelo PolarChoice, permite la selecci\u00f3n del patr\u00f3n polar (omnidireccional, cardioide, super cardioide e hiper cardioide), versi\u00f3n FlageMount, respuesta de frecuencia suave y uniforme, respuesta de baja frecuencia extendida, filtro pasa altos conmutable, base de acero resistente, conector: XLR de 3pines, di\u00e1metro: 6.4 mm (0.25\u201d), transductor: condensador Back Electret, impedancia: Low-Z balanceado 200 ohms, cuello de cisne, voltaje de circuito abierto: 5.6 mV\\\/Pascal, altura: 299 mm, peso: 411 g.\",\"breadcrumb\":{\"@id\":\"https:\\\/\\\/www.mexicanguitarplayers.com\\\/tienda\\\/audio\\\/microfonia\\\/microfonos-alambricos\\\/de-escritorio\\\/microfono-e-v-mod-pc-18-fl\\\/#breadcrumb\"},\"inLanguage\":\"en-US\",\"potentialAction\":[{\"@type\":\"ReadAction\",\"target\":[\"https:\\\/\\\/www.mexicanguitarplayers.com\\\/tienda\\\/audio\\\/microfonia\\\/microfonos-alambricos\\\/de-escritorio\\\/microfono-e-v-mod-pc-18-fl\\\/\"]}]},{\"@type\":\"ImageObject\",\"inLanguage\":\"en-US\",\"@id\":\"https:\\\/\\\/www.mexicanguitarplayers.com\\\/tienda\\\/audio\\\/microfonia\\\/microfonos-alambricos\\\/de-escritorio\\\/microfono-e-v-mod-pc-18-fl\\\/#primaryimage\",\"url\":\"https:\\\/\\\/www.mexicanguitarplayers.com\\\/wp-content\\\/uploads\\\/2022\\\/08\\\/IAEVOPC18FL.jpg\",\"contentUrl\":\"https:\\\/\\\/www.mexicanguitarplayers.com\\\/wp-content\\\/uploads\\\/2022\\\/08\\\/IAEVOPC18FL.jpg\",\"width\":800,\"height\":1600},{\"@type\":\"BreadcrumbList\",\"@id\":\"https:\\\/\\\/www.mexicanguitarplayers.com\\\/tienda\\\/audio\\\/microfonia\\\/microfonos-alambricos\\\/de-escritorio\\\/microfono-e-v-mod-pc-18-fl\\\/#breadcrumb\",\"itemListElement\":[{\"@type\":\"ListItem\",\"position\":1,\"name\":\"Portada\",\"item\":\"https:\\\/\\\/www.mexicanguitarplayers.com\\\/\"},{\"@type\":\"ListItem\",\"position\":2,\"name\":\"Tienda\",\"item\":\"https:\\\/\\\/www.mexicanguitarplayers.com\\\/tienda\\\/\"},{\"@type\":\"ListItem\",\"position\":3,\"name\":\"MICROFONO E.V. MOD. PC-18\\\/FL\"}]},{\"@type\":\"WebSite\",\"@id\":\"https:\\\/\\\/www.mexicanguitarplayers.com\\\/#website\",\"url\":\"https:\\\/\\\/www.mexicanguitarplayers.com\\\/\",\"name\":\"Mexican Guitar Players\",\"description\":\"Website\",\"publisher\":{\"@id\":\"https:\\\/\\\/www.mexicanguitarplayers.com\\\/#organization\"},\"potentialAction\":[{\"@type\":\"SearchAction\",\"target\":{\"@type\":\"EntryPoint\",\"urlTemplate\":\"https:\\\/\\\/www.mexicanguitarplayers.com\\\/?s={search_term_string}\"},\"query-input\":{\"@type\":\"PropertyValueSpecification\",\"valueRequired\":true,\"valueName\":\"search_term_string\"}}],\"inLanguage\":\"en-US\"},{\"@type\":\"Organization\",\"@id\":\"https:\\\/\\\/www.mexicanguitarplayers.com\\\/#organization\",\"name\":\"Mexican Guitar Players\",\"url\":\"https:\\\/\\\/www.mexicanguitarplayers.com\\\/\",\"logo\":{\"@type\":\"ImageObject\",\"inLanguage\":\"en-US\",\"@id\":\"https:\\\/\\\/www.mexicanguitarplayers.com\\\/#\\\/schema\\\/logo\\\/image\\\/\",\"url\":\"\",\"contentUrl\":\"\",\"caption\":\"Mexican Guitar Players\"},\"image\":{\"@id\":\"https:\\\/\\\/www.mexicanguitarplayers.com\\\/#\\\/schema\\\/logo\\\/image\\\/\"}}]}<\/script>\n<!-- \/ Yoast SEO plugin. -->","yoast_head_json":{"title":"MICROFONO E.V. MOD. PC-18\/FL - Mexican Guitar Players","description":"MICROFONO E.V. MOD. PC-18\/FL. Micr\u00f3fono de p\u00f3dium, modelo PolarChoice, permite la selecci\u00f3n del patr\u00f3n polar (omnidireccional, cardioide, super cardioide e hiper cardioide), versi\u00f3n FlageMount, respuesta de frecuencia suave y uniforme, respuesta de baja frecuencia extendida, filtro pasa altos conmutable, base de acero resistente, conector: XLR de 3pines, di\u00e1metro: 6.4 mm (0.25\u201d), transductor: condensador Back Electret, impedancia: Low-Z balanceado 200 ohms, cuello de cisne, voltaje de circuito abierto: 5.6 mV\/Pascal, altura: 299 mm, peso: 411 g.","robots":{"index":"index","follow":"follow","max-snippet":"max-snippet:-1","max-image-preview":"max-image-preview:large","max-video-preview":"max-video-preview:-1"},"canonical":"https:\/\/www.mexicanguitarplayers.com\/en\/tienda\/audio\/microfonia\/microfonos-alambricos\/de-escritorio\/microfono-e-v-mod-pc-18-fl\/","og_locale":"en_US","og_type":"article","og_title":"MICROFONO E.V. MOD. PC-18\/FL - Mexican Guitar Players","og_description":"MICROFONO E.V. MOD. PC-18\/FL. Micr\u00f3fono de p\u00f3dium, modelo PolarChoice, permite la selecci\u00f3n del patr\u00f3n polar (omnidireccional, cardioide, super cardioide e hiper cardioide), versi\u00f3n FlageMount, respuesta de frecuencia suave y uniforme, respuesta de baja frecuencia extendida, filtro pasa altos conmutable, base de acero resistente, conector: XLR de 3pines, di\u00e1metro: 6.4 mm (0.25\u201d), transductor: condensador Back Electret, impedancia: Low-Z balanceado 200 ohms, cuello de cisne, voltaje de circuito abierto: 5.6 mV\/Pascal, altura: 299 mm, peso: 411 g.","og_url":"https:\/\/www.mexicanguitarplayers.com\/en\/tienda\/audio\/microfonia\/microfonos-alambricos\/de-escritorio\/microfono-e-v-mod-pc-18-fl\/","og_site_name":"Mexican Guitar Players","article_modified_time":"2026-04-10T11:08:14+00:00","og_image":[{"width":800,"height":1600,"url":"https:\/\/www.mexicanguitarplayers.com\/wp-content\/uploads\/2022\/08\/IAEVOPC18FL.jpg","type":"image\/jpeg"}],"twitter_card":"summary_large_image","schema":{"@context":"https:\/\/schema.org","@graph":[{"@type":["WebPage","ItemPage"],"@id":"https:\/\/www.mexicanguitarplayers.com\/tienda\/audio\/microfonia\/microfonos-alambricos\/de-escritorio\/microfono-e-v-mod-pc-18-fl\/","url":"https:\/\/www.mexicanguitarplayers.com\/tienda\/audio\/microfonia\/microfonos-alambricos\/de-escritorio\/microfono-e-v-mod-pc-18-fl\/","name":"MICROFONO E.V. MOD. PC-18\/FL - Mexican Guitar Players","isPartOf":{"@id":"https:\/\/www.mexicanguitarplayers.com\/#website"},"primaryImageOfPage":{"@id":"https:\/\/www.mexicanguitarplayers.com\/tienda\/audio\/microfonia\/microfonos-alambricos\/de-escritorio\/microfono-e-v-mod-pc-18-fl\/#primaryimage"},"image":{"@id":"https:\/\/www.mexicanguitarplayers.com\/tienda\/audio\/microfonia\/microfonos-alambricos\/de-escritorio\/microfono-e-v-mod-pc-18-fl\/#primaryimage"},"thumbnailUrl":"https:\/\/www.mexicanguitarplayers.com\/wp-content\/uploads\/2022\/08\/IAEVOPC18FL.jpg","datePublished":"2022-08-18T20:52:18+00:00","dateModified":"2026-04-10T11:08:14+00:00","description":"MICROFONO E.V. MOD. PC-18\/FL. Micr\u00f3fono de p\u00f3dium, modelo PolarChoice, permite la selecci\u00f3n del patr\u00f3n polar (omnidireccional, cardioide, super cardioide e hiper cardioide), versi\u00f3n FlageMount, respuesta de frecuencia suave y uniforme, respuesta de baja frecuencia extendida, filtro pasa altos conmutable, base de acero resistente, conector: XLR de 3pines, di\u00e1metro: 6.4 mm (0.25\u201d), transductor: condensador Back Electret, impedancia: Low-Z balanceado 200 ohms, cuello de cisne, voltaje de circuito abierto: 5.6 mV\/Pascal, altura: 299 mm, peso: 411 g.","breadcrumb":{"@id":"https:\/\/www.mexicanguitarplayers.com\/tienda\/audio\/microfonia\/microfonos-alambricos\/de-escritorio\/microfono-e-v-mod-pc-18-fl\/#breadcrumb"},"inLanguage":"en-US","potentialAction":[{"@type":"ReadAction","target":["https:\/\/www.mexicanguitarplayers.com\/tienda\/audio\/microfonia\/microfonos-alambricos\/de-escritorio\/microfono-e-v-mod-pc-18-fl\/"]}]},{"@type":"ImageObject","inLanguage":"en-US","@id":"https:\/\/www.mexicanguitarplayers.com\/tienda\/audio\/microfonia\/microfonos-alambricos\/de-escritorio\/microfono-e-v-mod-pc-18-fl\/#primaryimage","url":"https:\/\/www.mexicanguitarplayers.com\/wp-content\/uploads\/2022\/08\/IAEVOPC18FL.jpg","contentUrl":"https:\/\/www.mexicanguitarplayers.com\/wp-content\/uploads\/2022\/08\/IAEVOPC18FL.jpg","width":800,"height":1600},{"@type":"BreadcrumbList","@id":"https:\/\/www.mexicanguitarplayers.com\/tienda\/audio\/microfonia\/microfonos-alambricos\/de-escritorio\/microfono-e-v-mod-pc-18-fl\/#breadcrumb","itemListElement":[{"@type":"ListItem","position":1,"name":"Portada","item":"https:\/\/www.mexicanguitarplayers.com\/"},{"@type":"ListItem","position":2,"name":"Tienda","item":"https:\/\/www.mexicanguitarplayers.com\/tienda\/"},{"@type":"ListItem","position":3,"name":"MICROFONO E.V. MOD. PC-18\/FL"}]},{"@type":"WebSite","@id":"https:\/\/www.mexicanguitarplayers.com\/#website","url":"https:\/\/www.mexicanguitarplayers.com\/","name":"Mexican Guitar Players","description":"Website","publisher":{"@id":"https:\/\/www.mexicanguitarplayers.com\/#organization"},"potentialAction":[{"@type":"SearchAction","target":{"@type":"EntryPoint","urlTemplate":"https:\/\/www.mexicanguitarplayers.com\/?s={search_term_string}"},"query-input":{"@type":"PropertyValueSpecification","valueRequired":true,"valueName":"search_term_string"}}],"inLanguage":"en-US"},{"@type":"Organization","@id":"https:\/\/www.mexicanguitarplayers.com\/#organization","name":"Mexican Guitar Players","url":"https:\/\/www.mexicanguitarplayers.com\/","logo":{"@type":"ImageObject","inLanguage":"en-US","@id":"https:\/\/www.mexicanguitarplayers.com\/#\/schema\/logo\/image\/","url":"","contentUrl":"","caption":"Mexican Guitar Players"},"image":{"@id":"https:\/\/www.mexicanguitarplayers.com\/#\/schema\/logo\/image\/"}}]}},"brands":[{"id":535,"name":"ELECTROVOICE","slug":"electrovoice"}],"_links":{"self":[{"href":"https:\/\/www.mexicanguitarplayers.com\/en\/wp-json\/wp\/v2\/product\/15097","targetHints":{"allow":["GET"]}}],"collection":[{"href":"https:\/\/www.mexicanguitarplayers.com\/en\/wp-json\/wp\/v2\/product"}],"about":[{"href":"https:\/\/www.mexicanguitarplayers.com\/en\/wp-json\/wp\/v2\/types\/product"}],"replies":[{"embeddable":true,"href":"https:\/\/www.mexicanguitarplayers.com\/en\/wp-json\/wp\/v2\/comments?post=15097"}],"wp:featuredmedia":[{"embeddable":true,"href":"https:\/\/www.mexicanguitarplayers.com\/en\/wp-json\/wp\/v2\/media\/15096"}],"wp:attachment":[{"href":"https:\/\/www.mexicanguitarplayers.com\/en\/wp-json\/wp\/v2\/media?parent=15097"}],"wp:term":[{"taxonomy":"pwb-brand","embeddable":true,"href":"https:\/\/www.mexicanguitarplayers.com\/en\/wp-json\/wp\/v2\/pwb-brand?post=15097"},{"taxonomy":"product_brand","embeddable":true,"href":"https:\/\/www.mexicanguitarplayers.com\/en\/wp-json\/wp\/v2\/product_brand?post=15097"},{"taxonomy":"product_cat","embeddable":true,"href":"https:\/\/www.mexicanguitarplayers.com\/en\/wp-json\/wp\/v2\/product_cat?post=15097"},{"taxonomy":"product_tag","embeddable":true,"href":"https:\/\/www.mexicanguitarplayers.com\/en\/wp-json\/wp\/v2\/product_tag?post=15097"}],"curies":[{"name":"wp","href":"https:\/\/api.w.org\/{rel}","templated":true}]}}