{"id":15121,"date":"2022-08-18T15:52:57","date_gmt":"2022-08-18T20:52:57","guid":{"rendered":"https:\/\/www.mexicanguitarplayers.com\/tienda\/sin%20categor\u00eda\/microfono-e-v-mod-re-27n-d\/"},"modified":"2026-05-09T04:15:04","modified_gmt":"2026-05-09T10:15:04","slug":"microfono-e-v-mod-re-27n-d","status":"publish","type":"product","link":"https:\/\/www.mexicanguitarplayers.com\/en\/tienda\/audio\/microfonia\/microfonos-alambricos\/para-estudio\/microfono-e-v-mod-re-27n-d\/","title":{"rendered":"EV MICROPHONE MOD. RE-27N\/A"},"content":{"rendered":"<div style=\"text-align: justify\">\n<div>\n<h3>EV MICROPHONE MOD. RE-27N\/A<\/h3>\n<\/div>\n<div>Broadcast announcer microphone with neodymium capsule and variable-D, dynamic element, cardioid polar pattern, open, clear and detailed tonal reproduction, very defined vocal characteristic, very defined vocal characteristic, variable-D for minimal proximity effect, the neodymium element design provides 6 dB more sensitivity, studio condenser-like performance, three filter switches shape your voice, humbucking coil protects against line hum, integral wind filters, XLR connector 3-pin, frequency response: 45 \u2013 20,000 Hz, finished in satin nickel, weight: 709 g.<\/div>\n<\/div>","protected":false},"excerpt":{"rendered":"<p>Micr\u00f3fono de locutor de broadcast con c\u00e1psula de neodimio y variable-D, elemento din\u00e1mico, patr\u00f3n polar cardiode, reproducci\u00f3n tonal abierta, n\u00edtida y detallada, caracter\u00edstica vocal muy definida, caracter\u00edstica vocal muy definida, variable-D para un efecto m\u00ednimo de proximidad, el dise\u00f1o del elemento de neodimio aporta 6 dB m\u00e1s de sensibilidad, rendimiento similar al de un condensador de estudio, tres switches de filtro que dan forma a la voz, la bobina humbucking protege contra el zumbido de la l\u00ednea, filtros integrales de viento, conector XLR de 3 pines, respuesta de frecuencia: 45 &#8211; 20,000 Hz, terminado en n\u00edquel satinado, peso: 709 g.&hellip; <a class=\"kt-excerpt-readmore more-link\" href=\"https:\/\/www.mexicanguitarplayers.com\/en\/tienda\/audio\/microfonia\/microfonos-alambricos\/para-estudio\/microfono-e-v-mod-re-27n-d\/\">Read more<\/a><\/p>","protected":false},"featured_media":15117,"comment_status":"open","ping_status":"closed","template":"","meta":{"kt_blocks_editor_width":""},"pwb-brand":[535],"product_brand":[],"product_cat":[213,214,215,227],"product_tag":[],"class_list":{"0":"post-15121","1":"product","2":"type-product","3":"status-publish","4":"has-post-thumbnail","6":"pwb-brand-electrovoice","7":"product_cat-audio","8":"product_cat-microfonia","9":"product_cat-microfonos-alambricos","10":"product_cat-para-estudio","11":"product_shipping_class-0-5-kg","13":"first","14":"outofstock","15":"taxable","16":"shipping-taxable","17":"purchasable","18":"product-type-simple"},"yoast_head":"<!-- This site is optimized with the Yoast SEO plugin v27.5 - https:\/\/yoast.com\/product\/yoast-seo-wordpress\/ -->\n<title>MICROFONO E.V. MOD. RE-27N\/D - Mexican Guitar Players<\/title>\n<meta name=\"description\" content=\"MICROFONO E.V. MOD. RE-27N\/D. Micr\u00f3fono de locutor de broadcast con c\u00e1psula de neodimio y variable-D, elemento din\u00e1mico, patr\u00f3n polar cardiode, reproducci\u00f3n tonal abierta, n\u00edtida y detallada, caracter\u00edstica vocal muy definida, caracter\u00edstica vocal muy definida, variable-D para un efecto m\u00ednimo de proximidad, el dise\u00f1o del elemento de neodimio aporta 6 dB m\u00e1s de sensibilidad, rendimiento similar al de un condensador de estudio, tres switches de filtro que dan forma a la voz, la bobina humbucking protege contra el zumbido de la l\u00ednea, filtros integrales de viento, conector XLR de 3 pines, respuesta de frecuencia: 45 - 20,000 Hz, terminado en n\u00edquel satinado, peso: 709 g.\" \/>\n<meta name=\"robots\" content=\"index, follow, max-snippet:-1, max-image-preview:large, max-video-preview:-1\" \/>\n<link rel=\"canonical\" href=\"https:\/\/www.mexicanguitarplayers.com\/en\/tienda\/audio\/microfonia\/microfonos-alambricos\/para-estudio\/microfono-e-v-mod-re-27n-d\/\" \/>\n<meta property=\"og:locale\" content=\"en_US\" \/>\n<meta property=\"og:type\" content=\"article\" \/>\n<meta property=\"og:title\" content=\"MICROFONO E.V. MOD. RE-27N\/D - Mexican Guitar Players\" \/>\n<meta property=\"og:description\" content=\"MICROFONO E.V. MOD. RE-27N\/D. Micr\u00f3fono de locutor de broadcast con c\u00e1psula de neodimio y variable-D, elemento din\u00e1mico, patr\u00f3n polar cardiode, reproducci\u00f3n tonal abierta, n\u00edtida y detallada, caracter\u00edstica vocal muy definida, caracter\u00edstica vocal muy definida, variable-D para un efecto m\u00ednimo de proximidad, el dise\u00f1o del elemento de neodimio aporta 6 dB m\u00e1s de sensibilidad, rendimiento similar al de un condensador de estudio, tres switches de filtro que dan forma a la voz, la bobina humbucking protege contra el zumbido de la l\u00ednea, filtros integrales de viento, conector XLR de 3 pines, respuesta de frecuencia: 45 - 20,000 Hz, terminado en n\u00edquel satinado, peso: 709 g.\" \/>\n<meta property=\"og:url\" content=\"https:\/\/www.mexicanguitarplayers.com\/en\/tienda\/audio\/microfonia\/microfonos-alambricos\/para-estudio\/microfono-e-v-mod-re-27n-d\/\" \/>\n<meta property=\"og:site_name\" content=\"Mexican Guitar Players\" \/>\n<meta property=\"article:modified_time\" content=\"2026-05-09T10:15:04+00:00\" \/>\n<meta property=\"og:image\" content=\"https:\/\/www.mexicanguitarplayers.com\/wp-content\/uploads\/2022\/08\/IAEVORE27ND.jpg\" \/>\n\t<meta property=\"og:image:width\" content=\"1200\" \/>\n\t<meta property=\"og:image:height\" content=\"1200\" \/>\n\t<meta property=\"og:image:type\" content=\"image\/jpeg\" \/>\n<meta name=\"twitter:card\" content=\"summary_large_image\" \/>\n<meta name=\"twitter:label1\" content=\"Est. reading time\" \/>\n\t<meta name=\"twitter:data1\" content=\"1 minute\" \/>\n<script type=\"application\/ld+json\" class=\"yoast-schema-graph\">{\"@context\":\"https:\\\/\\\/schema.org\",\"@graph\":[{\"@type\":[\"WebPage\",\"ItemPage\"],\"@id\":\"https:\\\/\\\/www.mexicanguitarplayers.com\\\/tienda\\\/audio\\\/microfonia\\\/microfonos-alambricos\\\/para-estudio\\\/microfono-e-v-mod-re-27n-d\\\/\",\"url\":\"https:\\\/\\\/www.mexicanguitarplayers.com\\\/tienda\\\/audio\\\/microfonia\\\/microfonos-alambricos\\\/para-estudio\\\/microfono-e-v-mod-re-27n-d\\\/\",\"name\":\"MICROFONO E.V. MOD. RE-27N\\\/D - Mexican Guitar Players\",\"isPartOf\":{\"@id\":\"https:\\\/\\\/www.mexicanguitarplayers.com\\\/#website\"},\"primaryImageOfPage\":{\"@id\":\"https:\\\/\\\/www.mexicanguitarplayers.com\\\/tienda\\\/audio\\\/microfonia\\\/microfonos-alambricos\\\/para-estudio\\\/microfono-e-v-mod-re-27n-d\\\/#primaryimage\"},\"image\":{\"@id\":\"https:\\\/\\\/www.mexicanguitarplayers.com\\\/tienda\\\/audio\\\/microfonia\\\/microfonos-alambricos\\\/para-estudio\\\/microfono-e-v-mod-re-27n-d\\\/#primaryimage\"},\"thumbnailUrl\":\"https:\\\/\\\/www.mexicanguitarplayers.com\\\/wp-content\\\/uploads\\\/2022\\\/08\\\/IAEVORE27ND.jpg\",\"datePublished\":\"2022-08-18T20:52:57+00:00\",\"dateModified\":\"2026-05-09T10:15:04+00:00\",\"description\":\"MICROFONO E.V. MOD. RE-27N\\\/D. Micr\u00f3fono de locutor de broadcast con c\u00e1psula de neodimio y variable-D, elemento din\u00e1mico, patr\u00f3n polar cardiode, reproducci\u00f3n tonal abierta, n\u00edtida y detallada, caracter\u00edstica vocal muy definida, caracter\u00edstica vocal muy definida, variable-D para un efecto m\u00ednimo de proximidad, el dise\u00f1o del elemento de neodimio aporta 6 dB m\u00e1s de sensibilidad, rendimiento similar al de un condensador de estudio, tres switches de filtro que dan forma a la voz, la bobina humbucking protege contra el zumbido de la l\u00ednea, filtros integrales de viento, conector XLR de 3 pines, respuesta de frecuencia: 45 - 20,000 Hz, terminado en n\u00edquel satinado, peso: 709 g.\",\"breadcrumb\":{\"@id\":\"https:\\\/\\\/www.mexicanguitarplayers.com\\\/tienda\\\/audio\\\/microfonia\\\/microfonos-alambricos\\\/para-estudio\\\/microfono-e-v-mod-re-27n-d\\\/#breadcrumb\"},\"inLanguage\":\"en-US\",\"potentialAction\":[{\"@type\":\"ReadAction\",\"target\":[\"https:\\\/\\\/www.mexicanguitarplayers.com\\\/tienda\\\/audio\\\/microfonia\\\/microfonos-alambricos\\\/para-estudio\\\/microfono-e-v-mod-re-27n-d\\\/\"]}]},{\"@type\":\"ImageObject\",\"inLanguage\":\"en-US\",\"@id\":\"https:\\\/\\\/www.mexicanguitarplayers.com\\\/tienda\\\/audio\\\/microfonia\\\/microfonos-alambricos\\\/para-estudio\\\/microfono-e-v-mod-re-27n-d\\\/#primaryimage\",\"url\":\"https:\\\/\\\/www.mexicanguitarplayers.com\\\/wp-content\\\/uploads\\\/2022\\\/08\\\/IAEVORE27ND.jpg\",\"contentUrl\":\"https:\\\/\\\/www.mexicanguitarplayers.com\\\/wp-content\\\/uploads\\\/2022\\\/08\\\/IAEVORE27ND.jpg\",\"width\":1200,\"height\":1200},{\"@type\":\"BreadcrumbList\",\"@id\":\"https:\\\/\\\/www.mexicanguitarplayers.com\\\/tienda\\\/audio\\\/microfonia\\\/microfonos-alambricos\\\/para-estudio\\\/microfono-e-v-mod-re-27n-d\\\/#breadcrumb\",\"itemListElement\":[{\"@type\":\"ListItem\",\"position\":1,\"name\":\"Portada\",\"item\":\"https:\\\/\\\/www.mexicanguitarplayers.com\\\/\"},{\"@type\":\"ListItem\",\"position\":2,\"name\":\"Tienda\",\"item\":\"https:\\\/\\\/www.mexicanguitarplayers.com\\\/tienda\\\/\"},{\"@type\":\"ListItem\",\"position\":3,\"name\":\"MICROFONO E.V. MOD. RE-27N\\\/D\"}]},{\"@type\":\"WebSite\",\"@id\":\"https:\\\/\\\/www.mexicanguitarplayers.com\\\/#website\",\"url\":\"https:\\\/\\\/www.mexicanguitarplayers.com\\\/\",\"name\":\"Mexican Guitar Players\",\"description\":\"Website\",\"publisher\":{\"@id\":\"https:\\\/\\\/www.mexicanguitarplayers.com\\\/#organization\"},\"potentialAction\":[{\"@type\":\"SearchAction\",\"target\":{\"@type\":\"EntryPoint\",\"urlTemplate\":\"https:\\\/\\\/www.mexicanguitarplayers.com\\\/?s={search_term_string}\"},\"query-input\":{\"@type\":\"PropertyValueSpecification\",\"valueRequired\":true,\"valueName\":\"search_term_string\"}}],\"inLanguage\":\"en-US\"},{\"@type\":\"Organization\",\"@id\":\"https:\\\/\\\/www.mexicanguitarplayers.com\\\/#organization\",\"name\":\"Mexican Guitar Players\",\"url\":\"https:\\\/\\\/www.mexicanguitarplayers.com\\\/\",\"logo\":{\"@type\":\"ImageObject\",\"inLanguage\":\"en-US\",\"@id\":\"https:\\\/\\\/www.mexicanguitarplayers.com\\\/#\\\/schema\\\/logo\\\/image\\\/\",\"url\":\"\",\"contentUrl\":\"\",\"caption\":\"Mexican Guitar Players\"},\"image\":{\"@id\":\"https:\\\/\\\/www.mexicanguitarplayers.com\\\/#\\\/schema\\\/logo\\\/image\\\/\"}}]}<\/script>\n<!-- \/ Yoast SEO plugin. -->","yoast_head_json":{"title":"MICROFONO E.V. MOD. RE-27N\/D - Mexican Guitar Players","description":"MICROFONO E.V. MOD. RE-27N\/D. Micr\u00f3fono de locutor de broadcast con c\u00e1psula de neodimio y variable-D, elemento din\u00e1mico, patr\u00f3n polar cardiode, reproducci\u00f3n tonal abierta, n\u00edtida y detallada, caracter\u00edstica vocal muy definida, caracter\u00edstica vocal muy definida, variable-D para un efecto m\u00ednimo de proximidad, el dise\u00f1o del elemento de neodimio aporta 6 dB m\u00e1s de sensibilidad, rendimiento similar al de un condensador de estudio, tres switches de filtro que dan forma a la voz, la bobina humbucking protege contra el zumbido de la l\u00ednea, filtros integrales de viento, conector XLR de 3 pines, respuesta de frecuencia: 45 - 20,000 Hz, terminado en n\u00edquel satinado, peso: 709 g.","robots":{"index":"index","follow":"follow","max-snippet":"max-snippet:-1","max-image-preview":"max-image-preview:large","max-video-preview":"max-video-preview:-1"},"canonical":"https:\/\/www.mexicanguitarplayers.com\/en\/tienda\/audio\/microfonia\/microfonos-alambricos\/para-estudio\/microfono-e-v-mod-re-27n-d\/","og_locale":"en_US","og_type":"article","og_title":"MICROFONO E.V. MOD. RE-27N\/D - Mexican Guitar Players","og_description":"MICROFONO E.V. MOD. RE-27N\/D. Micr\u00f3fono de locutor de broadcast con c\u00e1psula de neodimio y variable-D, elemento din\u00e1mico, patr\u00f3n polar cardiode, reproducci\u00f3n tonal abierta, n\u00edtida y detallada, caracter\u00edstica vocal muy definida, caracter\u00edstica vocal muy definida, variable-D para un efecto m\u00ednimo de proximidad, el dise\u00f1o del elemento de neodimio aporta 6 dB m\u00e1s de sensibilidad, rendimiento similar al de un condensador de estudio, tres switches de filtro que dan forma a la voz, la bobina humbucking protege contra el zumbido de la l\u00ednea, filtros integrales de viento, conector XLR de 3 pines, respuesta de frecuencia: 45 - 20,000 Hz, terminado en n\u00edquel satinado, peso: 709 g.","og_url":"https:\/\/www.mexicanguitarplayers.com\/en\/tienda\/audio\/microfonia\/microfonos-alambricos\/para-estudio\/microfono-e-v-mod-re-27n-d\/","og_site_name":"Mexican Guitar Players","article_modified_time":"2026-05-09T10:15:04+00:00","og_image":[{"width":1200,"height":1200,"url":"https:\/\/www.mexicanguitarplayers.com\/wp-content\/uploads\/2022\/08\/IAEVORE27ND.jpg","type":"image\/jpeg"}],"twitter_card":"summary_large_image","twitter_misc":{"Est. reading time":"1 minute"},"schema":{"@context":"https:\/\/schema.org","@graph":[{"@type":["WebPage","ItemPage"],"@id":"https:\/\/www.mexicanguitarplayers.com\/tienda\/audio\/microfonia\/microfonos-alambricos\/para-estudio\/microfono-e-v-mod-re-27n-d\/","url":"https:\/\/www.mexicanguitarplayers.com\/tienda\/audio\/microfonia\/microfonos-alambricos\/para-estudio\/microfono-e-v-mod-re-27n-d\/","name":"MICROFONO E.V. MOD. RE-27N\/D - Mexican Guitar Players","isPartOf":{"@id":"https:\/\/www.mexicanguitarplayers.com\/#website"},"primaryImageOfPage":{"@id":"https:\/\/www.mexicanguitarplayers.com\/tienda\/audio\/microfonia\/microfonos-alambricos\/para-estudio\/microfono-e-v-mod-re-27n-d\/#primaryimage"},"image":{"@id":"https:\/\/www.mexicanguitarplayers.com\/tienda\/audio\/microfonia\/microfonos-alambricos\/para-estudio\/microfono-e-v-mod-re-27n-d\/#primaryimage"},"thumbnailUrl":"https:\/\/www.mexicanguitarplayers.com\/wp-content\/uploads\/2022\/08\/IAEVORE27ND.jpg","datePublished":"2022-08-18T20:52:57+00:00","dateModified":"2026-05-09T10:15:04+00:00","description":"MICROFONO E.V. MOD. RE-27N\/D. Micr\u00f3fono de locutor de broadcast con c\u00e1psula de neodimio y variable-D, elemento din\u00e1mico, patr\u00f3n polar cardiode, reproducci\u00f3n tonal abierta, n\u00edtida y detallada, caracter\u00edstica vocal muy definida, caracter\u00edstica vocal muy definida, variable-D para un efecto m\u00ednimo de proximidad, el dise\u00f1o del elemento de neodimio aporta 6 dB m\u00e1s de sensibilidad, rendimiento similar al de un condensador de estudio, tres switches de filtro que dan forma a la voz, la bobina humbucking protege contra el zumbido de la l\u00ednea, filtros integrales de viento, conector XLR de 3 pines, respuesta de frecuencia: 45 - 20,000 Hz, terminado en n\u00edquel satinado, peso: 709 g.","breadcrumb":{"@id":"https:\/\/www.mexicanguitarplayers.com\/tienda\/audio\/microfonia\/microfonos-alambricos\/para-estudio\/microfono-e-v-mod-re-27n-d\/#breadcrumb"},"inLanguage":"en-US","potentialAction":[{"@type":"ReadAction","target":["https:\/\/www.mexicanguitarplayers.com\/tienda\/audio\/microfonia\/microfonos-alambricos\/para-estudio\/microfono-e-v-mod-re-27n-d\/"]}]},{"@type":"ImageObject","inLanguage":"en-US","@id":"https:\/\/www.mexicanguitarplayers.com\/tienda\/audio\/microfonia\/microfonos-alambricos\/para-estudio\/microfono-e-v-mod-re-27n-d\/#primaryimage","url":"https:\/\/www.mexicanguitarplayers.com\/wp-content\/uploads\/2022\/08\/IAEVORE27ND.jpg","contentUrl":"https:\/\/www.mexicanguitarplayers.com\/wp-content\/uploads\/2022\/08\/IAEVORE27ND.jpg","width":1200,"height":1200},{"@type":"BreadcrumbList","@id":"https:\/\/www.mexicanguitarplayers.com\/tienda\/audio\/microfonia\/microfonos-alambricos\/para-estudio\/microfono-e-v-mod-re-27n-d\/#breadcrumb","itemListElement":[{"@type":"ListItem","position":1,"name":"Portada","item":"https:\/\/www.mexicanguitarplayers.com\/"},{"@type":"ListItem","position":2,"name":"Tienda","item":"https:\/\/www.mexicanguitarplayers.com\/tienda\/"},{"@type":"ListItem","position":3,"name":"MICROFONO E.V. MOD. RE-27N\/D"}]},{"@type":"WebSite","@id":"https:\/\/www.mexicanguitarplayers.com\/#website","url":"https:\/\/www.mexicanguitarplayers.com\/","name":"Mexican Guitar Players","description":"Website","publisher":{"@id":"https:\/\/www.mexicanguitarplayers.com\/#organization"},"potentialAction":[{"@type":"SearchAction","target":{"@type":"EntryPoint","urlTemplate":"https:\/\/www.mexicanguitarplayers.com\/?s={search_term_string}"},"query-input":{"@type":"PropertyValueSpecification","valueRequired":true,"valueName":"search_term_string"}}],"inLanguage":"en-US"},{"@type":"Organization","@id":"https:\/\/www.mexicanguitarplayers.com\/#organization","name":"Mexican Guitar Players","url":"https:\/\/www.mexicanguitarplayers.com\/","logo":{"@type":"ImageObject","inLanguage":"en-US","@id":"https:\/\/www.mexicanguitarplayers.com\/#\/schema\/logo\/image\/","url":"","contentUrl":"","caption":"Mexican Guitar Players"},"image":{"@id":"https:\/\/www.mexicanguitarplayers.com\/#\/schema\/logo\/image\/"}}]}},"brands":[{"id":535,"name":"ELECTROVOICE","slug":"electrovoice"}],"_links":{"self":[{"href":"https:\/\/www.mexicanguitarplayers.com\/en\/wp-json\/wp\/v2\/product\/15121","targetHints":{"allow":["GET"]}}],"collection":[{"href":"https:\/\/www.mexicanguitarplayers.com\/en\/wp-json\/wp\/v2\/product"}],"about":[{"href":"https:\/\/www.mexicanguitarplayers.com\/en\/wp-json\/wp\/v2\/types\/product"}],"replies":[{"embeddable":true,"href":"https:\/\/www.mexicanguitarplayers.com\/en\/wp-json\/wp\/v2\/comments?post=15121"}],"wp:featuredmedia":[{"embeddable":true,"href":"https:\/\/www.mexicanguitarplayers.com\/en\/wp-json\/wp\/v2\/media\/15117"}],"wp:attachment":[{"href":"https:\/\/www.mexicanguitarplayers.com\/en\/wp-json\/wp\/v2\/media?parent=15121"}],"wp:term":[{"taxonomy":"pwb-brand","embeddable":true,"href":"https:\/\/www.mexicanguitarplayers.com\/en\/wp-json\/wp\/v2\/pwb-brand?post=15121"},{"taxonomy":"product_brand","embeddable":true,"href":"https:\/\/www.mexicanguitarplayers.com\/en\/wp-json\/wp\/v2\/product_brand?post=15121"},{"taxonomy":"product_cat","embeddable":true,"href":"https:\/\/www.mexicanguitarplayers.com\/en\/wp-json\/wp\/v2\/product_cat?post=15121"},{"taxonomy":"product_tag","embeddable":true,"href":"https:\/\/www.mexicanguitarplayers.com\/en\/wp-json\/wp\/v2\/product_tag?post=15121"}],"curies":[{"name":"wp","href":"https:\/\/api.w.org\/{rel}","templated":true}]}}