{"id":15146,"date":"2022-08-18T15:53:37","date_gmt":"2022-08-18T20:53:37","guid":{"rendered":"https:\/\/www.mexicanguitarplayers.com\/tienda\/sin%20categor\u00eda\/tarjeta-klark-teknik-mod-kt-dante64\/"},"modified":"2023-03-29T22:26:53","modified_gmt":"2023-03-30T04:26:53","slug":"tarjeta-klark-teknik-mod-kt-dante64","status":"publish","type":"product","link":"https:\/\/www.mexicanguitarplayers.com\/en\/tienda\/accesorios\/para-audio\/varios-para-audio\/tarjeta-klark-teknik-mod-kt-dante64\/","title":{"rendered":"KLARK-TEKNIK CARD MOD. KT-DANTE64"},"content":{"rendered":"<div style=\"text-align: justify\">\n<div>\n<h3>KLARK-TEKNIK CARD MOD. KT-DANTE64<\/h3>\n<\/div>\n<div>Dante Audinate network module with up to 64 bidirectional channels for KLARK TEKNIK DN9650 and DN9652 network bridges and MIDAS NEUTRON-NB expansion module, compatible with KLARK TEKNIK DN9650 and DN9652 network bridges and MIDAS NEUTRON-NB expansion module, enables recording multi-channel and playback via Dante Virtual Soundcard (for PC or Mac), primary and secondary Ethernet interfaces for dual-redundant Dante networks, works from internal Dante Precision Time Protocol (PTP) clock or external clock via of the host unit, optional Dante Controller Software for remote configuration (PC or Mac), LED indicators to monitor speed and activity, designed and manufactured in England.<\/div>\n<\/div>","protected":false},"excerpt":{"rendered":"<p>M\u00f3dulo de red Dante Audinate con hasta 64 canales bidireccionales para puentes de red KLARK TEKNIK DN9650 y DN9652 y m\u00f3dulo de expansi\u00f3n MIDAS NEUTRON-NB, compatible con puentes de red KLARK TEKNIK DN9650 y DN9652 y m\u00f3dulo de expansi\u00f3n MIDAS NEUTRON-NB, habilita la grabaci\u00f3n multi canal y la reproducci\u00f3n a trav\u00e9s de la tarjeta Dante Virtual Soundcard (para PC o Mac), interfaces Ethernet primaria y secundaria para redes Dante de doble redundancia, funciona desde la red interna Dante Precision Time Protocol (PTP) clock o clock externo por medio de la unidad host, Software Controlador Dante opcional para configuraci\u00f3n remota (PC o Mac), indicadores LED para monitorear velocidad y actividad, dise\u00f1ado y fabricado en Inglaterra.&hellip; <a class=\"kt-excerpt-readmore more-link\" href=\"https:\/\/www.mexicanguitarplayers.com\/en\/tienda\/accesorios\/para-audio\/varios-para-audio\/tarjeta-klark-teknik-mod-kt-dante64\/\">Read more<\/a><\/p>","protected":false},"featured_media":15143,"comment_status":"open","ping_status":"closed","template":"","meta":{"kt_blocks_editor_width":""},"pwb-brand":[538],"product_brand":[],"product_cat":[85,410,490],"product_tag":[],"class_list":{"0":"post-15146","1":"product","2":"type-product","3":"status-publish","4":"has-post-thumbnail","6":"pwb-brand-klark-teknik","7":"product_cat-accesorios","8":"product_cat-para-audio","9":"product_cat-varios-para-audio","10":"product_shipping_class-0-5-kg","12":"first","13":"outofstock","14":"taxable","15":"shipping-taxable","16":"purchasable","17":"product-type-simple"},"yoast_head":"<!-- This site is optimized with the Yoast SEO plugin v27.5 - https:\/\/yoast.com\/product\/yoast-seo-wordpress\/ -->\n<title>TARJETA KLARK-TEKNIK MOD. KT-DANTE64 - Mexican Guitar Players<\/title>\n<meta name=\"description\" content=\"TARJETA KLARK-TEKNIK MOD. KT-DANTE64. M\u00f3dulo de red Dante Audinate con hasta 64 canales bidireccionales para puentes de red KLARK TEKNIK DN9650 y DN9652 y m\u00f3dulo de expansi\u00f3n MIDAS NEUTRON-NB, compatible con puentes de red KLARK TEKNIK DN9650 y DN9652 y m\u00f3dulo de expansi\u00f3n MIDAS NEUTRON-NB, habilita la grabaci\u00f3n multi canal y la reproducci\u00f3n a trav\u00e9s de la tarjeta Dante Virtual Soundcard (para PC o Mac), interfaces Ethernet primaria y secundaria para redes Dante de doble redundancia, funciona desde la red interna Dante Precision Time Protocol (PTP) clock o clock externo por medio de la unidad host, Software Controlador Dante opcional para configuraci\u00f3n remota (PC o Mac), indicadores LED para monitorear velocidad y actividad, dise\u00f1ado y fabricado en Inglaterra.\" \/>\n<meta name=\"robots\" content=\"index, follow, max-snippet:-1, max-image-preview:large, max-video-preview:-1\" \/>\n<link rel=\"canonical\" href=\"https:\/\/www.mexicanguitarplayers.com\/en\/tienda\/accesorios\/para-audio\/varios-para-audio\/tarjeta-klark-teknik-mod-kt-dante64\/\" \/>\n<meta property=\"og:locale\" content=\"en_US\" \/>\n<meta property=\"og:type\" content=\"article\" \/>\n<meta property=\"og:title\" content=\"TARJETA KLARK-TEKNIK MOD. KT-DANTE64 - Mexican Guitar Players\" \/>\n<meta property=\"og:description\" content=\"TARJETA KLARK-TEKNIK MOD. KT-DANTE64. M\u00f3dulo de red Dante Audinate con hasta 64 canales bidireccionales para puentes de red KLARK TEKNIK DN9650 y DN9652 y m\u00f3dulo de expansi\u00f3n MIDAS NEUTRON-NB, compatible con puentes de red KLARK TEKNIK DN9650 y DN9652 y m\u00f3dulo de expansi\u00f3n MIDAS NEUTRON-NB, habilita la grabaci\u00f3n multi canal y la reproducci\u00f3n a trav\u00e9s de la tarjeta Dante Virtual Soundcard (para PC o Mac), interfaces Ethernet primaria y secundaria para redes Dante de doble redundancia, funciona desde la red interna Dante Precision Time Protocol (PTP) clock o clock externo por medio de la unidad host, Software Controlador Dante opcional para configuraci\u00f3n remota (PC o Mac), indicadores LED para monitorear velocidad y actividad, dise\u00f1ado y fabricado en Inglaterra.\" \/>\n<meta property=\"og:url\" content=\"https:\/\/www.mexicanguitarplayers.com\/en\/tienda\/accesorios\/para-audio\/varios-para-audio\/tarjeta-klark-teknik-mod-kt-dante64\/\" \/>\n<meta property=\"og:site_name\" content=\"Mexican Guitar Players\" \/>\n<meta property=\"article:modified_time\" content=\"2023-03-30T04:26:53+00:00\" \/>\n<meta property=\"og:image\" content=\"https:\/\/www.mexicanguitarplayers.com\/wp-content\/uploads\/2022\/08\/IAKLAKTDANTE64.jpg\" \/>\n\t<meta property=\"og:image:width\" content=\"1600\" \/>\n\t<meta property=\"og:image:height\" content=\"800\" \/>\n\t<meta property=\"og:image:type\" content=\"image\/jpeg\" \/>\n<meta name=\"twitter:card\" content=\"summary_large_image\" \/>\n<meta name=\"twitter:label1\" content=\"Est. reading time\" \/>\n\t<meta name=\"twitter:data1\" content=\"1 minute\" \/>\n<script type=\"application\/ld+json\" class=\"yoast-schema-graph\">{\"@context\":\"https:\\\/\\\/schema.org\",\"@graph\":[{\"@type\":[\"WebPage\",\"ItemPage\"],\"@id\":\"https:\\\/\\\/www.mexicanguitarplayers.com\\\/tienda\\\/accesorios\\\/para-audio\\\/varios-para-audio\\\/tarjeta-klark-teknik-mod-kt-dante64\\\/\",\"url\":\"https:\\\/\\\/www.mexicanguitarplayers.com\\\/tienda\\\/accesorios\\\/para-audio\\\/varios-para-audio\\\/tarjeta-klark-teknik-mod-kt-dante64\\\/\",\"name\":\"TARJETA KLARK-TEKNIK MOD. KT-DANTE64 - Mexican Guitar Players\",\"isPartOf\":{\"@id\":\"https:\\\/\\\/www.mexicanguitarplayers.com\\\/#website\"},\"primaryImageOfPage\":{\"@id\":\"https:\\\/\\\/www.mexicanguitarplayers.com\\\/tienda\\\/accesorios\\\/para-audio\\\/varios-para-audio\\\/tarjeta-klark-teknik-mod-kt-dante64\\\/#primaryimage\"},\"image\":{\"@id\":\"https:\\\/\\\/www.mexicanguitarplayers.com\\\/tienda\\\/accesorios\\\/para-audio\\\/varios-para-audio\\\/tarjeta-klark-teknik-mod-kt-dante64\\\/#primaryimage\"},\"thumbnailUrl\":\"https:\\\/\\\/www.mexicanguitarplayers.com\\\/wp-content\\\/uploads\\\/2022\\\/08\\\/IAKLAKTDANTE64.jpg\",\"datePublished\":\"2022-08-18T20:53:37+00:00\",\"dateModified\":\"2023-03-30T04:26:53+00:00\",\"description\":\"TARJETA KLARK-TEKNIK MOD. KT-DANTE64. M\u00f3dulo de red Dante Audinate con hasta 64 canales bidireccionales para puentes de red KLARK TEKNIK DN9650 y DN9652 y m\u00f3dulo de expansi\u00f3n MIDAS NEUTRON-NB, compatible con puentes de red KLARK TEKNIK DN9650 y DN9652 y m\u00f3dulo de expansi\u00f3n MIDAS NEUTRON-NB, habilita la grabaci\u00f3n multi canal y la reproducci\u00f3n a trav\u00e9s de la tarjeta Dante Virtual Soundcard (para PC o Mac), interfaces Ethernet primaria y secundaria para redes Dante de doble redundancia, funciona desde la red interna Dante Precision Time Protocol (PTP) clock o clock externo por medio de la unidad host, Software Controlador Dante opcional para configuraci\u00f3n remota (PC o Mac), indicadores LED para monitorear velocidad y actividad, dise\u00f1ado y fabricado en Inglaterra.\",\"breadcrumb\":{\"@id\":\"https:\\\/\\\/www.mexicanguitarplayers.com\\\/tienda\\\/accesorios\\\/para-audio\\\/varios-para-audio\\\/tarjeta-klark-teknik-mod-kt-dante64\\\/#breadcrumb\"},\"inLanguage\":\"en-US\",\"potentialAction\":[{\"@type\":\"ReadAction\",\"target\":[\"https:\\\/\\\/www.mexicanguitarplayers.com\\\/tienda\\\/accesorios\\\/para-audio\\\/varios-para-audio\\\/tarjeta-klark-teknik-mod-kt-dante64\\\/\"]}]},{\"@type\":\"ImageObject\",\"inLanguage\":\"en-US\",\"@id\":\"https:\\\/\\\/www.mexicanguitarplayers.com\\\/tienda\\\/accesorios\\\/para-audio\\\/varios-para-audio\\\/tarjeta-klark-teknik-mod-kt-dante64\\\/#primaryimage\",\"url\":\"https:\\\/\\\/www.mexicanguitarplayers.com\\\/wp-content\\\/uploads\\\/2022\\\/08\\\/IAKLAKTDANTE64.jpg\",\"contentUrl\":\"https:\\\/\\\/www.mexicanguitarplayers.com\\\/wp-content\\\/uploads\\\/2022\\\/08\\\/IAKLAKTDANTE64.jpg\",\"width\":1600,\"height\":800},{\"@type\":\"BreadcrumbList\",\"@id\":\"https:\\\/\\\/www.mexicanguitarplayers.com\\\/tienda\\\/accesorios\\\/para-audio\\\/varios-para-audio\\\/tarjeta-klark-teknik-mod-kt-dante64\\\/#breadcrumb\",\"itemListElement\":[{\"@type\":\"ListItem\",\"position\":1,\"name\":\"Portada\",\"item\":\"https:\\\/\\\/www.mexicanguitarplayers.com\\\/\"},{\"@type\":\"ListItem\",\"position\":2,\"name\":\"Tienda\",\"item\":\"https:\\\/\\\/www.mexicanguitarplayers.com\\\/tienda\\\/\"},{\"@type\":\"ListItem\",\"position\":3,\"name\":\"TARJETA KLARK-TEKNIK MOD. KT-DANTE64\"}]},{\"@type\":\"WebSite\",\"@id\":\"https:\\\/\\\/www.mexicanguitarplayers.com\\\/#website\",\"url\":\"https:\\\/\\\/www.mexicanguitarplayers.com\\\/\",\"name\":\"Mexican Guitar Players\",\"description\":\"Website\",\"publisher\":{\"@id\":\"https:\\\/\\\/www.mexicanguitarplayers.com\\\/#organization\"},\"potentialAction\":[{\"@type\":\"SearchAction\",\"target\":{\"@type\":\"EntryPoint\",\"urlTemplate\":\"https:\\\/\\\/www.mexicanguitarplayers.com\\\/?s={search_term_string}\"},\"query-input\":{\"@type\":\"PropertyValueSpecification\",\"valueRequired\":true,\"valueName\":\"search_term_string\"}}],\"inLanguage\":\"en-US\"},{\"@type\":\"Organization\",\"@id\":\"https:\\\/\\\/www.mexicanguitarplayers.com\\\/#organization\",\"name\":\"Mexican Guitar Players\",\"url\":\"https:\\\/\\\/www.mexicanguitarplayers.com\\\/\",\"logo\":{\"@type\":\"ImageObject\",\"inLanguage\":\"en-US\",\"@id\":\"https:\\\/\\\/www.mexicanguitarplayers.com\\\/#\\\/schema\\\/logo\\\/image\\\/\",\"url\":\"\",\"contentUrl\":\"\",\"caption\":\"Mexican Guitar Players\"},\"image\":{\"@id\":\"https:\\\/\\\/www.mexicanguitarplayers.com\\\/#\\\/schema\\\/logo\\\/image\\\/\"}}]}<\/script>\n<!-- \/ Yoast SEO plugin. -->","yoast_head_json":{"title":"TARJETA KLARK-TEKNIK MOD. KT-DANTE64 - Mexican Guitar Players","description":"TARJETA KLARK-TEKNIK MOD. KT-DANTE64. M\u00f3dulo de red Dante Audinate con hasta 64 canales bidireccionales para puentes de red KLARK TEKNIK DN9650 y DN9652 y m\u00f3dulo de expansi\u00f3n MIDAS NEUTRON-NB, compatible con puentes de red KLARK TEKNIK DN9650 y DN9652 y m\u00f3dulo de expansi\u00f3n MIDAS NEUTRON-NB, habilita la grabaci\u00f3n multi canal y la reproducci\u00f3n a trav\u00e9s de la tarjeta Dante Virtual Soundcard (para PC o Mac), interfaces Ethernet primaria y secundaria para redes Dante de doble redundancia, funciona desde la red interna Dante Precision Time Protocol (PTP) clock o clock externo por medio de la unidad host, Software Controlador Dante opcional para configuraci\u00f3n remota (PC o Mac), indicadores LED para monitorear velocidad y actividad, dise\u00f1ado y fabricado en Inglaterra.","robots":{"index":"index","follow":"follow","max-snippet":"max-snippet:-1","max-image-preview":"max-image-preview:large","max-video-preview":"max-video-preview:-1"},"canonical":"https:\/\/www.mexicanguitarplayers.com\/en\/tienda\/accesorios\/para-audio\/varios-para-audio\/tarjeta-klark-teknik-mod-kt-dante64\/","og_locale":"en_US","og_type":"article","og_title":"TARJETA KLARK-TEKNIK MOD. KT-DANTE64 - Mexican Guitar Players","og_description":"TARJETA KLARK-TEKNIK MOD. KT-DANTE64. M\u00f3dulo de red Dante Audinate con hasta 64 canales bidireccionales para puentes de red KLARK TEKNIK DN9650 y DN9652 y m\u00f3dulo de expansi\u00f3n MIDAS NEUTRON-NB, compatible con puentes de red KLARK TEKNIK DN9650 y DN9652 y m\u00f3dulo de expansi\u00f3n MIDAS NEUTRON-NB, habilita la grabaci\u00f3n multi canal y la reproducci\u00f3n a trav\u00e9s de la tarjeta Dante Virtual Soundcard (para PC o Mac), interfaces Ethernet primaria y secundaria para redes Dante de doble redundancia, funciona desde la red interna Dante Precision Time Protocol (PTP) clock o clock externo por medio de la unidad host, Software Controlador Dante opcional para configuraci\u00f3n remota (PC o Mac), indicadores LED para monitorear velocidad y actividad, dise\u00f1ado y fabricado en Inglaterra.","og_url":"https:\/\/www.mexicanguitarplayers.com\/en\/tienda\/accesorios\/para-audio\/varios-para-audio\/tarjeta-klark-teknik-mod-kt-dante64\/","og_site_name":"Mexican Guitar Players","article_modified_time":"2023-03-30T04:26:53+00:00","og_image":[{"width":1600,"height":800,"url":"https:\/\/www.mexicanguitarplayers.com\/wp-content\/uploads\/2022\/08\/IAKLAKTDANTE64.jpg","type":"image\/jpeg"}],"twitter_card":"summary_large_image","twitter_misc":{"Est. reading time":"1 minute"},"schema":{"@context":"https:\/\/schema.org","@graph":[{"@type":["WebPage","ItemPage"],"@id":"https:\/\/www.mexicanguitarplayers.com\/tienda\/accesorios\/para-audio\/varios-para-audio\/tarjeta-klark-teknik-mod-kt-dante64\/","url":"https:\/\/www.mexicanguitarplayers.com\/tienda\/accesorios\/para-audio\/varios-para-audio\/tarjeta-klark-teknik-mod-kt-dante64\/","name":"TARJETA KLARK-TEKNIK MOD. KT-DANTE64 - Mexican Guitar Players","isPartOf":{"@id":"https:\/\/www.mexicanguitarplayers.com\/#website"},"primaryImageOfPage":{"@id":"https:\/\/www.mexicanguitarplayers.com\/tienda\/accesorios\/para-audio\/varios-para-audio\/tarjeta-klark-teknik-mod-kt-dante64\/#primaryimage"},"image":{"@id":"https:\/\/www.mexicanguitarplayers.com\/tienda\/accesorios\/para-audio\/varios-para-audio\/tarjeta-klark-teknik-mod-kt-dante64\/#primaryimage"},"thumbnailUrl":"https:\/\/www.mexicanguitarplayers.com\/wp-content\/uploads\/2022\/08\/IAKLAKTDANTE64.jpg","datePublished":"2022-08-18T20:53:37+00:00","dateModified":"2023-03-30T04:26:53+00:00","description":"TARJETA KLARK-TEKNIK MOD. KT-DANTE64. M\u00f3dulo de red Dante Audinate con hasta 64 canales bidireccionales para puentes de red KLARK TEKNIK DN9650 y DN9652 y m\u00f3dulo de expansi\u00f3n MIDAS NEUTRON-NB, compatible con puentes de red KLARK TEKNIK DN9650 y DN9652 y m\u00f3dulo de expansi\u00f3n MIDAS NEUTRON-NB, habilita la grabaci\u00f3n multi canal y la reproducci\u00f3n a trav\u00e9s de la tarjeta Dante Virtual Soundcard (para PC o Mac), interfaces Ethernet primaria y secundaria para redes Dante de doble redundancia, funciona desde la red interna Dante Precision Time Protocol (PTP) clock o clock externo por medio de la unidad host, Software Controlador Dante opcional para configuraci\u00f3n remota (PC o Mac), indicadores LED para monitorear velocidad y actividad, dise\u00f1ado y fabricado en Inglaterra.","breadcrumb":{"@id":"https:\/\/www.mexicanguitarplayers.com\/tienda\/accesorios\/para-audio\/varios-para-audio\/tarjeta-klark-teknik-mod-kt-dante64\/#breadcrumb"},"inLanguage":"en-US","potentialAction":[{"@type":"ReadAction","target":["https:\/\/www.mexicanguitarplayers.com\/tienda\/accesorios\/para-audio\/varios-para-audio\/tarjeta-klark-teknik-mod-kt-dante64\/"]}]},{"@type":"ImageObject","inLanguage":"en-US","@id":"https:\/\/www.mexicanguitarplayers.com\/tienda\/accesorios\/para-audio\/varios-para-audio\/tarjeta-klark-teknik-mod-kt-dante64\/#primaryimage","url":"https:\/\/www.mexicanguitarplayers.com\/wp-content\/uploads\/2022\/08\/IAKLAKTDANTE64.jpg","contentUrl":"https:\/\/www.mexicanguitarplayers.com\/wp-content\/uploads\/2022\/08\/IAKLAKTDANTE64.jpg","width":1600,"height":800},{"@type":"BreadcrumbList","@id":"https:\/\/www.mexicanguitarplayers.com\/tienda\/accesorios\/para-audio\/varios-para-audio\/tarjeta-klark-teknik-mod-kt-dante64\/#breadcrumb","itemListElement":[{"@type":"ListItem","position":1,"name":"Portada","item":"https:\/\/www.mexicanguitarplayers.com\/"},{"@type":"ListItem","position":2,"name":"Tienda","item":"https:\/\/www.mexicanguitarplayers.com\/tienda\/"},{"@type":"ListItem","position":3,"name":"TARJETA KLARK-TEKNIK MOD. KT-DANTE64"}]},{"@type":"WebSite","@id":"https:\/\/www.mexicanguitarplayers.com\/#website","url":"https:\/\/www.mexicanguitarplayers.com\/","name":"Mexican Guitar Players","description":"Website","publisher":{"@id":"https:\/\/www.mexicanguitarplayers.com\/#organization"},"potentialAction":[{"@type":"SearchAction","target":{"@type":"EntryPoint","urlTemplate":"https:\/\/www.mexicanguitarplayers.com\/?s={search_term_string}"},"query-input":{"@type":"PropertyValueSpecification","valueRequired":true,"valueName":"search_term_string"}}],"inLanguage":"en-US"},{"@type":"Organization","@id":"https:\/\/www.mexicanguitarplayers.com\/#organization","name":"Mexican Guitar Players","url":"https:\/\/www.mexicanguitarplayers.com\/","logo":{"@type":"ImageObject","inLanguage":"en-US","@id":"https:\/\/www.mexicanguitarplayers.com\/#\/schema\/logo\/image\/","url":"","contentUrl":"","caption":"Mexican Guitar Players"},"image":{"@id":"https:\/\/www.mexicanguitarplayers.com\/#\/schema\/logo\/image\/"}}]}},"brands":[{"id":538,"name":"KLARK TEKNIK","slug":"klark-teknik"}],"_links":{"self":[{"href":"https:\/\/www.mexicanguitarplayers.com\/en\/wp-json\/wp\/v2\/product\/15146","targetHints":{"allow":["GET"]}}],"collection":[{"href":"https:\/\/www.mexicanguitarplayers.com\/en\/wp-json\/wp\/v2\/product"}],"about":[{"href":"https:\/\/www.mexicanguitarplayers.com\/en\/wp-json\/wp\/v2\/types\/product"}],"replies":[{"embeddable":true,"href":"https:\/\/www.mexicanguitarplayers.com\/en\/wp-json\/wp\/v2\/comments?post=15146"}],"wp:featuredmedia":[{"embeddable":true,"href":"https:\/\/www.mexicanguitarplayers.com\/en\/wp-json\/wp\/v2\/media\/15143"}],"wp:attachment":[{"href":"https:\/\/www.mexicanguitarplayers.com\/en\/wp-json\/wp\/v2\/media?parent=15146"}],"wp:term":[{"taxonomy":"pwb-brand","embeddable":true,"href":"https:\/\/www.mexicanguitarplayers.com\/en\/wp-json\/wp\/v2\/pwb-brand?post=15146"},{"taxonomy":"product_brand","embeddable":true,"href":"https:\/\/www.mexicanguitarplayers.com\/en\/wp-json\/wp\/v2\/product_brand?post=15146"},{"taxonomy":"product_cat","embeddable":true,"href":"https:\/\/www.mexicanguitarplayers.com\/en\/wp-json\/wp\/v2\/product_cat?post=15146"},{"taxonomy":"product_tag","embeddable":true,"href":"https:\/\/www.mexicanguitarplayers.com\/en\/wp-json\/wp\/v2\/product_tag?post=15146"}],"curies":[{"name":"wp","href":"https:\/\/api.w.org\/{rel}","templated":true}]}}