{"id":15173,"date":"2022-08-18T15:54:20","date_gmt":"2022-08-18T20:54:20","guid":{"rendered":"https:\/\/www.mexicanguitarplayers.com\/tienda\/sin%20categor\u00eda\/microfono-neumann-mod-km-184mt\/"},"modified":"2023-01-05T20:06:38","modified_gmt":"2023-01-06T02:06:38","slug":"microfono-neumann-mod-km-184mt","status":"publish","type":"product","link":"https:\/\/www.mexicanguitarplayers.com\/en\/tienda\/audio\/microfonia\/microfonos-alambricos\/para-estudio\/microfono-neumann-mod-km-184mt\/","title":{"rendered":"NEUMANN MICROPHONE MOD. KM-184MT"},"content":{"rendered":"<div style=\"text-align: justify\">\n<div>\n<h3>NEUMANN MICROPHONE MOD. KM-184MT<\/h3>\n<\/div>\n<div>Versatile small diaphragm microphone, primarily for instrumental recording, pressure gradient transducer with cardioid polar pattern, slight treble boost for crisp, vivid sound, precise cardioid directionality with excellent back sound rejection, colorless reproduction of neighboring sound sources, tight production tolerances, perfect for stereo recordings, ideal for far and near miking of instruments, stereo and live recordings, spot mic for solo and ensemble recordings, overhead (drums and percussion) and announcer microphones, frequency range: 20 Hz \u2013 20 kHz, Sensitivity 15 mV\/Pa, Nominal Impedance: 50 ohms, Max SPL: 138 dB, Max Output Voltage: 10 dBu, Current Draw: 3.2 mA, Compatible Connectors: 3-pin XLR female, 22 diameter mm, length: 107 mm, weight: 80 g.<\/div>\n<\/div>","protected":false},"excerpt":{"rendered":"<p>Micr\u00f3fono vers\u00e1til de membrana peque\u00f1a, principalmente para grabaciones instrumentales, transductor gradiente de presi\u00f3n con patr\u00f3n polar cardioide, ligero aumento de agudos para un sonido fresco y v\u00edvido, direccionalidad cardioide precisa con excelente rechazo del sonido hacia atr\u00e1s, reproducci\u00f3n incolora de fuentes de sonido vecinas, tolerancias de producci\u00f3n ajustadas, perfecto para grabaciones est\u00e9reo, ideal para microfon\u00eda lejana y cercana de instrumentos, grabaciones est\u00e9reo y en vivo, micr\u00f3fono puntual para grabaciones de solistas y conjuntos, overhead (bater\u00eda y percusi\u00f3n) y micr\u00f3fonos de locutor, rango de frecuencia: 20 Hz &#8211; 20 kHz, sensibilidad 15 mV\/Pa, impedancia nominal: 50 ohms, SPL m\u00e1ximo: 138 dB, voltaje de salida m\u00e1ximo: 10 dBu, consumo de corriente: 3.2 mA, conectores compatibles: XLR hembra de 3 pines, di\u00e1metro: 22 mm, longitud: 107 mm, peso: 80 g.&hellip; <a class=\"kt-excerpt-readmore more-link\" href=\"https:\/\/www.mexicanguitarplayers.com\/en\/tienda\/audio\/microfonia\/microfonos-alambricos\/para-estudio\/microfono-neumann-mod-km-184mt\/\">Read more<\/a><\/p>","protected":false},"featured_media":15171,"comment_status":"open","ping_status":"closed","template":"","meta":{"kt_blocks_editor_width":""},"pwb-brand":[540],"product_brand":[],"product_cat":[213,214,215,227],"product_tag":[],"class_list":{"0":"post-15173","1":"product","2":"type-product","3":"status-publish","4":"has-post-thumbnail","6":"pwb-brand-neumann","7":"product_cat-audio","8":"product_cat-microfonia","9":"product_cat-microfonos-alambricos","10":"product_cat-para-estudio","11":"product_shipping_class-0-5-kg","13":"first","14":"outofstock","15":"taxable","16":"shipping-taxable","17":"purchasable","18":"product-type-simple"},"yoast_head":"<!-- This site is optimized with the Yoast SEO plugin v27.5 - https:\/\/yoast.com\/product\/yoast-seo-wordpress\/ -->\n<title>MICROFONO NEUMANN MOD. KM-184MT - Mexican Guitar Players<\/title>\n<meta name=\"description\" content=\"MICROFONO NEUMANN MOD. KM-184MT. Micr\u00f3fono vers\u00e1til de membrana peque\u00f1a, principalmente para grabaciones instrumentales, transductor gradiente de presi\u00f3n con patr\u00f3n polar cardioide, ligero aumento de agudos para un sonido fresco y v\u00edvido, direccionalidad cardioide precisa con excelente rechazo del sonido hacia atr\u00e1s, reproducci\u00f3n incolora de fuentes de sonido vecinas, tolerancias de producci\u00f3n ajustadas, perfecto para grabaciones est\u00e9reo, ideal para microfon\u00eda lejana y cercana de instrumentos, grabaciones est\u00e9reo y en vivo, micr\u00f3fono puntual para grabaciones de solistas y conjuntos, overhead (bater\u00eda y percusi\u00f3n) y micr\u00f3fonos de locutor, rango de frecuencia: 20 Hz - 20 kHz, sensibilidad 15 mV\/Pa, impedancia nominal: 50 ohms, SPL m\u00e1ximo: 138 dB, voltaje de salida m\u00e1ximo: 10 dBu, consumo de corriente: 3.2 mA, conectores compatibles: XLR hembra de 3 pines, di\u00e1metro: 22 mm, longitud: 107 mm, peso: 80 g.\" \/>\n<meta name=\"robots\" content=\"index, follow, max-snippet:-1, max-image-preview:large, max-video-preview:-1\" \/>\n<link rel=\"canonical\" href=\"https:\/\/www.mexicanguitarplayers.com\/en\/tienda\/audio\/microfonia\/microfonos-alambricos\/para-estudio\/microfono-neumann-mod-km-184mt\/\" \/>\n<meta property=\"og:locale\" content=\"en_US\" \/>\n<meta property=\"og:type\" content=\"article\" \/>\n<meta property=\"og:title\" content=\"MICROFONO NEUMANN MOD. KM-184MT - Mexican Guitar Players\" \/>\n<meta property=\"og:description\" content=\"MICROFONO NEUMANN MOD. KM-184MT. Micr\u00f3fono vers\u00e1til de membrana peque\u00f1a, principalmente para grabaciones instrumentales, transductor gradiente de presi\u00f3n con patr\u00f3n polar cardioide, ligero aumento de agudos para un sonido fresco y v\u00edvido, direccionalidad cardioide precisa con excelente rechazo del sonido hacia atr\u00e1s, reproducci\u00f3n incolora de fuentes de sonido vecinas, tolerancias de producci\u00f3n ajustadas, perfecto para grabaciones est\u00e9reo, ideal para microfon\u00eda lejana y cercana de instrumentos, grabaciones est\u00e9reo y en vivo, micr\u00f3fono puntual para grabaciones de solistas y conjuntos, overhead (bater\u00eda y percusi\u00f3n) y micr\u00f3fonos de locutor, rango de frecuencia: 20 Hz - 20 kHz, sensibilidad 15 mV\/Pa, impedancia nominal: 50 ohms, SPL m\u00e1ximo: 138 dB, voltaje de salida m\u00e1ximo: 10 dBu, consumo de corriente: 3.2 mA, conectores compatibles: XLR hembra de 3 pines, di\u00e1metro: 22 mm, longitud: 107 mm, peso: 80 g.\" \/>\n<meta property=\"og:url\" content=\"https:\/\/www.mexicanguitarplayers.com\/en\/tienda\/audio\/microfonia\/microfonos-alambricos\/para-estudio\/microfono-neumann-mod-km-184mt\/\" \/>\n<meta property=\"og:site_name\" content=\"Mexican Guitar Players\" \/>\n<meta property=\"article:modified_time\" content=\"2023-01-06T02:06:38+00:00\" \/>\n<meta property=\"og:image\" content=\"https:\/\/www.mexicanguitarplayers.com\/wp-content\/uploads\/2022\/08\/IANEMKM184MT.jpg\" \/>\n\t<meta property=\"og:image:width\" content=\"800\" \/>\n\t<meta property=\"og:image:height\" content=\"1600\" \/>\n\t<meta property=\"og:image:type\" content=\"image\/jpeg\" \/>\n<meta name=\"twitter:card\" content=\"summary_large_image\" \/>\n<meta name=\"twitter:label1\" content=\"Est. reading time\" \/>\n\t<meta name=\"twitter:data1\" content=\"1 minute\" \/>\n<script type=\"application\/ld+json\" class=\"yoast-schema-graph\">{\"@context\":\"https:\\\/\\\/schema.org\",\"@graph\":[{\"@type\":[\"WebPage\",\"ItemPage\"],\"@id\":\"https:\\\/\\\/www.mexicanguitarplayers.com\\\/tienda\\\/audio\\\/microfonia\\\/microfonos-alambricos\\\/para-estudio\\\/microfono-neumann-mod-km-184mt\\\/\",\"url\":\"https:\\\/\\\/www.mexicanguitarplayers.com\\\/tienda\\\/audio\\\/microfonia\\\/microfonos-alambricos\\\/para-estudio\\\/microfono-neumann-mod-km-184mt\\\/\",\"name\":\"MICROFONO NEUMANN MOD. KM-184MT - Mexican Guitar Players\",\"isPartOf\":{\"@id\":\"https:\\\/\\\/www.mexicanguitarplayers.com\\\/#website\"},\"primaryImageOfPage\":{\"@id\":\"https:\\\/\\\/www.mexicanguitarplayers.com\\\/tienda\\\/audio\\\/microfonia\\\/microfonos-alambricos\\\/para-estudio\\\/microfono-neumann-mod-km-184mt\\\/#primaryimage\"},\"image\":{\"@id\":\"https:\\\/\\\/www.mexicanguitarplayers.com\\\/tienda\\\/audio\\\/microfonia\\\/microfonos-alambricos\\\/para-estudio\\\/microfono-neumann-mod-km-184mt\\\/#primaryimage\"},\"thumbnailUrl\":\"https:\\\/\\\/www.mexicanguitarplayers.com\\\/wp-content\\\/uploads\\\/2022\\\/08\\\/IANEMKM184MT.jpg\",\"datePublished\":\"2022-08-18T20:54:20+00:00\",\"dateModified\":\"2023-01-06T02:06:38+00:00\",\"description\":\"MICROFONO NEUMANN MOD. KM-184MT. Micr\u00f3fono vers\u00e1til de membrana peque\u00f1a, principalmente para grabaciones instrumentales, transductor gradiente de presi\u00f3n con patr\u00f3n polar cardioide, ligero aumento de agudos para un sonido fresco y v\u00edvido, direccionalidad cardioide precisa con excelente rechazo del sonido hacia atr\u00e1s, reproducci\u00f3n incolora de fuentes de sonido vecinas, tolerancias de producci\u00f3n ajustadas, perfecto para grabaciones est\u00e9reo, ideal para microfon\u00eda lejana y cercana de instrumentos, grabaciones est\u00e9reo y en vivo, micr\u00f3fono puntual para grabaciones de solistas y conjuntos, overhead (bater\u00eda y percusi\u00f3n) y micr\u00f3fonos de locutor, rango de frecuencia: 20 Hz - 20 kHz, sensibilidad 15 mV\\\/Pa, impedancia nominal: 50 ohms, SPL m\u00e1ximo: 138 dB, voltaje de salida m\u00e1ximo: 10 dBu, consumo de corriente: 3.2 mA, conectores compatibles: XLR hembra de 3 pines, di\u00e1metro: 22 mm, longitud: 107 mm, peso: 80 g.\",\"breadcrumb\":{\"@id\":\"https:\\\/\\\/www.mexicanguitarplayers.com\\\/tienda\\\/audio\\\/microfonia\\\/microfonos-alambricos\\\/para-estudio\\\/microfono-neumann-mod-km-184mt\\\/#breadcrumb\"},\"inLanguage\":\"en-US\",\"potentialAction\":[{\"@type\":\"ReadAction\",\"target\":[\"https:\\\/\\\/www.mexicanguitarplayers.com\\\/tienda\\\/audio\\\/microfonia\\\/microfonos-alambricos\\\/para-estudio\\\/microfono-neumann-mod-km-184mt\\\/\"]}]},{\"@type\":\"ImageObject\",\"inLanguage\":\"en-US\",\"@id\":\"https:\\\/\\\/www.mexicanguitarplayers.com\\\/tienda\\\/audio\\\/microfonia\\\/microfonos-alambricos\\\/para-estudio\\\/microfono-neumann-mod-km-184mt\\\/#primaryimage\",\"url\":\"https:\\\/\\\/www.mexicanguitarplayers.com\\\/wp-content\\\/uploads\\\/2022\\\/08\\\/IANEMKM184MT.jpg\",\"contentUrl\":\"https:\\\/\\\/www.mexicanguitarplayers.com\\\/wp-content\\\/uploads\\\/2022\\\/08\\\/IANEMKM184MT.jpg\",\"width\":800,\"height\":1600},{\"@type\":\"BreadcrumbList\",\"@id\":\"https:\\\/\\\/www.mexicanguitarplayers.com\\\/tienda\\\/audio\\\/microfonia\\\/microfonos-alambricos\\\/para-estudio\\\/microfono-neumann-mod-km-184mt\\\/#breadcrumb\",\"itemListElement\":[{\"@type\":\"ListItem\",\"position\":1,\"name\":\"Portada\",\"item\":\"https:\\\/\\\/www.mexicanguitarplayers.com\\\/\"},{\"@type\":\"ListItem\",\"position\":2,\"name\":\"Tienda\",\"item\":\"https:\\\/\\\/www.mexicanguitarplayers.com\\\/tienda\\\/\"},{\"@type\":\"ListItem\",\"position\":3,\"name\":\"MICROFONO NEUMANN MOD. KM-184MT\"}]},{\"@type\":\"WebSite\",\"@id\":\"https:\\\/\\\/www.mexicanguitarplayers.com\\\/#website\",\"url\":\"https:\\\/\\\/www.mexicanguitarplayers.com\\\/\",\"name\":\"Mexican Guitar Players\",\"description\":\"Website\",\"publisher\":{\"@id\":\"https:\\\/\\\/www.mexicanguitarplayers.com\\\/#organization\"},\"potentialAction\":[{\"@type\":\"SearchAction\",\"target\":{\"@type\":\"EntryPoint\",\"urlTemplate\":\"https:\\\/\\\/www.mexicanguitarplayers.com\\\/?s={search_term_string}\"},\"query-input\":{\"@type\":\"PropertyValueSpecification\",\"valueRequired\":true,\"valueName\":\"search_term_string\"}}],\"inLanguage\":\"en-US\"},{\"@type\":\"Organization\",\"@id\":\"https:\\\/\\\/www.mexicanguitarplayers.com\\\/#organization\",\"name\":\"Mexican Guitar Players\",\"url\":\"https:\\\/\\\/www.mexicanguitarplayers.com\\\/\",\"logo\":{\"@type\":\"ImageObject\",\"inLanguage\":\"en-US\",\"@id\":\"https:\\\/\\\/www.mexicanguitarplayers.com\\\/#\\\/schema\\\/logo\\\/image\\\/\",\"url\":\"\",\"contentUrl\":\"\",\"caption\":\"Mexican Guitar Players\"},\"image\":{\"@id\":\"https:\\\/\\\/www.mexicanguitarplayers.com\\\/#\\\/schema\\\/logo\\\/image\\\/\"}}]}<\/script>\n<!-- \/ Yoast SEO plugin. -->","yoast_head_json":{"title":"MICROFONO NEUMANN MOD. KM-184MT - Mexican Guitar Players","description":"MICROFONO NEUMANN MOD. KM-184MT. Micr\u00f3fono vers\u00e1til de membrana peque\u00f1a, principalmente para grabaciones instrumentales, transductor gradiente de presi\u00f3n con patr\u00f3n polar cardioide, ligero aumento de agudos para un sonido fresco y v\u00edvido, direccionalidad cardioide precisa con excelente rechazo del sonido hacia atr\u00e1s, reproducci\u00f3n incolora de fuentes de sonido vecinas, tolerancias de producci\u00f3n ajustadas, perfecto para grabaciones est\u00e9reo, ideal para microfon\u00eda lejana y cercana de instrumentos, grabaciones est\u00e9reo y en vivo, micr\u00f3fono puntual para grabaciones de solistas y conjuntos, overhead (bater\u00eda y percusi\u00f3n) y micr\u00f3fonos de locutor, rango de frecuencia: 20 Hz - 20 kHz, sensibilidad 15 mV\/Pa, impedancia nominal: 50 ohms, SPL m\u00e1ximo: 138 dB, voltaje de salida m\u00e1ximo: 10 dBu, consumo de corriente: 3.2 mA, conectores compatibles: XLR hembra de 3 pines, di\u00e1metro: 22 mm, longitud: 107 mm, peso: 80 g.","robots":{"index":"index","follow":"follow","max-snippet":"max-snippet:-1","max-image-preview":"max-image-preview:large","max-video-preview":"max-video-preview:-1"},"canonical":"https:\/\/www.mexicanguitarplayers.com\/en\/tienda\/audio\/microfonia\/microfonos-alambricos\/para-estudio\/microfono-neumann-mod-km-184mt\/","og_locale":"en_US","og_type":"article","og_title":"MICROFONO NEUMANN MOD. KM-184MT - Mexican Guitar Players","og_description":"MICROFONO NEUMANN MOD. KM-184MT. Micr\u00f3fono vers\u00e1til de membrana peque\u00f1a, principalmente para grabaciones instrumentales, transductor gradiente de presi\u00f3n con patr\u00f3n polar cardioide, ligero aumento de agudos para un sonido fresco y v\u00edvido, direccionalidad cardioide precisa con excelente rechazo del sonido hacia atr\u00e1s, reproducci\u00f3n incolora de fuentes de sonido vecinas, tolerancias de producci\u00f3n ajustadas, perfecto para grabaciones est\u00e9reo, ideal para microfon\u00eda lejana y cercana de instrumentos, grabaciones est\u00e9reo y en vivo, micr\u00f3fono puntual para grabaciones de solistas y conjuntos, overhead (bater\u00eda y percusi\u00f3n) y micr\u00f3fonos de locutor, rango de frecuencia: 20 Hz - 20 kHz, sensibilidad 15 mV\/Pa, impedancia nominal: 50 ohms, SPL m\u00e1ximo: 138 dB, voltaje de salida m\u00e1ximo: 10 dBu, consumo de corriente: 3.2 mA, conectores compatibles: XLR hembra de 3 pines, di\u00e1metro: 22 mm, longitud: 107 mm, peso: 80 g.","og_url":"https:\/\/www.mexicanguitarplayers.com\/en\/tienda\/audio\/microfonia\/microfonos-alambricos\/para-estudio\/microfono-neumann-mod-km-184mt\/","og_site_name":"Mexican Guitar Players","article_modified_time":"2023-01-06T02:06:38+00:00","og_image":[{"width":800,"height":1600,"url":"https:\/\/www.mexicanguitarplayers.com\/wp-content\/uploads\/2022\/08\/IANEMKM184MT.jpg","type":"image\/jpeg"}],"twitter_card":"summary_large_image","twitter_misc":{"Est. reading time":"1 minute"},"schema":{"@context":"https:\/\/schema.org","@graph":[{"@type":["WebPage","ItemPage"],"@id":"https:\/\/www.mexicanguitarplayers.com\/tienda\/audio\/microfonia\/microfonos-alambricos\/para-estudio\/microfono-neumann-mod-km-184mt\/","url":"https:\/\/www.mexicanguitarplayers.com\/tienda\/audio\/microfonia\/microfonos-alambricos\/para-estudio\/microfono-neumann-mod-km-184mt\/","name":"MICROFONO NEUMANN MOD. KM-184MT - Mexican Guitar Players","isPartOf":{"@id":"https:\/\/www.mexicanguitarplayers.com\/#website"},"primaryImageOfPage":{"@id":"https:\/\/www.mexicanguitarplayers.com\/tienda\/audio\/microfonia\/microfonos-alambricos\/para-estudio\/microfono-neumann-mod-km-184mt\/#primaryimage"},"image":{"@id":"https:\/\/www.mexicanguitarplayers.com\/tienda\/audio\/microfonia\/microfonos-alambricos\/para-estudio\/microfono-neumann-mod-km-184mt\/#primaryimage"},"thumbnailUrl":"https:\/\/www.mexicanguitarplayers.com\/wp-content\/uploads\/2022\/08\/IANEMKM184MT.jpg","datePublished":"2022-08-18T20:54:20+00:00","dateModified":"2023-01-06T02:06:38+00:00","description":"MICROFONO NEUMANN MOD. KM-184MT. Micr\u00f3fono vers\u00e1til de membrana peque\u00f1a, principalmente para grabaciones instrumentales, transductor gradiente de presi\u00f3n con patr\u00f3n polar cardioide, ligero aumento de agudos para un sonido fresco y v\u00edvido, direccionalidad cardioide precisa con excelente rechazo del sonido hacia atr\u00e1s, reproducci\u00f3n incolora de fuentes de sonido vecinas, tolerancias de producci\u00f3n ajustadas, perfecto para grabaciones est\u00e9reo, ideal para microfon\u00eda lejana y cercana de instrumentos, grabaciones est\u00e9reo y en vivo, micr\u00f3fono puntual para grabaciones de solistas y conjuntos, overhead (bater\u00eda y percusi\u00f3n) y micr\u00f3fonos de locutor, rango de frecuencia: 20 Hz - 20 kHz, sensibilidad 15 mV\/Pa, impedancia nominal: 50 ohms, SPL m\u00e1ximo: 138 dB, voltaje de salida m\u00e1ximo: 10 dBu, consumo de corriente: 3.2 mA, conectores compatibles: XLR hembra de 3 pines, di\u00e1metro: 22 mm, longitud: 107 mm, peso: 80 g.","breadcrumb":{"@id":"https:\/\/www.mexicanguitarplayers.com\/tienda\/audio\/microfonia\/microfonos-alambricos\/para-estudio\/microfono-neumann-mod-km-184mt\/#breadcrumb"},"inLanguage":"en-US","potentialAction":[{"@type":"ReadAction","target":["https:\/\/www.mexicanguitarplayers.com\/tienda\/audio\/microfonia\/microfonos-alambricos\/para-estudio\/microfono-neumann-mod-km-184mt\/"]}]},{"@type":"ImageObject","inLanguage":"en-US","@id":"https:\/\/www.mexicanguitarplayers.com\/tienda\/audio\/microfonia\/microfonos-alambricos\/para-estudio\/microfono-neumann-mod-km-184mt\/#primaryimage","url":"https:\/\/www.mexicanguitarplayers.com\/wp-content\/uploads\/2022\/08\/IANEMKM184MT.jpg","contentUrl":"https:\/\/www.mexicanguitarplayers.com\/wp-content\/uploads\/2022\/08\/IANEMKM184MT.jpg","width":800,"height":1600},{"@type":"BreadcrumbList","@id":"https:\/\/www.mexicanguitarplayers.com\/tienda\/audio\/microfonia\/microfonos-alambricos\/para-estudio\/microfono-neumann-mod-km-184mt\/#breadcrumb","itemListElement":[{"@type":"ListItem","position":1,"name":"Portada","item":"https:\/\/www.mexicanguitarplayers.com\/"},{"@type":"ListItem","position":2,"name":"Tienda","item":"https:\/\/www.mexicanguitarplayers.com\/tienda\/"},{"@type":"ListItem","position":3,"name":"MICROFONO NEUMANN MOD. KM-184MT"}]},{"@type":"WebSite","@id":"https:\/\/www.mexicanguitarplayers.com\/#website","url":"https:\/\/www.mexicanguitarplayers.com\/","name":"Mexican Guitar Players","description":"Website","publisher":{"@id":"https:\/\/www.mexicanguitarplayers.com\/#organization"},"potentialAction":[{"@type":"SearchAction","target":{"@type":"EntryPoint","urlTemplate":"https:\/\/www.mexicanguitarplayers.com\/?s={search_term_string}"},"query-input":{"@type":"PropertyValueSpecification","valueRequired":true,"valueName":"search_term_string"}}],"inLanguage":"en-US"},{"@type":"Organization","@id":"https:\/\/www.mexicanguitarplayers.com\/#organization","name":"Mexican Guitar Players","url":"https:\/\/www.mexicanguitarplayers.com\/","logo":{"@type":"ImageObject","inLanguage":"en-US","@id":"https:\/\/www.mexicanguitarplayers.com\/#\/schema\/logo\/image\/","url":"","contentUrl":"","caption":"Mexican Guitar Players"},"image":{"@id":"https:\/\/www.mexicanguitarplayers.com\/#\/schema\/logo\/image\/"}}]}},"brands":[{"id":540,"name":"NEUMANN","slug":"neumann"}],"_links":{"self":[{"href":"https:\/\/www.mexicanguitarplayers.com\/en\/wp-json\/wp\/v2\/product\/15173","targetHints":{"allow":["GET"]}}],"collection":[{"href":"https:\/\/www.mexicanguitarplayers.com\/en\/wp-json\/wp\/v2\/product"}],"about":[{"href":"https:\/\/www.mexicanguitarplayers.com\/en\/wp-json\/wp\/v2\/types\/product"}],"replies":[{"embeddable":true,"href":"https:\/\/www.mexicanguitarplayers.com\/en\/wp-json\/wp\/v2\/comments?post=15173"}],"wp:featuredmedia":[{"embeddable":true,"href":"https:\/\/www.mexicanguitarplayers.com\/en\/wp-json\/wp\/v2\/media\/15171"}],"wp:attachment":[{"href":"https:\/\/www.mexicanguitarplayers.com\/en\/wp-json\/wp\/v2\/media?parent=15173"}],"wp:term":[{"taxonomy":"pwb-brand","embeddable":true,"href":"https:\/\/www.mexicanguitarplayers.com\/en\/wp-json\/wp\/v2\/pwb-brand?post=15173"},{"taxonomy":"product_brand","embeddable":true,"href":"https:\/\/www.mexicanguitarplayers.com\/en\/wp-json\/wp\/v2\/product_brand?post=15173"},{"taxonomy":"product_cat","embeddable":true,"href":"https:\/\/www.mexicanguitarplayers.com\/en\/wp-json\/wp\/v2\/product_cat?post=15173"},{"taxonomy":"product_tag","embeddable":true,"href":"https:\/\/www.mexicanguitarplayers.com\/en\/wp-json\/wp\/v2\/product_tag?post=15173"}],"curies":[{"name":"wp","href":"https:\/\/api.w.org\/{rel}","templated":true}]}}