{"id":15177,"date":"2022-08-18T15:54:28","date_gmt":"2022-08-18T20:54:28","guid":{"rendered":"https:\/\/www.mexicanguitarplayers.com\/tienda\/sin%20categor\u00eda\/microfono-neumann-mod-kms105mt\/"},"modified":"2023-03-22T16:52:15","modified_gmt":"2023-03-22T22:52:15","slug":"microfono-neumann-mod-kms105mt","status":"publish","type":"product","link":"https:\/\/www.mexicanguitarplayers.com\/en\/tienda\/audio\/microfonia\/microfonos-alambricos\/para-estudio\/microfono-neumann-mod-kms105mt\/","title":{"rendered":"NEUMANN MICROPHONE MOD. KMS105MT"},"content":{"rendered":"<div style=\"text-align: justify\">\n<div>\n<h3>NEUMANN MICROPHONE MOD. KMS105MT<\/h3>\n<\/div>\n<div>Studio-quality stage microphone for vocals and instruments, tight super-cardioid pickup pattern with excellent feedback rejection, condenser capsule, transparent sound with smooth treble lift, highly effective foam-free pop filter, unaffected by extreme sound pressure levels, robust construction, very low handling noise, frequency range: 20 Hz \u2013 20 kHz, impedance: 50 ohms, maximum SPL: 150 dB, 3-pin female XLR connector, diameter: 48 mm, length: 180mm, weight: 300g.<\/div>\n<\/div>","protected":false},"excerpt":{"rendered":"<p>Micr\u00f3fono de escenario con calidad de estudio para vocalistas e instrumentos, patr\u00f3n de captaci\u00f3n s\u00faper cardioide ajustado con excelente rechazo a la retroalimentaci\u00f3n, c\u00e1psula de condensador, sonido transparente con una suave elevaci\u00f3n de agudos, filtro antipop sin espuma altamente efectivo, no se ve afectado por niveles extremos de presi\u00f3n sonora, construcci\u00f3n robusta, ruido de manejo muy bajo, rango de frecuencia: 20 Hz &#8211; 20 kHz, impedancia: 50 ohms, SPL m\u00e1ximo: 150 dB, conector XLR hembra de 3 pines, di\u00e1metro: 48 mm, longitud: 180 mm, peso: 300 g.&hellip; <a class=\"kt-excerpt-readmore more-link\" href=\"https:\/\/www.mexicanguitarplayers.com\/en\/tienda\/audio\/microfonia\/microfonos-alambricos\/para-estudio\/microfono-neumann-mod-kms105mt\/\">Read more<\/a><\/p>","protected":false},"featured_media":15174,"comment_status":"open","ping_status":"closed","template":"","meta":{"kt_blocks_editor_width":""},"pwb-brand":[540],"product_brand":[],"product_cat":[213,214,215,227],"product_tag":[],"class_list":{"0":"post-15177","1":"product","2":"type-product","3":"status-publish","4":"has-post-thumbnail","6":"pwb-brand-neumann","7":"product_cat-audio","8":"product_cat-microfonia","9":"product_cat-microfonos-alambricos","10":"product_cat-para-estudio","11":"product_shipping_class-0-5-kg","13":"first","14":"outofstock","15":"taxable","16":"shipping-taxable","17":"purchasable","18":"product-type-simple"},"yoast_head":"<!-- This site is optimized with the Yoast SEO plugin v27.5 - https:\/\/yoast.com\/product\/yoast-seo-wordpress\/ -->\n<title>MICROFONO NEUMANN MOD. KMS105MT - Mexican Guitar Players<\/title>\n<meta name=\"description\" content=\"MICROFONO NEUMANN MOD. KMS105MT. Micr\u00f3fono de escenario con calidad de estudio para vocalistas e instrumentos, patr\u00f3n de captaci\u00f3n s\u00faper cardioide ajustado con excelente rechazo a la retroalimentaci\u00f3n, c\u00e1psula de condensador, sonido transparente con una suave elevaci\u00f3n de agudos, filtro antipop sin espuma altamente efectivo, no se ve afectado por niveles extremos de presi\u00f3n sonora, construcci\u00f3n robusta, ruido de manejo muy bajo, rango de frecuencia: 20 Hz - 20 kHz, impedancia: 50 ohms, SPL m\u00e1ximo: 150 dB, conector XLR hembra de 3 pines, di\u00e1metro: 48 mm, longitud: 180 mm, peso: 300 g.\" \/>\n<meta name=\"robots\" content=\"index, follow, max-snippet:-1, max-image-preview:large, max-video-preview:-1\" \/>\n<link rel=\"canonical\" href=\"https:\/\/www.mexicanguitarplayers.com\/en\/tienda\/audio\/microfonia\/microfonos-alambricos\/para-estudio\/microfono-neumann-mod-kms105mt\/\" \/>\n<meta property=\"og:locale\" content=\"en_US\" \/>\n<meta property=\"og:type\" content=\"article\" \/>\n<meta property=\"og:title\" content=\"MICROFONO NEUMANN MOD. KMS105MT - Mexican Guitar Players\" \/>\n<meta property=\"og:description\" content=\"MICROFONO NEUMANN MOD. KMS105MT. Micr\u00f3fono de escenario con calidad de estudio para vocalistas e instrumentos, patr\u00f3n de captaci\u00f3n s\u00faper cardioide ajustado con excelente rechazo a la retroalimentaci\u00f3n, c\u00e1psula de condensador, sonido transparente con una suave elevaci\u00f3n de agudos, filtro antipop sin espuma altamente efectivo, no se ve afectado por niveles extremos de presi\u00f3n sonora, construcci\u00f3n robusta, ruido de manejo muy bajo, rango de frecuencia: 20 Hz - 20 kHz, impedancia: 50 ohms, SPL m\u00e1ximo: 150 dB, conector XLR hembra de 3 pines, di\u00e1metro: 48 mm, longitud: 180 mm, peso: 300 g.\" \/>\n<meta property=\"og:url\" content=\"https:\/\/www.mexicanguitarplayers.com\/en\/tienda\/audio\/microfonia\/microfonos-alambricos\/para-estudio\/microfono-neumann-mod-kms105mt\/\" \/>\n<meta property=\"og:site_name\" content=\"Mexican Guitar Players\" \/>\n<meta property=\"article:modified_time\" content=\"2023-03-22T22:52:15+00:00\" \/>\n<meta property=\"og:image\" content=\"https:\/\/www.mexicanguitarplayers.com\/wp-content\/uploads\/2022\/08\/IANEMKMS105MT.jpg\" \/>\n\t<meta property=\"og:image:width\" content=\"1200\" \/>\n\t<meta property=\"og:image:height\" content=\"1200\" \/>\n\t<meta property=\"og:image:type\" content=\"image\/jpeg\" \/>\n<meta name=\"twitter:card\" content=\"summary_large_image\" \/>\n<script type=\"application\/ld+json\" class=\"yoast-schema-graph\">{\"@context\":\"https:\\\/\\\/schema.org\",\"@graph\":[{\"@type\":[\"WebPage\",\"ItemPage\"],\"@id\":\"https:\\\/\\\/www.mexicanguitarplayers.com\\\/tienda\\\/audio\\\/microfonia\\\/microfonos-alambricos\\\/para-estudio\\\/microfono-neumann-mod-kms105mt\\\/\",\"url\":\"https:\\\/\\\/www.mexicanguitarplayers.com\\\/tienda\\\/audio\\\/microfonia\\\/microfonos-alambricos\\\/para-estudio\\\/microfono-neumann-mod-kms105mt\\\/\",\"name\":\"MICROFONO NEUMANN MOD. KMS105MT - Mexican Guitar Players\",\"isPartOf\":{\"@id\":\"https:\\\/\\\/www.mexicanguitarplayers.com\\\/#website\"},\"primaryImageOfPage\":{\"@id\":\"https:\\\/\\\/www.mexicanguitarplayers.com\\\/tienda\\\/audio\\\/microfonia\\\/microfonos-alambricos\\\/para-estudio\\\/microfono-neumann-mod-kms105mt\\\/#primaryimage\"},\"image\":{\"@id\":\"https:\\\/\\\/www.mexicanguitarplayers.com\\\/tienda\\\/audio\\\/microfonia\\\/microfonos-alambricos\\\/para-estudio\\\/microfono-neumann-mod-kms105mt\\\/#primaryimage\"},\"thumbnailUrl\":\"https:\\\/\\\/www.mexicanguitarplayers.com\\\/wp-content\\\/uploads\\\/2022\\\/08\\\/IANEMKMS105MT.jpg\",\"datePublished\":\"2022-08-18T20:54:28+00:00\",\"dateModified\":\"2023-03-22T22:52:15+00:00\",\"description\":\"MICROFONO NEUMANN MOD. KMS105MT. Micr\u00f3fono de escenario con calidad de estudio para vocalistas e instrumentos, patr\u00f3n de captaci\u00f3n s\u00faper cardioide ajustado con excelente rechazo a la retroalimentaci\u00f3n, c\u00e1psula de condensador, sonido transparente con una suave elevaci\u00f3n de agudos, filtro antipop sin espuma altamente efectivo, no se ve afectado por niveles extremos de presi\u00f3n sonora, construcci\u00f3n robusta, ruido de manejo muy bajo, rango de frecuencia: 20 Hz - 20 kHz, impedancia: 50 ohms, SPL m\u00e1ximo: 150 dB, conector XLR hembra de 3 pines, di\u00e1metro: 48 mm, longitud: 180 mm, peso: 300 g.\",\"breadcrumb\":{\"@id\":\"https:\\\/\\\/www.mexicanguitarplayers.com\\\/tienda\\\/audio\\\/microfonia\\\/microfonos-alambricos\\\/para-estudio\\\/microfono-neumann-mod-kms105mt\\\/#breadcrumb\"},\"inLanguage\":\"en-US\",\"potentialAction\":[{\"@type\":\"ReadAction\",\"target\":[\"https:\\\/\\\/www.mexicanguitarplayers.com\\\/tienda\\\/audio\\\/microfonia\\\/microfonos-alambricos\\\/para-estudio\\\/microfono-neumann-mod-kms105mt\\\/\"]}]},{\"@type\":\"ImageObject\",\"inLanguage\":\"en-US\",\"@id\":\"https:\\\/\\\/www.mexicanguitarplayers.com\\\/tienda\\\/audio\\\/microfonia\\\/microfonos-alambricos\\\/para-estudio\\\/microfono-neumann-mod-kms105mt\\\/#primaryimage\",\"url\":\"https:\\\/\\\/www.mexicanguitarplayers.com\\\/wp-content\\\/uploads\\\/2022\\\/08\\\/IANEMKMS105MT.jpg\",\"contentUrl\":\"https:\\\/\\\/www.mexicanguitarplayers.com\\\/wp-content\\\/uploads\\\/2022\\\/08\\\/IANEMKMS105MT.jpg\",\"width\":1200,\"height\":1200},{\"@type\":\"BreadcrumbList\",\"@id\":\"https:\\\/\\\/www.mexicanguitarplayers.com\\\/tienda\\\/audio\\\/microfonia\\\/microfonos-alambricos\\\/para-estudio\\\/microfono-neumann-mod-kms105mt\\\/#breadcrumb\",\"itemListElement\":[{\"@type\":\"ListItem\",\"position\":1,\"name\":\"Portada\",\"item\":\"https:\\\/\\\/www.mexicanguitarplayers.com\\\/\"},{\"@type\":\"ListItem\",\"position\":2,\"name\":\"Tienda\",\"item\":\"https:\\\/\\\/www.mexicanguitarplayers.com\\\/tienda\\\/\"},{\"@type\":\"ListItem\",\"position\":3,\"name\":\"MICROFONO NEUMANN MOD. KMS105MT\"}]},{\"@type\":\"WebSite\",\"@id\":\"https:\\\/\\\/www.mexicanguitarplayers.com\\\/#website\",\"url\":\"https:\\\/\\\/www.mexicanguitarplayers.com\\\/\",\"name\":\"Mexican Guitar Players\",\"description\":\"Website\",\"publisher\":{\"@id\":\"https:\\\/\\\/www.mexicanguitarplayers.com\\\/#organization\"},\"potentialAction\":[{\"@type\":\"SearchAction\",\"target\":{\"@type\":\"EntryPoint\",\"urlTemplate\":\"https:\\\/\\\/www.mexicanguitarplayers.com\\\/?s={search_term_string}\"},\"query-input\":{\"@type\":\"PropertyValueSpecification\",\"valueRequired\":true,\"valueName\":\"search_term_string\"}}],\"inLanguage\":\"en-US\"},{\"@type\":\"Organization\",\"@id\":\"https:\\\/\\\/www.mexicanguitarplayers.com\\\/#organization\",\"name\":\"Mexican Guitar Players\",\"url\":\"https:\\\/\\\/www.mexicanguitarplayers.com\\\/\",\"logo\":{\"@type\":\"ImageObject\",\"inLanguage\":\"en-US\",\"@id\":\"https:\\\/\\\/www.mexicanguitarplayers.com\\\/#\\\/schema\\\/logo\\\/image\\\/\",\"url\":\"\",\"contentUrl\":\"\",\"caption\":\"Mexican Guitar Players\"},\"image\":{\"@id\":\"https:\\\/\\\/www.mexicanguitarplayers.com\\\/#\\\/schema\\\/logo\\\/image\\\/\"}}]}<\/script>\n<!-- \/ Yoast SEO plugin. -->","yoast_head_json":{"title":"MICROFONO NEUMANN MOD. KMS105MT - Mexican Guitar Players","description":"MICROFONO NEUMANN MOD. KMS105MT. Micr\u00f3fono de escenario con calidad de estudio para vocalistas e instrumentos, patr\u00f3n de captaci\u00f3n s\u00faper cardioide ajustado con excelente rechazo a la retroalimentaci\u00f3n, c\u00e1psula de condensador, sonido transparente con una suave elevaci\u00f3n de agudos, filtro antipop sin espuma altamente efectivo, no se ve afectado por niveles extremos de presi\u00f3n sonora, construcci\u00f3n robusta, ruido de manejo muy bajo, rango de frecuencia: 20 Hz - 20 kHz, impedancia: 50 ohms, SPL m\u00e1ximo: 150 dB, conector XLR hembra de 3 pines, di\u00e1metro: 48 mm, longitud: 180 mm, peso: 300 g.","robots":{"index":"index","follow":"follow","max-snippet":"max-snippet:-1","max-image-preview":"max-image-preview:large","max-video-preview":"max-video-preview:-1"},"canonical":"https:\/\/www.mexicanguitarplayers.com\/en\/tienda\/audio\/microfonia\/microfonos-alambricos\/para-estudio\/microfono-neumann-mod-kms105mt\/","og_locale":"en_US","og_type":"article","og_title":"MICROFONO NEUMANN MOD. KMS105MT - Mexican Guitar Players","og_description":"MICROFONO NEUMANN MOD. KMS105MT. Micr\u00f3fono de escenario con calidad de estudio para vocalistas e instrumentos, patr\u00f3n de captaci\u00f3n s\u00faper cardioide ajustado con excelente rechazo a la retroalimentaci\u00f3n, c\u00e1psula de condensador, sonido transparente con una suave elevaci\u00f3n de agudos, filtro antipop sin espuma altamente efectivo, no se ve afectado por niveles extremos de presi\u00f3n sonora, construcci\u00f3n robusta, ruido de manejo muy bajo, rango de frecuencia: 20 Hz - 20 kHz, impedancia: 50 ohms, SPL m\u00e1ximo: 150 dB, conector XLR hembra de 3 pines, di\u00e1metro: 48 mm, longitud: 180 mm, peso: 300 g.","og_url":"https:\/\/www.mexicanguitarplayers.com\/en\/tienda\/audio\/microfonia\/microfonos-alambricos\/para-estudio\/microfono-neumann-mod-kms105mt\/","og_site_name":"Mexican Guitar Players","article_modified_time":"2023-03-22T22:52:15+00:00","og_image":[{"width":1200,"height":1200,"url":"https:\/\/www.mexicanguitarplayers.com\/wp-content\/uploads\/2022\/08\/IANEMKMS105MT.jpg","type":"image\/jpeg"}],"twitter_card":"summary_large_image","schema":{"@context":"https:\/\/schema.org","@graph":[{"@type":["WebPage","ItemPage"],"@id":"https:\/\/www.mexicanguitarplayers.com\/tienda\/audio\/microfonia\/microfonos-alambricos\/para-estudio\/microfono-neumann-mod-kms105mt\/","url":"https:\/\/www.mexicanguitarplayers.com\/tienda\/audio\/microfonia\/microfonos-alambricos\/para-estudio\/microfono-neumann-mod-kms105mt\/","name":"MICROFONO NEUMANN MOD. KMS105MT - Mexican Guitar Players","isPartOf":{"@id":"https:\/\/www.mexicanguitarplayers.com\/#website"},"primaryImageOfPage":{"@id":"https:\/\/www.mexicanguitarplayers.com\/tienda\/audio\/microfonia\/microfonos-alambricos\/para-estudio\/microfono-neumann-mod-kms105mt\/#primaryimage"},"image":{"@id":"https:\/\/www.mexicanguitarplayers.com\/tienda\/audio\/microfonia\/microfonos-alambricos\/para-estudio\/microfono-neumann-mod-kms105mt\/#primaryimage"},"thumbnailUrl":"https:\/\/www.mexicanguitarplayers.com\/wp-content\/uploads\/2022\/08\/IANEMKMS105MT.jpg","datePublished":"2022-08-18T20:54:28+00:00","dateModified":"2023-03-22T22:52:15+00:00","description":"MICROFONO NEUMANN MOD. KMS105MT. Micr\u00f3fono de escenario con calidad de estudio para vocalistas e instrumentos, patr\u00f3n de captaci\u00f3n s\u00faper cardioide ajustado con excelente rechazo a la retroalimentaci\u00f3n, c\u00e1psula de condensador, sonido transparente con una suave elevaci\u00f3n de agudos, filtro antipop sin espuma altamente efectivo, no se ve afectado por niveles extremos de presi\u00f3n sonora, construcci\u00f3n robusta, ruido de manejo muy bajo, rango de frecuencia: 20 Hz - 20 kHz, impedancia: 50 ohms, SPL m\u00e1ximo: 150 dB, conector XLR hembra de 3 pines, di\u00e1metro: 48 mm, longitud: 180 mm, peso: 300 g.","breadcrumb":{"@id":"https:\/\/www.mexicanguitarplayers.com\/tienda\/audio\/microfonia\/microfonos-alambricos\/para-estudio\/microfono-neumann-mod-kms105mt\/#breadcrumb"},"inLanguage":"en-US","potentialAction":[{"@type":"ReadAction","target":["https:\/\/www.mexicanguitarplayers.com\/tienda\/audio\/microfonia\/microfonos-alambricos\/para-estudio\/microfono-neumann-mod-kms105mt\/"]}]},{"@type":"ImageObject","inLanguage":"en-US","@id":"https:\/\/www.mexicanguitarplayers.com\/tienda\/audio\/microfonia\/microfonos-alambricos\/para-estudio\/microfono-neumann-mod-kms105mt\/#primaryimage","url":"https:\/\/www.mexicanguitarplayers.com\/wp-content\/uploads\/2022\/08\/IANEMKMS105MT.jpg","contentUrl":"https:\/\/www.mexicanguitarplayers.com\/wp-content\/uploads\/2022\/08\/IANEMKMS105MT.jpg","width":1200,"height":1200},{"@type":"BreadcrumbList","@id":"https:\/\/www.mexicanguitarplayers.com\/tienda\/audio\/microfonia\/microfonos-alambricos\/para-estudio\/microfono-neumann-mod-kms105mt\/#breadcrumb","itemListElement":[{"@type":"ListItem","position":1,"name":"Portada","item":"https:\/\/www.mexicanguitarplayers.com\/"},{"@type":"ListItem","position":2,"name":"Tienda","item":"https:\/\/www.mexicanguitarplayers.com\/tienda\/"},{"@type":"ListItem","position":3,"name":"MICROFONO NEUMANN MOD. KMS105MT"}]},{"@type":"WebSite","@id":"https:\/\/www.mexicanguitarplayers.com\/#website","url":"https:\/\/www.mexicanguitarplayers.com\/","name":"Mexican Guitar Players","description":"Website","publisher":{"@id":"https:\/\/www.mexicanguitarplayers.com\/#organization"},"potentialAction":[{"@type":"SearchAction","target":{"@type":"EntryPoint","urlTemplate":"https:\/\/www.mexicanguitarplayers.com\/?s={search_term_string}"},"query-input":{"@type":"PropertyValueSpecification","valueRequired":true,"valueName":"search_term_string"}}],"inLanguage":"en-US"},{"@type":"Organization","@id":"https:\/\/www.mexicanguitarplayers.com\/#organization","name":"Mexican Guitar Players","url":"https:\/\/www.mexicanguitarplayers.com\/","logo":{"@type":"ImageObject","inLanguage":"en-US","@id":"https:\/\/www.mexicanguitarplayers.com\/#\/schema\/logo\/image\/","url":"","contentUrl":"","caption":"Mexican Guitar Players"},"image":{"@id":"https:\/\/www.mexicanguitarplayers.com\/#\/schema\/logo\/image\/"}}]}},"brands":[{"id":540,"name":"NEUMANN","slug":"neumann"}],"_links":{"self":[{"href":"https:\/\/www.mexicanguitarplayers.com\/en\/wp-json\/wp\/v2\/product\/15177","targetHints":{"allow":["GET"]}}],"collection":[{"href":"https:\/\/www.mexicanguitarplayers.com\/en\/wp-json\/wp\/v2\/product"}],"about":[{"href":"https:\/\/www.mexicanguitarplayers.com\/en\/wp-json\/wp\/v2\/types\/product"}],"replies":[{"embeddable":true,"href":"https:\/\/www.mexicanguitarplayers.com\/en\/wp-json\/wp\/v2\/comments?post=15177"}],"wp:featuredmedia":[{"embeddable":true,"href":"https:\/\/www.mexicanguitarplayers.com\/en\/wp-json\/wp\/v2\/media\/15174"}],"wp:attachment":[{"href":"https:\/\/www.mexicanguitarplayers.com\/en\/wp-json\/wp\/v2\/media?parent=15177"}],"wp:term":[{"taxonomy":"pwb-brand","embeddable":true,"href":"https:\/\/www.mexicanguitarplayers.com\/en\/wp-json\/wp\/v2\/pwb-brand?post=15177"},{"taxonomy":"product_brand","embeddable":true,"href":"https:\/\/www.mexicanguitarplayers.com\/en\/wp-json\/wp\/v2\/product_brand?post=15177"},{"taxonomy":"product_cat","embeddable":true,"href":"https:\/\/www.mexicanguitarplayers.com\/en\/wp-json\/wp\/v2\/product_cat?post=15177"},{"taxonomy":"product_tag","embeddable":true,"href":"https:\/\/www.mexicanguitarplayers.com\/en\/wp-json\/wp\/v2\/product_tag?post=15177"}],"curies":[{"name":"wp","href":"https:\/\/api.w.org\/{rel}","templated":true}]}}