{"id":15203,"date":"2022-08-18T15:55:04","date_gmt":"2022-08-18T20:55:04","guid":{"rendered":"https:\/\/www.mexicanguitarplayers.com\/tienda\/sin%20categor\u00eda\/microfono-sennheiser-instrumento-e614\/"},"modified":"2026-04-15T04:27:11","modified_gmt":"2026-04-15T10:27:11","slug":"microfono-sennheiser-instrumento-e614","status":"publish","type":"product","link":"https:\/\/www.mexicanguitarplayers.com\/en\/tienda\/audio\/microfonia\/microfonos-alambricos\/para-instrumento\/microfono-sennheiser-instrumento-e614\/","title":{"rendered":"SENNHEISER INSTRUMENT MICROPHONE E614"},"content":{"rendered":"<div style=\"text-align: justify\">\n<div>\n<h3>SENNHEISER INSTRUMENT MICROPHONE E614<\/h3>\n<\/div>\n<div>Super cardioid pre-polarized condenser microphone for instrument, ideal for percussion, winds and strings, excellent directivity over the entire frequency range, natural sound for flexible applications, designed for high sound pressure levels, robust and rugged, dimensions: \u00d8 20 mm , L = 100 mm, XLR-3 connector, frequency response: 40 \u2013 20,000 Hz, weight: 93 g, sensitivity in free field, without load (1kHz): 3 mV\/Pa = \u2013 50 dB (0 dB = 1 V \/Pa), nominal impedance: 50 ohms, minimum termination impedance: 1000 ohms, phantom power: 12 \u2013 52 V \/ 3 mA, equivalent noise level: 24 dB (A), maximum SPL (passive): 139 dB, includes carrying bag and clip MZQ 100.<\/div>\n<\/div>","protected":false},"excerpt":{"rendered":"<p>Micr\u00f3fono de condensador pre polarizado s\u00faper cardioide para instrumento, idealpara percusi\u00f3n, alientos y cuerdas, excelente directividad sobre toda la gama defrecuencias, sonido natural para aplicaciones flexibles, dise\u00f1ado para altos niveles de presi\u00f3n sonora, robusto y de uso rudo, dimensiones: \u00d8 20 mm, L = 100 mm, conector XLR-3, respuesta de frecuencia: 40 &#8211; 20,000 Hz, peso: 93 g, sensibilidad en campo libre, sin carga (1kHz): 3 mV\/Pa = &#8211; 50 dB (0 dB = 1 V\/Pa), impedancia nominal: 50 ohms, impedancia m\u00ednima de terminaci\u00f3n: 1000 ohms, potencia phantom: 12 \u2013 52 V \/ 3 mA, nivel de ruido equivalente: 24 dB (A), SPL m\u00e1ximo (pasivo): 139 dB, incluye bolsa de transporte y clip MZQ 100.&hellip; <a class=\"kt-excerpt-readmore more-link\" href=\"https:\/\/www.mexicanguitarplayers.com\/en\/tienda\/audio\/microfonia\/microfonos-alambricos\/para-instrumento\/microfono-sennheiser-instrumento-e614\/\">Read more<\/a><\/p>","protected":false},"featured_media":15202,"comment_status":"open","ping_status":"closed","template":"","meta":{"kt_blocks_editor_width":""},"pwb-brand":[176],"product_brand":[],"product_cat":[213,214,215,216],"product_tag":[],"class_list":{"0":"post-15203","1":"product","2":"type-product","3":"status-publish","4":"has-post-thumbnail","6":"pwb-brand-sennheiser","7":"product_cat-audio","8":"product_cat-microfonia","9":"product_cat-microfonos-alambricos","10":"product_cat-para-instrumento","11":"product_shipping_class-0-5-kg","13":"first","14":"outofstock","15":"taxable","16":"shipping-taxable","17":"purchasable","18":"product-type-simple"},"yoast_head":"<!-- This site is optimized with the Yoast SEO plugin v27.6 - https:\/\/yoast.com\/product\/yoast-seo-wordpress\/ -->\n<title>MICROFONO SENNHEISER INSTRUMENTO E614 - Mexican Guitar Players<\/title>\n<meta name=\"description\" content=\"MICROFONO SENNHEISER INSTRUMENTO E614. Micr\u00f3fono de condensador pre polarizado s\u00faper cardioide para instrumento, idealpara percusi\u00f3n, alientos y cuerdas, excelente directividad sobre toda la gama defrecuencias, sonido natural para aplicaciones flexibles, dise\u00f1ado para altos niveles de presi\u00f3n sonora, robusto y de uso rudo, dimensiones: \u00d8 20 mm, L = 100 mm, conector XLR-3, respuesta de frecuencia: 40 - 20,000 Hz, peso: 93 g, sensibilidad en campo libre, sin carga (1kHz): 3 mV\/Pa = - 50 dB (0 dB = 1 V\/Pa), impedancia nominal: 50 ohms, impedancia m\u00ednima de terminaci\u00f3n: 1000 ohms, potencia phantom: 12 \u2013 52 V \/ 3 mA, nivel de ruido equivalente: 24 dB (A), SPL m\u00e1ximo (pasivo): 139 dB, incluye bolsa de transporte y clip MZQ 100.\" \/>\n<meta name=\"robots\" content=\"index, follow, max-snippet:-1, max-image-preview:large, max-video-preview:-1\" \/>\n<link rel=\"canonical\" href=\"https:\/\/www.mexicanguitarplayers.com\/en\/tienda\/audio\/microfonia\/microfonos-alambricos\/para-instrumento\/microfono-sennheiser-instrumento-e614\/\" \/>\n<meta property=\"og:locale\" content=\"en_US\" \/>\n<meta property=\"og:type\" content=\"article\" \/>\n<meta property=\"og:title\" content=\"MICROFONO SENNHEISER INSTRUMENTO E614 - Mexican Guitar Players\" \/>\n<meta property=\"og:description\" content=\"MICROFONO SENNHEISER INSTRUMENTO E614. Micr\u00f3fono de condensador pre polarizado s\u00faper cardioide para instrumento, idealpara percusi\u00f3n, alientos y cuerdas, excelente directividad sobre toda la gama defrecuencias, sonido natural para aplicaciones flexibles, dise\u00f1ado para altos niveles de presi\u00f3n sonora, robusto y de uso rudo, dimensiones: \u00d8 20 mm, L = 100 mm, conector XLR-3, respuesta de frecuencia: 40 - 20,000 Hz, peso: 93 g, sensibilidad en campo libre, sin carga (1kHz): 3 mV\/Pa = - 50 dB (0 dB = 1 V\/Pa), impedancia nominal: 50 ohms, impedancia m\u00ednima de terminaci\u00f3n: 1000 ohms, potencia phantom: 12 \u2013 52 V \/ 3 mA, nivel de ruido equivalente: 24 dB (A), SPL m\u00e1ximo (pasivo): 139 dB, incluye bolsa de transporte y clip MZQ 100.\" \/>\n<meta property=\"og:url\" content=\"https:\/\/www.mexicanguitarplayers.com\/en\/tienda\/audio\/microfonia\/microfonos-alambricos\/para-instrumento\/microfono-sennheiser-instrumento-e614\/\" \/>\n<meta property=\"og:site_name\" content=\"Mexican Guitar Players\" \/>\n<meta property=\"article:modified_time\" content=\"2026-04-15T10:27:11+00:00\" \/>\n<meta property=\"og:image\" content=\"https:\/\/www.mexicanguitarplayers.com\/wp-content\/uploads\/2022\/08\/IASENE614.jpg\" \/>\n\t<meta property=\"og:image:width\" content=\"800\" \/>\n\t<meta property=\"og:image:height\" content=\"1600\" \/>\n\t<meta property=\"og:image:type\" content=\"image\/jpeg\" \/>\n<meta name=\"twitter:card\" content=\"summary_large_image\" \/>\n<meta name=\"twitter:label1\" content=\"Est. reading time\" \/>\n\t<meta name=\"twitter:data1\" content=\"1 minute\" \/>\n<script type=\"application\/ld+json\" class=\"yoast-schema-graph\">{\"@context\":\"https:\\\/\\\/schema.org\",\"@graph\":[{\"@type\":[\"WebPage\",\"ItemPage\"],\"@id\":\"https:\\\/\\\/www.mexicanguitarplayers.com\\\/tienda\\\/audio\\\/microfonia\\\/microfonos-alambricos\\\/para-instrumento\\\/microfono-sennheiser-instrumento-e614\\\/\",\"url\":\"https:\\\/\\\/www.mexicanguitarplayers.com\\\/tienda\\\/audio\\\/microfonia\\\/microfonos-alambricos\\\/para-instrumento\\\/microfono-sennheiser-instrumento-e614\\\/\",\"name\":\"MICROFONO SENNHEISER INSTRUMENTO E614 - Mexican Guitar Players\",\"isPartOf\":{\"@id\":\"https:\\\/\\\/www.mexicanguitarplayers.com\\\/#website\"},\"primaryImageOfPage\":{\"@id\":\"https:\\\/\\\/www.mexicanguitarplayers.com\\\/tienda\\\/audio\\\/microfonia\\\/microfonos-alambricos\\\/para-instrumento\\\/microfono-sennheiser-instrumento-e614\\\/#primaryimage\"},\"image\":{\"@id\":\"https:\\\/\\\/www.mexicanguitarplayers.com\\\/tienda\\\/audio\\\/microfonia\\\/microfonos-alambricos\\\/para-instrumento\\\/microfono-sennheiser-instrumento-e614\\\/#primaryimage\"},\"thumbnailUrl\":\"https:\\\/\\\/www.mexicanguitarplayers.com\\\/wp-content\\\/uploads\\\/2022\\\/08\\\/IASENE614.jpg\",\"datePublished\":\"2022-08-18T20:55:04+00:00\",\"dateModified\":\"2026-04-15T10:27:11+00:00\",\"description\":\"MICROFONO SENNHEISER INSTRUMENTO E614. Micr\u00f3fono de condensador pre polarizado s\u00faper cardioide para instrumento, idealpara percusi\u00f3n, alientos y cuerdas, excelente directividad sobre toda la gama defrecuencias, sonido natural para aplicaciones flexibles, dise\u00f1ado para altos niveles de presi\u00f3n sonora, robusto y de uso rudo, dimensiones: \u00d8 20 mm, L = 100 mm, conector XLR-3, respuesta de frecuencia: 40 - 20,000 Hz, peso: 93 g, sensibilidad en campo libre, sin carga (1kHz): 3 mV\\\/Pa = - 50 dB (0 dB = 1 V\\\/Pa), impedancia nominal: 50 ohms, impedancia m\u00ednima de terminaci\u00f3n: 1000 ohms, potencia phantom: 12 \u2013 52 V \\\/ 3 mA, nivel de ruido equivalente: 24 dB (A), SPL m\u00e1ximo (pasivo): 139 dB, incluye bolsa de transporte y clip MZQ 100.\",\"breadcrumb\":{\"@id\":\"https:\\\/\\\/www.mexicanguitarplayers.com\\\/tienda\\\/audio\\\/microfonia\\\/microfonos-alambricos\\\/para-instrumento\\\/microfono-sennheiser-instrumento-e614\\\/#breadcrumb\"},\"inLanguage\":\"en-US\",\"potentialAction\":[{\"@type\":\"ReadAction\",\"target\":[\"https:\\\/\\\/www.mexicanguitarplayers.com\\\/tienda\\\/audio\\\/microfonia\\\/microfonos-alambricos\\\/para-instrumento\\\/microfono-sennheiser-instrumento-e614\\\/\"]}]},{\"@type\":\"ImageObject\",\"inLanguage\":\"en-US\",\"@id\":\"https:\\\/\\\/www.mexicanguitarplayers.com\\\/tienda\\\/audio\\\/microfonia\\\/microfonos-alambricos\\\/para-instrumento\\\/microfono-sennheiser-instrumento-e614\\\/#primaryimage\",\"url\":\"https:\\\/\\\/www.mexicanguitarplayers.com\\\/wp-content\\\/uploads\\\/2022\\\/08\\\/IASENE614.jpg\",\"contentUrl\":\"https:\\\/\\\/www.mexicanguitarplayers.com\\\/wp-content\\\/uploads\\\/2022\\\/08\\\/IASENE614.jpg\",\"width\":800,\"height\":1600},{\"@type\":\"BreadcrumbList\",\"@id\":\"https:\\\/\\\/www.mexicanguitarplayers.com\\\/tienda\\\/audio\\\/microfonia\\\/microfonos-alambricos\\\/para-instrumento\\\/microfono-sennheiser-instrumento-e614\\\/#breadcrumb\",\"itemListElement\":[{\"@type\":\"ListItem\",\"position\":1,\"name\":\"Portada\",\"item\":\"https:\\\/\\\/www.mexicanguitarplayers.com\\\/\"},{\"@type\":\"ListItem\",\"position\":2,\"name\":\"Tienda\",\"item\":\"https:\\\/\\\/www.mexicanguitarplayers.com\\\/tienda\\\/\"},{\"@type\":\"ListItem\",\"position\":3,\"name\":\"MICROFONO SENNHEISER INSTRUMENTO E614\"}]},{\"@type\":\"WebSite\",\"@id\":\"https:\\\/\\\/www.mexicanguitarplayers.com\\\/#website\",\"url\":\"https:\\\/\\\/www.mexicanguitarplayers.com\\\/\",\"name\":\"Mexican Guitar Players\",\"description\":\"Website\",\"publisher\":{\"@id\":\"https:\\\/\\\/www.mexicanguitarplayers.com\\\/#organization\"},\"potentialAction\":[{\"@type\":\"SearchAction\",\"target\":{\"@type\":\"EntryPoint\",\"urlTemplate\":\"https:\\\/\\\/www.mexicanguitarplayers.com\\\/?s={search_term_string}\"},\"query-input\":{\"@type\":\"PropertyValueSpecification\",\"valueRequired\":true,\"valueName\":\"search_term_string\"}}],\"inLanguage\":\"en-US\"},{\"@type\":\"Organization\",\"@id\":\"https:\\\/\\\/www.mexicanguitarplayers.com\\\/#organization\",\"name\":\"Mexican Guitar Players\",\"url\":\"https:\\\/\\\/www.mexicanguitarplayers.com\\\/\",\"logo\":{\"@type\":\"ImageObject\",\"inLanguage\":\"en-US\",\"@id\":\"https:\\\/\\\/www.mexicanguitarplayers.com\\\/#\\\/schema\\\/logo\\\/image\\\/\",\"url\":\"\",\"contentUrl\":\"\",\"caption\":\"Mexican Guitar Players\"},\"image\":{\"@id\":\"https:\\\/\\\/www.mexicanguitarplayers.com\\\/#\\\/schema\\\/logo\\\/image\\\/\"}}]}<\/script>\n<!-- \/ Yoast SEO plugin. -->","yoast_head_json":{"title":"MICROFONO SENNHEISER INSTRUMENTO E614 - Mexican Guitar Players","description":"MICROFONO SENNHEISER INSTRUMENTO E614. Micr\u00f3fono de condensador pre polarizado s\u00faper cardioide para instrumento, idealpara percusi\u00f3n, alientos y cuerdas, excelente directividad sobre toda la gama defrecuencias, sonido natural para aplicaciones flexibles, dise\u00f1ado para altos niveles de presi\u00f3n sonora, robusto y de uso rudo, dimensiones: \u00d8 20 mm, L = 100 mm, conector XLR-3, respuesta de frecuencia: 40 - 20,000 Hz, peso: 93 g, sensibilidad en campo libre, sin carga (1kHz): 3 mV\/Pa = - 50 dB (0 dB = 1 V\/Pa), impedancia nominal: 50 ohms, impedancia m\u00ednima de terminaci\u00f3n: 1000 ohms, potencia phantom: 12 \u2013 52 V \/ 3 mA, nivel de ruido equivalente: 24 dB (A), SPL m\u00e1ximo (pasivo): 139 dB, incluye bolsa de transporte y clip MZQ 100.","robots":{"index":"index","follow":"follow","max-snippet":"max-snippet:-1","max-image-preview":"max-image-preview:large","max-video-preview":"max-video-preview:-1"},"canonical":"https:\/\/www.mexicanguitarplayers.com\/en\/tienda\/audio\/microfonia\/microfonos-alambricos\/para-instrumento\/microfono-sennheiser-instrumento-e614\/","og_locale":"en_US","og_type":"article","og_title":"MICROFONO SENNHEISER INSTRUMENTO E614 - Mexican Guitar Players","og_description":"MICROFONO SENNHEISER INSTRUMENTO E614. Micr\u00f3fono de condensador pre polarizado s\u00faper cardioide para instrumento, idealpara percusi\u00f3n, alientos y cuerdas, excelente directividad sobre toda la gama defrecuencias, sonido natural para aplicaciones flexibles, dise\u00f1ado para altos niveles de presi\u00f3n sonora, robusto y de uso rudo, dimensiones: \u00d8 20 mm, L = 100 mm, conector XLR-3, respuesta de frecuencia: 40 - 20,000 Hz, peso: 93 g, sensibilidad en campo libre, sin carga (1kHz): 3 mV\/Pa = - 50 dB (0 dB = 1 V\/Pa), impedancia nominal: 50 ohms, impedancia m\u00ednima de terminaci\u00f3n: 1000 ohms, potencia phantom: 12 \u2013 52 V \/ 3 mA, nivel de ruido equivalente: 24 dB (A), SPL m\u00e1ximo (pasivo): 139 dB, incluye bolsa de transporte y clip MZQ 100.","og_url":"https:\/\/www.mexicanguitarplayers.com\/en\/tienda\/audio\/microfonia\/microfonos-alambricos\/para-instrumento\/microfono-sennheiser-instrumento-e614\/","og_site_name":"Mexican Guitar Players","article_modified_time":"2026-04-15T10:27:11+00:00","og_image":[{"width":800,"height":1600,"url":"https:\/\/www.mexicanguitarplayers.com\/wp-content\/uploads\/2022\/08\/IASENE614.jpg","type":"image\/jpeg"}],"twitter_card":"summary_large_image","twitter_misc":{"Est. reading time":"1 minute"},"schema":{"@context":"https:\/\/schema.org","@graph":[{"@type":["WebPage","ItemPage"],"@id":"https:\/\/www.mexicanguitarplayers.com\/tienda\/audio\/microfonia\/microfonos-alambricos\/para-instrumento\/microfono-sennheiser-instrumento-e614\/","url":"https:\/\/www.mexicanguitarplayers.com\/tienda\/audio\/microfonia\/microfonos-alambricos\/para-instrumento\/microfono-sennheiser-instrumento-e614\/","name":"MICROFONO SENNHEISER INSTRUMENTO E614 - Mexican Guitar Players","isPartOf":{"@id":"https:\/\/www.mexicanguitarplayers.com\/#website"},"primaryImageOfPage":{"@id":"https:\/\/www.mexicanguitarplayers.com\/tienda\/audio\/microfonia\/microfonos-alambricos\/para-instrumento\/microfono-sennheiser-instrumento-e614\/#primaryimage"},"image":{"@id":"https:\/\/www.mexicanguitarplayers.com\/tienda\/audio\/microfonia\/microfonos-alambricos\/para-instrumento\/microfono-sennheiser-instrumento-e614\/#primaryimage"},"thumbnailUrl":"https:\/\/www.mexicanguitarplayers.com\/wp-content\/uploads\/2022\/08\/IASENE614.jpg","datePublished":"2022-08-18T20:55:04+00:00","dateModified":"2026-04-15T10:27:11+00:00","description":"MICROFONO SENNHEISER INSTRUMENTO E614. Micr\u00f3fono de condensador pre polarizado s\u00faper cardioide para instrumento, idealpara percusi\u00f3n, alientos y cuerdas, excelente directividad sobre toda la gama defrecuencias, sonido natural para aplicaciones flexibles, dise\u00f1ado para altos niveles de presi\u00f3n sonora, robusto y de uso rudo, dimensiones: \u00d8 20 mm, L = 100 mm, conector XLR-3, respuesta de frecuencia: 40 - 20,000 Hz, peso: 93 g, sensibilidad en campo libre, sin carga (1kHz): 3 mV\/Pa = - 50 dB (0 dB = 1 V\/Pa), impedancia nominal: 50 ohms, impedancia m\u00ednima de terminaci\u00f3n: 1000 ohms, potencia phantom: 12 \u2013 52 V \/ 3 mA, nivel de ruido equivalente: 24 dB (A), SPL m\u00e1ximo (pasivo): 139 dB, incluye bolsa de transporte y clip MZQ 100.","breadcrumb":{"@id":"https:\/\/www.mexicanguitarplayers.com\/tienda\/audio\/microfonia\/microfonos-alambricos\/para-instrumento\/microfono-sennheiser-instrumento-e614\/#breadcrumb"},"inLanguage":"en-US","potentialAction":[{"@type":"ReadAction","target":["https:\/\/www.mexicanguitarplayers.com\/tienda\/audio\/microfonia\/microfonos-alambricos\/para-instrumento\/microfono-sennheiser-instrumento-e614\/"]}]},{"@type":"ImageObject","inLanguage":"en-US","@id":"https:\/\/www.mexicanguitarplayers.com\/tienda\/audio\/microfonia\/microfonos-alambricos\/para-instrumento\/microfono-sennheiser-instrumento-e614\/#primaryimage","url":"https:\/\/www.mexicanguitarplayers.com\/wp-content\/uploads\/2022\/08\/IASENE614.jpg","contentUrl":"https:\/\/www.mexicanguitarplayers.com\/wp-content\/uploads\/2022\/08\/IASENE614.jpg","width":800,"height":1600},{"@type":"BreadcrumbList","@id":"https:\/\/www.mexicanguitarplayers.com\/tienda\/audio\/microfonia\/microfonos-alambricos\/para-instrumento\/microfono-sennheiser-instrumento-e614\/#breadcrumb","itemListElement":[{"@type":"ListItem","position":1,"name":"Portada","item":"https:\/\/www.mexicanguitarplayers.com\/"},{"@type":"ListItem","position":2,"name":"Tienda","item":"https:\/\/www.mexicanguitarplayers.com\/tienda\/"},{"@type":"ListItem","position":3,"name":"MICROFONO SENNHEISER INSTRUMENTO E614"}]},{"@type":"WebSite","@id":"https:\/\/www.mexicanguitarplayers.com\/#website","url":"https:\/\/www.mexicanguitarplayers.com\/","name":"Mexican Guitar Players","description":"Website","publisher":{"@id":"https:\/\/www.mexicanguitarplayers.com\/#organization"},"potentialAction":[{"@type":"SearchAction","target":{"@type":"EntryPoint","urlTemplate":"https:\/\/www.mexicanguitarplayers.com\/?s={search_term_string}"},"query-input":{"@type":"PropertyValueSpecification","valueRequired":true,"valueName":"search_term_string"}}],"inLanguage":"en-US"},{"@type":"Organization","@id":"https:\/\/www.mexicanguitarplayers.com\/#organization","name":"Mexican Guitar Players","url":"https:\/\/www.mexicanguitarplayers.com\/","logo":{"@type":"ImageObject","inLanguage":"en-US","@id":"https:\/\/www.mexicanguitarplayers.com\/#\/schema\/logo\/image\/","url":"","contentUrl":"","caption":"Mexican Guitar Players"},"image":{"@id":"https:\/\/www.mexicanguitarplayers.com\/#\/schema\/logo\/image\/"}}]}},"brands":[{"id":176,"name":"SENNHEISER","slug":"sennheiser"}],"_links":{"self":[{"href":"https:\/\/www.mexicanguitarplayers.com\/en\/wp-json\/wp\/v2\/product\/15203","targetHints":{"allow":["GET"]}}],"collection":[{"href":"https:\/\/www.mexicanguitarplayers.com\/en\/wp-json\/wp\/v2\/product"}],"about":[{"href":"https:\/\/www.mexicanguitarplayers.com\/en\/wp-json\/wp\/v2\/types\/product"}],"replies":[{"embeddable":true,"href":"https:\/\/www.mexicanguitarplayers.com\/en\/wp-json\/wp\/v2\/comments?post=15203"}],"wp:featuredmedia":[{"embeddable":true,"href":"https:\/\/www.mexicanguitarplayers.com\/en\/wp-json\/wp\/v2\/media\/15202"}],"wp:attachment":[{"href":"https:\/\/www.mexicanguitarplayers.com\/en\/wp-json\/wp\/v2\/media?parent=15203"}],"wp:term":[{"taxonomy":"pwb-brand","embeddable":true,"href":"https:\/\/www.mexicanguitarplayers.com\/en\/wp-json\/wp\/v2\/pwb-brand?post=15203"},{"taxonomy":"product_brand","embeddable":true,"href":"https:\/\/www.mexicanguitarplayers.com\/en\/wp-json\/wp\/v2\/product_brand?post=15203"},{"taxonomy":"product_cat","embeddable":true,"href":"https:\/\/www.mexicanguitarplayers.com\/en\/wp-json\/wp\/v2\/product_cat?post=15203"},{"taxonomy":"product_tag","embeddable":true,"href":"https:\/\/www.mexicanguitarplayers.com\/en\/wp-json\/wp\/v2\/product_tag?post=15203"}],"curies":[{"name":"wp","href":"https:\/\/api.w.org\/{rel}","templated":true}]}}