{"id":15209,"date":"2022-08-18T15:55:14","date_gmt":"2022-08-18T20:55:14","guid":{"rendered":"https:\/\/www.mexicanguitarplayers.com\/tienda\/sin%20categor\u00eda\/microfono-sennheiser-vocal-mod-e845\/"},"modified":"2026-05-01T07:40:33","modified_gmt":"2026-05-01T13:40:33","slug":"microfono-sennheiser-vocal-mod-e845","status":"publish","type":"product","link":"https:\/\/www.mexicanguitarplayers.com\/en\/tienda\/audio\/microfonia\/microfonos-alambricos\/de-mano\/microfono-sennheiser-vocal-mod-e845\/","title":{"rendered":"SENNHEISER VOCAL MICROPHONE MOD. E845"},"content":{"rendered":"<div style=\"text-align: justify\">\n<div>\n<h3>SENNHEISER VOCAL MICROPHONE MOD. E845<\/h3>\n<\/div>\n<div>Super cardioid dynamic microphone for speech and vocals, extended high frequency range, consistent audio quality (varying distances, moving off axis), handling high sound pressure levels, isolates handling noise, hum compensating coil, excellent rejection to feedback, rugged metal housing, dimensions: \u00d8 46 x 185 mm, connector: XLR-3, frequency response: 40 \u2013 16,000 Hz, weight: 330 g, sensitivity in free field, no load (1kHz): 1.8 mV\/Pa, nominal impedance: 350 ohms, minimum termination impedance: 1000 ohms, accessories included: clip and carrying bag.<\/div>\n<\/div>","protected":false},"excerpt":{"rendered":"<p>Micr\u00f3fono din\u00e1mico s\u00faper cardioide para habla y vocales, rango de alta frecuencia extendida, calidad de audio consistente (distancias variables, movi\u00e9ndose fuera del eje), manejo de altos niveles de presi\u00f3n sonora, a\u00edsla el ruido de manejo,bobina compensadora de zumbidos, excelente rechazo a la retroalimentaci\u00f3n, carcasa resistente de metal, dimensiones: \u00d8 46 x 185 mm, conector: XLR-3, respuestade frecuencia: 40 &#8211; 16,000 Hz, peso: 330 g, sensibilidad en campo libre, sin carga (1kHz): 1,8 mV\/Pa, impedancia nominal: 350 ohms, impedancia m\u00ednima de terminaci\u00f3n: 1000 ohms, accesorios incluidos: clip y bolsa de transporte.&hellip; <a class=\"kt-excerpt-readmore more-link\" href=\"https:\/\/www.mexicanguitarplayers.com\/en\/tienda\/audio\/microfonia\/microfonos-alambricos\/de-mano\/microfono-sennheiser-vocal-mod-e845\/\">Read more<\/a><\/p>","protected":false},"featured_media":15208,"comment_status":"open","ping_status":"closed","template":"","meta":{"kt_blocks_editor_width":""},"pwb-brand":[176],"product_brand":[],"product_cat":[213,218,214,215],"product_tag":[],"class_list":{"0":"post-15209","1":"product","2":"type-product","3":"status-publish","4":"has-post-thumbnail","6":"pwb-brand-sennheiser","7":"product_cat-audio","8":"product_cat-de-mano","9":"product_cat-microfonia","10":"product_cat-microfonos-alambricos","11":"product_shipping_class-0-5-kg","13":"first","14":"instock","15":"taxable","16":"shipping-taxable","17":"purchasable","18":"product-type-simple"},"yoast_head":"<!-- This site is optimized with the Yoast SEO plugin v27.5 - https:\/\/yoast.com\/product\/yoast-seo-wordpress\/ -->\n<title>MICROFONO SENNHEISER VOCAL MOD. E845 - Mexican Guitar Players<\/title>\n<meta name=\"description\" content=\"MICROFONO SENNHEISER VOCAL MOD. E845. Micr\u00f3fono din\u00e1mico s\u00faper cardioide para habla y vocales, rango de alta frecuencia extendida, calidad de audio consistente (distancias variables, movi\u00e9ndose fuera del eje), manejo de altos niveles de presi\u00f3n sonora, a\u00edsla el ruido de manejo,bobina compensadora de zumbidos, excelente rechazo a la retroalimentaci\u00f3n, carcasa resistente de metal, dimensiones: \u00d8 46 x 185 mm, conector: XLR-3, respuestade frecuencia: 40 - 16,000 Hz, peso: 330 g, sensibilidad en campo libre, sin carga (1kHz): 1,8 mV\/Pa, impedancia nominal: 350 ohms, impedancia m\u00ednima de terminaci\u00f3n: 1000 ohms, accesorios incluidos: clip y bolsa de transporte.\" \/>\n<meta name=\"robots\" content=\"index, follow, max-snippet:-1, max-image-preview:large, max-video-preview:-1\" \/>\n<link rel=\"canonical\" href=\"https:\/\/www.mexicanguitarplayers.com\/en\/tienda\/audio\/microfonia\/microfonos-alambricos\/de-mano\/microfono-sennheiser-vocal-mod-e845\/\" \/>\n<meta property=\"og:locale\" content=\"en_US\" \/>\n<meta property=\"og:type\" content=\"article\" \/>\n<meta property=\"og:title\" content=\"MICROFONO SENNHEISER VOCAL MOD. E845 - Mexican Guitar Players\" \/>\n<meta property=\"og:description\" content=\"MICROFONO SENNHEISER VOCAL MOD. E845. Micr\u00f3fono din\u00e1mico s\u00faper cardioide para habla y vocales, rango de alta frecuencia extendida, calidad de audio consistente (distancias variables, movi\u00e9ndose fuera del eje), manejo de altos niveles de presi\u00f3n sonora, a\u00edsla el ruido de manejo,bobina compensadora de zumbidos, excelente rechazo a la retroalimentaci\u00f3n, carcasa resistente de metal, dimensiones: \u00d8 46 x 185 mm, conector: XLR-3, respuestade frecuencia: 40 - 16,000 Hz, peso: 330 g, sensibilidad en campo libre, sin carga (1kHz): 1,8 mV\/Pa, impedancia nominal: 350 ohms, impedancia m\u00ednima de terminaci\u00f3n: 1000 ohms, accesorios incluidos: clip y bolsa de transporte.\" \/>\n<meta property=\"og:url\" content=\"https:\/\/www.mexicanguitarplayers.com\/en\/tienda\/audio\/microfonia\/microfonos-alambricos\/de-mano\/microfono-sennheiser-vocal-mod-e845\/\" \/>\n<meta property=\"og:site_name\" content=\"Mexican Guitar Players\" \/>\n<meta property=\"article:modified_time\" content=\"2026-05-01T13:40:33+00:00\" \/>\n<meta property=\"og:image\" content=\"https:\/\/www.mexicanguitarplayers.com\/wp-content\/uploads\/2022\/08\/IASENE845.jpg\" \/>\n\t<meta property=\"og:image:width\" content=\"800\" \/>\n\t<meta property=\"og:image:height\" content=\"1600\" \/>\n\t<meta property=\"og:image:type\" content=\"image\/jpeg\" \/>\n<meta name=\"twitter:card\" content=\"summary_large_image\" \/>\n<script type=\"application\/ld+json\" class=\"yoast-schema-graph\">{\"@context\":\"https:\\\/\\\/schema.org\",\"@graph\":[{\"@type\":[\"WebPage\",\"ItemPage\"],\"@id\":\"https:\\\/\\\/www.mexicanguitarplayers.com\\\/tienda\\\/audio\\\/microfonia\\\/microfonos-alambricos\\\/de-mano\\\/microfono-sennheiser-vocal-mod-e845\\\/\",\"url\":\"https:\\\/\\\/www.mexicanguitarplayers.com\\\/tienda\\\/audio\\\/microfonia\\\/microfonos-alambricos\\\/de-mano\\\/microfono-sennheiser-vocal-mod-e845\\\/\",\"name\":\"MICROFONO SENNHEISER VOCAL MOD. E845 - Mexican Guitar Players\",\"isPartOf\":{\"@id\":\"https:\\\/\\\/www.mexicanguitarplayers.com\\\/#website\"},\"primaryImageOfPage\":{\"@id\":\"https:\\\/\\\/www.mexicanguitarplayers.com\\\/tienda\\\/audio\\\/microfonia\\\/microfonos-alambricos\\\/de-mano\\\/microfono-sennheiser-vocal-mod-e845\\\/#primaryimage\"},\"image\":{\"@id\":\"https:\\\/\\\/www.mexicanguitarplayers.com\\\/tienda\\\/audio\\\/microfonia\\\/microfonos-alambricos\\\/de-mano\\\/microfono-sennheiser-vocal-mod-e845\\\/#primaryimage\"},\"thumbnailUrl\":\"https:\\\/\\\/www.mexicanguitarplayers.com\\\/wp-content\\\/uploads\\\/2022\\\/08\\\/IASENE845.jpg\",\"datePublished\":\"2022-08-18T20:55:14+00:00\",\"dateModified\":\"2026-05-01T13:40:33+00:00\",\"description\":\"MICROFONO SENNHEISER VOCAL MOD. E845. Micr\u00f3fono din\u00e1mico s\u00faper cardioide para habla y vocales, rango de alta frecuencia extendida, calidad de audio consistente (distancias variables, movi\u00e9ndose fuera del eje), manejo de altos niveles de presi\u00f3n sonora, a\u00edsla el ruido de manejo,bobina compensadora de zumbidos, excelente rechazo a la retroalimentaci\u00f3n, carcasa resistente de metal, dimensiones: \u00d8 46 x 185 mm, conector: XLR-3, respuestade frecuencia: 40 - 16,000 Hz, peso: 330 g, sensibilidad en campo libre, sin carga (1kHz): 1,8 mV\\\/Pa, impedancia nominal: 350 ohms, impedancia m\u00ednima de terminaci\u00f3n: 1000 ohms, accesorios incluidos: clip y bolsa de transporte.\",\"breadcrumb\":{\"@id\":\"https:\\\/\\\/www.mexicanguitarplayers.com\\\/tienda\\\/audio\\\/microfonia\\\/microfonos-alambricos\\\/de-mano\\\/microfono-sennheiser-vocal-mod-e845\\\/#breadcrumb\"},\"inLanguage\":\"en-US\",\"potentialAction\":[{\"@type\":\"ReadAction\",\"target\":[\"https:\\\/\\\/www.mexicanguitarplayers.com\\\/tienda\\\/audio\\\/microfonia\\\/microfonos-alambricos\\\/de-mano\\\/microfono-sennheiser-vocal-mod-e845\\\/\"]}]},{\"@type\":\"ImageObject\",\"inLanguage\":\"en-US\",\"@id\":\"https:\\\/\\\/www.mexicanguitarplayers.com\\\/tienda\\\/audio\\\/microfonia\\\/microfonos-alambricos\\\/de-mano\\\/microfono-sennheiser-vocal-mod-e845\\\/#primaryimage\",\"url\":\"https:\\\/\\\/www.mexicanguitarplayers.com\\\/wp-content\\\/uploads\\\/2022\\\/08\\\/IASENE845.jpg\",\"contentUrl\":\"https:\\\/\\\/www.mexicanguitarplayers.com\\\/wp-content\\\/uploads\\\/2022\\\/08\\\/IASENE845.jpg\",\"width\":800,\"height\":1600},{\"@type\":\"BreadcrumbList\",\"@id\":\"https:\\\/\\\/www.mexicanguitarplayers.com\\\/tienda\\\/audio\\\/microfonia\\\/microfonos-alambricos\\\/de-mano\\\/microfono-sennheiser-vocal-mod-e845\\\/#breadcrumb\",\"itemListElement\":[{\"@type\":\"ListItem\",\"position\":1,\"name\":\"Portada\",\"item\":\"https:\\\/\\\/www.mexicanguitarplayers.com\\\/\"},{\"@type\":\"ListItem\",\"position\":2,\"name\":\"Tienda\",\"item\":\"https:\\\/\\\/www.mexicanguitarplayers.com\\\/tienda\\\/\"},{\"@type\":\"ListItem\",\"position\":3,\"name\":\"MICROFONO SENNHEISER VOCAL MOD. E845\"}]},{\"@type\":\"WebSite\",\"@id\":\"https:\\\/\\\/www.mexicanguitarplayers.com\\\/#website\",\"url\":\"https:\\\/\\\/www.mexicanguitarplayers.com\\\/\",\"name\":\"Mexican Guitar Players\",\"description\":\"Website\",\"publisher\":{\"@id\":\"https:\\\/\\\/www.mexicanguitarplayers.com\\\/#organization\"},\"potentialAction\":[{\"@type\":\"SearchAction\",\"target\":{\"@type\":\"EntryPoint\",\"urlTemplate\":\"https:\\\/\\\/www.mexicanguitarplayers.com\\\/?s={search_term_string}\"},\"query-input\":{\"@type\":\"PropertyValueSpecification\",\"valueRequired\":true,\"valueName\":\"search_term_string\"}}],\"inLanguage\":\"en-US\"},{\"@type\":\"Organization\",\"@id\":\"https:\\\/\\\/www.mexicanguitarplayers.com\\\/#organization\",\"name\":\"Mexican Guitar Players\",\"url\":\"https:\\\/\\\/www.mexicanguitarplayers.com\\\/\",\"logo\":{\"@type\":\"ImageObject\",\"inLanguage\":\"en-US\",\"@id\":\"https:\\\/\\\/www.mexicanguitarplayers.com\\\/#\\\/schema\\\/logo\\\/image\\\/\",\"url\":\"\",\"contentUrl\":\"\",\"caption\":\"Mexican Guitar Players\"},\"image\":{\"@id\":\"https:\\\/\\\/www.mexicanguitarplayers.com\\\/#\\\/schema\\\/logo\\\/image\\\/\"}}]}<\/script>\n<!-- \/ Yoast SEO plugin. -->","yoast_head_json":{"title":"MICROFONO SENNHEISER VOCAL MOD. E845 - Mexican Guitar Players","description":"MICROFONO SENNHEISER VOCAL MOD. E845. Micr\u00f3fono din\u00e1mico s\u00faper cardioide para habla y vocales, rango de alta frecuencia extendida, calidad de audio consistente (distancias variables, movi\u00e9ndose fuera del eje), manejo de altos niveles de presi\u00f3n sonora, a\u00edsla el ruido de manejo,bobina compensadora de zumbidos, excelente rechazo a la retroalimentaci\u00f3n, carcasa resistente de metal, dimensiones: \u00d8 46 x 185 mm, conector: XLR-3, respuestade frecuencia: 40 - 16,000 Hz, peso: 330 g, sensibilidad en campo libre, sin carga (1kHz): 1,8 mV\/Pa, impedancia nominal: 350 ohms, impedancia m\u00ednima de terminaci\u00f3n: 1000 ohms, accesorios incluidos: clip y bolsa de transporte.","robots":{"index":"index","follow":"follow","max-snippet":"max-snippet:-1","max-image-preview":"max-image-preview:large","max-video-preview":"max-video-preview:-1"},"canonical":"https:\/\/www.mexicanguitarplayers.com\/en\/tienda\/audio\/microfonia\/microfonos-alambricos\/de-mano\/microfono-sennheiser-vocal-mod-e845\/","og_locale":"en_US","og_type":"article","og_title":"MICROFONO SENNHEISER VOCAL MOD. E845 - Mexican Guitar Players","og_description":"MICROFONO SENNHEISER VOCAL MOD. E845. Micr\u00f3fono din\u00e1mico s\u00faper cardioide para habla y vocales, rango de alta frecuencia extendida, calidad de audio consistente (distancias variables, movi\u00e9ndose fuera del eje), manejo de altos niveles de presi\u00f3n sonora, a\u00edsla el ruido de manejo,bobina compensadora de zumbidos, excelente rechazo a la retroalimentaci\u00f3n, carcasa resistente de metal, dimensiones: \u00d8 46 x 185 mm, conector: XLR-3, respuestade frecuencia: 40 - 16,000 Hz, peso: 330 g, sensibilidad en campo libre, sin carga (1kHz): 1,8 mV\/Pa, impedancia nominal: 350 ohms, impedancia m\u00ednima de terminaci\u00f3n: 1000 ohms, accesorios incluidos: clip y bolsa de transporte.","og_url":"https:\/\/www.mexicanguitarplayers.com\/en\/tienda\/audio\/microfonia\/microfonos-alambricos\/de-mano\/microfono-sennheiser-vocal-mod-e845\/","og_site_name":"Mexican Guitar Players","article_modified_time":"2026-05-01T13:40:33+00:00","og_image":[{"width":800,"height":1600,"url":"https:\/\/www.mexicanguitarplayers.com\/wp-content\/uploads\/2022\/08\/IASENE845.jpg","type":"image\/jpeg"}],"twitter_card":"summary_large_image","schema":{"@context":"https:\/\/schema.org","@graph":[{"@type":["WebPage","ItemPage"],"@id":"https:\/\/www.mexicanguitarplayers.com\/tienda\/audio\/microfonia\/microfonos-alambricos\/de-mano\/microfono-sennheiser-vocal-mod-e845\/","url":"https:\/\/www.mexicanguitarplayers.com\/tienda\/audio\/microfonia\/microfonos-alambricos\/de-mano\/microfono-sennheiser-vocal-mod-e845\/","name":"MICROFONO SENNHEISER VOCAL MOD. E845 - Mexican Guitar Players","isPartOf":{"@id":"https:\/\/www.mexicanguitarplayers.com\/#website"},"primaryImageOfPage":{"@id":"https:\/\/www.mexicanguitarplayers.com\/tienda\/audio\/microfonia\/microfonos-alambricos\/de-mano\/microfono-sennheiser-vocal-mod-e845\/#primaryimage"},"image":{"@id":"https:\/\/www.mexicanguitarplayers.com\/tienda\/audio\/microfonia\/microfonos-alambricos\/de-mano\/microfono-sennheiser-vocal-mod-e845\/#primaryimage"},"thumbnailUrl":"https:\/\/www.mexicanguitarplayers.com\/wp-content\/uploads\/2022\/08\/IASENE845.jpg","datePublished":"2022-08-18T20:55:14+00:00","dateModified":"2026-05-01T13:40:33+00:00","description":"MICROFONO SENNHEISER VOCAL MOD. E845. Micr\u00f3fono din\u00e1mico s\u00faper cardioide para habla y vocales, rango de alta frecuencia extendida, calidad de audio consistente (distancias variables, movi\u00e9ndose fuera del eje), manejo de altos niveles de presi\u00f3n sonora, a\u00edsla el ruido de manejo,bobina compensadora de zumbidos, excelente rechazo a la retroalimentaci\u00f3n, carcasa resistente de metal, dimensiones: \u00d8 46 x 185 mm, conector: XLR-3, respuestade frecuencia: 40 - 16,000 Hz, peso: 330 g, sensibilidad en campo libre, sin carga (1kHz): 1,8 mV\/Pa, impedancia nominal: 350 ohms, impedancia m\u00ednima de terminaci\u00f3n: 1000 ohms, accesorios incluidos: clip y bolsa de transporte.","breadcrumb":{"@id":"https:\/\/www.mexicanguitarplayers.com\/tienda\/audio\/microfonia\/microfonos-alambricos\/de-mano\/microfono-sennheiser-vocal-mod-e845\/#breadcrumb"},"inLanguage":"en-US","potentialAction":[{"@type":"ReadAction","target":["https:\/\/www.mexicanguitarplayers.com\/tienda\/audio\/microfonia\/microfonos-alambricos\/de-mano\/microfono-sennheiser-vocal-mod-e845\/"]}]},{"@type":"ImageObject","inLanguage":"en-US","@id":"https:\/\/www.mexicanguitarplayers.com\/tienda\/audio\/microfonia\/microfonos-alambricos\/de-mano\/microfono-sennheiser-vocal-mod-e845\/#primaryimage","url":"https:\/\/www.mexicanguitarplayers.com\/wp-content\/uploads\/2022\/08\/IASENE845.jpg","contentUrl":"https:\/\/www.mexicanguitarplayers.com\/wp-content\/uploads\/2022\/08\/IASENE845.jpg","width":800,"height":1600},{"@type":"BreadcrumbList","@id":"https:\/\/www.mexicanguitarplayers.com\/tienda\/audio\/microfonia\/microfonos-alambricos\/de-mano\/microfono-sennheiser-vocal-mod-e845\/#breadcrumb","itemListElement":[{"@type":"ListItem","position":1,"name":"Portada","item":"https:\/\/www.mexicanguitarplayers.com\/"},{"@type":"ListItem","position":2,"name":"Tienda","item":"https:\/\/www.mexicanguitarplayers.com\/tienda\/"},{"@type":"ListItem","position":3,"name":"MICROFONO SENNHEISER VOCAL MOD. E845"}]},{"@type":"WebSite","@id":"https:\/\/www.mexicanguitarplayers.com\/#website","url":"https:\/\/www.mexicanguitarplayers.com\/","name":"Mexican Guitar Players","description":"Website","publisher":{"@id":"https:\/\/www.mexicanguitarplayers.com\/#organization"},"potentialAction":[{"@type":"SearchAction","target":{"@type":"EntryPoint","urlTemplate":"https:\/\/www.mexicanguitarplayers.com\/?s={search_term_string}"},"query-input":{"@type":"PropertyValueSpecification","valueRequired":true,"valueName":"search_term_string"}}],"inLanguage":"en-US"},{"@type":"Organization","@id":"https:\/\/www.mexicanguitarplayers.com\/#organization","name":"Mexican Guitar Players","url":"https:\/\/www.mexicanguitarplayers.com\/","logo":{"@type":"ImageObject","inLanguage":"en-US","@id":"https:\/\/www.mexicanguitarplayers.com\/#\/schema\/logo\/image\/","url":"","contentUrl":"","caption":"Mexican Guitar Players"},"image":{"@id":"https:\/\/www.mexicanguitarplayers.com\/#\/schema\/logo\/image\/"}}]}},"brands":[{"id":176,"name":"SENNHEISER","slug":"sennheiser"}],"_links":{"self":[{"href":"https:\/\/www.mexicanguitarplayers.com\/en\/wp-json\/wp\/v2\/product\/15209","targetHints":{"allow":["GET"]}}],"collection":[{"href":"https:\/\/www.mexicanguitarplayers.com\/en\/wp-json\/wp\/v2\/product"}],"about":[{"href":"https:\/\/www.mexicanguitarplayers.com\/en\/wp-json\/wp\/v2\/types\/product"}],"replies":[{"embeddable":true,"href":"https:\/\/www.mexicanguitarplayers.com\/en\/wp-json\/wp\/v2\/comments?post=15209"}],"wp:featuredmedia":[{"embeddable":true,"href":"https:\/\/www.mexicanguitarplayers.com\/en\/wp-json\/wp\/v2\/media\/15208"}],"wp:attachment":[{"href":"https:\/\/www.mexicanguitarplayers.com\/en\/wp-json\/wp\/v2\/media?parent=15209"}],"wp:term":[{"taxonomy":"pwb-brand","embeddable":true,"href":"https:\/\/www.mexicanguitarplayers.com\/en\/wp-json\/wp\/v2\/pwb-brand?post=15209"},{"taxonomy":"product_brand","embeddable":true,"href":"https:\/\/www.mexicanguitarplayers.com\/en\/wp-json\/wp\/v2\/product_brand?post=15209"},{"taxonomy":"product_cat","embeddable":true,"href":"https:\/\/www.mexicanguitarplayers.com\/en\/wp-json\/wp\/v2\/product_cat?post=15209"},{"taxonomy":"product_tag","embeddable":true,"href":"https:\/\/www.mexicanguitarplayers.com\/en\/wp-json\/wp\/v2\/product_tag?post=15209"}],"curies":[{"name":"wp","href":"https:\/\/api.w.org\/{rel}","templated":true}]}}