{"id":15218,"date":"2022-08-18T15:55:29","date_gmt":"2022-08-18T20:55:29","guid":{"rendered":"https:\/\/www.mexicanguitarplayers.com\/tienda\/sin%20categor\u00eda\/microfono-sennheiser-instrumento-e904\/"},"modified":"2026-05-01T07:40:32","modified_gmt":"2026-05-01T13:40:32","slug":"microfono-sennheiser-instrumento-e904","status":"publish","type":"product","link":"https:\/\/www.mexicanguitarplayers.com\/en\/tienda\/audio\/microfonia\/microfonos-alambricos\/para-instrumento\/microfono-sennheiser-instrumento-e904\/","title":{"rendered":"SENNHEISER INSTRUMENT MICROPHONE E904"},"content":{"rendered":"<div style=\"text-align: justify\">\n<div>\n<h3>SENNHEISER INSTRUMENT MICROPHONE E904<\/h3>\n<\/div>\n<div>Compact cardioid dynamic instrument microphone, ideal for snare and toms, fast transient response, extremely easy handling and very flexible positioning, metal housing, hum compensation coil, dimensions: 63 x 41 mm, 3-pin XLR connector, frequency response: 40 \u2013 18,000 Hz, weight: 125 g, impedance: 350 ohms, includes MZH 604 battery clamp, carrying bag and user manual.<\/div>\n<\/div>","protected":false},"excerpt":{"rendered":"<p>Micr\u00f3fono din\u00e1mico cardioide compacto para instrumento, ideal para tarola y toms, respuesta transitoria r\u00e1pida, manejo extremadamente sencillo y posicionamientomuy flexible, carcasa met\u00e1lica, bobina de compensaci\u00f3n de zumbido, dimensiones:63 x 41 mm, conector XLR de 3 pines, respuesta de frecuencia: 40 &#8211; 18,000 Hz, peso: 125 g, impedancia: 350 ohms, incluye clamp MZH 604 para bater\u00eda, bolsa de transporte y manual de usuario.&hellip; <a class=\"kt-excerpt-readmore more-link\" href=\"https:\/\/www.mexicanguitarplayers.com\/en\/tienda\/audio\/microfonia\/microfonos-alambricos\/para-instrumento\/microfono-sennheiser-instrumento-e904\/\">Read more<\/a><\/p>","protected":false},"featured_media":15217,"comment_status":"open","ping_status":"closed","template":"","meta":{"kt_blocks_editor_width":""},"pwb-brand":[176],"product_brand":[],"product_cat":[213,214,215,216],"product_tag":[],"class_list":{"0":"post-15218","1":"product","2":"type-product","3":"status-publish","4":"has-post-thumbnail","6":"pwb-brand-sennheiser","7":"product_cat-audio","8":"product_cat-microfonia","9":"product_cat-microfonos-alambricos","10":"product_cat-para-instrumento","11":"product_shipping_class-0-5-kg","13":"first","14":"instock","15":"taxable","16":"shipping-taxable","17":"purchasable","18":"product-type-simple"},"yoast_head":"<!-- This site is optimized with the Yoast SEO plugin v27.5 - https:\/\/yoast.com\/product\/yoast-seo-wordpress\/ -->\n<title>MICROFONO SENNHEISER INSTRUMENTO E904 - Mexican Guitar Players<\/title>\n<meta name=\"description\" content=\"MICROFONO SENNHEISER INSTRUMENTO E904. Micr\u00f3fono din\u00e1mico cardioide compacto para instrumento, ideal para tarola y toms, respuesta transitoria r\u00e1pida, manejo extremadamente sencillo y posicionamientomuy flexible, carcasa met\u00e1lica, bobina de compensaci\u00f3n de zumbido, dimensiones:63 x 41 mm, conector XLR de 3 pines, respuesta de frecuencia: 40 - 18,000 Hz, peso: 125 g, impedancia: 350 ohms, incluye clamp MZH 604 para bater\u00eda, bolsa de transporte y manual de usuario.\" \/>\n<meta name=\"robots\" content=\"index, follow, max-snippet:-1, max-image-preview:large, max-video-preview:-1\" \/>\n<link rel=\"canonical\" href=\"https:\/\/www.mexicanguitarplayers.com\/en\/tienda\/audio\/microfonia\/microfonos-alambricos\/para-instrumento\/microfono-sennheiser-instrumento-e904\/\" \/>\n<meta property=\"og:locale\" content=\"en_US\" \/>\n<meta property=\"og:type\" content=\"article\" \/>\n<meta property=\"og:title\" content=\"MICROFONO SENNHEISER INSTRUMENTO E904 - Mexican Guitar Players\" \/>\n<meta property=\"og:description\" content=\"MICROFONO SENNHEISER INSTRUMENTO E904. Micr\u00f3fono din\u00e1mico cardioide compacto para instrumento, ideal para tarola y toms, respuesta transitoria r\u00e1pida, manejo extremadamente sencillo y posicionamientomuy flexible, carcasa met\u00e1lica, bobina de compensaci\u00f3n de zumbido, dimensiones:63 x 41 mm, conector XLR de 3 pines, respuesta de frecuencia: 40 - 18,000 Hz, peso: 125 g, impedancia: 350 ohms, incluye clamp MZH 604 para bater\u00eda, bolsa de transporte y manual de usuario.\" \/>\n<meta property=\"og:url\" content=\"https:\/\/www.mexicanguitarplayers.com\/en\/tienda\/audio\/microfonia\/microfonos-alambricos\/para-instrumento\/microfono-sennheiser-instrumento-e904\/\" \/>\n<meta property=\"og:site_name\" content=\"Mexican Guitar Players\" \/>\n<meta property=\"article:modified_time\" content=\"2026-05-01T13:40:32+00:00\" \/>\n<meta property=\"og:image\" content=\"https:\/\/www.mexicanguitarplayers.com\/wp-content\/uploads\/2022\/08\/IASENE904.jpg\" \/>\n\t<meta property=\"og:image:width\" content=\"1200\" \/>\n\t<meta property=\"og:image:height\" content=\"1200\" \/>\n\t<meta property=\"og:image:type\" content=\"image\/jpeg\" \/>\n<meta name=\"twitter:card\" content=\"summary_large_image\" \/>\n<script type=\"application\/ld+json\" class=\"yoast-schema-graph\">{\"@context\":\"https:\\\/\\\/schema.org\",\"@graph\":[{\"@type\":[\"WebPage\",\"ItemPage\"],\"@id\":\"https:\\\/\\\/www.mexicanguitarplayers.com\\\/tienda\\\/audio\\\/microfonia\\\/microfonos-alambricos\\\/para-instrumento\\\/microfono-sennheiser-instrumento-e904\\\/\",\"url\":\"https:\\\/\\\/www.mexicanguitarplayers.com\\\/tienda\\\/audio\\\/microfonia\\\/microfonos-alambricos\\\/para-instrumento\\\/microfono-sennheiser-instrumento-e904\\\/\",\"name\":\"MICROFONO SENNHEISER INSTRUMENTO E904 - Mexican Guitar Players\",\"isPartOf\":{\"@id\":\"https:\\\/\\\/www.mexicanguitarplayers.com\\\/#website\"},\"primaryImageOfPage\":{\"@id\":\"https:\\\/\\\/www.mexicanguitarplayers.com\\\/tienda\\\/audio\\\/microfonia\\\/microfonos-alambricos\\\/para-instrumento\\\/microfono-sennheiser-instrumento-e904\\\/#primaryimage\"},\"image\":{\"@id\":\"https:\\\/\\\/www.mexicanguitarplayers.com\\\/tienda\\\/audio\\\/microfonia\\\/microfonos-alambricos\\\/para-instrumento\\\/microfono-sennheiser-instrumento-e904\\\/#primaryimage\"},\"thumbnailUrl\":\"https:\\\/\\\/www.mexicanguitarplayers.com\\\/wp-content\\\/uploads\\\/2022\\\/08\\\/IASENE904.jpg\",\"datePublished\":\"2022-08-18T20:55:29+00:00\",\"dateModified\":\"2026-05-01T13:40:32+00:00\",\"description\":\"MICROFONO SENNHEISER INSTRUMENTO E904. Micr\u00f3fono din\u00e1mico cardioide compacto para instrumento, ideal para tarola y toms, respuesta transitoria r\u00e1pida, manejo extremadamente sencillo y posicionamientomuy flexible, carcasa met\u00e1lica, bobina de compensaci\u00f3n de zumbido, dimensiones:63 x 41 mm, conector XLR de 3 pines, respuesta de frecuencia: 40 - 18,000 Hz, peso: 125 g, impedancia: 350 ohms, incluye clamp MZH 604 para bater\u00eda, bolsa de transporte y manual de usuario.\",\"breadcrumb\":{\"@id\":\"https:\\\/\\\/www.mexicanguitarplayers.com\\\/tienda\\\/audio\\\/microfonia\\\/microfonos-alambricos\\\/para-instrumento\\\/microfono-sennheiser-instrumento-e904\\\/#breadcrumb\"},\"inLanguage\":\"en-US\",\"potentialAction\":[{\"@type\":\"ReadAction\",\"target\":[\"https:\\\/\\\/www.mexicanguitarplayers.com\\\/tienda\\\/audio\\\/microfonia\\\/microfonos-alambricos\\\/para-instrumento\\\/microfono-sennheiser-instrumento-e904\\\/\"]}]},{\"@type\":\"ImageObject\",\"inLanguage\":\"en-US\",\"@id\":\"https:\\\/\\\/www.mexicanguitarplayers.com\\\/tienda\\\/audio\\\/microfonia\\\/microfonos-alambricos\\\/para-instrumento\\\/microfono-sennheiser-instrumento-e904\\\/#primaryimage\",\"url\":\"https:\\\/\\\/www.mexicanguitarplayers.com\\\/wp-content\\\/uploads\\\/2022\\\/08\\\/IASENE904.jpg\",\"contentUrl\":\"https:\\\/\\\/www.mexicanguitarplayers.com\\\/wp-content\\\/uploads\\\/2022\\\/08\\\/IASENE904.jpg\",\"width\":1200,\"height\":1200},{\"@type\":\"BreadcrumbList\",\"@id\":\"https:\\\/\\\/www.mexicanguitarplayers.com\\\/tienda\\\/audio\\\/microfonia\\\/microfonos-alambricos\\\/para-instrumento\\\/microfono-sennheiser-instrumento-e904\\\/#breadcrumb\",\"itemListElement\":[{\"@type\":\"ListItem\",\"position\":1,\"name\":\"Portada\",\"item\":\"https:\\\/\\\/www.mexicanguitarplayers.com\\\/\"},{\"@type\":\"ListItem\",\"position\":2,\"name\":\"Tienda\",\"item\":\"https:\\\/\\\/www.mexicanguitarplayers.com\\\/tienda\\\/\"},{\"@type\":\"ListItem\",\"position\":3,\"name\":\"MICROFONO SENNHEISER INSTRUMENTO E904\"}]},{\"@type\":\"WebSite\",\"@id\":\"https:\\\/\\\/www.mexicanguitarplayers.com\\\/#website\",\"url\":\"https:\\\/\\\/www.mexicanguitarplayers.com\\\/\",\"name\":\"Mexican Guitar Players\",\"description\":\"Website\",\"publisher\":{\"@id\":\"https:\\\/\\\/www.mexicanguitarplayers.com\\\/#organization\"},\"potentialAction\":[{\"@type\":\"SearchAction\",\"target\":{\"@type\":\"EntryPoint\",\"urlTemplate\":\"https:\\\/\\\/www.mexicanguitarplayers.com\\\/?s={search_term_string}\"},\"query-input\":{\"@type\":\"PropertyValueSpecification\",\"valueRequired\":true,\"valueName\":\"search_term_string\"}}],\"inLanguage\":\"en-US\"},{\"@type\":\"Organization\",\"@id\":\"https:\\\/\\\/www.mexicanguitarplayers.com\\\/#organization\",\"name\":\"Mexican Guitar Players\",\"url\":\"https:\\\/\\\/www.mexicanguitarplayers.com\\\/\",\"logo\":{\"@type\":\"ImageObject\",\"inLanguage\":\"en-US\",\"@id\":\"https:\\\/\\\/www.mexicanguitarplayers.com\\\/#\\\/schema\\\/logo\\\/image\\\/\",\"url\":\"\",\"contentUrl\":\"\",\"caption\":\"Mexican Guitar Players\"},\"image\":{\"@id\":\"https:\\\/\\\/www.mexicanguitarplayers.com\\\/#\\\/schema\\\/logo\\\/image\\\/\"}}]}<\/script>\n<!-- \/ Yoast SEO plugin. -->","yoast_head_json":{"title":"MICROFONO SENNHEISER INSTRUMENTO E904 - Mexican Guitar Players","description":"MICROFONO SENNHEISER INSTRUMENTO E904. Micr\u00f3fono din\u00e1mico cardioide compacto para instrumento, ideal para tarola y toms, respuesta transitoria r\u00e1pida, manejo extremadamente sencillo y posicionamientomuy flexible, carcasa met\u00e1lica, bobina de compensaci\u00f3n de zumbido, dimensiones:63 x 41 mm, conector XLR de 3 pines, respuesta de frecuencia: 40 - 18,000 Hz, peso: 125 g, impedancia: 350 ohms, incluye clamp MZH 604 para bater\u00eda, bolsa de transporte y manual de usuario.","robots":{"index":"index","follow":"follow","max-snippet":"max-snippet:-1","max-image-preview":"max-image-preview:large","max-video-preview":"max-video-preview:-1"},"canonical":"https:\/\/www.mexicanguitarplayers.com\/en\/tienda\/audio\/microfonia\/microfonos-alambricos\/para-instrumento\/microfono-sennheiser-instrumento-e904\/","og_locale":"en_US","og_type":"article","og_title":"MICROFONO SENNHEISER INSTRUMENTO E904 - Mexican Guitar Players","og_description":"MICROFONO SENNHEISER INSTRUMENTO E904. Micr\u00f3fono din\u00e1mico cardioide compacto para instrumento, ideal para tarola y toms, respuesta transitoria r\u00e1pida, manejo extremadamente sencillo y posicionamientomuy flexible, carcasa met\u00e1lica, bobina de compensaci\u00f3n de zumbido, dimensiones:63 x 41 mm, conector XLR de 3 pines, respuesta de frecuencia: 40 - 18,000 Hz, peso: 125 g, impedancia: 350 ohms, incluye clamp MZH 604 para bater\u00eda, bolsa de transporte y manual de usuario.","og_url":"https:\/\/www.mexicanguitarplayers.com\/en\/tienda\/audio\/microfonia\/microfonos-alambricos\/para-instrumento\/microfono-sennheiser-instrumento-e904\/","og_site_name":"Mexican Guitar Players","article_modified_time":"2026-05-01T13:40:32+00:00","og_image":[{"width":1200,"height":1200,"url":"https:\/\/www.mexicanguitarplayers.com\/wp-content\/uploads\/2022\/08\/IASENE904.jpg","type":"image\/jpeg"}],"twitter_card":"summary_large_image","schema":{"@context":"https:\/\/schema.org","@graph":[{"@type":["WebPage","ItemPage"],"@id":"https:\/\/www.mexicanguitarplayers.com\/tienda\/audio\/microfonia\/microfonos-alambricos\/para-instrumento\/microfono-sennheiser-instrumento-e904\/","url":"https:\/\/www.mexicanguitarplayers.com\/tienda\/audio\/microfonia\/microfonos-alambricos\/para-instrumento\/microfono-sennheiser-instrumento-e904\/","name":"MICROFONO SENNHEISER INSTRUMENTO E904 - Mexican Guitar Players","isPartOf":{"@id":"https:\/\/www.mexicanguitarplayers.com\/#website"},"primaryImageOfPage":{"@id":"https:\/\/www.mexicanguitarplayers.com\/tienda\/audio\/microfonia\/microfonos-alambricos\/para-instrumento\/microfono-sennheiser-instrumento-e904\/#primaryimage"},"image":{"@id":"https:\/\/www.mexicanguitarplayers.com\/tienda\/audio\/microfonia\/microfonos-alambricos\/para-instrumento\/microfono-sennheiser-instrumento-e904\/#primaryimage"},"thumbnailUrl":"https:\/\/www.mexicanguitarplayers.com\/wp-content\/uploads\/2022\/08\/IASENE904.jpg","datePublished":"2022-08-18T20:55:29+00:00","dateModified":"2026-05-01T13:40:32+00:00","description":"MICROFONO SENNHEISER INSTRUMENTO E904. Micr\u00f3fono din\u00e1mico cardioide compacto para instrumento, ideal para tarola y toms, respuesta transitoria r\u00e1pida, manejo extremadamente sencillo y posicionamientomuy flexible, carcasa met\u00e1lica, bobina de compensaci\u00f3n de zumbido, dimensiones:63 x 41 mm, conector XLR de 3 pines, respuesta de frecuencia: 40 - 18,000 Hz, peso: 125 g, impedancia: 350 ohms, incluye clamp MZH 604 para bater\u00eda, bolsa de transporte y manual de usuario.","breadcrumb":{"@id":"https:\/\/www.mexicanguitarplayers.com\/tienda\/audio\/microfonia\/microfonos-alambricos\/para-instrumento\/microfono-sennheiser-instrumento-e904\/#breadcrumb"},"inLanguage":"en-US","potentialAction":[{"@type":"ReadAction","target":["https:\/\/www.mexicanguitarplayers.com\/tienda\/audio\/microfonia\/microfonos-alambricos\/para-instrumento\/microfono-sennheiser-instrumento-e904\/"]}]},{"@type":"ImageObject","inLanguage":"en-US","@id":"https:\/\/www.mexicanguitarplayers.com\/tienda\/audio\/microfonia\/microfonos-alambricos\/para-instrumento\/microfono-sennheiser-instrumento-e904\/#primaryimage","url":"https:\/\/www.mexicanguitarplayers.com\/wp-content\/uploads\/2022\/08\/IASENE904.jpg","contentUrl":"https:\/\/www.mexicanguitarplayers.com\/wp-content\/uploads\/2022\/08\/IASENE904.jpg","width":1200,"height":1200},{"@type":"BreadcrumbList","@id":"https:\/\/www.mexicanguitarplayers.com\/tienda\/audio\/microfonia\/microfonos-alambricos\/para-instrumento\/microfono-sennheiser-instrumento-e904\/#breadcrumb","itemListElement":[{"@type":"ListItem","position":1,"name":"Portada","item":"https:\/\/www.mexicanguitarplayers.com\/"},{"@type":"ListItem","position":2,"name":"Tienda","item":"https:\/\/www.mexicanguitarplayers.com\/tienda\/"},{"@type":"ListItem","position":3,"name":"MICROFONO SENNHEISER INSTRUMENTO E904"}]},{"@type":"WebSite","@id":"https:\/\/www.mexicanguitarplayers.com\/#website","url":"https:\/\/www.mexicanguitarplayers.com\/","name":"Mexican Guitar Players","description":"Website","publisher":{"@id":"https:\/\/www.mexicanguitarplayers.com\/#organization"},"potentialAction":[{"@type":"SearchAction","target":{"@type":"EntryPoint","urlTemplate":"https:\/\/www.mexicanguitarplayers.com\/?s={search_term_string}"},"query-input":{"@type":"PropertyValueSpecification","valueRequired":true,"valueName":"search_term_string"}}],"inLanguage":"en-US"},{"@type":"Organization","@id":"https:\/\/www.mexicanguitarplayers.com\/#organization","name":"Mexican Guitar Players","url":"https:\/\/www.mexicanguitarplayers.com\/","logo":{"@type":"ImageObject","inLanguage":"en-US","@id":"https:\/\/www.mexicanguitarplayers.com\/#\/schema\/logo\/image\/","url":"","contentUrl":"","caption":"Mexican Guitar Players"},"image":{"@id":"https:\/\/www.mexicanguitarplayers.com\/#\/schema\/logo\/image\/"}}]}},"brands":[{"id":176,"name":"SENNHEISER","slug":"sennheiser"}],"_links":{"self":[{"href":"https:\/\/www.mexicanguitarplayers.com\/en\/wp-json\/wp\/v2\/product\/15218","targetHints":{"allow":["GET"]}}],"collection":[{"href":"https:\/\/www.mexicanguitarplayers.com\/en\/wp-json\/wp\/v2\/product"}],"about":[{"href":"https:\/\/www.mexicanguitarplayers.com\/en\/wp-json\/wp\/v2\/types\/product"}],"replies":[{"embeddable":true,"href":"https:\/\/www.mexicanguitarplayers.com\/en\/wp-json\/wp\/v2\/comments?post=15218"}],"wp:featuredmedia":[{"embeddable":true,"href":"https:\/\/www.mexicanguitarplayers.com\/en\/wp-json\/wp\/v2\/media\/15217"}],"wp:attachment":[{"href":"https:\/\/www.mexicanguitarplayers.com\/en\/wp-json\/wp\/v2\/media?parent=15218"}],"wp:term":[{"taxonomy":"pwb-brand","embeddable":true,"href":"https:\/\/www.mexicanguitarplayers.com\/en\/wp-json\/wp\/v2\/pwb-brand?post=15218"},{"taxonomy":"product_brand","embeddable":true,"href":"https:\/\/www.mexicanguitarplayers.com\/en\/wp-json\/wp\/v2\/product_brand?post=15218"},{"taxonomy":"product_cat","embeddable":true,"href":"https:\/\/www.mexicanguitarplayers.com\/en\/wp-json\/wp\/v2\/product_cat?post=15218"},{"taxonomy":"product_tag","embeddable":true,"href":"https:\/\/www.mexicanguitarplayers.com\/en\/wp-json\/wp\/v2\/product_tag?post=15218"}],"curies":[{"name":"wp","href":"https:\/\/api.w.org\/{rel}","templated":true}]}}