{"id":15224,"date":"2022-08-18T15:55:37","date_gmt":"2022-08-18T20:55:37","guid":{"rendered":"https:\/\/www.mexicanguitarplayers.com\/tienda\/sin%20categor\u00eda\/microfono-sennheiser-vocal-mod-e935\/"},"modified":"2026-04-15T04:27:05","modified_gmt":"2026-04-15T10:27:05","slug":"microfono-sennheiser-vocal-mod-e935","status":"publish","type":"product","link":"https:\/\/www.mexicanguitarplayers.com\/en\/tienda\/audio\/microfonia\/microfonos-alambricos\/de-mano\/microfono-sennheiser-vocal-mod-e935\/","title":{"rendered":"SENNHEISER VOCAL MICROPHONE MOD. E935"},"content":{"rendered":"<div style=\"text-align: justify\">\n<div>\n<h3>SENNHEISER VOCAL MICROPHONE MOD. E935<\/h3>\n<\/div>\n<div>Dynamic cardioid microphone that emphasizes vocals on loud stages, transparent highs and warm mid-bass, feedback rejection, shock-resistant capsule, hum compensation coil, extremely robust metal housing, dimensions: 47 x 151 mm, XLR connector 3-pin, frequency response: 40 \u2013 18,000 Hz, weight: 355 g, free-field sensitivity, no-load (1 kHz): 2.8mV\/Pa = -51dB (0 dB = 1V\/Pa) = -71 dB (0 dB = 1V\/ubar), nominal impedance: 350 ohms, minimum termination impedance: 1000 ohms, included accessories: MZQ 800 microphone clamp, carrying bag, user manual and warranty document.<\/div>\n<\/div>","protected":false},"excerpt":{"rendered":"<p>Micr\u00f3fono cardioide din\u00e1mico que enfatiza las voces en escenarios ruidosos, agudos transparentes y medios-graves c\u00e1lidos, rechazo a la retroalimentaci\u00f3n, c\u00e1psula resistente a golpes, bobina de compensaci\u00f3n de zumbido, carcasa met\u00e1lica extremadamente resistente, dimensiones: 47 x 151 mm, conector XLR de 3 pines, respuesta de frecuencia: 40 &#8211; 18,000 Hz, peso: 355 g, sensibilidad en campo libre, sincarga (1 kHz): 2,8mV\/Pa = -51dB (0 dB = 1V\/Pa) = -71 dB (0 dB = 1V\/ubar), impedancia nominal: 350 ohms, impedancia m\u00ednima de terminaci\u00f3n: 1000 ohms, accesoriosincluidos: clamp de micr\u00f3fono MZQ 800, bolsa de transporte, manual de usuario ydocumento de garant\u00eda.&hellip; <a class=\"kt-excerpt-readmore more-link\" href=\"https:\/\/www.mexicanguitarplayers.com\/en\/tienda\/audio\/microfonia\/microfonos-alambricos\/de-mano\/microfono-sennheiser-vocal-mod-e935\/\">Read more<\/a><\/p>","protected":false},"featured_media":15223,"comment_status":"open","ping_status":"closed","template":"","meta":{"kt_blocks_editor_width":""},"pwb-brand":[176],"product_brand":[],"product_cat":[213,218,214,215],"product_tag":[],"class_list":{"0":"post-15224","1":"product","2":"type-product","3":"status-publish","4":"has-post-thumbnail","6":"pwb-brand-sennheiser","7":"product_cat-audio","8":"product_cat-de-mano","9":"product_cat-microfonia","10":"product_cat-microfonos-alambricos","11":"product_shipping_class-0-5-kg","13":"first","14":"outofstock","15":"taxable","16":"shipping-taxable","17":"purchasable","18":"product-type-simple"},"yoast_head":"<!-- This site is optimized with the Yoast SEO plugin v27.4 - https:\/\/yoast.com\/product\/yoast-seo-wordpress\/ -->\n<title>MICROFONO SENNHEISER VOCAL MOD. E935 - Mexican Guitar Players<\/title>\n<meta name=\"description\" content=\"MICROFONO SENNHEISER VOCAL MOD. E935. Micr\u00f3fono cardioide din\u00e1mico que enfatiza las voces en escenarios ruidosos, agudos transparentes y medios-graves c\u00e1lidos, rechazo a la retroalimentaci\u00f3n, c\u00e1psula resistente a golpes, bobina de compensaci\u00f3n de zumbido, carcasa met\u00e1lica extremadamente resistente, dimensiones: 47 x 151 mm, conector XLR de 3 pines, respuesta de frecuencia: 40 - 18,000 Hz, peso: 355 g, sensibilidad en campo libre, sincarga (1 kHz): 2,8mV\/Pa = -51dB (0 dB = 1V\/Pa) = -71 dB (0 dB = 1V\/ubar), impedancia nominal: 350 ohms, impedancia m\u00ednima de terminaci\u00f3n: 1000 ohms, accesoriosincluidos: clamp de micr\u00f3fono MZQ 800, bolsa de transporte, manual de usuario ydocumento de garant\u00eda.\" \/>\n<meta name=\"robots\" content=\"index, follow, max-snippet:-1, max-image-preview:large, max-video-preview:-1\" \/>\n<link rel=\"canonical\" href=\"https:\/\/www.mexicanguitarplayers.com\/en\/tienda\/audio\/microfonia\/microfonos-alambricos\/de-mano\/microfono-sennheiser-vocal-mod-e935\/\" \/>\n<meta property=\"og:locale\" content=\"en_US\" \/>\n<meta property=\"og:type\" content=\"article\" \/>\n<meta property=\"og:title\" content=\"MICROFONO SENNHEISER VOCAL MOD. E935 - Mexican Guitar Players\" \/>\n<meta property=\"og:description\" content=\"MICROFONO SENNHEISER VOCAL MOD. E935. Micr\u00f3fono cardioide din\u00e1mico que enfatiza las voces en escenarios ruidosos, agudos transparentes y medios-graves c\u00e1lidos, rechazo a la retroalimentaci\u00f3n, c\u00e1psula resistente a golpes, bobina de compensaci\u00f3n de zumbido, carcasa met\u00e1lica extremadamente resistente, dimensiones: 47 x 151 mm, conector XLR de 3 pines, respuesta de frecuencia: 40 - 18,000 Hz, peso: 355 g, sensibilidad en campo libre, sincarga (1 kHz): 2,8mV\/Pa = -51dB (0 dB = 1V\/Pa) = -71 dB (0 dB = 1V\/ubar), impedancia nominal: 350 ohms, impedancia m\u00ednima de terminaci\u00f3n: 1000 ohms, accesoriosincluidos: clamp de micr\u00f3fono MZQ 800, bolsa de transporte, manual de usuario ydocumento de garant\u00eda.\" \/>\n<meta property=\"og:url\" content=\"https:\/\/www.mexicanguitarplayers.com\/en\/tienda\/audio\/microfonia\/microfonos-alambricos\/de-mano\/microfono-sennheiser-vocal-mod-e935\/\" \/>\n<meta property=\"og:site_name\" content=\"Mexican Guitar Players\" \/>\n<meta property=\"article:modified_time\" content=\"2026-04-15T10:27:05+00:00\" \/>\n<meta property=\"og:image\" content=\"https:\/\/www.mexicanguitarplayers.com\/wp-content\/uploads\/2022\/08\/IASENE935.jpg\" \/>\n\t<meta property=\"og:image:width\" content=\"800\" \/>\n\t<meta property=\"og:image:height\" content=\"1600\" \/>\n\t<meta property=\"og:image:type\" content=\"image\/jpeg\" \/>\n<meta name=\"twitter:card\" content=\"summary_large_image\" \/>\n<meta name=\"twitter:label1\" content=\"Est. reading time\" \/>\n\t<meta name=\"twitter:data1\" content=\"1 minute\" \/>\n<script type=\"application\/ld+json\" class=\"yoast-schema-graph\">{\"@context\":\"https:\\\/\\\/schema.org\",\"@graph\":[{\"@type\":[\"WebPage\",\"ItemPage\"],\"@id\":\"https:\\\/\\\/www.mexicanguitarplayers.com\\\/tienda\\\/audio\\\/microfonia\\\/microfonos-alambricos\\\/de-mano\\\/microfono-sennheiser-vocal-mod-e935\\\/\",\"url\":\"https:\\\/\\\/www.mexicanguitarplayers.com\\\/tienda\\\/audio\\\/microfonia\\\/microfonos-alambricos\\\/de-mano\\\/microfono-sennheiser-vocal-mod-e935\\\/\",\"name\":\"MICROFONO SENNHEISER VOCAL MOD. E935 - Mexican Guitar Players\",\"isPartOf\":{\"@id\":\"https:\\\/\\\/www.mexicanguitarplayers.com\\\/#website\"},\"primaryImageOfPage\":{\"@id\":\"https:\\\/\\\/www.mexicanguitarplayers.com\\\/tienda\\\/audio\\\/microfonia\\\/microfonos-alambricos\\\/de-mano\\\/microfono-sennheiser-vocal-mod-e935\\\/#primaryimage\"},\"image\":{\"@id\":\"https:\\\/\\\/www.mexicanguitarplayers.com\\\/tienda\\\/audio\\\/microfonia\\\/microfonos-alambricos\\\/de-mano\\\/microfono-sennheiser-vocal-mod-e935\\\/#primaryimage\"},\"thumbnailUrl\":\"https:\\\/\\\/www.mexicanguitarplayers.com\\\/wp-content\\\/uploads\\\/2022\\\/08\\\/IASENE935.jpg\",\"datePublished\":\"2022-08-18T20:55:37+00:00\",\"dateModified\":\"2026-04-15T10:27:05+00:00\",\"description\":\"MICROFONO SENNHEISER VOCAL MOD. E935. Micr\u00f3fono cardioide din\u00e1mico que enfatiza las voces en escenarios ruidosos, agudos transparentes y medios-graves c\u00e1lidos, rechazo a la retroalimentaci\u00f3n, c\u00e1psula resistente a golpes, bobina de compensaci\u00f3n de zumbido, carcasa met\u00e1lica extremadamente resistente, dimensiones: 47 x 151 mm, conector XLR de 3 pines, respuesta de frecuencia: 40 - 18,000 Hz, peso: 355 g, sensibilidad en campo libre, sincarga (1 kHz): 2,8mV\\\/Pa = -51dB (0 dB = 1V\\\/Pa) = -71 dB (0 dB = 1V\\\/ubar), impedancia nominal: 350 ohms, impedancia m\u00ednima de terminaci\u00f3n: 1000 ohms, accesoriosincluidos: clamp de micr\u00f3fono MZQ 800, bolsa de transporte, manual de usuario ydocumento de garant\u00eda.\",\"breadcrumb\":{\"@id\":\"https:\\\/\\\/www.mexicanguitarplayers.com\\\/tienda\\\/audio\\\/microfonia\\\/microfonos-alambricos\\\/de-mano\\\/microfono-sennheiser-vocal-mod-e935\\\/#breadcrumb\"},\"inLanguage\":\"en-US\",\"potentialAction\":[{\"@type\":\"ReadAction\",\"target\":[\"https:\\\/\\\/www.mexicanguitarplayers.com\\\/tienda\\\/audio\\\/microfonia\\\/microfonos-alambricos\\\/de-mano\\\/microfono-sennheiser-vocal-mod-e935\\\/\"]}]},{\"@type\":\"ImageObject\",\"inLanguage\":\"en-US\",\"@id\":\"https:\\\/\\\/www.mexicanguitarplayers.com\\\/tienda\\\/audio\\\/microfonia\\\/microfonos-alambricos\\\/de-mano\\\/microfono-sennheiser-vocal-mod-e935\\\/#primaryimage\",\"url\":\"https:\\\/\\\/www.mexicanguitarplayers.com\\\/wp-content\\\/uploads\\\/2022\\\/08\\\/IASENE935.jpg\",\"contentUrl\":\"https:\\\/\\\/www.mexicanguitarplayers.com\\\/wp-content\\\/uploads\\\/2022\\\/08\\\/IASENE935.jpg\",\"width\":800,\"height\":1600},{\"@type\":\"BreadcrumbList\",\"@id\":\"https:\\\/\\\/www.mexicanguitarplayers.com\\\/tienda\\\/audio\\\/microfonia\\\/microfonos-alambricos\\\/de-mano\\\/microfono-sennheiser-vocal-mod-e935\\\/#breadcrumb\",\"itemListElement\":[{\"@type\":\"ListItem\",\"position\":1,\"name\":\"Portada\",\"item\":\"https:\\\/\\\/www.mexicanguitarplayers.com\\\/\"},{\"@type\":\"ListItem\",\"position\":2,\"name\":\"Tienda\",\"item\":\"https:\\\/\\\/www.mexicanguitarplayers.com\\\/tienda\\\/\"},{\"@type\":\"ListItem\",\"position\":3,\"name\":\"MICROFONO SENNHEISER VOCAL MOD. E935\"}]},{\"@type\":\"WebSite\",\"@id\":\"https:\\\/\\\/www.mexicanguitarplayers.com\\\/#website\",\"url\":\"https:\\\/\\\/www.mexicanguitarplayers.com\\\/\",\"name\":\"Mexican Guitar Players\",\"description\":\"Website\",\"publisher\":{\"@id\":\"https:\\\/\\\/www.mexicanguitarplayers.com\\\/#organization\"},\"potentialAction\":[{\"@type\":\"SearchAction\",\"target\":{\"@type\":\"EntryPoint\",\"urlTemplate\":\"https:\\\/\\\/www.mexicanguitarplayers.com\\\/?s={search_term_string}\"},\"query-input\":{\"@type\":\"PropertyValueSpecification\",\"valueRequired\":true,\"valueName\":\"search_term_string\"}}],\"inLanguage\":\"en-US\"},{\"@type\":\"Organization\",\"@id\":\"https:\\\/\\\/www.mexicanguitarplayers.com\\\/#organization\",\"name\":\"Mexican Guitar Players\",\"url\":\"https:\\\/\\\/www.mexicanguitarplayers.com\\\/\",\"logo\":{\"@type\":\"ImageObject\",\"inLanguage\":\"en-US\",\"@id\":\"https:\\\/\\\/www.mexicanguitarplayers.com\\\/#\\\/schema\\\/logo\\\/image\\\/\",\"url\":\"\",\"contentUrl\":\"\",\"caption\":\"Mexican Guitar Players\"},\"image\":{\"@id\":\"https:\\\/\\\/www.mexicanguitarplayers.com\\\/#\\\/schema\\\/logo\\\/image\\\/\"}}]}<\/script>\n<!-- \/ Yoast SEO plugin. -->","yoast_head_json":{"title":"MICROFONO SENNHEISER VOCAL MOD. E935 - Mexican Guitar Players","description":"MICROFONO SENNHEISER VOCAL MOD. E935. Micr\u00f3fono cardioide din\u00e1mico que enfatiza las voces en escenarios ruidosos, agudos transparentes y medios-graves c\u00e1lidos, rechazo a la retroalimentaci\u00f3n, c\u00e1psula resistente a golpes, bobina de compensaci\u00f3n de zumbido, carcasa met\u00e1lica extremadamente resistente, dimensiones: 47 x 151 mm, conector XLR de 3 pines, respuesta de frecuencia: 40 - 18,000 Hz, peso: 355 g, sensibilidad en campo libre, sincarga (1 kHz): 2,8mV\/Pa = -51dB (0 dB = 1V\/Pa) = -71 dB (0 dB = 1V\/ubar), impedancia nominal: 350 ohms, impedancia m\u00ednima de terminaci\u00f3n: 1000 ohms, accesoriosincluidos: clamp de micr\u00f3fono MZQ 800, bolsa de transporte, manual de usuario ydocumento de garant\u00eda.","robots":{"index":"index","follow":"follow","max-snippet":"max-snippet:-1","max-image-preview":"max-image-preview:large","max-video-preview":"max-video-preview:-1"},"canonical":"https:\/\/www.mexicanguitarplayers.com\/en\/tienda\/audio\/microfonia\/microfonos-alambricos\/de-mano\/microfono-sennheiser-vocal-mod-e935\/","og_locale":"en_US","og_type":"article","og_title":"MICROFONO SENNHEISER VOCAL MOD. E935 - Mexican Guitar Players","og_description":"MICROFONO SENNHEISER VOCAL MOD. E935. Micr\u00f3fono cardioide din\u00e1mico que enfatiza las voces en escenarios ruidosos, agudos transparentes y medios-graves c\u00e1lidos, rechazo a la retroalimentaci\u00f3n, c\u00e1psula resistente a golpes, bobina de compensaci\u00f3n de zumbido, carcasa met\u00e1lica extremadamente resistente, dimensiones: 47 x 151 mm, conector XLR de 3 pines, respuesta de frecuencia: 40 - 18,000 Hz, peso: 355 g, sensibilidad en campo libre, sincarga (1 kHz): 2,8mV\/Pa = -51dB (0 dB = 1V\/Pa) = -71 dB (0 dB = 1V\/ubar), impedancia nominal: 350 ohms, impedancia m\u00ednima de terminaci\u00f3n: 1000 ohms, accesoriosincluidos: clamp de micr\u00f3fono MZQ 800, bolsa de transporte, manual de usuario ydocumento de garant\u00eda.","og_url":"https:\/\/www.mexicanguitarplayers.com\/en\/tienda\/audio\/microfonia\/microfonos-alambricos\/de-mano\/microfono-sennheiser-vocal-mod-e935\/","og_site_name":"Mexican Guitar Players","article_modified_time":"2026-04-15T10:27:05+00:00","og_image":[{"width":800,"height":1600,"url":"https:\/\/www.mexicanguitarplayers.com\/wp-content\/uploads\/2022\/08\/IASENE935.jpg","type":"image\/jpeg"}],"twitter_card":"summary_large_image","twitter_misc":{"Est. reading time":"1 minute"},"schema":{"@context":"https:\/\/schema.org","@graph":[{"@type":["WebPage","ItemPage"],"@id":"https:\/\/www.mexicanguitarplayers.com\/tienda\/audio\/microfonia\/microfonos-alambricos\/de-mano\/microfono-sennheiser-vocal-mod-e935\/","url":"https:\/\/www.mexicanguitarplayers.com\/tienda\/audio\/microfonia\/microfonos-alambricos\/de-mano\/microfono-sennheiser-vocal-mod-e935\/","name":"MICROFONO SENNHEISER VOCAL MOD. E935 - Mexican Guitar Players","isPartOf":{"@id":"https:\/\/www.mexicanguitarplayers.com\/#website"},"primaryImageOfPage":{"@id":"https:\/\/www.mexicanguitarplayers.com\/tienda\/audio\/microfonia\/microfonos-alambricos\/de-mano\/microfono-sennheiser-vocal-mod-e935\/#primaryimage"},"image":{"@id":"https:\/\/www.mexicanguitarplayers.com\/tienda\/audio\/microfonia\/microfonos-alambricos\/de-mano\/microfono-sennheiser-vocal-mod-e935\/#primaryimage"},"thumbnailUrl":"https:\/\/www.mexicanguitarplayers.com\/wp-content\/uploads\/2022\/08\/IASENE935.jpg","datePublished":"2022-08-18T20:55:37+00:00","dateModified":"2026-04-15T10:27:05+00:00","description":"MICROFONO SENNHEISER VOCAL MOD. E935. Micr\u00f3fono cardioide din\u00e1mico que enfatiza las voces en escenarios ruidosos, agudos transparentes y medios-graves c\u00e1lidos, rechazo a la retroalimentaci\u00f3n, c\u00e1psula resistente a golpes, bobina de compensaci\u00f3n de zumbido, carcasa met\u00e1lica extremadamente resistente, dimensiones: 47 x 151 mm, conector XLR de 3 pines, respuesta de frecuencia: 40 - 18,000 Hz, peso: 355 g, sensibilidad en campo libre, sincarga (1 kHz): 2,8mV\/Pa = -51dB (0 dB = 1V\/Pa) = -71 dB (0 dB = 1V\/ubar), impedancia nominal: 350 ohms, impedancia m\u00ednima de terminaci\u00f3n: 1000 ohms, accesoriosincluidos: clamp de micr\u00f3fono MZQ 800, bolsa de transporte, manual de usuario ydocumento de garant\u00eda.","breadcrumb":{"@id":"https:\/\/www.mexicanguitarplayers.com\/tienda\/audio\/microfonia\/microfonos-alambricos\/de-mano\/microfono-sennheiser-vocal-mod-e935\/#breadcrumb"},"inLanguage":"en-US","potentialAction":[{"@type":"ReadAction","target":["https:\/\/www.mexicanguitarplayers.com\/tienda\/audio\/microfonia\/microfonos-alambricos\/de-mano\/microfono-sennheiser-vocal-mod-e935\/"]}]},{"@type":"ImageObject","inLanguage":"en-US","@id":"https:\/\/www.mexicanguitarplayers.com\/tienda\/audio\/microfonia\/microfonos-alambricos\/de-mano\/microfono-sennheiser-vocal-mod-e935\/#primaryimage","url":"https:\/\/www.mexicanguitarplayers.com\/wp-content\/uploads\/2022\/08\/IASENE935.jpg","contentUrl":"https:\/\/www.mexicanguitarplayers.com\/wp-content\/uploads\/2022\/08\/IASENE935.jpg","width":800,"height":1600},{"@type":"BreadcrumbList","@id":"https:\/\/www.mexicanguitarplayers.com\/tienda\/audio\/microfonia\/microfonos-alambricos\/de-mano\/microfono-sennheiser-vocal-mod-e935\/#breadcrumb","itemListElement":[{"@type":"ListItem","position":1,"name":"Portada","item":"https:\/\/www.mexicanguitarplayers.com\/"},{"@type":"ListItem","position":2,"name":"Tienda","item":"https:\/\/www.mexicanguitarplayers.com\/tienda\/"},{"@type":"ListItem","position":3,"name":"MICROFONO SENNHEISER VOCAL MOD. E935"}]},{"@type":"WebSite","@id":"https:\/\/www.mexicanguitarplayers.com\/#website","url":"https:\/\/www.mexicanguitarplayers.com\/","name":"Mexican Guitar Players","description":"Website","publisher":{"@id":"https:\/\/www.mexicanguitarplayers.com\/#organization"},"potentialAction":[{"@type":"SearchAction","target":{"@type":"EntryPoint","urlTemplate":"https:\/\/www.mexicanguitarplayers.com\/?s={search_term_string}"},"query-input":{"@type":"PropertyValueSpecification","valueRequired":true,"valueName":"search_term_string"}}],"inLanguage":"en-US"},{"@type":"Organization","@id":"https:\/\/www.mexicanguitarplayers.com\/#organization","name":"Mexican Guitar Players","url":"https:\/\/www.mexicanguitarplayers.com\/","logo":{"@type":"ImageObject","inLanguage":"en-US","@id":"https:\/\/www.mexicanguitarplayers.com\/#\/schema\/logo\/image\/","url":"","contentUrl":"","caption":"Mexican Guitar Players"},"image":{"@id":"https:\/\/www.mexicanguitarplayers.com\/#\/schema\/logo\/image\/"}}]}},"brands":[{"id":176,"name":"SENNHEISER","slug":"sennheiser"}],"_links":{"self":[{"href":"https:\/\/www.mexicanguitarplayers.com\/en\/wp-json\/wp\/v2\/product\/15224","targetHints":{"allow":["GET"]}}],"collection":[{"href":"https:\/\/www.mexicanguitarplayers.com\/en\/wp-json\/wp\/v2\/product"}],"about":[{"href":"https:\/\/www.mexicanguitarplayers.com\/en\/wp-json\/wp\/v2\/types\/product"}],"replies":[{"embeddable":true,"href":"https:\/\/www.mexicanguitarplayers.com\/en\/wp-json\/wp\/v2\/comments?post=15224"}],"wp:featuredmedia":[{"embeddable":true,"href":"https:\/\/www.mexicanguitarplayers.com\/en\/wp-json\/wp\/v2\/media\/15223"}],"wp:attachment":[{"href":"https:\/\/www.mexicanguitarplayers.com\/en\/wp-json\/wp\/v2\/media?parent=15224"}],"wp:term":[{"taxonomy":"pwb-brand","embeddable":true,"href":"https:\/\/www.mexicanguitarplayers.com\/en\/wp-json\/wp\/v2\/pwb-brand?post=15224"},{"taxonomy":"product_brand","embeddable":true,"href":"https:\/\/www.mexicanguitarplayers.com\/en\/wp-json\/wp\/v2\/product_brand?post=15224"},{"taxonomy":"product_cat","embeddable":true,"href":"https:\/\/www.mexicanguitarplayers.com\/en\/wp-json\/wp\/v2\/product_cat?post=15224"},{"taxonomy":"product_tag","embeddable":true,"href":"https:\/\/www.mexicanguitarplayers.com\/en\/wp-json\/wp\/v2\/product_tag?post=15224"}],"curies":[{"name":"wp","href":"https:\/\/api.w.org\/{rel}","templated":true}]}}