{"id":15226,"date":"2022-08-18T15:55:39","date_gmt":"2022-08-18T20:55:39","guid":{"rendered":"https:\/\/www.mexicanguitarplayers.com\/tienda\/sin%20categor\u00eda\/microfono-sennheiser-vocal-mod-e945\/"},"modified":"2026-05-01T07:40:30","modified_gmt":"2026-05-01T13:40:30","slug":"microfono-sennheiser-vocal-mod-e945","status":"publish","type":"product","link":"https:\/\/www.mexicanguitarplayers.com\/en\/tienda\/audio\/microfonia\/microfonos-alambricos\/de-mano\/microfono-sennheiser-vocal-mod-e945\/","title":{"rendered":"SENNHEISER VOCAL MICROPHONE MOD. E945"},"content":{"rendered":"<div style=\"text-align: justify\">\n<div>\n<h3>SENNHEISER VOCAL MICROPHONE MOD. E945<\/h3>\n<\/div>\n<div>Super-cardioid dynamic microphone, huge emphasis even in very noisy stages, offers warmth, joy and fullness to the voice, highly coherent directivity, high feedback rejection, shock resistant capsule, hum compensation coil, extremely resistant metal housing , dimensions: 47 x 186 mm, 3-pin XLR connector, frequency response: 40 - 18,000 Hz, weight: 365 g, free field sensitivity, no load (1 kHz): 2.0mV \/ Pa = -54 dB ( 0 dB = 1V \/ Pa) = -74 dB (0 dB = 1 V \/ ubar), nominal impedance: 350 ohms, minimum termination impedance: 1000 ohms, includes MZQ 800 microphone clamp and carrying bag.<\/div>\n<\/div>","protected":false},"excerpt":{"rendered":"<p>Micr\u00f3fono din\u00e1mico s\u00faper-cardioide, \u00e9nfasis enorme incluso en escenarios muy ruidosos, ofrece calidez, alegr\u00eda y plenitud a la voz, directividad altamente coherente, alto rechazo a la retroalimentaci\u00f3n, c\u00e1psula resistente a golpes, bobina de compensaci\u00f3n de zumbido, carcasa de metal extremadamente resistente, dimensiones: 47 x 186 mm, conector XLR de 3 pines, respuesta de frecuencia: 40 &#8211; 18,000 Hz, peso: 365 g, sensibilidad en campo libre, sin carga (1 kHz): 2,0mV\/Pa = -54 dB (0 dB = 1V\/Pa) = -74 dB (0 dB = 1 V\/ubar), impedancia nominal: 350 ohms, impedancia m\u00ednima de terminaci\u00f3n: 1000 ohms, incluye clamp de micr\u00f3fono MZQ 800 y bolsa de transporte.&hellip; <a class=\"kt-excerpt-readmore more-link\" href=\"https:\/\/www.mexicanguitarplayers.com\/en\/tienda\/audio\/microfonia\/microfonos-alambricos\/de-mano\/microfono-sennheiser-vocal-mod-e945\/\">Read more<\/a><\/p>","protected":false},"featured_media":15225,"comment_status":"open","ping_status":"closed","template":"","meta":{"kt_blocks_editor_width":""},"pwb-brand":[176],"product_brand":[],"product_cat":[213,218,214,215],"product_tag":[],"class_list":{"0":"post-15226","1":"product","2":"type-product","3":"status-publish","4":"has-post-thumbnail","6":"pwb-brand-sennheiser","7":"product_cat-audio","8":"product_cat-de-mano","9":"product_cat-microfonia","10":"product_cat-microfonos-alambricos","11":"product_shipping_class-0-5-kg","13":"first","14":"instock","15":"taxable","16":"shipping-taxable","17":"purchasable","18":"product-type-simple"},"yoast_head":"<!-- This site is optimized with the Yoast SEO plugin v27.5 - https:\/\/yoast.com\/product\/yoast-seo-wordpress\/ -->\n<title>MICROFONO SENNHEISER VOCAL MOD. E945 - Mexican Guitar Players<\/title>\n<meta name=\"description\" content=\"MICROFONO SENNHEISER VOCAL MOD. E945. Micr\u00f3fono din\u00e1mico s\u00faper-cardioide, \u00e9nfasis enorme incluso en escenarios muy ruidosos, ofrece calidez, alegr\u00eda y plenitud a la voz, directividad altamente coherente, alto rechazo a la retroalimentaci\u00f3n, c\u00e1psula resistente a golpes, bobina de compensaci\u00f3n de zumbido, carcasa de metal extremadamente resistente, dimensiones: 47 x 186 mm, conector XLR de 3 pines, respuesta de frecuencia: 40 - 18,000 Hz, peso: 365 g, sensibilidad en campo libre, sin carga (1 kHz): 2,0mV\/Pa = -54 dB (0 dB = 1V\/Pa) = -74 dB (0 dB = 1 V\/ubar), impedancia nominal: 350 ohms, impedancia m\u00ednima de terminaci\u00f3n: 1000 ohms, incluye clamp de micr\u00f3fono MZQ 800 y bolsa de transporte.\" \/>\n<meta name=\"robots\" content=\"index, follow, max-snippet:-1, max-image-preview:large, max-video-preview:-1\" \/>\n<link rel=\"canonical\" href=\"https:\/\/www.mexicanguitarplayers.com\/en\/tienda\/audio\/microfonia\/microfonos-alambricos\/de-mano\/microfono-sennheiser-vocal-mod-e945\/\" \/>\n<meta property=\"og:locale\" content=\"en_US\" \/>\n<meta property=\"og:type\" content=\"article\" \/>\n<meta property=\"og:title\" content=\"MICROFONO SENNHEISER VOCAL MOD. E945 - Mexican Guitar Players\" \/>\n<meta property=\"og:description\" content=\"MICROFONO SENNHEISER VOCAL MOD. E945. Micr\u00f3fono din\u00e1mico s\u00faper-cardioide, \u00e9nfasis enorme incluso en escenarios muy ruidosos, ofrece calidez, alegr\u00eda y plenitud a la voz, directividad altamente coherente, alto rechazo a la retroalimentaci\u00f3n, c\u00e1psula resistente a golpes, bobina de compensaci\u00f3n de zumbido, carcasa de metal extremadamente resistente, dimensiones: 47 x 186 mm, conector XLR de 3 pines, respuesta de frecuencia: 40 - 18,000 Hz, peso: 365 g, sensibilidad en campo libre, sin carga (1 kHz): 2,0mV\/Pa = -54 dB (0 dB = 1V\/Pa) = -74 dB (0 dB = 1 V\/ubar), impedancia nominal: 350 ohms, impedancia m\u00ednima de terminaci\u00f3n: 1000 ohms, incluye clamp de micr\u00f3fono MZQ 800 y bolsa de transporte.\" \/>\n<meta property=\"og:url\" content=\"https:\/\/www.mexicanguitarplayers.com\/en\/tienda\/audio\/microfonia\/microfonos-alambricos\/de-mano\/microfono-sennheiser-vocal-mod-e945\/\" \/>\n<meta property=\"og:site_name\" content=\"Mexican Guitar Players\" \/>\n<meta property=\"article:modified_time\" content=\"2026-05-01T13:40:30+00:00\" \/>\n<meta property=\"og:image\" content=\"https:\/\/www.mexicanguitarplayers.com\/wp-content\/uploads\/2022\/08\/IASENE945.jpg\" \/>\n\t<meta property=\"og:image:width\" content=\"800\" \/>\n\t<meta property=\"og:image:height\" content=\"1600\" \/>\n\t<meta property=\"og:image:type\" content=\"image\/jpeg\" \/>\n<meta name=\"twitter:card\" content=\"summary_large_image\" \/>\n<meta name=\"twitter:label1\" content=\"Est. reading time\" \/>\n\t<meta name=\"twitter:data1\" content=\"1 minute\" \/>\n<script type=\"application\/ld+json\" class=\"yoast-schema-graph\">{\"@context\":\"https:\\\/\\\/schema.org\",\"@graph\":[{\"@type\":[\"WebPage\",\"ItemPage\"],\"@id\":\"https:\\\/\\\/www.mexicanguitarplayers.com\\\/tienda\\\/audio\\\/microfonia\\\/microfonos-alambricos\\\/de-mano\\\/microfono-sennheiser-vocal-mod-e945\\\/\",\"url\":\"https:\\\/\\\/www.mexicanguitarplayers.com\\\/tienda\\\/audio\\\/microfonia\\\/microfonos-alambricos\\\/de-mano\\\/microfono-sennheiser-vocal-mod-e945\\\/\",\"name\":\"MICROFONO SENNHEISER VOCAL MOD. E945 - Mexican Guitar Players\",\"isPartOf\":{\"@id\":\"https:\\\/\\\/www.mexicanguitarplayers.com\\\/#website\"},\"primaryImageOfPage\":{\"@id\":\"https:\\\/\\\/www.mexicanguitarplayers.com\\\/tienda\\\/audio\\\/microfonia\\\/microfonos-alambricos\\\/de-mano\\\/microfono-sennheiser-vocal-mod-e945\\\/#primaryimage\"},\"image\":{\"@id\":\"https:\\\/\\\/www.mexicanguitarplayers.com\\\/tienda\\\/audio\\\/microfonia\\\/microfonos-alambricos\\\/de-mano\\\/microfono-sennheiser-vocal-mod-e945\\\/#primaryimage\"},\"thumbnailUrl\":\"https:\\\/\\\/www.mexicanguitarplayers.com\\\/wp-content\\\/uploads\\\/2022\\\/08\\\/IASENE945.jpg\",\"datePublished\":\"2022-08-18T20:55:39+00:00\",\"dateModified\":\"2026-05-01T13:40:30+00:00\",\"description\":\"MICROFONO SENNHEISER VOCAL MOD. E945. Micr\u00f3fono din\u00e1mico s\u00faper-cardioide, \u00e9nfasis enorme incluso en escenarios muy ruidosos, ofrece calidez, alegr\u00eda y plenitud a la voz, directividad altamente coherente, alto rechazo a la retroalimentaci\u00f3n, c\u00e1psula resistente a golpes, bobina de compensaci\u00f3n de zumbido, carcasa de metal extremadamente resistente, dimensiones: 47 x 186 mm, conector XLR de 3 pines, respuesta de frecuencia: 40 - 18,000 Hz, peso: 365 g, sensibilidad en campo libre, sin carga (1 kHz): 2,0mV\\\/Pa = -54 dB (0 dB = 1V\\\/Pa) = -74 dB (0 dB = 1 V\\\/ubar), impedancia nominal: 350 ohms, impedancia m\u00ednima de terminaci\u00f3n: 1000 ohms, incluye clamp de micr\u00f3fono MZQ 800 y bolsa de transporte.\",\"breadcrumb\":{\"@id\":\"https:\\\/\\\/www.mexicanguitarplayers.com\\\/tienda\\\/audio\\\/microfonia\\\/microfonos-alambricos\\\/de-mano\\\/microfono-sennheiser-vocal-mod-e945\\\/#breadcrumb\"},\"inLanguage\":\"en-US\",\"potentialAction\":[{\"@type\":\"ReadAction\",\"target\":[\"https:\\\/\\\/www.mexicanguitarplayers.com\\\/tienda\\\/audio\\\/microfonia\\\/microfonos-alambricos\\\/de-mano\\\/microfono-sennheiser-vocal-mod-e945\\\/\"]}]},{\"@type\":\"ImageObject\",\"inLanguage\":\"en-US\",\"@id\":\"https:\\\/\\\/www.mexicanguitarplayers.com\\\/tienda\\\/audio\\\/microfonia\\\/microfonos-alambricos\\\/de-mano\\\/microfono-sennheiser-vocal-mod-e945\\\/#primaryimage\",\"url\":\"https:\\\/\\\/www.mexicanguitarplayers.com\\\/wp-content\\\/uploads\\\/2022\\\/08\\\/IASENE945.jpg\",\"contentUrl\":\"https:\\\/\\\/www.mexicanguitarplayers.com\\\/wp-content\\\/uploads\\\/2022\\\/08\\\/IASENE945.jpg\",\"width\":800,\"height\":1600},{\"@type\":\"BreadcrumbList\",\"@id\":\"https:\\\/\\\/www.mexicanguitarplayers.com\\\/tienda\\\/audio\\\/microfonia\\\/microfonos-alambricos\\\/de-mano\\\/microfono-sennheiser-vocal-mod-e945\\\/#breadcrumb\",\"itemListElement\":[{\"@type\":\"ListItem\",\"position\":1,\"name\":\"Portada\",\"item\":\"https:\\\/\\\/www.mexicanguitarplayers.com\\\/\"},{\"@type\":\"ListItem\",\"position\":2,\"name\":\"Tienda\",\"item\":\"https:\\\/\\\/www.mexicanguitarplayers.com\\\/tienda\\\/\"},{\"@type\":\"ListItem\",\"position\":3,\"name\":\"MICROFONO SENNHEISER VOCAL MOD. E945\"}]},{\"@type\":\"WebSite\",\"@id\":\"https:\\\/\\\/www.mexicanguitarplayers.com\\\/#website\",\"url\":\"https:\\\/\\\/www.mexicanguitarplayers.com\\\/\",\"name\":\"Mexican Guitar Players\",\"description\":\"Website\",\"publisher\":{\"@id\":\"https:\\\/\\\/www.mexicanguitarplayers.com\\\/#organization\"},\"potentialAction\":[{\"@type\":\"SearchAction\",\"target\":{\"@type\":\"EntryPoint\",\"urlTemplate\":\"https:\\\/\\\/www.mexicanguitarplayers.com\\\/?s={search_term_string}\"},\"query-input\":{\"@type\":\"PropertyValueSpecification\",\"valueRequired\":true,\"valueName\":\"search_term_string\"}}],\"inLanguage\":\"en-US\"},{\"@type\":\"Organization\",\"@id\":\"https:\\\/\\\/www.mexicanguitarplayers.com\\\/#organization\",\"name\":\"Mexican Guitar Players\",\"url\":\"https:\\\/\\\/www.mexicanguitarplayers.com\\\/\",\"logo\":{\"@type\":\"ImageObject\",\"inLanguage\":\"en-US\",\"@id\":\"https:\\\/\\\/www.mexicanguitarplayers.com\\\/#\\\/schema\\\/logo\\\/image\\\/\",\"url\":\"\",\"contentUrl\":\"\",\"caption\":\"Mexican Guitar Players\"},\"image\":{\"@id\":\"https:\\\/\\\/www.mexicanguitarplayers.com\\\/#\\\/schema\\\/logo\\\/image\\\/\"}}]}<\/script>\n<!-- \/ Yoast SEO plugin. -->","yoast_head_json":{"title":"MICROFONO SENNHEISER VOCAL MOD. E945 - Mexican Guitar Players","description":"MICROFONO SENNHEISER VOCAL MOD. E945. Micr\u00f3fono din\u00e1mico s\u00faper-cardioide, \u00e9nfasis enorme incluso en escenarios muy ruidosos, ofrece calidez, alegr\u00eda y plenitud a la voz, directividad altamente coherente, alto rechazo a la retroalimentaci\u00f3n, c\u00e1psula resistente a golpes, bobina de compensaci\u00f3n de zumbido, carcasa de metal extremadamente resistente, dimensiones: 47 x 186 mm, conector XLR de 3 pines, respuesta de frecuencia: 40 - 18,000 Hz, peso: 365 g, sensibilidad en campo libre, sin carga (1 kHz): 2,0mV\/Pa = -54 dB (0 dB = 1V\/Pa) = -74 dB (0 dB = 1 V\/ubar), impedancia nominal: 350 ohms, impedancia m\u00ednima de terminaci\u00f3n: 1000 ohms, incluye clamp de micr\u00f3fono MZQ 800 y bolsa de transporte.","robots":{"index":"index","follow":"follow","max-snippet":"max-snippet:-1","max-image-preview":"max-image-preview:large","max-video-preview":"max-video-preview:-1"},"canonical":"https:\/\/www.mexicanguitarplayers.com\/en\/tienda\/audio\/microfonia\/microfonos-alambricos\/de-mano\/microfono-sennheiser-vocal-mod-e945\/","og_locale":"en_US","og_type":"article","og_title":"MICROFONO SENNHEISER VOCAL MOD. E945 - Mexican Guitar Players","og_description":"MICROFONO SENNHEISER VOCAL MOD. E945. Micr\u00f3fono din\u00e1mico s\u00faper-cardioide, \u00e9nfasis enorme incluso en escenarios muy ruidosos, ofrece calidez, alegr\u00eda y plenitud a la voz, directividad altamente coherente, alto rechazo a la retroalimentaci\u00f3n, c\u00e1psula resistente a golpes, bobina de compensaci\u00f3n de zumbido, carcasa de metal extremadamente resistente, dimensiones: 47 x 186 mm, conector XLR de 3 pines, respuesta de frecuencia: 40 - 18,000 Hz, peso: 365 g, sensibilidad en campo libre, sin carga (1 kHz): 2,0mV\/Pa = -54 dB (0 dB = 1V\/Pa) = -74 dB (0 dB = 1 V\/ubar), impedancia nominal: 350 ohms, impedancia m\u00ednima de terminaci\u00f3n: 1000 ohms, incluye clamp de micr\u00f3fono MZQ 800 y bolsa de transporte.","og_url":"https:\/\/www.mexicanguitarplayers.com\/en\/tienda\/audio\/microfonia\/microfonos-alambricos\/de-mano\/microfono-sennheiser-vocal-mod-e945\/","og_site_name":"Mexican Guitar Players","article_modified_time":"2026-05-01T13:40:30+00:00","og_image":[{"width":800,"height":1600,"url":"https:\/\/www.mexicanguitarplayers.com\/wp-content\/uploads\/2022\/08\/IASENE945.jpg","type":"image\/jpeg"}],"twitter_card":"summary_large_image","twitter_misc":{"Est. reading time":"1 minute"},"schema":{"@context":"https:\/\/schema.org","@graph":[{"@type":["WebPage","ItemPage"],"@id":"https:\/\/www.mexicanguitarplayers.com\/tienda\/audio\/microfonia\/microfonos-alambricos\/de-mano\/microfono-sennheiser-vocal-mod-e945\/","url":"https:\/\/www.mexicanguitarplayers.com\/tienda\/audio\/microfonia\/microfonos-alambricos\/de-mano\/microfono-sennheiser-vocal-mod-e945\/","name":"MICROFONO SENNHEISER VOCAL MOD. E945 - Mexican Guitar Players","isPartOf":{"@id":"https:\/\/www.mexicanguitarplayers.com\/#website"},"primaryImageOfPage":{"@id":"https:\/\/www.mexicanguitarplayers.com\/tienda\/audio\/microfonia\/microfonos-alambricos\/de-mano\/microfono-sennheiser-vocal-mod-e945\/#primaryimage"},"image":{"@id":"https:\/\/www.mexicanguitarplayers.com\/tienda\/audio\/microfonia\/microfonos-alambricos\/de-mano\/microfono-sennheiser-vocal-mod-e945\/#primaryimage"},"thumbnailUrl":"https:\/\/www.mexicanguitarplayers.com\/wp-content\/uploads\/2022\/08\/IASENE945.jpg","datePublished":"2022-08-18T20:55:39+00:00","dateModified":"2026-05-01T13:40:30+00:00","description":"MICROFONO SENNHEISER VOCAL MOD. E945. Micr\u00f3fono din\u00e1mico s\u00faper-cardioide, \u00e9nfasis enorme incluso en escenarios muy ruidosos, ofrece calidez, alegr\u00eda y plenitud a la voz, directividad altamente coherente, alto rechazo a la retroalimentaci\u00f3n, c\u00e1psula resistente a golpes, bobina de compensaci\u00f3n de zumbido, carcasa de metal extremadamente resistente, dimensiones: 47 x 186 mm, conector XLR de 3 pines, respuesta de frecuencia: 40 - 18,000 Hz, peso: 365 g, sensibilidad en campo libre, sin carga (1 kHz): 2,0mV\/Pa = -54 dB (0 dB = 1V\/Pa) = -74 dB (0 dB = 1 V\/ubar), impedancia nominal: 350 ohms, impedancia m\u00ednima de terminaci\u00f3n: 1000 ohms, incluye clamp de micr\u00f3fono MZQ 800 y bolsa de transporte.","breadcrumb":{"@id":"https:\/\/www.mexicanguitarplayers.com\/tienda\/audio\/microfonia\/microfonos-alambricos\/de-mano\/microfono-sennheiser-vocal-mod-e945\/#breadcrumb"},"inLanguage":"en-US","potentialAction":[{"@type":"ReadAction","target":["https:\/\/www.mexicanguitarplayers.com\/tienda\/audio\/microfonia\/microfonos-alambricos\/de-mano\/microfono-sennheiser-vocal-mod-e945\/"]}]},{"@type":"ImageObject","inLanguage":"en-US","@id":"https:\/\/www.mexicanguitarplayers.com\/tienda\/audio\/microfonia\/microfonos-alambricos\/de-mano\/microfono-sennheiser-vocal-mod-e945\/#primaryimage","url":"https:\/\/www.mexicanguitarplayers.com\/wp-content\/uploads\/2022\/08\/IASENE945.jpg","contentUrl":"https:\/\/www.mexicanguitarplayers.com\/wp-content\/uploads\/2022\/08\/IASENE945.jpg","width":800,"height":1600},{"@type":"BreadcrumbList","@id":"https:\/\/www.mexicanguitarplayers.com\/tienda\/audio\/microfonia\/microfonos-alambricos\/de-mano\/microfono-sennheiser-vocal-mod-e945\/#breadcrumb","itemListElement":[{"@type":"ListItem","position":1,"name":"Portada","item":"https:\/\/www.mexicanguitarplayers.com\/"},{"@type":"ListItem","position":2,"name":"Tienda","item":"https:\/\/www.mexicanguitarplayers.com\/tienda\/"},{"@type":"ListItem","position":3,"name":"MICROFONO SENNHEISER VOCAL MOD. E945"}]},{"@type":"WebSite","@id":"https:\/\/www.mexicanguitarplayers.com\/#website","url":"https:\/\/www.mexicanguitarplayers.com\/","name":"Mexican Guitar Players","description":"Website","publisher":{"@id":"https:\/\/www.mexicanguitarplayers.com\/#organization"},"potentialAction":[{"@type":"SearchAction","target":{"@type":"EntryPoint","urlTemplate":"https:\/\/www.mexicanguitarplayers.com\/?s={search_term_string}"},"query-input":{"@type":"PropertyValueSpecification","valueRequired":true,"valueName":"search_term_string"}}],"inLanguage":"en-US"},{"@type":"Organization","@id":"https:\/\/www.mexicanguitarplayers.com\/#organization","name":"Mexican Guitar Players","url":"https:\/\/www.mexicanguitarplayers.com\/","logo":{"@type":"ImageObject","inLanguage":"en-US","@id":"https:\/\/www.mexicanguitarplayers.com\/#\/schema\/logo\/image\/","url":"","contentUrl":"","caption":"Mexican Guitar Players"},"image":{"@id":"https:\/\/www.mexicanguitarplayers.com\/#\/schema\/logo\/image\/"}}]}},"brands":[{"id":176,"name":"SENNHEISER","slug":"sennheiser"}],"_links":{"self":[{"href":"https:\/\/www.mexicanguitarplayers.com\/en\/wp-json\/wp\/v2\/product\/15226","targetHints":{"allow":["GET"]}}],"collection":[{"href":"https:\/\/www.mexicanguitarplayers.com\/en\/wp-json\/wp\/v2\/product"}],"about":[{"href":"https:\/\/www.mexicanguitarplayers.com\/en\/wp-json\/wp\/v2\/types\/product"}],"replies":[{"embeddable":true,"href":"https:\/\/www.mexicanguitarplayers.com\/en\/wp-json\/wp\/v2\/comments?post=15226"}],"wp:featuredmedia":[{"embeddable":true,"href":"https:\/\/www.mexicanguitarplayers.com\/en\/wp-json\/wp\/v2\/media\/15225"}],"wp:attachment":[{"href":"https:\/\/www.mexicanguitarplayers.com\/en\/wp-json\/wp\/v2\/media?parent=15226"}],"wp:term":[{"taxonomy":"pwb-brand","embeddable":true,"href":"https:\/\/www.mexicanguitarplayers.com\/en\/wp-json\/wp\/v2\/pwb-brand?post=15226"},{"taxonomy":"product_brand","embeddable":true,"href":"https:\/\/www.mexicanguitarplayers.com\/en\/wp-json\/wp\/v2\/product_brand?post=15226"},{"taxonomy":"product_cat","embeddable":true,"href":"https:\/\/www.mexicanguitarplayers.com\/en\/wp-json\/wp\/v2\/product_cat?post=15226"},{"taxonomy":"product_tag","embeddable":true,"href":"https:\/\/www.mexicanguitarplayers.com\/en\/wp-json\/wp\/v2\/product_tag?post=15226"}],"curies":[{"name":"wp","href":"https:\/\/api.w.org\/{rel}","templated":true}]}}