{"id":15232,"date":"2022-08-18T15:55:49","date_gmt":"2022-08-18T20:55:49","guid":{"rendered":"https:\/\/www.mexicanguitarplayers.com\/tienda\/sin%20categor\u00eda\/microfono-sennheiser-inalambrico-ew335g3\/"},"modified":"2025-03-26T22:55:00","modified_gmt":"2025-03-27T04:55:00","slug":"microfono-sennheiser-inalambrico-ew335g3","status":"publish","type":"product","link":"https:\/\/www.mexicanguitarplayers.com\/en\/tienda\/audio\/microfonia\/microfonos-inalambricos\/transmisores-y-receptores\/microfono-sennheiser-inalambrico-ew335g3\/","title":{"rendered":"SENNHEISER WIRELESS MICROPHONE EW335G3"},"content":{"rendered":"<div style=\"text-align: justify\">\n<div>\n<h3>SENNHEISER WIRELESS MICROPHONE EW335G3<\/h3>\n<\/div>\n<div>EW335 G3 Wireless Microphone System with MD835 Microphone, UHF Receiver, Handheld Transmitter, MD835 Cardioid Dynamic Capsule, Ethernet Port, 42 MHz Bandwidth, 1680 Tunable UHF Frequencies and 6 Compatible Frequencies per Bank, Includes 1 Rackmount Receiver EM 300 G3, 1 SKM 300-835 G3 handheld transmitter (cardioid, dynamic), 1 MZQ 1 microphone stand, 1 GA 3 rackmount accessory set, 1 NT 2 power supply, 2 antennas, 2 AA batteries and an operation manual.<\/div>\n<\/div>","protected":false},"excerpt":{"rendered":"<p>Sistema de microfon\u00eda inal\u00e1mbrica EW335 G3 con micr\u00f3fono MD835, receptor UHF, transmisor de mano, c\u00e1psula din\u00e1mica cardioide MD835, puerto Ethernet, ancho de banda de 42 MHz, 1680 frecuencias UHF sintonizables y 6 frecuencias compatibles por banco, incluye 1 receptor para montaje en rack EM 300 G3, 1 transmisor de manoSKM 300-835 G3 (cardioide, din\u00e1mico), 1 base para micr\u00f3fono MZQ 1, 1 juego de accesorios para montaje en rack GA 3, 1 fuente de poder NT 2, 2 antenas, 2 bater\u00edas AA y un manual de operaci\u00f3n.&hellip; <a class=\"kt-excerpt-readmore more-link\" href=\"https:\/\/www.mexicanguitarplayers.com\/en\/tienda\/audio\/microfonia\/microfonos-inalambricos\/transmisores-y-receptores\/microfono-sennheiser-inalambrico-ew335g3\/\">Read more<\/a><\/p>","protected":false},"featured_media":15231,"comment_status":"open","ping_status":"closed","template":"","meta":{"kt_blocks_editor_width":""},"pwb-brand":[176],"product_brand":[],"product_cat":[213,214,231,238],"product_tag":[],"class_list":{"0":"post-15232","1":"product","2":"type-product","3":"status-publish","4":"has-post-thumbnail","6":"pwb-brand-sennheiser","7":"product_cat-audio","8":"product_cat-microfonia","9":"product_cat-microfonos-inalambricos","10":"product_cat-transmisores-y-receptores","11":"product_shipping_class-0-5-kg","13":"first","14":"outofstock","15":"taxable","16":"shipping-taxable","17":"purchasable","18":"product-type-simple"},"yoast_head":"<!-- This site is optimized with the Yoast SEO plugin v27.3 - https:\/\/yoast.com\/product\/yoast-seo-wordpress\/ -->\n<title>MICROFONO SENNHEISER INALAMBRICO EW335G3 - Mexican Guitar Players<\/title>\n<meta name=\"description\" content=\"MICROFONO SENNHEISER INALAMBRICO EW335G3. Sistema de microfon\u00eda inal\u00e1mbrica EW335 G3 con micr\u00f3fono MD835, receptor UHF, transmisor de mano, c\u00e1psula din\u00e1mica cardioide MD835, puerto Ethernet, ancho de banda de 42 MHz, 1680 frecuencias UHF sintonizables y 6 frecuencias compatibles por banco, incluye 1 receptor para montaje en rack EM 300 G3, 1 transmisor de manoSKM 300-835 G3 (cardioide, din\u00e1mico), 1 base para micr\u00f3fono MZQ 1, 1 juego de accesorios para montaje en rack GA 3, 1 fuente de poder NT 2, 2 antenas, 2 bater\u00edas AA y un manual de operaci\u00f3n.\" \/>\n<meta name=\"robots\" content=\"index, follow, max-snippet:-1, max-image-preview:large, max-video-preview:-1\" \/>\n<link rel=\"canonical\" href=\"https:\/\/www.mexicanguitarplayers.com\/en\/tienda\/audio\/microfonia\/microfonos-inalambricos\/transmisores-y-receptores\/microfono-sennheiser-inalambrico-ew335g3\/\" \/>\n<meta property=\"og:locale\" content=\"en_US\" \/>\n<meta property=\"og:type\" content=\"article\" \/>\n<meta property=\"og:title\" content=\"MICROFONO SENNHEISER INALAMBRICO EW335G3 - Mexican Guitar Players\" \/>\n<meta property=\"og:description\" content=\"MICROFONO SENNHEISER INALAMBRICO EW335G3. Sistema de microfon\u00eda inal\u00e1mbrica EW335 G3 con micr\u00f3fono MD835, receptor UHF, transmisor de mano, c\u00e1psula din\u00e1mica cardioide MD835, puerto Ethernet, ancho de banda de 42 MHz, 1680 frecuencias UHF sintonizables y 6 frecuencias compatibles por banco, incluye 1 receptor para montaje en rack EM 300 G3, 1 transmisor de manoSKM 300-835 G3 (cardioide, din\u00e1mico), 1 base para micr\u00f3fono MZQ 1, 1 juego de accesorios para montaje en rack GA 3, 1 fuente de poder NT 2, 2 antenas, 2 bater\u00edas AA y un manual de operaci\u00f3n.\" \/>\n<meta property=\"og:url\" content=\"https:\/\/www.mexicanguitarplayers.com\/en\/tienda\/audio\/microfonia\/microfonos-inalambricos\/transmisores-y-receptores\/microfono-sennheiser-inalambrico-ew335g3\/\" \/>\n<meta property=\"og:site_name\" content=\"Mexican Guitar Players\" \/>\n<meta property=\"article:modified_time\" content=\"2025-03-27T04:55:00+00:00\" \/>\n<meta property=\"og:image\" content=\"https:\/\/www.mexicanguitarplayers.com\/wp-content\/uploads\/2022\/08\/IASENEW335G3.jpg\" \/>\n\t<meta property=\"og:image:width\" content=\"1600\" \/>\n\t<meta property=\"og:image:height\" content=\"800\" \/>\n\t<meta property=\"og:image:type\" content=\"image\/jpeg\" \/>\n<meta name=\"twitter:card\" content=\"summary_large_image\" \/>\n<script type=\"application\/ld+json\" class=\"yoast-schema-graph\">{\"@context\":\"https:\\\/\\\/schema.org\",\"@graph\":[{\"@type\":[\"WebPage\",\"ItemPage\"],\"@id\":\"https:\\\/\\\/www.mexicanguitarplayers.com\\\/tienda\\\/audio\\\/microfonia\\\/microfonos-inalambricos\\\/transmisores-y-receptores\\\/microfono-sennheiser-inalambrico-ew335g3\\\/\",\"url\":\"https:\\\/\\\/www.mexicanguitarplayers.com\\\/tienda\\\/audio\\\/microfonia\\\/microfonos-inalambricos\\\/transmisores-y-receptores\\\/microfono-sennheiser-inalambrico-ew335g3\\\/\",\"name\":\"MICROFONO SENNHEISER INALAMBRICO EW335G3 - Mexican Guitar Players\",\"isPartOf\":{\"@id\":\"https:\\\/\\\/www.mexicanguitarplayers.com\\\/#website\"},\"primaryImageOfPage\":{\"@id\":\"https:\\\/\\\/www.mexicanguitarplayers.com\\\/tienda\\\/audio\\\/microfonia\\\/microfonos-inalambricos\\\/transmisores-y-receptores\\\/microfono-sennheiser-inalambrico-ew335g3\\\/#primaryimage\"},\"image\":{\"@id\":\"https:\\\/\\\/www.mexicanguitarplayers.com\\\/tienda\\\/audio\\\/microfonia\\\/microfonos-inalambricos\\\/transmisores-y-receptores\\\/microfono-sennheiser-inalambrico-ew335g3\\\/#primaryimage\"},\"thumbnailUrl\":\"https:\\\/\\\/www.mexicanguitarplayers.com\\\/wp-content\\\/uploads\\\/2022\\\/08\\\/IASENEW335G3.jpg\",\"datePublished\":\"2022-08-18T20:55:49+00:00\",\"dateModified\":\"2025-03-27T04:55:00+00:00\",\"description\":\"MICROFONO SENNHEISER INALAMBRICO EW335G3. Sistema de microfon\u00eda inal\u00e1mbrica EW335 G3 con micr\u00f3fono MD835, receptor UHF, transmisor de mano, c\u00e1psula din\u00e1mica cardioide MD835, puerto Ethernet, ancho de banda de 42 MHz, 1680 frecuencias UHF sintonizables y 6 frecuencias compatibles por banco, incluye 1 receptor para montaje en rack EM 300 G3, 1 transmisor de manoSKM 300-835 G3 (cardioide, din\u00e1mico), 1 base para micr\u00f3fono MZQ 1, 1 juego de accesorios para montaje en rack GA 3, 1 fuente de poder NT 2, 2 antenas, 2 bater\u00edas AA y un manual de operaci\u00f3n.\",\"breadcrumb\":{\"@id\":\"https:\\\/\\\/www.mexicanguitarplayers.com\\\/tienda\\\/audio\\\/microfonia\\\/microfonos-inalambricos\\\/transmisores-y-receptores\\\/microfono-sennheiser-inalambrico-ew335g3\\\/#breadcrumb\"},\"inLanguage\":\"en-US\",\"potentialAction\":[{\"@type\":\"ReadAction\",\"target\":[\"https:\\\/\\\/www.mexicanguitarplayers.com\\\/tienda\\\/audio\\\/microfonia\\\/microfonos-inalambricos\\\/transmisores-y-receptores\\\/microfono-sennheiser-inalambrico-ew335g3\\\/\"]}]},{\"@type\":\"ImageObject\",\"inLanguage\":\"en-US\",\"@id\":\"https:\\\/\\\/www.mexicanguitarplayers.com\\\/tienda\\\/audio\\\/microfonia\\\/microfonos-inalambricos\\\/transmisores-y-receptores\\\/microfono-sennheiser-inalambrico-ew335g3\\\/#primaryimage\",\"url\":\"https:\\\/\\\/www.mexicanguitarplayers.com\\\/wp-content\\\/uploads\\\/2022\\\/08\\\/IASENEW335G3.jpg\",\"contentUrl\":\"https:\\\/\\\/www.mexicanguitarplayers.com\\\/wp-content\\\/uploads\\\/2022\\\/08\\\/IASENEW335G3.jpg\",\"width\":1600,\"height\":800},{\"@type\":\"BreadcrumbList\",\"@id\":\"https:\\\/\\\/www.mexicanguitarplayers.com\\\/tienda\\\/audio\\\/microfonia\\\/microfonos-inalambricos\\\/transmisores-y-receptores\\\/microfono-sennheiser-inalambrico-ew335g3\\\/#breadcrumb\",\"itemListElement\":[{\"@type\":\"ListItem\",\"position\":1,\"name\":\"Portada\",\"item\":\"https:\\\/\\\/www.mexicanguitarplayers.com\\\/\"},{\"@type\":\"ListItem\",\"position\":2,\"name\":\"Tienda\",\"item\":\"https:\\\/\\\/www.mexicanguitarplayers.com\\\/tienda\\\/\"},{\"@type\":\"ListItem\",\"position\":3,\"name\":\"MICROFONO SENNHEISER INALAMBRICO EW335G3\"}]},{\"@type\":\"WebSite\",\"@id\":\"https:\\\/\\\/www.mexicanguitarplayers.com\\\/#website\",\"url\":\"https:\\\/\\\/www.mexicanguitarplayers.com\\\/\",\"name\":\"Mexican Guitar Players\",\"description\":\"Website\",\"publisher\":{\"@id\":\"https:\\\/\\\/www.mexicanguitarplayers.com\\\/#organization\"},\"potentialAction\":[{\"@type\":\"SearchAction\",\"target\":{\"@type\":\"EntryPoint\",\"urlTemplate\":\"https:\\\/\\\/www.mexicanguitarplayers.com\\\/?s={search_term_string}\"},\"query-input\":{\"@type\":\"PropertyValueSpecification\",\"valueRequired\":true,\"valueName\":\"search_term_string\"}}],\"inLanguage\":\"en-US\"},{\"@type\":\"Organization\",\"@id\":\"https:\\\/\\\/www.mexicanguitarplayers.com\\\/#organization\",\"name\":\"Mexican Guitar Players\",\"url\":\"https:\\\/\\\/www.mexicanguitarplayers.com\\\/\",\"logo\":{\"@type\":\"ImageObject\",\"inLanguage\":\"en-US\",\"@id\":\"https:\\\/\\\/www.mexicanguitarplayers.com\\\/#\\\/schema\\\/logo\\\/image\\\/\",\"url\":\"\",\"contentUrl\":\"\",\"caption\":\"Mexican Guitar Players\"},\"image\":{\"@id\":\"https:\\\/\\\/www.mexicanguitarplayers.com\\\/#\\\/schema\\\/logo\\\/image\\\/\"}}]}<\/script>\n<!-- \/ Yoast SEO plugin. -->","yoast_head_json":{"title":"MICROFONO SENNHEISER INALAMBRICO EW335G3 - Mexican Guitar Players","description":"MICROFONO SENNHEISER INALAMBRICO EW335G3. Sistema de microfon\u00eda inal\u00e1mbrica EW335 G3 con micr\u00f3fono MD835, receptor UHF, transmisor de mano, c\u00e1psula din\u00e1mica cardioide MD835, puerto Ethernet, ancho de banda de 42 MHz, 1680 frecuencias UHF sintonizables y 6 frecuencias compatibles por banco, incluye 1 receptor para montaje en rack EM 300 G3, 1 transmisor de manoSKM 300-835 G3 (cardioide, din\u00e1mico), 1 base para micr\u00f3fono MZQ 1, 1 juego de accesorios para montaje en rack GA 3, 1 fuente de poder NT 2, 2 antenas, 2 bater\u00edas AA y un manual de operaci\u00f3n.","robots":{"index":"index","follow":"follow","max-snippet":"max-snippet:-1","max-image-preview":"max-image-preview:large","max-video-preview":"max-video-preview:-1"},"canonical":"https:\/\/www.mexicanguitarplayers.com\/en\/tienda\/audio\/microfonia\/microfonos-inalambricos\/transmisores-y-receptores\/microfono-sennheiser-inalambrico-ew335g3\/","og_locale":"en_US","og_type":"article","og_title":"MICROFONO SENNHEISER INALAMBRICO EW335G3 - Mexican Guitar Players","og_description":"MICROFONO SENNHEISER INALAMBRICO EW335G3. Sistema de microfon\u00eda inal\u00e1mbrica EW335 G3 con micr\u00f3fono MD835, receptor UHF, transmisor de mano, c\u00e1psula din\u00e1mica cardioide MD835, puerto Ethernet, ancho de banda de 42 MHz, 1680 frecuencias UHF sintonizables y 6 frecuencias compatibles por banco, incluye 1 receptor para montaje en rack EM 300 G3, 1 transmisor de manoSKM 300-835 G3 (cardioide, din\u00e1mico), 1 base para micr\u00f3fono MZQ 1, 1 juego de accesorios para montaje en rack GA 3, 1 fuente de poder NT 2, 2 antenas, 2 bater\u00edas AA y un manual de operaci\u00f3n.","og_url":"https:\/\/www.mexicanguitarplayers.com\/en\/tienda\/audio\/microfonia\/microfonos-inalambricos\/transmisores-y-receptores\/microfono-sennheiser-inalambrico-ew335g3\/","og_site_name":"Mexican Guitar Players","article_modified_time":"2025-03-27T04:55:00+00:00","og_image":[{"width":1600,"height":800,"url":"https:\/\/www.mexicanguitarplayers.com\/wp-content\/uploads\/2022\/08\/IASENEW335G3.jpg","type":"image\/jpeg"}],"twitter_card":"summary_large_image","schema":{"@context":"https:\/\/schema.org","@graph":[{"@type":["WebPage","ItemPage"],"@id":"https:\/\/www.mexicanguitarplayers.com\/tienda\/audio\/microfonia\/microfonos-inalambricos\/transmisores-y-receptores\/microfono-sennheiser-inalambrico-ew335g3\/","url":"https:\/\/www.mexicanguitarplayers.com\/tienda\/audio\/microfonia\/microfonos-inalambricos\/transmisores-y-receptores\/microfono-sennheiser-inalambrico-ew335g3\/","name":"MICROFONO SENNHEISER INALAMBRICO EW335G3 - Mexican Guitar Players","isPartOf":{"@id":"https:\/\/www.mexicanguitarplayers.com\/#website"},"primaryImageOfPage":{"@id":"https:\/\/www.mexicanguitarplayers.com\/tienda\/audio\/microfonia\/microfonos-inalambricos\/transmisores-y-receptores\/microfono-sennheiser-inalambrico-ew335g3\/#primaryimage"},"image":{"@id":"https:\/\/www.mexicanguitarplayers.com\/tienda\/audio\/microfonia\/microfonos-inalambricos\/transmisores-y-receptores\/microfono-sennheiser-inalambrico-ew335g3\/#primaryimage"},"thumbnailUrl":"https:\/\/www.mexicanguitarplayers.com\/wp-content\/uploads\/2022\/08\/IASENEW335G3.jpg","datePublished":"2022-08-18T20:55:49+00:00","dateModified":"2025-03-27T04:55:00+00:00","description":"MICROFONO SENNHEISER INALAMBRICO EW335G3. Sistema de microfon\u00eda inal\u00e1mbrica EW335 G3 con micr\u00f3fono MD835, receptor UHF, transmisor de mano, c\u00e1psula din\u00e1mica cardioide MD835, puerto Ethernet, ancho de banda de 42 MHz, 1680 frecuencias UHF sintonizables y 6 frecuencias compatibles por banco, incluye 1 receptor para montaje en rack EM 300 G3, 1 transmisor de manoSKM 300-835 G3 (cardioide, din\u00e1mico), 1 base para micr\u00f3fono MZQ 1, 1 juego de accesorios para montaje en rack GA 3, 1 fuente de poder NT 2, 2 antenas, 2 bater\u00edas AA y un manual de operaci\u00f3n.","breadcrumb":{"@id":"https:\/\/www.mexicanguitarplayers.com\/tienda\/audio\/microfonia\/microfonos-inalambricos\/transmisores-y-receptores\/microfono-sennheiser-inalambrico-ew335g3\/#breadcrumb"},"inLanguage":"en-US","potentialAction":[{"@type":"ReadAction","target":["https:\/\/www.mexicanguitarplayers.com\/tienda\/audio\/microfonia\/microfonos-inalambricos\/transmisores-y-receptores\/microfono-sennheiser-inalambrico-ew335g3\/"]}]},{"@type":"ImageObject","inLanguage":"en-US","@id":"https:\/\/www.mexicanguitarplayers.com\/tienda\/audio\/microfonia\/microfonos-inalambricos\/transmisores-y-receptores\/microfono-sennheiser-inalambrico-ew335g3\/#primaryimage","url":"https:\/\/www.mexicanguitarplayers.com\/wp-content\/uploads\/2022\/08\/IASENEW335G3.jpg","contentUrl":"https:\/\/www.mexicanguitarplayers.com\/wp-content\/uploads\/2022\/08\/IASENEW335G3.jpg","width":1600,"height":800},{"@type":"BreadcrumbList","@id":"https:\/\/www.mexicanguitarplayers.com\/tienda\/audio\/microfonia\/microfonos-inalambricos\/transmisores-y-receptores\/microfono-sennheiser-inalambrico-ew335g3\/#breadcrumb","itemListElement":[{"@type":"ListItem","position":1,"name":"Portada","item":"https:\/\/www.mexicanguitarplayers.com\/"},{"@type":"ListItem","position":2,"name":"Tienda","item":"https:\/\/www.mexicanguitarplayers.com\/tienda\/"},{"@type":"ListItem","position":3,"name":"MICROFONO SENNHEISER INALAMBRICO EW335G3"}]},{"@type":"WebSite","@id":"https:\/\/www.mexicanguitarplayers.com\/#website","url":"https:\/\/www.mexicanguitarplayers.com\/","name":"Mexican Guitar Players","description":"Website","publisher":{"@id":"https:\/\/www.mexicanguitarplayers.com\/#organization"},"potentialAction":[{"@type":"SearchAction","target":{"@type":"EntryPoint","urlTemplate":"https:\/\/www.mexicanguitarplayers.com\/?s={search_term_string}"},"query-input":{"@type":"PropertyValueSpecification","valueRequired":true,"valueName":"search_term_string"}}],"inLanguage":"en-US"},{"@type":"Organization","@id":"https:\/\/www.mexicanguitarplayers.com\/#organization","name":"Mexican Guitar Players","url":"https:\/\/www.mexicanguitarplayers.com\/","logo":{"@type":"ImageObject","inLanguage":"en-US","@id":"https:\/\/www.mexicanguitarplayers.com\/#\/schema\/logo\/image\/","url":"","contentUrl":"","caption":"Mexican Guitar Players"},"image":{"@id":"https:\/\/www.mexicanguitarplayers.com\/#\/schema\/logo\/image\/"}}]}},"brands":[{"id":176,"name":"SENNHEISER","slug":"sennheiser"}],"_links":{"self":[{"href":"https:\/\/www.mexicanguitarplayers.com\/en\/wp-json\/wp\/v2\/product\/15232","targetHints":{"allow":["GET"]}}],"collection":[{"href":"https:\/\/www.mexicanguitarplayers.com\/en\/wp-json\/wp\/v2\/product"}],"about":[{"href":"https:\/\/www.mexicanguitarplayers.com\/en\/wp-json\/wp\/v2\/types\/product"}],"replies":[{"embeddable":true,"href":"https:\/\/www.mexicanguitarplayers.com\/en\/wp-json\/wp\/v2\/comments?post=15232"}],"wp:featuredmedia":[{"embeddable":true,"href":"https:\/\/www.mexicanguitarplayers.com\/en\/wp-json\/wp\/v2\/media\/15231"}],"wp:attachment":[{"href":"https:\/\/www.mexicanguitarplayers.com\/en\/wp-json\/wp\/v2\/media?parent=15232"}],"wp:term":[{"taxonomy":"pwb-brand","embeddable":true,"href":"https:\/\/www.mexicanguitarplayers.com\/en\/wp-json\/wp\/v2\/pwb-brand?post=15232"},{"taxonomy":"product_brand","embeddable":true,"href":"https:\/\/www.mexicanguitarplayers.com\/en\/wp-json\/wp\/v2\/product_brand?post=15232"},{"taxonomy":"product_cat","embeddable":true,"href":"https:\/\/www.mexicanguitarplayers.com\/en\/wp-json\/wp\/v2\/product_cat?post=15232"},{"taxonomy":"product_tag","embeddable":true,"href":"https:\/\/www.mexicanguitarplayers.com\/en\/wp-json\/wp\/v2\/product_tag?post=15232"}],"curies":[{"name":"wp","href":"https:\/\/api.w.org\/{rel}","templated":true}]}}