{"id":15259,"date":"2022-08-18T15:56:31","date_gmt":"2022-08-18T20:56:31","guid":{"rendered":"https:\/\/www.mexicanguitarplayers.com\/tienda\/sin%20categor\u00eda\/microfono-sennheiser-lavalier-mod-me2\/"},"modified":"2026-01-01T08:03:44","modified_gmt":"2026-01-01T14:03:44","slug":"microfono-sennheiser-lavalier-mod-me2","status":"publish","type":"product","link":"https:\/\/www.mexicanguitarplayers.com\/en\/tienda\/audio\/microfonia\/microfonos-inalambricos\/de-solapa\/microfono-sennheiser-lavalier-mod-me2\/","title":{"rendered":"SENNHEISER LAVALIER MICROPHONE MOD. ME2"},"content":{"rendered":"<div style=\"text-align: justify\">\n<div>\n<h3>SENNHEISER LAVALIER MICROPHONE MOD. ME2<\/h3>\n<\/div>\n<div>Omnidirectional permanent polarized condenser lavalier microphone for use with evolution Wireless SK bodypack transmitters, high speech intelligibility, easy attachment to clothing, frequency response: 30 \u2013 20,000 Hz, 1.6 m mini-jack cable, maximum SPL: 130 dB, operating voltage: 7.5 V, includes a clip and a metal windscreen.<\/div>\n<\/div>","protected":false},"excerpt":{"rendered":"<p>Micr\u00f3fono lavalier omnidireccional de condensador polarizado permanente para usocon transmisores de bolsillo evolution Wireless SK, alta inteligibilidad del habla, f\u00e1cil fijaci\u00f3n en la ropa, respuesta de frecuencia: 30 &#8211; 20,000 Hz, cable mini-jack de 1.6 m, SPL m\u00e1ximo: 130 dB, voltaje de operaci\u00f3n: 7,5 V, incluye un clip y un anti viento met\u00e1lico.&hellip; <a class=\"kt-excerpt-readmore more-link\" href=\"https:\/\/www.mexicanguitarplayers.com\/en\/tienda\/audio\/microfonia\/microfonos-inalambricos\/de-solapa\/microfono-sennheiser-lavalier-mod-me2\/\">Read more<\/a><\/p>","protected":false},"featured_media":15258,"comment_status":"open","ping_status":"closed","template":"","meta":{"kt_blocks_editor_width":""},"pwb-brand":[176],"product_brand":[],"product_cat":[213,543,214,231],"product_tag":[],"class_list":{"0":"post-15259","1":"product","2":"type-product","3":"status-publish","4":"has-post-thumbnail","6":"pwb-brand-sennheiser","7":"product_cat-audio","8":"product_cat-de-solapa","9":"product_cat-microfonia","10":"product_cat-microfonos-inalambricos","11":"product_shipping_class-0-5-kg","13":"first","14":"instock","15":"taxable","16":"shipping-taxable","17":"purchasable","18":"product-type-simple"},"yoast_head":"<!-- This site is optimized with the Yoast SEO plugin v27.3 - https:\/\/yoast.com\/product\/yoast-seo-wordpress\/ -->\n<title>MICROFONO SENNHEISER LAVALIER MOD. ME2 - Mexican Guitar Players<\/title>\n<meta name=\"description\" content=\"MICROFONO SENNHEISER LAVALIER MOD. ME2. Micr\u00f3fono lavalier omnidireccional de condensador polarizado permanente para usocon transmisores de bolsillo evolution Wireless SK, alta inteligibilidad del habla, f\u00e1cil fijaci\u00f3n en la ropa, respuesta de frecuencia: 30 - 20,000 Hz, cable mini-jack de 1.6 m, SPL m\u00e1ximo: 130 dB, voltaje de operaci\u00f3n: 7,5 V, incluye un clip y un anti viento met\u00e1lico.\" \/>\n<meta name=\"robots\" content=\"index, follow, max-snippet:-1, max-image-preview:large, max-video-preview:-1\" \/>\n<link rel=\"canonical\" href=\"https:\/\/www.mexicanguitarplayers.com\/en\/tienda\/audio\/microfonia\/microfonos-inalambricos\/de-solapa\/microfono-sennheiser-lavalier-mod-me2\/\" \/>\n<meta property=\"og:locale\" content=\"en_US\" \/>\n<meta property=\"og:type\" content=\"article\" \/>\n<meta property=\"og:title\" content=\"MICROFONO SENNHEISER LAVALIER MOD. ME2 - Mexican Guitar Players\" \/>\n<meta property=\"og:description\" content=\"MICROFONO SENNHEISER LAVALIER MOD. ME2. Micr\u00f3fono lavalier omnidireccional de condensador polarizado permanente para usocon transmisores de bolsillo evolution Wireless SK, alta inteligibilidad del habla, f\u00e1cil fijaci\u00f3n en la ropa, respuesta de frecuencia: 30 - 20,000 Hz, cable mini-jack de 1.6 m, SPL m\u00e1ximo: 130 dB, voltaje de operaci\u00f3n: 7,5 V, incluye un clip y un anti viento met\u00e1lico.\" \/>\n<meta property=\"og:url\" content=\"https:\/\/www.mexicanguitarplayers.com\/en\/tienda\/audio\/microfonia\/microfonos-inalambricos\/de-solapa\/microfono-sennheiser-lavalier-mod-me2\/\" \/>\n<meta property=\"og:site_name\" content=\"Mexican Guitar Players\" \/>\n<meta property=\"article:modified_time\" content=\"2026-01-01T14:03:44+00:00\" \/>\n<meta property=\"og:image\" content=\"https:\/\/www.mexicanguitarplayers.com\/wp-content\/uploads\/2022\/08\/IASENME2.jpg\" \/>\n\t<meta property=\"og:image:width\" content=\"1600\" \/>\n\t<meta property=\"og:image:height\" content=\"800\" \/>\n\t<meta property=\"og:image:type\" content=\"image\/jpeg\" \/>\n<meta name=\"twitter:card\" content=\"summary_large_image\" \/>\n<script type=\"application\/ld+json\" class=\"yoast-schema-graph\">{\"@context\":\"https:\\\/\\\/schema.org\",\"@graph\":[{\"@type\":[\"WebPage\",\"ItemPage\"],\"@id\":\"https:\\\/\\\/www.mexicanguitarplayers.com\\\/tienda\\\/audio\\\/microfonia\\\/microfonos-inalambricos\\\/de-solapa\\\/microfono-sennheiser-lavalier-mod-me2\\\/\",\"url\":\"https:\\\/\\\/www.mexicanguitarplayers.com\\\/tienda\\\/audio\\\/microfonia\\\/microfonos-inalambricos\\\/de-solapa\\\/microfono-sennheiser-lavalier-mod-me2\\\/\",\"name\":\"MICROFONO SENNHEISER LAVALIER MOD. ME2 - Mexican Guitar Players\",\"isPartOf\":{\"@id\":\"https:\\\/\\\/www.mexicanguitarplayers.com\\\/#website\"},\"primaryImageOfPage\":{\"@id\":\"https:\\\/\\\/www.mexicanguitarplayers.com\\\/tienda\\\/audio\\\/microfonia\\\/microfonos-inalambricos\\\/de-solapa\\\/microfono-sennheiser-lavalier-mod-me2\\\/#primaryimage\"},\"image\":{\"@id\":\"https:\\\/\\\/www.mexicanguitarplayers.com\\\/tienda\\\/audio\\\/microfonia\\\/microfonos-inalambricos\\\/de-solapa\\\/microfono-sennheiser-lavalier-mod-me2\\\/#primaryimage\"},\"thumbnailUrl\":\"https:\\\/\\\/www.mexicanguitarplayers.com\\\/wp-content\\\/uploads\\\/2022\\\/08\\\/IASENME2.jpg\",\"datePublished\":\"2022-08-18T20:56:31+00:00\",\"dateModified\":\"2026-01-01T14:03:44+00:00\",\"description\":\"MICROFONO SENNHEISER LAVALIER MOD. ME2. Micr\u00f3fono lavalier omnidireccional de condensador polarizado permanente para usocon transmisores de bolsillo evolution Wireless SK, alta inteligibilidad del habla, f\u00e1cil fijaci\u00f3n en la ropa, respuesta de frecuencia: 30 - 20,000 Hz, cable mini-jack de 1.6 m, SPL m\u00e1ximo: 130 dB, voltaje de operaci\u00f3n: 7,5 V, incluye un clip y un anti viento met\u00e1lico.\",\"breadcrumb\":{\"@id\":\"https:\\\/\\\/www.mexicanguitarplayers.com\\\/tienda\\\/audio\\\/microfonia\\\/microfonos-inalambricos\\\/de-solapa\\\/microfono-sennheiser-lavalier-mod-me2\\\/#breadcrumb\"},\"inLanguage\":\"en-US\",\"potentialAction\":[{\"@type\":\"ReadAction\",\"target\":[\"https:\\\/\\\/www.mexicanguitarplayers.com\\\/tienda\\\/audio\\\/microfonia\\\/microfonos-inalambricos\\\/de-solapa\\\/microfono-sennheiser-lavalier-mod-me2\\\/\"]}]},{\"@type\":\"ImageObject\",\"inLanguage\":\"en-US\",\"@id\":\"https:\\\/\\\/www.mexicanguitarplayers.com\\\/tienda\\\/audio\\\/microfonia\\\/microfonos-inalambricos\\\/de-solapa\\\/microfono-sennheiser-lavalier-mod-me2\\\/#primaryimage\",\"url\":\"https:\\\/\\\/www.mexicanguitarplayers.com\\\/wp-content\\\/uploads\\\/2022\\\/08\\\/IASENME2.jpg\",\"contentUrl\":\"https:\\\/\\\/www.mexicanguitarplayers.com\\\/wp-content\\\/uploads\\\/2022\\\/08\\\/IASENME2.jpg\",\"width\":1600,\"height\":800},{\"@type\":\"BreadcrumbList\",\"@id\":\"https:\\\/\\\/www.mexicanguitarplayers.com\\\/tienda\\\/audio\\\/microfonia\\\/microfonos-inalambricos\\\/de-solapa\\\/microfono-sennheiser-lavalier-mod-me2\\\/#breadcrumb\",\"itemListElement\":[{\"@type\":\"ListItem\",\"position\":1,\"name\":\"Portada\",\"item\":\"https:\\\/\\\/www.mexicanguitarplayers.com\\\/\"},{\"@type\":\"ListItem\",\"position\":2,\"name\":\"Tienda\",\"item\":\"https:\\\/\\\/www.mexicanguitarplayers.com\\\/tienda\\\/\"},{\"@type\":\"ListItem\",\"position\":3,\"name\":\"MICROFONO SENNHEISER LAVALIER MOD. ME2\"}]},{\"@type\":\"WebSite\",\"@id\":\"https:\\\/\\\/www.mexicanguitarplayers.com\\\/#website\",\"url\":\"https:\\\/\\\/www.mexicanguitarplayers.com\\\/\",\"name\":\"Mexican Guitar Players\",\"description\":\"Website\",\"publisher\":{\"@id\":\"https:\\\/\\\/www.mexicanguitarplayers.com\\\/#organization\"},\"potentialAction\":[{\"@type\":\"SearchAction\",\"target\":{\"@type\":\"EntryPoint\",\"urlTemplate\":\"https:\\\/\\\/www.mexicanguitarplayers.com\\\/?s={search_term_string}\"},\"query-input\":{\"@type\":\"PropertyValueSpecification\",\"valueRequired\":true,\"valueName\":\"search_term_string\"}}],\"inLanguage\":\"en-US\"},{\"@type\":\"Organization\",\"@id\":\"https:\\\/\\\/www.mexicanguitarplayers.com\\\/#organization\",\"name\":\"Mexican Guitar Players\",\"url\":\"https:\\\/\\\/www.mexicanguitarplayers.com\\\/\",\"logo\":{\"@type\":\"ImageObject\",\"inLanguage\":\"en-US\",\"@id\":\"https:\\\/\\\/www.mexicanguitarplayers.com\\\/#\\\/schema\\\/logo\\\/image\\\/\",\"url\":\"\",\"contentUrl\":\"\",\"caption\":\"Mexican Guitar Players\"},\"image\":{\"@id\":\"https:\\\/\\\/www.mexicanguitarplayers.com\\\/#\\\/schema\\\/logo\\\/image\\\/\"}}]}<\/script>\n<!-- \/ Yoast SEO plugin. -->","yoast_head_json":{"title":"MICROFONO SENNHEISER LAVALIER MOD. ME2 - Mexican Guitar Players","description":"MICROFONO SENNHEISER LAVALIER MOD. ME2. Micr\u00f3fono lavalier omnidireccional de condensador polarizado permanente para usocon transmisores de bolsillo evolution Wireless SK, alta inteligibilidad del habla, f\u00e1cil fijaci\u00f3n en la ropa, respuesta de frecuencia: 30 - 20,000 Hz, cable mini-jack de 1.6 m, SPL m\u00e1ximo: 130 dB, voltaje de operaci\u00f3n: 7,5 V, incluye un clip y un anti viento met\u00e1lico.","robots":{"index":"index","follow":"follow","max-snippet":"max-snippet:-1","max-image-preview":"max-image-preview:large","max-video-preview":"max-video-preview:-1"},"canonical":"https:\/\/www.mexicanguitarplayers.com\/en\/tienda\/audio\/microfonia\/microfonos-inalambricos\/de-solapa\/microfono-sennheiser-lavalier-mod-me2\/","og_locale":"en_US","og_type":"article","og_title":"MICROFONO SENNHEISER LAVALIER MOD. ME2 - Mexican Guitar Players","og_description":"MICROFONO SENNHEISER LAVALIER MOD. ME2. Micr\u00f3fono lavalier omnidireccional de condensador polarizado permanente para usocon transmisores de bolsillo evolution Wireless SK, alta inteligibilidad del habla, f\u00e1cil fijaci\u00f3n en la ropa, respuesta de frecuencia: 30 - 20,000 Hz, cable mini-jack de 1.6 m, SPL m\u00e1ximo: 130 dB, voltaje de operaci\u00f3n: 7,5 V, incluye un clip y un anti viento met\u00e1lico.","og_url":"https:\/\/www.mexicanguitarplayers.com\/en\/tienda\/audio\/microfonia\/microfonos-inalambricos\/de-solapa\/microfono-sennheiser-lavalier-mod-me2\/","og_site_name":"Mexican Guitar Players","article_modified_time":"2026-01-01T14:03:44+00:00","og_image":[{"width":1600,"height":800,"url":"https:\/\/www.mexicanguitarplayers.com\/wp-content\/uploads\/2022\/08\/IASENME2.jpg","type":"image\/jpeg"}],"twitter_card":"summary_large_image","schema":{"@context":"https:\/\/schema.org","@graph":[{"@type":["WebPage","ItemPage"],"@id":"https:\/\/www.mexicanguitarplayers.com\/tienda\/audio\/microfonia\/microfonos-inalambricos\/de-solapa\/microfono-sennheiser-lavalier-mod-me2\/","url":"https:\/\/www.mexicanguitarplayers.com\/tienda\/audio\/microfonia\/microfonos-inalambricos\/de-solapa\/microfono-sennheiser-lavalier-mod-me2\/","name":"MICROFONO SENNHEISER LAVALIER MOD. ME2 - Mexican Guitar Players","isPartOf":{"@id":"https:\/\/www.mexicanguitarplayers.com\/#website"},"primaryImageOfPage":{"@id":"https:\/\/www.mexicanguitarplayers.com\/tienda\/audio\/microfonia\/microfonos-inalambricos\/de-solapa\/microfono-sennheiser-lavalier-mod-me2\/#primaryimage"},"image":{"@id":"https:\/\/www.mexicanguitarplayers.com\/tienda\/audio\/microfonia\/microfonos-inalambricos\/de-solapa\/microfono-sennheiser-lavalier-mod-me2\/#primaryimage"},"thumbnailUrl":"https:\/\/www.mexicanguitarplayers.com\/wp-content\/uploads\/2022\/08\/IASENME2.jpg","datePublished":"2022-08-18T20:56:31+00:00","dateModified":"2026-01-01T14:03:44+00:00","description":"MICROFONO SENNHEISER LAVALIER MOD. ME2. Micr\u00f3fono lavalier omnidireccional de condensador polarizado permanente para usocon transmisores de bolsillo evolution Wireless SK, alta inteligibilidad del habla, f\u00e1cil fijaci\u00f3n en la ropa, respuesta de frecuencia: 30 - 20,000 Hz, cable mini-jack de 1.6 m, SPL m\u00e1ximo: 130 dB, voltaje de operaci\u00f3n: 7,5 V, incluye un clip y un anti viento met\u00e1lico.","breadcrumb":{"@id":"https:\/\/www.mexicanguitarplayers.com\/tienda\/audio\/microfonia\/microfonos-inalambricos\/de-solapa\/microfono-sennheiser-lavalier-mod-me2\/#breadcrumb"},"inLanguage":"en-US","potentialAction":[{"@type":"ReadAction","target":["https:\/\/www.mexicanguitarplayers.com\/tienda\/audio\/microfonia\/microfonos-inalambricos\/de-solapa\/microfono-sennheiser-lavalier-mod-me2\/"]}]},{"@type":"ImageObject","inLanguage":"en-US","@id":"https:\/\/www.mexicanguitarplayers.com\/tienda\/audio\/microfonia\/microfonos-inalambricos\/de-solapa\/microfono-sennheiser-lavalier-mod-me2\/#primaryimage","url":"https:\/\/www.mexicanguitarplayers.com\/wp-content\/uploads\/2022\/08\/IASENME2.jpg","contentUrl":"https:\/\/www.mexicanguitarplayers.com\/wp-content\/uploads\/2022\/08\/IASENME2.jpg","width":1600,"height":800},{"@type":"BreadcrumbList","@id":"https:\/\/www.mexicanguitarplayers.com\/tienda\/audio\/microfonia\/microfonos-inalambricos\/de-solapa\/microfono-sennheiser-lavalier-mod-me2\/#breadcrumb","itemListElement":[{"@type":"ListItem","position":1,"name":"Portada","item":"https:\/\/www.mexicanguitarplayers.com\/"},{"@type":"ListItem","position":2,"name":"Tienda","item":"https:\/\/www.mexicanguitarplayers.com\/tienda\/"},{"@type":"ListItem","position":3,"name":"MICROFONO SENNHEISER LAVALIER MOD. ME2"}]},{"@type":"WebSite","@id":"https:\/\/www.mexicanguitarplayers.com\/#website","url":"https:\/\/www.mexicanguitarplayers.com\/","name":"Mexican Guitar Players","description":"Website","publisher":{"@id":"https:\/\/www.mexicanguitarplayers.com\/#organization"},"potentialAction":[{"@type":"SearchAction","target":{"@type":"EntryPoint","urlTemplate":"https:\/\/www.mexicanguitarplayers.com\/?s={search_term_string}"},"query-input":{"@type":"PropertyValueSpecification","valueRequired":true,"valueName":"search_term_string"}}],"inLanguage":"en-US"},{"@type":"Organization","@id":"https:\/\/www.mexicanguitarplayers.com\/#organization","name":"Mexican Guitar Players","url":"https:\/\/www.mexicanguitarplayers.com\/","logo":{"@type":"ImageObject","inLanguage":"en-US","@id":"https:\/\/www.mexicanguitarplayers.com\/#\/schema\/logo\/image\/","url":"","contentUrl":"","caption":"Mexican Guitar Players"},"image":{"@id":"https:\/\/www.mexicanguitarplayers.com\/#\/schema\/logo\/image\/"}}]}},"brands":[{"id":176,"name":"SENNHEISER","slug":"sennheiser"}],"_links":{"self":[{"href":"https:\/\/www.mexicanguitarplayers.com\/en\/wp-json\/wp\/v2\/product\/15259","targetHints":{"allow":["GET"]}}],"collection":[{"href":"https:\/\/www.mexicanguitarplayers.com\/en\/wp-json\/wp\/v2\/product"}],"about":[{"href":"https:\/\/www.mexicanguitarplayers.com\/en\/wp-json\/wp\/v2\/types\/product"}],"replies":[{"embeddable":true,"href":"https:\/\/www.mexicanguitarplayers.com\/en\/wp-json\/wp\/v2\/comments?post=15259"}],"wp:featuredmedia":[{"embeddable":true,"href":"https:\/\/www.mexicanguitarplayers.com\/en\/wp-json\/wp\/v2\/media\/15258"}],"wp:attachment":[{"href":"https:\/\/www.mexicanguitarplayers.com\/en\/wp-json\/wp\/v2\/media?parent=15259"}],"wp:term":[{"taxonomy":"pwb-brand","embeddable":true,"href":"https:\/\/www.mexicanguitarplayers.com\/en\/wp-json\/wp\/v2\/pwb-brand?post=15259"},{"taxonomy":"product_brand","embeddable":true,"href":"https:\/\/www.mexicanguitarplayers.com\/en\/wp-json\/wp\/v2\/product_brand?post=15259"},{"taxonomy":"product_cat","embeddable":true,"href":"https:\/\/www.mexicanguitarplayers.com\/en\/wp-json\/wp\/v2\/product_cat?post=15259"},{"taxonomy":"product_tag","embeddable":true,"href":"https:\/\/www.mexicanguitarplayers.com\/en\/wp-json\/wp\/v2\/product_tag?post=15259"}],"curies":[{"name":"wp","href":"https:\/\/api.w.org\/{rel}","templated":true}]}}