{"id":15268,"date":"2022-08-18T15:56:43","date_gmt":"2022-08-18T20:56:43","guid":{"rendered":"https:\/\/www.mexicanguitarplayers.com\/tienda\/sin%20categor\u00eda\/microfono-sennheiser-cardioide-mod-me-4\/"},"modified":"2025-11-16T01:16:44","modified_gmt":"2025-11-16T07:16:44","slug":"microfono-sennheiser-cardioide-mod-me-4","status":"publish","type":"product","link":"https:\/\/www.mexicanguitarplayers.com\/en\/tienda\/audio\/microfonia\/microfonos-inalambricos\/de-solapa\/microfono-sennheiser-cardioide-mod-me-4\/","title":{"rendered":"SENNHEISER CARDIOID MICROPHONE MOD. ME 4"},"content":{"rendered":"<div style=\"text-align: justify\">\n<div>\n<h3>SENNHEISER CARDIOID MICROPHONE MOD. ME 4<\/h3>\n<\/div>\n<div>Small clip-on cardioid microphone specially designed for speech use in noisy environments, acoustic feedback rejection, high speech intelligibility, easy to attach to clothing, mini-connector for evolution wireless series pocket transmitters.<\/div>\n<\/div>","protected":false},"excerpt":{"rendered":"<p>Peque\u00f1o micr\u00f3fono cardioide con clip especialmente pensado para usos de discurso en ambientes ruidosos, rechazo de acople ac\u00fastico, alta inteligibilidad del discurso, f\u00e1cil de adherirse a la ropa, miniconector para los transmisores de bolsillo de la serie evolution wireless.&hellip; <a class=\"kt-excerpt-readmore more-link\" href=\"https:\/\/www.mexicanguitarplayers.com\/en\/tienda\/audio\/microfonia\/microfonos-inalambricos\/de-solapa\/microfono-sennheiser-cardioide-mod-me-4\/\">Read more<\/a><\/p>","protected":false},"featured_media":15267,"comment_status":"open","ping_status":"closed","template":"","meta":{"kt_blocks_editor_width":""},"pwb-brand":[176],"product_brand":[],"product_cat":[213,543,214,231],"product_tag":[],"class_list":{"0":"post-15268","1":"product","2":"type-product","3":"status-publish","4":"has-post-thumbnail","6":"pwb-brand-sennheiser","7":"product_cat-audio","8":"product_cat-de-solapa","9":"product_cat-microfonia","10":"product_cat-microfonos-inalambricos","11":"product_shipping_class-0-5-kg","13":"first","14":"outofstock","15":"taxable","16":"shipping-taxable","17":"purchasable","18":"product-type-simple"},"yoast_head":"<!-- This site is optimized with the Yoast SEO plugin v27.3 - https:\/\/yoast.com\/product\/yoast-seo-wordpress\/ -->\n<title>MICROFONO SENNHEISER CARDIOIDE MOD. ME 4 - Mexican Guitar Players<\/title>\n<meta name=\"description\" content=\"MICROFONO SENNHEISER CARDIOIDE MOD. ME 4. Peque\u00f1o micr\u00f3fono cardioide con clip especialmente pensado para usos de discurso en ambientes ruidosos, rechazo de acople ac\u00fastico, alta inteligibilidad del discurso, f\u00e1cil de adherirse a la ropa, miniconector para los transmisores de bolsillo de la serie evolution wireless.\" \/>\n<meta name=\"robots\" content=\"index, follow, max-snippet:-1, max-image-preview:large, max-video-preview:-1\" \/>\n<link rel=\"canonical\" href=\"https:\/\/www.mexicanguitarplayers.com\/en\/tienda\/audio\/microfonia\/microfonos-inalambricos\/de-solapa\/microfono-sennheiser-cardioide-mod-me-4\/\" \/>\n<meta property=\"og:locale\" content=\"en_US\" \/>\n<meta property=\"og:type\" content=\"article\" \/>\n<meta property=\"og:title\" content=\"MICROFONO SENNHEISER CARDIOIDE MOD. ME 4 - Mexican Guitar Players\" \/>\n<meta property=\"og:description\" content=\"MICROFONO SENNHEISER CARDIOIDE MOD. ME 4. Peque\u00f1o micr\u00f3fono cardioide con clip especialmente pensado para usos de discurso en ambientes ruidosos, rechazo de acople ac\u00fastico, alta inteligibilidad del discurso, f\u00e1cil de adherirse a la ropa, miniconector para los transmisores de bolsillo de la serie evolution wireless.\" \/>\n<meta property=\"og:url\" content=\"https:\/\/www.mexicanguitarplayers.com\/en\/tienda\/audio\/microfonia\/microfonos-inalambricos\/de-solapa\/microfono-sennheiser-cardioide-mod-me-4\/\" \/>\n<meta property=\"og:site_name\" content=\"Mexican Guitar Players\" \/>\n<meta property=\"article:modified_time\" content=\"2025-11-16T07:16:44+00:00\" \/>\n<meta property=\"og:image\" content=\"https:\/\/www.mexicanguitarplayers.com\/wp-content\/uploads\/2022\/08\/IASENME4CARDIO.jpg\" \/>\n\t<meta property=\"og:image:width\" content=\"1200\" \/>\n\t<meta property=\"og:image:height\" content=\"1200\" \/>\n\t<meta property=\"og:image:type\" content=\"image\/jpeg\" \/>\n<meta name=\"twitter:card\" content=\"summary_large_image\" \/>\n<script type=\"application\/ld+json\" class=\"yoast-schema-graph\">{\"@context\":\"https:\\\/\\\/schema.org\",\"@graph\":[{\"@type\":[\"WebPage\",\"ItemPage\"],\"@id\":\"https:\\\/\\\/www.mexicanguitarplayers.com\\\/tienda\\\/audio\\\/microfonia\\\/microfonos-inalambricos\\\/de-solapa\\\/microfono-sennheiser-cardioide-mod-me-4\\\/\",\"url\":\"https:\\\/\\\/www.mexicanguitarplayers.com\\\/tienda\\\/audio\\\/microfonia\\\/microfonos-inalambricos\\\/de-solapa\\\/microfono-sennheiser-cardioide-mod-me-4\\\/\",\"name\":\"MICROFONO SENNHEISER CARDIOIDE MOD. ME 4 - Mexican Guitar Players\",\"isPartOf\":{\"@id\":\"https:\\\/\\\/www.mexicanguitarplayers.com\\\/#website\"},\"primaryImageOfPage\":{\"@id\":\"https:\\\/\\\/www.mexicanguitarplayers.com\\\/tienda\\\/audio\\\/microfonia\\\/microfonos-inalambricos\\\/de-solapa\\\/microfono-sennheiser-cardioide-mod-me-4\\\/#primaryimage\"},\"image\":{\"@id\":\"https:\\\/\\\/www.mexicanguitarplayers.com\\\/tienda\\\/audio\\\/microfonia\\\/microfonos-inalambricos\\\/de-solapa\\\/microfono-sennheiser-cardioide-mod-me-4\\\/#primaryimage\"},\"thumbnailUrl\":\"https:\\\/\\\/www.mexicanguitarplayers.com\\\/wp-content\\\/uploads\\\/2022\\\/08\\\/IASENME4CARDIO.jpg\",\"datePublished\":\"2022-08-18T20:56:43+00:00\",\"dateModified\":\"2025-11-16T07:16:44+00:00\",\"description\":\"MICROFONO SENNHEISER CARDIOIDE MOD. ME 4. Peque\u00f1o micr\u00f3fono cardioide con clip especialmente pensado para usos de discurso en ambientes ruidosos, rechazo de acople ac\u00fastico, alta inteligibilidad del discurso, f\u00e1cil de adherirse a la ropa, miniconector para los transmisores de bolsillo de la serie evolution wireless.\",\"breadcrumb\":{\"@id\":\"https:\\\/\\\/www.mexicanguitarplayers.com\\\/tienda\\\/audio\\\/microfonia\\\/microfonos-inalambricos\\\/de-solapa\\\/microfono-sennheiser-cardioide-mod-me-4\\\/#breadcrumb\"},\"inLanguage\":\"en-US\",\"potentialAction\":[{\"@type\":\"ReadAction\",\"target\":[\"https:\\\/\\\/www.mexicanguitarplayers.com\\\/tienda\\\/audio\\\/microfonia\\\/microfonos-inalambricos\\\/de-solapa\\\/microfono-sennheiser-cardioide-mod-me-4\\\/\"]}]},{\"@type\":\"ImageObject\",\"inLanguage\":\"en-US\",\"@id\":\"https:\\\/\\\/www.mexicanguitarplayers.com\\\/tienda\\\/audio\\\/microfonia\\\/microfonos-inalambricos\\\/de-solapa\\\/microfono-sennheiser-cardioide-mod-me-4\\\/#primaryimage\",\"url\":\"https:\\\/\\\/www.mexicanguitarplayers.com\\\/wp-content\\\/uploads\\\/2022\\\/08\\\/IASENME4CARDIO.jpg\",\"contentUrl\":\"https:\\\/\\\/www.mexicanguitarplayers.com\\\/wp-content\\\/uploads\\\/2022\\\/08\\\/IASENME4CARDIO.jpg\",\"width\":1200,\"height\":1200},{\"@type\":\"BreadcrumbList\",\"@id\":\"https:\\\/\\\/www.mexicanguitarplayers.com\\\/tienda\\\/audio\\\/microfonia\\\/microfonos-inalambricos\\\/de-solapa\\\/microfono-sennheiser-cardioide-mod-me-4\\\/#breadcrumb\",\"itemListElement\":[{\"@type\":\"ListItem\",\"position\":1,\"name\":\"Portada\",\"item\":\"https:\\\/\\\/www.mexicanguitarplayers.com\\\/\"},{\"@type\":\"ListItem\",\"position\":2,\"name\":\"Tienda\",\"item\":\"https:\\\/\\\/www.mexicanguitarplayers.com\\\/tienda\\\/\"},{\"@type\":\"ListItem\",\"position\":3,\"name\":\"MICROFONO SENNHEISER CARDIOIDE MOD. ME 4\"}]},{\"@type\":\"WebSite\",\"@id\":\"https:\\\/\\\/www.mexicanguitarplayers.com\\\/#website\",\"url\":\"https:\\\/\\\/www.mexicanguitarplayers.com\\\/\",\"name\":\"Mexican Guitar Players\",\"description\":\"Website\",\"publisher\":{\"@id\":\"https:\\\/\\\/www.mexicanguitarplayers.com\\\/#organization\"},\"potentialAction\":[{\"@type\":\"SearchAction\",\"target\":{\"@type\":\"EntryPoint\",\"urlTemplate\":\"https:\\\/\\\/www.mexicanguitarplayers.com\\\/?s={search_term_string}\"},\"query-input\":{\"@type\":\"PropertyValueSpecification\",\"valueRequired\":true,\"valueName\":\"search_term_string\"}}],\"inLanguage\":\"en-US\"},{\"@type\":\"Organization\",\"@id\":\"https:\\\/\\\/www.mexicanguitarplayers.com\\\/#organization\",\"name\":\"Mexican Guitar Players\",\"url\":\"https:\\\/\\\/www.mexicanguitarplayers.com\\\/\",\"logo\":{\"@type\":\"ImageObject\",\"inLanguage\":\"en-US\",\"@id\":\"https:\\\/\\\/www.mexicanguitarplayers.com\\\/#\\\/schema\\\/logo\\\/image\\\/\",\"url\":\"\",\"contentUrl\":\"\",\"caption\":\"Mexican Guitar Players\"},\"image\":{\"@id\":\"https:\\\/\\\/www.mexicanguitarplayers.com\\\/#\\\/schema\\\/logo\\\/image\\\/\"}}]}<\/script>\n<!-- \/ Yoast SEO plugin. -->","yoast_head_json":{"title":"MICROFONO SENNHEISER CARDIOIDE MOD. ME 4 - Mexican Guitar Players","description":"MICROFONO SENNHEISER CARDIOIDE MOD. ME 4. Peque\u00f1o micr\u00f3fono cardioide con clip especialmente pensado para usos de discurso en ambientes ruidosos, rechazo de acople ac\u00fastico, alta inteligibilidad del discurso, f\u00e1cil de adherirse a la ropa, miniconector para los transmisores de bolsillo de la serie evolution wireless.","robots":{"index":"index","follow":"follow","max-snippet":"max-snippet:-1","max-image-preview":"max-image-preview:large","max-video-preview":"max-video-preview:-1"},"canonical":"https:\/\/www.mexicanguitarplayers.com\/en\/tienda\/audio\/microfonia\/microfonos-inalambricos\/de-solapa\/microfono-sennheiser-cardioide-mod-me-4\/","og_locale":"en_US","og_type":"article","og_title":"MICROFONO SENNHEISER CARDIOIDE MOD. ME 4 - Mexican Guitar Players","og_description":"MICROFONO SENNHEISER CARDIOIDE MOD. ME 4. Peque\u00f1o micr\u00f3fono cardioide con clip especialmente pensado para usos de discurso en ambientes ruidosos, rechazo de acople ac\u00fastico, alta inteligibilidad del discurso, f\u00e1cil de adherirse a la ropa, miniconector para los transmisores de bolsillo de la serie evolution wireless.","og_url":"https:\/\/www.mexicanguitarplayers.com\/en\/tienda\/audio\/microfonia\/microfonos-inalambricos\/de-solapa\/microfono-sennheiser-cardioide-mod-me-4\/","og_site_name":"Mexican Guitar Players","article_modified_time":"2025-11-16T07:16:44+00:00","og_image":[{"width":1200,"height":1200,"url":"https:\/\/www.mexicanguitarplayers.com\/wp-content\/uploads\/2022\/08\/IASENME4CARDIO.jpg","type":"image\/jpeg"}],"twitter_card":"summary_large_image","schema":{"@context":"https:\/\/schema.org","@graph":[{"@type":["WebPage","ItemPage"],"@id":"https:\/\/www.mexicanguitarplayers.com\/tienda\/audio\/microfonia\/microfonos-inalambricos\/de-solapa\/microfono-sennheiser-cardioide-mod-me-4\/","url":"https:\/\/www.mexicanguitarplayers.com\/tienda\/audio\/microfonia\/microfonos-inalambricos\/de-solapa\/microfono-sennheiser-cardioide-mod-me-4\/","name":"MICROFONO SENNHEISER CARDIOIDE MOD. ME 4 - Mexican Guitar Players","isPartOf":{"@id":"https:\/\/www.mexicanguitarplayers.com\/#website"},"primaryImageOfPage":{"@id":"https:\/\/www.mexicanguitarplayers.com\/tienda\/audio\/microfonia\/microfonos-inalambricos\/de-solapa\/microfono-sennheiser-cardioide-mod-me-4\/#primaryimage"},"image":{"@id":"https:\/\/www.mexicanguitarplayers.com\/tienda\/audio\/microfonia\/microfonos-inalambricos\/de-solapa\/microfono-sennheiser-cardioide-mod-me-4\/#primaryimage"},"thumbnailUrl":"https:\/\/www.mexicanguitarplayers.com\/wp-content\/uploads\/2022\/08\/IASENME4CARDIO.jpg","datePublished":"2022-08-18T20:56:43+00:00","dateModified":"2025-11-16T07:16:44+00:00","description":"MICROFONO SENNHEISER CARDIOIDE MOD. ME 4. Peque\u00f1o micr\u00f3fono cardioide con clip especialmente pensado para usos de discurso en ambientes ruidosos, rechazo de acople ac\u00fastico, alta inteligibilidad del discurso, f\u00e1cil de adherirse a la ropa, miniconector para los transmisores de bolsillo de la serie evolution wireless.","breadcrumb":{"@id":"https:\/\/www.mexicanguitarplayers.com\/tienda\/audio\/microfonia\/microfonos-inalambricos\/de-solapa\/microfono-sennheiser-cardioide-mod-me-4\/#breadcrumb"},"inLanguage":"en-US","potentialAction":[{"@type":"ReadAction","target":["https:\/\/www.mexicanguitarplayers.com\/tienda\/audio\/microfonia\/microfonos-inalambricos\/de-solapa\/microfono-sennheiser-cardioide-mod-me-4\/"]}]},{"@type":"ImageObject","inLanguage":"en-US","@id":"https:\/\/www.mexicanguitarplayers.com\/tienda\/audio\/microfonia\/microfonos-inalambricos\/de-solapa\/microfono-sennheiser-cardioide-mod-me-4\/#primaryimage","url":"https:\/\/www.mexicanguitarplayers.com\/wp-content\/uploads\/2022\/08\/IASENME4CARDIO.jpg","contentUrl":"https:\/\/www.mexicanguitarplayers.com\/wp-content\/uploads\/2022\/08\/IASENME4CARDIO.jpg","width":1200,"height":1200},{"@type":"BreadcrumbList","@id":"https:\/\/www.mexicanguitarplayers.com\/tienda\/audio\/microfonia\/microfonos-inalambricos\/de-solapa\/microfono-sennheiser-cardioide-mod-me-4\/#breadcrumb","itemListElement":[{"@type":"ListItem","position":1,"name":"Portada","item":"https:\/\/www.mexicanguitarplayers.com\/"},{"@type":"ListItem","position":2,"name":"Tienda","item":"https:\/\/www.mexicanguitarplayers.com\/tienda\/"},{"@type":"ListItem","position":3,"name":"MICROFONO SENNHEISER CARDIOIDE MOD. ME 4"}]},{"@type":"WebSite","@id":"https:\/\/www.mexicanguitarplayers.com\/#website","url":"https:\/\/www.mexicanguitarplayers.com\/","name":"Mexican Guitar Players","description":"Website","publisher":{"@id":"https:\/\/www.mexicanguitarplayers.com\/#organization"},"potentialAction":[{"@type":"SearchAction","target":{"@type":"EntryPoint","urlTemplate":"https:\/\/www.mexicanguitarplayers.com\/?s={search_term_string}"},"query-input":{"@type":"PropertyValueSpecification","valueRequired":true,"valueName":"search_term_string"}}],"inLanguage":"en-US"},{"@type":"Organization","@id":"https:\/\/www.mexicanguitarplayers.com\/#organization","name":"Mexican Guitar Players","url":"https:\/\/www.mexicanguitarplayers.com\/","logo":{"@type":"ImageObject","inLanguage":"en-US","@id":"https:\/\/www.mexicanguitarplayers.com\/#\/schema\/logo\/image\/","url":"","contentUrl":"","caption":"Mexican Guitar Players"},"image":{"@id":"https:\/\/www.mexicanguitarplayers.com\/#\/schema\/logo\/image\/"}}]}},"brands":[{"id":176,"name":"SENNHEISER","slug":"sennheiser"}],"_links":{"self":[{"href":"https:\/\/www.mexicanguitarplayers.com\/en\/wp-json\/wp\/v2\/product\/15268","targetHints":{"allow":["GET"]}}],"collection":[{"href":"https:\/\/www.mexicanguitarplayers.com\/en\/wp-json\/wp\/v2\/product"}],"about":[{"href":"https:\/\/www.mexicanguitarplayers.com\/en\/wp-json\/wp\/v2\/types\/product"}],"replies":[{"embeddable":true,"href":"https:\/\/www.mexicanguitarplayers.com\/en\/wp-json\/wp\/v2\/comments?post=15268"}],"wp:featuredmedia":[{"embeddable":true,"href":"https:\/\/www.mexicanguitarplayers.com\/en\/wp-json\/wp\/v2\/media\/15267"}],"wp:attachment":[{"href":"https:\/\/www.mexicanguitarplayers.com\/en\/wp-json\/wp\/v2\/media?parent=15268"}],"wp:term":[{"taxonomy":"pwb-brand","embeddable":true,"href":"https:\/\/www.mexicanguitarplayers.com\/en\/wp-json\/wp\/v2\/pwb-brand?post=15268"},{"taxonomy":"product_brand","embeddable":true,"href":"https:\/\/www.mexicanguitarplayers.com\/en\/wp-json\/wp\/v2\/product_brand?post=15268"},{"taxonomy":"product_cat","embeddable":true,"href":"https:\/\/www.mexicanguitarplayers.com\/en\/wp-json\/wp\/v2\/product_cat?post=15268"},{"taxonomy":"product_tag","embeddable":true,"href":"https:\/\/www.mexicanguitarplayers.com\/en\/wp-json\/wp\/v2\/product_tag?post=15268"}],"curies":[{"name":"wp","href":"https:\/\/api.w.org\/{rel}","templated":true}]}}