{"id":15273,"date":"2022-08-18T15:56:52","date_gmt":"2022-08-18T20:56:52","guid":{"rendered":"https:\/\/www.mexicanguitarplayers.com\/tienda\/sin%20categor\u00eda\/microfono-sennheiser-podium-meg14-40\/"},"modified":"2026-04-15T04:27:00","modified_gmt":"2026-04-15T10:27:00","slug":"microfono-sennheiser-podium-meg14-40","status":"publish","type":"product","link":"https:\/\/www.mexicanguitarplayers.com\/en\/tienda\/audio\/microfonia\/microfonos-alambricos\/de-escritorio\/microfono-sennheiser-podium-meg14-40\/","title":{"rendered":"SENNHEISER PODIUM MEG14-40 MICROPHONE"},"content":{"rendered":"<div style=\"text-align: justify\">\n<div>\n<h3>SENNHEISER PODIUM MEG14-40 MICROPHONE<\/h3>\n<\/div>\n<div>Gooseneck with KE-10 cardioid condenser microphone, RF shielding against intermodulation from wireless devices, streamlined design for seamless integration, impedance: &lt; 100 ohms, dimensions: 450 mm, frequency response: 50 Hz \u2013 20 kHz, weight: 147 g, Maximum SPL: 130 dB, Power Consumption: 3 mA.<\/div>\n<\/div>","protected":false},"excerpt":{"rendered":"<p>Cuello de cisne con micr\u00f3fono KE-10 cardioide de condensador, blindaje RF contraintermodulaci\u00f3n desde dispositivos inal\u00e1mbricos, dise\u00f1o aerodin\u00e1mico para una integraci\u00f3n perfecta, impedancia: &lt; 100 ohms, dimensiones: 450 mm, respuesta de frecuencia: 50 Hz &#8211; 20 kHz, peso: 147 g, SPL m\u00e1ximo: 130 dB, consumo de energ\u00eda:3 mA.&hellip; <a class=\"kt-excerpt-readmore more-link\" href=\"https:\/\/www.mexicanguitarplayers.com\/en\/tienda\/audio\/microfonia\/microfonos-alambricos\/de-escritorio\/microfono-sennheiser-podium-meg14-40\/\">Read more<\/a><\/p>","protected":false},"featured_media":15269,"comment_status":"open","ping_status":"closed","template":"","meta":{"kt_blocks_editor_width":""},"pwb-brand":[176],"product_brand":[],"product_cat":[213,217,214,215],"product_tag":[],"class_list":{"0":"post-15273","1":"product","2":"type-product","3":"status-publish","4":"has-post-thumbnail","6":"pwb-brand-sennheiser","7":"product_cat-audio","8":"product_cat-de-escritorio","9":"product_cat-microfonia","10":"product_cat-microfonos-alambricos","11":"product_shipping_class-0-5-kg","13":"first","14":"outofstock","15":"taxable","16":"shipping-taxable","17":"purchasable","18":"product-type-simple"},"yoast_head":"<!-- This site is optimized with the Yoast SEO plugin v27.5 - https:\/\/yoast.com\/product\/yoast-seo-wordpress\/ -->\n<title>MICROFONO SENNHEISER PODIUM MEG14-40 - Mexican Guitar Players<\/title>\n<meta name=\"description\" content=\"MICROFONO SENNHEISER PODIUM MEG14-40. Cuello de cisne con micr\u00f3fono KE-10 cardioide de condensador, blindaje RF contraintermodulaci\u00f3n desde dispositivos inal\u00e1mbricos, dise\u00f1o aerodin\u00e1mico para una integraci\u00f3n perfecta, impedancia: &lt; 100 ohms, dimensiones: 450 mm, respuesta de frecuencia: 50 Hz - 20 kHz, peso: 147 g, SPL m\u00e1ximo: 130 dB, consumo de energ\u00eda:3 mA.\" \/>\n<meta name=\"robots\" content=\"index, follow, max-snippet:-1, max-image-preview:large, max-video-preview:-1\" \/>\n<link rel=\"canonical\" href=\"https:\/\/www.mexicanguitarplayers.com\/en\/tienda\/audio\/microfonia\/microfonos-alambricos\/de-escritorio\/microfono-sennheiser-podium-meg14-40\/\" \/>\n<meta property=\"og:locale\" content=\"en_US\" \/>\n<meta property=\"og:type\" content=\"article\" \/>\n<meta property=\"og:title\" content=\"MICROFONO SENNHEISER PODIUM MEG14-40 - Mexican Guitar Players\" \/>\n<meta property=\"og:description\" content=\"MICROFONO SENNHEISER PODIUM MEG14-40. Cuello de cisne con micr\u00f3fono KE-10 cardioide de condensador, blindaje RF contraintermodulaci\u00f3n desde dispositivos inal\u00e1mbricos, dise\u00f1o aerodin\u00e1mico para una integraci\u00f3n perfecta, impedancia: &lt; 100 ohms, dimensiones: 450 mm, respuesta de frecuencia: 50 Hz - 20 kHz, peso: 147 g, SPL m\u00e1ximo: 130 dB, consumo de energ\u00eda:3 mA.\" \/>\n<meta property=\"og:url\" content=\"https:\/\/www.mexicanguitarplayers.com\/en\/tienda\/audio\/microfonia\/microfonos-alambricos\/de-escritorio\/microfono-sennheiser-podium-meg14-40\/\" \/>\n<meta property=\"og:site_name\" content=\"Mexican Guitar Players\" \/>\n<meta property=\"article:modified_time\" content=\"2026-04-15T10:27:00+00:00\" \/>\n<meta property=\"og:image\" content=\"https:\/\/www.mexicanguitarplayers.com\/wp-content\/uploads\/2022\/08\/IASENMEG1440.jpg\" \/>\n\t<meta property=\"og:image:width\" content=\"800\" \/>\n\t<meta property=\"og:image:height\" content=\"1600\" \/>\n\t<meta property=\"og:image:type\" content=\"image\/jpeg\" \/>\n<meta name=\"twitter:card\" content=\"summary_large_image\" \/>\n<script type=\"application\/ld+json\" class=\"yoast-schema-graph\">{\"@context\":\"https:\\\/\\\/schema.org\",\"@graph\":[{\"@type\":[\"WebPage\",\"ItemPage\"],\"@id\":\"https:\\\/\\\/www.mexicanguitarplayers.com\\\/tienda\\\/audio\\\/microfonia\\\/microfonos-alambricos\\\/de-escritorio\\\/microfono-sennheiser-podium-meg14-40\\\/\",\"url\":\"https:\\\/\\\/www.mexicanguitarplayers.com\\\/tienda\\\/audio\\\/microfonia\\\/microfonos-alambricos\\\/de-escritorio\\\/microfono-sennheiser-podium-meg14-40\\\/\",\"name\":\"MICROFONO SENNHEISER PODIUM MEG14-40 - Mexican Guitar Players\",\"isPartOf\":{\"@id\":\"https:\\\/\\\/www.mexicanguitarplayers.com\\\/#website\"},\"primaryImageOfPage\":{\"@id\":\"https:\\\/\\\/www.mexicanguitarplayers.com\\\/tienda\\\/audio\\\/microfonia\\\/microfonos-alambricos\\\/de-escritorio\\\/microfono-sennheiser-podium-meg14-40\\\/#primaryimage\"},\"image\":{\"@id\":\"https:\\\/\\\/www.mexicanguitarplayers.com\\\/tienda\\\/audio\\\/microfonia\\\/microfonos-alambricos\\\/de-escritorio\\\/microfono-sennheiser-podium-meg14-40\\\/#primaryimage\"},\"thumbnailUrl\":\"https:\\\/\\\/www.mexicanguitarplayers.com\\\/wp-content\\\/uploads\\\/2022\\\/08\\\/IASENMEG1440.jpg\",\"datePublished\":\"2022-08-18T20:56:52+00:00\",\"dateModified\":\"2026-04-15T10:27:00+00:00\",\"description\":\"MICROFONO SENNHEISER PODIUM MEG14-40. Cuello de cisne con micr\u00f3fono KE-10 cardioide de condensador, blindaje RF contraintermodulaci\u00f3n desde dispositivos inal\u00e1mbricos, dise\u00f1o aerodin\u00e1mico para una integraci\u00f3n perfecta, impedancia: &lt; 100 ohms, dimensiones: 450 mm, respuesta de frecuencia: 50 Hz - 20 kHz, peso: 147 g, SPL m\u00e1ximo: 130 dB, consumo de energ\u00eda:3 mA.\",\"breadcrumb\":{\"@id\":\"https:\\\/\\\/www.mexicanguitarplayers.com\\\/tienda\\\/audio\\\/microfonia\\\/microfonos-alambricos\\\/de-escritorio\\\/microfono-sennheiser-podium-meg14-40\\\/#breadcrumb\"},\"inLanguage\":\"en-US\",\"potentialAction\":[{\"@type\":\"ReadAction\",\"target\":[\"https:\\\/\\\/www.mexicanguitarplayers.com\\\/tienda\\\/audio\\\/microfonia\\\/microfonos-alambricos\\\/de-escritorio\\\/microfono-sennheiser-podium-meg14-40\\\/\"]}]},{\"@type\":\"ImageObject\",\"inLanguage\":\"en-US\",\"@id\":\"https:\\\/\\\/www.mexicanguitarplayers.com\\\/tienda\\\/audio\\\/microfonia\\\/microfonos-alambricos\\\/de-escritorio\\\/microfono-sennheiser-podium-meg14-40\\\/#primaryimage\",\"url\":\"https:\\\/\\\/www.mexicanguitarplayers.com\\\/wp-content\\\/uploads\\\/2022\\\/08\\\/IASENMEG1440.jpg\",\"contentUrl\":\"https:\\\/\\\/www.mexicanguitarplayers.com\\\/wp-content\\\/uploads\\\/2022\\\/08\\\/IASENMEG1440.jpg\",\"width\":800,\"height\":1600},{\"@type\":\"BreadcrumbList\",\"@id\":\"https:\\\/\\\/www.mexicanguitarplayers.com\\\/tienda\\\/audio\\\/microfonia\\\/microfonos-alambricos\\\/de-escritorio\\\/microfono-sennheiser-podium-meg14-40\\\/#breadcrumb\",\"itemListElement\":[{\"@type\":\"ListItem\",\"position\":1,\"name\":\"Portada\",\"item\":\"https:\\\/\\\/www.mexicanguitarplayers.com\\\/\"},{\"@type\":\"ListItem\",\"position\":2,\"name\":\"Tienda\",\"item\":\"https:\\\/\\\/www.mexicanguitarplayers.com\\\/tienda\\\/\"},{\"@type\":\"ListItem\",\"position\":3,\"name\":\"MICROFONO SENNHEISER PODIUM MEG14-40\"}]},{\"@type\":\"WebSite\",\"@id\":\"https:\\\/\\\/www.mexicanguitarplayers.com\\\/#website\",\"url\":\"https:\\\/\\\/www.mexicanguitarplayers.com\\\/\",\"name\":\"Mexican Guitar Players\",\"description\":\"Website\",\"publisher\":{\"@id\":\"https:\\\/\\\/www.mexicanguitarplayers.com\\\/#organization\"},\"potentialAction\":[{\"@type\":\"SearchAction\",\"target\":{\"@type\":\"EntryPoint\",\"urlTemplate\":\"https:\\\/\\\/www.mexicanguitarplayers.com\\\/?s={search_term_string}\"},\"query-input\":{\"@type\":\"PropertyValueSpecification\",\"valueRequired\":true,\"valueName\":\"search_term_string\"}}],\"inLanguage\":\"en-US\"},{\"@type\":\"Organization\",\"@id\":\"https:\\\/\\\/www.mexicanguitarplayers.com\\\/#organization\",\"name\":\"Mexican Guitar Players\",\"url\":\"https:\\\/\\\/www.mexicanguitarplayers.com\\\/\",\"logo\":{\"@type\":\"ImageObject\",\"inLanguage\":\"en-US\",\"@id\":\"https:\\\/\\\/www.mexicanguitarplayers.com\\\/#\\\/schema\\\/logo\\\/image\\\/\",\"url\":\"\",\"contentUrl\":\"\",\"caption\":\"Mexican Guitar Players\"},\"image\":{\"@id\":\"https:\\\/\\\/www.mexicanguitarplayers.com\\\/#\\\/schema\\\/logo\\\/image\\\/\"}}]}<\/script>\n<!-- \/ Yoast SEO plugin. -->","yoast_head_json":{"title":"MICROFONO SENNHEISER PODIUM MEG14-40 - Mexican Guitar Players","description":"MICROFONO SENNHEISER PODIUM MEG14-40. Cuello de cisne con micr\u00f3fono KE-10 cardioide de condensador, blindaje RF contraintermodulaci\u00f3n desde dispositivos inal\u00e1mbricos, dise\u00f1o aerodin\u00e1mico para una integraci\u00f3n perfecta, impedancia: &lt; 100 ohms, dimensiones: 450 mm, respuesta de frecuencia: 50 Hz - 20 kHz, peso: 147 g, SPL m\u00e1ximo: 130 dB, consumo de energ\u00eda:3 mA.","robots":{"index":"index","follow":"follow","max-snippet":"max-snippet:-1","max-image-preview":"max-image-preview:large","max-video-preview":"max-video-preview:-1"},"canonical":"https:\/\/www.mexicanguitarplayers.com\/en\/tienda\/audio\/microfonia\/microfonos-alambricos\/de-escritorio\/microfono-sennheiser-podium-meg14-40\/","og_locale":"en_US","og_type":"article","og_title":"MICROFONO SENNHEISER PODIUM MEG14-40 - Mexican Guitar Players","og_description":"MICROFONO SENNHEISER PODIUM MEG14-40. Cuello de cisne con micr\u00f3fono KE-10 cardioide de condensador, blindaje RF contraintermodulaci\u00f3n desde dispositivos inal\u00e1mbricos, dise\u00f1o aerodin\u00e1mico para una integraci\u00f3n perfecta, impedancia: &lt; 100 ohms, dimensiones: 450 mm, respuesta de frecuencia: 50 Hz - 20 kHz, peso: 147 g, SPL m\u00e1ximo: 130 dB, consumo de energ\u00eda:3 mA.","og_url":"https:\/\/www.mexicanguitarplayers.com\/en\/tienda\/audio\/microfonia\/microfonos-alambricos\/de-escritorio\/microfono-sennheiser-podium-meg14-40\/","og_site_name":"Mexican Guitar Players","article_modified_time":"2026-04-15T10:27:00+00:00","og_image":[{"width":800,"height":1600,"url":"https:\/\/www.mexicanguitarplayers.com\/wp-content\/uploads\/2022\/08\/IASENMEG1440.jpg","type":"image\/jpeg"}],"twitter_card":"summary_large_image","schema":{"@context":"https:\/\/schema.org","@graph":[{"@type":["WebPage","ItemPage"],"@id":"https:\/\/www.mexicanguitarplayers.com\/tienda\/audio\/microfonia\/microfonos-alambricos\/de-escritorio\/microfono-sennheiser-podium-meg14-40\/","url":"https:\/\/www.mexicanguitarplayers.com\/tienda\/audio\/microfonia\/microfonos-alambricos\/de-escritorio\/microfono-sennheiser-podium-meg14-40\/","name":"MICROFONO SENNHEISER PODIUM MEG14-40 - Mexican Guitar Players","isPartOf":{"@id":"https:\/\/www.mexicanguitarplayers.com\/#website"},"primaryImageOfPage":{"@id":"https:\/\/www.mexicanguitarplayers.com\/tienda\/audio\/microfonia\/microfonos-alambricos\/de-escritorio\/microfono-sennheiser-podium-meg14-40\/#primaryimage"},"image":{"@id":"https:\/\/www.mexicanguitarplayers.com\/tienda\/audio\/microfonia\/microfonos-alambricos\/de-escritorio\/microfono-sennheiser-podium-meg14-40\/#primaryimage"},"thumbnailUrl":"https:\/\/www.mexicanguitarplayers.com\/wp-content\/uploads\/2022\/08\/IASENMEG1440.jpg","datePublished":"2022-08-18T20:56:52+00:00","dateModified":"2026-04-15T10:27:00+00:00","description":"MICROFONO SENNHEISER PODIUM MEG14-40. Cuello de cisne con micr\u00f3fono KE-10 cardioide de condensador, blindaje RF contraintermodulaci\u00f3n desde dispositivos inal\u00e1mbricos, dise\u00f1o aerodin\u00e1mico para una integraci\u00f3n perfecta, impedancia: &lt; 100 ohms, dimensiones: 450 mm, respuesta de frecuencia: 50 Hz - 20 kHz, peso: 147 g, SPL m\u00e1ximo: 130 dB, consumo de energ\u00eda:3 mA.","breadcrumb":{"@id":"https:\/\/www.mexicanguitarplayers.com\/tienda\/audio\/microfonia\/microfonos-alambricos\/de-escritorio\/microfono-sennheiser-podium-meg14-40\/#breadcrumb"},"inLanguage":"en-US","potentialAction":[{"@type":"ReadAction","target":["https:\/\/www.mexicanguitarplayers.com\/tienda\/audio\/microfonia\/microfonos-alambricos\/de-escritorio\/microfono-sennheiser-podium-meg14-40\/"]}]},{"@type":"ImageObject","inLanguage":"en-US","@id":"https:\/\/www.mexicanguitarplayers.com\/tienda\/audio\/microfonia\/microfonos-alambricos\/de-escritorio\/microfono-sennheiser-podium-meg14-40\/#primaryimage","url":"https:\/\/www.mexicanguitarplayers.com\/wp-content\/uploads\/2022\/08\/IASENMEG1440.jpg","contentUrl":"https:\/\/www.mexicanguitarplayers.com\/wp-content\/uploads\/2022\/08\/IASENMEG1440.jpg","width":800,"height":1600},{"@type":"BreadcrumbList","@id":"https:\/\/www.mexicanguitarplayers.com\/tienda\/audio\/microfonia\/microfonos-alambricos\/de-escritorio\/microfono-sennheiser-podium-meg14-40\/#breadcrumb","itemListElement":[{"@type":"ListItem","position":1,"name":"Portada","item":"https:\/\/www.mexicanguitarplayers.com\/"},{"@type":"ListItem","position":2,"name":"Tienda","item":"https:\/\/www.mexicanguitarplayers.com\/tienda\/"},{"@type":"ListItem","position":3,"name":"MICROFONO SENNHEISER PODIUM MEG14-40"}]},{"@type":"WebSite","@id":"https:\/\/www.mexicanguitarplayers.com\/#website","url":"https:\/\/www.mexicanguitarplayers.com\/","name":"Mexican Guitar Players","description":"Website","publisher":{"@id":"https:\/\/www.mexicanguitarplayers.com\/#organization"},"potentialAction":[{"@type":"SearchAction","target":{"@type":"EntryPoint","urlTemplate":"https:\/\/www.mexicanguitarplayers.com\/?s={search_term_string}"},"query-input":{"@type":"PropertyValueSpecification","valueRequired":true,"valueName":"search_term_string"}}],"inLanguage":"en-US"},{"@type":"Organization","@id":"https:\/\/www.mexicanguitarplayers.com\/#organization","name":"Mexican Guitar Players","url":"https:\/\/www.mexicanguitarplayers.com\/","logo":{"@type":"ImageObject","inLanguage":"en-US","@id":"https:\/\/www.mexicanguitarplayers.com\/#\/schema\/logo\/image\/","url":"","contentUrl":"","caption":"Mexican Guitar Players"},"image":{"@id":"https:\/\/www.mexicanguitarplayers.com\/#\/schema\/logo\/image\/"}}]}},"brands":[{"id":176,"name":"SENNHEISER","slug":"sennheiser"}],"_links":{"self":[{"href":"https:\/\/www.mexicanguitarplayers.com\/en\/wp-json\/wp\/v2\/product\/15273","targetHints":{"allow":["GET"]}}],"collection":[{"href":"https:\/\/www.mexicanguitarplayers.com\/en\/wp-json\/wp\/v2\/product"}],"about":[{"href":"https:\/\/www.mexicanguitarplayers.com\/en\/wp-json\/wp\/v2\/types\/product"}],"replies":[{"embeddable":true,"href":"https:\/\/www.mexicanguitarplayers.com\/en\/wp-json\/wp\/v2\/comments?post=15273"}],"wp:featuredmedia":[{"embeddable":true,"href":"https:\/\/www.mexicanguitarplayers.com\/en\/wp-json\/wp\/v2\/media\/15269"}],"wp:attachment":[{"href":"https:\/\/www.mexicanguitarplayers.com\/en\/wp-json\/wp\/v2\/media?parent=15273"}],"wp:term":[{"taxonomy":"pwb-brand","embeddable":true,"href":"https:\/\/www.mexicanguitarplayers.com\/en\/wp-json\/wp\/v2\/pwb-brand?post=15273"},{"taxonomy":"product_brand","embeddable":true,"href":"https:\/\/www.mexicanguitarplayers.com\/en\/wp-json\/wp\/v2\/product_brand?post=15273"},{"taxonomy":"product_cat","embeddable":true,"href":"https:\/\/www.mexicanguitarplayers.com\/en\/wp-json\/wp\/v2\/product_cat?post=15273"},{"taxonomy":"product_tag","embeddable":true,"href":"https:\/\/www.mexicanguitarplayers.com\/en\/wp-json\/wp\/v2\/product_tag?post=15273"}],"curies":[{"name":"wp","href":"https:\/\/api.w.org\/{rel}","templated":true}]}}