{"id":15282,"date":"2022-08-18T15:57:06","date_gmt":"2022-08-18T20:57:06","guid":{"rendered":"https:\/\/www.mexicanguitarplayers.com\/tienda\/sin%20categor\u00eda\/microfono-sennheiser-p-video-cam-mke600\/"},"modified":"2026-04-15T04:26:58","modified_gmt":"2026-04-15T10:26:58","slug":"microfono-sennheiser-p-video-cam-mke600","status":"publish","type":"product","link":"https:\/\/www.mexicanguitarplayers.com\/en\/tienda\/audio\/microfonia\/microfonos-alambricos\/de-mano\/microfono-sennheiser-p-video-cam-mke600\/","title":{"rendered":"SENNHEISER MICROPHONE P\/VIDEO CAM. MKE600"},"content":{"rendered":"<div style=\"text-align: justify\">\n<div>\n<h3>SENNHEISER MICROPHONE P\/VIDEO CAM. MKE600<\/h3>\n<\/div>\n<div>Video camera microphone, super cardioid \/ lobar polar pattern, pronounced directivity, maximum side and rear noise rejection, switchable \u201dLow Cut\u201d filter to minimize wind noise, phantom or battery power, battery switch with battery indicator low battery, metal case, very good structural noise suppression, diameter: 20 mm, length: 256 mm, frequency response: 40 Hz \u2013 20 kHz, maximum SPL: phantom powered: 132 dB and battery powered: 126 dB, weight: 128 g (without batteries). Approximate operating time: 150 hours, includes anti-wind foam and shock-mount.<\/div>\n<\/div>","protected":false},"excerpt":{"rendered":"<p>Micr\u00f3fono para c\u00e1mara de video, patr\u00f3n polar s\u00faper cardioide \/ lobar, directividad pronunciada, rechazo m\u00e1ximo de ruido lateral y posterior, filtro conmutable \u201dLow Cut\u201d para minimizar el ruido del viento, alimentaci\u00f3n phantom o por medio depilas, interruptor de bater\u00eda con indicador de bater\u00eda baja, carcasa met\u00e1lica,muy buena supresi\u00f3n del ruido estructural, di\u00e1metro: 20 mm, longitud: 256 mm, respuesta de frecuencia: 40 Hz &#8211; 20 kHz, SPL m\u00e1ximo: alimentado por phantom: 132 dB y alimentado por pilas: 126 dB, peso: 128 g (sin pilas). tiempo aproximado deoperaci\u00f3n: 150 horas, incluye espuma anti viento y shock-mount.&hellip; <a class=\"kt-excerpt-readmore more-link\" href=\"https:\/\/www.mexicanguitarplayers.com\/en\/tienda\/audio\/microfonia\/microfonos-alambricos\/de-mano\/microfono-sennheiser-p-video-cam-mke600\/\">Read more<\/a><\/p>","protected":false},"featured_media":15281,"comment_status":"open","ping_status":"closed","template":"","meta":{"kt_blocks_editor_width":""},"pwb-brand":[176],"product_brand":[],"product_cat":[213,218,214,215],"product_tag":[],"class_list":{"0":"post-15282","1":"product","2":"type-product","3":"status-publish","4":"has-post-thumbnail","6":"pwb-brand-sennheiser","7":"product_cat-audio","8":"product_cat-de-mano","9":"product_cat-microfonia","10":"product_cat-microfonos-alambricos","11":"product_shipping_class-0-5-kg","13":"first","14":"outofstock","15":"taxable","16":"shipping-taxable","17":"purchasable","18":"product-type-simple"},"yoast_head":"<!-- This site is optimized with the Yoast SEO plugin v27.5 - https:\/\/yoast.com\/product\/yoast-seo-wordpress\/ -->\n<title>MICROFONO SENNHEISER P\/VIDEO CAM. MKE600 - Mexican Guitar Players<\/title>\n<meta name=\"description\" content=\"MICROFONO SENNHEISER P\/VIDEO CAM. MKE600. Micr\u00f3fono para c\u00e1mara de video, patr\u00f3n polar s\u00faper cardioide \/ lobar, directividad pronunciada, rechazo m\u00e1ximo de ruido lateral y posterior, filtro conmutable \u201dLow Cut\u201d para minimizar el ruido del viento, alimentaci\u00f3n phantom o por medio depilas, interruptor de bater\u00eda con indicador de bater\u00eda baja, carcasa met\u00e1lica,muy buena supresi\u00f3n del ruido estructural, di\u00e1metro: 20 mm, longitud: 256 mm, respuesta de frecuencia: 40 Hz - 20 kHz, SPL m\u00e1ximo: alimentado por phantom: 132 dB y alimentado por pilas: 126 dB, peso: 128 g (sin pilas). tiempo aproximado deoperaci\u00f3n: 150 horas, incluye espuma anti viento y shock-mount.\" \/>\n<meta name=\"robots\" content=\"index, follow, max-snippet:-1, max-image-preview:large, max-video-preview:-1\" \/>\n<link rel=\"canonical\" href=\"https:\/\/www.mexicanguitarplayers.com\/en\/tienda\/audio\/microfonia\/microfonos-alambricos\/de-mano\/microfono-sennheiser-p-video-cam-mke600\/\" \/>\n<meta property=\"og:locale\" content=\"en_US\" \/>\n<meta property=\"og:type\" content=\"article\" \/>\n<meta property=\"og:title\" content=\"MICROFONO SENNHEISER P\/VIDEO CAM. MKE600 - Mexican Guitar Players\" \/>\n<meta property=\"og:description\" content=\"MICROFONO SENNHEISER P\/VIDEO CAM. MKE600. Micr\u00f3fono para c\u00e1mara de video, patr\u00f3n polar s\u00faper cardioide \/ lobar, directividad pronunciada, rechazo m\u00e1ximo de ruido lateral y posterior, filtro conmutable \u201dLow Cut\u201d para minimizar el ruido del viento, alimentaci\u00f3n phantom o por medio depilas, interruptor de bater\u00eda con indicador de bater\u00eda baja, carcasa met\u00e1lica,muy buena supresi\u00f3n del ruido estructural, di\u00e1metro: 20 mm, longitud: 256 mm, respuesta de frecuencia: 40 Hz - 20 kHz, SPL m\u00e1ximo: alimentado por phantom: 132 dB y alimentado por pilas: 126 dB, peso: 128 g (sin pilas). tiempo aproximado deoperaci\u00f3n: 150 horas, incluye espuma anti viento y shock-mount.\" \/>\n<meta property=\"og:url\" content=\"https:\/\/www.mexicanguitarplayers.com\/en\/tienda\/audio\/microfonia\/microfonos-alambricos\/de-mano\/microfono-sennheiser-p-video-cam-mke600\/\" \/>\n<meta property=\"og:site_name\" content=\"Mexican Guitar Players\" \/>\n<meta property=\"article:modified_time\" content=\"2026-04-15T10:26:58+00:00\" \/>\n<meta property=\"og:image\" content=\"https:\/\/www.mexicanguitarplayers.com\/wp-content\/uploads\/2022\/08\/IASENMKE600.jpg\" \/>\n\t<meta property=\"og:image:width\" content=\"1600\" \/>\n\t<meta property=\"og:image:height\" content=\"800\" \/>\n\t<meta property=\"og:image:type\" content=\"image\/jpeg\" \/>\n<meta name=\"twitter:card\" content=\"summary_large_image\" \/>\n<meta name=\"twitter:label1\" content=\"Est. reading time\" \/>\n\t<meta name=\"twitter:data1\" content=\"1 minute\" \/>\n<script type=\"application\/ld+json\" class=\"yoast-schema-graph\">{\"@context\":\"https:\\\/\\\/schema.org\",\"@graph\":[{\"@type\":[\"WebPage\",\"ItemPage\"],\"@id\":\"https:\\\/\\\/www.mexicanguitarplayers.com\\\/tienda\\\/audio\\\/microfonia\\\/microfonos-alambricos\\\/de-mano\\\/microfono-sennheiser-p-video-cam-mke600\\\/\",\"url\":\"https:\\\/\\\/www.mexicanguitarplayers.com\\\/tienda\\\/audio\\\/microfonia\\\/microfonos-alambricos\\\/de-mano\\\/microfono-sennheiser-p-video-cam-mke600\\\/\",\"name\":\"MICROFONO SENNHEISER P\\\/VIDEO CAM. MKE600 - Mexican Guitar Players\",\"isPartOf\":{\"@id\":\"https:\\\/\\\/www.mexicanguitarplayers.com\\\/#website\"},\"primaryImageOfPage\":{\"@id\":\"https:\\\/\\\/www.mexicanguitarplayers.com\\\/tienda\\\/audio\\\/microfonia\\\/microfonos-alambricos\\\/de-mano\\\/microfono-sennheiser-p-video-cam-mke600\\\/#primaryimage\"},\"image\":{\"@id\":\"https:\\\/\\\/www.mexicanguitarplayers.com\\\/tienda\\\/audio\\\/microfonia\\\/microfonos-alambricos\\\/de-mano\\\/microfono-sennheiser-p-video-cam-mke600\\\/#primaryimage\"},\"thumbnailUrl\":\"https:\\\/\\\/www.mexicanguitarplayers.com\\\/wp-content\\\/uploads\\\/2022\\\/08\\\/IASENMKE600.jpg\",\"datePublished\":\"2022-08-18T20:57:06+00:00\",\"dateModified\":\"2026-04-15T10:26:58+00:00\",\"description\":\"MICROFONO SENNHEISER P\\\/VIDEO CAM. MKE600. Micr\u00f3fono para c\u00e1mara de video, patr\u00f3n polar s\u00faper cardioide \\\/ lobar, directividad pronunciada, rechazo m\u00e1ximo de ruido lateral y posterior, filtro conmutable \u201dLow Cut\u201d para minimizar el ruido del viento, alimentaci\u00f3n phantom o por medio depilas, interruptor de bater\u00eda con indicador de bater\u00eda baja, carcasa met\u00e1lica,muy buena supresi\u00f3n del ruido estructural, di\u00e1metro: 20 mm, longitud: 256 mm, respuesta de frecuencia: 40 Hz - 20 kHz, SPL m\u00e1ximo: alimentado por phantom: 132 dB y alimentado por pilas: 126 dB, peso: 128 g (sin pilas). tiempo aproximado deoperaci\u00f3n: 150 horas, incluye espuma anti viento y shock-mount.\",\"breadcrumb\":{\"@id\":\"https:\\\/\\\/www.mexicanguitarplayers.com\\\/tienda\\\/audio\\\/microfonia\\\/microfonos-alambricos\\\/de-mano\\\/microfono-sennheiser-p-video-cam-mke600\\\/#breadcrumb\"},\"inLanguage\":\"en-US\",\"potentialAction\":[{\"@type\":\"ReadAction\",\"target\":[\"https:\\\/\\\/www.mexicanguitarplayers.com\\\/tienda\\\/audio\\\/microfonia\\\/microfonos-alambricos\\\/de-mano\\\/microfono-sennheiser-p-video-cam-mke600\\\/\"]}]},{\"@type\":\"ImageObject\",\"inLanguage\":\"en-US\",\"@id\":\"https:\\\/\\\/www.mexicanguitarplayers.com\\\/tienda\\\/audio\\\/microfonia\\\/microfonos-alambricos\\\/de-mano\\\/microfono-sennheiser-p-video-cam-mke600\\\/#primaryimage\",\"url\":\"https:\\\/\\\/www.mexicanguitarplayers.com\\\/wp-content\\\/uploads\\\/2022\\\/08\\\/IASENMKE600.jpg\",\"contentUrl\":\"https:\\\/\\\/www.mexicanguitarplayers.com\\\/wp-content\\\/uploads\\\/2022\\\/08\\\/IASENMKE600.jpg\",\"width\":1600,\"height\":800},{\"@type\":\"BreadcrumbList\",\"@id\":\"https:\\\/\\\/www.mexicanguitarplayers.com\\\/tienda\\\/audio\\\/microfonia\\\/microfonos-alambricos\\\/de-mano\\\/microfono-sennheiser-p-video-cam-mke600\\\/#breadcrumb\",\"itemListElement\":[{\"@type\":\"ListItem\",\"position\":1,\"name\":\"Portada\",\"item\":\"https:\\\/\\\/www.mexicanguitarplayers.com\\\/\"},{\"@type\":\"ListItem\",\"position\":2,\"name\":\"Tienda\",\"item\":\"https:\\\/\\\/www.mexicanguitarplayers.com\\\/tienda\\\/\"},{\"@type\":\"ListItem\",\"position\":3,\"name\":\"MICROFONO SENNHEISER P\\\/VIDEO CAM. MKE600\"}]},{\"@type\":\"WebSite\",\"@id\":\"https:\\\/\\\/www.mexicanguitarplayers.com\\\/#website\",\"url\":\"https:\\\/\\\/www.mexicanguitarplayers.com\\\/\",\"name\":\"Mexican Guitar Players\",\"description\":\"Website\",\"publisher\":{\"@id\":\"https:\\\/\\\/www.mexicanguitarplayers.com\\\/#organization\"},\"potentialAction\":[{\"@type\":\"SearchAction\",\"target\":{\"@type\":\"EntryPoint\",\"urlTemplate\":\"https:\\\/\\\/www.mexicanguitarplayers.com\\\/?s={search_term_string}\"},\"query-input\":{\"@type\":\"PropertyValueSpecification\",\"valueRequired\":true,\"valueName\":\"search_term_string\"}}],\"inLanguage\":\"en-US\"},{\"@type\":\"Organization\",\"@id\":\"https:\\\/\\\/www.mexicanguitarplayers.com\\\/#organization\",\"name\":\"Mexican Guitar Players\",\"url\":\"https:\\\/\\\/www.mexicanguitarplayers.com\\\/\",\"logo\":{\"@type\":\"ImageObject\",\"inLanguage\":\"en-US\",\"@id\":\"https:\\\/\\\/www.mexicanguitarplayers.com\\\/#\\\/schema\\\/logo\\\/image\\\/\",\"url\":\"\",\"contentUrl\":\"\",\"caption\":\"Mexican Guitar Players\"},\"image\":{\"@id\":\"https:\\\/\\\/www.mexicanguitarplayers.com\\\/#\\\/schema\\\/logo\\\/image\\\/\"}}]}<\/script>\n<!-- \/ Yoast SEO plugin. -->","yoast_head_json":{"title":"MICROFONO SENNHEISER P\/VIDEO CAM. MKE600 - Mexican Guitar Players","description":"MICROFONO SENNHEISER P\/VIDEO CAM. MKE600. Micr\u00f3fono para c\u00e1mara de video, patr\u00f3n polar s\u00faper cardioide \/ lobar, directividad pronunciada, rechazo m\u00e1ximo de ruido lateral y posterior, filtro conmutable \u201dLow Cut\u201d para minimizar el ruido del viento, alimentaci\u00f3n phantom o por medio depilas, interruptor de bater\u00eda con indicador de bater\u00eda baja, carcasa met\u00e1lica,muy buena supresi\u00f3n del ruido estructural, di\u00e1metro: 20 mm, longitud: 256 mm, respuesta de frecuencia: 40 Hz - 20 kHz, SPL m\u00e1ximo: alimentado por phantom: 132 dB y alimentado por pilas: 126 dB, peso: 128 g (sin pilas). tiempo aproximado deoperaci\u00f3n: 150 horas, incluye espuma anti viento y shock-mount.","robots":{"index":"index","follow":"follow","max-snippet":"max-snippet:-1","max-image-preview":"max-image-preview:large","max-video-preview":"max-video-preview:-1"},"canonical":"https:\/\/www.mexicanguitarplayers.com\/en\/tienda\/audio\/microfonia\/microfonos-alambricos\/de-mano\/microfono-sennheiser-p-video-cam-mke600\/","og_locale":"en_US","og_type":"article","og_title":"MICROFONO SENNHEISER P\/VIDEO CAM. MKE600 - Mexican Guitar Players","og_description":"MICROFONO SENNHEISER P\/VIDEO CAM. MKE600. Micr\u00f3fono para c\u00e1mara de video, patr\u00f3n polar s\u00faper cardioide \/ lobar, directividad pronunciada, rechazo m\u00e1ximo de ruido lateral y posterior, filtro conmutable \u201dLow Cut\u201d para minimizar el ruido del viento, alimentaci\u00f3n phantom o por medio depilas, interruptor de bater\u00eda con indicador de bater\u00eda baja, carcasa met\u00e1lica,muy buena supresi\u00f3n del ruido estructural, di\u00e1metro: 20 mm, longitud: 256 mm, respuesta de frecuencia: 40 Hz - 20 kHz, SPL m\u00e1ximo: alimentado por phantom: 132 dB y alimentado por pilas: 126 dB, peso: 128 g (sin pilas). tiempo aproximado deoperaci\u00f3n: 150 horas, incluye espuma anti viento y shock-mount.","og_url":"https:\/\/www.mexicanguitarplayers.com\/en\/tienda\/audio\/microfonia\/microfonos-alambricos\/de-mano\/microfono-sennheiser-p-video-cam-mke600\/","og_site_name":"Mexican Guitar Players","article_modified_time":"2026-04-15T10:26:58+00:00","og_image":[{"width":1600,"height":800,"url":"https:\/\/www.mexicanguitarplayers.com\/wp-content\/uploads\/2022\/08\/IASENMKE600.jpg","type":"image\/jpeg"}],"twitter_card":"summary_large_image","twitter_misc":{"Est. reading time":"1 minute"},"schema":{"@context":"https:\/\/schema.org","@graph":[{"@type":["WebPage","ItemPage"],"@id":"https:\/\/www.mexicanguitarplayers.com\/tienda\/audio\/microfonia\/microfonos-alambricos\/de-mano\/microfono-sennheiser-p-video-cam-mke600\/","url":"https:\/\/www.mexicanguitarplayers.com\/tienda\/audio\/microfonia\/microfonos-alambricos\/de-mano\/microfono-sennheiser-p-video-cam-mke600\/","name":"MICROFONO SENNHEISER P\/VIDEO CAM. MKE600 - Mexican Guitar Players","isPartOf":{"@id":"https:\/\/www.mexicanguitarplayers.com\/#website"},"primaryImageOfPage":{"@id":"https:\/\/www.mexicanguitarplayers.com\/tienda\/audio\/microfonia\/microfonos-alambricos\/de-mano\/microfono-sennheiser-p-video-cam-mke600\/#primaryimage"},"image":{"@id":"https:\/\/www.mexicanguitarplayers.com\/tienda\/audio\/microfonia\/microfonos-alambricos\/de-mano\/microfono-sennheiser-p-video-cam-mke600\/#primaryimage"},"thumbnailUrl":"https:\/\/www.mexicanguitarplayers.com\/wp-content\/uploads\/2022\/08\/IASENMKE600.jpg","datePublished":"2022-08-18T20:57:06+00:00","dateModified":"2026-04-15T10:26:58+00:00","description":"MICROFONO SENNHEISER P\/VIDEO CAM. MKE600. Micr\u00f3fono para c\u00e1mara de video, patr\u00f3n polar s\u00faper cardioide \/ lobar, directividad pronunciada, rechazo m\u00e1ximo de ruido lateral y posterior, filtro conmutable \u201dLow Cut\u201d para minimizar el ruido del viento, alimentaci\u00f3n phantom o por medio depilas, interruptor de bater\u00eda con indicador de bater\u00eda baja, carcasa met\u00e1lica,muy buena supresi\u00f3n del ruido estructural, di\u00e1metro: 20 mm, longitud: 256 mm, respuesta de frecuencia: 40 Hz - 20 kHz, SPL m\u00e1ximo: alimentado por phantom: 132 dB y alimentado por pilas: 126 dB, peso: 128 g (sin pilas). tiempo aproximado deoperaci\u00f3n: 150 horas, incluye espuma anti viento y shock-mount.","breadcrumb":{"@id":"https:\/\/www.mexicanguitarplayers.com\/tienda\/audio\/microfonia\/microfonos-alambricos\/de-mano\/microfono-sennheiser-p-video-cam-mke600\/#breadcrumb"},"inLanguage":"en-US","potentialAction":[{"@type":"ReadAction","target":["https:\/\/www.mexicanguitarplayers.com\/tienda\/audio\/microfonia\/microfonos-alambricos\/de-mano\/microfono-sennheiser-p-video-cam-mke600\/"]}]},{"@type":"ImageObject","inLanguage":"en-US","@id":"https:\/\/www.mexicanguitarplayers.com\/tienda\/audio\/microfonia\/microfonos-alambricos\/de-mano\/microfono-sennheiser-p-video-cam-mke600\/#primaryimage","url":"https:\/\/www.mexicanguitarplayers.com\/wp-content\/uploads\/2022\/08\/IASENMKE600.jpg","contentUrl":"https:\/\/www.mexicanguitarplayers.com\/wp-content\/uploads\/2022\/08\/IASENMKE600.jpg","width":1600,"height":800},{"@type":"BreadcrumbList","@id":"https:\/\/www.mexicanguitarplayers.com\/tienda\/audio\/microfonia\/microfonos-alambricos\/de-mano\/microfono-sennheiser-p-video-cam-mke600\/#breadcrumb","itemListElement":[{"@type":"ListItem","position":1,"name":"Portada","item":"https:\/\/www.mexicanguitarplayers.com\/"},{"@type":"ListItem","position":2,"name":"Tienda","item":"https:\/\/www.mexicanguitarplayers.com\/tienda\/"},{"@type":"ListItem","position":3,"name":"MICROFONO SENNHEISER P\/VIDEO CAM. MKE600"}]},{"@type":"WebSite","@id":"https:\/\/www.mexicanguitarplayers.com\/#website","url":"https:\/\/www.mexicanguitarplayers.com\/","name":"Mexican Guitar Players","description":"Website","publisher":{"@id":"https:\/\/www.mexicanguitarplayers.com\/#organization"},"potentialAction":[{"@type":"SearchAction","target":{"@type":"EntryPoint","urlTemplate":"https:\/\/www.mexicanguitarplayers.com\/?s={search_term_string}"},"query-input":{"@type":"PropertyValueSpecification","valueRequired":true,"valueName":"search_term_string"}}],"inLanguage":"en-US"},{"@type":"Organization","@id":"https:\/\/www.mexicanguitarplayers.com\/#organization","name":"Mexican Guitar Players","url":"https:\/\/www.mexicanguitarplayers.com\/","logo":{"@type":"ImageObject","inLanguage":"en-US","@id":"https:\/\/www.mexicanguitarplayers.com\/#\/schema\/logo\/image\/","url":"","contentUrl":"","caption":"Mexican Guitar Players"},"image":{"@id":"https:\/\/www.mexicanguitarplayers.com\/#\/schema\/logo\/image\/"}}]}},"brands":[{"id":176,"name":"SENNHEISER","slug":"sennheiser"}],"_links":{"self":[{"href":"https:\/\/www.mexicanguitarplayers.com\/en\/wp-json\/wp\/v2\/product\/15282","targetHints":{"allow":["GET"]}}],"collection":[{"href":"https:\/\/www.mexicanguitarplayers.com\/en\/wp-json\/wp\/v2\/product"}],"about":[{"href":"https:\/\/www.mexicanguitarplayers.com\/en\/wp-json\/wp\/v2\/types\/product"}],"replies":[{"embeddable":true,"href":"https:\/\/www.mexicanguitarplayers.com\/en\/wp-json\/wp\/v2\/comments?post=15282"}],"wp:featuredmedia":[{"embeddable":true,"href":"https:\/\/www.mexicanguitarplayers.com\/en\/wp-json\/wp\/v2\/media\/15281"}],"wp:attachment":[{"href":"https:\/\/www.mexicanguitarplayers.com\/en\/wp-json\/wp\/v2\/media?parent=15282"}],"wp:term":[{"taxonomy":"pwb-brand","embeddable":true,"href":"https:\/\/www.mexicanguitarplayers.com\/en\/wp-json\/wp\/v2\/pwb-brand?post=15282"},{"taxonomy":"product_brand","embeddable":true,"href":"https:\/\/www.mexicanguitarplayers.com\/en\/wp-json\/wp\/v2\/product_brand?post=15282"},{"taxonomy":"product_cat","embeddable":true,"href":"https:\/\/www.mexicanguitarplayers.com\/en\/wp-json\/wp\/v2\/product_cat?post=15282"},{"taxonomy":"product_tag","embeddable":true,"href":"https:\/\/www.mexicanguitarplayers.com\/en\/wp-json\/wp\/v2\/product_tag?post=15282"}],"curies":[{"name":"wp","href":"https:\/\/api.w.org\/{rel}","templated":true}]}}