{"id":15303,"date":"2022-08-18T15:57:25","date_gmt":"2022-08-18T20:57:25","guid":{"rendered":"https:\/\/www.mexicanguitarplayers.com\/tienda\/sin%20categor\u00eda\/control-remoto-adj-led-rc2-inalambrico\/"},"modified":"2026-05-01T07:40:25","modified_gmt":"2026-05-01T13:40:25","slug":"control-remoto-adj-led-rc2-inalambrico","status":"publish","type":"product","link":"https:\/\/www.mexicanguitarplayers.com\/en\/tienda\/accesorios\/varios\/control-remoto-adj-led-rc2-inalambrico\/","title":{"rendered":"ADJ LED RC2 WIRELESS REMOTE CONTROL"},"content":{"rendered":"<div style=\"text-align: justify\">\n<div>\n<h3>ADJ LED RC2 WIRELESS REMOTE CONTROL<\/h3>\n<\/div>\n<div>Infrared remote control to control 5 color LEDs (RGBWA). Selection of the operating mode of the luminaire. Controls VBAR PAK, MEGA PAR PROFILE PLUS, MEGA QA PAR38, VPAR PAK, FLAT PAR QWH5X, FLAT PAR QA5X, FLAT PAR QWH12X, FLAT PAR QA12X,<\/div>\n<\/div>","protected":false},"excerpt":{"rendered":"<p>Control remoto infrarrojo para controlar LED\u00b4s de 5 colores (RGBWA). Selecci\u00f3n del modo de operaci\u00f3n de la luminaria. Controla las l\u00e1mparas VBAR PAK, MEGA PAR PROFILE PLUS, MEGA QA PAR38, VPAR PAK, FLAT PAR QWH5X, FLAT PAR QA5X, FLAT PAR QWH12X, FLAT PAR QA12X,&hellip; <a class=\"kt-excerpt-readmore more-link\" href=\"https:\/\/www.mexicanguitarplayers.com\/en\/tienda\/accesorios\/varios\/control-remoto-adj-led-rc2-inalambrico\/\">Read more<\/a><\/p>","protected":false},"featured_media":15302,"comment_status":"open","ping_status":"closed","template":"","meta":{"kt_blocks_editor_width":""},"pwb-brand":[556],"product_brand":[],"product_cat":[85,249],"product_tag":[],"class_list":{"0":"post-15303","1":"product","2":"type-product","3":"status-publish","4":"has-post-thumbnail","6":"pwb-brand-adj","7":"product_cat-accesorios","8":"product_cat-varios","9":"product_shipping_class-0-5-kg","11":"first","12":"instock","13":"taxable","14":"shipping-taxable","15":"purchasable","16":"product-type-simple"},"yoast_head":"<!-- This site is optimized with the Yoast SEO plugin v27.6 - https:\/\/yoast.com\/product\/yoast-seo-wordpress\/ -->\n<title>CONTROL REMOTO ADJ LED RC2 INALAMBRICO - Mexican Guitar Players<\/title>\n<meta name=\"description\" content=\"CONTROL REMOTO ADJ LED RC2 INALAMBRICO. Control remoto infrarrojo para controlar LED\u00b4s de 5 colores (RGBWA). Selecci\u00f3n del modo de operaci\u00f3n de la luminaria. Controla las l\u00e1mparas VBAR PAK, MEGA PAR PROFILE PLUS, MEGA QA PAR38, VPAR PAK, FLAT PAR QWH5X, FLAT PAR QA5X, FLAT PAR QWH12X, FLAT PAR QA12X,\" \/>\n<meta name=\"robots\" content=\"index, follow, max-snippet:-1, max-image-preview:large, max-video-preview:-1\" \/>\n<link rel=\"canonical\" href=\"https:\/\/www.mexicanguitarplayers.com\/en\/tienda\/accesorios\/varios\/control-remoto-adj-led-rc2-inalambrico\/\" \/>\n<meta property=\"og:locale\" content=\"en_US\" \/>\n<meta property=\"og:type\" content=\"article\" \/>\n<meta property=\"og:title\" content=\"CONTROL REMOTO ADJ LED RC2 INALAMBRICO - Mexican Guitar Players\" \/>\n<meta property=\"og:description\" content=\"CONTROL REMOTO ADJ LED RC2 INALAMBRICO. Control remoto infrarrojo para controlar LED\u00b4s de 5 colores (RGBWA). Selecci\u00f3n del modo de operaci\u00f3n de la luminaria. Controla las l\u00e1mparas VBAR PAK, MEGA PAR PROFILE PLUS, MEGA QA PAR38, VPAR PAK, FLAT PAR QWH5X, FLAT PAR QA5X, FLAT PAR QWH12X, FLAT PAR QA12X,\" \/>\n<meta property=\"og:url\" content=\"https:\/\/www.mexicanguitarplayers.com\/en\/tienda\/accesorios\/varios\/control-remoto-adj-led-rc2-inalambrico\/\" \/>\n<meta property=\"og:site_name\" content=\"Mexican Guitar Players\" \/>\n<meta property=\"article:modified_time\" content=\"2026-05-01T13:40:25+00:00\" \/>\n<meta property=\"og:image\" content=\"https:\/\/www.mexicanguitarplayers.com\/wp-content\/uploads\/2022\/08\/LUADJADJLEDRC2.jpg\" \/>\n\t<meta property=\"og:image:width\" content=\"800\" \/>\n\t<meta property=\"og:image:height\" content=\"1600\" \/>\n\t<meta property=\"og:image:type\" content=\"image\/jpeg\" \/>\n<meta name=\"twitter:card\" content=\"summary_large_image\" \/>\n<script type=\"application\/ld+json\" class=\"yoast-schema-graph\">{\"@context\":\"https:\\\/\\\/schema.org\",\"@graph\":[{\"@type\":[\"WebPage\",\"ItemPage\"],\"@id\":\"https:\\\/\\\/www.mexicanguitarplayers.com\\\/tienda\\\/accesorios\\\/varios\\\/control-remoto-adj-led-rc2-inalambrico\\\/\",\"url\":\"https:\\\/\\\/www.mexicanguitarplayers.com\\\/tienda\\\/accesorios\\\/varios\\\/control-remoto-adj-led-rc2-inalambrico\\\/\",\"name\":\"CONTROL REMOTO ADJ LED RC2 INALAMBRICO - Mexican Guitar Players\",\"isPartOf\":{\"@id\":\"https:\\\/\\\/www.mexicanguitarplayers.com\\\/#website\"},\"primaryImageOfPage\":{\"@id\":\"https:\\\/\\\/www.mexicanguitarplayers.com\\\/tienda\\\/accesorios\\\/varios\\\/control-remoto-adj-led-rc2-inalambrico\\\/#primaryimage\"},\"image\":{\"@id\":\"https:\\\/\\\/www.mexicanguitarplayers.com\\\/tienda\\\/accesorios\\\/varios\\\/control-remoto-adj-led-rc2-inalambrico\\\/#primaryimage\"},\"thumbnailUrl\":\"https:\\\/\\\/www.mexicanguitarplayers.com\\\/wp-content\\\/uploads\\\/2022\\\/08\\\/LUADJADJLEDRC2.jpg\",\"datePublished\":\"2022-08-18T20:57:25+00:00\",\"dateModified\":\"2026-05-01T13:40:25+00:00\",\"description\":\"CONTROL REMOTO ADJ LED RC2 INALAMBRICO. Control remoto infrarrojo para controlar LED\u00b4s de 5 colores (RGBWA). Selecci\u00f3n del modo de operaci\u00f3n de la luminaria. Controla las l\u00e1mparas VBAR PAK, MEGA PAR PROFILE PLUS, MEGA QA PAR38, VPAR PAK, FLAT PAR QWH5X, FLAT PAR QA5X, FLAT PAR QWH12X, FLAT PAR QA12X,\",\"breadcrumb\":{\"@id\":\"https:\\\/\\\/www.mexicanguitarplayers.com\\\/tienda\\\/accesorios\\\/varios\\\/control-remoto-adj-led-rc2-inalambrico\\\/#breadcrumb\"},\"inLanguage\":\"en-US\",\"potentialAction\":[{\"@type\":\"ReadAction\",\"target\":[\"https:\\\/\\\/www.mexicanguitarplayers.com\\\/tienda\\\/accesorios\\\/varios\\\/control-remoto-adj-led-rc2-inalambrico\\\/\"]}]},{\"@type\":\"ImageObject\",\"inLanguage\":\"en-US\",\"@id\":\"https:\\\/\\\/www.mexicanguitarplayers.com\\\/tienda\\\/accesorios\\\/varios\\\/control-remoto-adj-led-rc2-inalambrico\\\/#primaryimage\",\"url\":\"https:\\\/\\\/www.mexicanguitarplayers.com\\\/wp-content\\\/uploads\\\/2022\\\/08\\\/LUADJADJLEDRC2.jpg\",\"contentUrl\":\"https:\\\/\\\/www.mexicanguitarplayers.com\\\/wp-content\\\/uploads\\\/2022\\\/08\\\/LUADJADJLEDRC2.jpg\",\"width\":800,\"height\":1600},{\"@type\":\"BreadcrumbList\",\"@id\":\"https:\\\/\\\/www.mexicanguitarplayers.com\\\/tienda\\\/accesorios\\\/varios\\\/control-remoto-adj-led-rc2-inalambrico\\\/#breadcrumb\",\"itemListElement\":[{\"@type\":\"ListItem\",\"position\":1,\"name\":\"Portada\",\"item\":\"https:\\\/\\\/www.mexicanguitarplayers.com\\\/\"},{\"@type\":\"ListItem\",\"position\":2,\"name\":\"Tienda\",\"item\":\"https:\\\/\\\/www.mexicanguitarplayers.com\\\/tienda\\\/\"},{\"@type\":\"ListItem\",\"position\":3,\"name\":\"CONTROL REMOTO ADJ LED RC2 INALAMBRICO\"}]},{\"@type\":\"WebSite\",\"@id\":\"https:\\\/\\\/www.mexicanguitarplayers.com\\\/#website\",\"url\":\"https:\\\/\\\/www.mexicanguitarplayers.com\\\/\",\"name\":\"Mexican Guitar Players\",\"description\":\"Website\",\"publisher\":{\"@id\":\"https:\\\/\\\/www.mexicanguitarplayers.com\\\/#organization\"},\"potentialAction\":[{\"@type\":\"SearchAction\",\"target\":{\"@type\":\"EntryPoint\",\"urlTemplate\":\"https:\\\/\\\/www.mexicanguitarplayers.com\\\/?s={search_term_string}\"},\"query-input\":{\"@type\":\"PropertyValueSpecification\",\"valueRequired\":true,\"valueName\":\"search_term_string\"}}],\"inLanguage\":\"en-US\"},{\"@type\":\"Organization\",\"@id\":\"https:\\\/\\\/www.mexicanguitarplayers.com\\\/#organization\",\"name\":\"Mexican Guitar Players\",\"url\":\"https:\\\/\\\/www.mexicanguitarplayers.com\\\/\",\"logo\":{\"@type\":\"ImageObject\",\"inLanguage\":\"en-US\",\"@id\":\"https:\\\/\\\/www.mexicanguitarplayers.com\\\/#\\\/schema\\\/logo\\\/image\\\/\",\"url\":\"\",\"contentUrl\":\"\",\"caption\":\"Mexican Guitar Players\"},\"image\":{\"@id\":\"https:\\\/\\\/www.mexicanguitarplayers.com\\\/#\\\/schema\\\/logo\\\/image\\\/\"}}]}<\/script>\n<!-- \/ Yoast SEO plugin. -->","yoast_head_json":{"title":"CONTROL REMOTO ADJ LED RC2 INALAMBRICO - Mexican Guitar Players","description":"CONTROL REMOTO ADJ LED RC2 INALAMBRICO. Control remoto infrarrojo para controlar LED\u00b4s de 5 colores (RGBWA). Selecci\u00f3n del modo de operaci\u00f3n de la luminaria. Controla las l\u00e1mparas VBAR PAK, MEGA PAR PROFILE PLUS, MEGA QA PAR38, VPAR PAK, FLAT PAR QWH5X, FLAT PAR QA5X, FLAT PAR QWH12X, FLAT PAR QA12X,","robots":{"index":"index","follow":"follow","max-snippet":"max-snippet:-1","max-image-preview":"max-image-preview:large","max-video-preview":"max-video-preview:-1"},"canonical":"https:\/\/www.mexicanguitarplayers.com\/en\/tienda\/accesorios\/varios\/control-remoto-adj-led-rc2-inalambrico\/","og_locale":"en_US","og_type":"article","og_title":"CONTROL REMOTO ADJ LED RC2 INALAMBRICO - Mexican Guitar Players","og_description":"CONTROL REMOTO ADJ LED RC2 INALAMBRICO. Control remoto infrarrojo para controlar LED\u00b4s de 5 colores (RGBWA). Selecci\u00f3n del modo de operaci\u00f3n de la luminaria. Controla las l\u00e1mparas VBAR PAK, MEGA PAR PROFILE PLUS, MEGA QA PAR38, VPAR PAK, FLAT PAR QWH5X, FLAT PAR QA5X, FLAT PAR QWH12X, FLAT PAR QA12X,","og_url":"https:\/\/www.mexicanguitarplayers.com\/en\/tienda\/accesorios\/varios\/control-remoto-adj-led-rc2-inalambrico\/","og_site_name":"Mexican Guitar Players","article_modified_time":"2026-05-01T13:40:25+00:00","og_image":[{"width":800,"height":1600,"url":"https:\/\/www.mexicanguitarplayers.com\/wp-content\/uploads\/2022\/08\/LUADJADJLEDRC2.jpg","type":"image\/jpeg"}],"twitter_card":"summary_large_image","schema":{"@context":"https:\/\/schema.org","@graph":[{"@type":["WebPage","ItemPage"],"@id":"https:\/\/www.mexicanguitarplayers.com\/tienda\/accesorios\/varios\/control-remoto-adj-led-rc2-inalambrico\/","url":"https:\/\/www.mexicanguitarplayers.com\/tienda\/accesorios\/varios\/control-remoto-adj-led-rc2-inalambrico\/","name":"CONTROL REMOTO ADJ LED RC2 INALAMBRICO - Mexican Guitar Players","isPartOf":{"@id":"https:\/\/www.mexicanguitarplayers.com\/#website"},"primaryImageOfPage":{"@id":"https:\/\/www.mexicanguitarplayers.com\/tienda\/accesorios\/varios\/control-remoto-adj-led-rc2-inalambrico\/#primaryimage"},"image":{"@id":"https:\/\/www.mexicanguitarplayers.com\/tienda\/accesorios\/varios\/control-remoto-adj-led-rc2-inalambrico\/#primaryimage"},"thumbnailUrl":"https:\/\/www.mexicanguitarplayers.com\/wp-content\/uploads\/2022\/08\/LUADJADJLEDRC2.jpg","datePublished":"2022-08-18T20:57:25+00:00","dateModified":"2026-05-01T13:40:25+00:00","description":"CONTROL REMOTO ADJ LED RC2 INALAMBRICO. Control remoto infrarrojo para controlar LED\u00b4s de 5 colores (RGBWA). Selecci\u00f3n del modo de operaci\u00f3n de la luminaria. Controla las l\u00e1mparas VBAR PAK, MEGA PAR PROFILE PLUS, MEGA QA PAR38, VPAR PAK, FLAT PAR QWH5X, FLAT PAR QA5X, FLAT PAR QWH12X, FLAT PAR QA12X,","breadcrumb":{"@id":"https:\/\/www.mexicanguitarplayers.com\/tienda\/accesorios\/varios\/control-remoto-adj-led-rc2-inalambrico\/#breadcrumb"},"inLanguage":"en-US","potentialAction":[{"@type":"ReadAction","target":["https:\/\/www.mexicanguitarplayers.com\/tienda\/accesorios\/varios\/control-remoto-adj-led-rc2-inalambrico\/"]}]},{"@type":"ImageObject","inLanguage":"en-US","@id":"https:\/\/www.mexicanguitarplayers.com\/tienda\/accesorios\/varios\/control-remoto-adj-led-rc2-inalambrico\/#primaryimage","url":"https:\/\/www.mexicanguitarplayers.com\/wp-content\/uploads\/2022\/08\/LUADJADJLEDRC2.jpg","contentUrl":"https:\/\/www.mexicanguitarplayers.com\/wp-content\/uploads\/2022\/08\/LUADJADJLEDRC2.jpg","width":800,"height":1600},{"@type":"BreadcrumbList","@id":"https:\/\/www.mexicanguitarplayers.com\/tienda\/accesorios\/varios\/control-remoto-adj-led-rc2-inalambrico\/#breadcrumb","itemListElement":[{"@type":"ListItem","position":1,"name":"Portada","item":"https:\/\/www.mexicanguitarplayers.com\/"},{"@type":"ListItem","position":2,"name":"Tienda","item":"https:\/\/www.mexicanguitarplayers.com\/tienda\/"},{"@type":"ListItem","position":3,"name":"CONTROL REMOTO ADJ LED RC2 INALAMBRICO"}]},{"@type":"WebSite","@id":"https:\/\/www.mexicanguitarplayers.com\/#website","url":"https:\/\/www.mexicanguitarplayers.com\/","name":"Mexican Guitar Players","description":"Website","publisher":{"@id":"https:\/\/www.mexicanguitarplayers.com\/#organization"},"potentialAction":[{"@type":"SearchAction","target":{"@type":"EntryPoint","urlTemplate":"https:\/\/www.mexicanguitarplayers.com\/?s={search_term_string}"},"query-input":{"@type":"PropertyValueSpecification","valueRequired":true,"valueName":"search_term_string"}}],"inLanguage":"en-US"},{"@type":"Organization","@id":"https:\/\/www.mexicanguitarplayers.com\/#organization","name":"Mexican Guitar Players","url":"https:\/\/www.mexicanguitarplayers.com\/","logo":{"@type":"ImageObject","inLanguage":"en-US","@id":"https:\/\/www.mexicanguitarplayers.com\/#\/schema\/logo\/image\/","url":"","contentUrl":"","caption":"Mexican Guitar Players"},"image":{"@id":"https:\/\/www.mexicanguitarplayers.com\/#\/schema\/logo\/image\/"}}]}},"brands":[{"id":556,"name":"ADJ","slug":"adj"}],"_links":{"self":[{"href":"https:\/\/www.mexicanguitarplayers.com\/en\/wp-json\/wp\/v2\/product\/15303","targetHints":{"allow":["GET"]}}],"collection":[{"href":"https:\/\/www.mexicanguitarplayers.com\/en\/wp-json\/wp\/v2\/product"}],"about":[{"href":"https:\/\/www.mexicanguitarplayers.com\/en\/wp-json\/wp\/v2\/types\/product"}],"replies":[{"embeddable":true,"href":"https:\/\/www.mexicanguitarplayers.com\/en\/wp-json\/wp\/v2\/comments?post=15303"}],"wp:featuredmedia":[{"embeddable":true,"href":"https:\/\/www.mexicanguitarplayers.com\/en\/wp-json\/wp\/v2\/media\/15302"}],"wp:attachment":[{"href":"https:\/\/www.mexicanguitarplayers.com\/en\/wp-json\/wp\/v2\/media?parent=15303"}],"wp:term":[{"taxonomy":"pwb-brand","embeddable":true,"href":"https:\/\/www.mexicanguitarplayers.com\/en\/wp-json\/wp\/v2\/pwb-brand?post=15303"},{"taxonomy":"product_brand","embeddable":true,"href":"https:\/\/www.mexicanguitarplayers.com\/en\/wp-json\/wp\/v2\/product_brand?post=15303"},{"taxonomy":"product_cat","embeddable":true,"href":"https:\/\/www.mexicanguitarplayers.com\/en\/wp-json\/wp\/v2\/product_cat?post=15303"},{"taxonomy":"product_tag","embeddable":true,"href":"https:\/\/www.mexicanguitarplayers.com\/en\/wp-json\/wp\/v2\/product_tag?post=15303"}],"curies":[{"name":"wp","href":"https:\/\/api.w.org\/{rel}","templated":true}]}}