{"id":15308,"date":"2022-08-18T15:57:31","date_gmt":"2022-08-18T20:57:31","guid":{"rendered":"https:\/\/www.mexicanguitarplayers.com\/tienda\/sin%20categor\u00eda\/lampara-adj-crazy-8\/"},"modified":"2026-01-22T04:28:00","modified_gmt":"2026-01-22T10:28:00","slug":"lampara-adj-crazy-8","status":"publish","type":"product","link":"https:\/\/www.mexicanguitarplayers.com\/en\/tienda\/iluminacion\/iluminacion-convencional\/cabezas-moviles\/lampara-adj-crazy-8\/","title":{"rendered":"ADJ CRAZY 8 LAMP"},"content":{"rendered":"<div style=\"text-align: justify\">\n<div>\n<h3>ADJ CRAZY 8 LAMP<\/h3>\n<\/div>\n<div>Quick sweeping moving head, 8 x 8 watt white LEDs, Operating modes: DMX controlled, Master\/Slave and sound active, 5 DMX channel modes, LED pulse &amp; strobe effect, 540 degree pan base, 150 degree pan Smooth Tilt with Stepper Motors, Beam Angle: 3.5 Degrees, Includes Wall Mount Brackets or Can Be Floor Mounted, Daisy-Chain to Other Crazy 8&#039;s<\/div>\n<\/div>","protected":false},"excerpt":{"rendered":"<p>Cabeza m\u00f3vil con quick sweeping, 8 LEDs blancos de 8 watts, modos de operaci\u00f3n:Controlado por DMX, Master\/Slave y sonido activo, 5 modos de canal DMX, LED pulse &amp; efecto de estrobo, base de paneo de 540 grados, 150 grados de inclinaci\u00f3n vertical suave con motores de pasos, \u00e1ngulo de haz: 3.5 grados, incluye soportes de montaje para pared o se puede montar en el suelo, conexi\u00f3n en cadena con otrosCrazy 8.&hellip; <a class=\"kt-excerpt-readmore more-link\" href=\"https:\/\/www.mexicanguitarplayers.com\/en\/tienda\/iluminacion\/iluminacion-convencional\/cabezas-moviles\/lampara-adj-crazy-8\/\">Read more<\/a><\/p>","protected":false},"featured_media":15307,"comment_status":"open","ping_status":"closed","template":"","meta":{"kt_blocks_editor_width":""},"pwb-brand":[556],"product_brand":[],"product_cat":[548,406,547],"product_tag":[],"class_list":{"0":"post-15308","1":"product","2":"type-product","3":"status-publish","4":"has-post-thumbnail","6":"pwb-brand-adj","7":"product_cat-cabezas-moviles","8":"product_cat-iluminacion","9":"product_cat-iluminacion-convencional","10":"product_shipping_class-10-15-kg","12":"first","13":"instock","14":"taxable","15":"shipping-taxable","16":"purchasable","17":"product-type-simple"},"yoast_head":"<!-- This site is optimized with the Yoast SEO plugin v27.3 - https:\/\/yoast.com\/product\/yoast-seo-wordpress\/ -->\n<title>LAMPARA ADJ CRAZY 8 - Mexican Guitar Players<\/title>\n<meta name=\"description\" content=\"LAMPARA ADJ CRAZY 8. Cabeza m\u00f3vil con quick sweeping, 8 LEDs blancos de 8 watts, modos de operaci\u00f3n:Controlado por DMX, Master\/Slave y sonido activo, 5 modos de canal DMX, LED pulse &amp; efecto de estrobo, base de paneo de 540 grados, 150 grados de inclinaci\u00f3n vertical suave con motores de pasos, \u00e1ngulo de haz: 3.5 grados, incluye soportes de montaje para pared o se puede montar en el suelo, conexi\u00f3n en cadena con otrosCrazy 8.\" \/>\n<meta name=\"robots\" content=\"index, follow, max-snippet:-1, max-image-preview:large, max-video-preview:-1\" \/>\n<link rel=\"canonical\" href=\"https:\/\/www.mexicanguitarplayers.com\/en\/tienda\/iluminacion\/iluminacion-convencional\/cabezas-moviles\/lampara-adj-crazy-8\/\" \/>\n<meta property=\"og:locale\" content=\"en_US\" \/>\n<meta property=\"og:type\" content=\"article\" \/>\n<meta property=\"og:title\" content=\"LAMPARA ADJ CRAZY 8 - Mexican Guitar Players\" \/>\n<meta property=\"og:description\" content=\"LAMPARA ADJ CRAZY 8. Cabeza m\u00f3vil con quick sweeping, 8 LEDs blancos de 8 watts, modos de operaci\u00f3n:Controlado por DMX, Master\/Slave y sonido activo, 5 modos de canal DMX, LED pulse &amp; efecto de estrobo, base de paneo de 540 grados, 150 grados de inclinaci\u00f3n vertical suave con motores de pasos, \u00e1ngulo de haz: 3.5 grados, incluye soportes de montaje para pared o se puede montar en el suelo, conexi\u00f3n en cadena con otrosCrazy 8.\" \/>\n<meta property=\"og:url\" content=\"https:\/\/www.mexicanguitarplayers.com\/en\/tienda\/iluminacion\/iluminacion-convencional\/cabezas-moviles\/lampara-adj-crazy-8\/\" \/>\n<meta property=\"og:site_name\" content=\"Mexican Guitar Players\" \/>\n<meta property=\"article:modified_time\" content=\"2026-01-22T10:28:00+00:00\" \/>\n<meta property=\"og:image\" content=\"https:\/\/www.mexicanguitarplayers.com\/wp-content\/uploads\/2022\/08\/LUADJCRA476.jpg\" \/>\n\t<meta property=\"og:image:width\" content=\"1200\" \/>\n\t<meta property=\"og:image:height\" content=\"1200\" \/>\n\t<meta property=\"og:image:type\" content=\"image\/jpeg\" \/>\n<meta name=\"twitter:card\" content=\"summary_large_image\" \/>\n<script type=\"application\/ld+json\" class=\"yoast-schema-graph\">{\"@context\":\"https:\\\/\\\/schema.org\",\"@graph\":[{\"@type\":[\"WebPage\",\"ItemPage\"],\"@id\":\"https:\\\/\\\/www.mexicanguitarplayers.com\\\/tienda\\\/iluminacion\\\/iluminacion-convencional\\\/cabezas-moviles\\\/lampara-adj-crazy-8\\\/\",\"url\":\"https:\\\/\\\/www.mexicanguitarplayers.com\\\/tienda\\\/iluminacion\\\/iluminacion-convencional\\\/cabezas-moviles\\\/lampara-adj-crazy-8\\\/\",\"name\":\"LAMPARA ADJ CRAZY 8 - Mexican Guitar Players\",\"isPartOf\":{\"@id\":\"https:\\\/\\\/www.mexicanguitarplayers.com\\\/#website\"},\"primaryImageOfPage\":{\"@id\":\"https:\\\/\\\/www.mexicanguitarplayers.com\\\/tienda\\\/iluminacion\\\/iluminacion-convencional\\\/cabezas-moviles\\\/lampara-adj-crazy-8\\\/#primaryimage\"},\"image\":{\"@id\":\"https:\\\/\\\/www.mexicanguitarplayers.com\\\/tienda\\\/iluminacion\\\/iluminacion-convencional\\\/cabezas-moviles\\\/lampara-adj-crazy-8\\\/#primaryimage\"},\"thumbnailUrl\":\"https:\\\/\\\/www.mexicanguitarplayers.com\\\/wp-content\\\/uploads\\\/2022\\\/08\\\/LUADJCRA476.jpg\",\"datePublished\":\"2022-08-18T20:57:31+00:00\",\"dateModified\":\"2026-01-22T10:28:00+00:00\",\"description\":\"LAMPARA ADJ CRAZY 8. Cabeza m\u00f3vil con quick sweeping, 8 LEDs blancos de 8 watts, modos de operaci\u00f3n:Controlado por DMX, Master\\\/Slave y sonido activo, 5 modos de canal DMX, LED pulse &amp; efecto de estrobo, base de paneo de 540 grados, 150 grados de inclinaci\u00f3n vertical suave con motores de pasos, \u00e1ngulo de haz: 3.5 grados, incluye soportes de montaje para pared o se puede montar en el suelo, conexi\u00f3n en cadena con otrosCrazy 8.\",\"breadcrumb\":{\"@id\":\"https:\\\/\\\/www.mexicanguitarplayers.com\\\/tienda\\\/iluminacion\\\/iluminacion-convencional\\\/cabezas-moviles\\\/lampara-adj-crazy-8\\\/#breadcrumb\"},\"inLanguage\":\"en-US\",\"potentialAction\":[{\"@type\":\"ReadAction\",\"target\":[\"https:\\\/\\\/www.mexicanguitarplayers.com\\\/tienda\\\/iluminacion\\\/iluminacion-convencional\\\/cabezas-moviles\\\/lampara-adj-crazy-8\\\/\"]}]},{\"@type\":\"ImageObject\",\"inLanguage\":\"en-US\",\"@id\":\"https:\\\/\\\/www.mexicanguitarplayers.com\\\/tienda\\\/iluminacion\\\/iluminacion-convencional\\\/cabezas-moviles\\\/lampara-adj-crazy-8\\\/#primaryimage\",\"url\":\"https:\\\/\\\/www.mexicanguitarplayers.com\\\/wp-content\\\/uploads\\\/2022\\\/08\\\/LUADJCRA476.jpg\",\"contentUrl\":\"https:\\\/\\\/www.mexicanguitarplayers.com\\\/wp-content\\\/uploads\\\/2022\\\/08\\\/LUADJCRA476.jpg\",\"width\":1200,\"height\":1200},{\"@type\":\"BreadcrumbList\",\"@id\":\"https:\\\/\\\/www.mexicanguitarplayers.com\\\/tienda\\\/iluminacion\\\/iluminacion-convencional\\\/cabezas-moviles\\\/lampara-adj-crazy-8\\\/#breadcrumb\",\"itemListElement\":[{\"@type\":\"ListItem\",\"position\":1,\"name\":\"Portada\",\"item\":\"https:\\\/\\\/www.mexicanguitarplayers.com\\\/\"},{\"@type\":\"ListItem\",\"position\":2,\"name\":\"Tienda\",\"item\":\"https:\\\/\\\/www.mexicanguitarplayers.com\\\/tienda\\\/\"},{\"@type\":\"ListItem\",\"position\":3,\"name\":\"LAMPARA ADJ CRAZY 8\"}]},{\"@type\":\"WebSite\",\"@id\":\"https:\\\/\\\/www.mexicanguitarplayers.com\\\/#website\",\"url\":\"https:\\\/\\\/www.mexicanguitarplayers.com\\\/\",\"name\":\"Mexican Guitar Players\",\"description\":\"Website\",\"publisher\":{\"@id\":\"https:\\\/\\\/www.mexicanguitarplayers.com\\\/#organization\"},\"potentialAction\":[{\"@type\":\"SearchAction\",\"target\":{\"@type\":\"EntryPoint\",\"urlTemplate\":\"https:\\\/\\\/www.mexicanguitarplayers.com\\\/?s={search_term_string}\"},\"query-input\":{\"@type\":\"PropertyValueSpecification\",\"valueRequired\":true,\"valueName\":\"search_term_string\"}}],\"inLanguage\":\"en-US\"},{\"@type\":\"Organization\",\"@id\":\"https:\\\/\\\/www.mexicanguitarplayers.com\\\/#organization\",\"name\":\"Mexican Guitar Players\",\"url\":\"https:\\\/\\\/www.mexicanguitarplayers.com\\\/\",\"logo\":{\"@type\":\"ImageObject\",\"inLanguage\":\"en-US\",\"@id\":\"https:\\\/\\\/www.mexicanguitarplayers.com\\\/#\\\/schema\\\/logo\\\/image\\\/\",\"url\":\"\",\"contentUrl\":\"\",\"caption\":\"Mexican Guitar Players\"},\"image\":{\"@id\":\"https:\\\/\\\/www.mexicanguitarplayers.com\\\/#\\\/schema\\\/logo\\\/image\\\/\"}}]}<\/script>\n<!-- \/ Yoast SEO plugin. -->","yoast_head_json":{"title":"LAMPARA ADJ CRAZY 8 - Mexican Guitar Players","description":"LAMPARA ADJ CRAZY 8. Cabeza m\u00f3vil con quick sweeping, 8 LEDs blancos de 8 watts, modos de operaci\u00f3n:Controlado por DMX, Master\/Slave y sonido activo, 5 modos de canal DMX, LED pulse &amp; efecto de estrobo, base de paneo de 540 grados, 150 grados de inclinaci\u00f3n vertical suave con motores de pasos, \u00e1ngulo de haz: 3.5 grados, incluye soportes de montaje para pared o se puede montar en el suelo, conexi\u00f3n en cadena con otrosCrazy 8.","robots":{"index":"index","follow":"follow","max-snippet":"max-snippet:-1","max-image-preview":"max-image-preview:large","max-video-preview":"max-video-preview:-1"},"canonical":"https:\/\/www.mexicanguitarplayers.com\/en\/tienda\/iluminacion\/iluminacion-convencional\/cabezas-moviles\/lampara-adj-crazy-8\/","og_locale":"en_US","og_type":"article","og_title":"LAMPARA ADJ CRAZY 8 - Mexican Guitar Players","og_description":"LAMPARA ADJ CRAZY 8. Cabeza m\u00f3vil con quick sweeping, 8 LEDs blancos de 8 watts, modos de operaci\u00f3n:Controlado por DMX, Master\/Slave y sonido activo, 5 modos de canal DMX, LED pulse &amp; efecto de estrobo, base de paneo de 540 grados, 150 grados de inclinaci\u00f3n vertical suave con motores de pasos, \u00e1ngulo de haz: 3.5 grados, incluye soportes de montaje para pared o se puede montar en el suelo, conexi\u00f3n en cadena con otrosCrazy 8.","og_url":"https:\/\/www.mexicanguitarplayers.com\/en\/tienda\/iluminacion\/iluminacion-convencional\/cabezas-moviles\/lampara-adj-crazy-8\/","og_site_name":"Mexican Guitar Players","article_modified_time":"2026-01-22T10:28:00+00:00","og_image":[{"width":1200,"height":1200,"url":"https:\/\/www.mexicanguitarplayers.com\/wp-content\/uploads\/2022\/08\/LUADJCRA476.jpg","type":"image\/jpeg"}],"twitter_card":"summary_large_image","schema":{"@context":"https:\/\/schema.org","@graph":[{"@type":["WebPage","ItemPage"],"@id":"https:\/\/www.mexicanguitarplayers.com\/tienda\/iluminacion\/iluminacion-convencional\/cabezas-moviles\/lampara-adj-crazy-8\/","url":"https:\/\/www.mexicanguitarplayers.com\/tienda\/iluminacion\/iluminacion-convencional\/cabezas-moviles\/lampara-adj-crazy-8\/","name":"LAMPARA ADJ CRAZY 8 - Mexican Guitar Players","isPartOf":{"@id":"https:\/\/www.mexicanguitarplayers.com\/#website"},"primaryImageOfPage":{"@id":"https:\/\/www.mexicanguitarplayers.com\/tienda\/iluminacion\/iluminacion-convencional\/cabezas-moviles\/lampara-adj-crazy-8\/#primaryimage"},"image":{"@id":"https:\/\/www.mexicanguitarplayers.com\/tienda\/iluminacion\/iluminacion-convencional\/cabezas-moviles\/lampara-adj-crazy-8\/#primaryimage"},"thumbnailUrl":"https:\/\/www.mexicanguitarplayers.com\/wp-content\/uploads\/2022\/08\/LUADJCRA476.jpg","datePublished":"2022-08-18T20:57:31+00:00","dateModified":"2026-01-22T10:28:00+00:00","description":"LAMPARA ADJ CRAZY 8. Cabeza m\u00f3vil con quick sweeping, 8 LEDs blancos de 8 watts, modos de operaci\u00f3n:Controlado por DMX, Master\/Slave y sonido activo, 5 modos de canal DMX, LED pulse &amp; efecto de estrobo, base de paneo de 540 grados, 150 grados de inclinaci\u00f3n vertical suave con motores de pasos, \u00e1ngulo de haz: 3.5 grados, incluye soportes de montaje para pared o se puede montar en el suelo, conexi\u00f3n en cadena con otrosCrazy 8.","breadcrumb":{"@id":"https:\/\/www.mexicanguitarplayers.com\/tienda\/iluminacion\/iluminacion-convencional\/cabezas-moviles\/lampara-adj-crazy-8\/#breadcrumb"},"inLanguage":"en-US","potentialAction":[{"@type":"ReadAction","target":["https:\/\/www.mexicanguitarplayers.com\/tienda\/iluminacion\/iluminacion-convencional\/cabezas-moviles\/lampara-adj-crazy-8\/"]}]},{"@type":"ImageObject","inLanguage":"en-US","@id":"https:\/\/www.mexicanguitarplayers.com\/tienda\/iluminacion\/iluminacion-convencional\/cabezas-moviles\/lampara-adj-crazy-8\/#primaryimage","url":"https:\/\/www.mexicanguitarplayers.com\/wp-content\/uploads\/2022\/08\/LUADJCRA476.jpg","contentUrl":"https:\/\/www.mexicanguitarplayers.com\/wp-content\/uploads\/2022\/08\/LUADJCRA476.jpg","width":1200,"height":1200},{"@type":"BreadcrumbList","@id":"https:\/\/www.mexicanguitarplayers.com\/tienda\/iluminacion\/iluminacion-convencional\/cabezas-moviles\/lampara-adj-crazy-8\/#breadcrumb","itemListElement":[{"@type":"ListItem","position":1,"name":"Portada","item":"https:\/\/www.mexicanguitarplayers.com\/"},{"@type":"ListItem","position":2,"name":"Tienda","item":"https:\/\/www.mexicanguitarplayers.com\/tienda\/"},{"@type":"ListItem","position":3,"name":"LAMPARA ADJ CRAZY 8"}]},{"@type":"WebSite","@id":"https:\/\/www.mexicanguitarplayers.com\/#website","url":"https:\/\/www.mexicanguitarplayers.com\/","name":"Mexican Guitar Players","description":"Website","publisher":{"@id":"https:\/\/www.mexicanguitarplayers.com\/#organization"},"potentialAction":[{"@type":"SearchAction","target":{"@type":"EntryPoint","urlTemplate":"https:\/\/www.mexicanguitarplayers.com\/?s={search_term_string}"},"query-input":{"@type":"PropertyValueSpecification","valueRequired":true,"valueName":"search_term_string"}}],"inLanguage":"en-US"},{"@type":"Organization","@id":"https:\/\/www.mexicanguitarplayers.com\/#organization","name":"Mexican Guitar Players","url":"https:\/\/www.mexicanguitarplayers.com\/","logo":{"@type":"ImageObject","inLanguage":"en-US","@id":"https:\/\/www.mexicanguitarplayers.com\/#\/schema\/logo\/image\/","url":"","contentUrl":"","caption":"Mexican Guitar Players"},"image":{"@id":"https:\/\/www.mexicanguitarplayers.com\/#\/schema\/logo\/image\/"}}]}},"brands":[{"id":556,"name":"ADJ","slug":"adj"}],"_links":{"self":[{"href":"https:\/\/www.mexicanguitarplayers.com\/en\/wp-json\/wp\/v2\/product\/15308","targetHints":{"allow":["GET"]}}],"collection":[{"href":"https:\/\/www.mexicanguitarplayers.com\/en\/wp-json\/wp\/v2\/product"}],"about":[{"href":"https:\/\/www.mexicanguitarplayers.com\/en\/wp-json\/wp\/v2\/types\/product"}],"replies":[{"embeddable":true,"href":"https:\/\/www.mexicanguitarplayers.com\/en\/wp-json\/wp\/v2\/comments?post=15308"}],"wp:featuredmedia":[{"embeddable":true,"href":"https:\/\/www.mexicanguitarplayers.com\/en\/wp-json\/wp\/v2\/media\/15307"}],"wp:attachment":[{"href":"https:\/\/www.mexicanguitarplayers.com\/en\/wp-json\/wp\/v2\/media?parent=15308"}],"wp:term":[{"taxonomy":"pwb-brand","embeddable":true,"href":"https:\/\/www.mexicanguitarplayers.com\/en\/wp-json\/wp\/v2\/pwb-brand?post=15308"},{"taxonomy":"product_brand","embeddable":true,"href":"https:\/\/www.mexicanguitarplayers.com\/en\/wp-json\/wp\/v2\/product_brand?post=15308"},{"taxonomy":"product_cat","embeddable":true,"href":"https:\/\/www.mexicanguitarplayers.com\/en\/wp-json\/wp\/v2\/product_cat?post=15308"},{"taxonomy":"product_tag","embeddable":true,"href":"https:\/\/www.mexicanguitarplayers.com\/en\/wp-json\/wp\/v2\/product_tag?post=15308"}],"curies":[{"name":"wp","href":"https:\/\/api.w.org\/{rel}","templated":true}]}}