{"id":15319,"date":"2022-08-18T15:57:49","date_gmt":"2022-08-18T20:57:49","guid":{"rendered":"https:\/\/www.mexicanguitarplayers.com\/tienda\/sin%20categor\u00eda\/lampara-adj-dotz-brick-3-3\/"},"modified":"2026-01-22T04:27:53","modified_gmt":"2026-01-22T10:27:53","slug":"lampara-adj-dotz-brick-3-3","status":"publish","type":"product","link":"https:\/\/www.mexicanguitarplayers.com\/en\/tienda\/iluminacion\/leds\/efecto\/lampara-adj-dotz-brick-3-3\/","title":{"rendered":"ADJ DOTZ BRICK LAMP 3.3"},"content":{"rendered":"<div style=\"text-align: justify\">\n<div>\n<h3>ADJ DOTZ BRICK LAMP 3.3<\/h3>\n<\/div>\n<div>3 x 3 COB TRI LED Lamp \/ Blinder Matrix panel, COB technology, auto start, sound activated, built-in programs, and DMX controlled modes, 5 DMX channel modes: channel 3, 6, 8, 27 or 32, colors and built-in programs, LED pulse and strobe effect, beam angle: 25 degrees, power consumption: 116 watts total, includes simple yoke for mounting.<\/div>\n<\/div>","protected":false},"excerpt":{"rendered":"<p>L\u00e1mpara LED de 3 x 3 COB TRI \/ Blinder Matrix panel, tecnolog\u00eda COB, modos autoinicio, activado por sonido, programas incorporados, y modo controlado por DMX,5 modos de canal DMX: canal 3, 6, 8, 27 o 32, colores y programas incorporados,LED pulse y efecto estrobosc\u00f3pico, \u00e1ngulo de haz: 25 grados, consumo de energ\u00eda:116 watts total, incluye yugo simple para montaje.&hellip; <a class=\"kt-excerpt-readmore more-link\" href=\"https:\/\/www.mexicanguitarplayers.com\/en\/tienda\/iluminacion\/leds\/efecto\/lampara-adj-dotz-brick-3-3\/\">Read more<\/a><\/p>","protected":false},"featured_media":15318,"comment_status":"open","ping_status":"closed","template":"","meta":{"kt_blocks_editor_width":""},"pwb-brand":[556],"product_brand":[],"product_cat":[546,406,408],"product_tag":[],"class_list":{"0":"post-15319","1":"product","2":"type-product","3":"status-publish","4":"has-post-thumbnail","6":"pwb-brand-adj","7":"product_cat-efecto","8":"product_cat-iluminacion","9":"product_cat-leds","10":"product_shipping_class-5-10-kg","12":"first","13":"outofstock","14":"taxable","15":"shipping-taxable","16":"purchasable","17":"product-type-simple"},"yoast_head":"<!-- This site is optimized with the Yoast SEO plugin v27.3 - https:\/\/yoast.com\/product\/yoast-seo-wordpress\/ -->\n<title>LAMPARA ADJ DOTZ BRICK 3.3 - Mexican Guitar Players<\/title>\n<meta name=\"description\" content=\"LAMPARA ADJ DOTZ BRICK 3.3. L\u00e1mpara LED de 3 x 3 COB TRI \/ Blinder Matrix panel, tecnolog\u00eda COB, modos autoinicio, activado por sonido, programas incorporados, y modo controlado por DMX,5 modos de canal DMX: canal 3, 6, 8, 27 o 32, colores y programas incorporados,LED pulse y efecto estrobosc\u00f3pico, \u00e1ngulo de haz: 25 grados, consumo de energ\u00eda:116 watts total, incluye yugo simple para montaje.\" \/>\n<meta name=\"robots\" content=\"index, follow, max-snippet:-1, max-image-preview:large, max-video-preview:-1\" \/>\n<link rel=\"canonical\" href=\"https:\/\/www.mexicanguitarplayers.com\/en\/tienda\/iluminacion\/leds\/efecto\/lampara-adj-dotz-brick-3-3\/\" \/>\n<meta property=\"og:locale\" content=\"en_US\" \/>\n<meta property=\"og:type\" content=\"article\" \/>\n<meta property=\"og:title\" content=\"LAMPARA ADJ DOTZ BRICK 3.3 - Mexican Guitar Players\" \/>\n<meta property=\"og:description\" content=\"LAMPARA ADJ DOTZ BRICK 3.3. L\u00e1mpara LED de 3 x 3 COB TRI \/ Blinder Matrix panel, tecnolog\u00eda COB, modos autoinicio, activado por sonido, programas incorporados, y modo controlado por DMX,5 modos de canal DMX: canal 3, 6, 8, 27 o 32, colores y programas incorporados,LED pulse y efecto estrobosc\u00f3pico, \u00e1ngulo de haz: 25 grados, consumo de energ\u00eda:116 watts total, incluye yugo simple para montaje.\" \/>\n<meta property=\"og:url\" content=\"https:\/\/www.mexicanguitarplayers.com\/en\/tienda\/iluminacion\/leds\/efecto\/lampara-adj-dotz-brick-3-3\/\" \/>\n<meta property=\"og:site_name\" content=\"Mexican Guitar Players\" \/>\n<meta property=\"article:modified_time\" content=\"2026-01-22T10:27:53+00:00\" \/>\n<meta property=\"og:image\" content=\"https:\/\/www.mexicanguitarplayers.com\/wp-content\/uploads\/2022\/08\/LUADJDOT421.jpg\" \/>\n\t<meta property=\"og:image:width\" content=\"1200\" \/>\n\t<meta property=\"og:image:height\" content=\"1200\" \/>\n\t<meta property=\"og:image:type\" content=\"image\/jpeg\" \/>\n<meta name=\"twitter:card\" content=\"summary_large_image\" \/>\n<script type=\"application\/ld+json\" class=\"yoast-schema-graph\">{\"@context\":\"https:\\\/\\\/schema.org\",\"@graph\":[{\"@type\":[\"WebPage\",\"ItemPage\"],\"@id\":\"https:\\\/\\\/www.mexicanguitarplayers.com\\\/tienda\\\/iluminacion\\\/leds\\\/efecto\\\/lampara-adj-dotz-brick-3-3\\\/\",\"url\":\"https:\\\/\\\/www.mexicanguitarplayers.com\\\/tienda\\\/iluminacion\\\/leds\\\/efecto\\\/lampara-adj-dotz-brick-3-3\\\/\",\"name\":\"LAMPARA ADJ DOTZ BRICK 3.3 - Mexican Guitar Players\",\"isPartOf\":{\"@id\":\"https:\\\/\\\/www.mexicanguitarplayers.com\\\/#website\"},\"primaryImageOfPage\":{\"@id\":\"https:\\\/\\\/www.mexicanguitarplayers.com\\\/tienda\\\/iluminacion\\\/leds\\\/efecto\\\/lampara-adj-dotz-brick-3-3\\\/#primaryimage\"},\"image\":{\"@id\":\"https:\\\/\\\/www.mexicanguitarplayers.com\\\/tienda\\\/iluminacion\\\/leds\\\/efecto\\\/lampara-adj-dotz-brick-3-3\\\/#primaryimage\"},\"thumbnailUrl\":\"https:\\\/\\\/www.mexicanguitarplayers.com\\\/wp-content\\\/uploads\\\/2022\\\/08\\\/LUADJDOT421.jpg\",\"datePublished\":\"2022-08-18T20:57:49+00:00\",\"dateModified\":\"2026-01-22T10:27:53+00:00\",\"description\":\"LAMPARA ADJ DOTZ BRICK 3.3. L\u00e1mpara LED de 3 x 3 COB TRI \\\/ Blinder Matrix panel, tecnolog\u00eda COB, modos autoinicio, activado por sonido, programas incorporados, y modo controlado por DMX,5 modos de canal DMX: canal 3, 6, 8, 27 o 32, colores y programas incorporados,LED pulse y efecto estrobosc\u00f3pico, \u00e1ngulo de haz: 25 grados, consumo de energ\u00eda:116 watts total, incluye yugo simple para montaje.\",\"breadcrumb\":{\"@id\":\"https:\\\/\\\/www.mexicanguitarplayers.com\\\/tienda\\\/iluminacion\\\/leds\\\/efecto\\\/lampara-adj-dotz-brick-3-3\\\/#breadcrumb\"},\"inLanguage\":\"en-US\",\"potentialAction\":[{\"@type\":\"ReadAction\",\"target\":[\"https:\\\/\\\/www.mexicanguitarplayers.com\\\/tienda\\\/iluminacion\\\/leds\\\/efecto\\\/lampara-adj-dotz-brick-3-3\\\/\"]}]},{\"@type\":\"ImageObject\",\"inLanguage\":\"en-US\",\"@id\":\"https:\\\/\\\/www.mexicanguitarplayers.com\\\/tienda\\\/iluminacion\\\/leds\\\/efecto\\\/lampara-adj-dotz-brick-3-3\\\/#primaryimage\",\"url\":\"https:\\\/\\\/www.mexicanguitarplayers.com\\\/wp-content\\\/uploads\\\/2022\\\/08\\\/LUADJDOT421.jpg\",\"contentUrl\":\"https:\\\/\\\/www.mexicanguitarplayers.com\\\/wp-content\\\/uploads\\\/2022\\\/08\\\/LUADJDOT421.jpg\",\"width\":1200,\"height\":1200},{\"@type\":\"BreadcrumbList\",\"@id\":\"https:\\\/\\\/www.mexicanguitarplayers.com\\\/tienda\\\/iluminacion\\\/leds\\\/efecto\\\/lampara-adj-dotz-brick-3-3\\\/#breadcrumb\",\"itemListElement\":[{\"@type\":\"ListItem\",\"position\":1,\"name\":\"Portada\",\"item\":\"https:\\\/\\\/www.mexicanguitarplayers.com\\\/\"},{\"@type\":\"ListItem\",\"position\":2,\"name\":\"Tienda\",\"item\":\"https:\\\/\\\/www.mexicanguitarplayers.com\\\/tienda\\\/\"},{\"@type\":\"ListItem\",\"position\":3,\"name\":\"LAMPARA ADJ DOTZ BRICK 3.3\"}]},{\"@type\":\"WebSite\",\"@id\":\"https:\\\/\\\/www.mexicanguitarplayers.com\\\/#website\",\"url\":\"https:\\\/\\\/www.mexicanguitarplayers.com\\\/\",\"name\":\"Mexican Guitar Players\",\"description\":\"Website\",\"publisher\":{\"@id\":\"https:\\\/\\\/www.mexicanguitarplayers.com\\\/#organization\"},\"potentialAction\":[{\"@type\":\"SearchAction\",\"target\":{\"@type\":\"EntryPoint\",\"urlTemplate\":\"https:\\\/\\\/www.mexicanguitarplayers.com\\\/?s={search_term_string}\"},\"query-input\":{\"@type\":\"PropertyValueSpecification\",\"valueRequired\":true,\"valueName\":\"search_term_string\"}}],\"inLanguage\":\"en-US\"},{\"@type\":\"Organization\",\"@id\":\"https:\\\/\\\/www.mexicanguitarplayers.com\\\/#organization\",\"name\":\"Mexican Guitar Players\",\"url\":\"https:\\\/\\\/www.mexicanguitarplayers.com\\\/\",\"logo\":{\"@type\":\"ImageObject\",\"inLanguage\":\"en-US\",\"@id\":\"https:\\\/\\\/www.mexicanguitarplayers.com\\\/#\\\/schema\\\/logo\\\/image\\\/\",\"url\":\"\",\"contentUrl\":\"\",\"caption\":\"Mexican Guitar Players\"},\"image\":{\"@id\":\"https:\\\/\\\/www.mexicanguitarplayers.com\\\/#\\\/schema\\\/logo\\\/image\\\/\"}}]}<\/script>\n<!-- \/ Yoast SEO plugin. -->","yoast_head_json":{"title":"LAMPARA ADJ DOTZ BRICK 3.3 - Mexican Guitar Players","description":"LAMPARA ADJ DOTZ BRICK 3.3. L\u00e1mpara LED de 3 x 3 COB TRI \/ Blinder Matrix panel, tecnolog\u00eda COB, modos autoinicio, activado por sonido, programas incorporados, y modo controlado por DMX,5 modos de canal DMX: canal 3, 6, 8, 27 o 32, colores y programas incorporados,LED pulse y efecto estrobosc\u00f3pico, \u00e1ngulo de haz: 25 grados, consumo de energ\u00eda:116 watts total, incluye yugo simple para montaje.","robots":{"index":"index","follow":"follow","max-snippet":"max-snippet:-1","max-image-preview":"max-image-preview:large","max-video-preview":"max-video-preview:-1"},"canonical":"https:\/\/www.mexicanguitarplayers.com\/en\/tienda\/iluminacion\/leds\/efecto\/lampara-adj-dotz-brick-3-3\/","og_locale":"en_US","og_type":"article","og_title":"LAMPARA ADJ DOTZ BRICK 3.3 - Mexican Guitar Players","og_description":"LAMPARA ADJ DOTZ BRICK 3.3. L\u00e1mpara LED de 3 x 3 COB TRI \/ Blinder Matrix panel, tecnolog\u00eda COB, modos autoinicio, activado por sonido, programas incorporados, y modo controlado por DMX,5 modos de canal DMX: canal 3, 6, 8, 27 o 32, colores y programas incorporados,LED pulse y efecto estrobosc\u00f3pico, \u00e1ngulo de haz: 25 grados, consumo de energ\u00eda:116 watts total, incluye yugo simple para montaje.","og_url":"https:\/\/www.mexicanguitarplayers.com\/en\/tienda\/iluminacion\/leds\/efecto\/lampara-adj-dotz-brick-3-3\/","og_site_name":"Mexican Guitar Players","article_modified_time":"2026-01-22T10:27:53+00:00","og_image":[{"width":1200,"height":1200,"url":"https:\/\/www.mexicanguitarplayers.com\/wp-content\/uploads\/2022\/08\/LUADJDOT421.jpg","type":"image\/jpeg"}],"twitter_card":"summary_large_image","schema":{"@context":"https:\/\/schema.org","@graph":[{"@type":["WebPage","ItemPage"],"@id":"https:\/\/www.mexicanguitarplayers.com\/tienda\/iluminacion\/leds\/efecto\/lampara-adj-dotz-brick-3-3\/","url":"https:\/\/www.mexicanguitarplayers.com\/tienda\/iluminacion\/leds\/efecto\/lampara-adj-dotz-brick-3-3\/","name":"LAMPARA ADJ DOTZ BRICK 3.3 - Mexican Guitar Players","isPartOf":{"@id":"https:\/\/www.mexicanguitarplayers.com\/#website"},"primaryImageOfPage":{"@id":"https:\/\/www.mexicanguitarplayers.com\/tienda\/iluminacion\/leds\/efecto\/lampara-adj-dotz-brick-3-3\/#primaryimage"},"image":{"@id":"https:\/\/www.mexicanguitarplayers.com\/tienda\/iluminacion\/leds\/efecto\/lampara-adj-dotz-brick-3-3\/#primaryimage"},"thumbnailUrl":"https:\/\/www.mexicanguitarplayers.com\/wp-content\/uploads\/2022\/08\/LUADJDOT421.jpg","datePublished":"2022-08-18T20:57:49+00:00","dateModified":"2026-01-22T10:27:53+00:00","description":"LAMPARA ADJ DOTZ BRICK 3.3. L\u00e1mpara LED de 3 x 3 COB TRI \/ Blinder Matrix panel, tecnolog\u00eda COB, modos autoinicio, activado por sonido, programas incorporados, y modo controlado por DMX,5 modos de canal DMX: canal 3, 6, 8, 27 o 32, colores y programas incorporados,LED pulse y efecto estrobosc\u00f3pico, \u00e1ngulo de haz: 25 grados, consumo de energ\u00eda:116 watts total, incluye yugo simple para montaje.","breadcrumb":{"@id":"https:\/\/www.mexicanguitarplayers.com\/tienda\/iluminacion\/leds\/efecto\/lampara-adj-dotz-brick-3-3\/#breadcrumb"},"inLanguage":"en-US","potentialAction":[{"@type":"ReadAction","target":["https:\/\/www.mexicanguitarplayers.com\/tienda\/iluminacion\/leds\/efecto\/lampara-adj-dotz-brick-3-3\/"]}]},{"@type":"ImageObject","inLanguage":"en-US","@id":"https:\/\/www.mexicanguitarplayers.com\/tienda\/iluminacion\/leds\/efecto\/lampara-adj-dotz-brick-3-3\/#primaryimage","url":"https:\/\/www.mexicanguitarplayers.com\/wp-content\/uploads\/2022\/08\/LUADJDOT421.jpg","contentUrl":"https:\/\/www.mexicanguitarplayers.com\/wp-content\/uploads\/2022\/08\/LUADJDOT421.jpg","width":1200,"height":1200},{"@type":"BreadcrumbList","@id":"https:\/\/www.mexicanguitarplayers.com\/tienda\/iluminacion\/leds\/efecto\/lampara-adj-dotz-brick-3-3\/#breadcrumb","itemListElement":[{"@type":"ListItem","position":1,"name":"Portada","item":"https:\/\/www.mexicanguitarplayers.com\/"},{"@type":"ListItem","position":2,"name":"Tienda","item":"https:\/\/www.mexicanguitarplayers.com\/tienda\/"},{"@type":"ListItem","position":3,"name":"LAMPARA ADJ DOTZ BRICK 3.3"}]},{"@type":"WebSite","@id":"https:\/\/www.mexicanguitarplayers.com\/#website","url":"https:\/\/www.mexicanguitarplayers.com\/","name":"Mexican Guitar Players","description":"Website","publisher":{"@id":"https:\/\/www.mexicanguitarplayers.com\/#organization"},"potentialAction":[{"@type":"SearchAction","target":{"@type":"EntryPoint","urlTemplate":"https:\/\/www.mexicanguitarplayers.com\/?s={search_term_string}"},"query-input":{"@type":"PropertyValueSpecification","valueRequired":true,"valueName":"search_term_string"}}],"inLanguage":"en-US"},{"@type":"Organization","@id":"https:\/\/www.mexicanguitarplayers.com\/#organization","name":"Mexican Guitar Players","url":"https:\/\/www.mexicanguitarplayers.com\/","logo":{"@type":"ImageObject","inLanguage":"en-US","@id":"https:\/\/www.mexicanguitarplayers.com\/#\/schema\/logo\/image\/","url":"","contentUrl":"","caption":"Mexican Guitar Players"},"image":{"@id":"https:\/\/www.mexicanguitarplayers.com\/#\/schema\/logo\/image\/"}}]}},"brands":[{"id":556,"name":"ADJ","slug":"adj"}],"_links":{"self":[{"href":"https:\/\/www.mexicanguitarplayers.com\/en\/wp-json\/wp\/v2\/product\/15319","targetHints":{"allow":["GET"]}}],"collection":[{"href":"https:\/\/www.mexicanguitarplayers.com\/en\/wp-json\/wp\/v2\/product"}],"about":[{"href":"https:\/\/www.mexicanguitarplayers.com\/en\/wp-json\/wp\/v2\/types\/product"}],"replies":[{"embeddable":true,"href":"https:\/\/www.mexicanguitarplayers.com\/en\/wp-json\/wp\/v2\/comments?post=15319"}],"wp:featuredmedia":[{"embeddable":true,"href":"https:\/\/www.mexicanguitarplayers.com\/en\/wp-json\/wp\/v2\/media\/15318"}],"wp:attachment":[{"href":"https:\/\/www.mexicanguitarplayers.com\/en\/wp-json\/wp\/v2\/media?parent=15319"}],"wp:term":[{"taxonomy":"pwb-brand","embeddable":true,"href":"https:\/\/www.mexicanguitarplayers.com\/en\/wp-json\/wp\/v2\/pwb-brand?post=15319"},{"taxonomy":"product_brand","embeddable":true,"href":"https:\/\/www.mexicanguitarplayers.com\/en\/wp-json\/wp\/v2\/product_brand?post=15319"},{"taxonomy":"product_cat","embeddable":true,"href":"https:\/\/www.mexicanguitarplayers.com\/en\/wp-json\/wp\/v2\/product_cat?post=15319"},{"taxonomy":"product_tag","embeddable":true,"href":"https:\/\/www.mexicanguitarplayers.com\/en\/wp-json\/wp\/v2\/product_tag?post=15319"}],"curies":[{"name":"wp","href":"https:\/\/api.w.org\/{rel}","templated":true}]}}