{"id":15321,"date":"2022-08-18T15:57:52","date_gmt":"2022-08-18T20:57:52","guid":{"rendered":"https:\/\/www.mexicanguitarplayers.com\/tienda\/sin%20categor\u00eda\/lampara-adj-dotz-t-par-system\/"},"modified":"2026-01-22T04:27:50","modified_gmt":"2026-01-22T10:27:50","slug":"lampara-adj-dotz-t-par-system","status":"publish","type":"product","link":"https:\/\/www.mexicanguitarplayers.com\/en\/tienda\/iluminacion\/leds\/pares\/lampara-adj-dotz-t-par-system\/","title":{"rendered":"ADJ DOTZ T-PAR SYSTEM LAMP"},"content":{"rendered":"<div style=\"text-align: justify\">\n<div>\n<h3>ADJ DOTZ T-PAR SYSTEM LAMP<\/h3>\n<\/div>\n<div>Wash COB LED Par system with 4 PAR lamps, COB technology, smooth RGB color mixing, emits less heat, 4 operating modes: Sound activated, auto operation, master\/slave and DMX-512, 15 built-in programs, 5 channel modes DMX: 3, 6, 7, 12 and 18, DMX digital display with 4 button menu, strobe effect and LED pulse, 5 selectable Dim curves, beam angle: 90 degrees, light source: each fixture has 1\u00d730 watts TRI COB LED color, LUX @3M: 1345, power consumption: 144W max whole system, dimensions: 1000 x 285 x 96mm, weight: 16kg, includes 4 COB LED Par Wash fixtures, 1 foot controller, 1 stand, 1 remote control, 1 bag for the stand and 1 soft case for the lighting system.<\/div>\n<\/div>","protected":false},"excerpt":{"rendered":"<p>Sistema Wash COB LED Par con 4 l\u00e1mparas PAR, tecnolog\u00eda COB, suave mezcla de colores RGB, emite menos calor, 4 modos de funcionamiento: Activado por sonido, auto funcionamiento, maestro\/esclavo y DMX- 512, 15 programas incorporados, 5 modosde canal DMX: 3, 6 , 7, 12 y 18, pantalla digital DMX con men\u00fa de 4 botones, efecto estrobosc\u00f3pico y pulso LED, 5 curvas seleccionables Dim, \u00e1ngulo de haz: 90grados, fuente de luz: cada accesorio tiene 1&#215;30 watts TRI color COB LED, LUX @3M: 1345, consumo de energ\u00eda: 144W m\u00e1ximo todo el sistema, dimensiones: 1000 x 285 x 96 mm, peso: 16 kg, incluye 4 dispositivos COB LED Par Wash, 1 pedal controlador, 1 stand, 1 mando a distancia, 1 bolsa para el stand y 1 estuche suave para el sistema de iluminaci\u00f3n.&hellip; <a class=\"kt-excerpt-readmore more-link\" href=\"https:\/\/www.mexicanguitarplayers.com\/en\/tienda\/iluminacion\/leds\/pares\/lampara-adj-dotz-t-par-system\/\">Read more<\/a><\/p>","protected":false},"featured_media":15320,"comment_status":"open","ping_status":"closed","template":"","meta":{"kt_blocks_editor_width":""},"pwb-brand":[556],"product_brand":[],"product_cat":[406,408,409],"product_tag":[],"class_list":{"0":"post-15321","1":"product","2":"type-product","3":"status-publish","4":"has-post-thumbnail","6":"pwb-brand-adj","7":"product_cat-iluminacion","8":"product_cat-leds","9":"product_cat-pares","10":"product_shipping_class-25-30-kg","12":"first","13":"outofstock","14":"taxable","15":"shipping-taxable","16":"purchasable","17":"product-type-simple"},"yoast_head":"<!-- This site is optimized with the Yoast SEO plugin v27.3 - https:\/\/yoast.com\/product\/yoast-seo-wordpress\/ -->\n<title>LAMPARA ADJ DOTZ T-PAR SYSTEM - Mexican Guitar Players<\/title>\n<meta name=\"description\" content=\"LAMPARA ADJ DOTZ T-PAR SYSTEM. Sistema Wash COB LED Par con 4 l\u00e1mparas PAR, tecnolog\u00eda COB, suave mezcla de colores RGB, emite menos calor, 4 modos de funcionamiento: Activado por sonido, auto funcionamiento, maestro\/esclavo y DMX- 512, 15 programas incorporados, 5 modosde canal DMX: 3, 6 , 7, 12 y 18, pantalla digital DMX con men\u00fa de 4 botones, efecto estrobosc\u00f3pico y pulso LED, 5 curvas seleccionables Dim, \u00e1ngulo de haz: 90grados, fuente de luz: cada accesorio tiene 1x30 watts TRI color COB LED, LUX @3M: 1345, consumo de energ\u00eda: 144W m\u00e1ximo todo el sistema, dimensiones: 1000 x 285 x 96 mm, peso: 16 kg, incluye 4 dispositivos COB LED Par Wash, 1 pedal controlador, 1 stand, 1 mando a distancia, 1 bolsa para el stand y 1 estuche suave para el sistema de iluminaci\u00f3n.\" \/>\n<meta name=\"robots\" content=\"index, follow, max-snippet:-1, max-image-preview:large, max-video-preview:-1\" \/>\n<link rel=\"canonical\" href=\"https:\/\/www.mexicanguitarplayers.com\/en\/tienda\/iluminacion\/leds\/pares\/lampara-adj-dotz-t-par-system\/\" \/>\n<meta property=\"og:locale\" content=\"en_US\" \/>\n<meta property=\"og:type\" content=\"article\" \/>\n<meta property=\"og:title\" content=\"LAMPARA ADJ DOTZ T-PAR SYSTEM - Mexican Guitar Players\" \/>\n<meta property=\"og:description\" content=\"LAMPARA ADJ DOTZ T-PAR SYSTEM. Sistema Wash COB LED Par con 4 l\u00e1mparas PAR, tecnolog\u00eda COB, suave mezcla de colores RGB, emite menos calor, 4 modos de funcionamiento: Activado por sonido, auto funcionamiento, maestro\/esclavo y DMX- 512, 15 programas incorporados, 5 modosde canal DMX: 3, 6 , 7, 12 y 18, pantalla digital DMX con men\u00fa de 4 botones, efecto estrobosc\u00f3pico y pulso LED, 5 curvas seleccionables Dim, \u00e1ngulo de haz: 90grados, fuente de luz: cada accesorio tiene 1x30 watts TRI color COB LED, LUX @3M: 1345, consumo de energ\u00eda: 144W m\u00e1ximo todo el sistema, dimensiones: 1000 x 285 x 96 mm, peso: 16 kg, incluye 4 dispositivos COB LED Par Wash, 1 pedal controlador, 1 stand, 1 mando a distancia, 1 bolsa para el stand y 1 estuche suave para el sistema de iluminaci\u00f3n.\" \/>\n<meta property=\"og:url\" content=\"https:\/\/www.mexicanguitarplayers.com\/en\/tienda\/iluminacion\/leds\/pares\/lampara-adj-dotz-t-par-system\/\" \/>\n<meta property=\"og:site_name\" content=\"Mexican Guitar Players\" \/>\n<meta property=\"article:modified_time\" content=\"2026-01-22T10:27:50+00:00\" \/>\n<meta property=\"og:image\" content=\"https:\/\/www.mexicanguitarplayers.com\/wp-content\/uploads\/2022\/08\/LUADJDOT442.jpg\" \/>\n\t<meta property=\"og:image:width\" content=\"800\" \/>\n\t<meta property=\"og:image:height\" content=\"1600\" \/>\n\t<meta property=\"og:image:type\" content=\"image\/jpeg\" \/>\n<meta name=\"twitter:card\" content=\"summary_large_image\" \/>\n<meta name=\"twitter:label1\" content=\"Est. reading time\" \/>\n\t<meta name=\"twitter:data1\" content=\"1 minute\" \/>\n<script type=\"application\/ld+json\" class=\"yoast-schema-graph\">{\"@context\":\"https:\\\/\\\/schema.org\",\"@graph\":[{\"@type\":[\"WebPage\",\"ItemPage\"],\"@id\":\"https:\\\/\\\/www.mexicanguitarplayers.com\\\/tienda\\\/iluminacion\\\/leds\\\/pares\\\/lampara-adj-dotz-t-par-system\\\/\",\"url\":\"https:\\\/\\\/www.mexicanguitarplayers.com\\\/tienda\\\/iluminacion\\\/leds\\\/pares\\\/lampara-adj-dotz-t-par-system\\\/\",\"name\":\"LAMPARA ADJ DOTZ T-PAR SYSTEM - Mexican Guitar Players\",\"isPartOf\":{\"@id\":\"https:\\\/\\\/www.mexicanguitarplayers.com\\\/#website\"},\"primaryImageOfPage\":{\"@id\":\"https:\\\/\\\/www.mexicanguitarplayers.com\\\/tienda\\\/iluminacion\\\/leds\\\/pares\\\/lampara-adj-dotz-t-par-system\\\/#primaryimage\"},\"image\":{\"@id\":\"https:\\\/\\\/www.mexicanguitarplayers.com\\\/tienda\\\/iluminacion\\\/leds\\\/pares\\\/lampara-adj-dotz-t-par-system\\\/#primaryimage\"},\"thumbnailUrl\":\"https:\\\/\\\/www.mexicanguitarplayers.com\\\/wp-content\\\/uploads\\\/2022\\\/08\\\/LUADJDOT442.jpg\",\"datePublished\":\"2022-08-18T20:57:52+00:00\",\"dateModified\":\"2026-01-22T10:27:50+00:00\",\"description\":\"LAMPARA ADJ DOTZ T-PAR SYSTEM. Sistema Wash COB LED Par con 4 l\u00e1mparas PAR, tecnolog\u00eda COB, suave mezcla de colores RGB, emite menos calor, 4 modos de funcionamiento: Activado por sonido, auto funcionamiento, maestro\\\/esclavo y DMX- 512, 15 programas incorporados, 5 modosde canal DMX: 3, 6 , 7, 12 y 18, pantalla digital DMX con men\u00fa de 4 botones, efecto estrobosc\u00f3pico y pulso LED, 5 curvas seleccionables Dim, \u00e1ngulo de haz: 90grados, fuente de luz: cada accesorio tiene 1x30 watts TRI color COB LED, LUX @3M: 1345, consumo de energ\u00eda: 144W m\u00e1ximo todo el sistema, dimensiones: 1000 x 285 x 96 mm, peso: 16 kg, incluye 4 dispositivos COB LED Par Wash, 1 pedal controlador, 1 stand, 1 mando a distancia, 1 bolsa para el stand y 1 estuche suave para el sistema de iluminaci\u00f3n.\",\"breadcrumb\":{\"@id\":\"https:\\\/\\\/www.mexicanguitarplayers.com\\\/tienda\\\/iluminacion\\\/leds\\\/pares\\\/lampara-adj-dotz-t-par-system\\\/#breadcrumb\"},\"inLanguage\":\"en-US\",\"potentialAction\":[{\"@type\":\"ReadAction\",\"target\":[\"https:\\\/\\\/www.mexicanguitarplayers.com\\\/tienda\\\/iluminacion\\\/leds\\\/pares\\\/lampara-adj-dotz-t-par-system\\\/\"]}]},{\"@type\":\"ImageObject\",\"inLanguage\":\"en-US\",\"@id\":\"https:\\\/\\\/www.mexicanguitarplayers.com\\\/tienda\\\/iluminacion\\\/leds\\\/pares\\\/lampara-adj-dotz-t-par-system\\\/#primaryimage\",\"url\":\"https:\\\/\\\/www.mexicanguitarplayers.com\\\/wp-content\\\/uploads\\\/2022\\\/08\\\/LUADJDOT442.jpg\",\"contentUrl\":\"https:\\\/\\\/www.mexicanguitarplayers.com\\\/wp-content\\\/uploads\\\/2022\\\/08\\\/LUADJDOT442.jpg\",\"width\":800,\"height\":1600},{\"@type\":\"BreadcrumbList\",\"@id\":\"https:\\\/\\\/www.mexicanguitarplayers.com\\\/tienda\\\/iluminacion\\\/leds\\\/pares\\\/lampara-adj-dotz-t-par-system\\\/#breadcrumb\",\"itemListElement\":[{\"@type\":\"ListItem\",\"position\":1,\"name\":\"Portada\",\"item\":\"https:\\\/\\\/www.mexicanguitarplayers.com\\\/\"},{\"@type\":\"ListItem\",\"position\":2,\"name\":\"Tienda\",\"item\":\"https:\\\/\\\/www.mexicanguitarplayers.com\\\/tienda\\\/\"},{\"@type\":\"ListItem\",\"position\":3,\"name\":\"LAMPARA ADJ DOTZ T-PAR SYSTEM\"}]},{\"@type\":\"WebSite\",\"@id\":\"https:\\\/\\\/www.mexicanguitarplayers.com\\\/#website\",\"url\":\"https:\\\/\\\/www.mexicanguitarplayers.com\\\/\",\"name\":\"Mexican Guitar Players\",\"description\":\"Website\",\"publisher\":{\"@id\":\"https:\\\/\\\/www.mexicanguitarplayers.com\\\/#organization\"},\"potentialAction\":[{\"@type\":\"SearchAction\",\"target\":{\"@type\":\"EntryPoint\",\"urlTemplate\":\"https:\\\/\\\/www.mexicanguitarplayers.com\\\/?s={search_term_string}\"},\"query-input\":{\"@type\":\"PropertyValueSpecification\",\"valueRequired\":true,\"valueName\":\"search_term_string\"}}],\"inLanguage\":\"en-US\"},{\"@type\":\"Organization\",\"@id\":\"https:\\\/\\\/www.mexicanguitarplayers.com\\\/#organization\",\"name\":\"Mexican Guitar Players\",\"url\":\"https:\\\/\\\/www.mexicanguitarplayers.com\\\/\",\"logo\":{\"@type\":\"ImageObject\",\"inLanguage\":\"en-US\",\"@id\":\"https:\\\/\\\/www.mexicanguitarplayers.com\\\/#\\\/schema\\\/logo\\\/image\\\/\",\"url\":\"\",\"contentUrl\":\"\",\"caption\":\"Mexican Guitar Players\"},\"image\":{\"@id\":\"https:\\\/\\\/www.mexicanguitarplayers.com\\\/#\\\/schema\\\/logo\\\/image\\\/\"}}]}<\/script>\n<!-- \/ Yoast SEO plugin. -->","yoast_head_json":{"title":"LAMPARA ADJ DOTZ T-PAR SYSTEM - Mexican Guitar Players","description":"LAMPARA ADJ DOTZ T-PAR SYSTEM. Sistema Wash COB LED Par con 4 l\u00e1mparas PAR, tecnolog\u00eda COB, suave mezcla de colores RGB, emite menos calor, 4 modos de funcionamiento: Activado por sonido, auto funcionamiento, maestro\/esclavo y DMX- 512, 15 programas incorporados, 5 modosde canal DMX: 3, 6 , 7, 12 y 18, pantalla digital DMX con men\u00fa de 4 botones, efecto estrobosc\u00f3pico y pulso LED, 5 curvas seleccionables Dim, \u00e1ngulo de haz: 90grados, fuente de luz: cada accesorio tiene 1x30 watts TRI color COB LED, LUX @3M: 1345, consumo de energ\u00eda: 144W m\u00e1ximo todo el sistema, dimensiones: 1000 x 285 x 96 mm, peso: 16 kg, incluye 4 dispositivos COB LED Par Wash, 1 pedal controlador, 1 stand, 1 mando a distancia, 1 bolsa para el stand y 1 estuche suave para el sistema de iluminaci\u00f3n.","robots":{"index":"index","follow":"follow","max-snippet":"max-snippet:-1","max-image-preview":"max-image-preview:large","max-video-preview":"max-video-preview:-1"},"canonical":"https:\/\/www.mexicanguitarplayers.com\/en\/tienda\/iluminacion\/leds\/pares\/lampara-adj-dotz-t-par-system\/","og_locale":"en_US","og_type":"article","og_title":"LAMPARA ADJ DOTZ T-PAR SYSTEM - Mexican Guitar Players","og_description":"LAMPARA ADJ DOTZ T-PAR SYSTEM. Sistema Wash COB LED Par con 4 l\u00e1mparas PAR, tecnolog\u00eda COB, suave mezcla de colores RGB, emite menos calor, 4 modos de funcionamiento: Activado por sonido, auto funcionamiento, maestro\/esclavo y DMX- 512, 15 programas incorporados, 5 modosde canal DMX: 3, 6 , 7, 12 y 18, pantalla digital DMX con men\u00fa de 4 botones, efecto estrobosc\u00f3pico y pulso LED, 5 curvas seleccionables Dim, \u00e1ngulo de haz: 90grados, fuente de luz: cada accesorio tiene 1x30 watts TRI color COB LED, LUX @3M: 1345, consumo de energ\u00eda: 144W m\u00e1ximo todo el sistema, dimensiones: 1000 x 285 x 96 mm, peso: 16 kg, incluye 4 dispositivos COB LED Par Wash, 1 pedal controlador, 1 stand, 1 mando a distancia, 1 bolsa para el stand y 1 estuche suave para el sistema de iluminaci\u00f3n.","og_url":"https:\/\/www.mexicanguitarplayers.com\/en\/tienda\/iluminacion\/leds\/pares\/lampara-adj-dotz-t-par-system\/","og_site_name":"Mexican Guitar Players","article_modified_time":"2026-01-22T10:27:50+00:00","og_image":[{"width":800,"height":1600,"url":"https:\/\/www.mexicanguitarplayers.com\/wp-content\/uploads\/2022\/08\/LUADJDOT442.jpg","type":"image\/jpeg"}],"twitter_card":"summary_large_image","twitter_misc":{"Est. reading time":"1 minute"},"schema":{"@context":"https:\/\/schema.org","@graph":[{"@type":["WebPage","ItemPage"],"@id":"https:\/\/www.mexicanguitarplayers.com\/tienda\/iluminacion\/leds\/pares\/lampara-adj-dotz-t-par-system\/","url":"https:\/\/www.mexicanguitarplayers.com\/tienda\/iluminacion\/leds\/pares\/lampara-adj-dotz-t-par-system\/","name":"LAMPARA ADJ DOTZ T-PAR SYSTEM - Mexican Guitar Players","isPartOf":{"@id":"https:\/\/www.mexicanguitarplayers.com\/#website"},"primaryImageOfPage":{"@id":"https:\/\/www.mexicanguitarplayers.com\/tienda\/iluminacion\/leds\/pares\/lampara-adj-dotz-t-par-system\/#primaryimage"},"image":{"@id":"https:\/\/www.mexicanguitarplayers.com\/tienda\/iluminacion\/leds\/pares\/lampara-adj-dotz-t-par-system\/#primaryimage"},"thumbnailUrl":"https:\/\/www.mexicanguitarplayers.com\/wp-content\/uploads\/2022\/08\/LUADJDOT442.jpg","datePublished":"2022-08-18T20:57:52+00:00","dateModified":"2026-01-22T10:27:50+00:00","description":"LAMPARA ADJ DOTZ T-PAR SYSTEM. Sistema Wash COB LED Par con 4 l\u00e1mparas PAR, tecnolog\u00eda COB, suave mezcla de colores RGB, emite menos calor, 4 modos de funcionamiento: Activado por sonido, auto funcionamiento, maestro\/esclavo y DMX- 512, 15 programas incorporados, 5 modosde canal DMX: 3, 6 , 7, 12 y 18, pantalla digital DMX con men\u00fa de 4 botones, efecto estrobosc\u00f3pico y pulso LED, 5 curvas seleccionables Dim, \u00e1ngulo de haz: 90grados, fuente de luz: cada accesorio tiene 1x30 watts TRI color COB LED, LUX @3M: 1345, consumo de energ\u00eda: 144W m\u00e1ximo todo el sistema, dimensiones: 1000 x 285 x 96 mm, peso: 16 kg, incluye 4 dispositivos COB LED Par Wash, 1 pedal controlador, 1 stand, 1 mando a distancia, 1 bolsa para el stand y 1 estuche suave para el sistema de iluminaci\u00f3n.","breadcrumb":{"@id":"https:\/\/www.mexicanguitarplayers.com\/tienda\/iluminacion\/leds\/pares\/lampara-adj-dotz-t-par-system\/#breadcrumb"},"inLanguage":"en-US","potentialAction":[{"@type":"ReadAction","target":["https:\/\/www.mexicanguitarplayers.com\/tienda\/iluminacion\/leds\/pares\/lampara-adj-dotz-t-par-system\/"]}]},{"@type":"ImageObject","inLanguage":"en-US","@id":"https:\/\/www.mexicanguitarplayers.com\/tienda\/iluminacion\/leds\/pares\/lampara-adj-dotz-t-par-system\/#primaryimage","url":"https:\/\/www.mexicanguitarplayers.com\/wp-content\/uploads\/2022\/08\/LUADJDOT442.jpg","contentUrl":"https:\/\/www.mexicanguitarplayers.com\/wp-content\/uploads\/2022\/08\/LUADJDOT442.jpg","width":800,"height":1600},{"@type":"BreadcrumbList","@id":"https:\/\/www.mexicanguitarplayers.com\/tienda\/iluminacion\/leds\/pares\/lampara-adj-dotz-t-par-system\/#breadcrumb","itemListElement":[{"@type":"ListItem","position":1,"name":"Portada","item":"https:\/\/www.mexicanguitarplayers.com\/"},{"@type":"ListItem","position":2,"name":"Tienda","item":"https:\/\/www.mexicanguitarplayers.com\/tienda\/"},{"@type":"ListItem","position":3,"name":"LAMPARA ADJ DOTZ T-PAR SYSTEM"}]},{"@type":"WebSite","@id":"https:\/\/www.mexicanguitarplayers.com\/#website","url":"https:\/\/www.mexicanguitarplayers.com\/","name":"Mexican Guitar Players","description":"Website","publisher":{"@id":"https:\/\/www.mexicanguitarplayers.com\/#organization"},"potentialAction":[{"@type":"SearchAction","target":{"@type":"EntryPoint","urlTemplate":"https:\/\/www.mexicanguitarplayers.com\/?s={search_term_string}"},"query-input":{"@type":"PropertyValueSpecification","valueRequired":true,"valueName":"search_term_string"}}],"inLanguage":"en-US"},{"@type":"Organization","@id":"https:\/\/www.mexicanguitarplayers.com\/#organization","name":"Mexican Guitar Players","url":"https:\/\/www.mexicanguitarplayers.com\/","logo":{"@type":"ImageObject","inLanguage":"en-US","@id":"https:\/\/www.mexicanguitarplayers.com\/#\/schema\/logo\/image\/","url":"","contentUrl":"","caption":"Mexican Guitar Players"},"image":{"@id":"https:\/\/www.mexicanguitarplayers.com\/#\/schema\/logo\/image\/"}}]}},"brands":[{"id":556,"name":"ADJ","slug":"adj"}],"_links":{"self":[{"href":"https:\/\/www.mexicanguitarplayers.com\/en\/wp-json\/wp\/v2\/product\/15321","targetHints":{"allow":["GET"]}}],"collection":[{"href":"https:\/\/www.mexicanguitarplayers.com\/en\/wp-json\/wp\/v2\/product"}],"about":[{"href":"https:\/\/www.mexicanguitarplayers.com\/en\/wp-json\/wp\/v2\/types\/product"}],"replies":[{"embeddable":true,"href":"https:\/\/www.mexicanguitarplayers.com\/en\/wp-json\/wp\/v2\/comments?post=15321"}],"wp:featuredmedia":[{"embeddable":true,"href":"https:\/\/www.mexicanguitarplayers.com\/en\/wp-json\/wp\/v2\/media\/15320"}],"wp:attachment":[{"href":"https:\/\/www.mexicanguitarplayers.com\/en\/wp-json\/wp\/v2\/media?parent=15321"}],"wp:term":[{"taxonomy":"pwb-brand","embeddable":true,"href":"https:\/\/www.mexicanguitarplayers.com\/en\/wp-json\/wp\/v2\/pwb-brand?post=15321"},{"taxonomy":"product_brand","embeddable":true,"href":"https:\/\/www.mexicanguitarplayers.com\/en\/wp-json\/wp\/v2\/product_brand?post=15321"},{"taxonomy":"product_cat","embeddable":true,"href":"https:\/\/www.mexicanguitarplayers.com\/en\/wp-json\/wp\/v2\/product_cat?post=15321"},{"taxonomy":"product_tag","embeddable":true,"href":"https:\/\/www.mexicanguitarplayers.com\/en\/wp-json\/wp\/v2\/product_tag?post=15321"}],"curies":[{"name":"wp","href":"https:\/\/api.w.org\/{rel}","templated":true}]}}