{"id":15331,"date":"2022-08-18T15:58:03","date_gmt":"2022-08-18T20:58:03","guid":{"rendered":"https:\/\/www.mexicanguitarplayers.com\/tienda\/sin%20categor\u00eda\/lampara-adj-illusion-dotz-3-3\/"},"modified":"2026-01-22T04:27:41","modified_gmt":"2026-01-22T10:27:41","slug":"lampara-adj-illusion-dotz-3-3","status":"publish","type":"product","link":"https:\/\/www.mexicanguitarplayers.com\/en\/tienda\/iluminacion\/iluminacion-convencional\/cabezas-moviles\/lampara-adj-illusion-dotz-3-3\/","title":{"rendered":"ADJ ILLUSION DOTZ 3.3 LAMP"},"content":{"rendered":"<div style=\"text-align: justify\">\n<div>\n<h3>ADJ ILLUSION DOTZ 3.3 LAMP<\/h3>\n<\/div>\n<div>Moving head with 3\u00d73 Matrix of controllable pixel color TRI LEDs, light source: 9 TRI RGB LED COB of 30 watts, 3 operating modes: Controlled by DMX, Sound Activated and Auto Show, editing of programs and scenes in internal memory, pan and tilt reversal, 3 DMX modes; 14\/12\/38 channels, RDMX compatibility, beam angle: 15 degrees, lateral tilt: 360 degrees or 540 degrees, vertical tilt: 270 degrees, 5 selectable Dim curves, strobe effect, digital display for adjustments, works as stand alone or configuration Master-Slave, I\/O RJ45 to control with Artnet\/KlingNet, power consumption: 285 watts maximum.<\/div>\n<\/div>","protected":false},"excerpt":{"rendered":"<p>Cabeza m\u00f3vil con 3&#215;3 Matrix de TRI LEDs de color de pixel controlables, fuente de luz: 9 TRI RGB LED COB de 30 watts, 3 modos de funcionamiento: Controlado porDMX, Activado por sonido y Auto Show, edici\u00f3n de programas y escenas en la memoria interna, inversi\u00f3n de inclinaci\u00f3n lateral y vertical, 3 modos DMX; 14\/12\/38 canales, compatibilidad RDMX, \u00e1ngulo de haz: 15 grados, inclinaci\u00f3n lateral: 360grados o 540 grados, inclinaci\u00f3n vertical: 270 grados, 5 curvas Dim seleccionables, efecto estrobosc\u00f3pico, display digital para ajustes, funciona como stand alone o configuraci\u00f3n Maestro-Esclavo, E\/S RJ45 para controlar con Artnet\/KlingNet,consumo de energ\u00eda: 285 watts m\u00e1ximo.&hellip; <a class=\"kt-excerpt-readmore more-link\" href=\"https:\/\/www.mexicanguitarplayers.com\/en\/tienda\/iluminacion\/iluminacion-convencional\/cabezas-moviles\/lampara-adj-illusion-dotz-3-3\/\">Read more<\/a><\/p>","protected":false},"featured_media":15330,"comment_status":"open","ping_status":"closed","template":"","meta":{"kt_blocks_editor_width":""},"pwb-brand":[556],"product_brand":[],"product_cat":[548,406,547],"product_tag":[],"class_list":{"0":"post-15331","1":"product","2":"type-product","3":"status-publish","4":"has-post-thumbnail","6":"pwb-brand-adj","7":"product_cat-cabezas-moviles","8":"product_cat-iluminacion","9":"product_cat-iluminacion-convencional","10":"product_shipping_class-20-25-kg","12":"first","13":"outofstock","14":"taxable","15":"shipping-taxable","16":"purchasable","17":"product-type-simple"},"yoast_head":"<!-- This site is optimized with the Yoast SEO plugin v27.3 - https:\/\/yoast.com\/product\/yoast-seo-wordpress\/ -->\n<title>LAMPARA ADJ ILLUSION DOTZ 3.3 - Mexican Guitar Players<\/title>\n<meta name=\"description\" content=\"LAMPARA ADJ ILLUSION DOTZ 3.3. Cabeza m\u00f3vil con 3x3 Matrix de TRI LEDs de color de pixel controlables, fuente de luz: 9 TRI RGB LED COB de 30 watts, 3 modos de funcionamiento: Controlado porDMX, Activado por sonido y Auto Show, edici\u00f3n de programas y escenas en la memoria interna, inversi\u00f3n de inclinaci\u00f3n lateral y vertical, 3 modos DMX; 14\/12\/38 canales, compatibilidad RDMX, \u00e1ngulo de haz: 15 grados, inclinaci\u00f3n lateral: 360grados o 540 grados, inclinaci\u00f3n vertical: 270 grados, 5 curvas Dim seleccionables, efecto estrobosc\u00f3pico, display digital para ajustes, funciona como stand alone o configuraci\u00f3n Maestro-Esclavo, E\/S RJ45 para controlar con Artnet\/KlingNet,consumo de energ\u00eda: 285 watts m\u00e1ximo.\" \/>\n<meta name=\"robots\" content=\"index, follow, max-snippet:-1, max-image-preview:large, max-video-preview:-1\" \/>\n<link rel=\"canonical\" href=\"https:\/\/www.mexicanguitarplayers.com\/en\/tienda\/iluminacion\/iluminacion-convencional\/cabezas-moviles\/lampara-adj-illusion-dotz-3-3\/\" \/>\n<meta property=\"og:locale\" content=\"en_US\" \/>\n<meta property=\"og:type\" content=\"article\" \/>\n<meta property=\"og:title\" content=\"LAMPARA ADJ ILLUSION DOTZ 3.3 - Mexican Guitar Players\" \/>\n<meta property=\"og:description\" content=\"LAMPARA ADJ ILLUSION DOTZ 3.3. Cabeza m\u00f3vil con 3x3 Matrix de TRI LEDs de color de pixel controlables, fuente de luz: 9 TRI RGB LED COB de 30 watts, 3 modos de funcionamiento: Controlado porDMX, Activado por sonido y Auto Show, edici\u00f3n de programas y escenas en la memoria interna, inversi\u00f3n de inclinaci\u00f3n lateral y vertical, 3 modos DMX; 14\/12\/38 canales, compatibilidad RDMX, \u00e1ngulo de haz: 15 grados, inclinaci\u00f3n lateral: 360grados o 540 grados, inclinaci\u00f3n vertical: 270 grados, 5 curvas Dim seleccionables, efecto estrobosc\u00f3pico, display digital para ajustes, funciona como stand alone o configuraci\u00f3n Maestro-Esclavo, E\/S RJ45 para controlar con Artnet\/KlingNet,consumo de energ\u00eda: 285 watts m\u00e1ximo.\" \/>\n<meta property=\"og:url\" content=\"https:\/\/www.mexicanguitarplayers.com\/en\/tienda\/iluminacion\/iluminacion-convencional\/cabezas-moviles\/lampara-adj-illusion-dotz-3-3\/\" \/>\n<meta property=\"og:site_name\" content=\"Mexican Guitar Players\" \/>\n<meta property=\"article:modified_time\" content=\"2026-01-22T10:27:41+00:00\" \/>\n<meta property=\"og:image\" content=\"https:\/\/www.mexicanguitarplayers.com\/wp-content\/uploads\/2022\/08\/LUADJILL330.jpg\" \/>\n\t<meta property=\"og:image:width\" content=\"1200\" \/>\n\t<meta property=\"og:image:height\" content=\"1200\" \/>\n\t<meta property=\"og:image:type\" content=\"image\/jpeg\" \/>\n<meta name=\"twitter:card\" content=\"summary_large_image\" \/>\n<meta name=\"twitter:label1\" content=\"Est. reading time\" \/>\n\t<meta name=\"twitter:data1\" content=\"1 minute\" \/>\n<script type=\"application\/ld+json\" class=\"yoast-schema-graph\">{\"@context\":\"https:\\\/\\\/schema.org\",\"@graph\":[{\"@type\":[\"WebPage\",\"ItemPage\"],\"@id\":\"https:\\\/\\\/www.mexicanguitarplayers.com\\\/tienda\\\/iluminacion\\\/iluminacion-convencional\\\/cabezas-moviles\\\/lampara-adj-illusion-dotz-3-3\\\/\",\"url\":\"https:\\\/\\\/www.mexicanguitarplayers.com\\\/tienda\\\/iluminacion\\\/iluminacion-convencional\\\/cabezas-moviles\\\/lampara-adj-illusion-dotz-3-3\\\/\",\"name\":\"LAMPARA ADJ ILLUSION DOTZ 3.3 - Mexican Guitar Players\",\"isPartOf\":{\"@id\":\"https:\\\/\\\/www.mexicanguitarplayers.com\\\/#website\"},\"primaryImageOfPage\":{\"@id\":\"https:\\\/\\\/www.mexicanguitarplayers.com\\\/tienda\\\/iluminacion\\\/iluminacion-convencional\\\/cabezas-moviles\\\/lampara-adj-illusion-dotz-3-3\\\/#primaryimage\"},\"image\":{\"@id\":\"https:\\\/\\\/www.mexicanguitarplayers.com\\\/tienda\\\/iluminacion\\\/iluminacion-convencional\\\/cabezas-moviles\\\/lampara-adj-illusion-dotz-3-3\\\/#primaryimage\"},\"thumbnailUrl\":\"https:\\\/\\\/www.mexicanguitarplayers.com\\\/wp-content\\\/uploads\\\/2022\\\/08\\\/LUADJILL330.jpg\",\"datePublished\":\"2022-08-18T20:58:03+00:00\",\"dateModified\":\"2026-01-22T10:27:41+00:00\",\"description\":\"LAMPARA ADJ ILLUSION DOTZ 3.3. Cabeza m\u00f3vil con 3x3 Matrix de TRI LEDs de color de pixel controlables, fuente de luz: 9 TRI RGB LED COB de 30 watts, 3 modos de funcionamiento: Controlado porDMX, Activado por sonido y Auto Show, edici\u00f3n de programas y escenas en la memoria interna, inversi\u00f3n de inclinaci\u00f3n lateral y vertical, 3 modos DMX; 14\\\/12\\\/38 canales, compatibilidad RDMX, \u00e1ngulo de haz: 15 grados, inclinaci\u00f3n lateral: 360grados o 540 grados, inclinaci\u00f3n vertical: 270 grados, 5 curvas Dim seleccionables, efecto estrobosc\u00f3pico, display digital para ajustes, funciona como stand alone o configuraci\u00f3n Maestro-Esclavo, E\\\/S RJ45 para controlar con Artnet\\\/KlingNet,consumo de energ\u00eda: 285 watts m\u00e1ximo.\",\"breadcrumb\":{\"@id\":\"https:\\\/\\\/www.mexicanguitarplayers.com\\\/tienda\\\/iluminacion\\\/iluminacion-convencional\\\/cabezas-moviles\\\/lampara-adj-illusion-dotz-3-3\\\/#breadcrumb\"},\"inLanguage\":\"en-US\",\"potentialAction\":[{\"@type\":\"ReadAction\",\"target\":[\"https:\\\/\\\/www.mexicanguitarplayers.com\\\/tienda\\\/iluminacion\\\/iluminacion-convencional\\\/cabezas-moviles\\\/lampara-adj-illusion-dotz-3-3\\\/\"]}]},{\"@type\":\"ImageObject\",\"inLanguage\":\"en-US\",\"@id\":\"https:\\\/\\\/www.mexicanguitarplayers.com\\\/tienda\\\/iluminacion\\\/iluminacion-convencional\\\/cabezas-moviles\\\/lampara-adj-illusion-dotz-3-3\\\/#primaryimage\",\"url\":\"https:\\\/\\\/www.mexicanguitarplayers.com\\\/wp-content\\\/uploads\\\/2022\\\/08\\\/LUADJILL330.jpg\",\"contentUrl\":\"https:\\\/\\\/www.mexicanguitarplayers.com\\\/wp-content\\\/uploads\\\/2022\\\/08\\\/LUADJILL330.jpg\",\"width\":1200,\"height\":1200},{\"@type\":\"BreadcrumbList\",\"@id\":\"https:\\\/\\\/www.mexicanguitarplayers.com\\\/tienda\\\/iluminacion\\\/iluminacion-convencional\\\/cabezas-moviles\\\/lampara-adj-illusion-dotz-3-3\\\/#breadcrumb\",\"itemListElement\":[{\"@type\":\"ListItem\",\"position\":1,\"name\":\"Portada\",\"item\":\"https:\\\/\\\/www.mexicanguitarplayers.com\\\/\"},{\"@type\":\"ListItem\",\"position\":2,\"name\":\"Tienda\",\"item\":\"https:\\\/\\\/www.mexicanguitarplayers.com\\\/tienda\\\/\"},{\"@type\":\"ListItem\",\"position\":3,\"name\":\"LAMPARA ADJ ILLUSION DOTZ 3.3\"}]},{\"@type\":\"WebSite\",\"@id\":\"https:\\\/\\\/www.mexicanguitarplayers.com\\\/#website\",\"url\":\"https:\\\/\\\/www.mexicanguitarplayers.com\\\/\",\"name\":\"Mexican Guitar Players\",\"description\":\"Website\",\"publisher\":{\"@id\":\"https:\\\/\\\/www.mexicanguitarplayers.com\\\/#organization\"},\"potentialAction\":[{\"@type\":\"SearchAction\",\"target\":{\"@type\":\"EntryPoint\",\"urlTemplate\":\"https:\\\/\\\/www.mexicanguitarplayers.com\\\/?s={search_term_string}\"},\"query-input\":{\"@type\":\"PropertyValueSpecification\",\"valueRequired\":true,\"valueName\":\"search_term_string\"}}],\"inLanguage\":\"en-US\"},{\"@type\":\"Organization\",\"@id\":\"https:\\\/\\\/www.mexicanguitarplayers.com\\\/#organization\",\"name\":\"Mexican Guitar Players\",\"url\":\"https:\\\/\\\/www.mexicanguitarplayers.com\\\/\",\"logo\":{\"@type\":\"ImageObject\",\"inLanguage\":\"en-US\",\"@id\":\"https:\\\/\\\/www.mexicanguitarplayers.com\\\/#\\\/schema\\\/logo\\\/image\\\/\",\"url\":\"\",\"contentUrl\":\"\",\"caption\":\"Mexican Guitar Players\"},\"image\":{\"@id\":\"https:\\\/\\\/www.mexicanguitarplayers.com\\\/#\\\/schema\\\/logo\\\/image\\\/\"}}]}<\/script>\n<!-- \/ Yoast SEO plugin. -->","yoast_head_json":{"title":"LAMPARA ADJ ILLUSION DOTZ 3.3 - Mexican Guitar Players","description":"LAMPARA ADJ ILLUSION DOTZ 3.3. Cabeza m\u00f3vil con 3x3 Matrix de TRI LEDs de color de pixel controlables, fuente de luz: 9 TRI RGB LED COB de 30 watts, 3 modos de funcionamiento: Controlado porDMX, Activado por sonido y Auto Show, edici\u00f3n de programas y escenas en la memoria interna, inversi\u00f3n de inclinaci\u00f3n lateral y vertical, 3 modos DMX; 14\/12\/38 canales, compatibilidad RDMX, \u00e1ngulo de haz: 15 grados, inclinaci\u00f3n lateral: 360grados o 540 grados, inclinaci\u00f3n vertical: 270 grados, 5 curvas Dim seleccionables, efecto estrobosc\u00f3pico, display digital para ajustes, funciona como stand alone o configuraci\u00f3n Maestro-Esclavo, E\/S RJ45 para controlar con Artnet\/KlingNet,consumo de energ\u00eda: 285 watts m\u00e1ximo.","robots":{"index":"index","follow":"follow","max-snippet":"max-snippet:-1","max-image-preview":"max-image-preview:large","max-video-preview":"max-video-preview:-1"},"canonical":"https:\/\/www.mexicanguitarplayers.com\/en\/tienda\/iluminacion\/iluminacion-convencional\/cabezas-moviles\/lampara-adj-illusion-dotz-3-3\/","og_locale":"en_US","og_type":"article","og_title":"LAMPARA ADJ ILLUSION DOTZ 3.3 - Mexican Guitar Players","og_description":"LAMPARA ADJ ILLUSION DOTZ 3.3. Cabeza m\u00f3vil con 3x3 Matrix de TRI LEDs de color de pixel controlables, fuente de luz: 9 TRI RGB LED COB de 30 watts, 3 modos de funcionamiento: Controlado porDMX, Activado por sonido y Auto Show, edici\u00f3n de programas y escenas en la memoria interna, inversi\u00f3n de inclinaci\u00f3n lateral y vertical, 3 modos DMX; 14\/12\/38 canales, compatibilidad RDMX, \u00e1ngulo de haz: 15 grados, inclinaci\u00f3n lateral: 360grados o 540 grados, inclinaci\u00f3n vertical: 270 grados, 5 curvas Dim seleccionables, efecto estrobosc\u00f3pico, display digital para ajustes, funciona como stand alone o configuraci\u00f3n Maestro-Esclavo, E\/S RJ45 para controlar con Artnet\/KlingNet,consumo de energ\u00eda: 285 watts m\u00e1ximo.","og_url":"https:\/\/www.mexicanguitarplayers.com\/en\/tienda\/iluminacion\/iluminacion-convencional\/cabezas-moviles\/lampara-adj-illusion-dotz-3-3\/","og_site_name":"Mexican Guitar Players","article_modified_time":"2026-01-22T10:27:41+00:00","og_image":[{"width":1200,"height":1200,"url":"https:\/\/www.mexicanguitarplayers.com\/wp-content\/uploads\/2022\/08\/LUADJILL330.jpg","type":"image\/jpeg"}],"twitter_card":"summary_large_image","twitter_misc":{"Est. reading time":"1 minute"},"schema":{"@context":"https:\/\/schema.org","@graph":[{"@type":["WebPage","ItemPage"],"@id":"https:\/\/www.mexicanguitarplayers.com\/tienda\/iluminacion\/iluminacion-convencional\/cabezas-moviles\/lampara-adj-illusion-dotz-3-3\/","url":"https:\/\/www.mexicanguitarplayers.com\/tienda\/iluminacion\/iluminacion-convencional\/cabezas-moviles\/lampara-adj-illusion-dotz-3-3\/","name":"LAMPARA ADJ ILLUSION DOTZ 3.3 - Mexican Guitar Players","isPartOf":{"@id":"https:\/\/www.mexicanguitarplayers.com\/#website"},"primaryImageOfPage":{"@id":"https:\/\/www.mexicanguitarplayers.com\/tienda\/iluminacion\/iluminacion-convencional\/cabezas-moviles\/lampara-adj-illusion-dotz-3-3\/#primaryimage"},"image":{"@id":"https:\/\/www.mexicanguitarplayers.com\/tienda\/iluminacion\/iluminacion-convencional\/cabezas-moviles\/lampara-adj-illusion-dotz-3-3\/#primaryimage"},"thumbnailUrl":"https:\/\/www.mexicanguitarplayers.com\/wp-content\/uploads\/2022\/08\/LUADJILL330.jpg","datePublished":"2022-08-18T20:58:03+00:00","dateModified":"2026-01-22T10:27:41+00:00","description":"LAMPARA ADJ ILLUSION DOTZ 3.3. Cabeza m\u00f3vil con 3x3 Matrix de TRI LEDs de color de pixel controlables, fuente de luz: 9 TRI RGB LED COB de 30 watts, 3 modos de funcionamiento: Controlado porDMX, Activado por sonido y Auto Show, edici\u00f3n de programas y escenas en la memoria interna, inversi\u00f3n de inclinaci\u00f3n lateral y vertical, 3 modos DMX; 14\/12\/38 canales, compatibilidad RDMX, \u00e1ngulo de haz: 15 grados, inclinaci\u00f3n lateral: 360grados o 540 grados, inclinaci\u00f3n vertical: 270 grados, 5 curvas Dim seleccionables, efecto estrobosc\u00f3pico, display digital para ajustes, funciona como stand alone o configuraci\u00f3n Maestro-Esclavo, E\/S RJ45 para controlar con Artnet\/KlingNet,consumo de energ\u00eda: 285 watts m\u00e1ximo.","breadcrumb":{"@id":"https:\/\/www.mexicanguitarplayers.com\/tienda\/iluminacion\/iluminacion-convencional\/cabezas-moviles\/lampara-adj-illusion-dotz-3-3\/#breadcrumb"},"inLanguage":"en-US","potentialAction":[{"@type":"ReadAction","target":["https:\/\/www.mexicanguitarplayers.com\/tienda\/iluminacion\/iluminacion-convencional\/cabezas-moviles\/lampara-adj-illusion-dotz-3-3\/"]}]},{"@type":"ImageObject","inLanguage":"en-US","@id":"https:\/\/www.mexicanguitarplayers.com\/tienda\/iluminacion\/iluminacion-convencional\/cabezas-moviles\/lampara-adj-illusion-dotz-3-3\/#primaryimage","url":"https:\/\/www.mexicanguitarplayers.com\/wp-content\/uploads\/2022\/08\/LUADJILL330.jpg","contentUrl":"https:\/\/www.mexicanguitarplayers.com\/wp-content\/uploads\/2022\/08\/LUADJILL330.jpg","width":1200,"height":1200},{"@type":"BreadcrumbList","@id":"https:\/\/www.mexicanguitarplayers.com\/tienda\/iluminacion\/iluminacion-convencional\/cabezas-moviles\/lampara-adj-illusion-dotz-3-3\/#breadcrumb","itemListElement":[{"@type":"ListItem","position":1,"name":"Portada","item":"https:\/\/www.mexicanguitarplayers.com\/"},{"@type":"ListItem","position":2,"name":"Tienda","item":"https:\/\/www.mexicanguitarplayers.com\/tienda\/"},{"@type":"ListItem","position":3,"name":"LAMPARA ADJ ILLUSION DOTZ 3.3"}]},{"@type":"WebSite","@id":"https:\/\/www.mexicanguitarplayers.com\/#website","url":"https:\/\/www.mexicanguitarplayers.com\/","name":"Mexican Guitar Players","description":"Website","publisher":{"@id":"https:\/\/www.mexicanguitarplayers.com\/#organization"},"potentialAction":[{"@type":"SearchAction","target":{"@type":"EntryPoint","urlTemplate":"https:\/\/www.mexicanguitarplayers.com\/?s={search_term_string}"},"query-input":{"@type":"PropertyValueSpecification","valueRequired":true,"valueName":"search_term_string"}}],"inLanguage":"en-US"},{"@type":"Organization","@id":"https:\/\/www.mexicanguitarplayers.com\/#organization","name":"Mexican Guitar Players","url":"https:\/\/www.mexicanguitarplayers.com\/","logo":{"@type":"ImageObject","inLanguage":"en-US","@id":"https:\/\/www.mexicanguitarplayers.com\/#\/schema\/logo\/image\/","url":"","contentUrl":"","caption":"Mexican Guitar Players"},"image":{"@id":"https:\/\/www.mexicanguitarplayers.com\/#\/schema\/logo\/image\/"}}]}},"brands":[{"id":556,"name":"ADJ","slug":"adj"}],"_links":{"self":[{"href":"https:\/\/www.mexicanguitarplayers.com\/en\/wp-json\/wp\/v2\/product\/15331","targetHints":{"allow":["GET"]}}],"collection":[{"href":"https:\/\/www.mexicanguitarplayers.com\/en\/wp-json\/wp\/v2\/product"}],"about":[{"href":"https:\/\/www.mexicanguitarplayers.com\/en\/wp-json\/wp\/v2\/types\/product"}],"replies":[{"embeddable":true,"href":"https:\/\/www.mexicanguitarplayers.com\/en\/wp-json\/wp\/v2\/comments?post=15331"}],"wp:featuredmedia":[{"embeddable":true,"href":"https:\/\/www.mexicanguitarplayers.com\/en\/wp-json\/wp\/v2\/media\/15330"}],"wp:attachment":[{"href":"https:\/\/www.mexicanguitarplayers.com\/en\/wp-json\/wp\/v2\/media?parent=15331"}],"wp:term":[{"taxonomy":"pwb-brand","embeddable":true,"href":"https:\/\/www.mexicanguitarplayers.com\/en\/wp-json\/wp\/v2\/pwb-brand?post=15331"},{"taxonomy":"product_brand","embeddable":true,"href":"https:\/\/www.mexicanguitarplayers.com\/en\/wp-json\/wp\/v2\/product_brand?post=15331"},{"taxonomy":"product_cat","embeddable":true,"href":"https:\/\/www.mexicanguitarplayers.com\/en\/wp-json\/wp\/v2\/product_cat?post=15331"},{"taxonomy":"product_tag","embeddable":true,"href":"https:\/\/www.mexicanguitarplayers.com\/en\/wp-json\/wp\/v2\/product_tag?post=15331"}],"curies":[{"name":"wp","href":"https:\/\/api.w.org\/{rel}","templated":true}]}}