{"id":15354,"date":"2022-08-18T15:58:33","date_gmt":"2022-08-18T20:58:33","guid":{"rendered":"https:\/\/www.mexicanguitarplayers.com\/tienda\/sin%20categor\u00eda\/lampara-adj-matrix-beam-led\/"},"modified":"2026-01-22T04:27:13","modified_gmt":"2026-01-22T10:27:13","slug":"lampara-adj-matrix-beam-led","status":"publish","type":"product","link":"https:\/\/www.mexicanguitarplayers.com\/en\/tienda\/iluminacion\/leds\/efecto\/lampara-adj-matrix-beam-led\/","title":{"rendered":"ADJ MATRIX BEAM LED LAMP"},"content":{"rendered":"<div style=\"text-align: justify\">\n<div>\n<h3>ADJ MATRIX BEAM LED LAMP<\/h3>\n<\/div>\n<div>Matrix Beam, 25 Warm White 3 Watt LEDs (Cree) in a 5 x 5 Panel, Designed as a Matrix Blinder or Chase Effect for Dramatic Lighting, Built-in Programs, Works Best When Using Multiple Units, 3 Lighting Modes DMX Channel: 1, 4 or 25 Channels, 3 Operating Modes: Auto, Sound Activated and DMX-512 Mode, Variable Strobe Speed, DMX-512 Protocol, Beam Angle: 2\u00b0 Degrees, Series Compatible of UC3 controllers (sold separately), insurance system, power consumption: 96watts maximum.<\/div>\n<\/div>","protected":false},"excerpt":{"rendered":"<p>Matrix Beam, 25 LEDs (Cree) en blanco c\u00e1lido de 3 watts en un panel de 5 x 5, dise\u00f1ado como un efecto cegador o efecto de persecuci\u00f3n de matriz para iluminaci\u00f3ndram\u00e1tica, programas incorporados, funciona mejor cuando se utilizan m\u00faltiple unidades, 3 modos de canal DMX: 1, 4 o 25 canales, 3 modos de operaci\u00f3n: Modo autom\u00e1tico, activado por sonido y DMX-512, velocidad variable del efecto de estrobo, protocolo DMX-512, \u00e1ngulo de haz: 2\u00b0 grados, compatible con la serie de controladores UC3 (se venden por separado), sistema de seguro, consumo de energ\u00eda: 96watts m\u00e1ximo.&hellip; <a class=\"kt-excerpt-readmore more-link\" href=\"https:\/\/www.mexicanguitarplayers.com\/en\/tienda\/iluminacion\/leds\/efecto\/lampara-adj-matrix-beam-led\/\">Read more<\/a><\/p>","protected":false},"featured_media":15353,"comment_status":"open","ping_status":"closed","template":"","meta":{"kt_blocks_editor_width":""},"pwb-brand":[556],"product_brand":[],"product_cat":[546,406,408],"product_tag":[],"class_list":{"0":"post-15354","1":"product","2":"type-product","3":"status-publish","4":"has-post-thumbnail","6":"pwb-brand-adj","7":"product_cat-efecto","8":"product_cat-iluminacion","9":"product_cat-leds","10":"product_shipping_class-15-20-kg","12":"first","13":"outofstock","14":"taxable","15":"shipping-taxable","16":"purchasable","17":"product-type-simple"},"yoast_head":"<!-- This site is optimized with the Yoast SEO plugin v27.3 - https:\/\/yoast.com\/product\/yoast-seo-wordpress\/ -->\n<title>LAMPARA ADJ MATRIX BEAM LED - Mexican Guitar Players<\/title>\n<meta name=\"description\" content=\"LAMPARA ADJ MATRIX BEAM LED. Matrix Beam, 25 LEDs (Cree) en blanco c\u00e1lido de 3 watts en un panel de 5 x 5, dise\u00f1ado como un efecto cegador o efecto de persecuci\u00f3n de matriz para iluminaci\u00f3ndram\u00e1tica, programas incorporados, funciona mejor cuando se utilizan m\u00faltiple unidades, 3 modos de canal DMX: 1, 4 o 25 canales, 3 modos de operaci\u00f3n: Modo autom\u00e1tico, activado por sonido y DMX-512, velocidad variable del efecto de estrobo, protocolo DMX-512, \u00e1ngulo de haz: 2\u00b0 grados, compatible con la serie de controladores UC3 (se venden por separado), sistema de seguro, consumo de energ\u00eda: 96watts m\u00e1ximo.\" \/>\n<meta name=\"robots\" content=\"index, follow, max-snippet:-1, max-image-preview:large, max-video-preview:-1\" \/>\n<link rel=\"canonical\" href=\"https:\/\/www.mexicanguitarplayers.com\/en\/tienda\/iluminacion\/leds\/efecto\/lampara-adj-matrix-beam-led\/\" \/>\n<meta property=\"og:locale\" content=\"en_US\" \/>\n<meta property=\"og:type\" content=\"article\" \/>\n<meta property=\"og:title\" content=\"LAMPARA ADJ MATRIX BEAM LED - Mexican Guitar Players\" \/>\n<meta property=\"og:description\" content=\"LAMPARA ADJ MATRIX BEAM LED. Matrix Beam, 25 LEDs (Cree) en blanco c\u00e1lido de 3 watts en un panel de 5 x 5, dise\u00f1ado como un efecto cegador o efecto de persecuci\u00f3n de matriz para iluminaci\u00f3ndram\u00e1tica, programas incorporados, funciona mejor cuando se utilizan m\u00faltiple unidades, 3 modos de canal DMX: 1, 4 o 25 canales, 3 modos de operaci\u00f3n: Modo autom\u00e1tico, activado por sonido y DMX-512, velocidad variable del efecto de estrobo, protocolo DMX-512, \u00e1ngulo de haz: 2\u00b0 grados, compatible con la serie de controladores UC3 (se venden por separado), sistema de seguro, consumo de energ\u00eda: 96watts m\u00e1ximo.\" \/>\n<meta property=\"og:url\" content=\"https:\/\/www.mexicanguitarplayers.com\/en\/tienda\/iluminacion\/leds\/efecto\/lampara-adj-matrix-beam-led\/\" \/>\n<meta property=\"og:site_name\" content=\"Mexican Guitar Players\" \/>\n<meta property=\"article:modified_time\" content=\"2026-01-22T10:27:13+00:00\" \/>\n<meta property=\"og:image\" content=\"https:\/\/www.mexicanguitarplayers.com\/wp-content\/uploads\/2022\/08\/LUADJMAT988.jpg\" \/>\n\t<meta property=\"og:image:width\" content=\"1200\" \/>\n\t<meta property=\"og:image:height\" content=\"1200\" \/>\n\t<meta property=\"og:image:type\" content=\"image\/jpeg\" \/>\n<meta name=\"twitter:card\" content=\"summary_large_image\" \/>\n<script type=\"application\/ld+json\" class=\"yoast-schema-graph\">{\"@context\":\"https:\\\/\\\/schema.org\",\"@graph\":[{\"@type\":[\"WebPage\",\"ItemPage\"],\"@id\":\"https:\\\/\\\/www.mexicanguitarplayers.com\\\/tienda\\\/iluminacion\\\/leds\\\/efecto\\\/lampara-adj-matrix-beam-led\\\/\",\"url\":\"https:\\\/\\\/www.mexicanguitarplayers.com\\\/tienda\\\/iluminacion\\\/leds\\\/efecto\\\/lampara-adj-matrix-beam-led\\\/\",\"name\":\"LAMPARA ADJ MATRIX BEAM LED - Mexican Guitar Players\",\"isPartOf\":{\"@id\":\"https:\\\/\\\/www.mexicanguitarplayers.com\\\/#website\"},\"primaryImageOfPage\":{\"@id\":\"https:\\\/\\\/www.mexicanguitarplayers.com\\\/tienda\\\/iluminacion\\\/leds\\\/efecto\\\/lampara-adj-matrix-beam-led\\\/#primaryimage\"},\"image\":{\"@id\":\"https:\\\/\\\/www.mexicanguitarplayers.com\\\/tienda\\\/iluminacion\\\/leds\\\/efecto\\\/lampara-adj-matrix-beam-led\\\/#primaryimage\"},\"thumbnailUrl\":\"https:\\\/\\\/www.mexicanguitarplayers.com\\\/wp-content\\\/uploads\\\/2022\\\/08\\\/LUADJMAT988.jpg\",\"datePublished\":\"2022-08-18T20:58:33+00:00\",\"dateModified\":\"2026-01-22T10:27:13+00:00\",\"description\":\"LAMPARA ADJ MATRIX BEAM LED. Matrix Beam, 25 LEDs (Cree) en blanco c\u00e1lido de 3 watts en un panel de 5 x 5, dise\u00f1ado como un efecto cegador o efecto de persecuci\u00f3n de matriz para iluminaci\u00f3ndram\u00e1tica, programas incorporados, funciona mejor cuando se utilizan m\u00faltiple unidades, 3 modos de canal DMX: 1, 4 o 25 canales, 3 modos de operaci\u00f3n: Modo autom\u00e1tico, activado por sonido y DMX-512, velocidad variable del efecto de estrobo, protocolo DMX-512, \u00e1ngulo de haz: 2\u00b0 grados, compatible con la serie de controladores UC3 (se venden por separado), sistema de seguro, consumo de energ\u00eda: 96watts m\u00e1ximo.\",\"breadcrumb\":{\"@id\":\"https:\\\/\\\/www.mexicanguitarplayers.com\\\/tienda\\\/iluminacion\\\/leds\\\/efecto\\\/lampara-adj-matrix-beam-led\\\/#breadcrumb\"},\"inLanguage\":\"en-US\",\"potentialAction\":[{\"@type\":\"ReadAction\",\"target\":[\"https:\\\/\\\/www.mexicanguitarplayers.com\\\/tienda\\\/iluminacion\\\/leds\\\/efecto\\\/lampara-adj-matrix-beam-led\\\/\"]}]},{\"@type\":\"ImageObject\",\"inLanguage\":\"en-US\",\"@id\":\"https:\\\/\\\/www.mexicanguitarplayers.com\\\/tienda\\\/iluminacion\\\/leds\\\/efecto\\\/lampara-adj-matrix-beam-led\\\/#primaryimage\",\"url\":\"https:\\\/\\\/www.mexicanguitarplayers.com\\\/wp-content\\\/uploads\\\/2022\\\/08\\\/LUADJMAT988.jpg\",\"contentUrl\":\"https:\\\/\\\/www.mexicanguitarplayers.com\\\/wp-content\\\/uploads\\\/2022\\\/08\\\/LUADJMAT988.jpg\",\"width\":1200,\"height\":1200},{\"@type\":\"BreadcrumbList\",\"@id\":\"https:\\\/\\\/www.mexicanguitarplayers.com\\\/tienda\\\/iluminacion\\\/leds\\\/efecto\\\/lampara-adj-matrix-beam-led\\\/#breadcrumb\",\"itemListElement\":[{\"@type\":\"ListItem\",\"position\":1,\"name\":\"Portada\",\"item\":\"https:\\\/\\\/www.mexicanguitarplayers.com\\\/\"},{\"@type\":\"ListItem\",\"position\":2,\"name\":\"Tienda\",\"item\":\"https:\\\/\\\/www.mexicanguitarplayers.com\\\/tienda\\\/\"},{\"@type\":\"ListItem\",\"position\":3,\"name\":\"LAMPARA ADJ MATRIX BEAM LED\"}]},{\"@type\":\"WebSite\",\"@id\":\"https:\\\/\\\/www.mexicanguitarplayers.com\\\/#website\",\"url\":\"https:\\\/\\\/www.mexicanguitarplayers.com\\\/\",\"name\":\"Mexican Guitar Players\",\"description\":\"Website\",\"publisher\":{\"@id\":\"https:\\\/\\\/www.mexicanguitarplayers.com\\\/#organization\"},\"potentialAction\":[{\"@type\":\"SearchAction\",\"target\":{\"@type\":\"EntryPoint\",\"urlTemplate\":\"https:\\\/\\\/www.mexicanguitarplayers.com\\\/?s={search_term_string}\"},\"query-input\":{\"@type\":\"PropertyValueSpecification\",\"valueRequired\":true,\"valueName\":\"search_term_string\"}}],\"inLanguage\":\"en-US\"},{\"@type\":\"Organization\",\"@id\":\"https:\\\/\\\/www.mexicanguitarplayers.com\\\/#organization\",\"name\":\"Mexican Guitar Players\",\"url\":\"https:\\\/\\\/www.mexicanguitarplayers.com\\\/\",\"logo\":{\"@type\":\"ImageObject\",\"inLanguage\":\"en-US\",\"@id\":\"https:\\\/\\\/www.mexicanguitarplayers.com\\\/#\\\/schema\\\/logo\\\/image\\\/\",\"url\":\"\",\"contentUrl\":\"\",\"caption\":\"Mexican Guitar Players\"},\"image\":{\"@id\":\"https:\\\/\\\/www.mexicanguitarplayers.com\\\/#\\\/schema\\\/logo\\\/image\\\/\"}}]}<\/script>\n<!-- \/ Yoast SEO plugin. -->","yoast_head_json":{"title":"LAMPARA ADJ MATRIX BEAM LED - Mexican Guitar Players","description":"LAMPARA ADJ MATRIX BEAM LED. Matrix Beam, 25 LEDs (Cree) en blanco c\u00e1lido de 3 watts en un panel de 5 x 5, dise\u00f1ado como un efecto cegador o efecto de persecuci\u00f3n de matriz para iluminaci\u00f3ndram\u00e1tica, programas incorporados, funciona mejor cuando se utilizan m\u00faltiple unidades, 3 modos de canal DMX: 1, 4 o 25 canales, 3 modos de operaci\u00f3n: Modo autom\u00e1tico, activado por sonido y DMX-512, velocidad variable del efecto de estrobo, protocolo DMX-512, \u00e1ngulo de haz: 2\u00b0 grados, compatible con la serie de controladores UC3 (se venden por separado), sistema de seguro, consumo de energ\u00eda: 96watts m\u00e1ximo.","robots":{"index":"index","follow":"follow","max-snippet":"max-snippet:-1","max-image-preview":"max-image-preview:large","max-video-preview":"max-video-preview:-1"},"canonical":"https:\/\/www.mexicanguitarplayers.com\/en\/tienda\/iluminacion\/leds\/efecto\/lampara-adj-matrix-beam-led\/","og_locale":"en_US","og_type":"article","og_title":"LAMPARA ADJ MATRIX BEAM LED - Mexican Guitar Players","og_description":"LAMPARA ADJ MATRIX BEAM LED. Matrix Beam, 25 LEDs (Cree) en blanco c\u00e1lido de 3 watts en un panel de 5 x 5, dise\u00f1ado como un efecto cegador o efecto de persecuci\u00f3n de matriz para iluminaci\u00f3ndram\u00e1tica, programas incorporados, funciona mejor cuando se utilizan m\u00faltiple unidades, 3 modos de canal DMX: 1, 4 o 25 canales, 3 modos de operaci\u00f3n: Modo autom\u00e1tico, activado por sonido y DMX-512, velocidad variable del efecto de estrobo, protocolo DMX-512, \u00e1ngulo de haz: 2\u00b0 grados, compatible con la serie de controladores UC3 (se venden por separado), sistema de seguro, consumo de energ\u00eda: 96watts m\u00e1ximo.","og_url":"https:\/\/www.mexicanguitarplayers.com\/en\/tienda\/iluminacion\/leds\/efecto\/lampara-adj-matrix-beam-led\/","og_site_name":"Mexican Guitar Players","article_modified_time":"2026-01-22T10:27:13+00:00","og_image":[{"width":1200,"height":1200,"url":"https:\/\/www.mexicanguitarplayers.com\/wp-content\/uploads\/2022\/08\/LUADJMAT988.jpg","type":"image\/jpeg"}],"twitter_card":"summary_large_image","schema":{"@context":"https:\/\/schema.org","@graph":[{"@type":["WebPage","ItemPage"],"@id":"https:\/\/www.mexicanguitarplayers.com\/tienda\/iluminacion\/leds\/efecto\/lampara-adj-matrix-beam-led\/","url":"https:\/\/www.mexicanguitarplayers.com\/tienda\/iluminacion\/leds\/efecto\/lampara-adj-matrix-beam-led\/","name":"LAMPARA ADJ MATRIX BEAM LED - Mexican Guitar Players","isPartOf":{"@id":"https:\/\/www.mexicanguitarplayers.com\/#website"},"primaryImageOfPage":{"@id":"https:\/\/www.mexicanguitarplayers.com\/tienda\/iluminacion\/leds\/efecto\/lampara-adj-matrix-beam-led\/#primaryimage"},"image":{"@id":"https:\/\/www.mexicanguitarplayers.com\/tienda\/iluminacion\/leds\/efecto\/lampara-adj-matrix-beam-led\/#primaryimage"},"thumbnailUrl":"https:\/\/www.mexicanguitarplayers.com\/wp-content\/uploads\/2022\/08\/LUADJMAT988.jpg","datePublished":"2022-08-18T20:58:33+00:00","dateModified":"2026-01-22T10:27:13+00:00","description":"LAMPARA ADJ MATRIX BEAM LED. Matrix Beam, 25 LEDs (Cree) en blanco c\u00e1lido de 3 watts en un panel de 5 x 5, dise\u00f1ado como un efecto cegador o efecto de persecuci\u00f3n de matriz para iluminaci\u00f3ndram\u00e1tica, programas incorporados, funciona mejor cuando se utilizan m\u00faltiple unidades, 3 modos de canal DMX: 1, 4 o 25 canales, 3 modos de operaci\u00f3n: Modo autom\u00e1tico, activado por sonido y DMX-512, velocidad variable del efecto de estrobo, protocolo DMX-512, \u00e1ngulo de haz: 2\u00b0 grados, compatible con la serie de controladores UC3 (se venden por separado), sistema de seguro, consumo de energ\u00eda: 96watts m\u00e1ximo.","breadcrumb":{"@id":"https:\/\/www.mexicanguitarplayers.com\/tienda\/iluminacion\/leds\/efecto\/lampara-adj-matrix-beam-led\/#breadcrumb"},"inLanguage":"en-US","potentialAction":[{"@type":"ReadAction","target":["https:\/\/www.mexicanguitarplayers.com\/tienda\/iluminacion\/leds\/efecto\/lampara-adj-matrix-beam-led\/"]}]},{"@type":"ImageObject","inLanguage":"en-US","@id":"https:\/\/www.mexicanguitarplayers.com\/tienda\/iluminacion\/leds\/efecto\/lampara-adj-matrix-beam-led\/#primaryimage","url":"https:\/\/www.mexicanguitarplayers.com\/wp-content\/uploads\/2022\/08\/LUADJMAT988.jpg","contentUrl":"https:\/\/www.mexicanguitarplayers.com\/wp-content\/uploads\/2022\/08\/LUADJMAT988.jpg","width":1200,"height":1200},{"@type":"BreadcrumbList","@id":"https:\/\/www.mexicanguitarplayers.com\/tienda\/iluminacion\/leds\/efecto\/lampara-adj-matrix-beam-led\/#breadcrumb","itemListElement":[{"@type":"ListItem","position":1,"name":"Portada","item":"https:\/\/www.mexicanguitarplayers.com\/"},{"@type":"ListItem","position":2,"name":"Tienda","item":"https:\/\/www.mexicanguitarplayers.com\/tienda\/"},{"@type":"ListItem","position":3,"name":"LAMPARA ADJ MATRIX BEAM LED"}]},{"@type":"WebSite","@id":"https:\/\/www.mexicanguitarplayers.com\/#website","url":"https:\/\/www.mexicanguitarplayers.com\/","name":"Mexican Guitar Players","description":"Website","publisher":{"@id":"https:\/\/www.mexicanguitarplayers.com\/#organization"},"potentialAction":[{"@type":"SearchAction","target":{"@type":"EntryPoint","urlTemplate":"https:\/\/www.mexicanguitarplayers.com\/?s={search_term_string}"},"query-input":{"@type":"PropertyValueSpecification","valueRequired":true,"valueName":"search_term_string"}}],"inLanguage":"en-US"},{"@type":"Organization","@id":"https:\/\/www.mexicanguitarplayers.com\/#organization","name":"Mexican Guitar Players","url":"https:\/\/www.mexicanguitarplayers.com\/","logo":{"@type":"ImageObject","inLanguage":"en-US","@id":"https:\/\/www.mexicanguitarplayers.com\/#\/schema\/logo\/image\/","url":"","contentUrl":"","caption":"Mexican Guitar Players"},"image":{"@id":"https:\/\/www.mexicanguitarplayers.com\/#\/schema\/logo\/image\/"}}]}},"brands":[{"id":556,"name":"ADJ","slug":"adj"}],"_links":{"self":[{"href":"https:\/\/www.mexicanguitarplayers.com\/en\/wp-json\/wp\/v2\/product\/15354","targetHints":{"allow":["GET"]}}],"collection":[{"href":"https:\/\/www.mexicanguitarplayers.com\/en\/wp-json\/wp\/v2\/product"}],"about":[{"href":"https:\/\/www.mexicanguitarplayers.com\/en\/wp-json\/wp\/v2\/types\/product"}],"replies":[{"embeddable":true,"href":"https:\/\/www.mexicanguitarplayers.com\/en\/wp-json\/wp\/v2\/comments?post=15354"}],"wp:featuredmedia":[{"embeddable":true,"href":"https:\/\/www.mexicanguitarplayers.com\/en\/wp-json\/wp\/v2\/media\/15353"}],"wp:attachment":[{"href":"https:\/\/www.mexicanguitarplayers.com\/en\/wp-json\/wp\/v2\/media?parent=15354"}],"wp:term":[{"taxonomy":"pwb-brand","embeddable":true,"href":"https:\/\/www.mexicanguitarplayers.com\/en\/wp-json\/wp\/v2\/pwb-brand?post=15354"},{"taxonomy":"product_brand","embeddable":true,"href":"https:\/\/www.mexicanguitarplayers.com\/en\/wp-json\/wp\/v2\/product_brand?post=15354"},{"taxonomy":"product_cat","embeddable":true,"href":"https:\/\/www.mexicanguitarplayers.com\/en\/wp-json\/wp\/v2\/product_cat?post=15354"},{"taxonomy":"product_tag","embeddable":true,"href":"https:\/\/www.mexicanguitarplayers.com\/en\/wp-json\/wp\/v2\/product_tag?post=15354"}],"curies":[{"name":"wp","href":"https:\/\/api.w.org\/{rel}","templated":true}]}}