{"id":15377,"date":"2022-08-18T15:59:01","date_gmt":"2022-08-18T20:59:01","guid":{"rendered":"https:\/\/www.mexicanguitarplayers.com\/tienda\/sin%20categor\u00eda\/lampara-adj-on-x\/"},"modified":"2026-04-10T05:07:31","modified_gmt":"2026-04-10T11:07:31","slug":"lampara-adj-on-x","status":"publish","type":"product","link":"https:\/\/www.mexicanguitarplayers.com\/en\/tienda\/iluminacion\/leds\/cabezas-moviles-leds\/beam\/lampara-adj-on-x\/","title":{"rendered":"ADJ ON-X LAMP"},"content":{"rendered":"<div style=\"text-align: justify\">\n<div>\n<h3>ADJ ON-X LAMP<\/h3>\n<\/div>\n<div>Single unit, fast sweeping beam effects across the floor in combination with an 8-zone Chase LED, 8 x 3-W LEDs (2 x Red, 2 x Green, 2 x Blue, &amp; 2 x White), system \/ 4 Button LED DMX Menu Display, 3 Operating Modes: Show, Sound Active and DMX Control, 6 DMX Channel Modes: 2\/9\/11\/12\/16\/18, DMX 512 Protocol, Electronic Dimming: 0 \u2013 100%, includes cool sound activated effects via built-in programs, pulse effect and LED strobe, 270\u00b0 degree tilt via smooth stepper motors, 4 degree beam angle, includes bracket for wall mounting or standing on the ground ,lock ring on the side, very low power consumption, IEC AC I\/O to the rear of the unit to share power supply (up to 17 devices @120V and 26 devices @230V), compatible with ADJ remote control UC-IR (not included), power consumption: max 39 W, multi-voltage operation: AC 100-240V 50\/60Hz- IEC sockets.<\/div>\n<\/div>","protected":false},"excerpt":{"rendered":"<p>Unidad \u00fanica, con efectos de haces que barren r\u00e1pidamente por el suelo en combinaci\u00f3n con un Chase LED de 8-zonas, 8 x 3-W LEDs (2 x Rojo, 2 x Verde, 2 x Azul,&amp; 2 x Blanco), sistema\/pantalla de men\u00fa DMX LED de 4 botones, 3 modos de operaci\u00f3n: Show, Sonido activo y Control DMX, 6 modos de canal DMX: 2\/9\/11\/12\/16\/18, Protocolo DMX 512, atenuaci\u00f3n electr\u00f3nica: 0 &#8211; 100%, incluye interesantes efectosactivados por sonido a trav\u00e9s de programas incorporados, efecto de pulso y estrobo LED, inclinaci\u00f3n de 270\u00b0 grados v\u00eda suave motores de pasos, \u00e1ngulo de haz: 4grados, incluye corchete para montar en la pared o ser colocado sobre el suelo,anilla de seguridad en la parte lateral, consumo de potencia muy bajo, E\/S IEC AC a la parte trasera de la unidad para compartir fuente de alimentaci\u00f3n (hasta 17 dispositivos @120V y 26 dispositivos @230V), compatible con mando a distanciaADJ UC-IR (no incluido), consumo de potencia: m\u00e1x 39 W, operaci\u00f3n multi-voltaje:AC 100-240V 50\/60Hz- Enchufes IEC.&hellip; <a class=\"kt-excerpt-readmore more-link\" href=\"https:\/\/www.mexicanguitarplayers.com\/en\/tienda\/iluminacion\/leds\/cabezas-moviles-leds\/beam\/lampara-adj-on-x\/\">Read more<\/a><\/p>","protected":false},"featured_media":15376,"comment_status":"open","ping_status":"closed","template":"","meta":{"kt_blocks_editor_width":""},"pwb-brand":[556],"product_brand":[],"product_cat":[552,550,406,408],"product_tag":[],"class_list":{"0":"post-15377","1":"product","2":"type-product","3":"status-publish","4":"has-post-thumbnail","6":"pwb-brand-adj","7":"product_cat-beam","8":"product_cat-cabezas-moviles-leds","9":"product_cat-iluminacion","10":"product_cat-leds","11":"product_shipping_class-0-5-kg","13":"first","14":"outofstock","15":"taxable","16":"shipping-taxable","17":"purchasable","18":"product-type-simple"},"yoast_head":"<!-- This site is optimized with the Yoast SEO plugin v27.5 - https:\/\/yoast.com\/product\/yoast-seo-wordpress\/ -->\n<title>LAMPARA ADJ ON-X - Mexican Guitar Players<\/title>\n<meta name=\"description\" content=\"LAMPARA ADJ ON-X. Unidad \u00fanica, con efectos de haces que barren r\u00e1pidamente por el suelo en combinaci\u00f3n con un Chase LED de 8-zonas, 8 x 3-W LEDs (2 x Rojo, 2 x Verde, 2 x Azul,&amp; 2 x Blanco), sistema\/pantalla de men\u00fa DMX LED de 4 botones, 3 modos de operaci\u00f3n: Show, Sonido activo y Control DMX, 6 modos de canal DMX: 2\/9\/11\/12\/16\/18, Protocolo DMX 512, atenuaci\u00f3n electr\u00f3nica: 0 - 100%, incluye interesantes efectosactivados por sonido a trav\u00e9s de programas incorporados, efecto de pulso y estrobo LED, inclinaci\u00f3n de 270\u00b0 grados v\u00eda suave motores de pasos, \u00e1ngulo de haz: 4grados, incluye corchete para montar en la pared o ser colocado sobre el suelo,anilla de seguridad en la parte lateral, consumo de potencia muy bajo, E\/S IEC AC a la parte trasera de la unidad para compartir fuente de alimentaci\u00f3n (hasta 17 dispositivos @120V y 26 dispositivos @230V), compatible con mando a distanciaADJ UC-IR (no incluido), consumo de potencia: m\u00e1x 39 W, operaci\u00f3n multi-voltaje:AC 100-240V 50\/60Hz- Enchufes IEC.\" \/>\n<meta name=\"robots\" content=\"index, follow, max-snippet:-1, max-image-preview:large, max-video-preview:-1\" \/>\n<link rel=\"canonical\" href=\"https:\/\/www.mexicanguitarplayers.com\/en\/tienda\/iluminacion\/leds\/cabezas-moviles-leds\/beam\/lampara-adj-on-x\/\" \/>\n<meta property=\"og:locale\" content=\"en_US\" \/>\n<meta property=\"og:type\" content=\"article\" \/>\n<meta property=\"og:title\" content=\"LAMPARA ADJ ON-X - Mexican Guitar Players\" \/>\n<meta property=\"og:description\" content=\"LAMPARA ADJ ON-X. Unidad \u00fanica, con efectos de haces que barren r\u00e1pidamente por el suelo en combinaci\u00f3n con un Chase LED de 8-zonas, 8 x 3-W LEDs (2 x Rojo, 2 x Verde, 2 x Azul,&amp; 2 x Blanco), sistema\/pantalla de men\u00fa DMX LED de 4 botones, 3 modos de operaci\u00f3n: Show, Sonido activo y Control DMX, 6 modos de canal DMX: 2\/9\/11\/12\/16\/18, Protocolo DMX 512, atenuaci\u00f3n electr\u00f3nica: 0 - 100%, incluye interesantes efectosactivados por sonido a trav\u00e9s de programas incorporados, efecto de pulso y estrobo LED, inclinaci\u00f3n de 270\u00b0 grados v\u00eda suave motores de pasos, \u00e1ngulo de haz: 4grados, incluye corchete para montar en la pared o ser colocado sobre el suelo,anilla de seguridad en la parte lateral, consumo de potencia muy bajo, E\/S IEC AC a la parte trasera de la unidad para compartir fuente de alimentaci\u00f3n (hasta 17 dispositivos @120V y 26 dispositivos @230V), compatible con mando a distanciaADJ UC-IR (no incluido), consumo de potencia: m\u00e1x 39 W, operaci\u00f3n multi-voltaje:AC 100-240V 50\/60Hz- Enchufes IEC.\" \/>\n<meta property=\"og:url\" content=\"https:\/\/www.mexicanguitarplayers.com\/en\/tienda\/iluminacion\/leds\/cabezas-moviles-leds\/beam\/lampara-adj-on-x\/\" \/>\n<meta property=\"og:site_name\" content=\"Mexican Guitar Players\" \/>\n<meta property=\"article:modified_time\" content=\"2026-04-10T11:07:31+00:00\" \/>\n<meta property=\"og:image\" content=\"https:\/\/www.mexicanguitarplayers.com\/wp-content\/uploads\/2022\/08\/LUADJONX172.jpg\" \/>\n\t<meta property=\"og:image:width\" content=\"1600\" \/>\n\t<meta property=\"og:image:height\" content=\"800\" \/>\n\t<meta property=\"og:image:type\" content=\"image\/jpeg\" \/>\n<meta name=\"twitter:card\" content=\"summary_large_image\" \/>\n<meta name=\"twitter:label1\" content=\"Est. reading time\" \/>\n\t<meta name=\"twitter:data1\" content=\"1 minute\" \/>\n<script type=\"application\/ld+json\" class=\"yoast-schema-graph\">{\"@context\":\"https:\\\/\\\/schema.org\",\"@graph\":[{\"@type\":[\"WebPage\",\"ItemPage\"],\"@id\":\"https:\\\/\\\/www.mexicanguitarplayers.com\\\/tienda\\\/iluminacion\\\/leds\\\/cabezas-moviles-leds\\\/beam\\\/lampara-adj-on-x\\\/\",\"url\":\"https:\\\/\\\/www.mexicanguitarplayers.com\\\/tienda\\\/iluminacion\\\/leds\\\/cabezas-moviles-leds\\\/beam\\\/lampara-adj-on-x\\\/\",\"name\":\"LAMPARA ADJ ON-X - Mexican Guitar Players\",\"isPartOf\":{\"@id\":\"https:\\\/\\\/www.mexicanguitarplayers.com\\\/#website\"},\"primaryImageOfPage\":{\"@id\":\"https:\\\/\\\/www.mexicanguitarplayers.com\\\/tienda\\\/iluminacion\\\/leds\\\/cabezas-moviles-leds\\\/beam\\\/lampara-adj-on-x\\\/#primaryimage\"},\"image\":{\"@id\":\"https:\\\/\\\/www.mexicanguitarplayers.com\\\/tienda\\\/iluminacion\\\/leds\\\/cabezas-moviles-leds\\\/beam\\\/lampara-adj-on-x\\\/#primaryimage\"},\"thumbnailUrl\":\"https:\\\/\\\/www.mexicanguitarplayers.com\\\/wp-content\\\/uploads\\\/2022\\\/08\\\/LUADJONX172.jpg\",\"datePublished\":\"2022-08-18T20:59:01+00:00\",\"dateModified\":\"2026-04-10T11:07:31+00:00\",\"description\":\"LAMPARA ADJ ON-X. Unidad \u00fanica, con efectos de haces que barren r\u00e1pidamente por el suelo en combinaci\u00f3n con un Chase LED de 8-zonas, 8 x 3-W LEDs (2 x Rojo, 2 x Verde, 2 x Azul,&amp; 2 x Blanco), sistema\\\/pantalla de men\u00fa DMX LED de 4 botones, 3 modos de operaci\u00f3n: Show, Sonido activo y Control DMX, 6 modos de canal DMX: 2\\\/9\\\/11\\\/12\\\/16\\\/18, Protocolo DMX 512, atenuaci\u00f3n electr\u00f3nica: 0 - 100%, incluye interesantes efectosactivados por sonido a trav\u00e9s de programas incorporados, efecto de pulso y estrobo LED, inclinaci\u00f3n de 270\u00b0 grados v\u00eda suave motores de pasos, \u00e1ngulo de haz: 4grados, incluye corchete para montar en la pared o ser colocado sobre el suelo,anilla de seguridad en la parte lateral, consumo de potencia muy bajo, E\\\/S IEC AC a la parte trasera de la unidad para compartir fuente de alimentaci\u00f3n (hasta 17 dispositivos @120V y 26 dispositivos @230V), compatible con mando a distanciaADJ UC-IR (no incluido), consumo de potencia: m\u00e1x 39 W, operaci\u00f3n multi-voltaje:AC 100-240V 50\\\/60Hz- Enchufes IEC.\",\"breadcrumb\":{\"@id\":\"https:\\\/\\\/www.mexicanguitarplayers.com\\\/tienda\\\/iluminacion\\\/leds\\\/cabezas-moviles-leds\\\/beam\\\/lampara-adj-on-x\\\/#breadcrumb\"},\"inLanguage\":\"en-US\",\"potentialAction\":[{\"@type\":\"ReadAction\",\"target\":[\"https:\\\/\\\/www.mexicanguitarplayers.com\\\/tienda\\\/iluminacion\\\/leds\\\/cabezas-moviles-leds\\\/beam\\\/lampara-adj-on-x\\\/\"]}]},{\"@type\":\"ImageObject\",\"inLanguage\":\"en-US\",\"@id\":\"https:\\\/\\\/www.mexicanguitarplayers.com\\\/tienda\\\/iluminacion\\\/leds\\\/cabezas-moviles-leds\\\/beam\\\/lampara-adj-on-x\\\/#primaryimage\",\"url\":\"https:\\\/\\\/www.mexicanguitarplayers.com\\\/wp-content\\\/uploads\\\/2022\\\/08\\\/LUADJONX172.jpg\",\"contentUrl\":\"https:\\\/\\\/www.mexicanguitarplayers.com\\\/wp-content\\\/uploads\\\/2022\\\/08\\\/LUADJONX172.jpg\",\"width\":1600,\"height\":800},{\"@type\":\"BreadcrumbList\",\"@id\":\"https:\\\/\\\/www.mexicanguitarplayers.com\\\/tienda\\\/iluminacion\\\/leds\\\/cabezas-moviles-leds\\\/beam\\\/lampara-adj-on-x\\\/#breadcrumb\",\"itemListElement\":[{\"@type\":\"ListItem\",\"position\":1,\"name\":\"Portada\",\"item\":\"https:\\\/\\\/www.mexicanguitarplayers.com\\\/\"},{\"@type\":\"ListItem\",\"position\":2,\"name\":\"Tienda\",\"item\":\"https:\\\/\\\/www.mexicanguitarplayers.com\\\/tienda\\\/\"},{\"@type\":\"ListItem\",\"position\":3,\"name\":\"LAMPARA ADJ ON-X\"}]},{\"@type\":\"WebSite\",\"@id\":\"https:\\\/\\\/www.mexicanguitarplayers.com\\\/#website\",\"url\":\"https:\\\/\\\/www.mexicanguitarplayers.com\\\/\",\"name\":\"Mexican Guitar Players\",\"description\":\"Website\",\"publisher\":{\"@id\":\"https:\\\/\\\/www.mexicanguitarplayers.com\\\/#organization\"},\"potentialAction\":[{\"@type\":\"SearchAction\",\"target\":{\"@type\":\"EntryPoint\",\"urlTemplate\":\"https:\\\/\\\/www.mexicanguitarplayers.com\\\/?s={search_term_string}\"},\"query-input\":{\"@type\":\"PropertyValueSpecification\",\"valueRequired\":true,\"valueName\":\"search_term_string\"}}],\"inLanguage\":\"en-US\"},{\"@type\":\"Organization\",\"@id\":\"https:\\\/\\\/www.mexicanguitarplayers.com\\\/#organization\",\"name\":\"Mexican Guitar Players\",\"url\":\"https:\\\/\\\/www.mexicanguitarplayers.com\\\/\",\"logo\":{\"@type\":\"ImageObject\",\"inLanguage\":\"en-US\",\"@id\":\"https:\\\/\\\/www.mexicanguitarplayers.com\\\/#\\\/schema\\\/logo\\\/image\\\/\",\"url\":\"\",\"contentUrl\":\"\",\"caption\":\"Mexican Guitar Players\"},\"image\":{\"@id\":\"https:\\\/\\\/www.mexicanguitarplayers.com\\\/#\\\/schema\\\/logo\\\/image\\\/\"}}]}<\/script>\n<!-- \/ Yoast SEO plugin. -->","yoast_head_json":{"title":"LAMPARA ADJ ON-X - Mexican Guitar Players","description":"LAMPARA ADJ ON-X. Unidad \u00fanica, con efectos de haces que barren r\u00e1pidamente por el suelo en combinaci\u00f3n con un Chase LED de 8-zonas, 8 x 3-W LEDs (2 x Rojo, 2 x Verde, 2 x Azul,&amp; 2 x Blanco), sistema\/pantalla de men\u00fa DMX LED de 4 botones, 3 modos de operaci\u00f3n: Show, Sonido activo y Control DMX, 6 modos de canal DMX: 2\/9\/11\/12\/16\/18, Protocolo DMX 512, atenuaci\u00f3n electr\u00f3nica: 0 - 100%, incluye interesantes efectosactivados por sonido a trav\u00e9s de programas incorporados, efecto de pulso y estrobo LED, inclinaci\u00f3n de 270\u00b0 grados v\u00eda suave motores de pasos, \u00e1ngulo de haz: 4grados, incluye corchete para montar en la pared o ser colocado sobre el suelo,anilla de seguridad en la parte lateral, consumo de potencia muy bajo, E\/S IEC AC a la parte trasera de la unidad para compartir fuente de alimentaci\u00f3n (hasta 17 dispositivos @120V y 26 dispositivos @230V), compatible con mando a distanciaADJ UC-IR (no incluido), consumo de potencia: m\u00e1x 39 W, operaci\u00f3n multi-voltaje:AC 100-240V 50\/60Hz- Enchufes IEC.","robots":{"index":"index","follow":"follow","max-snippet":"max-snippet:-1","max-image-preview":"max-image-preview:large","max-video-preview":"max-video-preview:-1"},"canonical":"https:\/\/www.mexicanguitarplayers.com\/en\/tienda\/iluminacion\/leds\/cabezas-moviles-leds\/beam\/lampara-adj-on-x\/","og_locale":"en_US","og_type":"article","og_title":"LAMPARA ADJ ON-X - Mexican Guitar Players","og_description":"LAMPARA ADJ ON-X. Unidad \u00fanica, con efectos de haces que barren r\u00e1pidamente por el suelo en combinaci\u00f3n con un Chase LED de 8-zonas, 8 x 3-W LEDs (2 x Rojo, 2 x Verde, 2 x Azul,&amp; 2 x Blanco), sistema\/pantalla de men\u00fa DMX LED de 4 botones, 3 modos de operaci\u00f3n: Show, Sonido activo y Control DMX, 6 modos de canal DMX: 2\/9\/11\/12\/16\/18, Protocolo DMX 512, atenuaci\u00f3n electr\u00f3nica: 0 - 100%, incluye interesantes efectosactivados por sonido a trav\u00e9s de programas incorporados, efecto de pulso y estrobo LED, inclinaci\u00f3n de 270\u00b0 grados v\u00eda suave motores de pasos, \u00e1ngulo de haz: 4grados, incluye corchete para montar en la pared o ser colocado sobre el suelo,anilla de seguridad en la parte lateral, consumo de potencia muy bajo, E\/S IEC AC a la parte trasera de la unidad para compartir fuente de alimentaci\u00f3n (hasta 17 dispositivos @120V y 26 dispositivos @230V), compatible con mando a distanciaADJ UC-IR (no incluido), consumo de potencia: m\u00e1x 39 W, operaci\u00f3n multi-voltaje:AC 100-240V 50\/60Hz- Enchufes IEC.","og_url":"https:\/\/www.mexicanguitarplayers.com\/en\/tienda\/iluminacion\/leds\/cabezas-moviles-leds\/beam\/lampara-adj-on-x\/","og_site_name":"Mexican Guitar Players","article_modified_time":"2026-04-10T11:07:31+00:00","og_image":[{"width":1600,"height":800,"url":"https:\/\/www.mexicanguitarplayers.com\/wp-content\/uploads\/2022\/08\/LUADJONX172.jpg","type":"image\/jpeg"}],"twitter_card":"summary_large_image","twitter_misc":{"Est. reading time":"1 minute"},"schema":{"@context":"https:\/\/schema.org","@graph":[{"@type":["WebPage","ItemPage"],"@id":"https:\/\/www.mexicanguitarplayers.com\/tienda\/iluminacion\/leds\/cabezas-moviles-leds\/beam\/lampara-adj-on-x\/","url":"https:\/\/www.mexicanguitarplayers.com\/tienda\/iluminacion\/leds\/cabezas-moviles-leds\/beam\/lampara-adj-on-x\/","name":"LAMPARA ADJ ON-X - Mexican Guitar Players","isPartOf":{"@id":"https:\/\/www.mexicanguitarplayers.com\/#website"},"primaryImageOfPage":{"@id":"https:\/\/www.mexicanguitarplayers.com\/tienda\/iluminacion\/leds\/cabezas-moviles-leds\/beam\/lampara-adj-on-x\/#primaryimage"},"image":{"@id":"https:\/\/www.mexicanguitarplayers.com\/tienda\/iluminacion\/leds\/cabezas-moviles-leds\/beam\/lampara-adj-on-x\/#primaryimage"},"thumbnailUrl":"https:\/\/www.mexicanguitarplayers.com\/wp-content\/uploads\/2022\/08\/LUADJONX172.jpg","datePublished":"2022-08-18T20:59:01+00:00","dateModified":"2026-04-10T11:07:31+00:00","description":"LAMPARA ADJ ON-X. Unidad \u00fanica, con efectos de haces que barren r\u00e1pidamente por el suelo en combinaci\u00f3n con un Chase LED de 8-zonas, 8 x 3-W LEDs (2 x Rojo, 2 x Verde, 2 x Azul,&amp; 2 x Blanco), sistema\/pantalla de men\u00fa DMX LED de 4 botones, 3 modos de operaci\u00f3n: Show, Sonido activo y Control DMX, 6 modos de canal DMX: 2\/9\/11\/12\/16\/18, Protocolo DMX 512, atenuaci\u00f3n electr\u00f3nica: 0 - 100%, incluye interesantes efectosactivados por sonido a trav\u00e9s de programas incorporados, efecto de pulso y estrobo LED, inclinaci\u00f3n de 270\u00b0 grados v\u00eda suave motores de pasos, \u00e1ngulo de haz: 4grados, incluye corchete para montar en la pared o ser colocado sobre el suelo,anilla de seguridad en la parte lateral, consumo de potencia muy bajo, E\/S IEC AC a la parte trasera de la unidad para compartir fuente de alimentaci\u00f3n (hasta 17 dispositivos @120V y 26 dispositivos @230V), compatible con mando a distanciaADJ UC-IR (no incluido), consumo de potencia: m\u00e1x 39 W, operaci\u00f3n multi-voltaje:AC 100-240V 50\/60Hz- Enchufes IEC.","breadcrumb":{"@id":"https:\/\/www.mexicanguitarplayers.com\/tienda\/iluminacion\/leds\/cabezas-moviles-leds\/beam\/lampara-adj-on-x\/#breadcrumb"},"inLanguage":"en-US","potentialAction":[{"@type":"ReadAction","target":["https:\/\/www.mexicanguitarplayers.com\/tienda\/iluminacion\/leds\/cabezas-moviles-leds\/beam\/lampara-adj-on-x\/"]}]},{"@type":"ImageObject","inLanguage":"en-US","@id":"https:\/\/www.mexicanguitarplayers.com\/tienda\/iluminacion\/leds\/cabezas-moviles-leds\/beam\/lampara-adj-on-x\/#primaryimage","url":"https:\/\/www.mexicanguitarplayers.com\/wp-content\/uploads\/2022\/08\/LUADJONX172.jpg","contentUrl":"https:\/\/www.mexicanguitarplayers.com\/wp-content\/uploads\/2022\/08\/LUADJONX172.jpg","width":1600,"height":800},{"@type":"BreadcrumbList","@id":"https:\/\/www.mexicanguitarplayers.com\/tienda\/iluminacion\/leds\/cabezas-moviles-leds\/beam\/lampara-adj-on-x\/#breadcrumb","itemListElement":[{"@type":"ListItem","position":1,"name":"Portada","item":"https:\/\/www.mexicanguitarplayers.com\/"},{"@type":"ListItem","position":2,"name":"Tienda","item":"https:\/\/www.mexicanguitarplayers.com\/tienda\/"},{"@type":"ListItem","position":3,"name":"LAMPARA ADJ ON-X"}]},{"@type":"WebSite","@id":"https:\/\/www.mexicanguitarplayers.com\/#website","url":"https:\/\/www.mexicanguitarplayers.com\/","name":"Mexican Guitar Players","description":"Website","publisher":{"@id":"https:\/\/www.mexicanguitarplayers.com\/#organization"},"potentialAction":[{"@type":"SearchAction","target":{"@type":"EntryPoint","urlTemplate":"https:\/\/www.mexicanguitarplayers.com\/?s={search_term_string}"},"query-input":{"@type":"PropertyValueSpecification","valueRequired":true,"valueName":"search_term_string"}}],"inLanguage":"en-US"},{"@type":"Organization","@id":"https:\/\/www.mexicanguitarplayers.com\/#organization","name":"Mexican Guitar Players","url":"https:\/\/www.mexicanguitarplayers.com\/","logo":{"@type":"ImageObject","inLanguage":"en-US","@id":"https:\/\/www.mexicanguitarplayers.com\/#\/schema\/logo\/image\/","url":"","contentUrl":"","caption":"Mexican Guitar Players"},"image":{"@id":"https:\/\/www.mexicanguitarplayers.com\/#\/schema\/logo\/image\/"}}]}},"brands":[{"id":556,"name":"ADJ","slug":"adj"}],"_links":{"self":[{"href":"https:\/\/www.mexicanguitarplayers.com\/en\/wp-json\/wp\/v2\/product\/15377","targetHints":{"allow":["GET"]}}],"collection":[{"href":"https:\/\/www.mexicanguitarplayers.com\/en\/wp-json\/wp\/v2\/product"}],"about":[{"href":"https:\/\/www.mexicanguitarplayers.com\/en\/wp-json\/wp\/v2\/types\/product"}],"replies":[{"embeddable":true,"href":"https:\/\/www.mexicanguitarplayers.com\/en\/wp-json\/wp\/v2\/comments?post=15377"}],"wp:featuredmedia":[{"embeddable":true,"href":"https:\/\/www.mexicanguitarplayers.com\/en\/wp-json\/wp\/v2\/media\/15376"}],"wp:attachment":[{"href":"https:\/\/www.mexicanguitarplayers.com\/en\/wp-json\/wp\/v2\/media?parent=15377"}],"wp:term":[{"taxonomy":"pwb-brand","embeddable":true,"href":"https:\/\/www.mexicanguitarplayers.com\/en\/wp-json\/wp\/v2\/pwb-brand?post=15377"},{"taxonomy":"product_brand","embeddable":true,"href":"https:\/\/www.mexicanguitarplayers.com\/en\/wp-json\/wp\/v2\/product_brand?post=15377"},{"taxonomy":"product_cat","embeddable":true,"href":"https:\/\/www.mexicanguitarplayers.com\/en\/wp-json\/wp\/v2\/product_cat?post=15377"},{"taxonomy":"product_tag","embeddable":true,"href":"https:\/\/www.mexicanguitarplayers.com\/en\/wp-json\/wp\/v2\/product_tag?post=15377"}],"curies":[{"name":"wp","href":"https:\/\/api.w.org\/{rel}","templated":true}]}}