{"id":15381,"date":"2022-08-18T15:59:09","date_gmt":"2022-08-18T20:59:09","guid":{"rendered":"https:\/\/www.mexicanguitarplayers.com\/tienda\/sin%20categor\u00eda\/control-remoto-adj-rfc\/"},"modified":"2026-01-22T04:26:37","modified_gmt":"2026-01-22T10:26:37","slug":"control-remoto-adj-rfc","status":"publish","type":"product","link":"https:\/\/www.mexicanguitarplayers.com\/en\/tienda\/accesorios\/varios\/control-remoto-adj-rfc\/","title":{"rendered":"ADJ RFC REMOTE CONTROL"},"content":{"rendered":"<div style=\"text-align: justify\">\n<div>\n<h3>ADJ RFC REMOTE CONTROL<\/h3>\n<\/div>\n<div>RFC remote control, maximum control, you can turn the lights on and off, run integrated software and more. You can even adjust the RGB colors remotely so your rig will be easy to set up quickly. If you have a team full of American DJ lights, this controller will help make your life much easier. Compatible with: Mega Bar RGBA, WiFLY Par QA, WiFLY Bar QA5, WiFLY Bar RGBA, Mega Go Flood Par, Jelly Par Profile System.<\/div>\n<\/div>","protected":false},"excerpt":{"rendered":"<p>Control remoto RFC, m\u00e1ximo control, puedes encender y apagar las luces, correr software integrado y m\u00e1s. Puedes incluso ajustar los colores RGB a distancia porlo que tu equipo ser\u00e1 f\u00e1cil de configurar r\u00e1pidamente. Si tienes un equipo llenode luces American DJ este control te ayudar\u00e1 a hacerte la vida mucho m\u00e1s f\u00e1cil.Compatible con: Mega Bar RGBA, WiFLY Par QA, WiFLY Bar QA5, WiFLY Bar RGBA, Mega Go Flood Par, Jelly Par Profile System.&hellip; <a class=\"kt-excerpt-readmore more-link\" href=\"https:\/\/www.mexicanguitarplayers.com\/en\/tienda\/accesorios\/varios\/control-remoto-adj-rfc\/\">Read more<\/a><\/p>","protected":false},"featured_media":15380,"comment_status":"open","ping_status":"closed","template":"","meta":{"kt_blocks_editor_width":""},"pwb-brand":[556],"product_brand":[],"product_cat":[85,249],"product_tag":[],"class_list":{"0":"post-15381","1":"product","2":"type-product","3":"status-publish","4":"has-post-thumbnail","6":"pwb-brand-adj","7":"product_cat-accesorios","8":"product_cat-varios","9":"product_shipping_class-0-5-kg","11":"first","12":"instock","13":"taxable","14":"shipping-taxable","15":"purchasable","16":"product-type-simple"},"yoast_head":"<!-- This site is optimized with the Yoast SEO plugin v27.3 - https:\/\/yoast.com\/product\/yoast-seo-wordpress\/ -->\n<title>CONTROL REMOTO ADJ RFC - Mexican Guitar Players<\/title>\n<meta name=\"description\" content=\"CONTROL REMOTO ADJ RFC. Control remoto RFC, m\u00e1ximo control, puedes encender y apagar las luces, correr software integrado y m\u00e1s. Puedes incluso ajustar los colores RGB a distancia porlo que tu equipo ser\u00e1 f\u00e1cil de configurar r\u00e1pidamente. Si tienes un equipo llenode luces American DJ este control te ayudar\u00e1 a hacerte la vida mucho m\u00e1s f\u00e1cil.Compatible con: Mega Bar RGBA, WiFLY Par QA, WiFLY Bar QA5, WiFLY Bar RGBA, Mega Go Flood Par, Jelly Par Profile System.\" \/>\n<meta name=\"robots\" content=\"index, follow, max-snippet:-1, max-image-preview:large, max-video-preview:-1\" \/>\n<link rel=\"canonical\" href=\"https:\/\/www.mexicanguitarplayers.com\/en\/tienda\/accesorios\/varios\/control-remoto-adj-rfc\/\" \/>\n<meta property=\"og:locale\" content=\"en_US\" \/>\n<meta property=\"og:type\" content=\"article\" \/>\n<meta property=\"og:title\" content=\"CONTROL REMOTO ADJ RFC - Mexican Guitar Players\" \/>\n<meta property=\"og:description\" content=\"CONTROL REMOTO ADJ RFC. Control remoto RFC, m\u00e1ximo control, puedes encender y apagar las luces, correr software integrado y m\u00e1s. Puedes incluso ajustar los colores RGB a distancia porlo que tu equipo ser\u00e1 f\u00e1cil de configurar r\u00e1pidamente. Si tienes un equipo llenode luces American DJ este control te ayudar\u00e1 a hacerte la vida mucho m\u00e1s f\u00e1cil.Compatible con: Mega Bar RGBA, WiFLY Par QA, WiFLY Bar QA5, WiFLY Bar RGBA, Mega Go Flood Par, Jelly Par Profile System.\" \/>\n<meta property=\"og:url\" content=\"https:\/\/www.mexicanguitarplayers.com\/en\/tienda\/accesorios\/varios\/control-remoto-adj-rfc\/\" \/>\n<meta property=\"og:site_name\" content=\"Mexican Guitar Players\" \/>\n<meta property=\"article:modified_time\" content=\"2026-01-22T10:26:37+00:00\" \/>\n<meta property=\"og:image\" content=\"https:\/\/www.mexicanguitarplayers.com\/wp-content\/uploads\/2022\/08\/LUADJRFR044.jpg\" \/>\n\t<meta property=\"og:image:width\" content=\"800\" \/>\n\t<meta property=\"og:image:height\" content=\"1600\" \/>\n\t<meta property=\"og:image:type\" content=\"image\/jpeg\" \/>\n<meta name=\"twitter:card\" content=\"summary_large_image\" \/>\n<script type=\"application\/ld+json\" class=\"yoast-schema-graph\">{\"@context\":\"https:\\\/\\\/schema.org\",\"@graph\":[{\"@type\":[\"WebPage\",\"ItemPage\"],\"@id\":\"https:\\\/\\\/www.mexicanguitarplayers.com\\\/tienda\\\/accesorios\\\/varios\\\/control-remoto-adj-rfc\\\/\",\"url\":\"https:\\\/\\\/www.mexicanguitarplayers.com\\\/tienda\\\/accesorios\\\/varios\\\/control-remoto-adj-rfc\\\/\",\"name\":\"CONTROL REMOTO ADJ RFC - Mexican Guitar Players\",\"isPartOf\":{\"@id\":\"https:\\\/\\\/www.mexicanguitarplayers.com\\\/#website\"},\"primaryImageOfPage\":{\"@id\":\"https:\\\/\\\/www.mexicanguitarplayers.com\\\/tienda\\\/accesorios\\\/varios\\\/control-remoto-adj-rfc\\\/#primaryimage\"},\"image\":{\"@id\":\"https:\\\/\\\/www.mexicanguitarplayers.com\\\/tienda\\\/accesorios\\\/varios\\\/control-remoto-adj-rfc\\\/#primaryimage\"},\"thumbnailUrl\":\"https:\\\/\\\/www.mexicanguitarplayers.com\\\/wp-content\\\/uploads\\\/2022\\\/08\\\/LUADJRFR044.jpg\",\"datePublished\":\"2022-08-18T20:59:09+00:00\",\"dateModified\":\"2026-01-22T10:26:37+00:00\",\"description\":\"CONTROL REMOTO ADJ RFC. Control remoto RFC, m\u00e1ximo control, puedes encender y apagar las luces, correr software integrado y m\u00e1s. Puedes incluso ajustar los colores RGB a distancia porlo que tu equipo ser\u00e1 f\u00e1cil de configurar r\u00e1pidamente. Si tienes un equipo llenode luces American DJ este control te ayudar\u00e1 a hacerte la vida mucho m\u00e1s f\u00e1cil.Compatible con: Mega Bar RGBA, WiFLY Par QA, WiFLY Bar QA5, WiFLY Bar RGBA, Mega Go Flood Par, Jelly Par Profile System.\",\"breadcrumb\":{\"@id\":\"https:\\\/\\\/www.mexicanguitarplayers.com\\\/tienda\\\/accesorios\\\/varios\\\/control-remoto-adj-rfc\\\/#breadcrumb\"},\"inLanguage\":\"en-US\",\"potentialAction\":[{\"@type\":\"ReadAction\",\"target\":[\"https:\\\/\\\/www.mexicanguitarplayers.com\\\/tienda\\\/accesorios\\\/varios\\\/control-remoto-adj-rfc\\\/\"]}]},{\"@type\":\"ImageObject\",\"inLanguage\":\"en-US\",\"@id\":\"https:\\\/\\\/www.mexicanguitarplayers.com\\\/tienda\\\/accesorios\\\/varios\\\/control-remoto-adj-rfc\\\/#primaryimage\",\"url\":\"https:\\\/\\\/www.mexicanguitarplayers.com\\\/wp-content\\\/uploads\\\/2022\\\/08\\\/LUADJRFR044.jpg\",\"contentUrl\":\"https:\\\/\\\/www.mexicanguitarplayers.com\\\/wp-content\\\/uploads\\\/2022\\\/08\\\/LUADJRFR044.jpg\",\"width\":800,\"height\":1600},{\"@type\":\"BreadcrumbList\",\"@id\":\"https:\\\/\\\/www.mexicanguitarplayers.com\\\/tienda\\\/accesorios\\\/varios\\\/control-remoto-adj-rfc\\\/#breadcrumb\",\"itemListElement\":[{\"@type\":\"ListItem\",\"position\":1,\"name\":\"Portada\",\"item\":\"https:\\\/\\\/www.mexicanguitarplayers.com\\\/\"},{\"@type\":\"ListItem\",\"position\":2,\"name\":\"Tienda\",\"item\":\"https:\\\/\\\/www.mexicanguitarplayers.com\\\/tienda\\\/\"},{\"@type\":\"ListItem\",\"position\":3,\"name\":\"CONTROL REMOTO ADJ RFC\"}]},{\"@type\":\"WebSite\",\"@id\":\"https:\\\/\\\/www.mexicanguitarplayers.com\\\/#website\",\"url\":\"https:\\\/\\\/www.mexicanguitarplayers.com\\\/\",\"name\":\"Mexican Guitar Players\",\"description\":\"Website\",\"publisher\":{\"@id\":\"https:\\\/\\\/www.mexicanguitarplayers.com\\\/#organization\"},\"potentialAction\":[{\"@type\":\"SearchAction\",\"target\":{\"@type\":\"EntryPoint\",\"urlTemplate\":\"https:\\\/\\\/www.mexicanguitarplayers.com\\\/?s={search_term_string}\"},\"query-input\":{\"@type\":\"PropertyValueSpecification\",\"valueRequired\":true,\"valueName\":\"search_term_string\"}}],\"inLanguage\":\"en-US\"},{\"@type\":\"Organization\",\"@id\":\"https:\\\/\\\/www.mexicanguitarplayers.com\\\/#organization\",\"name\":\"Mexican Guitar Players\",\"url\":\"https:\\\/\\\/www.mexicanguitarplayers.com\\\/\",\"logo\":{\"@type\":\"ImageObject\",\"inLanguage\":\"en-US\",\"@id\":\"https:\\\/\\\/www.mexicanguitarplayers.com\\\/#\\\/schema\\\/logo\\\/image\\\/\",\"url\":\"\",\"contentUrl\":\"\",\"caption\":\"Mexican Guitar Players\"},\"image\":{\"@id\":\"https:\\\/\\\/www.mexicanguitarplayers.com\\\/#\\\/schema\\\/logo\\\/image\\\/\"}}]}<\/script>\n<!-- \/ Yoast SEO plugin. -->","yoast_head_json":{"title":"CONTROL REMOTO ADJ RFC - Mexican Guitar Players","description":"CONTROL REMOTO ADJ RFC. Control remoto RFC, m\u00e1ximo control, puedes encender y apagar las luces, correr software integrado y m\u00e1s. Puedes incluso ajustar los colores RGB a distancia porlo que tu equipo ser\u00e1 f\u00e1cil de configurar r\u00e1pidamente. Si tienes un equipo llenode luces American DJ este control te ayudar\u00e1 a hacerte la vida mucho m\u00e1s f\u00e1cil.Compatible con: Mega Bar RGBA, WiFLY Par QA, WiFLY Bar QA5, WiFLY Bar RGBA, Mega Go Flood Par, Jelly Par Profile System.","robots":{"index":"index","follow":"follow","max-snippet":"max-snippet:-1","max-image-preview":"max-image-preview:large","max-video-preview":"max-video-preview:-1"},"canonical":"https:\/\/www.mexicanguitarplayers.com\/en\/tienda\/accesorios\/varios\/control-remoto-adj-rfc\/","og_locale":"en_US","og_type":"article","og_title":"CONTROL REMOTO ADJ RFC - Mexican Guitar Players","og_description":"CONTROL REMOTO ADJ RFC. Control remoto RFC, m\u00e1ximo control, puedes encender y apagar las luces, correr software integrado y m\u00e1s. Puedes incluso ajustar los colores RGB a distancia porlo que tu equipo ser\u00e1 f\u00e1cil de configurar r\u00e1pidamente. Si tienes un equipo llenode luces American DJ este control te ayudar\u00e1 a hacerte la vida mucho m\u00e1s f\u00e1cil.Compatible con: Mega Bar RGBA, WiFLY Par QA, WiFLY Bar QA5, WiFLY Bar RGBA, Mega Go Flood Par, Jelly Par Profile System.","og_url":"https:\/\/www.mexicanguitarplayers.com\/en\/tienda\/accesorios\/varios\/control-remoto-adj-rfc\/","og_site_name":"Mexican Guitar Players","article_modified_time":"2026-01-22T10:26:37+00:00","og_image":[{"width":800,"height":1600,"url":"https:\/\/www.mexicanguitarplayers.com\/wp-content\/uploads\/2022\/08\/LUADJRFR044.jpg","type":"image\/jpeg"}],"twitter_card":"summary_large_image","schema":{"@context":"https:\/\/schema.org","@graph":[{"@type":["WebPage","ItemPage"],"@id":"https:\/\/www.mexicanguitarplayers.com\/tienda\/accesorios\/varios\/control-remoto-adj-rfc\/","url":"https:\/\/www.mexicanguitarplayers.com\/tienda\/accesorios\/varios\/control-remoto-adj-rfc\/","name":"CONTROL REMOTO ADJ RFC - Mexican Guitar Players","isPartOf":{"@id":"https:\/\/www.mexicanguitarplayers.com\/#website"},"primaryImageOfPage":{"@id":"https:\/\/www.mexicanguitarplayers.com\/tienda\/accesorios\/varios\/control-remoto-adj-rfc\/#primaryimage"},"image":{"@id":"https:\/\/www.mexicanguitarplayers.com\/tienda\/accesorios\/varios\/control-remoto-adj-rfc\/#primaryimage"},"thumbnailUrl":"https:\/\/www.mexicanguitarplayers.com\/wp-content\/uploads\/2022\/08\/LUADJRFR044.jpg","datePublished":"2022-08-18T20:59:09+00:00","dateModified":"2026-01-22T10:26:37+00:00","description":"CONTROL REMOTO ADJ RFC. Control remoto RFC, m\u00e1ximo control, puedes encender y apagar las luces, correr software integrado y m\u00e1s. Puedes incluso ajustar los colores RGB a distancia porlo que tu equipo ser\u00e1 f\u00e1cil de configurar r\u00e1pidamente. Si tienes un equipo llenode luces American DJ este control te ayudar\u00e1 a hacerte la vida mucho m\u00e1s f\u00e1cil.Compatible con: Mega Bar RGBA, WiFLY Par QA, WiFLY Bar QA5, WiFLY Bar RGBA, Mega Go Flood Par, Jelly Par Profile System.","breadcrumb":{"@id":"https:\/\/www.mexicanguitarplayers.com\/tienda\/accesorios\/varios\/control-remoto-adj-rfc\/#breadcrumb"},"inLanguage":"en-US","potentialAction":[{"@type":"ReadAction","target":["https:\/\/www.mexicanguitarplayers.com\/tienda\/accesorios\/varios\/control-remoto-adj-rfc\/"]}]},{"@type":"ImageObject","inLanguage":"en-US","@id":"https:\/\/www.mexicanguitarplayers.com\/tienda\/accesorios\/varios\/control-remoto-adj-rfc\/#primaryimage","url":"https:\/\/www.mexicanguitarplayers.com\/wp-content\/uploads\/2022\/08\/LUADJRFR044.jpg","contentUrl":"https:\/\/www.mexicanguitarplayers.com\/wp-content\/uploads\/2022\/08\/LUADJRFR044.jpg","width":800,"height":1600},{"@type":"BreadcrumbList","@id":"https:\/\/www.mexicanguitarplayers.com\/tienda\/accesorios\/varios\/control-remoto-adj-rfc\/#breadcrumb","itemListElement":[{"@type":"ListItem","position":1,"name":"Portada","item":"https:\/\/www.mexicanguitarplayers.com\/"},{"@type":"ListItem","position":2,"name":"Tienda","item":"https:\/\/www.mexicanguitarplayers.com\/tienda\/"},{"@type":"ListItem","position":3,"name":"CONTROL REMOTO ADJ RFC"}]},{"@type":"WebSite","@id":"https:\/\/www.mexicanguitarplayers.com\/#website","url":"https:\/\/www.mexicanguitarplayers.com\/","name":"Mexican Guitar Players","description":"Website","publisher":{"@id":"https:\/\/www.mexicanguitarplayers.com\/#organization"},"potentialAction":[{"@type":"SearchAction","target":{"@type":"EntryPoint","urlTemplate":"https:\/\/www.mexicanguitarplayers.com\/?s={search_term_string}"},"query-input":{"@type":"PropertyValueSpecification","valueRequired":true,"valueName":"search_term_string"}}],"inLanguage":"en-US"},{"@type":"Organization","@id":"https:\/\/www.mexicanguitarplayers.com\/#organization","name":"Mexican Guitar Players","url":"https:\/\/www.mexicanguitarplayers.com\/","logo":{"@type":"ImageObject","inLanguage":"en-US","@id":"https:\/\/www.mexicanguitarplayers.com\/#\/schema\/logo\/image\/","url":"","contentUrl":"","caption":"Mexican Guitar Players"},"image":{"@id":"https:\/\/www.mexicanguitarplayers.com\/#\/schema\/logo\/image\/"}}]}},"brands":[{"id":556,"name":"ADJ","slug":"adj"}],"_links":{"self":[{"href":"https:\/\/www.mexicanguitarplayers.com\/en\/wp-json\/wp\/v2\/product\/15381","targetHints":{"allow":["GET"]}}],"collection":[{"href":"https:\/\/www.mexicanguitarplayers.com\/en\/wp-json\/wp\/v2\/product"}],"about":[{"href":"https:\/\/www.mexicanguitarplayers.com\/en\/wp-json\/wp\/v2\/types\/product"}],"replies":[{"embeddable":true,"href":"https:\/\/www.mexicanguitarplayers.com\/en\/wp-json\/wp\/v2\/comments?post=15381"}],"wp:featuredmedia":[{"embeddable":true,"href":"https:\/\/www.mexicanguitarplayers.com\/en\/wp-json\/wp\/v2\/media\/15380"}],"wp:attachment":[{"href":"https:\/\/www.mexicanguitarplayers.com\/en\/wp-json\/wp\/v2\/media?parent=15381"}],"wp:term":[{"taxonomy":"pwb-brand","embeddable":true,"href":"https:\/\/www.mexicanguitarplayers.com\/en\/wp-json\/wp\/v2\/pwb-brand?post=15381"},{"taxonomy":"product_brand","embeddable":true,"href":"https:\/\/www.mexicanguitarplayers.com\/en\/wp-json\/wp\/v2\/product_brand?post=15381"},{"taxonomy":"product_cat","embeddable":true,"href":"https:\/\/www.mexicanguitarplayers.com\/en\/wp-json\/wp\/v2\/product_cat?post=15381"},{"taxonomy":"product_tag","embeddable":true,"href":"https:\/\/www.mexicanguitarplayers.com\/en\/wp-json\/wp\/v2\/product_tag?post=15381"}],"curies":[{"name":"wp","href":"https:\/\/api.w.org\/{rel}","templated":true}]}}