{"id":15401,"date":"2022-08-18T15:59:43","date_gmt":"2022-08-18T20:59:43","guid":{"rendered":"https:\/\/www.mexicanguitarplayers.com\/tienda\/sin%20categor\u00eda\/lampara-adj-sweeper-beam-quad-led\/"},"modified":"2026-01-22T04:26:24","modified_gmt":"2026-01-22T10:26:24","slug":"lampara-adj-sweeper-beam-quad-led","status":"publish","type":"product","link":"https:\/\/www.mexicanguitarplayers.com\/en\/tienda\/iluminacion\/leds\/strips\/lampara-adj-sweeper-beam-quad-led\/","title":{"rendered":"ADJ SWEEPER BEAM QUAD LED LAMP"},"content":{"rendered":"<div style=\"text-align: justify\">\n<div>\n<h3>ADJ SWEEPER BEAM QUAD LED LAMP<\/h3>\n<\/div>\n<div>Beam effects unit that sweeps quickly across the floor, 8x Quad RGBW Cree LEDs at 8W (each), 4 button DMX LED menu system, 3 modes of operation: DMX Controlled, Master\/Slave and Sound Activated, 4 DMX Channel Modes: 1, 6, 35 or 39 Channels, DMX-512 Protocol, LED Strobe and Pulse Effect, 270\u00b0 Tilt via Smooth Stepper Motors, 3.5\u00b0 Beam Angle, Includes Mounting Brackets on the wall or can be placed on the floor, compatible with ADJ UC3 controllers (not included), power consumption: 81watts maximum.<\/div>\n<\/div>","protected":false},"excerpt":{"rendered":"<p>Unidad con efectos de haces que barren r\u00e1pidamente por el suelo, 8x Quad RGBW Cree LEDs a 8W (cada uno), sistema de men\u00fa DMX LED de 4 botones, 3 modos de operaci\u00f3n: Controlado por DMX, Maestro\/Esclavo y Activaci\u00f3n por sonido, 4 modos de canal DMX: 1, 6, 35 o 39 canales, protocolo DMX-512, efecto de pulso y Estrobo LED,inclinaci\u00f3n de 270\u00b0 grados v\u00eda suave motores de pasos, \u00e1ngulo de haz: 3.5\u00b0 grados, incluye soportes para montar en la pared o puede ser colocado sobre el piso,compatible con controladores UC3 de ADJ (no incluidos), consumo de potencia: 81watts m\u00e1ximo.&hellip; <a class=\"kt-excerpt-readmore more-link\" href=\"https:\/\/www.mexicanguitarplayers.com\/en\/tienda\/iluminacion\/leds\/strips\/lampara-adj-sweeper-beam-quad-led\/\">Read more<\/a><\/p>","protected":false},"featured_media":15400,"comment_status":"open","ping_status":"closed","template":"","meta":{"kt_blocks_editor_width":""},"pwb-brand":[556],"product_brand":[],"product_cat":[406,408,557],"product_tag":[],"class_list":{"0":"post-15401","1":"product","2":"type-product","3":"status-publish","4":"has-post-thumbnail","6":"pwb-brand-adj","7":"product_cat-iluminacion","8":"product_cat-leds","9":"product_cat-strips","10":"product_shipping_class-5-10-kg","12":"first","13":"outofstock","14":"taxable","15":"shipping-taxable","16":"purchasable","17":"product-type-simple"},"yoast_head":"<!-- This site is optimized with the Yoast SEO plugin v27.3 - https:\/\/yoast.com\/product\/yoast-seo-wordpress\/ -->\n<title>LAMPARA ADJ SWEEPER BEAM QUAD LED - Mexican Guitar Players<\/title>\n<meta name=\"description\" content=\"LAMPARA ADJ SWEEPER BEAM QUAD LED. Unidad con efectos de haces que barren r\u00e1pidamente por el suelo, 8x Quad RGBW Cree LEDs a 8W (cada uno), sistema de men\u00fa DMX LED de 4 botones, 3 modos de operaci\u00f3n: Controlado por DMX, Maestro\/Esclavo y Activaci\u00f3n por sonido, 4 modos de canal DMX: 1, 6, 35 o 39 canales, protocolo DMX-512, efecto de pulso y Estrobo LED,inclinaci\u00f3n de 270\u00b0 grados v\u00eda suave motores de pasos, \u00e1ngulo de haz: 3.5\u00b0 grados, incluye soportes para montar en la pared o puede ser colocado sobre el piso,compatible con controladores UC3 de ADJ (no incluidos), consumo de potencia: 81watts m\u00e1ximo.\" \/>\n<meta name=\"robots\" content=\"index, follow, max-snippet:-1, max-image-preview:large, max-video-preview:-1\" \/>\n<link rel=\"canonical\" href=\"https:\/\/www.mexicanguitarplayers.com\/en\/tienda\/iluminacion\/leds\/strips\/lampara-adj-sweeper-beam-quad-led\/\" \/>\n<meta property=\"og:locale\" content=\"en_US\" \/>\n<meta property=\"og:type\" content=\"article\" \/>\n<meta property=\"og:title\" content=\"LAMPARA ADJ SWEEPER BEAM QUAD LED - Mexican Guitar Players\" \/>\n<meta property=\"og:description\" content=\"LAMPARA ADJ SWEEPER BEAM QUAD LED. Unidad con efectos de haces que barren r\u00e1pidamente por el suelo, 8x Quad RGBW Cree LEDs a 8W (cada uno), sistema de men\u00fa DMX LED de 4 botones, 3 modos de operaci\u00f3n: Controlado por DMX, Maestro\/Esclavo y Activaci\u00f3n por sonido, 4 modos de canal DMX: 1, 6, 35 o 39 canales, protocolo DMX-512, efecto de pulso y Estrobo LED,inclinaci\u00f3n de 270\u00b0 grados v\u00eda suave motores de pasos, \u00e1ngulo de haz: 3.5\u00b0 grados, incluye soportes para montar en la pared o puede ser colocado sobre el piso,compatible con controladores UC3 de ADJ (no incluidos), consumo de potencia: 81watts m\u00e1ximo.\" \/>\n<meta property=\"og:url\" content=\"https:\/\/www.mexicanguitarplayers.com\/en\/tienda\/iluminacion\/leds\/strips\/lampara-adj-sweeper-beam-quad-led\/\" \/>\n<meta property=\"og:site_name\" content=\"Mexican Guitar Players\" \/>\n<meta property=\"article:modified_time\" content=\"2026-01-22T10:26:24+00:00\" \/>\n<meta property=\"og:image\" content=\"https:\/\/www.mexicanguitarplayers.com\/wp-content\/uploads\/2022\/08\/LUADJSWE199.jpg\" \/>\n\t<meta property=\"og:image:width\" content=\"1200\" \/>\n\t<meta property=\"og:image:height\" content=\"1200\" \/>\n\t<meta property=\"og:image:type\" content=\"image\/jpeg\" \/>\n<meta name=\"twitter:card\" content=\"summary_large_image\" \/>\n<meta name=\"twitter:label1\" content=\"Est. reading time\" \/>\n\t<meta name=\"twitter:data1\" content=\"1 minute\" \/>\n<script type=\"application\/ld+json\" class=\"yoast-schema-graph\">{\"@context\":\"https:\\\/\\\/schema.org\",\"@graph\":[{\"@type\":[\"WebPage\",\"ItemPage\"],\"@id\":\"https:\\\/\\\/www.mexicanguitarplayers.com\\\/tienda\\\/iluminacion\\\/leds\\\/strips\\\/lampara-adj-sweeper-beam-quad-led\\\/\",\"url\":\"https:\\\/\\\/www.mexicanguitarplayers.com\\\/tienda\\\/iluminacion\\\/leds\\\/strips\\\/lampara-adj-sweeper-beam-quad-led\\\/\",\"name\":\"LAMPARA ADJ SWEEPER BEAM QUAD LED - Mexican Guitar Players\",\"isPartOf\":{\"@id\":\"https:\\\/\\\/www.mexicanguitarplayers.com\\\/#website\"},\"primaryImageOfPage\":{\"@id\":\"https:\\\/\\\/www.mexicanguitarplayers.com\\\/tienda\\\/iluminacion\\\/leds\\\/strips\\\/lampara-adj-sweeper-beam-quad-led\\\/#primaryimage\"},\"image\":{\"@id\":\"https:\\\/\\\/www.mexicanguitarplayers.com\\\/tienda\\\/iluminacion\\\/leds\\\/strips\\\/lampara-adj-sweeper-beam-quad-led\\\/#primaryimage\"},\"thumbnailUrl\":\"https:\\\/\\\/www.mexicanguitarplayers.com\\\/wp-content\\\/uploads\\\/2022\\\/08\\\/LUADJSWE199.jpg\",\"datePublished\":\"2022-08-18T20:59:43+00:00\",\"dateModified\":\"2026-01-22T10:26:24+00:00\",\"description\":\"LAMPARA ADJ SWEEPER BEAM QUAD LED. Unidad con efectos de haces que barren r\u00e1pidamente por el suelo, 8x Quad RGBW Cree LEDs a 8W (cada uno), sistema de men\u00fa DMX LED de 4 botones, 3 modos de operaci\u00f3n: Controlado por DMX, Maestro\\\/Esclavo y Activaci\u00f3n por sonido, 4 modos de canal DMX: 1, 6, 35 o 39 canales, protocolo DMX-512, efecto de pulso y Estrobo LED,inclinaci\u00f3n de 270\u00b0 grados v\u00eda suave motores de pasos, \u00e1ngulo de haz: 3.5\u00b0 grados, incluye soportes para montar en la pared o puede ser colocado sobre el piso,compatible con controladores UC3 de ADJ (no incluidos), consumo de potencia: 81watts m\u00e1ximo.\",\"breadcrumb\":{\"@id\":\"https:\\\/\\\/www.mexicanguitarplayers.com\\\/tienda\\\/iluminacion\\\/leds\\\/strips\\\/lampara-adj-sweeper-beam-quad-led\\\/#breadcrumb\"},\"inLanguage\":\"en-US\",\"potentialAction\":[{\"@type\":\"ReadAction\",\"target\":[\"https:\\\/\\\/www.mexicanguitarplayers.com\\\/tienda\\\/iluminacion\\\/leds\\\/strips\\\/lampara-adj-sweeper-beam-quad-led\\\/\"]}]},{\"@type\":\"ImageObject\",\"inLanguage\":\"en-US\",\"@id\":\"https:\\\/\\\/www.mexicanguitarplayers.com\\\/tienda\\\/iluminacion\\\/leds\\\/strips\\\/lampara-adj-sweeper-beam-quad-led\\\/#primaryimage\",\"url\":\"https:\\\/\\\/www.mexicanguitarplayers.com\\\/wp-content\\\/uploads\\\/2022\\\/08\\\/LUADJSWE199.jpg\",\"contentUrl\":\"https:\\\/\\\/www.mexicanguitarplayers.com\\\/wp-content\\\/uploads\\\/2022\\\/08\\\/LUADJSWE199.jpg\",\"width\":1200,\"height\":1200},{\"@type\":\"BreadcrumbList\",\"@id\":\"https:\\\/\\\/www.mexicanguitarplayers.com\\\/tienda\\\/iluminacion\\\/leds\\\/strips\\\/lampara-adj-sweeper-beam-quad-led\\\/#breadcrumb\",\"itemListElement\":[{\"@type\":\"ListItem\",\"position\":1,\"name\":\"Portada\",\"item\":\"https:\\\/\\\/www.mexicanguitarplayers.com\\\/\"},{\"@type\":\"ListItem\",\"position\":2,\"name\":\"Tienda\",\"item\":\"https:\\\/\\\/www.mexicanguitarplayers.com\\\/tienda\\\/\"},{\"@type\":\"ListItem\",\"position\":3,\"name\":\"LAMPARA ADJ SWEEPER BEAM QUAD LED\"}]},{\"@type\":\"WebSite\",\"@id\":\"https:\\\/\\\/www.mexicanguitarplayers.com\\\/#website\",\"url\":\"https:\\\/\\\/www.mexicanguitarplayers.com\\\/\",\"name\":\"Mexican Guitar Players\",\"description\":\"Website\",\"publisher\":{\"@id\":\"https:\\\/\\\/www.mexicanguitarplayers.com\\\/#organization\"},\"potentialAction\":[{\"@type\":\"SearchAction\",\"target\":{\"@type\":\"EntryPoint\",\"urlTemplate\":\"https:\\\/\\\/www.mexicanguitarplayers.com\\\/?s={search_term_string}\"},\"query-input\":{\"@type\":\"PropertyValueSpecification\",\"valueRequired\":true,\"valueName\":\"search_term_string\"}}],\"inLanguage\":\"en-US\"},{\"@type\":\"Organization\",\"@id\":\"https:\\\/\\\/www.mexicanguitarplayers.com\\\/#organization\",\"name\":\"Mexican Guitar Players\",\"url\":\"https:\\\/\\\/www.mexicanguitarplayers.com\\\/\",\"logo\":{\"@type\":\"ImageObject\",\"inLanguage\":\"en-US\",\"@id\":\"https:\\\/\\\/www.mexicanguitarplayers.com\\\/#\\\/schema\\\/logo\\\/image\\\/\",\"url\":\"\",\"contentUrl\":\"\",\"caption\":\"Mexican Guitar Players\"},\"image\":{\"@id\":\"https:\\\/\\\/www.mexicanguitarplayers.com\\\/#\\\/schema\\\/logo\\\/image\\\/\"}}]}<\/script>\n<!-- \/ Yoast SEO plugin. -->","yoast_head_json":{"title":"LAMPARA ADJ SWEEPER BEAM QUAD LED - Mexican Guitar Players","description":"LAMPARA ADJ SWEEPER BEAM QUAD LED. Unidad con efectos de haces que barren r\u00e1pidamente por el suelo, 8x Quad RGBW Cree LEDs a 8W (cada uno), sistema de men\u00fa DMX LED de 4 botones, 3 modos de operaci\u00f3n: Controlado por DMX, Maestro\/Esclavo y Activaci\u00f3n por sonido, 4 modos de canal DMX: 1, 6, 35 o 39 canales, protocolo DMX-512, efecto de pulso y Estrobo LED,inclinaci\u00f3n de 270\u00b0 grados v\u00eda suave motores de pasos, \u00e1ngulo de haz: 3.5\u00b0 grados, incluye soportes para montar en la pared o puede ser colocado sobre el piso,compatible con controladores UC3 de ADJ (no incluidos), consumo de potencia: 81watts m\u00e1ximo.","robots":{"index":"index","follow":"follow","max-snippet":"max-snippet:-1","max-image-preview":"max-image-preview:large","max-video-preview":"max-video-preview:-1"},"canonical":"https:\/\/www.mexicanguitarplayers.com\/en\/tienda\/iluminacion\/leds\/strips\/lampara-adj-sweeper-beam-quad-led\/","og_locale":"en_US","og_type":"article","og_title":"LAMPARA ADJ SWEEPER BEAM QUAD LED - Mexican Guitar Players","og_description":"LAMPARA ADJ SWEEPER BEAM QUAD LED. Unidad con efectos de haces que barren r\u00e1pidamente por el suelo, 8x Quad RGBW Cree LEDs a 8W (cada uno), sistema de men\u00fa DMX LED de 4 botones, 3 modos de operaci\u00f3n: Controlado por DMX, Maestro\/Esclavo y Activaci\u00f3n por sonido, 4 modos de canal DMX: 1, 6, 35 o 39 canales, protocolo DMX-512, efecto de pulso y Estrobo LED,inclinaci\u00f3n de 270\u00b0 grados v\u00eda suave motores de pasos, \u00e1ngulo de haz: 3.5\u00b0 grados, incluye soportes para montar en la pared o puede ser colocado sobre el piso,compatible con controladores UC3 de ADJ (no incluidos), consumo de potencia: 81watts m\u00e1ximo.","og_url":"https:\/\/www.mexicanguitarplayers.com\/en\/tienda\/iluminacion\/leds\/strips\/lampara-adj-sweeper-beam-quad-led\/","og_site_name":"Mexican Guitar Players","article_modified_time":"2026-01-22T10:26:24+00:00","og_image":[{"width":1200,"height":1200,"url":"https:\/\/www.mexicanguitarplayers.com\/wp-content\/uploads\/2022\/08\/LUADJSWE199.jpg","type":"image\/jpeg"}],"twitter_card":"summary_large_image","twitter_misc":{"Est. reading time":"1 minute"},"schema":{"@context":"https:\/\/schema.org","@graph":[{"@type":["WebPage","ItemPage"],"@id":"https:\/\/www.mexicanguitarplayers.com\/tienda\/iluminacion\/leds\/strips\/lampara-adj-sweeper-beam-quad-led\/","url":"https:\/\/www.mexicanguitarplayers.com\/tienda\/iluminacion\/leds\/strips\/lampara-adj-sweeper-beam-quad-led\/","name":"LAMPARA ADJ SWEEPER BEAM QUAD LED - Mexican Guitar Players","isPartOf":{"@id":"https:\/\/www.mexicanguitarplayers.com\/#website"},"primaryImageOfPage":{"@id":"https:\/\/www.mexicanguitarplayers.com\/tienda\/iluminacion\/leds\/strips\/lampara-adj-sweeper-beam-quad-led\/#primaryimage"},"image":{"@id":"https:\/\/www.mexicanguitarplayers.com\/tienda\/iluminacion\/leds\/strips\/lampara-adj-sweeper-beam-quad-led\/#primaryimage"},"thumbnailUrl":"https:\/\/www.mexicanguitarplayers.com\/wp-content\/uploads\/2022\/08\/LUADJSWE199.jpg","datePublished":"2022-08-18T20:59:43+00:00","dateModified":"2026-01-22T10:26:24+00:00","description":"LAMPARA ADJ SWEEPER BEAM QUAD LED. Unidad con efectos de haces que barren r\u00e1pidamente por el suelo, 8x Quad RGBW Cree LEDs a 8W (cada uno), sistema de men\u00fa DMX LED de 4 botones, 3 modos de operaci\u00f3n: Controlado por DMX, Maestro\/Esclavo y Activaci\u00f3n por sonido, 4 modos de canal DMX: 1, 6, 35 o 39 canales, protocolo DMX-512, efecto de pulso y Estrobo LED,inclinaci\u00f3n de 270\u00b0 grados v\u00eda suave motores de pasos, \u00e1ngulo de haz: 3.5\u00b0 grados, incluye soportes para montar en la pared o puede ser colocado sobre el piso,compatible con controladores UC3 de ADJ (no incluidos), consumo de potencia: 81watts m\u00e1ximo.","breadcrumb":{"@id":"https:\/\/www.mexicanguitarplayers.com\/tienda\/iluminacion\/leds\/strips\/lampara-adj-sweeper-beam-quad-led\/#breadcrumb"},"inLanguage":"en-US","potentialAction":[{"@type":"ReadAction","target":["https:\/\/www.mexicanguitarplayers.com\/tienda\/iluminacion\/leds\/strips\/lampara-adj-sweeper-beam-quad-led\/"]}]},{"@type":"ImageObject","inLanguage":"en-US","@id":"https:\/\/www.mexicanguitarplayers.com\/tienda\/iluminacion\/leds\/strips\/lampara-adj-sweeper-beam-quad-led\/#primaryimage","url":"https:\/\/www.mexicanguitarplayers.com\/wp-content\/uploads\/2022\/08\/LUADJSWE199.jpg","contentUrl":"https:\/\/www.mexicanguitarplayers.com\/wp-content\/uploads\/2022\/08\/LUADJSWE199.jpg","width":1200,"height":1200},{"@type":"BreadcrumbList","@id":"https:\/\/www.mexicanguitarplayers.com\/tienda\/iluminacion\/leds\/strips\/lampara-adj-sweeper-beam-quad-led\/#breadcrumb","itemListElement":[{"@type":"ListItem","position":1,"name":"Portada","item":"https:\/\/www.mexicanguitarplayers.com\/"},{"@type":"ListItem","position":2,"name":"Tienda","item":"https:\/\/www.mexicanguitarplayers.com\/tienda\/"},{"@type":"ListItem","position":3,"name":"LAMPARA ADJ SWEEPER BEAM QUAD LED"}]},{"@type":"WebSite","@id":"https:\/\/www.mexicanguitarplayers.com\/#website","url":"https:\/\/www.mexicanguitarplayers.com\/","name":"Mexican Guitar Players","description":"Website","publisher":{"@id":"https:\/\/www.mexicanguitarplayers.com\/#organization"},"potentialAction":[{"@type":"SearchAction","target":{"@type":"EntryPoint","urlTemplate":"https:\/\/www.mexicanguitarplayers.com\/?s={search_term_string}"},"query-input":{"@type":"PropertyValueSpecification","valueRequired":true,"valueName":"search_term_string"}}],"inLanguage":"en-US"},{"@type":"Organization","@id":"https:\/\/www.mexicanguitarplayers.com\/#organization","name":"Mexican Guitar Players","url":"https:\/\/www.mexicanguitarplayers.com\/","logo":{"@type":"ImageObject","inLanguage":"en-US","@id":"https:\/\/www.mexicanguitarplayers.com\/#\/schema\/logo\/image\/","url":"","contentUrl":"","caption":"Mexican Guitar Players"},"image":{"@id":"https:\/\/www.mexicanguitarplayers.com\/#\/schema\/logo\/image\/"}}]}},"brands":[{"id":556,"name":"ADJ","slug":"adj"}],"_links":{"self":[{"href":"https:\/\/www.mexicanguitarplayers.com\/en\/wp-json\/wp\/v2\/product\/15401","targetHints":{"allow":["GET"]}}],"collection":[{"href":"https:\/\/www.mexicanguitarplayers.com\/en\/wp-json\/wp\/v2\/product"}],"about":[{"href":"https:\/\/www.mexicanguitarplayers.com\/en\/wp-json\/wp\/v2\/types\/product"}],"replies":[{"embeddable":true,"href":"https:\/\/www.mexicanguitarplayers.com\/en\/wp-json\/wp\/v2\/comments?post=15401"}],"wp:featuredmedia":[{"embeddable":true,"href":"https:\/\/www.mexicanguitarplayers.com\/en\/wp-json\/wp\/v2\/media\/15400"}],"wp:attachment":[{"href":"https:\/\/www.mexicanguitarplayers.com\/en\/wp-json\/wp\/v2\/media?parent=15401"}],"wp:term":[{"taxonomy":"pwb-brand","embeddable":true,"href":"https:\/\/www.mexicanguitarplayers.com\/en\/wp-json\/wp\/v2\/pwb-brand?post=15401"},{"taxonomy":"product_brand","embeddable":true,"href":"https:\/\/www.mexicanguitarplayers.com\/en\/wp-json\/wp\/v2\/product_brand?post=15401"},{"taxonomy":"product_cat","embeddable":true,"href":"https:\/\/www.mexicanguitarplayers.com\/en\/wp-json\/wp\/v2\/product_cat?post=15401"},{"taxonomy":"product_tag","embeddable":true,"href":"https:\/\/www.mexicanguitarplayers.com\/en\/wp-json\/wp\/v2\/product_tag?post=15401"}],"curies":[{"name":"wp","href":"https:\/\/api.w.org\/{rel}","templated":true}]}}