{"id":15405,"date":"2022-08-18T15:59:47","date_gmt":"2022-08-18T20:59:47","guid":{"rendered":"https:\/\/www.mexicanguitarplayers.com\/tienda\/sin%20categor\u00eda\/lampara-adj-vizi-beam-5r\/"},"modified":"2026-01-22T04:26:18","modified_gmt":"2026-01-22T10:26:18","slug":"lampara-adj-vizi-beam-5r","status":"publish","type":"product","link":"https:\/\/www.mexicanguitarplayers.com\/en\/tienda\/iluminacion\/iluminacion-convencional\/cabezas-moviles\/lampara-adj-vizi-beam-5r\/","title":{"rendered":"ADJ VIZI BEAM 5R LAMP"},"content":{"rendered":"<div style=\"text-align: justify\">\n<div>\n<h3>ADJ VIZI BEAM 5R LAMP<\/h3>\n<\/div>\n<div>Moving Head Light, Remote DMX Address Assignment, 4 Operating Modes: DMX, Master\/Slave, Standalone and Sound Activated, 12 DMX Channels, Gobo Scrolling Mode, 4 LED DMX Button Menu System, Beam Angle: 3 degrees, auto XY repositioning, 12 dichroic colors + white(includes UV), 6mm gobo, independent gobo and color wheels, standard 360 degree pan (540 degree optional), tilt: 270 degree, auto focus, strobe effect, diffuser filter, includes hanging bracket, Philips\u00ae Platinum 5R lamp.<\/div>\n<\/div>","protected":false},"excerpt":{"rendered":"<p>L\u00e1mpara de cabeza m\u00f3vil, asignaci\u00f3n de direcciones DMX remota, 4 modos de funcionamiento: DMX, Maestro\/Esclavo, Independiente y Activado por sonido, 12 canalesDMX, modo de desplazamiento gobo, sistema de men\u00fa de 4 botones DMX LED, \u00e1ngulo de haz: 3 grados, reposicionamiento X-Y autom\u00e1tico, 12 colores dicroicos + blanco(incluye UV), gobo de 6 mm, ruedas independientes de gobo y color, paneo de 360grados est\u00e1ndar (540 grados, opcional), inclinaci\u00f3n: 270 grados, auto enfoque,efecto estroboscopio, filtro difusor, incluye soporte para colgar, l\u00e1mpara Philips\u00ae Platinum 5R.&hellip; <a class=\"kt-excerpt-readmore more-link\" href=\"https:\/\/www.mexicanguitarplayers.com\/en\/tienda\/iluminacion\/iluminacion-convencional\/cabezas-moviles\/lampara-adj-vizi-beam-5r\/\">Read more<\/a><\/p>","protected":false},"featured_media":15404,"comment_status":"open","ping_status":"closed","template":"","meta":{"kt_blocks_editor_width":""},"pwb-brand":[556],"product_brand":[],"product_cat":[548,406,547],"product_tag":[],"class_list":{"0":"post-15405","1":"product","2":"type-product","3":"status-publish","4":"has-post-thumbnail","6":"pwb-brand-adj","7":"product_cat-cabezas-moviles","8":"product_cat-iluminacion","9":"product_cat-iluminacion-convencional","10":"product_shipping_class-20-25-kg","12":"first","13":"instock","14":"taxable","15":"shipping-taxable","16":"purchasable","17":"product-type-simple"},"yoast_head":"<!-- This site is optimized with the Yoast SEO plugin v27.3 - https:\/\/yoast.com\/product\/yoast-seo-wordpress\/ -->\n<title>LAMPARA ADJ VIZI BEAM 5R - Mexican Guitar Players<\/title>\n<meta name=\"description\" content=\"LAMPARA ADJ VIZI BEAM 5R. L\u00e1mpara de cabeza m\u00f3vil, asignaci\u00f3n de direcciones DMX remota, 4 modos de funcionamiento: DMX, Maestro\/Esclavo, Independiente y Activado por sonido, 12 canalesDMX, modo de desplazamiento gobo, sistema de men\u00fa de 4 botones DMX LED, \u00e1ngulo de haz: 3 grados, reposicionamiento X-Y autom\u00e1tico, 12 colores dicroicos + blanco(incluye UV), gobo de 6 mm, ruedas independientes de gobo y color, paneo de 360grados est\u00e1ndar (540 grados, opcional), inclinaci\u00f3n: 270 grados, auto enfoque,efecto estroboscopio, filtro difusor, incluye soporte para colgar, l\u00e1mpara Philips\u00ae Platinum 5R.\" \/>\n<meta name=\"robots\" content=\"index, follow, max-snippet:-1, max-image-preview:large, max-video-preview:-1\" \/>\n<link rel=\"canonical\" href=\"https:\/\/www.mexicanguitarplayers.com\/en\/tienda\/iluminacion\/iluminacion-convencional\/cabezas-moviles\/lampara-adj-vizi-beam-5r\/\" \/>\n<meta property=\"og:locale\" content=\"en_US\" \/>\n<meta property=\"og:type\" content=\"article\" \/>\n<meta property=\"og:title\" content=\"LAMPARA ADJ VIZI BEAM 5R - Mexican Guitar Players\" \/>\n<meta property=\"og:description\" content=\"LAMPARA ADJ VIZI BEAM 5R. L\u00e1mpara de cabeza m\u00f3vil, asignaci\u00f3n de direcciones DMX remota, 4 modos de funcionamiento: DMX, Maestro\/Esclavo, Independiente y Activado por sonido, 12 canalesDMX, modo de desplazamiento gobo, sistema de men\u00fa de 4 botones DMX LED, \u00e1ngulo de haz: 3 grados, reposicionamiento X-Y autom\u00e1tico, 12 colores dicroicos + blanco(incluye UV), gobo de 6 mm, ruedas independientes de gobo y color, paneo de 360grados est\u00e1ndar (540 grados, opcional), inclinaci\u00f3n: 270 grados, auto enfoque,efecto estroboscopio, filtro difusor, incluye soporte para colgar, l\u00e1mpara Philips\u00ae Platinum 5R.\" \/>\n<meta property=\"og:url\" content=\"https:\/\/www.mexicanguitarplayers.com\/en\/tienda\/iluminacion\/iluminacion-convencional\/cabezas-moviles\/lampara-adj-vizi-beam-5r\/\" \/>\n<meta property=\"og:site_name\" content=\"Mexican Guitar Players\" \/>\n<meta property=\"article:modified_time\" content=\"2026-01-22T10:26:18+00:00\" \/>\n<meta property=\"og:image\" content=\"https:\/\/www.mexicanguitarplayers.com\/wp-content\/uploads\/2022\/08\/LUADJVIZ478.jpg\" \/>\n\t<meta property=\"og:image:width\" content=\"1200\" \/>\n\t<meta property=\"og:image:height\" content=\"1200\" \/>\n\t<meta property=\"og:image:type\" content=\"image\/jpeg\" \/>\n<meta name=\"twitter:card\" content=\"summary_large_image\" \/>\n<script type=\"application\/ld+json\" class=\"yoast-schema-graph\">{\"@context\":\"https:\\\/\\\/schema.org\",\"@graph\":[{\"@type\":[\"WebPage\",\"ItemPage\"],\"@id\":\"https:\\\/\\\/www.mexicanguitarplayers.com\\\/tienda\\\/iluminacion\\\/iluminacion-convencional\\\/cabezas-moviles\\\/lampara-adj-vizi-beam-5r\\\/\",\"url\":\"https:\\\/\\\/www.mexicanguitarplayers.com\\\/tienda\\\/iluminacion\\\/iluminacion-convencional\\\/cabezas-moviles\\\/lampara-adj-vizi-beam-5r\\\/\",\"name\":\"LAMPARA ADJ VIZI BEAM 5R - Mexican Guitar Players\",\"isPartOf\":{\"@id\":\"https:\\\/\\\/www.mexicanguitarplayers.com\\\/#website\"},\"primaryImageOfPage\":{\"@id\":\"https:\\\/\\\/www.mexicanguitarplayers.com\\\/tienda\\\/iluminacion\\\/iluminacion-convencional\\\/cabezas-moviles\\\/lampara-adj-vizi-beam-5r\\\/#primaryimage\"},\"image\":{\"@id\":\"https:\\\/\\\/www.mexicanguitarplayers.com\\\/tienda\\\/iluminacion\\\/iluminacion-convencional\\\/cabezas-moviles\\\/lampara-adj-vizi-beam-5r\\\/#primaryimage\"},\"thumbnailUrl\":\"https:\\\/\\\/www.mexicanguitarplayers.com\\\/wp-content\\\/uploads\\\/2022\\\/08\\\/LUADJVIZ478.jpg\",\"datePublished\":\"2022-08-18T20:59:47+00:00\",\"dateModified\":\"2026-01-22T10:26:18+00:00\",\"description\":\"LAMPARA ADJ VIZI BEAM 5R. L\u00e1mpara de cabeza m\u00f3vil, asignaci\u00f3n de direcciones DMX remota, 4 modos de funcionamiento: DMX, Maestro\\\/Esclavo, Independiente y Activado por sonido, 12 canalesDMX, modo de desplazamiento gobo, sistema de men\u00fa de 4 botones DMX LED, \u00e1ngulo de haz: 3 grados, reposicionamiento X-Y autom\u00e1tico, 12 colores dicroicos + blanco(incluye UV), gobo de 6 mm, ruedas independientes de gobo y color, paneo de 360grados est\u00e1ndar (540 grados, opcional), inclinaci\u00f3n: 270 grados, auto enfoque,efecto estroboscopio, filtro difusor, incluye soporte para colgar, l\u00e1mpara Philips\u00ae Platinum 5R.\",\"breadcrumb\":{\"@id\":\"https:\\\/\\\/www.mexicanguitarplayers.com\\\/tienda\\\/iluminacion\\\/iluminacion-convencional\\\/cabezas-moviles\\\/lampara-adj-vizi-beam-5r\\\/#breadcrumb\"},\"inLanguage\":\"en-US\",\"potentialAction\":[{\"@type\":\"ReadAction\",\"target\":[\"https:\\\/\\\/www.mexicanguitarplayers.com\\\/tienda\\\/iluminacion\\\/iluminacion-convencional\\\/cabezas-moviles\\\/lampara-adj-vizi-beam-5r\\\/\"]}]},{\"@type\":\"ImageObject\",\"inLanguage\":\"en-US\",\"@id\":\"https:\\\/\\\/www.mexicanguitarplayers.com\\\/tienda\\\/iluminacion\\\/iluminacion-convencional\\\/cabezas-moviles\\\/lampara-adj-vizi-beam-5r\\\/#primaryimage\",\"url\":\"https:\\\/\\\/www.mexicanguitarplayers.com\\\/wp-content\\\/uploads\\\/2022\\\/08\\\/LUADJVIZ478.jpg\",\"contentUrl\":\"https:\\\/\\\/www.mexicanguitarplayers.com\\\/wp-content\\\/uploads\\\/2022\\\/08\\\/LUADJVIZ478.jpg\",\"width\":1200,\"height\":1200},{\"@type\":\"BreadcrumbList\",\"@id\":\"https:\\\/\\\/www.mexicanguitarplayers.com\\\/tienda\\\/iluminacion\\\/iluminacion-convencional\\\/cabezas-moviles\\\/lampara-adj-vizi-beam-5r\\\/#breadcrumb\",\"itemListElement\":[{\"@type\":\"ListItem\",\"position\":1,\"name\":\"Portada\",\"item\":\"https:\\\/\\\/www.mexicanguitarplayers.com\\\/\"},{\"@type\":\"ListItem\",\"position\":2,\"name\":\"Tienda\",\"item\":\"https:\\\/\\\/www.mexicanguitarplayers.com\\\/tienda\\\/\"},{\"@type\":\"ListItem\",\"position\":3,\"name\":\"LAMPARA ADJ VIZI BEAM 5R\"}]},{\"@type\":\"WebSite\",\"@id\":\"https:\\\/\\\/www.mexicanguitarplayers.com\\\/#website\",\"url\":\"https:\\\/\\\/www.mexicanguitarplayers.com\\\/\",\"name\":\"Mexican Guitar Players\",\"description\":\"Website\",\"publisher\":{\"@id\":\"https:\\\/\\\/www.mexicanguitarplayers.com\\\/#organization\"},\"potentialAction\":[{\"@type\":\"SearchAction\",\"target\":{\"@type\":\"EntryPoint\",\"urlTemplate\":\"https:\\\/\\\/www.mexicanguitarplayers.com\\\/?s={search_term_string}\"},\"query-input\":{\"@type\":\"PropertyValueSpecification\",\"valueRequired\":true,\"valueName\":\"search_term_string\"}}],\"inLanguage\":\"en-US\"},{\"@type\":\"Organization\",\"@id\":\"https:\\\/\\\/www.mexicanguitarplayers.com\\\/#organization\",\"name\":\"Mexican Guitar Players\",\"url\":\"https:\\\/\\\/www.mexicanguitarplayers.com\\\/\",\"logo\":{\"@type\":\"ImageObject\",\"inLanguage\":\"en-US\",\"@id\":\"https:\\\/\\\/www.mexicanguitarplayers.com\\\/#\\\/schema\\\/logo\\\/image\\\/\",\"url\":\"\",\"contentUrl\":\"\",\"caption\":\"Mexican Guitar Players\"},\"image\":{\"@id\":\"https:\\\/\\\/www.mexicanguitarplayers.com\\\/#\\\/schema\\\/logo\\\/image\\\/\"}}]}<\/script>\n<!-- \/ Yoast SEO plugin. -->","yoast_head_json":{"title":"LAMPARA ADJ VIZI BEAM 5R - Mexican Guitar Players","description":"LAMPARA ADJ VIZI BEAM 5R. L\u00e1mpara de cabeza m\u00f3vil, asignaci\u00f3n de direcciones DMX remota, 4 modos de funcionamiento: DMX, Maestro\/Esclavo, Independiente y Activado por sonido, 12 canalesDMX, modo de desplazamiento gobo, sistema de men\u00fa de 4 botones DMX LED, \u00e1ngulo de haz: 3 grados, reposicionamiento X-Y autom\u00e1tico, 12 colores dicroicos + blanco(incluye UV), gobo de 6 mm, ruedas independientes de gobo y color, paneo de 360grados est\u00e1ndar (540 grados, opcional), inclinaci\u00f3n: 270 grados, auto enfoque,efecto estroboscopio, filtro difusor, incluye soporte para colgar, l\u00e1mpara Philips\u00ae Platinum 5R.","robots":{"index":"index","follow":"follow","max-snippet":"max-snippet:-1","max-image-preview":"max-image-preview:large","max-video-preview":"max-video-preview:-1"},"canonical":"https:\/\/www.mexicanguitarplayers.com\/en\/tienda\/iluminacion\/iluminacion-convencional\/cabezas-moviles\/lampara-adj-vizi-beam-5r\/","og_locale":"en_US","og_type":"article","og_title":"LAMPARA ADJ VIZI BEAM 5R - Mexican Guitar Players","og_description":"LAMPARA ADJ VIZI BEAM 5R. L\u00e1mpara de cabeza m\u00f3vil, asignaci\u00f3n de direcciones DMX remota, 4 modos de funcionamiento: DMX, Maestro\/Esclavo, Independiente y Activado por sonido, 12 canalesDMX, modo de desplazamiento gobo, sistema de men\u00fa de 4 botones DMX LED, \u00e1ngulo de haz: 3 grados, reposicionamiento X-Y autom\u00e1tico, 12 colores dicroicos + blanco(incluye UV), gobo de 6 mm, ruedas independientes de gobo y color, paneo de 360grados est\u00e1ndar (540 grados, opcional), inclinaci\u00f3n: 270 grados, auto enfoque,efecto estroboscopio, filtro difusor, incluye soporte para colgar, l\u00e1mpara Philips\u00ae Platinum 5R.","og_url":"https:\/\/www.mexicanguitarplayers.com\/en\/tienda\/iluminacion\/iluminacion-convencional\/cabezas-moviles\/lampara-adj-vizi-beam-5r\/","og_site_name":"Mexican Guitar Players","article_modified_time":"2026-01-22T10:26:18+00:00","og_image":[{"width":1200,"height":1200,"url":"https:\/\/www.mexicanguitarplayers.com\/wp-content\/uploads\/2022\/08\/LUADJVIZ478.jpg","type":"image\/jpeg"}],"twitter_card":"summary_large_image","schema":{"@context":"https:\/\/schema.org","@graph":[{"@type":["WebPage","ItemPage"],"@id":"https:\/\/www.mexicanguitarplayers.com\/tienda\/iluminacion\/iluminacion-convencional\/cabezas-moviles\/lampara-adj-vizi-beam-5r\/","url":"https:\/\/www.mexicanguitarplayers.com\/tienda\/iluminacion\/iluminacion-convencional\/cabezas-moviles\/lampara-adj-vizi-beam-5r\/","name":"LAMPARA ADJ VIZI BEAM 5R - Mexican Guitar Players","isPartOf":{"@id":"https:\/\/www.mexicanguitarplayers.com\/#website"},"primaryImageOfPage":{"@id":"https:\/\/www.mexicanguitarplayers.com\/tienda\/iluminacion\/iluminacion-convencional\/cabezas-moviles\/lampara-adj-vizi-beam-5r\/#primaryimage"},"image":{"@id":"https:\/\/www.mexicanguitarplayers.com\/tienda\/iluminacion\/iluminacion-convencional\/cabezas-moviles\/lampara-adj-vizi-beam-5r\/#primaryimage"},"thumbnailUrl":"https:\/\/www.mexicanguitarplayers.com\/wp-content\/uploads\/2022\/08\/LUADJVIZ478.jpg","datePublished":"2022-08-18T20:59:47+00:00","dateModified":"2026-01-22T10:26:18+00:00","description":"LAMPARA ADJ VIZI BEAM 5R. L\u00e1mpara de cabeza m\u00f3vil, asignaci\u00f3n de direcciones DMX remota, 4 modos de funcionamiento: DMX, Maestro\/Esclavo, Independiente y Activado por sonido, 12 canalesDMX, modo de desplazamiento gobo, sistema de men\u00fa de 4 botones DMX LED, \u00e1ngulo de haz: 3 grados, reposicionamiento X-Y autom\u00e1tico, 12 colores dicroicos + blanco(incluye UV), gobo de 6 mm, ruedas independientes de gobo y color, paneo de 360grados est\u00e1ndar (540 grados, opcional), inclinaci\u00f3n: 270 grados, auto enfoque,efecto estroboscopio, filtro difusor, incluye soporte para colgar, l\u00e1mpara Philips\u00ae Platinum 5R.","breadcrumb":{"@id":"https:\/\/www.mexicanguitarplayers.com\/tienda\/iluminacion\/iluminacion-convencional\/cabezas-moviles\/lampara-adj-vizi-beam-5r\/#breadcrumb"},"inLanguage":"en-US","potentialAction":[{"@type":"ReadAction","target":["https:\/\/www.mexicanguitarplayers.com\/tienda\/iluminacion\/iluminacion-convencional\/cabezas-moviles\/lampara-adj-vizi-beam-5r\/"]}]},{"@type":"ImageObject","inLanguage":"en-US","@id":"https:\/\/www.mexicanguitarplayers.com\/tienda\/iluminacion\/iluminacion-convencional\/cabezas-moviles\/lampara-adj-vizi-beam-5r\/#primaryimage","url":"https:\/\/www.mexicanguitarplayers.com\/wp-content\/uploads\/2022\/08\/LUADJVIZ478.jpg","contentUrl":"https:\/\/www.mexicanguitarplayers.com\/wp-content\/uploads\/2022\/08\/LUADJVIZ478.jpg","width":1200,"height":1200},{"@type":"BreadcrumbList","@id":"https:\/\/www.mexicanguitarplayers.com\/tienda\/iluminacion\/iluminacion-convencional\/cabezas-moviles\/lampara-adj-vizi-beam-5r\/#breadcrumb","itemListElement":[{"@type":"ListItem","position":1,"name":"Portada","item":"https:\/\/www.mexicanguitarplayers.com\/"},{"@type":"ListItem","position":2,"name":"Tienda","item":"https:\/\/www.mexicanguitarplayers.com\/tienda\/"},{"@type":"ListItem","position":3,"name":"LAMPARA ADJ VIZI BEAM 5R"}]},{"@type":"WebSite","@id":"https:\/\/www.mexicanguitarplayers.com\/#website","url":"https:\/\/www.mexicanguitarplayers.com\/","name":"Mexican Guitar Players","description":"Website","publisher":{"@id":"https:\/\/www.mexicanguitarplayers.com\/#organization"},"potentialAction":[{"@type":"SearchAction","target":{"@type":"EntryPoint","urlTemplate":"https:\/\/www.mexicanguitarplayers.com\/?s={search_term_string}"},"query-input":{"@type":"PropertyValueSpecification","valueRequired":true,"valueName":"search_term_string"}}],"inLanguage":"en-US"},{"@type":"Organization","@id":"https:\/\/www.mexicanguitarplayers.com\/#organization","name":"Mexican Guitar Players","url":"https:\/\/www.mexicanguitarplayers.com\/","logo":{"@type":"ImageObject","inLanguage":"en-US","@id":"https:\/\/www.mexicanguitarplayers.com\/#\/schema\/logo\/image\/","url":"","contentUrl":"","caption":"Mexican Guitar Players"},"image":{"@id":"https:\/\/www.mexicanguitarplayers.com\/#\/schema\/logo\/image\/"}}]}},"brands":[{"id":556,"name":"ADJ","slug":"adj"}],"_links":{"self":[{"href":"https:\/\/www.mexicanguitarplayers.com\/en\/wp-json\/wp\/v2\/product\/15405","targetHints":{"allow":["GET"]}}],"collection":[{"href":"https:\/\/www.mexicanguitarplayers.com\/en\/wp-json\/wp\/v2\/product"}],"about":[{"href":"https:\/\/www.mexicanguitarplayers.com\/en\/wp-json\/wp\/v2\/types\/product"}],"replies":[{"embeddable":true,"href":"https:\/\/www.mexicanguitarplayers.com\/en\/wp-json\/wp\/v2\/comments?post=15405"}],"wp:featuredmedia":[{"embeddable":true,"href":"https:\/\/www.mexicanguitarplayers.com\/en\/wp-json\/wp\/v2\/media\/15404"}],"wp:attachment":[{"href":"https:\/\/www.mexicanguitarplayers.com\/en\/wp-json\/wp\/v2\/media?parent=15405"}],"wp:term":[{"taxonomy":"pwb-brand","embeddable":true,"href":"https:\/\/www.mexicanguitarplayers.com\/en\/wp-json\/wp\/v2\/pwb-brand?post=15405"},{"taxonomy":"product_brand","embeddable":true,"href":"https:\/\/www.mexicanguitarplayers.com\/en\/wp-json\/wp\/v2\/product_brand?post=15405"},{"taxonomy":"product_cat","embeddable":true,"href":"https:\/\/www.mexicanguitarplayers.com\/en\/wp-json\/wp\/v2\/product_cat?post=15405"},{"taxonomy":"product_tag","embeddable":true,"href":"https:\/\/www.mexicanguitarplayers.com\/en\/wp-json\/wp\/v2\/product_tag?post=15405"}],"curies":[{"name":"wp","href":"https:\/\/api.w.org\/{rel}","templated":true}]}}