{"id":15407,"date":"2022-08-18T15:59:49","date_gmt":"2022-08-18T20:59:49","guid":{"rendered":"https:\/\/www.mexicanguitarplayers.com\/tienda\/sin%20categor\u00eda\/lampara-adj-warlock\/"},"modified":"2026-01-22T07:16:56","modified_gmt":"2026-01-22T13:16:56","slug":"lampara-adj-warlock","status":"publish","type":"product","link":"https:\/\/www.mexicanguitarplayers.com\/en\/tienda\/iluminacion\/leds\/efecto\/lampara-adj-warlock\/","title":{"rendered":"ADJ WARLOCK LAMP"},"content":{"rendered":"<div style=\"text-align: justify\">\n<div>\n<h3>ADJ WARLOCK LAMP<\/h3>\n<\/div>\n<div>Compact mirrored barrel scanner with a bright Philips\u00ae Platinum MSD 2R source, 3 operating modes: DMX controlled, show mode and sound activated, 8 DMX channels, 6 built-in programs, 12 colors + white \/ Split colors, 12 fixed gobos + Spot &amp; Shake Gobo, Reflector mirror rotation producing 360 degree rotation, Independent and color gobo, Gobo shift mode, Color display with easy-to-navigate 4-button LED menu, Beam angle: 28 degrees, power consumption: 202 watts maximum.<\/div>\n<\/div>","protected":false},"excerpt":{"rendered":"<p>Esc\u00e1ner compacto de barril espejado con una fuente Philips\u00ae Platinum MSD 2R brillante, 3 modos de funcionamiento: Controlado por DMX, modo espect\u00e1culo y activado por sonido, 8 canales DMX, 6  programas incorporados, 12 colores + blanco \/ Colores divididos, 12 gobos fijos + Spot &amp; Agitado de Gobo, rotaci\u00f3n de espejo reflector que produce una rotaci\u00f3n de 360 grados, gobo independiente y de color, modo de desplazamiento gobo, pantalla a color con men\u00fa de 4 botones LED de f\u00e1cil navegaci\u00f3n, \u00e1ngulo de haz: 28 grados, consumo de energ\u00eda: 202 watts m\u00e1ximo.&hellip; <a class=\"kt-excerpt-readmore more-link\" href=\"https:\/\/www.mexicanguitarplayers.com\/en\/tienda\/iluminacion\/leds\/efecto\/lampara-adj-warlock\/\">Read more<\/a><\/p>","protected":false},"featured_media":15406,"comment_status":"open","ping_status":"closed","template":"","meta":{"kt_blocks_editor_width":""},"pwb-brand":[556],"product_brand":[],"product_cat":[546,406,408],"product_tag":[],"class_list":{"0":"post-15407","1":"product","2":"type-product","3":"status-publish","4":"has-post-thumbnail","6":"pwb-brand-adj","7":"product_cat-efecto","8":"product_cat-iluminacion","9":"product_cat-leds","10":"product_shipping_class-25-30-kg","12":"first","13":"outofstock","14":"taxable","15":"shipping-taxable","16":"purchasable","17":"product-type-simple"},"yoast_head":"<!-- This site is optimized with the Yoast SEO plugin v27.3 - https:\/\/yoast.com\/product\/yoast-seo-wordpress\/ -->\n<title>LAMPARA ADJ WARLOCK - Mexican Guitar Players<\/title>\n<meta name=\"description\" content=\"LAMPARA ADJ WARLOCK. Esc\u00e1ner compacto de barril espejado con una fuente Philips\u00ae Platinum MSD 2R brillante, 3 modos de funcionamiento: Controlado por DMX, modo espect\u00e1culo y activado por sonido, 8 canales DMX, 6 programas incorporados, 12 colores + blanco \/ Colores divididos, 12 gobos fijos + Spot &amp; Agitado de Gobo, rotaci\u00f3n de espejo reflector que produce una rotaci\u00f3n de 360 grados, gobo independiente y de color, modo de desplazamiento gobo, pantalla a color con men\u00fa de 4 botones LED de f\u00e1cil navegaci\u00f3n, \u00e1ngulo de haz: 28 grados, consumo de energ\u00eda: 202 watts m\u00e1ximo.\" \/>\n<meta name=\"robots\" content=\"index, follow, max-snippet:-1, max-image-preview:large, max-video-preview:-1\" \/>\n<link rel=\"canonical\" href=\"https:\/\/www.mexicanguitarplayers.com\/en\/tienda\/iluminacion\/leds\/efecto\/lampara-adj-warlock\/\" \/>\n<meta property=\"og:locale\" content=\"en_US\" \/>\n<meta property=\"og:type\" content=\"article\" \/>\n<meta property=\"og:title\" content=\"LAMPARA ADJ WARLOCK - Mexican Guitar Players\" \/>\n<meta property=\"og:description\" content=\"LAMPARA ADJ WARLOCK. Esc\u00e1ner compacto de barril espejado con una fuente Philips\u00ae Platinum MSD 2R brillante, 3 modos de funcionamiento: Controlado por DMX, modo espect\u00e1culo y activado por sonido, 8 canales DMX, 6 programas incorporados, 12 colores + blanco \/ Colores divididos, 12 gobos fijos + Spot &amp; Agitado de Gobo, rotaci\u00f3n de espejo reflector que produce una rotaci\u00f3n de 360 grados, gobo independiente y de color, modo de desplazamiento gobo, pantalla a color con men\u00fa de 4 botones LED de f\u00e1cil navegaci\u00f3n, \u00e1ngulo de haz: 28 grados, consumo de energ\u00eda: 202 watts m\u00e1ximo.\" \/>\n<meta property=\"og:url\" content=\"https:\/\/www.mexicanguitarplayers.com\/en\/tienda\/iluminacion\/leds\/efecto\/lampara-adj-warlock\/\" \/>\n<meta property=\"og:site_name\" content=\"Mexican Guitar Players\" \/>\n<meta property=\"article:modified_time\" content=\"2026-01-22T13:16:56+00:00\" \/>\n<meta property=\"og:image\" content=\"https:\/\/www.mexicanguitarplayers.com\/wp-content\/uploads\/2022\/08\/LUADJWAR972.jpg\" \/>\n\t<meta property=\"og:image:width\" content=\"1200\" \/>\n\t<meta property=\"og:image:height\" content=\"1200\" \/>\n\t<meta property=\"og:image:type\" content=\"image\/jpeg\" \/>\n<meta name=\"twitter:card\" content=\"summary_large_image\" \/>\n<script type=\"application\/ld+json\" class=\"yoast-schema-graph\">{\"@context\":\"https:\\\/\\\/schema.org\",\"@graph\":[{\"@type\":[\"WebPage\",\"ItemPage\"],\"@id\":\"https:\\\/\\\/www.mexicanguitarplayers.com\\\/tienda\\\/iluminacion\\\/leds\\\/efecto\\\/lampara-adj-warlock\\\/\",\"url\":\"https:\\\/\\\/www.mexicanguitarplayers.com\\\/tienda\\\/iluminacion\\\/leds\\\/efecto\\\/lampara-adj-warlock\\\/\",\"name\":\"LAMPARA ADJ WARLOCK - Mexican Guitar Players\",\"isPartOf\":{\"@id\":\"https:\\\/\\\/www.mexicanguitarplayers.com\\\/#website\"},\"primaryImageOfPage\":{\"@id\":\"https:\\\/\\\/www.mexicanguitarplayers.com\\\/tienda\\\/iluminacion\\\/leds\\\/efecto\\\/lampara-adj-warlock\\\/#primaryimage\"},\"image\":{\"@id\":\"https:\\\/\\\/www.mexicanguitarplayers.com\\\/tienda\\\/iluminacion\\\/leds\\\/efecto\\\/lampara-adj-warlock\\\/#primaryimage\"},\"thumbnailUrl\":\"https:\\\/\\\/www.mexicanguitarplayers.com\\\/wp-content\\\/uploads\\\/2022\\\/08\\\/LUADJWAR972.jpg\",\"datePublished\":\"2022-08-18T20:59:49+00:00\",\"dateModified\":\"2026-01-22T13:16:56+00:00\",\"description\":\"LAMPARA ADJ WARLOCK. Esc\u00e1ner compacto de barril espejado con una fuente Philips\u00ae Platinum MSD 2R brillante, 3 modos de funcionamiento: Controlado por DMX, modo espect\u00e1culo y activado por sonido, 8 canales DMX, 6 programas incorporados, 12 colores + blanco \\\/ Colores divididos, 12 gobos fijos + Spot &amp; Agitado de Gobo, rotaci\u00f3n de espejo reflector que produce una rotaci\u00f3n de 360 grados, gobo independiente y de color, modo de desplazamiento gobo, pantalla a color con men\u00fa de 4 botones LED de f\u00e1cil navegaci\u00f3n, \u00e1ngulo de haz: 28 grados, consumo de energ\u00eda: 202 watts m\u00e1ximo.\",\"breadcrumb\":{\"@id\":\"https:\\\/\\\/www.mexicanguitarplayers.com\\\/tienda\\\/iluminacion\\\/leds\\\/efecto\\\/lampara-adj-warlock\\\/#breadcrumb\"},\"inLanguage\":\"en-US\",\"potentialAction\":[{\"@type\":\"ReadAction\",\"target\":[\"https:\\\/\\\/www.mexicanguitarplayers.com\\\/tienda\\\/iluminacion\\\/leds\\\/efecto\\\/lampara-adj-warlock\\\/\"]}]},{\"@type\":\"ImageObject\",\"inLanguage\":\"en-US\",\"@id\":\"https:\\\/\\\/www.mexicanguitarplayers.com\\\/tienda\\\/iluminacion\\\/leds\\\/efecto\\\/lampara-adj-warlock\\\/#primaryimage\",\"url\":\"https:\\\/\\\/www.mexicanguitarplayers.com\\\/wp-content\\\/uploads\\\/2022\\\/08\\\/LUADJWAR972.jpg\",\"contentUrl\":\"https:\\\/\\\/www.mexicanguitarplayers.com\\\/wp-content\\\/uploads\\\/2022\\\/08\\\/LUADJWAR972.jpg\",\"width\":1200,\"height\":1200},{\"@type\":\"BreadcrumbList\",\"@id\":\"https:\\\/\\\/www.mexicanguitarplayers.com\\\/tienda\\\/iluminacion\\\/leds\\\/efecto\\\/lampara-adj-warlock\\\/#breadcrumb\",\"itemListElement\":[{\"@type\":\"ListItem\",\"position\":1,\"name\":\"Portada\",\"item\":\"https:\\\/\\\/www.mexicanguitarplayers.com\\\/\"},{\"@type\":\"ListItem\",\"position\":2,\"name\":\"Tienda\",\"item\":\"https:\\\/\\\/www.mexicanguitarplayers.com\\\/tienda\\\/\"},{\"@type\":\"ListItem\",\"position\":3,\"name\":\"LAMPARA ADJ WARLOCK\"}]},{\"@type\":\"WebSite\",\"@id\":\"https:\\\/\\\/www.mexicanguitarplayers.com\\\/#website\",\"url\":\"https:\\\/\\\/www.mexicanguitarplayers.com\\\/\",\"name\":\"Mexican Guitar Players\",\"description\":\"Website\",\"publisher\":{\"@id\":\"https:\\\/\\\/www.mexicanguitarplayers.com\\\/#organization\"},\"potentialAction\":[{\"@type\":\"SearchAction\",\"target\":{\"@type\":\"EntryPoint\",\"urlTemplate\":\"https:\\\/\\\/www.mexicanguitarplayers.com\\\/?s={search_term_string}\"},\"query-input\":{\"@type\":\"PropertyValueSpecification\",\"valueRequired\":true,\"valueName\":\"search_term_string\"}}],\"inLanguage\":\"en-US\"},{\"@type\":\"Organization\",\"@id\":\"https:\\\/\\\/www.mexicanguitarplayers.com\\\/#organization\",\"name\":\"Mexican Guitar Players\",\"url\":\"https:\\\/\\\/www.mexicanguitarplayers.com\\\/\",\"logo\":{\"@type\":\"ImageObject\",\"inLanguage\":\"en-US\",\"@id\":\"https:\\\/\\\/www.mexicanguitarplayers.com\\\/#\\\/schema\\\/logo\\\/image\\\/\",\"url\":\"\",\"contentUrl\":\"\",\"caption\":\"Mexican Guitar Players\"},\"image\":{\"@id\":\"https:\\\/\\\/www.mexicanguitarplayers.com\\\/#\\\/schema\\\/logo\\\/image\\\/\"}}]}<\/script>\n<!-- \/ Yoast SEO plugin. -->","yoast_head_json":{"title":"LAMPARA ADJ WARLOCK - Mexican Guitar Players","description":"LAMPARA ADJ WARLOCK. Esc\u00e1ner compacto de barril espejado con una fuente Philips\u00ae Platinum MSD 2R brillante, 3 modos de funcionamiento: Controlado por DMX, modo espect\u00e1culo y activado por sonido, 8 canales DMX, 6 programas incorporados, 12 colores + blanco \/ Colores divididos, 12 gobos fijos + Spot &amp; Agitado de Gobo, rotaci\u00f3n de espejo reflector que produce una rotaci\u00f3n de 360 grados, gobo independiente y de color, modo de desplazamiento gobo, pantalla a color con men\u00fa de 4 botones LED de f\u00e1cil navegaci\u00f3n, \u00e1ngulo de haz: 28 grados, consumo de energ\u00eda: 202 watts m\u00e1ximo.","robots":{"index":"index","follow":"follow","max-snippet":"max-snippet:-1","max-image-preview":"max-image-preview:large","max-video-preview":"max-video-preview:-1"},"canonical":"https:\/\/www.mexicanguitarplayers.com\/en\/tienda\/iluminacion\/leds\/efecto\/lampara-adj-warlock\/","og_locale":"en_US","og_type":"article","og_title":"LAMPARA ADJ WARLOCK - Mexican Guitar Players","og_description":"LAMPARA ADJ WARLOCK. Esc\u00e1ner compacto de barril espejado con una fuente Philips\u00ae Platinum MSD 2R brillante, 3 modos de funcionamiento: Controlado por DMX, modo espect\u00e1culo y activado por sonido, 8 canales DMX, 6 programas incorporados, 12 colores + blanco \/ Colores divididos, 12 gobos fijos + Spot &amp; Agitado de Gobo, rotaci\u00f3n de espejo reflector que produce una rotaci\u00f3n de 360 grados, gobo independiente y de color, modo de desplazamiento gobo, pantalla a color con men\u00fa de 4 botones LED de f\u00e1cil navegaci\u00f3n, \u00e1ngulo de haz: 28 grados, consumo de energ\u00eda: 202 watts m\u00e1ximo.","og_url":"https:\/\/www.mexicanguitarplayers.com\/en\/tienda\/iluminacion\/leds\/efecto\/lampara-adj-warlock\/","og_site_name":"Mexican Guitar Players","article_modified_time":"2026-01-22T13:16:56+00:00","og_image":[{"width":1200,"height":1200,"url":"https:\/\/www.mexicanguitarplayers.com\/wp-content\/uploads\/2022\/08\/LUADJWAR972.jpg","type":"image\/jpeg"}],"twitter_card":"summary_large_image","schema":{"@context":"https:\/\/schema.org","@graph":[{"@type":["WebPage","ItemPage"],"@id":"https:\/\/www.mexicanguitarplayers.com\/tienda\/iluminacion\/leds\/efecto\/lampara-adj-warlock\/","url":"https:\/\/www.mexicanguitarplayers.com\/tienda\/iluminacion\/leds\/efecto\/lampara-adj-warlock\/","name":"LAMPARA ADJ WARLOCK - Mexican Guitar Players","isPartOf":{"@id":"https:\/\/www.mexicanguitarplayers.com\/#website"},"primaryImageOfPage":{"@id":"https:\/\/www.mexicanguitarplayers.com\/tienda\/iluminacion\/leds\/efecto\/lampara-adj-warlock\/#primaryimage"},"image":{"@id":"https:\/\/www.mexicanguitarplayers.com\/tienda\/iluminacion\/leds\/efecto\/lampara-adj-warlock\/#primaryimage"},"thumbnailUrl":"https:\/\/www.mexicanguitarplayers.com\/wp-content\/uploads\/2022\/08\/LUADJWAR972.jpg","datePublished":"2022-08-18T20:59:49+00:00","dateModified":"2026-01-22T13:16:56+00:00","description":"LAMPARA ADJ WARLOCK. Esc\u00e1ner compacto de barril espejado con una fuente Philips\u00ae Platinum MSD 2R brillante, 3 modos de funcionamiento: Controlado por DMX, modo espect\u00e1culo y activado por sonido, 8 canales DMX, 6 programas incorporados, 12 colores + blanco \/ Colores divididos, 12 gobos fijos + Spot &amp; Agitado de Gobo, rotaci\u00f3n de espejo reflector que produce una rotaci\u00f3n de 360 grados, gobo independiente y de color, modo de desplazamiento gobo, pantalla a color con men\u00fa de 4 botones LED de f\u00e1cil navegaci\u00f3n, \u00e1ngulo de haz: 28 grados, consumo de energ\u00eda: 202 watts m\u00e1ximo.","breadcrumb":{"@id":"https:\/\/www.mexicanguitarplayers.com\/tienda\/iluminacion\/leds\/efecto\/lampara-adj-warlock\/#breadcrumb"},"inLanguage":"en-US","potentialAction":[{"@type":"ReadAction","target":["https:\/\/www.mexicanguitarplayers.com\/tienda\/iluminacion\/leds\/efecto\/lampara-adj-warlock\/"]}]},{"@type":"ImageObject","inLanguage":"en-US","@id":"https:\/\/www.mexicanguitarplayers.com\/tienda\/iluminacion\/leds\/efecto\/lampara-adj-warlock\/#primaryimage","url":"https:\/\/www.mexicanguitarplayers.com\/wp-content\/uploads\/2022\/08\/LUADJWAR972.jpg","contentUrl":"https:\/\/www.mexicanguitarplayers.com\/wp-content\/uploads\/2022\/08\/LUADJWAR972.jpg","width":1200,"height":1200},{"@type":"BreadcrumbList","@id":"https:\/\/www.mexicanguitarplayers.com\/tienda\/iluminacion\/leds\/efecto\/lampara-adj-warlock\/#breadcrumb","itemListElement":[{"@type":"ListItem","position":1,"name":"Portada","item":"https:\/\/www.mexicanguitarplayers.com\/"},{"@type":"ListItem","position":2,"name":"Tienda","item":"https:\/\/www.mexicanguitarplayers.com\/tienda\/"},{"@type":"ListItem","position":3,"name":"LAMPARA ADJ WARLOCK"}]},{"@type":"WebSite","@id":"https:\/\/www.mexicanguitarplayers.com\/#website","url":"https:\/\/www.mexicanguitarplayers.com\/","name":"Mexican Guitar Players","description":"Website","publisher":{"@id":"https:\/\/www.mexicanguitarplayers.com\/#organization"},"potentialAction":[{"@type":"SearchAction","target":{"@type":"EntryPoint","urlTemplate":"https:\/\/www.mexicanguitarplayers.com\/?s={search_term_string}"},"query-input":{"@type":"PropertyValueSpecification","valueRequired":true,"valueName":"search_term_string"}}],"inLanguage":"en-US"},{"@type":"Organization","@id":"https:\/\/www.mexicanguitarplayers.com\/#organization","name":"Mexican Guitar Players","url":"https:\/\/www.mexicanguitarplayers.com\/","logo":{"@type":"ImageObject","inLanguage":"en-US","@id":"https:\/\/www.mexicanguitarplayers.com\/#\/schema\/logo\/image\/","url":"","contentUrl":"","caption":"Mexican Guitar Players"},"image":{"@id":"https:\/\/www.mexicanguitarplayers.com\/#\/schema\/logo\/image\/"}}]}},"brands":[{"id":556,"name":"ADJ","slug":"adj"}],"_links":{"self":[{"href":"https:\/\/www.mexicanguitarplayers.com\/en\/wp-json\/wp\/v2\/product\/15407","targetHints":{"allow":["GET"]}}],"collection":[{"href":"https:\/\/www.mexicanguitarplayers.com\/en\/wp-json\/wp\/v2\/product"}],"about":[{"href":"https:\/\/www.mexicanguitarplayers.com\/en\/wp-json\/wp\/v2\/types\/product"}],"replies":[{"embeddable":true,"href":"https:\/\/www.mexicanguitarplayers.com\/en\/wp-json\/wp\/v2\/comments?post=15407"}],"wp:featuredmedia":[{"embeddable":true,"href":"https:\/\/www.mexicanguitarplayers.com\/en\/wp-json\/wp\/v2\/media\/15406"}],"wp:attachment":[{"href":"https:\/\/www.mexicanguitarplayers.com\/en\/wp-json\/wp\/v2\/media?parent=15407"}],"wp:term":[{"taxonomy":"pwb-brand","embeddable":true,"href":"https:\/\/www.mexicanguitarplayers.com\/en\/wp-json\/wp\/v2\/pwb-brand?post=15407"},{"taxonomy":"product_brand","embeddable":true,"href":"https:\/\/www.mexicanguitarplayers.com\/en\/wp-json\/wp\/v2\/product_brand?post=15407"},{"taxonomy":"product_cat","embeddable":true,"href":"https:\/\/www.mexicanguitarplayers.com\/en\/wp-json\/wp\/v2\/product_cat?post=15407"},{"taxonomy":"product_tag","embeddable":true,"href":"https:\/\/www.mexicanguitarplayers.com\/en\/wp-json\/wp\/v2\/product_tag?post=15407"}],"curies":[{"name":"wp","href":"https:\/\/api.w.org\/{rel}","templated":true}]}}