{"id":15715,"date":"2022-08-18T16:07:59","date_gmt":"2022-08-18T21:07:59","guid":{"rendered":"https:\/\/www.mexicanguitarplayers.com\/tienda\/sin%20categor\u00eda\/soporte-frameworks-p-guitarra-ri-gtrae\/"},"modified":"2026-05-01T07:39:56","modified_gmt":"2026-05-01T13:39:56","slug":"soporte-frameworks-p-guitarra-ri-gtrae","status":"publish","type":"product","link":"https:\/\/www.mexicanguitarplayers.com\/en\/tienda\/accesorios\/stands\/para-instrumento-stands\/soporte-frameworks-p-guitarra-ri-gtrae\/","title":{"rendered":"FRAMEWORKS SUPPORT FOR RI-GTRAE GUITAR"},"content":{"rendered":"<div style=\"text-align: justify\">\n<div>\n<h3>FRAMEWORKS SUPPORT FOR RI-GTRAE GUITAR<\/h3>\n<\/div>\n<div>Electric Guitar Stand, Lightweight and Portable Design, Foldable for Easy Storage and Carrying, Non-Slip Rubber Feet, Sturdy Steel Construction, Rubber Grip Feet, Friendly Finished with Padded Support Arms, Width: 76.2mm, Weight: 1.91 kg.<\/div>\n<\/div>","protected":false},"excerpt":{"rendered":"<p>Soporte para guitarra el\u00e9ctrica, dise\u00f1o ligero y port\u00e1til, plegable para un f\u00e1cil almacenamiento y transporte, patas de goma antideslizantes, construcci\u00f3n robusta de acero, patas de agarre de goma, amigable terminado con brazos de soporte acolchados, ancho: 76.2 mm, peso: 1.91 kg.&hellip; <a class=\"kt-excerpt-readmore more-link\" href=\"https:\/\/www.mexicanguitarplayers.com\/en\/tienda\/accesorios\/stands\/para-instrumento-stands\/soporte-frameworks-p-guitarra-ri-gtrae\/\">Read more<\/a><\/p>","protected":false},"featured_media":15711,"comment_status":"open","ping_status":"closed","template":"","meta":{"kt_blocks_editor_width":""},"pwb-brand":[563],"product_brand":[],"product_cat":[85,510,416],"product_tag":[],"class_list":{"0":"post-15715","1":"product","2":"type-product","3":"status-publish","4":"has-post-thumbnail","6":"pwb-brand-frameworks","7":"product_cat-accesorios","8":"product_cat-para-instrumento-stands","9":"product_cat-stands","10":"product_shipping_class-0-5-kg","12":"first","13":"instock","14":"taxable","15":"shipping-taxable","16":"purchasable","17":"product-type-simple"},"yoast_head":"<!-- This site is optimized with the Yoast SEO plugin v27.6 - https:\/\/yoast.com\/product\/yoast-seo-wordpress\/ -->\n<title>SOPORTE FRAMEWORKS P\/GUITARRA RI-GTRAE - Mexican Guitar Players<\/title>\n<meta name=\"description\" content=\"SOPORTE FRAMEWORKS P\/GUITARRA RI-GTRAE. Soporte para guitarra el\u00e9ctrica, dise\u00f1o ligero y port\u00e1til, plegable para un f\u00e1cil almacenamiento y transporte, patas de goma antideslizantes, construcci\u00f3n robusta de acero, patas de agarre de goma, amigable terminado con brazos de soporte acolchados, ancho: 76.2 mm, peso: 1.91 kg.\" \/>\n<meta name=\"robots\" content=\"index, follow, max-snippet:-1, max-image-preview:large, max-video-preview:-1\" \/>\n<link rel=\"canonical\" href=\"https:\/\/www.mexicanguitarplayers.com\/en\/tienda\/accesorios\/stands\/para-instrumento-stands\/soporte-frameworks-p-guitarra-ri-gtrae\/\" \/>\n<meta property=\"og:locale\" content=\"en_US\" \/>\n<meta property=\"og:type\" content=\"article\" \/>\n<meta property=\"og:title\" content=\"SOPORTE FRAMEWORKS P\/GUITARRA RI-GTRAE - Mexican Guitar Players\" \/>\n<meta property=\"og:description\" content=\"SOPORTE FRAMEWORKS P\/GUITARRA RI-GTRAE. Soporte para guitarra el\u00e9ctrica, dise\u00f1o ligero y port\u00e1til, plegable para un f\u00e1cil almacenamiento y transporte, patas de goma antideslizantes, construcci\u00f3n robusta de acero, patas de agarre de goma, amigable terminado con brazos de soporte acolchados, ancho: 76.2 mm, peso: 1.91 kg.\" \/>\n<meta property=\"og:url\" content=\"https:\/\/www.mexicanguitarplayers.com\/en\/tienda\/accesorios\/stands\/para-instrumento-stands\/soporte-frameworks-p-guitarra-ri-gtrae\/\" \/>\n<meta property=\"og:site_name\" content=\"Mexican Guitar Players\" \/>\n<meta property=\"article:modified_time\" content=\"2026-05-01T13:39:56+00:00\" \/>\n<meta property=\"og:image\" content=\"https:\/\/www.mexicanguitarplayers.com\/wp-content\/uploads\/2022\/08\/VAFRMRIGTRAE.jpg\" \/>\n\t<meta property=\"og:image:width\" content=\"1200\" \/>\n\t<meta property=\"og:image:height\" content=\"1200\" \/>\n\t<meta property=\"og:image:type\" content=\"image\/jpeg\" \/>\n<meta name=\"twitter:card\" content=\"summary_large_image\" \/>\n<script type=\"application\/ld+json\" class=\"yoast-schema-graph\">{\"@context\":\"https:\\\/\\\/schema.org\",\"@graph\":[{\"@type\":[\"WebPage\",\"ItemPage\"],\"@id\":\"https:\\\/\\\/www.mexicanguitarplayers.com\\\/tienda\\\/accesorios\\\/stands\\\/para-instrumento-stands\\\/soporte-frameworks-p-guitarra-ri-gtrae\\\/\",\"url\":\"https:\\\/\\\/www.mexicanguitarplayers.com\\\/tienda\\\/accesorios\\\/stands\\\/para-instrumento-stands\\\/soporte-frameworks-p-guitarra-ri-gtrae\\\/\",\"name\":\"SOPORTE FRAMEWORKS P\\\/GUITARRA RI-GTRAE - Mexican Guitar Players\",\"isPartOf\":{\"@id\":\"https:\\\/\\\/www.mexicanguitarplayers.com\\\/#website\"},\"primaryImageOfPage\":{\"@id\":\"https:\\\/\\\/www.mexicanguitarplayers.com\\\/tienda\\\/accesorios\\\/stands\\\/para-instrumento-stands\\\/soporte-frameworks-p-guitarra-ri-gtrae\\\/#primaryimage\"},\"image\":{\"@id\":\"https:\\\/\\\/www.mexicanguitarplayers.com\\\/tienda\\\/accesorios\\\/stands\\\/para-instrumento-stands\\\/soporte-frameworks-p-guitarra-ri-gtrae\\\/#primaryimage\"},\"thumbnailUrl\":\"https:\\\/\\\/www.mexicanguitarplayers.com\\\/wp-content\\\/uploads\\\/2022\\\/08\\\/VAFRMRIGTRAE.jpg\",\"datePublished\":\"2022-08-18T21:07:59+00:00\",\"dateModified\":\"2026-05-01T13:39:56+00:00\",\"description\":\"SOPORTE FRAMEWORKS P\\\/GUITARRA RI-GTRAE. Soporte para guitarra el\u00e9ctrica, dise\u00f1o ligero y port\u00e1til, plegable para un f\u00e1cil almacenamiento y transporte, patas de goma antideslizantes, construcci\u00f3n robusta de acero, patas de agarre de goma, amigable terminado con brazos de soporte acolchados, ancho: 76.2 mm, peso: 1.91 kg.\",\"breadcrumb\":{\"@id\":\"https:\\\/\\\/www.mexicanguitarplayers.com\\\/tienda\\\/accesorios\\\/stands\\\/para-instrumento-stands\\\/soporte-frameworks-p-guitarra-ri-gtrae\\\/#breadcrumb\"},\"inLanguage\":\"en-US\",\"potentialAction\":[{\"@type\":\"ReadAction\",\"target\":[\"https:\\\/\\\/www.mexicanguitarplayers.com\\\/tienda\\\/accesorios\\\/stands\\\/para-instrumento-stands\\\/soporte-frameworks-p-guitarra-ri-gtrae\\\/\"]}]},{\"@type\":\"ImageObject\",\"inLanguage\":\"en-US\",\"@id\":\"https:\\\/\\\/www.mexicanguitarplayers.com\\\/tienda\\\/accesorios\\\/stands\\\/para-instrumento-stands\\\/soporte-frameworks-p-guitarra-ri-gtrae\\\/#primaryimage\",\"url\":\"https:\\\/\\\/www.mexicanguitarplayers.com\\\/wp-content\\\/uploads\\\/2022\\\/08\\\/VAFRMRIGTRAE.jpg\",\"contentUrl\":\"https:\\\/\\\/www.mexicanguitarplayers.com\\\/wp-content\\\/uploads\\\/2022\\\/08\\\/VAFRMRIGTRAE.jpg\",\"width\":1200,\"height\":1200},{\"@type\":\"BreadcrumbList\",\"@id\":\"https:\\\/\\\/www.mexicanguitarplayers.com\\\/tienda\\\/accesorios\\\/stands\\\/para-instrumento-stands\\\/soporte-frameworks-p-guitarra-ri-gtrae\\\/#breadcrumb\",\"itemListElement\":[{\"@type\":\"ListItem\",\"position\":1,\"name\":\"Portada\",\"item\":\"https:\\\/\\\/www.mexicanguitarplayers.com\\\/\"},{\"@type\":\"ListItem\",\"position\":2,\"name\":\"Tienda\",\"item\":\"https:\\\/\\\/www.mexicanguitarplayers.com\\\/tienda\\\/\"},{\"@type\":\"ListItem\",\"position\":3,\"name\":\"SOPORTE FRAMEWORKS P\\\/GUITARRA RI-GTRAE\"}]},{\"@type\":\"WebSite\",\"@id\":\"https:\\\/\\\/www.mexicanguitarplayers.com\\\/#website\",\"url\":\"https:\\\/\\\/www.mexicanguitarplayers.com\\\/\",\"name\":\"Mexican Guitar Players\",\"description\":\"Website\",\"publisher\":{\"@id\":\"https:\\\/\\\/www.mexicanguitarplayers.com\\\/#organization\"},\"potentialAction\":[{\"@type\":\"SearchAction\",\"target\":{\"@type\":\"EntryPoint\",\"urlTemplate\":\"https:\\\/\\\/www.mexicanguitarplayers.com\\\/?s={search_term_string}\"},\"query-input\":{\"@type\":\"PropertyValueSpecification\",\"valueRequired\":true,\"valueName\":\"search_term_string\"}}],\"inLanguage\":\"en-US\"},{\"@type\":\"Organization\",\"@id\":\"https:\\\/\\\/www.mexicanguitarplayers.com\\\/#organization\",\"name\":\"Mexican Guitar Players\",\"url\":\"https:\\\/\\\/www.mexicanguitarplayers.com\\\/\",\"logo\":{\"@type\":\"ImageObject\",\"inLanguage\":\"en-US\",\"@id\":\"https:\\\/\\\/www.mexicanguitarplayers.com\\\/#\\\/schema\\\/logo\\\/image\\\/\",\"url\":\"\",\"contentUrl\":\"\",\"caption\":\"Mexican Guitar Players\"},\"image\":{\"@id\":\"https:\\\/\\\/www.mexicanguitarplayers.com\\\/#\\\/schema\\\/logo\\\/image\\\/\"}}]}<\/script>\n<!-- \/ Yoast SEO plugin. -->","yoast_head_json":{"title":"SOPORTE FRAMEWORKS P\/GUITARRA RI-GTRAE - Mexican Guitar Players","description":"SOPORTE FRAMEWORKS P\/GUITARRA RI-GTRAE. Soporte para guitarra el\u00e9ctrica, dise\u00f1o ligero y port\u00e1til, plegable para un f\u00e1cil almacenamiento y transporte, patas de goma antideslizantes, construcci\u00f3n robusta de acero, patas de agarre de goma, amigable terminado con brazos de soporte acolchados, ancho: 76.2 mm, peso: 1.91 kg.","robots":{"index":"index","follow":"follow","max-snippet":"max-snippet:-1","max-image-preview":"max-image-preview:large","max-video-preview":"max-video-preview:-1"},"canonical":"https:\/\/www.mexicanguitarplayers.com\/en\/tienda\/accesorios\/stands\/para-instrumento-stands\/soporte-frameworks-p-guitarra-ri-gtrae\/","og_locale":"en_US","og_type":"article","og_title":"SOPORTE FRAMEWORKS P\/GUITARRA RI-GTRAE - Mexican Guitar Players","og_description":"SOPORTE FRAMEWORKS P\/GUITARRA RI-GTRAE. Soporte para guitarra el\u00e9ctrica, dise\u00f1o ligero y port\u00e1til, plegable para un f\u00e1cil almacenamiento y transporte, patas de goma antideslizantes, construcci\u00f3n robusta de acero, patas de agarre de goma, amigable terminado con brazos de soporte acolchados, ancho: 76.2 mm, peso: 1.91 kg.","og_url":"https:\/\/www.mexicanguitarplayers.com\/en\/tienda\/accesorios\/stands\/para-instrumento-stands\/soporte-frameworks-p-guitarra-ri-gtrae\/","og_site_name":"Mexican Guitar Players","article_modified_time":"2026-05-01T13:39:56+00:00","og_image":[{"width":1200,"height":1200,"url":"https:\/\/www.mexicanguitarplayers.com\/wp-content\/uploads\/2022\/08\/VAFRMRIGTRAE.jpg","type":"image\/jpeg"}],"twitter_card":"summary_large_image","schema":{"@context":"https:\/\/schema.org","@graph":[{"@type":["WebPage","ItemPage"],"@id":"https:\/\/www.mexicanguitarplayers.com\/tienda\/accesorios\/stands\/para-instrumento-stands\/soporte-frameworks-p-guitarra-ri-gtrae\/","url":"https:\/\/www.mexicanguitarplayers.com\/tienda\/accesorios\/stands\/para-instrumento-stands\/soporte-frameworks-p-guitarra-ri-gtrae\/","name":"SOPORTE FRAMEWORKS P\/GUITARRA RI-GTRAE - Mexican Guitar Players","isPartOf":{"@id":"https:\/\/www.mexicanguitarplayers.com\/#website"},"primaryImageOfPage":{"@id":"https:\/\/www.mexicanguitarplayers.com\/tienda\/accesorios\/stands\/para-instrumento-stands\/soporte-frameworks-p-guitarra-ri-gtrae\/#primaryimage"},"image":{"@id":"https:\/\/www.mexicanguitarplayers.com\/tienda\/accesorios\/stands\/para-instrumento-stands\/soporte-frameworks-p-guitarra-ri-gtrae\/#primaryimage"},"thumbnailUrl":"https:\/\/www.mexicanguitarplayers.com\/wp-content\/uploads\/2022\/08\/VAFRMRIGTRAE.jpg","datePublished":"2022-08-18T21:07:59+00:00","dateModified":"2026-05-01T13:39:56+00:00","description":"SOPORTE FRAMEWORKS P\/GUITARRA RI-GTRAE. Soporte para guitarra el\u00e9ctrica, dise\u00f1o ligero y port\u00e1til, plegable para un f\u00e1cil almacenamiento y transporte, patas de goma antideslizantes, construcci\u00f3n robusta de acero, patas de agarre de goma, amigable terminado con brazos de soporte acolchados, ancho: 76.2 mm, peso: 1.91 kg.","breadcrumb":{"@id":"https:\/\/www.mexicanguitarplayers.com\/tienda\/accesorios\/stands\/para-instrumento-stands\/soporte-frameworks-p-guitarra-ri-gtrae\/#breadcrumb"},"inLanguage":"en-US","potentialAction":[{"@type":"ReadAction","target":["https:\/\/www.mexicanguitarplayers.com\/tienda\/accesorios\/stands\/para-instrumento-stands\/soporte-frameworks-p-guitarra-ri-gtrae\/"]}]},{"@type":"ImageObject","inLanguage":"en-US","@id":"https:\/\/www.mexicanguitarplayers.com\/tienda\/accesorios\/stands\/para-instrumento-stands\/soporte-frameworks-p-guitarra-ri-gtrae\/#primaryimage","url":"https:\/\/www.mexicanguitarplayers.com\/wp-content\/uploads\/2022\/08\/VAFRMRIGTRAE.jpg","contentUrl":"https:\/\/www.mexicanguitarplayers.com\/wp-content\/uploads\/2022\/08\/VAFRMRIGTRAE.jpg","width":1200,"height":1200},{"@type":"BreadcrumbList","@id":"https:\/\/www.mexicanguitarplayers.com\/tienda\/accesorios\/stands\/para-instrumento-stands\/soporte-frameworks-p-guitarra-ri-gtrae\/#breadcrumb","itemListElement":[{"@type":"ListItem","position":1,"name":"Portada","item":"https:\/\/www.mexicanguitarplayers.com\/"},{"@type":"ListItem","position":2,"name":"Tienda","item":"https:\/\/www.mexicanguitarplayers.com\/tienda\/"},{"@type":"ListItem","position":3,"name":"SOPORTE FRAMEWORKS P\/GUITARRA RI-GTRAE"}]},{"@type":"WebSite","@id":"https:\/\/www.mexicanguitarplayers.com\/#website","url":"https:\/\/www.mexicanguitarplayers.com\/","name":"Mexican Guitar Players","description":"Website","publisher":{"@id":"https:\/\/www.mexicanguitarplayers.com\/#organization"},"potentialAction":[{"@type":"SearchAction","target":{"@type":"EntryPoint","urlTemplate":"https:\/\/www.mexicanguitarplayers.com\/?s={search_term_string}"},"query-input":{"@type":"PropertyValueSpecification","valueRequired":true,"valueName":"search_term_string"}}],"inLanguage":"en-US"},{"@type":"Organization","@id":"https:\/\/www.mexicanguitarplayers.com\/#organization","name":"Mexican Guitar Players","url":"https:\/\/www.mexicanguitarplayers.com\/","logo":{"@type":"ImageObject","inLanguage":"en-US","@id":"https:\/\/www.mexicanguitarplayers.com\/#\/schema\/logo\/image\/","url":"","contentUrl":"","caption":"Mexican Guitar Players"},"image":{"@id":"https:\/\/www.mexicanguitarplayers.com\/#\/schema\/logo\/image\/"}}]}},"brands":[{"id":563,"name":"FRAMEWORKS","slug":"frameworks"}],"_links":{"self":[{"href":"https:\/\/www.mexicanguitarplayers.com\/en\/wp-json\/wp\/v2\/product\/15715","targetHints":{"allow":["GET"]}}],"collection":[{"href":"https:\/\/www.mexicanguitarplayers.com\/en\/wp-json\/wp\/v2\/product"}],"about":[{"href":"https:\/\/www.mexicanguitarplayers.com\/en\/wp-json\/wp\/v2\/types\/product"}],"replies":[{"embeddable":true,"href":"https:\/\/www.mexicanguitarplayers.com\/en\/wp-json\/wp\/v2\/comments?post=15715"}],"wp:featuredmedia":[{"embeddable":true,"href":"https:\/\/www.mexicanguitarplayers.com\/en\/wp-json\/wp\/v2\/media\/15711"}],"wp:attachment":[{"href":"https:\/\/www.mexicanguitarplayers.com\/en\/wp-json\/wp\/v2\/media?parent=15715"}],"wp:term":[{"taxonomy":"pwb-brand","embeddable":true,"href":"https:\/\/www.mexicanguitarplayers.com\/en\/wp-json\/wp\/v2\/pwb-brand?post=15715"},{"taxonomy":"product_brand","embeddable":true,"href":"https:\/\/www.mexicanguitarplayers.com\/en\/wp-json\/wp\/v2\/product_brand?post=15715"},{"taxonomy":"product_cat","embeddable":true,"href":"https:\/\/www.mexicanguitarplayers.com\/en\/wp-json\/wp\/v2\/product_cat?post=15715"},{"taxonomy":"product_tag","embeddable":true,"href":"https:\/\/www.mexicanguitarplayers.com\/en\/wp-json\/wp\/v2\/product_tag?post=15715"}],"curies":[{"name":"wp","href":"https:\/\/api.w.org\/{rel}","templated":true}]}}