{"id":15753,"date":"2022-08-18T16:09:03","date_gmt":"2022-08-18T21:09:03","guid":{"rendered":"https:\/\/www.mexicanguitarplayers.com\/tienda\/sin%20categor\u00eda\/estuche-gator-p-bajo-gc-bajosexto-xl\/"},"modified":"2026-04-15T13:15:13","modified_gmt":"2026-04-15T19:15:13","slug":"estuche-gator-p-bajo-gc-bajosexto-xl","status":"publish","type":"product","link":"https:\/\/www.mexicanguitarplayers.com\/en\/tienda\/accesorios\/estuches-y-fundas\/varios-estuches-y-fundas\/estuche-gator-p-bajo-gc-bajosexto-xl\/","title":{"rendered":"GATOR CASE FOR BASS GC-BAJOSEXTO-XL"},"content":{"rendered":"<div style=\"text-align: justify\">\n<div>\n<h3>GATOR CASE FOR BASS GC-BAJOSEXTO-XL<\/h3>\n<\/div>\n<div>Bajo Sexto Case, Deluxe Molded, Impact-resistant ABS plastic molded outer shell for an ultra-durable exterior, EPS foam and plush lining provide secure interior protection from scratches and scrapes, Spacious interior storage compartment offers compartments secures for accessories, ropes, picks and accessories, extra strong reinforced handles offer a firm grip, heavy-duty aluminum frame that keeps the bolt aligned, protects the outer edges and reinforces the overall strength of the case, chrome-plated locking latches that keep your instrument securely in place at all times, sturdy handle and padded cradle.<\/div>\n<\/div>","protected":false},"excerpt":{"rendered":"<p>Estuche para bajo sexto, moldeado de lujo, carcasa exterior moldeada de pl\u00e1stico ABS resistente a los impactos para un exterior ultra duradero, espuma EPS y forro de felpa que brindan una protecci\u00f3n interior segura contra rayones y rasgu\u00f1os, espacioso compartimento interior para almacenamiento que ofrece compartimentos seguros para accesorios, cuerdas, p\u00faas y accesorios, mangos reforzados extra fuertes que ofrecen un agarre firme, marco de aluminio de uso rudo que mantienen el cerrojo alineado, protegen los bordes exteriores y refuerzan la resistencia general de la carcasa, pestillos con cerradura cromados que mantienen tu instrumento en su lugar de forma segura en todo momento, asa resistente y cuna acolchada.&hellip; <a class=\"kt-excerpt-readmore more-link\" href=\"https:\/\/www.mexicanguitarplayers.com\/en\/tienda\/accesorios\/estuches-y-fundas\/varios-estuches-y-fundas\/estuche-gator-p-bajo-gc-bajosexto-xl\/\">Read more<\/a><\/p>","protected":false},"featured_media":15752,"comment_status":"open","ping_status":"closed","template":"","meta":{"kt_blocks_editor_width":""},"pwb-brand":[572],"product_brand":[],"product_cat":[85,517,568],"product_tag":[],"class_list":{"0":"post-15753","1":"product","2":"type-product","3":"status-publish","4":"has-post-thumbnail","6":"pwb-brand-gator","7":"product_cat-accesorios","8":"product_cat-estuches-y-fundas","9":"product_cat-varios-estuches-y-fundas","10":"product_shipping_class-15-20-kg","12":"first","13":"outofstock","14":"taxable","15":"shipping-taxable","16":"purchasable","17":"product-type-simple"},"yoast_head":"<!-- This site is optimized with the Yoast SEO plugin v27.5 - https:\/\/yoast.com\/product\/yoast-seo-wordpress\/ -->\n<title>ESTUCHE GATOR P\/BAJO GC-BAJOSEXTO-XL - Mexican Guitar Players<\/title>\n<meta name=\"description\" content=\"ESTUCHE GATOR P\/BAJO GC-BAJOSEXTO-XL. Estuche para bajo sexto, moldeado de lujo, carcasa exterior moldeada de pl\u00e1stico ABS resistente a los impactos para un exterior ultra duradero, espuma EPS y forro de felpa que brindan una protecci\u00f3n interior segura contra rayones y rasgu\u00f1os, espacioso compartimento interior para almacenamiento que ofrece compartimentos seguros para accesorios, cuerdas, p\u00faas y accesorios, mangos reforzados extra fuertes que ofrecen un agarre firme, marco de aluminio de uso rudo que mantienen el cerrojo alineado, protegen los bordes exteriores y refuerzan la resistencia general de la carcasa, pestillos con cerradura cromados que mantienen tu instrumento en su lugar de forma segura en todo momento, asa resistente y cuna acolchada.\" \/>\n<meta name=\"robots\" content=\"index, follow, max-snippet:-1, max-image-preview:large, max-video-preview:-1\" \/>\n<link rel=\"canonical\" href=\"https:\/\/www.mexicanguitarplayers.com\/en\/tienda\/accesorios\/estuches-y-fundas\/varios-estuches-y-fundas\/estuche-gator-p-bajo-gc-bajosexto-xl\/\" \/>\n<meta property=\"og:locale\" content=\"en_US\" \/>\n<meta property=\"og:type\" content=\"article\" \/>\n<meta property=\"og:title\" content=\"ESTUCHE GATOR P\/BAJO GC-BAJOSEXTO-XL - Mexican Guitar Players\" \/>\n<meta property=\"og:description\" content=\"ESTUCHE GATOR P\/BAJO GC-BAJOSEXTO-XL. Estuche para bajo sexto, moldeado de lujo, carcasa exterior moldeada de pl\u00e1stico ABS resistente a los impactos para un exterior ultra duradero, espuma EPS y forro de felpa que brindan una protecci\u00f3n interior segura contra rayones y rasgu\u00f1os, espacioso compartimento interior para almacenamiento que ofrece compartimentos seguros para accesorios, cuerdas, p\u00faas y accesorios, mangos reforzados extra fuertes que ofrecen un agarre firme, marco de aluminio de uso rudo que mantienen el cerrojo alineado, protegen los bordes exteriores y refuerzan la resistencia general de la carcasa, pestillos con cerradura cromados que mantienen tu instrumento en su lugar de forma segura en todo momento, asa resistente y cuna acolchada.\" \/>\n<meta property=\"og:url\" content=\"https:\/\/www.mexicanguitarplayers.com\/en\/tienda\/accesorios\/estuches-y-fundas\/varios-estuches-y-fundas\/estuche-gator-p-bajo-gc-bajosexto-xl\/\" \/>\n<meta property=\"og:site_name\" content=\"Mexican Guitar Players\" \/>\n<meta property=\"article:modified_time\" content=\"2026-04-15T19:15:13+00:00\" \/>\n<meta property=\"og:image\" content=\"https:\/\/www.mexicanguitarplayers.com\/wp-content\/uploads\/2022\/08\/VAGATGCBAJOSEX.jpg\" \/>\n\t<meta property=\"og:image:width\" content=\"1200\" \/>\n\t<meta property=\"og:image:height\" content=\"1200\" \/>\n\t<meta property=\"og:image:type\" content=\"image\/jpeg\" \/>\n<meta name=\"twitter:card\" content=\"summary_large_image\" \/>\n<meta name=\"twitter:label1\" content=\"Est. reading time\" \/>\n\t<meta name=\"twitter:data1\" content=\"1 minute\" \/>\n<script type=\"application\/ld+json\" class=\"yoast-schema-graph\">{\"@context\":\"https:\\\/\\\/schema.org\",\"@graph\":[{\"@type\":[\"WebPage\",\"ItemPage\"],\"@id\":\"https:\\\/\\\/www.mexicanguitarplayers.com\\\/tienda\\\/accesorios\\\/estuches-y-fundas\\\/varios-estuches-y-fundas\\\/estuche-gator-p-bajo-gc-bajosexto-xl\\\/\",\"url\":\"https:\\\/\\\/www.mexicanguitarplayers.com\\\/tienda\\\/accesorios\\\/estuches-y-fundas\\\/varios-estuches-y-fundas\\\/estuche-gator-p-bajo-gc-bajosexto-xl\\\/\",\"name\":\"ESTUCHE GATOR P\\\/BAJO GC-BAJOSEXTO-XL - Mexican Guitar Players\",\"isPartOf\":{\"@id\":\"https:\\\/\\\/www.mexicanguitarplayers.com\\\/#website\"},\"primaryImageOfPage\":{\"@id\":\"https:\\\/\\\/www.mexicanguitarplayers.com\\\/tienda\\\/accesorios\\\/estuches-y-fundas\\\/varios-estuches-y-fundas\\\/estuche-gator-p-bajo-gc-bajosexto-xl\\\/#primaryimage\"},\"image\":{\"@id\":\"https:\\\/\\\/www.mexicanguitarplayers.com\\\/tienda\\\/accesorios\\\/estuches-y-fundas\\\/varios-estuches-y-fundas\\\/estuche-gator-p-bajo-gc-bajosexto-xl\\\/#primaryimage\"},\"thumbnailUrl\":\"https:\\\/\\\/www.mexicanguitarplayers.com\\\/wp-content\\\/uploads\\\/2022\\\/08\\\/VAGATGCBAJOSEX.jpg\",\"datePublished\":\"2022-08-18T21:09:03+00:00\",\"dateModified\":\"2026-04-15T19:15:13+00:00\",\"description\":\"ESTUCHE GATOR P\\\/BAJO GC-BAJOSEXTO-XL. Estuche para bajo sexto, moldeado de lujo, carcasa exterior moldeada de pl\u00e1stico ABS resistente a los impactos para un exterior ultra duradero, espuma EPS y forro de felpa que brindan una protecci\u00f3n interior segura contra rayones y rasgu\u00f1os, espacioso compartimento interior para almacenamiento que ofrece compartimentos seguros para accesorios, cuerdas, p\u00faas y accesorios, mangos reforzados extra fuertes que ofrecen un agarre firme, marco de aluminio de uso rudo que mantienen el cerrojo alineado, protegen los bordes exteriores y refuerzan la resistencia general de la carcasa, pestillos con cerradura cromados que mantienen tu instrumento en su lugar de forma segura en todo momento, asa resistente y cuna acolchada.\",\"breadcrumb\":{\"@id\":\"https:\\\/\\\/www.mexicanguitarplayers.com\\\/tienda\\\/accesorios\\\/estuches-y-fundas\\\/varios-estuches-y-fundas\\\/estuche-gator-p-bajo-gc-bajosexto-xl\\\/#breadcrumb\"},\"inLanguage\":\"en-US\",\"potentialAction\":[{\"@type\":\"ReadAction\",\"target\":[\"https:\\\/\\\/www.mexicanguitarplayers.com\\\/tienda\\\/accesorios\\\/estuches-y-fundas\\\/varios-estuches-y-fundas\\\/estuche-gator-p-bajo-gc-bajosexto-xl\\\/\"]}]},{\"@type\":\"ImageObject\",\"inLanguage\":\"en-US\",\"@id\":\"https:\\\/\\\/www.mexicanguitarplayers.com\\\/tienda\\\/accesorios\\\/estuches-y-fundas\\\/varios-estuches-y-fundas\\\/estuche-gator-p-bajo-gc-bajosexto-xl\\\/#primaryimage\",\"url\":\"https:\\\/\\\/www.mexicanguitarplayers.com\\\/wp-content\\\/uploads\\\/2022\\\/08\\\/VAGATGCBAJOSEX.jpg\",\"contentUrl\":\"https:\\\/\\\/www.mexicanguitarplayers.com\\\/wp-content\\\/uploads\\\/2022\\\/08\\\/VAGATGCBAJOSEX.jpg\",\"width\":1200,\"height\":1200},{\"@type\":\"BreadcrumbList\",\"@id\":\"https:\\\/\\\/www.mexicanguitarplayers.com\\\/tienda\\\/accesorios\\\/estuches-y-fundas\\\/varios-estuches-y-fundas\\\/estuche-gator-p-bajo-gc-bajosexto-xl\\\/#breadcrumb\",\"itemListElement\":[{\"@type\":\"ListItem\",\"position\":1,\"name\":\"Portada\",\"item\":\"https:\\\/\\\/www.mexicanguitarplayers.com\\\/\"},{\"@type\":\"ListItem\",\"position\":2,\"name\":\"Tienda\",\"item\":\"https:\\\/\\\/www.mexicanguitarplayers.com\\\/tienda\\\/\"},{\"@type\":\"ListItem\",\"position\":3,\"name\":\"ESTUCHE GATOR P\\\/BAJO GC-BAJOSEXTO-XL\"}]},{\"@type\":\"WebSite\",\"@id\":\"https:\\\/\\\/www.mexicanguitarplayers.com\\\/#website\",\"url\":\"https:\\\/\\\/www.mexicanguitarplayers.com\\\/\",\"name\":\"Mexican Guitar Players\",\"description\":\"Website\",\"publisher\":{\"@id\":\"https:\\\/\\\/www.mexicanguitarplayers.com\\\/#organization\"},\"potentialAction\":[{\"@type\":\"SearchAction\",\"target\":{\"@type\":\"EntryPoint\",\"urlTemplate\":\"https:\\\/\\\/www.mexicanguitarplayers.com\\\/?s={search_term_string}\"},\"query-input\":{\"@type\":\"PropertyValueSpecification\",\"valueRequired\":true,\"valueName\":\"search_term_string\"}}],\"inLanguage\":\"en-US\"},{\"@type\":\"Organization\",\"@id\":\"https:\\\/\\\/www.mexicanguitarplayers.com\\\/#organization\",\"name\":\"Mexican Guitar Players\",\"url\":\"https:\\\/\\\/www.mexicanguitarplayers.com\\\/\",\"logo\":{\"@type\":\"ImageObject\",\"inLanguage\":\"en-US\",\"@id\":\"https:\\\/\\\/www.mexicanguitarplayers.com\\\/#\\\/schema\\\/logo\\\/image\\\/\",\"url\":\"\",\"contentUrl\":\"\",\"caption\":\"Mexican Guitar Players\"},\"image\":{\"@id\":\"https:\\\/\\\/www.mexicanguitarplayers.com\\\/#\\\/schema\\\/logo\\\/image\\\/\"}}]}<\/script>\n<!-- \/ Yoast SEO plugin. -->","yoast_head_json":{"title":"ESTUCHE GATOR P\/BAJO GC-BAJOSEXTO-XL - Mexican Guitar Players","description":"ESTUCHE GATOR P\/BAJO GC-BAJOSEXTO-XL. Estuche para bajo sexto, moldeado de lujo, carcasa exterior moldeada de pl\u00e1stico ABS resistente a los impactos para un exterior ultra duradero, espuma EPS y forro de felpa que brindan una protecci\u00f3n interior segura contra rayones y rasgu\u00f1os, espacioso compartimento interior para almacenamiento que ofrece compartimentos seguros para accesorios, cuerdas, p\u00faas y accesorios, mangos reforzados extra fuertes que ofrecen un agarre firme, marco de aluminio de uso rudo que mantienen el cerrojo alineado, protegen los bordes exteriores y refuerzan la resistencia general de la carcasa, pestillos con cerradura cromados que mantienen tu instrumento en su lugar de forma segura en todo momento, asa resistente y cuna acolchada.","robots":{"index":"index","follow":"follow","max-snippet":"max-snippet:-1","max-image-preview":"max-image-preview:large","max-video-preview":"max-video-preview:-1"},"canonical":"https:\/\/www.mexicanguitarplayers.com\/en\/tienda\/accesorios\/estuches-y-fundas\/varios-estuches-y-fundas\/estuche-gator-p-bajo-gc-bajosexto-xl\/","og_locale":"en_US","og_type":"article","og_title":"ESTUCHE GATOR P\/BAJO GC-BAJOSEXTO-XL - Mexican Guitar Players","og_description":"ESTUCHE GATOR P\/BAJO GC-BAJOSEXTO-XL. Estuche para bajo sexto, moldeado de lujo, carcasa exterior moldeada de pl\u00e1stico ABS resistente a los impactos para un exterior ultra duradero, espuma EPS y forro de felpa que brindan una protecci\u00f3n interior segura contra rayones y rasgu\u00f1os, espacioso compartimento interior para almacenamiento que ofrece compartimentos seguros para accesorios, cuerdas, p\u00faas y accesorios, mangos reforzados extra fuertes que ofrecen un agarre firme, marco de aluminio de uso rudo que mantienen el cerrojo alineado, protegen los bordes exteriores y refuerzan la resistencia general de la carcasa, pestillos con cerradura cromados que mantienen tu instrumento en su lugar de forma segura en todo momento, asa resistente y cuna acolchada.","og_url":"https:\/\/www.mexicanguitarplayers.com\/en\/tienda\/accesorios\/estuches-y-fundas\/varios-estuches-y-fundas\/estuche-gator-p-bajo-gc-bajosexto-xl\/","og_site_name":"Mexican Guitar Players","article_modified_time":"2026-04-15T19:15:13+00:00","og_image":[{"width":1200,"height":1200,"url":"https:\/\/www.mexicanguitarplayers.com\/wp-content\/uploads\/2022\/08\/VAGATGCBAJOSEX.jpg","type":"image\/jpeg"}],"twitter_card":"summary_large_image","twitter_misc":{"Est. reading time":"1 minute"},"schema":{"@context":"https:\/\/schema.org","@graph":[{"@type":["WebPage","ItemPage"],"@id":"https:\/\/www.mexicanguitarplayers.com\/tienda\/accesorios\/estuches-y-fundas\/varios-estuches-y-fundas\/estuche-gator-p-bajo-gc-bajosexto-xl\/","url":"https:\/\/www.mexicanguitarplayers.com\/tienda\/accesorios\/estuches-y-fundas\/varios-estuches-y-fundas\/estuche-gator-p-bajo-gc-bajosexto-xl\/","name":"ESTUCHE GATOR P\/BAJO GC-BAJOSEXTO-XL - Mexican Guitar Players","isPartOf":{"@id":"https:\/\/www.mexicanguitarplayers.com\/#website"},"primaryImageOfPage":{"@id":"https:\/\/www.mexicanguitarplayers.com\/tienda\/accesorios\/estuches-y-fundas\/varios-estuches-y-fundas\/estuche-gator-p-bajo-gc-bajosexto-xl\/#primaryimage"},"image":{"@id":"https:\/\/www.mexicanguitarplayers.com\/tienda\/accesorios\/estuches-y-fundas\/varios-estuches-y-fundas\/estuche-gator-p-bajo-gc-bajosexto-xl\/#primaryimage"},"thumbnailUrl":"https:\/\/www.mexicanguitarplayers.com\/wp-content\/uploads\/2022\/08\/VAGATGCBAJOSEX.jpg","datePublished":"2022-08-18T21:09:03+00:00","dateModified":"2026-04-15T19:15:13+00:00","description":"ESTUCHE GATOR P\/BAJO GC-BAJOSEXTO-XL. Estuche para bajo sexto, moldeado de lujo, carcasa exterior moldeada de pl\u00e1stico ABS resistente a los impactos para un exterior ultra duradero, espuma EPS y forro de felpa que brindan una protecci\u00f3n interior segura contra rayones y rasgu\u00f1os, espacioso compartimento interior para almacenamiento que ofrece compartimentos seguros para accesorios, cuerdas, p\u00faas y accesorios, mangos reforzados extra fuertes que ofrecen un agarre firme, marco de aluminio de uso rudo que mantienen el cerrojo alineado, protegen los bordes exteriores y refuerzan la resistencia general de la carcasa, pestillos con cerradura cromados que mantienen tu instrumento en su lugar de forma segura en todo momento, asa resistente y cuna acolchada.","breadcrumb":{"@id":"https:\/\/www.mexicanguitarplayers.com\/tienda\/accesorios\/estuches-y-fundas\/varios-estuches-y-fundas\/estuche-gator-p-bajo-gc-bajosexto-xl\/#breadcrumb"},"inLanguage":"en-US","potentialAction":[{"@type":"ReadAction","target":["https:\/\/www.mexicanguitarplayers.com\/tienda\/accesorios\/estuches-y-fundas\/varios-estuches-y-fundas\/estuche-gator-p-bajo-gc-bajosexto-xl\/"]}]},{"@type":"ImageObject","inLanguage":"en-US","@id":"https:\/\/www.mexicanguitarplayers.com\/tienda\/accesorios\/estuches-y-fundas\/varios-estuches-y-fundas\/estuche-gator-p-bajo-gc-bajosexto-xl\/#primaryimage","url":"https:\/\/www.mexicanguitarplayers.com\/wp-content\/uploads\/2022\/08\/VAGATGCBAJOSEX.jpg","contentUrl":"https:\/\/www.mexicanguitarplayers.com\/wp-content\/uploads\/2022\/08\/VAGATGCBAJOSEX.jpg","width":1200,"height":1200},{"@type":"BreadcrumbList","@id":"https:\/\/www.mexicanguitarplayers.com\/tienda\/accesorios\/estuches-y-fundas\/varios-estuches-y-fundas\/estuche-gator-p-bajo-gc-bajosexto-xl\/#breadcrumb","itemListElement":[{"@type":"ListItem","position":1,"name":"Portada","item":"https:\/\/www.mexicanguitarplayers.com\/"},{"@type":"ListItem","position":2,"name":"Tienda","item":"https:\/\/www.mexicanguitarplayers.com\/tienda\/"},{"@type":"ListItem","position":3,"name":"ESTUCHE GATOR P\/BAJO GC-BAJOSEXTO-XL"}]},{"@type":"WebSite","@id":"https:\/\/www.mexicanguitarplayers.com\/#website","url":"https:\/\/www.mexicanguitarplayers.com\/","name":"Mexican Guitar Players","description":"Website","publisher":{"@id":"https:\/\/www.mexicanguitarplayers.com\/#organization"},"potentialAction":[{"@type":"SearchAction","target":{"@type":"EntryPoint","urlTemplate":"https:\/\/www.mexicanguitarplayers.com\/?s={search_term_string}"},"query-input":{"@type":"PropertyValueSpecification","valueRequired":true,"valueName":"search_term_string"}}],"inLanguage":"en-US"},{"@type":"Organization","@id":"https:\/\/www.mexicanguitarplayers.com\/#organization","name":"Mexican Guitar Players","url":"https:\/\/www.mexicanguitarplayers.com\/","logo":{"@type":"ImageObject","inLanguage":"en-US","@id":"https:\/\/www.mexicanguitarplayers.com\/#\/schema\/logo\/image\/","url":"","contentUrl":"","caption":"Mexican Guitar Players"},"image":{"@id":"https:\/\/www.mexicanguitarplayers.com\/#\/schema\/logo\/image\/"}}]}},"brands":[{"id":572,"name":"GATOR","slug":"gator"}],"_links":{"self":[{"href":"https:\/\/www.mexicanguitarplayers.com\/en\/wp-json\/wp\/v2\/product\/15753","targetHints":{"allow":["GET"]}}],"collection":[{"href":"https:\/\/www.mexicanguitarplayers.com\/en\/wp-json\/wp\/v2\/product"}],"about":[{"href":"https:\/\/www.mexicanguitarplayers.com\/en\/wp-json\/wp\/v2\/types\/product"}],"replies":[{"embeddable":true,"href":"https:\/\/www.mexicanguitarplayers.com\/en\/wp-json\/wp\/v2\/comments?post=15753"}],"wp:featuredmedia":[{"embeddable":true,"href":"https:\/\/www.mexicanguitarplayers.com\/en\/wp-json\/wp\/v2\/media\/15752"}],"wp:attachment":[{"href":"https:\/\/www.mexicanguitarplayers.com\/en\/wp-json\/wp\/v2\/media?parent=15753"}],"wp:term":[{"taxonomy":"pwb-brand","embeddable":true,"href":"https:\/\/www.mexicanguitarplayers.com\/en\/wp-json\/wp\/v2\/pwb-brand?post=15753"},{"taxonomy":"product_brand","embeddable":true,"href":"https:\/\/www.mexicanguitarplayers.com\/en\/wp-json\/wp\/v2\/product_brand?post=15753"},{"taxonomy":"product_cat","embeddable":true,"href":"https:\/\/www.mexicanguitarplayers.com\/en\/wp-json\/wp\/v2\/product_cat?post=15753"},{"taxonomy":"product_tag","embeddable":true,"href":"https:\/\/www.mexicanguitarplayers.com\/en\/wp-json\/wp\/v2\/product_tag?post=15753"}],"curies":[{"name":"wp","href":"https:\/\/api.w.org\/{rel}","templated":true}]}}